{"id":11365,"date":"2017-10-27T11:56:51","date_gmt":"2017-10-27T09:56:51","guid":{"rendered":"http:\/\/orthodoxia.be\/?page_id=11365"},"modified":"2021-04-16T13:52:53","modified_gmt":"2021-04-16T11:52:53","slug":"seine-eminenz-der-hochwuerdige-metropolit-von-belgien-exarch-von-niederlanden-und-luxemburg-h-athenagoras-peckstadt","status":"publish","type":"page","link":"https:\/\/orthodoxia.be\/de\/seine-eminenz-der-hochwuerdige-metropolit-von-belgien-exarch-von-niederlanden-und-luxemburg-h-athenagoras-peckstadt\/","title":{"rendered":"Seine Eminenz  der hochw\u00fcrdigste Metropolit  von Belgien  Exarch  von. Niederlanden und Luxemburg H. Athenagoras (Peckstadt)"},"content":{"rendered":"<p style=\"text-align: justify;\"><strong>Seine \u00a0Eminenz der Metropolit \u00a0von Belgien, Exarch von Niederlanden und Luxemburg, H. Athenagoras<\/strong>, wurde in Gent in Belgien im Jahr 1962 geboren. Nach dem Abitur absolvierte er das Jurastudium an der Universit\u00e4t in Gent. Anschlie\u00dfend folgte das Studium der Theologie an der Universit\u00e4t von Thessaloniki. Das Studium der Theologie absolvierte er dort mit besten Auszeichnung. Ein weiteres Studium erfolgte beim \u00d6kumenischem Institut \u00a0\u0392\u03bfssey \u00a0in der Schweiz. Die Diakonweihe fand am 12 November 1989 von dem damaligen Metropoliten Philadelpheias und heute \u00d6kumenischem Patriarchen H. H. Bartholomaios,mit dem neuen Namen Athenagoras. Er diente in der Heiligen Metropolie von Belgien als Erzdiakon bis zur seiner Weihe zum Presbyter, die am 17 M\u00e4rz 1996, von dem Metropoliten von Belgien H. Panteleimon, statt fand. Sechs Monate sp\u00e4ter wurde ihm die Auszeichnung des Archimandriten verliehen. Zur gleichen Zeit bekam er auch die \u00a0Aufgaben des erzpriesterlichens Generals und war zust\u00e4ndig f\u00fcr die franz\u00f6sisch- und fl\u00e4mmischsprachigen \u00a0Gemeinden immer in Zusammenarbeit mit dem Metropoliten. \u00a0F\u00fcnf Jahren lang, unterrichtete er, den orthodoxen Religionsunterricht, in verschiedenen Gymnasien in Flandern. Im Jahr 1994\u00fcbernahm er die Produktion von Radio- und Fernsehensendungen der Orthodoxen Kirche beim A Programm der st\u00e4ttischen Sendern. Mit Beschlu\u00df der Heiligen Synode des \u00d6kumenischen Patriarchates, wurde er im gleichen Jahr Mitarbeiter \u00a0des neu gegr\u00fcndeten \u00a0B\u00fcros der Orthodoxen Kirche an der Europ\u00e4ischen Union. Im Jahr 1995, auf eigene Initiative,mit Erlaubnis und Segen des Metropoliten von Belgien-wurde die Kirchengemeinde der Heiligen Konstantin und Helena in Brugge gegr\u00fcndet. Er bekam auch die \u00a0priesterliche Leitung dieser Gemeinde. Im Jahre 2001 gr\u00fcndete er die Kirchengemeinde der Heiligen Kyrill und Methodios in Ostende. Seit Vielen Jahren \u00a0dient er \u00a0als zust\u00e4ndiger Orthodoxer Pfarrer( im internationalen Flughafen von Br\u00fcssel. In Belgien ist er Mitglied diversen Gruppen \u00f6kumenischen Charakters. Er nahm in Vertretungen \u00a0und Aufgaben des Patriarchates und in Interorthodoxen und Interchristlichen Treffen und Konferenzen \u00a0teil. Am 13 Mai 2003 wurde er vollz\u00e4hlig gew\u00e4hlt zum Bischof von Sinopi, Weihbischof Assistent des Metropoliten \u00a0von Belgien H. Panteleimon,unter den Titel Sinopis. Die \u00a0Bischofsweihe fand am 22 Juni statt. W\u00e4hrend ihrer Tagung die am 27 November 2013 statt fand, genehmigte die Heilige Synode des \u00d6kumenischen Patriarchates von Konstantinopel den R\u00fccktrittsgesuch aus Gesundheitsgr\u00fcnde des Metropoliten von Belgien H. Panteleimon und w\u00e4hlte einstimmig neuen Metropoliten von Belgien und Exarch von Niederlanden und Luxemburg den damaligen Bischof von Sinopi H. Athenagoras. Seine Enthronisation fand am 21 Dezember 2013 statt.<\/p>\n<p style=\"text-align: justify;\"><u>Post Adresse:<\/u><br \/>\nAvenue Charbo 71<br \/>\n1030 Bruxelles<br \/>\nBelgique<br \/>\nTel.: + 32.2\/736.52.78<br \/>\nE-mail:\u00a0<a href=\"mailto:info@orthodoxia.be\">info@orthodoxia.be<\/a><\/p>\n<p style=\"text-align: justify;\"><u>Namenstag<\/u>:\u00a024 Juli<br \/>\n<u>Bischofsweihe:\u00a0<\/u>22 Juni \u00a0 2003<\/p>\n","protected":false},"excerpt":{"rendered":"<p>Seine \u00a0Eminenz der Metropolit \u00a0von Belgien, Exarch von Niederlanden und Luxemburg, H. Athenagoras, wurde in Gent in Belgien im Jahr 1962 geboren. Nach dem Abitur absolvierte er das Jurastudium an der Universit\u00e4t in Gent. Anschlie\u00dfend folgte das Studium der Theologie an der Universit\u00e4t von Thessaloniki. Das Studium der Theologie absolvierte er dort mit besten Auszeichnung. &hellip; <a href=\"https:\/\/orthodoxia.be\/de\/seine-eminenz-der-hochwuerdige-metropolit-von-belgien-exarch-von-niederlanden-und-luxemburg-h-athenagoras-peckstadt\/\">Continued<\/a><\/p>\n","protected":false},"author":9,"featured_media":4942,"parent":0,"menu_order":3,"comment_status":"closed","ping_status":"closed","template":"","meta":{"_acf_changed":false,"footnotes":""},"class_list":["post-11365","page","type-page","status-publish","has-post-thumbnail","hentry"],"acf":[],"yoast_head":"<!-- This site is optimized with the Yoast SEO plugin v24.3 - https:\/\/yoast.com\/wordpress\/plugins\/seo\/ -->\n<title>Seine Eminenz der hochw\u00fcrdigste Metropolit von Belgien Exarch von. Niederlanden und Luxemburg H. Athenagoras (Peckstadt) - Orthodox Archdiocese of Belgium<\/title>\n<meta name=\"robots\" content=\"index, follow, max-snippet:-1, max-image-preview:large, max-video-preview:-1\" \/>\n<link rel=\"canonical\" href=\"https:\/\/orthodoxia.be\/de\/seine-eminenz-der-hochwuerdige-metropolit-von-belgien-exarch-von-niederlanden-und-luxemburg-h-athenagoras-peckstadt\/\" \/>\n<meta property=\"og:locale\" content=\"de_DE\" \/>\n<meta property=\"og:type\" content=\"article\" \/>\n<meta property=\"og:title\" content=\"Seine Eminenz der hochw\u00fcrdigste Metropolit von Belgien Exarch von. Niederlanden und Luxemburg H. Athenagoras (Peckstadt) - Orthodox Archdiocese of Belgium\" \/>\n<meta property=\"og:description\" content=\"Seine \u00a0Eminenz der Metropolit \u00a0von Belgien, Exarch von Niederlanden und Luxemburg, H. Athenagoras, wurde in Gent in Belgien im Jahr 1962 geboren. Nach dem Abitur absolvierte er das Jurastudium an der Universit\u00e4t in Gent. Anschlie\u00dfend folgte das Studium der Theologie an der Universit\u00e4t von Thessaloniki. Das Studium der Theologie absolvierte er dort mit besten Auszeichnung. &hellip; Continued\" \/>\n<meta property=\"og:url\" content=\"https:\/\/orthodoxia.be\/de\/seine-eminenz-der-hochwuerdige-metropolit-von-belgien-exarch-von-niederlanden-und-luxemburg-h-athenagoras-peckstadt\/\" \/>\n<meta property=\"og:site_name\" content=\"Orthodox Archdiocese of Belgium\" \/>\n<meta property=\"article:publisher\" content=\"https:\/\/www.facebook.com\/orthobel\" \/>\n<meta property=\"article:modified_time\" content=\"2021-04-16T11:52:53+00:00\" \/>\n<meta property=\"og:image\" content=\"https:\/\/orthodoxia.be\/wp-content\/uploads\/2017\/10\/athenagoras-belgiou-e1537778200617.jpg\" \/>\n\t<meta property=\"og:image:width\" content=\"500\" \/>\n\t<meta property=\"og:image:height\" content=\"755\" \/>\n\t<meta property=\"og:image:type\" content=\"image\/jpeg\" \/>\n<meta name=\"twitter:card\" content=\"summary_large_image\" \/>\n<meta name=\"twitter:site\" content=\"@orthobel\" \/>\n<meta name=\"twitter:label1\" content=\"Gesch\u00e4tzte Lesezeit\" \/>\n\t<meta name=\"twitter:data1\" content=\"2\u00a0Minuten\" \/>\n<script type=\"application\/ld+json\" class=\"yoast-schema-graph\">{\"@context\":\"https:\/\/schema.org\",\"@graph\":[{\"@type\":\"WebPage\",\"@id\":\"https:\/\/orthodoxia.be\/de\/seine-eminenz-der-hochwuerdige-metropolit-von-belgien-exarch-von-niederlanden-und-luxemburg-h-athenagoras-peckstadt\/\",\"url\":\"https:\/\/orthodoxia.be\/de\/seine-eminenz-der-hochwuerdige-metropolit-von-belgien-exarch-von-niederlanden-und-luxemburg-h-athenagoras-peckstadt\/\",\"name\":\"Seine Eminenz der hochw\u00fcrdigste Metropolit von Belgien Exarch von. Niederlanden und Luxemburg H. Athenagoras (Peckstadt) - Orthodox Archdiocese of Belgium\",\"isPartOf\":{\"@id\":\"https:\/\/orthodoxia.be\/#website\"},\"primaryImageOfPage\":{\"@id\":\"https:\/\/orthodoxia.be\/de\/seine-eminenz-der-hochwuerdige-metropolit-von-belgien-exarch-von-niederlanden-und-luxemburg-h-athenagoras-peckstadt\/#primaryimage\"},\"image\":{\"@id\":\"https:\/\/orthodoxia.be\/de\/seine-eminenz-der-hochwuerdige-metropolit-von-belgien-exarch-von-niederlanden-und-luxemburg-h-athenagoras-peckstadt\/#primaryimage\"},\"thumbnailUrl\":\"https:\/\/orthodoxia.be\/wp-content\/uploads\/2017\/10\/athenagoras-belgiou-e1537778200617.jpg\",\"datePublished\":\"2017-10-27T09:56:51+00:00\",\"dateModified\":\"2021-04-16T11:52:53+00:00\",\"breadcrumb\":{\"@id\":\"https:\/\/orthodoxia.be\/de\/seine-eminenz-der-hochwuerdige-metropolit-von-belgien-exarch-von-niederlanden-und-luxemburg-h-athenagoras-peckstadt\/#breadcrumb\"},\"inLanguage\":\"de\",\"potentialAction\":[{\"@type\":\"ReadAction\",\"target\":[\"https:\/\/orthodoxia.be\/de\/seine-eminenz-der-hochwuerdige-metropolit-von-belgien-exarch-von-niederlanden-und-luxemburg-h-athenagoras-peckstadt\/\"]}]},{\"@type\":\"ImageObject\",\"inLanguage\":\"de\",\"@id\":\"https:\/\/orthodoxia.be\/de\/seine-eminenz-der-hochwuerdige-metropolit-von-belgien-exarch-von-niederlanden-und-luxemburg-h-athenagoras-peckstadt\/#primaryimage\",\"url\":\"https:\/\/orthodoxia.be\/wp-content\/uploads\/2017\/10\/athenagoras-belgiou-e1537778200617.jpg\",\"contentUrl\":\"https:\/\/orthodoxia.be\/wp-content\/uploads\/2017\/10\/athenagoras-belgiou-e1537778200617.jpg\",\"width\":500,\"height\":755},{\"@type\":\"BreadcrumbList\",\"@id\":\"https:\/\/orthodoxia.be\/de\/seine-eminenz-der-hochwuerdige-metropolit-von-belgien-exarch-von-niederlanden-und-luxemburg-h-athenagoras-peckstadt\/#breadcrumb\",\"itemListElement\":[{\"@type\":\"ListItem\",\"position\":1,\"name\":\"Home\",\"item\":\"https:\/\/orthodoxia.be\/\"},{\"@type\":\"ListItem\",\"position\":2,\"name\":\"Seine Eminenz der hochw\u00fcrdigste Metropolit von Belgien Exarch von. Niederlanden und Luxemburg H. Athenagoras (Peckstadt)\"}]},{\"@type\":\"WebSite\",\"@id\":\"https:\/\/orthodoxia.be\/#website\",\"url\":\"https:\/\/orthodoxia.be\/\",\"name\":\"Orthodox Archdiocese of Belgium (Benelux)\",\"description\":\"Orthodox Archdiocese of Belgium\",\"publisher\":{\"@id\":\"https:\/\/orthodoxia.be\/#organization\"},\"alternateName\":\"IMB\",\"potentialAction\":[{\"@type\":\"SearchAction\",\"target\":{\"@type\":\"EntryPoint\",\"urlTemplate\":\"https:\/\/orthodoxia.be\/?s={search_term_string}\"},\"query-input\":{\"@type\":\"PropertyValueSpecification\",\"valueRequired\":true,\"valueName\":\"search_term_string\"}}],\"inLanguage\":\"de\"},{\"@type\":\"Organization\",\"@id\":\"https:\/\/orthodoxia.be\/#organization\",\"name\":\"Orthodox Archdiocese of Belgium (Benelux)\",\"url\":\"https:\/\/orthodoxia.be\/\",\"logo\":{\"@type\":\"ImageObject\",\"inLanguage\":\"de\",\"@id\":\"https:\/\/orthodoxia.be\/#\/schema\/logo\/image\/\",\"url\":\"https:\/\/orthodoxia.be\/wp-content\/uploads\/2024\/02\/cropped-IMB-logo-512-cl-1.png\",\"contentUrl\":\"https:\/\/orthodoxia.be\/wp-content\/uploads\/2024\/02\/cropped-IMB-logo-512-cl-1.png\",\"width\":512,\"height\":512,\"caption\":\"Orthodox Archdiocese of Belgium (Benelux)\"},\"image\":{\"@id\":\"https:\/\/orthodoxia.be\/#\/schema\/logo\/image\/\"},\"sameAs\":[\"https:\/\/www.facebook.com\/orthobel\",\"https:\/\/x.com\/orthobel\",\"https:\/\/www.youtube.com\/c\/orthobel\",\"https:\/\/www.mixcloud.com\/orthobel\/\",\"https:\/\/www.flickr.com\/photos\/148264890@N07\/albums\",\"https:\/\/www.dailymotion.com\/Orthobel\"]}]}<\/script>\n<!-- \/ Yoast SEO plugin. -->","yoast_head_json":{"title":"Seine Eminenz der hochw\u00fcrdigste Metropolit von Belgien Exarch von. Niederlanden und Luxemburg H. Athenagoras (Peckstadt) - Orthodox Archdiocese of Belgium","robots":{"index":"index","follow":"follow","max-snippet":"max-snippet:-1","max-image-preview":"max-image-preview:large","max-video-preview":"max-video-preview:-1"},"canonical":"https:\/\/orthodoxia.be\/de\/seine-eminenz-der-hochwuerdige-metropolit-von-belgien-exarch-von-niederlanden-und-luxemburg-h-athenagoras-peckstadt\/","og_locale":"de_DE","og_type":"article","og_title":"Seine Eminenz der hochw\u00fcrdigste Metropolit von Belgien Exarch von. Niederlanden und Luxemburg H. Athenagoras (Peckstadt) - Orthodox Archdiocese of Belgium","og_description":"Seine \u00a0Eminenz der Metropolit \u00a0von Belgien, Exarch von Niederlanden und Luxemburg, H. Athenagoras, wurde in Gent in Belgien im Jahr 1962 geboren. Nach dem Abitur absolvierte er das Jurastudium an der Universit\u00e4t in Gent. Anschlie\u00dfend folgte das Studium der Theologie an der Universit\u00e4t von Thessaloniki. Das Studium der Theologie absolvierte er dort mit besten Auszeichnung. &hellip; Continued","og_url":"https:\/\/orthodoxia.be\/de\/seine-eminenz-der-hochwuerdige-metropolit-von-belgien-exarch-von-niederlanden-und-luxemburg-h-athenagoras-peckstadt\/","og_site_name":"Orthodox Archdiocese of Belgium","article_publisher":"https:\/\/www.facebook.com\/orthobel","article_modified_time":"2021-04-16T11:52:53+00:00","og_image":[{"width":500,"height":755,"url":"https:\/\/orthodoxia.be\/wp-content\/uploads\/2017\/10\/athenagoras-belgiou-e1537778200617.jpg","type":"image\/jpeg"}],"twitter_card":"summary_large_image","twitter_site":"@orthobel","twitter_misc":{"Gesch\u00e4tzte Lesezeit":"2\u00a0Minuten"},"schema":{"@context":"https:\/\/schema.org","@graph":[{"@type":"WebPage","@id":"https:\/\/orthodoxia.be\/de\/seine-eminenz-der-hochwuerdige-metropolit-von-belgien-exarch-von-niederlanden-und-luxemburg-h-athenagoras-peckstadt\/","url":"https:\/\/orthodoxia.be\/de\/seine-eminenz-der-hochwuerdige-metropolit-von-belgien-exarch-von-niederlanden-und-luxemburg-h-athenagoras-peckstadt\/","name":"Seine Eminenz der hochw\u00fcrdigste Metropolit von Belgien Exarch von. Niederlanden und Luxemburg H. Athenagoras (Peckstadt) - Orthodox Archdiocese of Belgium","isPartOf":{"@id":"https:\/\/orthodoxia.be\/#website"},"primaryImageOfPage":{"@id":"https:\/\/orthodoxia.be\/de\/seine-eminenz-der-hochwuerdige-metropolit-von-belgien-exarch-von-niederlanden-und-luxemburg-h-athenagoras-peckstadt\/#primaryimage"},"image":{"@id":"https:\/\/orthodoxia.be\/de\/seine-eminenz-der-hochwuerdige-metropolit-von-belgien-exarch-von-niederlanden-und-luxemburg-h-athenagoras-peckstadt\/#primaryimage"},"thumbnailUrl":"https:\/\/orthodoxia.be\/wp-content\/uploads\/2017\/10\/athenagoras-belgiou-e1537778200617.jpg","datePublished":"2017-10-27T09:56:51+00:00","dateModified":"2021-04-16T11:52:53+00:00","breadcrumb":{"@id":"https:\/\/orthodoxia.be\/de\/seine-eminenz-der-hochwuerdige-metropolit-von-belgien-exarch-von-niederlanden-und-luxemburg-h-athenagoras-peckstadt\/#breadcrumb"},"inLanguage":"de","potentialAction":[{"@type":"ReadAction","target":["https:\/\/orthodoxia.be\/de\/seine-eminenz-der-hochwuerdige-metropolit-von-belgien-exarch-von-niederlanden-und-luxemburg-h-athenagoras-peckstadt\/"]}]},{"@type":"ImageObject","inLanguage":"de","@id":"https:\/\/orthodoxia.be\/de\/seine-eminenz-der-hochwuerdige-metropolit-von-belgien-exarch-von-niederlanden-und-luxemburg-h-athenagoras-peckstadt\/#primaryimage","url":"https:\/\/orthodoxia.be\/wp-content\/uploads\/2017\/10\/athenagoras-belgiou-e1537778200617.jpg","contentUrl":"https:\/\/orthodoxia.be\/wp-content\/uploads\/2017\/10\/athenagoras-belgiou-e1537778200617.jpg","width":500,"height":755},{"@type":"BreadcrumbList","@id":"https:\/\/orthodoxia.be\/de\/seine-eminenz-der-hochwuerdige-metropolit-von-belgien-exarch-von-niederlanden-und-luxemburg-h-athenagoras-peckstadt\/#breadcrumb","itemListElement":[{"@type":"ListItem","position":1,"name":"Home","item":"https:\/\/orthodoxia.be\/"},{"@type":"ListItem","position":2,"name":"Seine Eminenz der hochw\u00fcrdigste Metropolit von Belgien Exarch von. Niederlanden und Luxemburg H. Athenagoras (Peckstadt)"}]},{"@type":"WebSite","@id":"https:\/\/orthodoxia.be\/#website","url":"https:\/\/orthodoxia.be\/","name":"Orthodox Archdiocese of Belgium (Benelux)","description":"Orthodox Archdiocese of Belgium","publisher":{"@id":"https:\/\/orthodoxia.be\/#organization"},"alternateName":"IMB","potentialAction":[{"@type":"SearchAction","target":{"@type":"EntryPoint","urlTemplate":"https:\/\/orthodoxia.be\/?s={search_term_string}"},"query-input":{"@type":"PropertyValueSpecification","valueRequired":true,"valueName":"search_term_string"}}],"inLanguage":"de"},{"@type":"Organization","@id":"https:\/\/orthodoxia.be\/#organization","name":"Orthodox Archdiocese of Belgium (Benelux)","url":"https:\/\/orthodoxia.be\/","logo":{"@type":"ImageObject","inLanguage":"de","@id":"https:\/\/orthodoxia.be\/#\/schema\/logo\/image\/","url":"https:\/\/orthodoxia.be\/wp-content\/uploads\/2024\/02\/cropped-IMB-logo-512-cl-1.png","contentUrl":"https:\/\/orthodoxia.be\/wp-content\/uploads\/2024\/02\/cropped-IMB-logo-512-cl-1.png","width":512,"height":512,"caption":"Orthodox Archdiocese of Belgium (Benelux)"},"image":{"@id":"https:\/\/orthodoxia.be\/#\/schema\/logo\/image\/"},"sameAs":["https:\/\/www.facebook.com\/orthobel","https:\/\/x.com\/orthobel","https:\/\/www.youtube.com\/c\/orthobel","https:\/\/www.mixcloud.com\/orthobel\/","https:\/\/www.flickr.com\/photos\/148264890@N07\/albums","https:\/\/www.dailymotion.com\/Orthobel"]}]}},"_links":{"self":[{"href":"https:\/\/orthodoxia.be\/de\/wp-json\/wp\/v2\/pages\/11365","targetHints":{"allow":["GET"]}}],"collection":[{"href":"https:\/\/orthodoxia.be\/de\/wp-json\/wp\/v2\/pages"}],"about":[{"href":"https:\/\/orthodoxia.be\/de\/wp-json\/wp\/v2\/types\/page"}],"author":[{"embeddable":true,"href":"https:\/\/orthodoxia.be\/de\/wp-json\/wp\/v2\/users\/9"}],"replies":[{"embeddable":true,"href":"https:\/\/orthodoxia.be\/de\/wp-json\/wp\/v2\/comments?post=11365"}],"version-history":[{"count":11,"href":"https:\/\/orthodoxia.be\/de\/wp-json\/wp\/v2\/pages\/11365\/revisions"}],"predecessor-version":[{"id":30996,"href":"https:\/\/orthodoxia.be\/de\/wp-json\/wp\/v2\/pages\/11365\/revisions\/30996"}],"wp:featuredmedia":[{"embeddable":true,"href":"https:\/\/orthodoxia.be\/de\/wp-json\/wp\/v2\/media\/4942"}],"wp:attachment":[{"href":"https:\/\/orthodoxia.be\/de\/wp-json\/wp\/v2\/media?parent=11365"}],"curies":[{"name":"wp","href":"https:\/\/api.w.org\/{rel}","templated":true}]}}