{"id":15771,"date":"2018-01-11T14:15:27","date_gmt":"2018-01-11T13:15:27","guid":{"rendered":"http:\/\/orthodoxia.be\/?page_id=15771"},"modified":"2019-01-17T13:26:55","modified_gmt":"2019-01-17T12:26:55","slug":"beschluss-der-4en-panorthodoxen-prekonziliaeren-konferenz","status":"publish","type":"page","link":"https:\/\/orthodoxia.be\/de\/beschluss-der-4en-panorthodoxen-prekonziliaeren-konferenz\/","title":{"rendered":"Beschluss der 4en Panorthodoxen Prekonzili\u00e4ren Konferenz"},"content":{"rendered":"<h2 style=\"text-align: center;\"><strong>Beschluss der 4en Panorthodoxen Prekonzili\u00e4ren Konferenz<\/strong><\/h2>\n<p style=\"text-align: justify;\">Im Juni des Jahres 2009 hat\u00a0 die 4e Panorthodoxe Prekonzili\u00e4re Konferenz stattgefunden, beim Orthodoxen Zentrum des \u00d6kumenischen Patriarchats in Chambesy in der Schweiz, in der\u00a0 alle die Autokefalen Orthodoxen Kirchen vertreten wurden,\u00a0 bearbeitete das Thema\u00a0 der kanonischer Organisation der Orthodoxen Diaspora.<\/p>\n<p style=\"text-align: justify;\">Es wurde einstimmig festgestellt, dass alle die\u00a0 Heiligen Orthodoxen Kirchen einverstanden waren, f\u00fcr\u00a0 die L\u00f6sung m\u00f6glichst bald des Problems der Orthodoxen Diaspora\u00a0 bez\u00fcglich der Orthodoxen Eklessiologie und \u00dcberlieferung und kanonischen Praxis der Orthodoxen Kirche.<\/p>\n<p style=\"text-align: justify;\">Bemerkt wurde auch dass, w\u00e4hrend der gegenw\u00e4rtigen zeitlichen\u00a0 Phase, nicht m\u00f6glich ist,\u00a0 aus historischen und\u00a0 pastoralen Gr\u00fcnden, umgesetzt zu werden sofort in der strengen kanonischen Ordnung der Kirche bei diesem Thema, also in der Anwesenheit eines nur Bischofs in einem geographischem Ort. Daf\u00fcr kam es zum Vorschlag einer \u00dcbergangssituation, zur Vorbereitung des Bodens f\u00fcr einer exakten kanonischen L\u00f6sung des Themas, basierend aus Prinzipien und Richtlinien die\u00a0 des weiteren\u00a0 bestimmt werden. Diese vorbereitende Periode sollte nicht \u00fcber des Datums gehen, wovon das Heilige und Gro\u00dfe Panorthodoxes Konzil\u00a0 der Orthodoxen Kirche stattfinden damit es dorthin die kanonische L\u00f6sung dieses Problems gegeben.\u00a0 Heute aber diese Periode wurde schon \u00fcberholt.<\/p>\n<p style=\"text-align: justify;\">Die 4e\u00a0 Panorthodoxe Prekonzili\u00e4re Konferenz hatte vorgeschlagen f\u00fcr die \u00dcbergangsperiode der Vorbereitung der kanonischen L\u00f6sung,die Schaffung in 13 geographisch bestimmten Orten &#8220;Bisch\u00f6flichen Konferenzen&#8221;, wo sich die Bisch\u00f6fe der kanonischen diesen Orten versammeln, und die weiterhin kanonisch angeh\u00f6ren, genau\u00a0 wie es bis heute geschieht. Diese Bisch\u00f6flichen Konferenzen haben als Vorsteher den ersten zwischen den Hierarchen der Kirche von Konstantinopel, und bei seiner Abwesenheit, geht nach der Reihe der Diptichen. Es gibt\u00a0 ein Umsetzungskomitee bestehend aus den ersten Hierarchen der verschiedenen Jurisdiktien in jeweiligem Ort.<\/p>\n<p style=\"text-align: justify;\">Die Bisch\u00f6flichen Konferenzen tragen die Verantwortung und aufwachen f\u00fcr die Pr\u00e4senz\u00a0 der Einheit der Orthodoxie und entwickeln gemeinsamen Aktionen aller Orthodoxen zu dem\u00a0 Umgang mit\u00a0 pastoralen Sorgen\u00a0 der\u00a0 Orthodoxen\u00a0 der in ihren Gemeinden leben, um gemeinsam zu vertreten\u00a0 allen Orthodoxen gegen\u00fcber\u00a0 Andersglaubenden\u00a0 und gesamt der Gesellschaft\u00a0 in ihren Orten, um zu pflegen die theologischen Schriften\u00a0 und die religi\u00f6sen Bildung und usw. Die Entscheidungen f\u00fcr diesen Themen werden von\u00a0 den Kirchen zugestimmt, die in den jeweiligen Bisch\u00f6flichen Konferenzen vertreten\u00a0 sind.<\/p>\n<p style=\"text-align: justify;\">Die erste Bisch\u00f6fliche Konferenz der orthodoxen Bisch\u00f6fen Benelux( Belgien, Niederlanden und Luxemburg)hat am 23 Juni 2010 in Br\u00fcssel stattgefunden\u00a0 nach Einladung und\u00a0 mit Vorsteher seiner Eminenz den Metropoliten Panteleimon, als Metropolit von Belgien(\u00d6kumenisches Patriarchat) \u00a0 Der Tag vom 23 Juni ist es,so wie es ergibt\u00a0 der Tag der Gr\u00fcndung der Orthodoxen Bischofskonferenz Benelux .\u00a0 Das Zusammentreffen der Orthodoxen\u00a0 Bisch\u00f6fen\u00a0 macht m\u00f6glich und deutlich die Pr\u00e4senz der Einheit der Orthodoxie in Benelux.<\/p>\n<p style=\"text-align: justify;\">In seiner Er\u00f6ffnungsansprache seiner Eminenz der damaliger\u00a0 Metropolit von Belgien H. Panteleimon(\u00d6kumenisches Patriarchat) sagte: &#8221; In der Wirklichkeit\u00a0 theologisch und sakramental gibt es nur eine Orthodoxe Kirche und darum m\u00fcssen\u00a0 wir zusammen wirken und koordinieren, damit wir ein gemeinsames \u00a0 Zeugnis\u00a0 als Antwort ablegen f\u00fcr die pastoralen Problemen der Gesellschaft, das Reichtum unserer Orthodoxie hervorzuheben.<\/p>\n<h2>Liste Hierarchen- Mitglieder<\/h2>\n<h3><b>A. \u00d6KUMENISCHES PATRIARCHAT<\/b><\/h3>\n<p>1.\u00a0<a href=\"\/?page_id=2100\"><b>Seine Eminenz Metropolit von Belgien, Exarch von Niederlanden und\u00a0 Luxemburg H. Athenagoras\u00a0 <\/b><\/a>(22.06.2003), Vorsitzender<\/p>\n<p>Avenue Charbo 71 \u2013 1030 Bruxelles.<br \/>\n\u03a4\u03b7\u03bb.: +32.2\/736.52.78, \u03a6\u03b1\u03be:+32.2\/735.32.64.<br \/>\nE-mail: belgiou@orthodoxia.be<\/p>\n<h3><b>B. PATRIARCHAT MOSKAU<\/b><\/h3>\n<p>2.<b> Panierotatos Erzbischof H.Simon. \u03a3\u03af\u00b5\u03c9\u03bd<\/b> (11.04.1987).<\/p>\n<p>Rue des Chevaliers 29 \u2013 1050 Bruxelles. \u03a4\u03b7\u03bb. et \u03a6\u03b1\u03be: +32.2\/513.33.74.<br \/>\nE-mail: info@archiepiskopia.be<\/p>\n<p>3.<b> Panierotatos Erzbischof\u00a0 Eliseos<\/b><br \/>\n1e Sweelinckstraat 54 &#8211;\u00a02517 GE Den Haag,\u00a0Nederland<br \/>\n\u03a4\u03b7\u03bb: +44 7795 225500<\/p>\n<p>E-mail: eparhia@orthodox.nl<\/p>\n<h3><b>C. PATRIARCHAT SERBIEN<\/b><\/h3>\n<p>4. <b>Theophilestatos Bischof Lukas<\/b> (17.08.1992).<\/p>\n<p>23 Rue du Simplon \u2013 75018 Paris France.<\/p>\n<p>\u03a4\u03b7\u03bb: +33.1\/42.52.99.90 \u03a6\u03b1\u03be:+33.1\/42.58.21.07.<\/p>\n<p>E-mail: info@egliseorthodoxeserbe.org<\/p>\n<h3><b>D. PATRIARCHAT RUM\u00c4NIEN<\/b><\/h3>\n<p>5. <b>Sevasmiotatos Metropolit H. Serafim.\u00a0 <\/b>(11.03.1990).<\/p>\n<p>Further Strasse 166 \u2013 90429 N\u00fcrnberg, Deutschland.<\/p>\n<p>\u03a4\u03b7\u03bb.:+49.91\/13.23.69.13 \u03a6\u03b1\u03be:+49.91\/13.23.69.12<\/p>\n<p>E-mail: serafim@mitropolia-ro.de<\/p>\n<p>6. <b>Sevasmiotatos Metropolit H.Josef<\/b> (15.03.1998).<\/p>\n<p>1, Bd du G\u00e9n\u00e9ral Leclerc \u2013 91470 Limours, France.<\/p>\n<p>\u03a4\u03b7\u03bb.: +33.1\/64.91.59.24 \u03a6\u03b1\u03be: +33.1\/64.91.26.83.<\/p>\n<p>E-mail: cabinet@mitropolia.eu<\/p>\n<h3><b>E. PATRIARCHAT BULGARIEN<\/b><\/h3>\n<p>7.<b> Sevasmiotatos Metropolit H. Antonios\u00a0<\/b> (23.03.2008).<\/p>\n<p>Krausenstr. 73, 10117 Berlin, Deutschland.<\/p>\n<p>\u03a4\u03b7\u03bb. et fax: +49.30\/208.61.46, \u03a4\u03b7\u03bb.:+49.30\/89.37.54.34. Mob: +49.152\/03.81.24.24.<\/p>\n<p>E-mail: antonie@abv.bg<\/p>\n<h3><b>F. PATRIARCHAT GEORGIEN<\/b><\/h3>\n<p>8. <b>Theophilestatos Bischof Dositheos<\/b> (15.06.2014).<\/p>\n<p>Rue de Gendebien 9 \u2013 1030 Bruxelles.<\/p>\n<p>\u03a4\u03b7\u03bb.:+32.2\/201.99.50.<\/p>\n<p>E-mail: dossiteozy@yahoo.fr<\/p>\n<p>VORSITZENDER<\/p>\n<p>MITGLIEDER<a href=\"\/?page_id=10836\"><\/a><\/p>\n<p>B\u00dcRO<\/p>\n<p><span style=\"background-color: #bfe6ff; color: #0b0196;\">GREMIEN<\/span><\/p>\n<p>KONTAKT<\/p>\n<p><a href=\"https:\/\/orthodoxia.be\/category\/epikairotita\/\u03bf\u03b5\u03c3\u03b2\/\">\u0391\u039d\u0391\u039a\u039f\u0399\u039d\u03a9\u03a3\u0395\u0399\u03a3<\/a><\/p>\n","protected":false},"excerpt":{"rendered":"<p>Beschluss der 4en Panorthodoxen Prekonzili\u00e4ren Konferenz Im Juni des Jahres 2009 hat\u00a0 die 4e Panorthodoxe Prekonzili\u00e4re Konferenz stattgefunden, beim Orthodoxen Zentrum des \u00d6kumenischen Patriarchats in Chambesy in der Schweiz, in der\u00a0 alle die Autokefalen Orthodoxen Kirchen vertreten wurden,\u00a0 bearbeitete das Thema\u00a0 der kanonischer Organisation der Orthodoxen Diaspora. Es wurde einstimmig festgestellt, dass alle die\u00a0 Heiligen &hellip; <a href=\"https:\/\/orthodoxia.be\/de\/beschluss-der-4en-panorthodoxen-prekonziliaeren-konferenz\/\">Continued<\/a><\/p>\n","protected":false},"author":2,"featured_media":49546,"parent":0,"menu_order":10,"comment_status":"closed","ping_status":"closed","template":"","meta":{"_acf_changed":false,"footnotes":""},"class_list":["post-15771","page","type-page","status-publish","has-post-thumbnail","hentry"],"acf":[],"yoast_head":"<!-- This site is optimized with the Yoast SEO plugin v24.3 - https:\/\/yoast.com\/wordpress\/plugins\/seo\/ -->\n<title>Beschluss der 4en Panorthodoxen Prekonzili\u00e4ren Konferenz - Orthodox Archdiocese of Belgium<\/title>\n<meta name=\"robots\" content=\"index, follow, max-snippet:-1, max-image-preview:large, max-video-preview:-1\" \/>\n<link rel=\"canonical\" href=\"https:\/\/orthodoxia.be\/de\/beschluss-der-4en-panorthodoxen-prekonziliaeren-konferenz\/\" \/>\n<meta property=\"og:locale\" content=\"de_DE\" \/>\n<meta property=\"og:type\" content=\"article\" \/>\n<meta property=\"og:title\" content=\"Beschluss der 4en Panorthodoxen Prekonzili\u00e4ren Konferenz - Orthodox Archdiocese of Belgium\" \/>\n<meta property=\"og:description\" content=\"Beschluss der 4en Panorthodoxen Prekonzili\u00e4ren Konferenz Im Juni des Jahres 2009 hat\u00a0 die 4e Panorthodoxe Prekonzili\u00e4re Konferenz stattgefunden, beim Orthodoxen Zentrum des \u00d6kumenischen Patriarchats in Chambesy in der Schweiz, in der\u00a0 alle die Autokefalen Orthodoxen Kirchen vertreten wurden,\u00a0 bearbeitete das Thema\u00a0 der kanonischer Organisation der Orthodoxen Diaspora. Es wurde einstimmig festgestellt, dass alle die\u00a0 Heiligen &hellip; Continued\" \/>\n<meta property=\"og:url\" content=\"https:\/\/orthodoxia.be\/de\/beschluss-der-4en-panorthodoxen-prekonziliaeren-konferenz\/\" \/>\n<meta property=\"og:site_name\" content=\"Orthodox Archdiocese of Belgium\" \/>\n<meta property=\"article:publisher\" content=\"https:\/\/www.facebook.com\/orthobel\" \/>\n<meta property=\"article:modified_time\" content=\"2019-01-17T12:26:55+00:00\" \/>\n<meta property=\"og:image\" content=\"https:\/\/orthodoxia.be\/wp-content\/uploads\/2017\/11\/8CEOB1.jpg\" \/>\n\t<meta property=\"og:image:width\" content=\"720\" \/>\n\t<meta property=\"og:image:height\" content=\"540\" \/>\n\t<meta property=\"og:image:type\" content=\"image\/jpeg\" \/>\n<meta name=\"twitter:card\" content=\"summary_large_image\" \/>\n<meta name=\"twitter:site\" content=\"@orthobel\" \/>\n<meta name=\"twitter:label1\" content=\"Gesch\u00e4tzte Lesezeit\" \/>\n\t<meta name=\"twitter:data1\" content=\"3\u00a0Minuten\" \/>\n<script type=\"application\/ld+json\" class=\"yoast-schema-graph\">{\"@context\":\"https:\/\/schema.org\",\"@graph\":[{\"@type\":\"WebPage\",\"@id\":\"https:\/\/orthodoxia.be\/de\/beschluss-der-4en-panorthodoxen-prekonziliaeren-konferenz\/\",\"url\":\"https:\/\/orthodoxia.be\/de\/beschluss-der-4en-panorthodoxen-prekonziliaeren-konferenz\/\",\"name\":\"Beschluss der 4en Panorthodoxen Prekonzili\u00e4ren Konferenz - Orthodox Archdiocese of Belgium\",\"isPartOf\":{\"@id\":\"https:\/\/orthodoxia.be\/#website\"},\"primaryImageOfPage\":{\"@id\":\"https:\/\/orthodoxia.be\/de\/beschluss-der-4en-panorthodoxen-prekonziliaeren-konferenz\/#primaryimage\"},\"image\":{\"@id\":\"https:\/\/orthodoxia.be\/de\/beschluss-der-4en-panorthodoxen-prekonziliaeren-konferenz\/#primaryimage\"},\"thumbnailUrl\":\"https:\/\/orthodoxia.be\/wp-content\/uploads\/2025\/06\/IMG_4462.jpg\",\"datePublished\":\"2018-01-11T13:15:27+00:00\",\"dateModified\":\"2019-01-17T12:26:55+00:00\",\"breadcrumb\":{\"@id\":\"https:\/\/orthodoxia.be\/de\/beschluss-der-4en-panorthodoxen-prekonziliaeren-konferenz\/#breadcrumb\"},\"inLanguage\":\"de\",\"potentialAction\":[{\"@type\":\"ReadAction\",\"target\":[\"https:\/\/orthodoxia.be\/de\/beschluss-der-4en-panorthodoxen-prekonziliaeren-konferenz\/\"]}]},{\"@type\":\"ImageObject\",\"inLanguage\":\"de\",\"@id\":\"https:\/\/orthodoxia.be\/de\/beschluss-der-4en-panorthodoxen-prekonziliaeren-konferenz\/#primaryimage\",\"url\":\"https:\/\/orthodoxia.be\/wp-content\/uploads\/2025\/06\/IMG_4462.jpg\",\"contentUrl\":\"https:\/\/orthodoxia.be\/wp-content\/uploads\/2025\/06\/IMG_4462.jpg\",\"width\":1023,\"height\":767},{\"@type\":\"BreadcrumbList\",\"@id\":\"https:\/\/orthodoxia.be\/de\/beschluss-der-4en-panorthodoxen-prekonziliaeren-konferenz\/#breadcrumb\",\"itemListElement\":[{\"@type\":\"ListItem\",\"position\":1,\"name\":\"Home\",\"item\":\"https:\/\/orthodoxia.be\/\"},{\"@type\":\"ListItem\",\"position\":2,\"name\":\"Beschluss der 4en Panorthodoxen Prekonzili\u00e4ren Konferenz\"}]},{\"@type\":\"WebSite\",\"@id\":\"https:\/\/orthodoxia.be\/#website\",\"url\":\"https:\/\/orthodoxia.be\/\",\"name\":\"Orthodox Archdiocese of Belgium (Benelux)\",\"description\":\"Orthodox Archdiocese of Belgium\",\"publisher\":{\"@id\":\"https:\/\/orthodoxia.be\/#organization\"},\"alternateName\":\"IMB\",\"potentialAction\":[{\"@type\":\"SearchAction\",\"target\":{\"@type\":\"EntryPoint\",\"urlTemplate\":\"https:\/\/orthodoxia.be\/?s={search_term_string}\"},\"query-input\":{\"@type\":\"PropertyValueSpecification\",\"valueRequired\":true,\"valueName\":\"search_term_string\"}}],\"inLanguage\":\"de\"},{\"@type\":\"Organization\",\"@id\":\"https:\/\/orthodoxia.be\/#organization\",\"name\":\"Orthodox Archdiocese of Belgium (Benelux)\",\"url\":\"https:\/\/orthodoxia.be\/\",\"logo\":{\"@type\":\"ImageObject\",\"inLanguage\":\"de\",\"@id\":\"https:\/\/orthodoxia.be\/#\/schema\/logo\/image\/\",\"url\":\"https:\/\/orthodoxia.be\/wp-content\/uploads\/2024\/02\/cropped-IMB-logo-512-cl-1.png\",\"contentUrl\":\"https:\/\/orthodoxia.be\/wp-content\/uploads\/2024\/02\/cropped-IMB-logo-512-cl-1.png\",\"width\":512,\"height\":512,\"caption\":\"Orthodox Archdiocese of Belgium (Benelux)\"},\"image\":{\"@id\":\"https:\/\/orthodoxia.be\/#\/schema\/logo\/image\/\"},\"sameAs\":[\"https:\/\/www.facebook.com\/orthobel\",\"https:\/\/x.com\/orthobel\",\"https:\/\/www.youtube.com\/c\/orthobel\",\"https:\/\/www.mixcloud.com\/orthobel\/\",\"https:\/\/www.flickr.com\/photos\/148264890@N07\/albums\",\"https:\/\/www.dailymotion.com\/Orthobel\"]}]}<\/script>\n<!-- \/ Yoast SEO plugin. -->","yoast_head_json":{"title":"Beschluss der 4en Panorthodoxen Prekonzili\u00e4ren Konferenz - Orthodox Archdiocese of Belgium","robots":{"index":"index","follow":"follow","max-snippet":"max-snippet:-1","max-image-preview":"max-image-preview:large","max-video-preview":"max-video-preview:-1"},"canonical":"https:\/\/orthodoxia.be\/de\/beschluss-der-4en-panorthodoxen-prekonziliaeren-konferenz\/","og_locale":"de_DE","og_type":"article","og_title":"Beschluss der 4en Panorthodoxen Prekonzili\u00e4ren Konferenz - Orthodox Archdiocese of Belgium","og_description":"Beschluss der 4en Panorthodoxen Prekonzili\u00e4ren Konferenz Im Juni des Jahres 2009 hat\u00a0 die 4e Panorthodoxe Prekonzili\u00e4re Konferenz stattgefunden, beim Orthodoxen Zentrum des \u00d6kumenischen Patriarchats in Chambesy in der Schweiz, in der\u00a0 alle die Autokefalen Orthodoxen Kirchen vertreten wurden,\u00a0 bearbeitete das Thema\u00a0 der kanonischer Organisation der Orthodoxen Diaspora. Es wurde einstimmig festgestellt, dass alle die\u00a0 Heiligen &hellip; Continued","og_url":"https:\/\/orthodoxia.be\/de\/beschluss-der-4en-panorthodoxen-prekonziliaeren-konferenz\/","og_site_name":"Orthodox Archdiocese of Belgium","article_publisher":"https:\/\/www.facebook.com\/orthobel","article_modified_time":"2019-01-17T12:26:55+00:00","og_image":[{"width":720,"height":540,"url":"https:\/\/orthodoxia.be\/wp-content\/uploads\/2017\/11\/8CEOB1.jpg","type":"image\/jpeg"}],"twitter_card":"summary_large_image","twitter_site":"@orthobel","twitter_misc":{"Gesch\u00e4tzte Lesezeit":"3\u00a0Minuten"},"schema":{"@context":"https:\/\/schema.org","@graph":[{"@type":"WebPage","@id":"https:\/\/orthodoxia.be\/de\/beschluss-der-4en-panorthodoxen-prekonziliaeren-konferenz\/","url":"https:\/\/orthodoxia.be\/de\/beschluss-der-4en-panorthodoxen-prekonziliaeren-konferenz\/","name":"Beschluss der 4en Panorthodoxen Prekonzili\u00e4ren Konferenz - Orthodox Archdiocese of Belgium","isPartOf":{"@id":"https:\/\/orthodoxia.be\/#website"},"primaryImageOfPage":{"@id":"https:\/\/orthodoxia.be\/de\/beschluss-der-4en-panorthodoxen-prekonziliaeren-konferenz\/#primaryimage"},"image":{"@id":"https:\/\/orthodoxia.be\/de\/beschluss-der-4en-panorthodoxen-prekonziliaeren-konferenz\/#primaryimage"},"thumbnailUrl":"https:\/\/orthodoxia.be\/wp-content\/uploads\/2025\/06\/IMG_4462.jpg","datePublished":"2018-01-11T13:15:27+00:00","dateModified":"2019-01-17T12:26:55+00:00","breadcrumb":{"@id":"https:\/\/orthodoxia.be\/de\/beschluss-der-4en-panorthodoxen-prekonziliaeren-konferenz\/#breadcrumb"},"inLanguage":"de","potentialAction":[{"@type":"ReadAction","target":["https:\/\/orthodoxia.be\/de\/beschluss-der-4en-panorthodoxen-prekonziliaeren-konferenz\/"]}]},{"@type":"ImageObject","inLanguage":"de","@id":"https:\/\/orthodoxia.be\/de\/beschluss-der-4en-panorthodoxen-prekonziliaeren-konferenz\/#primaryimage","url":"https:\/\/orthodoxia.be\/wp-content\/uploads\/2025\/06\/IMG_4462.jpg","contentUrl":"https:\/\/orthodoxia.be\/wp-content\/uploads\/2025\/06\/IMG_4462.jpg","width":1023,"height":767},{"@type":"BreadcrumbList","@id":"https:\/\/orthodoxia.be\/de\/beschluss-der-4en-panorthodoxen-prekonziliaeren-konferenz\/#breadcrumb","itemListElement":[{"@type":"ListItem","position":1,"name":"Home","item":"https:\/\/orthodoxia.be\/"},{"@type":"ListItem","position":2,"name":"Beschluss der 4en Panorthodoxen Prekonzili\u00e4ren Konferenz"}]},{"@type":"WebSite","@id":"https:\/\/orthodoxia.be\/#website","url":"https:\/\/orthodoxia.be\/","name":"Orthodox Archdiocese of Belgium (Benelux)","description":"Orthodox Archdiocese of Belgium","publisher":{"@id":"https:\/\/orthodoxia.be\/#organization"},"alternateName":"IMB","potentialAction":[{"@type":"SearchAction","target":{"@type":"EntryPoint","urlTemplate":"https:\/\/orthodoxia.be\/?s={search_term_string}"},"query-input":{"@type":"PropertyValueSpecification","valueRequired":true,"valueName":"search_term_string"}}],"inLanguage":"de"},{"@type":"Organization","@id":"https:\/\/orthodoxia.be\/#organization","name":"Orthodox Archdiocese of Belgium (Benelux)","url":"https:\/\/orthodoxia.be\/","logo":{"@type":"ImageObject","inLanguage":"de","@id":"https:\/\/orthodoxia.be\/#\/schema\/logo\/image\/","url":"https:\/\/orthodoxia.be\/wp-content\/uploads\/2024\/02\/cropped-IMB-logo-512-cl-1.png","contentUrl":"https:\/\/orthodoxia.be\/wp-content\/uploads\/2024\/02\/cropped-IMB-logo-512-cl-1.png","width":512,"height":512,"caption":"Orthodox Archdiocese of Belgium (Benelux)"},"image":{"@id":"https:\/\/orthodoxia.be\/#\/schema\/logo\/image\/"},"sameAs":["https:\/\/www.facebook.com\/orthobel","https:\/\/x.com\/orthobel","https:\/\/www.youtube.com\/c\/orthobel","https:\/\/www.mixcloud.com\/orthobel\/","https:\/\/www.flickr.com\/photos\/148264890@N07\/albums","https:\/\/www.dailymotion.com\/Orthobel"]}]}},"_links":{"self":[{"href":"https:\/\/orthodoxia.be\/de\/wp-json\/wp\/v2\/pages\/15771","targetHints":{"allow":["GET"]}}],"collection":[{"href":"https:\/\/orthodoxia.be\/de\/wp-json\/wp\/v2\/pages"}],"about":[{"href":"https:\/\/orthodoxia.be\/de\/wp-json\/wp\/v2\/types\/page"}],"author":[{"embeddable":true,"href":"https:\/\/orthodoxia.be\/de\/wp-json\/wp\/v2\/users\/2"}],"replies":[{"embeddable":true,"href":"https:\/\/orthodoxia.be\/de\/wp-json\/wp\/v2\/comments?post=15771"}],"version-history":[{"count":1,"href":"https:\/\/orthodoxia.be\/de\/wp-json\/wp\/v2\/pages\/15771\/revisions"}],"predecessor-version":[{"id":15772,"href":"https:\/\/orthodoxia.be\/de\/wp-json\/wp\/v2\/pages\/15771\/revisions\/15772"}],"wp:featuredmedia":[{"embeddable":true,"href":"https:\/\/orthodoxia.be\/de\/wp-json\/wp\/v2\/media\/49546"}],"wp:attachment":[{"href":"https:\/\/orthodoxia.be\/de\/wp-json\/wp\/v2\/media?parent=15771"}],"curies":[{"name":"wp","href":"https:\/\/api.w.org\/{rel}","templated":true}]}}