{"id":9502,"date":"2018-02-16T13:32:27","date_gmt":"2018-02-16T12:32:27","guid":{"rendered":"http:\/\/new.orthodoxia.be\/?page_id=9502"},"modified":"2018-07-10T13:43:30","modified_gmt":"2018-07-10T11:43:30","slug":"introduktion-wilkommen","status":"publish","type":"page","link":"https:\/\/orthodoxia.be\/de\/introduktion-wilkommen\/","title":{"rendered":"Vorstellung (wilkommen)"},"content":{"rendered":"<p style=\"text-align: justify;\">Sie befinden sich auf der Webseite der orthodoxen Metropolie von Belgien und Exarchats der Niederlanden und Luxemburgs, die 1969 gegr\u00fcndet wurde und direkt zur Jurisdiktion des \u00d6kumenischen Patriarchats geh\u00f6rt.<\/p>\n<p style=\"text-align: justify;\">Erste Spuren einer st\u00e4ndigen orthodoxen Pr\u00e4senz in den Beneluxstaaten gehen auf das 18. Jahrhundert zur\u00fcck, als griechische Kaufleute &#8211; mit dem Segen des \u00d6kumenischen Patriarchen &#8211; in Amsterdam eine Gemeinde gr\u00fcndeten, die der Heiligen Catherina geweiht war. In Belgien finden wir die erste Gemeinde in Antwerpen, die 1900 f\u00fcr die griechischen Seefahrer gegr\u00fcndet wurde.<\/p>\n<p style=\"text-align: justify;\">Heute z\u00e4hlt die Erzdi\u00f6zese 38 Gemeinden und ein M\u00f6nchskloster, verteilt \u00fcber die drei L\u00e4nder der Benelux und geleitet von etwas mehr als 50 Geistlichen.<\/p>\n<p style=\"text-align: justify;\">Im Jahr 1985 wurde die orthodoxe Kirche offiziell anerkannt. Ein k\u00f6nigliches Dekret aus dem Jahr 1988 bestimmt, dass &#8220;der Metropolit-Erzbischof des \u00d6kumenischen Patriarchats von Konstantinopel oder sein Stellvertreter der Vertreter der ganzen orthodoxen Kirche ist.&#8221; Seit 1997 ist der Metropolit von Belgien und Exarch der Niederlande und Luxemburgs auch der Vertreter der orthodoxen Kirche in Luxemburg.<\/p>\n<p style=\"text-align: justify;\">Neben einer rein pastoralen und geistlichen Arbeit widmet sich die Erzdi\u00f6zese mehr und mehr missioniarischen und sozialen Aktivit\u00e4ten mit besonderem Interesse f\u00fcr die j\u00fcngere Generation, dem Besuch von Gl\u00e4ubigen zu Hause, in Krankenh\u00e4usern und in Gef\u00e4ngnissen. Das Orthodoxe Theologische Institut Apostel Paulus m\u00f6chte die Gl\u00e4ubigen in den Reichtum der verschiedenen Facetten des theologischen und katechetischen Unterrichts einf\u00fchren. Das theologische Institut ist auch verantwortlich f\u00fcr die Ausbildung zuk\u00fcnftiger Lehrkr\u00e4fte orthodoxer Religion in den \u00f6ffentlichen Schulen, in Flandern, Br\u00fcssel und der Wallonie.<\/p>\n<p style=\"text-align: justify;\">Der Metropolit von Belgien und Exarch der Niederlande und Luxemburgs ist nicht nur der Kopf der orthodoxen Kirche in Belgien und Luxemburg; er ist auch der Vorsitzende der Orthodoxen Bischofskonferenz der Beneluxstaaten, die 2010 gegr\u00fcndet wurde, nach einem Beschluss der IV. Panorthodoxen Pr\u00e4konziliaren Konferenz, abgehalten im Jahr 2009 in Chamb\u00e9sy.<\/p>\n<p style=\"text-align: justify;\">Im Einklang mit der Mutter-Kirche von Konstantinopel nimmt die Erzdi\u00f6zese und Exarchat in den drei L\u00e4ndern aktiv an \u00f6kumenischen und interreligi\u00f6sen Aktivit\u00e4ten teil, auf nationaler, regionaler und lokaler Ebene.<br \/>\nZ\u00f6gern Sie nicht, uns f\u00fcr weitere Informationen zu kontaktieren.<\/p>\n","protected":false},"excerpt":{"rendered":"<p>Sie befinden sich auf der Webseite der orthodoxen Metropolie von Belgien und Exarchats der Niederlanden und Luxemburgs, die 1969 gegr\u00fcndet wurde und direkt zur Jurisdiktion des \u00d6kumenischen Patriarchats geh\u00f6rt. Erste Spuren einer st\u00e4ndigen orthodoxen Pr\u00e4senz in den Beneluxstaaten gehen auf das 18. Jahrhundert zur\u00fcck, als griechische Kaufleute &#8211; mit dem Segen des \u00d6kumenischen Patriarchen &#8211; &hellip; <a href=\"https:\/\/orthodoxia.be\/de\/introduktion-wilkommen\/\">Continued<\/a><\/p>\n","protected":false},"author":2,"featured_media":151,"parent":0,"menu_order":0,"comment_status":"closed","ping_status":"closed","template":"","meta":{"_acf_changed":false,"footnotes":""},"class_list":["post-9502","page","type-page","status-publish","has-post-thumbnail","hentry"],"acf":[],"yoast_head":"<!-- This site is optimized with the Yoast SEO plugin v24.3 - https:\/\/yoast.com\/wordpress\/plugins\/seo\/ -->\n<title>Vorstellung (wilkommen) - Orthodox Archdiocese of Belgium<\/title>\n<meta name=\"robots\" content=\"index, follow, max-snippet:-1, max-image-preview:large, max-video-preview:-1\" \/>\n<link rel=\"canonical\" href=\"https:\/\/orthodoxia.be\/\u03b5\u1f30\u03c3\u03b1\u03b3\u03c9\u03b3\u03ae\/\" \/>\n<meta property=\"og:locale\" content=\"de_DE\" \/>\n<meta property=\"og:type\" content=\"article\" \/>\n<meta property=\"og:title\" content=\"Vorstellung (wilkommen) - Orthodox Archdiocese of Belgium\" \/>\n<meta property=\"og:description\" content=\"Sie befinden sich auf der Webseite der orthodoxen Metropolie von Belgien und Exarchats der Niederlanden und Luxemburgs, die 1969 gegr\u00fcndet wurde und direkt zur Jurisdiktion des \u00d6kumenischen Patriarchats geh\u00f6rt. Erste Spuren einer st\u00e4ndigen orthodoxen Pr\u00e4senz in den Beneluxstaaten gehen auf das 18. Jahrhundert zur\u00fcck, als griechische Kaufleute &#8211; mit dem Segen des \u00d6kumenischen Patriarchen &#8211; &hellip; Continued\" \/>\n<meta property=\"og:url\" content=\"https:\/\/orthodoxia.be\/\u03b5\u1f30\u03c3\u03b1\u03b3\u03c9\u03b3\u03ae\/\" \/>\n<meta property=\"og:site_name\" content=\"Orthodox Archdiocese of Belgium\" \/>\n<meta property=\"article:publisher\" content=\"https:\/\/www.facebook.com\/orthobel\" \/>\n<meta property=\"article:modified_time\" content=\"2018-07-10T11:43:30+00:00\" \/>\n<meta property=\"og:image\" content=\"https:\/\/orthodoxia.be\/wp-content\/uploads\/2017\/09\/cropped-logo-benelux-tr-fc.png\" \/>\n\t<meta property=\"og:image:width\" content=\"512\" \/>\n\t<meta property=\"og:image:height\" content=\"512\" \/>\n\t<meta property=\"og:image:type\" content=\"image\/png\" \/>\n<meta name=\"twitter:card\" content=\"summary_large_image\" \/>\n<meta name=\"twitter:site\" content=\"@orthobel\" \/>\n<meta name=\"twitter:label1\" content=\"Gesch\u00e4tzte Lesezeit\" \/>\n\t<meta name=\"twitter:data1\" content=\"2\u00a0Minuten\" \/>\n<script type=\"application\/ld+json\" class=\"yoast-schema-graph\">{\"@context\":\"https:\/\/schema.org\",\"@graph\":[{\"@type\":\"WebPage\",\"@id\":\"https:\/\/orthodoxia.be\/%ce%b5%e1%bc%b0%cf%83%ce%b1%ce%b3%cf%89%ce%b3%ce%ae\/\",\"url\":\"https:\/\/orthodoxia.be\/%ce%b5%e1%bc%b0%cf%83%ce%b1%ce%b3%cf%89%ce%b3%ce%ae\/\",\"name\":\"Vorstellung (wilkommen) - Orthodox Archdiocese of Belgium\",\"isPartOf\":{\"@id\":\"https:\/\/orthodoxia.be\/#website\"},\"primaryImageOfPage\":{\"@id\":\"https:\/\/orthodoxia.be\/%ce%b5%e1%bc%b0%cf%83%ce%b1%ce%b3%cf%89%ce%b3%ce%ae\/#primaryimage\"},\"image\":{\"@id\":\"https:\/\/orthodoxia.be\/%ce%b5%e1%bc%b0%cf%83%ce%b1%ce%b3%cf%89%ce%b3%ce%ae\/#primaryimage\"},\"thumbnailUrl\":\"https:\/\/orthodoxia.be\/wp-content\/uploads\/2017\/09\/cropped-logo-benelux-tr-fc.png\",\"datePublished\":\"2018-02-16T12:32:27+00:00\",\"dateModified\":\"2018-07-10T11:43:30+00:00\",\"breadcrumb\":{\"@id\":\"https:\/\/orthodoxia.be\/%ce%b5%e1%bc%b0%cf%83%ce%b1%ce%b3%cf%89%ce%b3%ce%ae\/#breadcrumb\"},\"inLanguage\":\"de\",\"potentialAction\":[{\"@type\":\"ReadAction\",\"target\":[\"https:\/\/orthodoxia.be\/%ce%b5%e1%bc%b0%cf%83%ce%b1%ce%b3%cf%89%ce%b3%ce%ae\/\"]}]},{\"@type\":\"ImageObject\",\"inLanguage\":\"de\",\"@id\":\"https:\/\/orthodoxia.be\/%ce%b5%e1%bc%b0%cf%83%ce%b1%ce%b3%cf%89%ce%b3%ce%ae\/#primaryimage\",\"url\":\"https:\/\/orthodoxia.be\/wp-content\/uploads\/2017\/09\/cropped-logo-benelux-tr-fc.png\",\"contentUrl\":\"https:\/\/orthodoxia.be\/wp-content\/uploads\/2017\/09\/cropped-logo-benelux-tr-fc.png\",\"width\":512,\"height\":512},{\"@type\":\"BreadcrumbList\",\"@id\":\"https:\/\/orthodoxia.be\/%ce%b5%e1%bc%b0%cf%83%ce%b1%ce%b3%cf%89%ce%b3%ce%ae\/#breadcrumb\",\"itemListElement\":[{\"@type\":\"ListItem\",\"position\":1,\"name\":\"Home\",\"item\":\"https:\/\/orthodoxia.be\/\"},{\"@type\":\"ListItem\",\"position\":2,\"name\":\"Vorstellung (wilkommen)\"}]},{\"@type\":\"WebSite\",\"@id\":\"https:\/\/orthodoxia.be\/#website\",\"url\":\"https:\/\/orthodoxia.be\/\",\"name\":\"Orthodox Archdiocese of Belgium (Benelux)\",\"description\":\"Orthodox Archdiocese of Belgium\",\"publisher\":{\"@id\":\"https:\/\/orthodoxia.be\/#organization\"},\"alternateName\":\"IMB\",\"potentialAction\":[{\"@type\":\"SearchAction\",\"target\":{\"@type\":\"EntryPoint\",\"urlTemplate\":\"https:\/\/orthodoxia.be\/?s={search_term_string}\"},\"query-input\":{\"@type\":\"PropertyValueSpecification\",\"valueRequired\":true,\"valueName\":\"search_term_string\"}}],\"inLanguage\":\"de\"},{\"@type\":\"Organization\",\"@id\":\"https:\/\/orthodoxia.be\/#organization\",\"name\":\"Orthodox Archdiocese of Belgium (Benelux)\",\"url\":\"https:\/\/orthodoxia.be\/\",\"logo\":{\"@type\":\"ImageObject\",\"inLanguage\":\"de\",\"@id\":\"https:\/\/orthodoxia.be\/#\/schema\/logo\/image\/\",\"url\":\"https:\/\/orthodoxia.be\/wp-content\/uploads\/2024\/02\/cropped-IMB-logo-512-cl-1.png\",\"contentUrl\":\"https:\/\/orthodoxia.be\/wp-content\/uploads\/2024\/02\/cropped-IMB-logo-512-cl-1.png\",\"width\":512,\"height\":512,\"caption\":\"Orthodox Archdiocese of Belgium (Benelux)\"},\"image\":{\"@id\":\"https:\/\/orthodoxia.be\/#\/schema\/logo\/image\/\"},\"sameAs\":[\"https:\/\/www.facebook.com\/orthobel\",\"https:\/\/x.com\/orthobel\",\"https:\/\/www.youtube.com\/c\/orthobel\",\"https:\/\/www.mixcloud.com\/orthobel\/\",\"https:\/\/www.flickr.com\/photos\/148264890@N07\/albums\",\"https:\/\/www.dailymotion.com\/Orthobel\"]}]}<\/script>\n<!-- \/ Yoast SEO plugin. -->","yoast_head_json":{"title":"Vorstellung (wilkommen) - Orthodox Archdiocese of Belgium","robots":{"index":"index","follow":"follow","max-snippet":"max-snippet:-1","max-image-preview":"max-image-preview:large","max-video-preview":"max-video-preview:-1"},"canonical":"https:\/\/orthodoxia.be\/\u03b5\u1f30\u03c3\u03b1\u03b3\u03c9\u03b3\u03ae\/","og_locale":"de_DE","og_type":"article","og_title":"Vorstellung (wilkommen) - Orthodox Archdiocese of Belgium","og_description":"Sie befinden sich auf der Webseite der orthodoxen Metropolie von Belgien und Exarchats der Niederlanden und Luxemburgs, die 1969 gegr\u00fcndet wurde und direkt zur Jurisdiktion des \u00d6kumenischen Patriarchats geh\u00f6rt. Erste Spuren einer st\u00e4ndigen orthodoxen Pr\u00e4senz in den Beneluxstaaten gehen auf das 18. Jahrhundert zur\u00fcck, als griechische Kaufleute &#8211; mit dem Segen des \u00d6kumenischen Patriarchen &#8211; &hellip; Continued","og_url":"https:\/\/orthodoxia.be\/\u03b5\u1f30\u03c3\u03b1\u03b3\u03c9\u03b3\u03ae\/","og_site_name":"Orthodox Archdiocese of Belgium","article_publisher":"https:\/\/www.facebook.com\/orthobel","article_modified_time":"2018-07-10T11:43:30+00:00","og_image":[{"width":512,"height":512,"url":"https:\/\/orthodoxia.be\/wp-content\/uploads\/2017\/09\/cropped-logo-benelux-tr-fc.png","type":"image\/png"}],"twitter_card":"summary_large_image","twitter_site":"@orthobel","twitter_misc":{"Gesch\u00e4tzte Lesezeit":"2\u00a0Minuten"},"schema":{"@context":"https:\/\/schema.org","@graph":[{"@type":"WebPage","@id":"https:\/\/orthodoxia.be\/%ce%b5%e1%bc%b0%cf%83%ce%b1%ce%b3%cf%89%ce%b3%ce%ae\/","url":"https:\/\/orthodoxia.be\/%ce%b5%e1%bc%b0%cf%83%ce%b1%ce%b3%cf%89%ce%b3%ce%ae\/","name":"Vorstellung (wilkommen) - Orthodox Archdiocese of Belgium","isPartOf":{"@id":"https:\/\/orthodoxia.be\/#website"},"primaryImageOfPage":{"@id":"https:\/\/orthodoxia.be\/%ce%b5%e1%bc%b0%cf%83%ce%b1%ce%b3%cf%89%ce%b3%ce%ae\/#primaryimage"},"image":{"@id":"https:\/\/orthodoxia.be\/%ce%b5%e1%bc%b0%cf%83%ce%b1%ce%b3%cf%89%ce%b3%ce%ae\/#primaryimage"},"thumbnailUrl":"https:\/\/orthodoxia.be\/wp-content\/uploads\/2017\/09\/cropped-logo-benelux-tr-fc.png","datePublished":"2018-02-16T12:32:27+00:00","dateModified":"2018-07-10T11:43:30+00:00","breadcrumb":{"@id":"https:\/\/orthodoxia.be\/%ce%b5%e1%bc%b0%cf%83%ce%b1%ce%b3%cf%89%ce%b3%ce%ae\/#breadcrumb"},"inLanguage":"de","potentialAction":[{"@type":"ReadAction","target":["https:\/\/orthodoxia.be\/%ce%b5%e1%bc%b0%cf%83%ce%b1%ce%b3%cf%89%ce%b3%ce%ae\/"]}]},{"@type":"ImageObject","inLanguage":"de","@id":"https:\/\/orthodoxia.be\/%ce%b5%e1%bc%b0%cf%83%ce%b1%ce%b3%cf%89%ce%b3%ce%ae\/#primaryimage","url":"https:\/\/orthodoxia.be\/wp-content\/uploads\/2017\/09\/cropped-logo-benelux-tr-fc.png","contentUrl":"https:\/\/orthodoxia.be\/wp-content\/uploads\/2017\/09\/cropped-logo-benelux-tr-fc.png","width":512,"height":512},{"@type":"BreadcrumbList","@id":"https:\/\/orthodoxia.be\/%ce%b5%e1%bc%b0%cf%83%ce%b1%ce%b3%cf%89%ce%b3%ce%ae\/#breadcrumb","itemListElement":[{"@type":"ListItem","position":1,"name":"Home","item":"https:\/\/orthodoxia.be\/"},{"@type":"ListItem","position":2,"name":"Vorstellung (wilkommen)"}]},{"@type":"WebSite","@id":"https:\/\/orthodoxia.be\/#website","url":"https:\/\/orthodoxia.be\/","name":"Orthodox Archdiocese of Belgium (Benelux)","description":"Orthodox Archdiocese of Belgium","publisher":{"@id":"https:\/\/orthodoxia.be\/#organization"},"alternateName":"IMB","potentialAction":[{"@type":"SearchAction","target":{"@type":"EntryPoint","urlTemplate":"https:\/\/orthodoxia.be\/?s={search_term_string}"},"query-input":{"@type":"PropertyValueSpecification","valueRequired":true,"valueName":"search_term_string"}}],"inLanguage":"de"},{"@type":"Organization","@id":"https:\/\/orthodoxia.be\/#organization","name":"Orthodox Archdiocese of Belgium (Benelux)","url":"https:\/\/orthodoxia.be\/","logo":{"@type":"ImageObject","inLanguage":"de","@id":"https:\/\/orthodoxia.be\/#\/schema\/logo\/image\/","url":"https:\/\/orthodoxia.be\/wp-content\/uploads\/2024\/02\/cropped-IMB-logo-512-cl-1.png","contentUrl":"https:\/\/orthodoxia.be\/wp-content\/uploads\/2024\/02\/cropped-IMB-logo-512-cl-1.png","width":512,"height":512,"caption":"Orthodox Archdiocese of Belgium (Benelux)"},"image":{"@id":"https:\/\/orthodoxia.be\/#\/schema\/logo\/image\/"},"sameAs":["https:\/\/www.facebook.com\/orthobel","https:\/\/x.com\/orthobel","https:\/\/www.youtube.com\/c\/orthobel","https:\/\/www.mixcloud.com\/orthobel\/","https:\/\/www.flickr.com\/photos\/148264890@N07\/albums","https:\/\/www.dailymotion.com\/Orthobel"]}]}},"_links":{"self":[{"href":"https:\/\/orthodoxia.be\/de\/wp-json\/wp\/v2\/pages\/9502","targetHints":{"allow":["GET"]}}],"collection":[{"href":"https:\/\/orthodoxia.be\/de\/wp-json\/wp\/v2\/pages"}],"about":[{"href":"https:\/\/orthodoxia.be\/de\/wp-json\/wp\/v2\/types\/page"}],"author":[{"embeddable":true,"href":"https:\/\/orthodoxia.be\/de\/wp-json\/wp\/v2\/users\/2"}],"replies":[{"embeddable":true,"href":"https:\/\/orthodoxia.be\/de\/wp-json\/wp\/v2\/comments?post=9502"}],"version-history":[{"count":3,"href":"https:\/\/orthodoxia.be\/de\/wp-json\/wp\/v2\/pages\/9502\/revisions"}],"predecessor-version":[{"id":11364,"href":"https:\/\/orthodoxia.be\/de\/wp-json\/wp\/v2\/pages\/9502\/revisions\/11364"}],"wp:featuredmedia":[{"embeddable":true,"href":"https:\/\/orthodoxia.be\/de\/wp-json\/wp\/v2\/media\/151"}],"wp:attachment":[{"href":"https:\/\/orthodoxia.be\/de\/wp-json\/wp\/v2\/media?parent=9502"}],"curies":[{"name":"wp","href":"https:\/\/api.w.org\/{rel}","templated":true}]}}