{"id":9504,"date":"2018-03-07T11:29:26","date_gmt":"2018-03-07T10:29:26","guid":{"rendered":"http:\/\/new.orthodoxia.be\/?page_id=9504"},"modified":"2018-05-16T13:41:26","modified_gmt":"2018-05-16T11:41:26","slug":"anerkannte-kirche","status":"publish","type":"page","link":"https:\/\/orthodoxia.be\/de\/anerkannte-kirche\/","title":{"rendered":"Anerkannte Kirche"},"content":{"rendered":"<h2 style=\"text-align: justify;\"><strong>BELGIEN<\/strong><\/h2>\n<h3 style=\"text-align: justify;\"><strong>Der rechtliche Status der Orthodoxen Kirche in Belgien<\/strong><\/h3>\n<p style=\"text-align: justify;\">Seit dem Gesetz vom 17. April 1985 ist die Orthodoxe Kirche vom belgischen Staat als offizielle Kirche anerkannt (siehe Belgisches Staatsblatt vom Samstag, 11. Mai 1985 &#8211; 155. Jahr, Nr. 91).<\/p>\n<h3 style=\"text-align: justify;\"><strong>Organisation der Orthodoxen Kirche<\/strong><\/h3>\n<p style=\"text-align: justify;\">Das K\u00f6nigliche Dekret vom 15. M\u00e4rz 1988 (vgl. Belgisches Staatsblatt vom Donnerstag, 31. M\u00e4rz 1988 &#8211; 158. Jahr, Nr. 63) sieht die Organisation der R\u00e4te der Kirchenvorst\u00e4nde der orthodoxen Kirche vor.<\/p>\n<p style=\"text-align: justify;\">So legt das K.D. fest, dass die Beziehungen zu den Zivilbeh\u00f6rden durch ein Vertretungsorgan der gesamten orthodoxen Kirche abgesichert sind. Es regelt auch die Organisation der f\u00fcr die Orthodoxen Kirche spezifischen Verwaltung auf der Grundlage des Territoriums der Provinz. Es erm\u00f6glicht auch jedoch die Schaffung mehrerer Kirchenvorst\u00e4nde auf dem Territorium derselben Provinz oder eines Kirchenvorstandes auf dem Territorium von mehr als einer Provinz.<\/p>\n<h3 style=\"text-align: justify;\"><strong>Vertretungsorgan f\u00fcr die gesamte orthodoxe Kirche<\/strong><\/h3>\n<p style=\"text-align: justify;\">Der erste Artikel desselben K.D. vom 15. M\u00e4rz 1988 (vgl. oben) sieht vor, dass das Vertretungsorgan der gesamten orthodoxen Kirche der Metropolit-Erzbischof des \u00d6kumenischen Patriarchats von Konstantinopel ist; w\u00f6rtlich:<\/p>\n<p style=\"text-align: justify;\"><em>&#8220;Der Metropolit-Erzbischof des \u00d6kumenischen Patriarchats von Konstantinopel oder sein Stellvertreter wird von uns als repr\u00e4sentatives Organ der gesamten orthodoxen Kirche anerkannt&#8221;<\/em>(Kapitel I &#8211; Artikel 1).<\/p>\n<h3 style=\"text-align: justify;\"><strong>Anschrift<\/strong><\/h3>\n<p style=\"text-align: justify;\">Seine Eminenz Metropolit Athenagoras von Belgien<br \/>\nExarch des \u00d6kumenischen Patriarchats<br \/>\nCharbolaan 71<br \/>\n1030 Brussel<br \/>\nBelgien<\/p>\n<p style=\"text-align: justify;\">E-mail: belgiou@orthodoxia.be<br \/>\nTel. +32.2\/736.52.78<\/p>\n<h2 style=\"text-align: justify;\"><strong>IM GROSSHERZOGTUM LUXEMBURG<\/strong><\/h2>\n<p style=\"text-align: justify;\">Die Orthodoxe Kirche von Luxemburg wurde am 26. Januar 2015 von den luxemburgischen Beh\u00f6rden anerkannt.<\/p>\n<p style=\"text-align: justify;\">Kapitel 5 des \u00dcbereinkommens enth\u00e4lt die spezifischen Bestimmungen f\u00fcr die Orthodoxe Kirche von Luxemburg: Art. 27. Die Orthodoxe Kirche Luxemburgs vereint die griechisch-, russisch-, serbisch-, und rum\u00e4nisch-orthodoxe Gemeinschaft Luxemburgs.<\/p>\n<p style=\"text-align: justify;\">Art. 28. Die Kirche hat eine b\u00fcrgerliche Pers\u00f6nlichkeit. Sie wird gerichtlich und au\u00dfergerichtlich vom Erzbischof-Metropolit von Belgien, Exarch der Niederlande und Luxemburgs unter dem \u00d6kumenischen Patriarchat von Konstantinopel oder von seinem, von ihm speziell beauftragten, Vertreter vertreten. <a href=\"https:\/\/travelwithgirls.com\/geneva-available-girls\/\">https:\/\/travelwithgirls.com<\/a><\/p>\n<p style=\"text-align: justify;\">Das Abkommen ersetzt das von 1997 und 2004 zwischen der Orthodoxen Kirche und der luxemburgischen Regierung.<\/p>\n<h3 style=\"text-align: justify;\"><strong>Anschrift<\/strong><\/h3>\n<p style=\"text-align: justify;\">Seine Eminenz Metropolit Athenagoras von Belgien<br \/>\nExarch des \u00d6kumenischen Patriarchats<br \/>\nCharbolaan 71<br \/>\n1030 Brussel<br \/>\nBelgi\u00eb<\/p>\n<p style=\"text-align: justify;\">E-mail: belgiou@orthodoxia.be<br \/>\nTel. +32.2\/736.52.78<\/p>\n<p style=\"text-align: justify;\"><span>\u00a0<\/span><\/p>\n","protected":false},"excerpt":{"rendered":"<p>BELGIEN Der rechtliche Status der Orthodoxen Kirche in Belgien Seit dem Gesetz vom 17. April 1985 ist die Orthodoxe Kirche vom belgischen Staat als offizielle Kirche anerkannt (siehe Belgisches Staatsblatt vom Samstag, 11. Mai 1985 &#8211; 155. Jahr, Nr. 91). Organisation der Orthodoxen Kirche Das K\u00f6nigliche Dekret vom 15. M\u00e4rz 1988 (vgl. Belgisches Staatsblatt vom &hellip; <a href=\"https:\/\/orthodoxia.be\/de\/anerkannte-kirche\/\">Continued<\/a><\/p>\n","protected":false},"author":2,"featured_media":161,"parent":0,"menu_order":9,"comment_status":"closed","ping_status":"closed","template":"","meta":{"_acf_changed":false,"footnotes":""},"class_list":["post-9504","page","type-page","status-publish","has-post-thumbnail","hentry"],"acf":[],"yoast_head":"<!-- This site is optimized with the Yoast SEO plugin v24.3 - https:\/\/yoast.com\/wordpress\/plugins\/seo\/ -->\n<title>Anerkannte Kirche - Orthodox Archdiocese of Belgium<\/title>\n<meta name=\"robots\" content=\"index, follow, max-snippet:-1, max-image-preview:large, max-video-preview:-1\" \/>\n<link rel=\"canonical\" href=\"https:\/\/orthodoxia.be\/de\/anerkannte-kirche\/\" \/>\n<meta property=\"og:locale\" content=\"de_DE\" \/>\n<meta property=\"og:type\" content=\"article\" \/>\n<meta property=\"og:title\" content=\"Anerkannte Kirche - Orthodox Archdiocese of Belgium\" \/>\n<meta property=\"og:description\" content=\"BELGIEN Der rechtliche Status der Orthodoxen Kirche in Belgien Seit dem Gesetz vom 17. April 1985 ist die Orthodoxe Kirche vom belgischen Staat als offizielle Kirche anerkannt (siehe Belgisches Staatsblatt vom Samstag, 11. Mai 1985 &#8211; 155. Jahr, Nr. 91). Organisation der Orthodoxen Kirche Das K\u00f6nigliche Dekret vom 15. M\u00e4rz 1988 (vgl. Belgisches Staatsblatt vom &hellip; Continued\" \/>\n<meta property=\"og:url\" content=\"https:\/\/orthodoxia.be\/de\/anerkannte-kirche\/\" \/>\n<meta property=\"og:site_name\" content=\"Orthodox Archdiocese of Belgium\" \/>\n<meta property=\"article:publisher\" content=\"https:\/\/www.facebook.com\/orthobel\" \/>\n<meta property=\"article:modified_time\" content=\"2018-05-16T11:41:26+00:00\" \/>\n<meta property=\"og:image\" content=\"https:\/\/orthodoxia.be\/wp-content\/uploads\/2017\/09\/cropped-cropped-logo-benelux-tr-fc.png\" \/>\n\t<meta property=\"og:image:width\" content=\"250\" \/>\n\t<meta property=\"og:image:height\" content=\"250\" \/>\n\t<meta property=\"og:image:type\" content=\"image\/png\" \/>\n<meta name=\"twitter:card\" content=\"summary_large_image\" \/>\n<meta name=\"twitter:site\" content=\"@orthobel\" \/>\n<meta name=\"twitter:label1\" content=\"Gesch\u00e4tzte Lesezeit\" \/>\n\t<meta name=\"twitter:data1\" content=\"2\u00a0Minuten\" \/>\n<script type=\"application\/ld+json\" class=\"yoast-schema-graph\">{\"@context\":\"https:\/\/schema.org\",\"@graph\":[{\"@type\":\"WebPage\",\"@id\":\"https:\/\/orthodoxia.be\/de\/anerkannte-kirche\/\",\"url\":\"https:\/\/orthodoxia.be\/de\/anerkannte-kirche\/\",\"name\":\"Anerkannte Kirche - Orthodox Archdiocese of Belgium\",\"isPartOf\":{\"@id\":\"https:\/\/orthodoxia.be\/#website\"},\"primaryImageOfPage\":{\"@id\":\"https:\/\/orthodoxia.be\/de\/anerkannte-kirche\/#primaryimage\"},\"image\":{\"@id\":\"https:\/\/orthodoxia.be\/de\/anerkannte-kirche\/#primaryimage\"},\"thumbnailUrl\":\"https:\/\/orthodoxia.be\/wp-content\/uploads\/2017\/09\/cropped-cropped-logo-benelux-tr-fc.png\",\"datePublished\":\"2018-03-07T10:29:26+00:00\",\"dateModified\":\"2018-05-16T11:41:26+00:00\",\"breadcrumb\":{\"@id\":\"https:\/\/orthodoxia.be\/de\/anerkannte-kirche\/#breadcrumb\"},\"inLanguage\":\"de\",\"potentialAction\":[{\"@type\":\"ReadAction\",\"target\":[\"https:\/\/orthodoxia.be\/de\/anerkannte-kirche\/\"]}]},{\"@type\":\"ImageObject\",\"inLanguage\":\"de\",\"@id\":\"https:\/\/orthodoxia.be\/de\/anerkannte-kirche\/#primaryimage\",\"url\":\"https:\/\/orthodoxia.be\/wp-content\/uploads\/2017\/09\/cropped-cropped-logo-benelux-tr-fc.png\",\"contentUrl\":\"https:\/\/orthodoxia.be\/wp-content\/uploads\/2017\/09\/cropped-cropped-logo-benelux-tr-fc.png\",\"width\":250,\"height\":250},{\"@type\":\"BreadcrumbList\",\"@id\":\"https:\/\/orthodoxia.be\/de\/anerkannte-kirche\/#breadcrumb\",\"itemListElement\":[{\"@type\":\"ListItem\",\"position\":1,\"name\":\"Home\",\"item\":\"https:\/\/orthodoxia.be\/\"},{\"@type\":\"ListItem\",\"position\":2,\"name\":\"Anerkannte Kirche\"}]},{\"@type\":\"WebSite\",\"@id\":\"https:\/\/orthodoxia.be\/#website\",\"url\":\"https:\/\/orthodoxia.be\/\",\"name\":\"Orthodox Archdiocese of Belgium (Benelux)\",\"description\":\"Orthodox Archdiocese of Belgium\",\"publisher\":{\"@id\":\"https:\/\/orthodoxia.be\/#organization\"},\"alternateName\":\"IMB\",\"potentialAction\":[{\"@type\":\"SearchAction\",\"target\":{\"@type\":\"EntryPoint\",\"urlTemplate\":\"https:\/\/orthodoxia.be\/?s={search_term_string}\"},\"query-input\":{\"@type\":\"PropertyValueSpecification\",\"valueRequired\":true,\"valueName\":\"search_term_string\"}}],\"inLanguage\":\"de\"},{\"@type\":\"Organization\",\"@id\":\"https:\/\/orthodoxia.be\/#organization\",\"name\":\"Orthodox Archdiocese of Belgium (Benelux)\",\"url\":\"https:\/\/orthodoxia.be\/\",\"logo\":{\"@type\":\"ImageObject\",\"inLanguage\":\"de\",\"@id\":\"https:\/\/orthodoxia.be\/#\/schema\/logo\/image\/\",\"url\":\"https:\/\/orthodoxia.be\/wp-content\/uploads\/2024\/02\/cropped-IMB-logo-512-cl-1.png\",\"contentUrl\":\"https:\/\/orthodoxia.be\/wp-content\/uploads\/2024\/02\/cropped-IMB-logo-512-cl-1.png\",\"width\":512,\"height\":512,\"caption\":\"Orthodox Archdiocese of Belgium (Benelux)\"},\"image\":{\"@id\":\"https:\/\/orthodoxia.be\/#\/schema\/logo\/image\/\"},\"sameAs\":[\"https:\/\/www.facebook.com\/orthobel\",\"https:\/\/x.com\/orthobel\",\"https:\/\/www.youtube.com\/c\/orthobel\",\"https:\/\/www.mixcloud.com\/orthobel\/\",\"https:\/\/www.flickr.com\/photos\/148264890@N07\/albums\",\"https:\/\/www.dailymotion.com\/Orthobel\"]}]}<\/script>\n<!-- \/ Yoast SEO plugin. -->","yoast_head_json":{"title":"Anerkannte Kirche - Orthodox Archdiocese of Belgium","robots":{"index":"index","follow":"follow","max-snippet":"max-snippet:-1","max-image-preview":"max-image-preview:large","max-video-preview":"max-video-preview:-1"},"canonical":"https:\/\/orthodoxia.be\/de\/anerkannte-kirche\/","og_locale":"de_DE","og_type":"article","og_title":"Anerkannte Kirche - Orthodox Archdiocese of Belgium","og_description":"BELGIEN Der rechtliche Status der Orthodoxen Kirche in Belgien Seit dem Gesetz vom 17. April 1985 ist die Orthodoxe Kirche vom belgischen Staat als offizielle Kirche anerkannt (siehe Belgisches Staatsblatt vom Samstag, 11. Mai 1985 &#8211; 155. Jahr, Nr. 91). Organisation der Orthodoxen Kirche Das K\u00f6nigliche Dekret vom 15. M\u00e4rz 1988 (vgl. Belgisches Staatsblatt vom &hellip; Continued","og_url":"https:\/\/orthodoxia.be\/de\/anerkannte-kirche\/","og_site_name":"Orthodox Archdiocese of Belgium","article_publisher":"https:\/\/www.facebook.com\/orthobel","article_modified_time":"2018-05-16T11:41:26+00:00","og_image":[{"width":250,"height":250,"url":"https:\/\/orthodoxia.be\/wp-content\/uploads\/2017\/09\/cropped-cropped-logo-benelux-tr-fc.png","type":"image\/png"}],"twitter_card":"summary_large_image","twitter_site":"@orthobel","twitter_misc":{"Gesch\u00e4tzte Lesezeit":"2\u00a0Minuten"},"schema":{"@context":"https:\/\/schema.org","@graph":[{"@type":"WebPage","@id":"https:\/\/orthodoxia.be\/de\/anerkannte-kirche\/","url":"https:\/\/orthodoxia.be\/de\/anerkannte-kirche\/","name":"Anerkannte Kirche - Orthodox Archdiocese of Belgium","isPartOf":{"@id":"https:\/\/orthodoxia.be\/#website"},"primaryImageOfPage":{"@id":"https:\/\/orthodoxia.be\/de\/anerkannte-kirche\/#primaryimage"},"image":{"@id":"https:\/\/orthodoxia.be\/de\/anerkannte-kirche\/#primaryimage"},"thumbnailUrl":"https:\/\/orthodoxia.be\/wp-content\/uploads\/2017\/09\/cropped-cropped-logo-benelux-tr-fc.png","datePublished":"2018-03-07T10:29:26+00:00","dateModified":"2018-05-16T11:41:26+00:00","breadcrumb":{"@id":"https:\/\/orthodoxia.be\/de\/anerkannte-kirche\/#breadcrumb"},"inLanguage":"de","potentialAction":[{"@type":"ReadAction","target":["https:\/\/orthodoxia.be\/de\/anerkannte-kirche\/"]}]},{"@type":"ImageObject","inLanguage":"de","@id":"https:\/\/orthodoxia.be\/de\/anerkannte-kirche\/#primaryimage","url":"https:\/\/orthodoxia.be\/wp-content\/uploads\/2017\/09\/cropped-cropped-logo-benelux-tr-fc.png","contentUrl":"https:\/\/orthodoxia.be\/wp-content\/uploads\/2017\/09\/cropped-cropped-logo-benelux-tr-fc.png","width":250,"height":250},{"@type":"BreadcrumbList","@id":"https:\/\/orthodoxia.be\/de\/anerkannte-kirche\/#breadcrumb","itemListElement":[{"@type":"ListItem","position":1,"name":"Home","item":"https:\/\/orthodoxia.be\/"},{"@type":"ListItem","position":2,"name":"Anerkannte Kirche"}]},{"@type":"WebSite","@id":"https:\/\/orthodoxia.be\/#website","url":"https:\/\/orthodoxia.be\/","name":"Orthodox Archdiocese of Belgium (Benelux)","description":"Orthodox Archdiocese of Belgium","publisher":{"@id":"https:\/\/orthodoxia.be\/#organization"},"alternateName":"IMB","potentialAction":[{"@type":"SearchAction","target":{"@type":"EntryPoint","urlTemplate":"https:\/\/orthodoxia.be\/?s={search_term_string}"},"query-input":{"@type":"PropertyValueSpecification","valueRequired":true,"valueName":"search_term_string"}}],"inLanguage":"de"},{"@type":"Organization","@id":"https:\/\/orthodoxia.be\/#organization","name":"Orthodox Archdiocese of Belgium (Benelux)","url":"https:\/\/orthodoxia.be\/","logo":{"@type":"ImageObject","inLanguage":"de","@id":"https:\/\/orthodoxia.be\/#\/schema\/logo\/image\/","url":"https:\/\/orthodoxia.be\/wp-content\/uploads\/2024\/02\/cropped-IMB-logo-512-cl-1.png","contentUrl":"https:\/\/orthodoxia.be\/wp-content\/uploads\/2024\/02\/cropped-IMB-logo-512-cl-1.png","width":512,"height":512,"caption":"Orthodox Archdiocese of Belgium (Benelux)"},"image":{"@id":"https:\/\/orthodoxia.be\/#\/schema\/logo\/image\/"},"sameAs":["https:\/\/www.facebook.com\/orthobel","https:\/\/x.com\/orthobel","https:\/\/www.youtube.com\/c\/orthobel","https:\/\/www.mixcloud.com\/orthobel\/","https:\/\/www.flickr.com\/photos\/148264890@N07\/albums","https:\/\/www.dailymotion.com\/Orthobel"]}]}},"_links":{"self":[{"href":"https:\/\/orthodoxia.be\/de\/wp-json\/wp\/v2\/pages\/9504","targetHints":{"allow":["GET"]}}],"collection":[{"href":"https:\/\/orthodoxia.be\/de\/wp-json\/wp\/v2\/pages"}],"about":[{"href":"https:\/\/orthodoxia.be\/de\/wp-json\/wp\/v2\/types\/page"}],"author":[{"embeddable":true,"href":"https:\/\/orthodoxia.be\/de\/wp-json\/wp\/v2\/users\/2"}],"replies":[{"embeddable":true,"href":"https:\/\/orthodoxia.be\/de\/wp-json\/wp\/v2\/comments?post=9504"}],"version-history":[{"count":1,"href":"https:\/\/orthodoxia.be\/de\/wp-json\/wp\/v2\/pages\/9504\/revisions"}],"predecessor-version":[{"id":9505,"href":"https:\/\/orthodoxia.be\/de\/wp-json\/wp\/v2\/pages\/9504\/revisions\/9505"}],"wp:featuredmedia":[{"embeddable":true,"href":"https:\/\/orthodoxia.be\/de\/wp-json\/wp\/v2\/media\/161"}],"wp:attachment":[{"href":"https:\/\/orthodoxia.be\/de\/wp-json\/wp\/v2\/media?parent=9504"}],"curies":[{"name":"wp","href":"https:\/\/api.w.org\/{rel}","templated":true}]}}