{"id":10223,"date":"2018-05-22T10:06:10","date_gmt":"2018-05-22T08:06:10","guid":{"rendered":"http:\/\/orthodoxia.be\/?page_id=10223"},"modified":"2018-05-22T10:51:32","modified_gmt":"2018-05-22T08:51:32","slug":"predecesseurs","status":"publish","type":"page","link":"https:\/\/orthodoxia.be\/fr\/le-metropolite-athenagoras-de-belgique\/predecesseurs\/","title":{"rendered":"Pr\u00e9decesseurs"},"content":{"rendered":"<p><a href=\"https:\/\/orthodoxia.be\/fr\/le-metropolite-athenagoras-de-belgique\/predecesseurs\/le-metropolite-germanos-de-thyateira-1872-1951\/\">Le regrett\u00e9 M\u00e9tropolite Germanos de Thyateira (1872-1951)<\/a><br \/>\n<a href=\"https:\/\/orthodoxia.be\/fr\/le-metropolite-athenagoras-de-belgique\/predecesseurs\/le-metropolite-athenagoras-de-thyateira-1884-1962\/\">Le regrett\u00e9 M\u00e9tropolite Athenagoras de Thyateira (1884-1962)<\/a><\/p>\n<p><a href=\"https:\/\/orthodoxia.be\/fr\/le-metropolite-athenagoras-de-belgique\/predecesseurs\/le-metropolite-meletios-de-france-1914-1993\/\">Le regrett\u00e9 M\u00e9tropolite M\u00e9tropolite M\u00e9l\u00e9tios de France et Exarque de Belgique et du Luxembourg (1914-1993)<\/a><\/p>\n<p><a href=\"https:\/\/orthodoxia.be\/fr\/le-metropolite-athenagoras-de-belgique\/predecesseurs\/le-metropolite-polyefktos-dallemagne-et-exarque-des-pays-bas-1912-1988\/\">Le regrett\u00e9 M\u00e9tropolite Polyevktos d\u2019Allemagne et Exarque des Pays-Bas (1912-1988)<\/a><\/p>\n<p><a href=\"https:\/\/orthodoxia.be\/fr\/le-metropolite-athenagoras-de-belgique\/predecesseurs\/le-metropolite-emilianos-de-belgique-1915-2011\/\">Le regrett\u00e9 M\u00e9tropolite Emilianos de Belgique (1915-2011)<\/a><\/p>\n<p><a href=\"https:\/\/orthodoxia.be\/fr\/le-metropolite-athenagoras-de-belgique\/predecesseurs\/lancien-metropolite-panteleimon-de-belgique-1935\/\">Mgr. Panteleimon, M\u00e9tropolite \u00e9m\u00e9rite de Belgique (\u00b01935)<\/a><\/p>\n","protected":false},"excerpt":{"rendered":"<p>Le regrett\u00e9 M\u00e9tropolite Germanos de Thyateira (1872-1951) Le regrett\u00e9 M\u00e9tropolite Athenagoras de Thyateira (1884-1962) Le regrett\u00e9 M\u00e9tropolite M\u00e9tropolite M\u00e9l\u00e9tios de France et Exarque de Belgique et du Luxembourg (1914-1993) Le regrett\u00e9 M\u00e9tropolite Polyevktos d\u2019Allemagne et Exarque des Pays-Bas (1912-1988) Le regrett\u00e9 M\u00e9tropolite Emilianos de Belgique (1915-2011) Mgr. Panteleimon, M\u00e9tropolite \u00e9m\u00e9rite de Belgique (\u00b01935)<\/p>\n","protected":false},"author":2,"featured_media":0,"parent":2102,"menu_order":5,"comment_status":"closed","ping_status":"closed","template":"","meta":{"_acf_changed":false,"footnotes":""},"class_list":["post-10223","page","type-page","status-publish","hentry"],"acf":[],"yoast_head":"<!-- This site is optimized with the Yoast SEO plugin v24.3 - https:\/\/yoast.com\/wordpress\/plugins\/seo\/ -->\n<title>Pr\u00e9decesseurs - Archev\u00each\u00e9 Orthodoxe de Belgique<\/title>\n<meta name=\"robots\" content=\"index, follow, max-snippet:-1, max-image-preview:large, max-video-preview:-1\" \/>\n<link rel=\"canonical\" href=\"https:\/\/orthodoxia.be\/fr\/le-metropolite-athenagoras-de-belgique\/predecesseurs\/\" \/>\n<meta property=\"og:locale\" content=\"fr_FR\" \/>\n<meta property=\"og:type\" content=\"article\" \/>\n<meta property=\"og:title\" content=\"Pr\u00e9decesseurs - Archev\u00each\u00e9 Orthodoxe de Belgique\" \/>\n<meta property=\"og:description\" content=\"Le regrett\u00e9 M\u00e9tropolite Germanos de Thyateira (1872-1951) Le regrett\u00e9 M\u00e9tropolite Athenagoras de Thyateira (1884-1962) Le regrett\u00e9 M\u00e9tropolite M\u00e9tropolite M\u00e9l\u00e9tios de France et Exarque de Belgique et du Luxembourg (1914-1993) Le regrett\u00e9 M\u00e9tropolite Polyevktos d\u2019Allemagne et Exarque des Pays-Bas (1912-1988) Le regrett\u00e9 M\u00e9tropolite Emilianos de Belgique (1915-2011) Mgr. Panteleimon, M\u00e9tropolite \u00e9m\u00e9rite de Belgique (\u00b01935)\" \/>\n<meta property=\"og:url\" content=\"https:\/\/orthodoxia.be\/fr\/le-metropolite-athenagoras-de-belgique\/predecesseurs\/\" \/>\n<meta property=\"og:site_name\" content=\"Archev\u00each\u00e9 Orthodoxe de Belgique\" \/>\n<meta property=\"article:publisher\" content=\"https:\/\/www.facebook.com\/orthobel\" \/>\n<meta property=\"article:modified_time\" content=\"2018-05-22T08:51:32+00:00\" \/>\n<meta property=\"og:image\" content=\"https:\/\/orthodoxia.be\/wp-content\/uploads\/2025\/02\/Orthobel.jpg\" \/>\n\t<meta property=\"og:image:width\" content=\"1200\" \/>\n\t<meta property=\"og:image:height\" content=\"675\" \/>\n\t<meta property=\"og:image:type\" content=\"image\/jpeg\" \/>\n<meta name=\"twitter:card\" content=\"summary_large_image\" \/>\n<meta name=\"twitter:site\" content=\"@orthobel\" \/>\n<script type=\"application\/ld+json\" class=\"yoast-schema-graph\">{\"@context\":\"https:\/\/schema.org\",\"@graph\":[{\"@type\":\"WebPage\",\"@id\":\"https:\/\/orthodoxia.be\/fr\/le-metropolite-athenagoras-de-belgique\/predecesseurs\/\",\"url\":\"https:\/\/orthodoxia.be\/fr\/le-metropolite-athenagoras-de-belgique\/predecesseurs\/\",\"name\":\"Pr\u00e9decesseurs - Archev\u00each\u00e9 Orthodoxe de Belgique\",\"isPartOf\":{\"@id\":\"https:\/\/orthodoxia.be\/#website\"},\"datePublished\":\"2018-05-22T08:06:10+00:00\",\"dateModified\":\"2018-05-22T08:51:32+00:00\",\"breadcrumb\":{\"@id\":\"https:\/\/orthodoxia.be\/fr\/le-metropolite-athenagoras-de-belgique\/predecesseurs\/#breadcrumb\"},\"inLanguage\":\"fr-BE\",\"potentialAction\":[{\"@type\":\"ReadAction\",\"target\":[\"https:\/\/orthodoxia.be\/fr\/le-metropolite-athenagoras-de-belgique\/predecesseurs\/\"]}]},{\"@type\":\"BreadcrumbList\",\"@id\":\"https:\/\/orthodoxia.be\/fr\/le-metropolite-athenagoras-de-belgique\/predecesseurs\/#breadcrumb\",\"itemListElement\":[{\"@type\":\"ListItem\",\"position\":1,\"name\":\"Home\",\"item\":\"https:\/\/orthodoxia.be\/fr\/\"},{\"@type\":\"ListItem\",\"position\":2,\"name\":\"le M\u00e9tropolite Ath\u00e9nagoras de Belgique\",\"item\":\"https:\/\/orthodoxia.be\/fr\/le-metropolite-athenagoras-de-belgique\/\"},{\"@type\":\"ListItem\",\"position\":3,\"name\":\"Pr\u00e9decesseurs\"}]},{\"@type\":\"WebSite\",\"@id\":\"https:\/\/orthodoxia.be\/#website\",\"url\":\"https:\/\/orthodoxia.be\/\",\"name\":\"Orthodox Archdiocese of Belgium (Benelux)\",\"description\":\"Exarque des Pays-Bas et du Luxembourg\",\"publisher\":{\"@id\":\"https:\/\/orthodoxia.be\/#organization\"},\"alternateName\":\"IMB\",\"potentialAction\":[{\"@type\":\"SearchAction\",\"target\":{\"@type\":\"EntryPoint\",\"urlTemplate\":\"https:\/\/orthodoxia.be\/?s={search_term_string}\"},\"query-input\":{\"@type\":\"PropertyValueSpecification\",\"valueRequired\":true,\"valueName\":\"search_term_string\"}}],\"inLanguage\":\"fr-BE\"},{\"@type\":\"Organization\",\"@id\":\"https:\/\/orthodoxia.be\/#organization\",\"name\":\"Orthodox Archdiocese of Belgium (Benelux)\",\"url\":\"https:\/\/orthodoxia.be\/\",\"logo\":{\"@type\":\"ImageObject\",\"inLanguage\":\"fr-BE\",\"@id\":\"https:\/\/orthodoxia.be\/#\/schema\/logo\/image\/\",\"url\":\"https:\/\/orthodoxia.be\/wp-content\/uploads\/2024\/02\/cropped-IMB-logo-512-cl-1.png\",\"contentUrl\":\"https:\/\/orthodoxia.be\/wp-content\/uploads\/2024\/02\/cropped-IMB-logo-512-cl-1.png\",\"width\":512,\"height\":512,\"caption\":\"Orthodox Archdiocese of Belgium (Benelux)\"},\"image\":{\"@id\":\"https:\/\/orthodoxia.be\/#\/schema\/logo\/image\/\"},\"sameAs\":[\"https:\/\/www.facebook.com\/orthobel\",\"https:\/\/x.com\/orthobel\",\"https:\/\/www.youtube.com\/c\/orthobel\",\"https:\/\/www.mixcloud.com\/orthobel\/\",\"https:\/\/www.flickr.com\/photos\/148264890@N07\/albums\",\"https:\/\/www.dailymotion.com\/Orthobel\"]}]}<\/script>\n<!-- \/ Yoast SEO plugin. -->","yoast_head_json":{"title":"Pr\u00e9decesseurs - Archev\u00each\u00e9 Orthodoxe de Belgique","robots":{"index":"index","follow":"follow","max-snippet":"max-snippet:-1","max-image-preview":"max-image-preview:large","max-video-preview":"max-video-preview:-1"},"canonical":"https:\/\/orthodoxia.be\/fr\/le-metropolite-athenagoras-de-belgique\/predecesseurs\/","og_locale":"fr_FR","og_type":"article","og_title":"Pr\u00e9decesseurs - Archev\u00each\u00e9 Orthodoxe de Belgique","og_description":"Le regrett\u00e9 M\u00e9tropolite Germanos de Thyateira (1872-1951) Le regrett\u00e9 M\u00e9tropolite Athenagoras de Thyateira (1884-1962) Le regrett\u00e9 M\u00e9tropolite M\u00e9tropolite M\u00e9l\u00e9tios de France et Exarque de Belgique et du Luxembourg (1914-1993) Le regrett\u00e9 M\u00e9tropolite Polyevktos d\u2019Allemagne et Exarque des Pays-Bas (1912-1988) Le regrett\u00e9 M\u00e9tropolite Emilianos de Belgique (1915-2011) Mgr. Panteleimon, M\u00e9tropolite \u00e9m\u00e9rite de Belgique (\u00b01935)","og_url":"https:\/\/orthodoxia.be\/fr\/le-metropolite-athenagoras-de-belgique\/predecesseurs\/","og_site_name":"Archev\u00each\u00e9 Orthodoxe de Belgique","article_publisher":"https:\/\/www.facebook.com\/orthobel","article_modified_time":"2018-05-22T08:51:32+00:00","og_image":[{"width":1200,"height":675,"url":"https:\/\/orthodoxia.be\/wp-content\/uploads\/2025\/02\/Orthobel.jpg","type":"image\/jpeg"}],"twitter_card":"summary_large_image","twitter_site":"@orthobel","schema":{"@context":"https:\/\/schema.org","@graph":[{"@type":"WebPage","@id":"https:\/\/orthodoxia.be\/fr\/le-metropolite-athenagoras-de-belgique\/predecesseurs\/","url":"https:\/\/orthodoxia.be\/fr\/le-metropolite-athenagoras-de-belgique\/predecesseurs\/","name":"Pr\u00e9decesseurs - Archev\u00each\u00e9 Orthodoxe de Belgique","isPartOf":{"@id":"https:\/\/orthodoxia.be\/#website"},"datePublished":"2018-05-22T08:06:10+00:00","dateModified":"2018-05-22T08:51:32+00:00","breadcrumb":{"@id":"https:\/\/orthodoxia.be\/fr\/le-metropolite-athenagoras-de-belgique\/predecesseurs\/#breadcrumb"},"inLanguage":"fr-BE","potentialAction":[{"@type":"ReadAction","target":["https:\/\/orthodoxia.be\/fr\/le-metropolite-athenagoras-de-belgique\/predecesseurs\/"]}]},{"@type":"BreadcrumbList","@id":"https:\/\/orthodoxia.be\/fr\/le-metropolite-athenagoras-de-belgique\/predecesseurs\/#breadcrumb","itemListElement":[{"@type":"ListItem","position":1,"name":"Home","item":"https:\/\/orthodoxia.be\/fr\/"},{"@type":"ListItem","position":2,"name":"le M\u00e9tropolite Ath\u00e9nagoras de Belgique","item":"https:\/\/orthodoxia.be\/fr\/le-metropolite-athenagoras-de-belgique\/"},{"@type":"ListItem","position":3,"name":"Pr\u00e9decesseurs"}]},{"@type":"WebSite","@id":"https:\/\/orthodoxia.be\/#website","url":"https:\/\/orthodoxia.be\/","name":"Orthodox Archdiocese of Belgium (Benelux)","description":"Exarque des Pays-Bas et du Luxembourg","publisher":{"@id":"https:\/\/orthodoxia.be\/#organization"},"alternateName":"IMB","potentialAction":[{"@type":"SearchAction","target":{"@type":"EntryPoint","urlTemplate":"https:\/\/orthodoxia.be\/?s={search_term_string}"},"query-input":{"@type":"PropertyValueSpecification","valueRequired":true,"valueName":"search_term_string"}}],"inLanguage":"fr-BE"},{"@type":"Organization","@id":"https:\/\/orthodoxia.be\/#organization","name":"Orthodox Archdiocese of Belgium (Benelux)","url":"https:\/\/orthodoxia.be\/","logo":{"@type":"ImageObject","inLanguage":"fr-BE","@id":"https:\/\/orthodoxia.be\/#\/schema\/logo\/image\/","url":"https:\/\/orthodoxia.be\/wp-content\/uploads\/2024\/02\/cropped-IMB-logo-512-cl-1.png","contentUrl":"https:\/\/orthodoxia.be\/wp-content\/uploads\/2024\/02\/cropped-IMB-logo-512-cl-1.png","width":512,"height":512,"caption":"Orthodox Archdiocese of Belgium (Benelux)"},"image":{"@id":"https:\/\/orthodoxia.be\/#\/schema\/logo\/image\/"},"sameAs":["https:\/\/www.facebook.com\/orthobel","https:\/\/x.com\/orthobel","https:\/\/www.youtube.com\/c\/orthobel","https:\/\/www.mixcloud.com\/orthobel\/","https:\/\/www.flickr.com\/photos\/148264890@N07\/albums","https:\/\/www.dailymotion.com\/Orthobel"]}]}},"_links":{"self":[{"href":"https:\/\/orthodoxia.be\/fr\/wp-json\/wp\/v2\/pages\/10223","targetHints":{"allow":["GET"]}}],"collection":[{"href":"https:\/\/orthodoxia.be\/fr\/wp-json\/wp\/v2\/pages"}],"about":[{"href":"https:\/\/orthodoxia.be\/fr\/wp-json\/wp\/v2\/types\/page"}],"author":[{"embeddable":true,"href":"https:\/\/orthodoxia.be\/fr\/wp-json\/wp\/v2\/users\/2"}],"replies":[{"embeddable":true,"href":"https:\/\/orthodoxia.be\/fr\/wp-json\/wp\/v2\/comments?post=10223"}],"version-history":[{"count":3,"href":"https:\/\/orthodoxia.be\/fr\/wp-json\/wp\/v2\/pages\/10223\/revisions"}],"predecessor-version":[{"id":10238,"href":"https:\/\/orthodoxia.be\/fr\/wp-json\/wp\/v2\/pages\/10223\/revisions\/10238"}],"up":[{"embeddable":true,"href":"https:\/\/orthodoxia.be\/fr\/wp-json\/wp\/v2\/pages\/2102"}],"wp:attachment":[{"href":"https:\/\/orthodoxia.be\/fr\/wp-json\/wp\/v2\/media?parent=10223"}],"curies":[{"name":"wp","href":"https:\/\/api.w.org\/{rel}","templated":true}]}}