{"id":15824,"date":"2018-06-13T15:06:48","date_gmt":"2018-06-13T13:06:48","guid":{"rendered":"http:\/\/orthodoxia.be\/?page_id=15824"},"modified":"2019-01-18T16:08:01","modified_gmt":"2019-01-18T15:08:01","slug":"contact","status":"publish","type":"page","link":"https:\/\/orthodoxia.be\/fr\/conference-episcopale-orthodoxe-du-benelux\/contact\/","title":{"rendered":"CONTACT"},"content":{"rendered":"<h3> PRESIDENT:<\/h3>\n<p><strong>Son Eminence le M\u00e9tropolite Ath\u00e9nagoras de Belgique<br \/>\nExarque des Pays-Bas et du Luxembourg<\/strong><br \/>\nAvenue Charbo 71<br \/>\n1030 Bruxelles<br \/>\nBelgique<\/p>\n<p>T\u00e9l.: +32.2\/736.52.78<br \/>\nFax: +32.2.735.32.64<br \/>\nE-mail: belgiou@orthodoxia.be<\/p>\n<h3> SECRETARIAT:<\/h3>\n<p>Protopresbytre du Tr\u00f4ne Oec. Panagiotis Moschonas<br \/>\nAvenue Charbo 71<br \/>\n1030 Bruxelles<br \/>\nBelgique<\/p>\n<p>T\u00e9l.: +32.473.21.37.18<br \/>\nE-mail: <span>pmoshonas@gmx.fr<\/span><\/p>\n","protected":false},"excerpt":{"rendered":"<p>PRESIDENT: Son Eminence le M\u00e9tropolite Ath\u00e9nagoras de Belgique Exarque des Pays-Bas et du Luxembourg Avenue Charbo 71 1030 Bruxelles Belgique T\u00e9l.: +32.2\/736.52.78 Fax: +32.2.735.32.64 E-mail: belgiou@orthodoxia.be SECRETARIAT: Protopresbytre du Tr\u00f4ne Oec. Panagiotis Moschonas Avenue Charbo 71 1030 Bruxelles Belgique T\u00e9l.: +32.473.21.37.18 E-mail: pmoshonas@gmx.fr<\/p>\n","protected":false},"author":2,"featured_media":0,"parent":5702,"menu_order":5,"comment_status":"closed","ping_status":"closed","template":"","meta":{"_acf_changed":false,"footnotes":""},"class_list":["post-15824","page","type-page","status-publish","hentry"],"acf":[],"yoast_head":"<!-- This site is optimized with the Yoast SEO plugin v24.3 - https:\/\/yoast.com\/wordpress\/plugins\/seo\/ -->\n<title>CONTACT - Archev\u00each\u00e9 Orthodoxe de Belgique<\/title>\n<meta name=\"robots\" content=\"index, follow, max-snippet:-1, max-image-preview:large, max-video-preview:-1\" \/>\n<link rel=\"canonical\" href=\"https:\/\/orthodoxia.be\/fr\/conference-episcopale-orthodoxe-du-benelux\/contact\/\" \/>\n<meta property=\"og:locale\" content=\"fr_FR\" \/>\n<meta property=\"og:type\" content=\"article\" \/>\n<meta property=\"og:title\" content=\"CONTACT - Archev\u00each\u00e9 Orthodoxe de Belgique\" \/>\n<meta property=\"og:description\" content=\"PRESIDENT: Son Eminence le M\u00e9tropolite Ath\u00e9nagoras de Belgique Exarque des Pays-Bas et du Luxembourg Avenue Charbo 71 1030 Bruxelles Belgique T\u00e9l.: +32.2\/736.52.78 Fax: +32.2.735.32.64 E-mail: belgiou@orthodoxia.be SECRETARIAT: Protopresbytre du Tr\u00f4ne Oec. Panagiotis Moschonas Avenue Charbo 71 1030 Bruxelles Belgique T\u00e9l.: +32.473.21.37.18 E-mail: pmoshonas@gmx.fr\" \/>\n<meta property=\"og:url\" content=\"https:\/\/orthodoxia.be\/fr\/conference-episcopale-orthodoxe-du-benelux\/contact\/\" \/>\n<meta property=\"og:site_name\" content=\"Archev\u00each\u00e9 Orthodoxe de Belgique\" \/>\n<meta property=\"article:publisher\" content=\"https:\/\/www.facebook.com\/orthobel\" \/>\n<meta property=\"article:modified_time\" content=\"2019-01-18T15:08:01+00:00\" \/>\n<meta property=\"og:image\" content=\"https:\/\/orthodoxia.be\/wp-content\/uploads\/2025\/02\/Orthobel.jpg\" \/>\n\t<meta property=\"og:image:width\" content=\"1200\" \/>\n\t<meta property=\"og:image:height\" content=\"675\" \/>\n\t<meta property=\"og:image:type\" content=\"image\/jpeg\" \/>\n<meta name=\"twitter:card\" content=\"summary_large_image\" \/>\n<meta name=\"twitter:site\" content=\"@orthobel\" \/>\n<script type=\"application\/ld+json\" class=\"yoast-schema-graph\">{\"@context\":\"https:\/\/schema.org\",\"@graph\":[{\"@type\":\"WebPage\",\"@id\":\"https:\/\/orthodoxia.be\/fr\/conference-episcopale-orthodoxe-du-benelux\/contact\/\",\"url\":\"https:\/\/orthodoxia.be\/fr\/conference-episcopale-orthodoxe-du-benelux\/contact\/\",\"name\":\"CONTACT - Archev\u00each\u00e9 Orthodoxe de Belgique\",\"isPartOf\":{\"@id\":\"https:\/\/orthodoxia.be\/#website\"},\"datePublished\":\"2018-06-13T13:06:48+00:00\",\"dateModified\":\"2019-01-18T15:08:01+00:00\",\"breadcrumb\":{\"@id\":\"https:\/\/orthodoxia.be\/fr\/conference-episcopale-orthodoxe-du-benelux\/contact\/#breadcrumb\"},\"inLanguage\":\"fr-BE\",\"potentialAction\":[{\"@type\":\"ReadAction\",\"target\":[\"https:\/\/orthodoxia.be\/fr\/conference-episcopale-orthodoxe-du-benelux\/contact\/\"]}]},{\"@type\":\"BreadcrumbList\",\"@id\":\"https:\/\/orthodoxia.be\/fr\/conference-episcopale-orthodoxe-du-benelux\/contact\/#breadcrumb\",\"itemListElement\":[{\"@type\":\"ListItem\",\"position\":1,\"name\":\"Home\",\"item\":\"https:\/\/orthodoxia.be\/fr\/\"},{\"@type\":\"ListItem\",\"position\":2,\"name\":\"Conf\u00e9rence Episcopale Orthodoxe du Benelux\",\"item\":\"https:\/\/orthodoxia.be\/fr\/conference-episcopale-orthodoxe-du-benelux\/\"},{\"@type\":\"ListItem\",\"position\":3,\"name\":\"CONTACT\"}]},{\"@type\":\"WebSite\",\"@id\":\"https:\/\/orthodoxia.be\/#website\",\"url\":\"https:\/\/orthodoxia.be\/\",\"name\":\"Orthodox Archdiocese of Belgium (Benelux)\",\"description\":\"Exarque des Pays-Bas et du Luxembourg\",\"publisher\":{\"@id\":\"https:\/\/orthodoxia.be\/#organization\"},\"alternateName\":\"IMB\",\"potentialAction\":[{\"@type\":\"SearchAction\",\"target\":{\"@type\":\"EntryPoint\",\"urlTemplate\":\"https:\/\/orthodoxia.be\/?s={search_term_string}\"},\"query-input\":{\"@type\":\"PropertyValueSpecification\",\"valueRequired\":true,\"valueName\":\"search_term_string\"}}],\"inLanguage\":\"fr-BE\"},{\"@type\":\"Organization\",\"@id\":\"https:\/\/orthodoxia.be\/#organization\",\"name\":\"Orthodox Archdiocese of Belgium (Benelux)\",\"url\":\"https:\/\/orthodoxia.be\/\",\"logo\":{\"@type\":\"ImageObject\",\"inLanguage\":\"fr-BE\",\"@id\":\"https:\/\/orthodoxia.be\/#\/schema\/logo\/image\/\",\"url\":\"https:\/\/orthodoxia.be\/wp-content\/uploads\/2024\/02\/cropped-IMB-logo-512-cl-1.png\",\"contentUrl\":\"https:\/\/orthodoxia.be\/wp-content\/uploads\/2024\/02\/cropped-IMB-logo-512-cl-1.png\",\"width\":512,\"height\":512,\"caption\":\"Orthodox Archdiocese of Belgium (Benelux)\"},\"image\":{\"@id\":\"https:\/\/orthodoxia.be\/#\/schema\/logo\/image\/\"},\"sameAs\":[\"https:\/\/www.facebook.com\/orthobel\",\"https:\/\/x.com\/orthobel\",\"https:\/\/www.youtube.com\/c\/orthobel\",\"https:\/\/www.mixcloud.com\/orthobel\/\",\"https:\/\/www.flickr.com\/photos\/148264890@N07\/albums\",\"https:\/\/www.dailymotion.com\/Orthobel\"]}]}<\/script>\n<!-- \/ Yoast SEO plugin. -->","yoast_head_json":{"title":"CONTACT - Archev\u00each\u00e9 Orthodoxe de Belgique","robots":{"index":"index","follow":"follow","max-snippet":"max-snippet:-1","max-image-preview":"max-image-preview:large","max-video-preview":"max-video-preview:-1"},"canonical":"https:\/\/orthodoxia.be\/fr\/conference-episcopale-orthodoxe-du-benelux\/contact\/","og_locale":"fr_FR","og_type":"article","og_title":"CONTACT - Archev\u00each\u00e9 Orthodoxe de Belgique","og_description":"PRESIDENT: Son Eminence le M\u00e9tropolite Ath\u00e9nagoras de Belgique Exarque des Pays-Bas et du Luxembourg Avenue Charbo 71 1030 Bruxelles Belgique T\u00e9l.: +32.2\/736.52.78 Fax: +32.2.735.32.64 E-mail: belgiou@orthodoxia.be SECRETARIAT: Protopresbytre du Tr\u00f4ne Oec. Panagiotis Moschonas Avenue Charbo 71 1030 Bruxelles Belgique T\u00e9l.: +32.473.21.37.18 E-mail: pmoshonas@gmx.fr","og_url":"https:\/\/orthodoxia.be\/fr\/conference-episcopale-orthodoxe-du-benelux\/contact\/","og_site_name":"Archev\u00each\u00e9 Orthodoxe de Belgique","article_publisher":"https:\/\/www.facebook.com\/orthobel","article_modified_time":"2019-01-18T15:08:01+00:00","og_image":[{"width":1200,"height":675,"url":"https:\/\/orthodoxia.be\/wp-content\/uploads\/2025\/02\/Orthobel.jpg","type":"image\/jpeg"}],"twitter_card":"summary_large_image","twitter_site":"@orthobel","schema":{"@context":"https:\/\/schema.org","@graph":[{"@type":"WebPage","@id":"https:\/\/orthodoxia.be\/fr\/conference-episcopale-orthodoxe-du-benelux\/contact\/","url":"https:\/\/orthodoxia.be\/fr\/conference-episcopale-orthodoxe-du-benelux\/contact\/","name":"CONTACT - Archev\u00each\u00e9 Orthodoxe de Belgique","isPartOf":{"@id":"https:\/\/orthodoxia.be\/#website"},"datePublished":"2018-06-13T13:06:48+00:00","dateModified":"2019-01-18T15:08:01+00:00","breadcrumb":{"@id":"https:\/\/orthodoxia.be\/fr\/conference-episcopale-orthodoxe-du-benelux\/contact\/#breadcrumb"},"inLanguage":"fr-BE","potentialAction":[{"@type":"ReadAction","target":["https:\/\/orthodoxia.be\/fr\/conference-episcopale-orthodoxe-du-benelux\/contact\/"]}]},{"@type":"BreadcrumbList","@id":"https:\/\/orthodoxia.be\/fr\/conference-episcopale-orthodoxe-du-benelux\/contact\/#breadcrumb","itemListElement":[{"@type":"ListItem","position":1,"name":"Home","item":"https:\/\/orthodoxia.be\/fr\/"},{"@type":"ListItem","position":2,"name":"Conf\u00e9rence Episcopale Orthodoxe du Benelux","item":"https:\/\/orthodoxia.be\/fr\/conference-episcopale-orthodoxe-du-benelux\/"},{"@type":"ListItem","position":3,"name":"CONTACT"}]},{"@type":"WebSite","@id":"https:\/\/orthodoxia.be\/#website","url":"https:\/\/orthodoxia.be\/","name":"Orthodox Archdiocese of Belgium (Benelux)","description":"Exarque des Pays-Bas et du Luxembourg","publisher":{"@id":"https:\/\/orthodoxia.be\/#organization"},"alternateName":"IMB","potentialAction":[{"@type":"SearchAction","target":{"@type":"EntryPoint","urlTemplate":"https:\/\/orthodoxia.be\/?s={search_term_string}"},"query-input":{"@type":"PropertyValueSpecification","valueRequired":true,"valueName":"search_term_string"}}],"inLanguage":"fr-BE"},{"@type":"Organization","@id":"https:\/\/orthodoxia.be\/#organization","name":"Orthodox Archdiocese of Belgium (Benelux)","url":"https:\/\/orthodoxia.be\/","logo":{"@type":"ImageObject","inLanguage":"fr-BE","@id":"https:\/\/orthodoxia.be\/#\/schema\/logo\/image\/","url":"https:\/\/orthodoxia.be\/wp-content\/uploads\/2024\/02\/cropped-IMB-logo-512-cl-1.png","contentUrl":"https:\/\/orthodoxia.be\/wp-content\/uploads\/2024\/02\/cropped-IMB-logo-512-cl-1.png","width":512,"height":512,"caption":"Orthodox Archdiocese of Belgium (Benelux)"},"image":{"@id":"https:\/\/orthodoxia.be\/#\/schema\/logo\/image\/"},"sameAs":["https:\/\/www.facebook.com\/orthobel","https:\/\/x.com\/orthobel","https:\/\/www.youtube.com\/c\/orthobel","https:\/\/www.mixcloud.com\/orthobel\/","https:\/\/www.flickr.com\/photos\/148264890@N07\/albums","https:\/\/www.dailymotion.com\/Orthobel"]}]}},"_links":{"self":[{"href":"https:\/\/orthodoxia.be\/fr\/wp-json\/wp\/v2\/pages\/15824","targetHints":{"allow":["GET"]}}],"collection":[{"href":"https:\/\/orthodoxia.be\/fr\/wp-json\/wp\/v2\/pages"}],"about":[{"href":"https:\/\/orthodoxia.be\/fr\/wp-json\/wp\/v2\/types\/page"}],"author":[{"embeddable":true,"href":"https:\/\/orthodoxia.be\/fr\/wp-json\/wp\/v2\/users\/2"}],"replies":[{"embeddable":true,"href":"https:\/\/orthodoxia.be\/fr\/wp-json\/wp\/v2\/comments?post=15824"}],"version-history":[{"count":1,"href":"https:\/\/orthodoxia.be\/fr\/wp-json\/wp\/v2\/pages\/15824\/revisions"}],"predecessor-version":[{"id":15825,"href":"https:\/\/orthodoxia.be\/fr\/wp-json\/wp\/v2\/pages\/15824\/revisions\/15825"}],"up":[{"embeddable":true,"href":"https:\/\/orthodoxia.be\/fr\/wp-json\/wp\/v2\/pages\/5702"}],"wp:attachment":[{"href":"https:\/\/orthodoxia.be\/fr\/wp-json\/wp\/v2\/media?parent=15824"}],"curies":[{"name":"wp","href":"https:\/\/api.w.org\/{rel}","templated":true}]}}