{"id":18895,"date":"2019-06-12T15:51:59","date_gmt":"2019-06-12T13:51:59","guid":{"rendered":"http:\/\/orthodoxia.be\/?page_id=18895"},"modified":"2019-06-12T15:52:45","modified_gmt":"2019-06-12T13:52:45","slug":"en-quete-de-sens-orthodoxie-emissions-concedees-de-la-rtbf","status":"publish","type":"page","link":"https:\/\/orthodoxia.be\/fr\/en-quete-de-sens-orthodoxie-emissions-concedees-de-la-rtbf\/","title":{"rendered":"En qu\u00eate de sens \u2013 Orthodoxie (\u00c9missions Conc\u00e9d\u00e9es de la RTBF)"},"content":{"rendered":"<p><iframe loading=\"lazy\" width=\"100%\" height=\"315\" src=\"https:\/\/www.youtube.com\/embed\/videoseries?list=PLB3wb7i3O87ZIZZxPEv-eWhJ8ytW9Jk60\" frameborder=\"0\" allow=\"accelerometer; autoplay; encrypted-media; gyroscope; picture-in-picture\" allowfullscreen><\/iframe><\/p>\n","protected":false},"excerpt":{"rendered":"","protected":false},"author":2,"featured_media":0,"parent":0,"menu_order":0,"comment_status":"closed","ping_status":"closed","template":"","meta":{"_acf_changed":false,"footnotes":""},"class_list":["post-18895","page","type-page","status-publish","hentry"],"acf":[],"yoast_head":"<!-- This site is optimized with the Yoast SEO plugin v24.3 - https:\/\/yoast.com\/wordpress\/plugins\/seo\/ -->\n<title>En qu\u00eate de sens - Orthodoxie (\u00c9missions Conc\u00e9d\u00e9es de la RTBF) - Archev\u00each\u00e9 Orthodoxe de Belgique<\/title>\n<meta name=\"robots\" content=\"index, follow, max-snippet:-1, max-image-preview:large, max-video-preview:-1\" \/>\n<link rel=\"canonical\" href=\"https:\/\/orthodoxia.be\/fr\/en-quete-de-sens-orthodoxie-emissions-concedees-de-la-rtbf\/\" \/>\n<meta property=\"og:locale\" content=\"fr_FR\" \/>\n<meta property=\"og:type\" content=\"article\" \/>\n<meta property=\"og:title\" content=\"En qu\u00eate de sens - Orthodoxie (\u00c9missions Conc\u00e9d\u00e9es de la RTBF) - Archev\u00each\u00e9 Orthodoxe de Belgique\" \/>\n<meta property=\"og:url\" content=\"https:\/\/orthodoxia.be\/fr\/en-quete-de-sens-orthodoxie-emissions-concedees-de-la-rtbf\/\" \/>\n<meta property=\"og:site_name\" content=\"Archev\u00each\u00e9 Orthodoxe de Belgique\" \/>\n<meta property=\"article:publisher\" content=\"https:\/\/www.facebook.com\/orthobel\" \/>\n<meta property=\"article:modified_time\" content=\"2019-06-12T13:52:45+00:00\" \/>\n<meta property=\"og:image\" content=\"https:\/\/orthodoxia.be\/wp-content\/uploads\/2025\/02\/Orthobel.jpg\" \/>\n\t<meta property=\"og:image:width\" content=\"1200\" \/>\n\t<meta property=\"og:image:height\" content=\"675\" \/>\n\t<meta property=\"og:image:type\" content=\"image\/jpeg\" \/>\n<meta name=\"twitter:card\" content=\"summary_large_image\" \/>\n<meta name=\"twitter:site\" content=\"@orthobel\" \/>\n<script type=\"application\/ld+json\" class=\"yoast-schema-graph\">{\"@context\":\"https:\/\/schema.org\",\"@graph\":[{\"@type\":\"WebPage\",\"@id\":\"https:\/\/orthodoxia.be\/fr\/en-quete-de-sens-orthodoxie-emissions-concedees-de-la-rtbf\/\",\"url\":\"https:\/\/orthodoxia.be\/fr\/en-quete-de-sens-orthodoxie-emissions-concedees-de-la-rtbf\/\",\"name\":\"En qu\u00eate de sens - Orthodoxie (\u00c9missions Conc\u00e9d\u00e9es de la RTBF) - Archev\u00each\u00e9 Orthodoxe de Belgique\",\"isPartOf\":{\"@id\":\"https:\/\/orthodoxia.be\/#website\"},\"datePublished\":\"2019-06-12T13:51:59+00:00\",\"dateModified\":\"2019-06-12T13:52:45+00:00\",\"breadcrumb\":{\"@id\":\"https:\/\/orthodoxia.be\/fr\/en-quete-de-sens-orthodoxie-emissions-concedees-de-la-rtbf\/#breadcrumb\"},\"inLanguage\":\"fr-BE\",\"potentialAction\":[{\"@type\":\"ReadAction\",\"target\":[\"https:\/\/orthodoxia.be\/fr\/en-quete-de-sens-orthodoxie-emissions-concedees-de-la-rtbf\/\"]}]},{\"@type\":\"BreadcrumbList\",\"@id\":\"https:\/\/orthodoxia.be\/fr\/en-quete-de-sens-orthodoxie-emissions-concedees-de-la-rtbf\/#breadcrumb\",\"itemListElement\":[{\"@type\":\"ListItem\",\"position\":1,\"name\":\"Home\",\"item\":\"https:\/\/orthodoxia.be\/fr\/\"},{\"@type\":\"ListItem\",\"position\":2,\"name\":\"En qu\u00eate de sens &#8211; Orthodoxie (\u00c9missions Conc\u00e9d\u00e9es de la RTBF)\"}]},{\"@type\":\"WebSite\",\"@id\":\"https:\/\/orthodoxia.be\/#website\",\"url\":\"https:\/\/orthodoxia.be\/\",\"name\":\"Orthodox Archdiocese of Belgium (Benelux)\",\"description\":\"Exarque des Pays-Bas et du Luxembourg\",\"publisher\":{\"@id\":\"https:\/\/orthodoxia.be\/#organization\"},\"alternateName\":\"IMB\",\"potentialAction\":[{\"@type\":\"SearchAction\",\"target\":{\"@type\":\"EntryPoint\",\"urlTemplate\":\"https:\/\/orthodoxia.be\/?s={search_term_string}\"},\"query-input\":{\"@type\":\"PropertyValueSpecification\",\"valueRequired\":true,\"valueName\":\"search_term_string\"}}],\"inLanguage\":\"fr-BE\"},{\"@type\":\"Organization\",\"@id\":\"https:\/\/orthodoxia.be\/#organization\",\"name\":\"Orthodox Archdiocese of Belgium (Benelux)\",\"url\":\"https:\/\/orthodoxia.be\/\",\"logo\":{\"@type\":\"ImageObject\",\"inLanguage\":\"fr-BE\",\"@id\":\"https:\/\/orthodoxia.be\/#\/schema\/logo\/image\/\",\"url\":\"https:\/\/orthodoxia.be\/wp-content\/uploads\/2024\/02\/cropped-IMB-logo-512-cl-1.png\",\"contentUrl\":\"https:\/\/orthodoxia.be\/wp-content\/uploads\/2024\/02\/cropped-IMB-logo-512-cl-1.png\",\"width\":512,\"height\":512,\"caption\":\"Orthodox Archdiocese of Belgium (Benelux)\"},\"image\":{\"@id\":\"https:\/\/orthodoxia.be\/#\/schema\/logo\/image\/\"},\"sameAs\":[\"https:\/\/www.facebook.com\/orthobel\",\"https:\/\/x.com\/orthobel\",\"https:\/\/www.youtube.com\/c\/orthobel\",\"https:\/\/www.mixcloud.com\/orthobel\/\",\"https:\/\/www.flickr.com\/photos\/148264890@N07\/albums\",\"https:\/\/www.dailymotion.com\/Orthobel\"]}]}<\/script>\n<!-- \/ Yoast SEO plugin. -->","yoast_head_json":{"title":"En qu\u00eate de sens - Orthodoxie (\u00c9missions Conc\u00e9d\u00e9es de la RTBF) - Archev\u00each\u00e9 Orthodoxe de Belgique","robots":{"index":"index","follow":"follow","max-snippet":"max-snippet:-1","max-image-preview":"max-image-preview:large","max-video-preview":"max-video-preview:-1"},"canonical":"https:\/\/orthodoxia.be\/fr\/en-quete-de-sens-orthodoxie-emissions-concedees-de-la-rtbf\/","og_locale":"fr_FR","og_type":"article","og_title":"En qu\u00eate de sens - Orthodoxie (\u00c9missions Conc\u00e9d\u00e9es de la RTBF) - Archev\u00each\u00e9 Orthodoxe de Belgique","og_url":"https:\/\/orthodoxia.be\/fr\/en-quete-de-sens-orthodoxie-emissions-concedees-de-la-rtbf\/","og_site_name":"Archev\u00each\u00e9 Orthodoxe de Belgique","article_publisher":"https:\/\/www.facebook.com\/orthobel","article_modified_time":"2019-06-12T13:52:45+00:00","og_image":[{"width":1200,"height":675,"url":"https:\/\/orthodoxia.be\/wp-content\/uploads\/2025\/02\/Orthobel.jpg","type":"image\/jpeg"}],"twitter_card":"summary_large_image","twitter_site":"@orthobel","schema":{"@context":"https:\/\/schema.org","@graph":[{"@type":"WebPage","@id":"https:\/\/orthodoxia.be\/fr\/en-quete-de-sens-orthodoxie-emissions-concedees-de-la-rtbf\/","url":"https:\/\/orthodoxia.be\/fr\/en-quete-de-sens-orthodoxie-emissions-concedees-de-la-rtbf\/","name":"En qu\u00eate de sens - Orthodoxie (\u00c9missions Conc\u00e9d\u00e9es de la RTBF) - Archev\u00each\u00e9 Orthodoxe de Belgique","isPartOf":{"@id":"https:\/\/orthodoxia.be\/#website"},"datePublished":"2019-06-12T13:51:59+00:00","dateModified":"2019-06-12T13:52:45+00:00","breadcrumb":{"@id":"https:\/\/orthodoxia.be\/fr\/en-quete-de-sens-orthodoxie-emissions-concedees-de-la-rtbf\/#breadcrumb"},"inLanguage":"fr-BE","potentialAction":[{"@type":"ReadAction","target":["https:\/\/orthodoxia.be\/fr\/en-quete-de-sens-orthodoxie-emissions-concedees-de-la-rtbf\/"]}]},{"@type":"BreadcrumbList","@id":"https:\/\/orthodoxia.be\/fr\/en-quete-de-sens-orthodoxie-emissions-concedees-de-la-rtbf\/#breadcrumb","itemListElement":[{"@type":"ListItem","position":1,"name":"Home","item":"https:\/\/orthodoxia.be\/fr\/"},{"@type":"ListItem","position":2,"name":"En qu\u00eate de sens &#8211; Orthodoxie (\u00c9missions Conc\u00e9d\u00e9es de la RTBF)"}]},{"@type":"WebSite","@id":"https:\/\/orthodoxia.be\/#website","url":"https:\/\/orthodoxia.be\/","name":"Orthodox Archdiocese of Belgium (Benelux)","description":"Exarque des Pays-Bas et du Luxembourg","publisher":{"@id":"https:\/\/orthodoxia.be\/#organization"},"alternateName":"IMB","potentialAction":[{"@type":"SearchAction","target":{"@type":"EntryPoint","urlTemplate":"https:\/\/orthodoxia.be\/?s={search_term_string}"},"query-input":{"@type":"PropertyValueSpecification","valueRequired":true,"valueName":"search_term_string"}}],"inLanguage":"fr-BE"},{"@type":"Organization","@id":"https:\/\/orthodoxia.be\/#organization","name":"Orthodox Archdiocese of Belgium (Benelux)","url":"https:\/\/orthodoxia.be\/","logo":{"@type":"ImageObject","inLanguage":"fr-BE","@id":"https:\/\/orthodoxia.be\/#\/schema\/logo\/image\/","url":"https:\/\/orthodoxia.be\/wp-content\/uploads\/2024\/02\/cropped-IMB-logo-512-cl-1.png","contentUrl":"https:\/\/orthodoxia.be\/wp-content\/uploads\/2024\/02\/cropped-IMB-logo-512-cl-1.png","width":512,"height":512,"caption":"Orthodox Archdiocese of Belgium (Benelux)"},"image":{"@id":"https:\/\/orthodoxia.be\/#\/schema\/logo\/image\/"},"sameAs":["https:\/\/www.facebook.com\/orthobel","https:\/\/x.com\/orthobel","https:\/\/www.youtube.com\/c\/orthobel","https:\/\/www.mixcloud.com\/orthobel\/","https:\/\/www.flickr.com\/photos\/148264890@N07\/albums","https:\/\/www.dailymotion.com\/Orthobel"]}]}},"_links":{"self":[{"href":"https:\/\/orthodoxia.be\/fr\/wp-json\/wp\/v2\/pages\/18895","targetHints":{"allow":["GET"]}}],"collection":[{"href":"https:\/\/orthodoxia.be\/fr\/wp-json\/wp\/v2\/pages"}],"about":[{"href":"https:\/\/orthodoxia.be\/fr\/wp-json\/wp\/v2\/types\/page"}],"author":[{"embeddable":true,"href":"https:\/\/orthodoxia.be\/fr\/wp-json\/wp\/v2\/users\/2"}],"replies":[{"embeddable":true,"href":"https:\/\/orthodoxia.be\/fr\/wp-json\/wp\/v2\/comments?post=18895"}],"version-history":[{"count":1,"href":"https:\/\/orthodoxia.be\/fr\/wp-json\/wp\/v2\/pages\/18895\/revisions"}],"predecessor-version":[{"id":18897,"href":"https:\/\/orthodoxia.be\/fr\/wp-json\/wp\/v2\/pages\/18895\/revisions\/18897"}],"wp:attachment":[{"href":"https:\/\/orthodoxia.be\/fr\/wp-json\/wp\/v2\/media?parent=18895"}],"curies":[{"name":"wp","href":"https:\/\/api.w.org\/{rel}","templated":true}]}}