{"id":2091,"date":"2017-10-25T13:50:48","date_gmt":"2017-10-25T11:50:48","guid":{"rendered":"http:\/\/new.orthodoxia.be\/?page_id=2091"},"modified":"2017-10-25T13:53:01","modified_gmt":"2017-10-25T13:53:01","slug":"le-metropolite-representant-de-lensemble-de-leglise-orthodoxe-en-belgique-pays-bas-et-luxembourg","status":"publish","type":"page","link":"https:\/\/orthodoxia.be\/fr\/eglise-reconnue\/le-metropolite-representant-de-lensemble-de-leglise-orthodoxe-en-belgique-pays-bas-et-luxembourg\/","title":{"rendered":"LE METROPOLITE, REPRESENTANT DE L\u2019ENSEMBLE DE L\u2019EGLISE ORTHODOXE EN BELGIQUE, PAYS-BAS ET LUXEMBOURG"},"content":{"rendered":"<p style=\"font-weight: 400;\"><strong><u>BELGIQUE<br \/>\n<\/u><\/strong><br \/>\nDepuis la loi du 17 avril 1985, l&#8217;Eglise Orthodoxe est reconnue par l&#8217;Etat belge comme Culte officiel (voir le &#8216;Moniteur belge&#8217; du samedi 11 mai 1985 &#8211; 115e ann\u00e9e, n\u00b091).<\/p>\n<p><strong>Organisation du culte Orthodoxe<\/strong><\/p>\n<p style=\"font-weight: 400;\">L&#8217;Arr\u00eat\u00e9 Royal du 15 mars 1988 (voir le &#8216;Moniteur belge&#8217; du jeudi 31 mars 1988 &#8211; 158e ann\u00e9e, n\u00b063) pr\u00e9voit l&#8217;organisation des conseils de fabrique d&#8217;\u00e9glise du culte orthodoxe.<\/p>\n<p style=\"font-weight: 400;\">Ainsi l&#8217;A.R. pr\u00e9voit que les rapports avec l&#8217;autorit\u00e9 civile sont assur\u00e9s par un organe repr\u00e9sentatif de l&#8217;ensemble de l&#8217;Eglise Orthodoxe. L&#8217;Arr\u00eat\u00e9 organise aussi l&#8217;administration propre du culte orthodoxe sur une base territoriale provinciale. Cependant, il admet la constitution \u00e9ventuelle de plusieurs conseils de fabrique d&#8217;\u00e9glise sur le territoire d&#8217;une m\u00eame province ou d&#8217;un conseil de fabrique d&#8217;\u00e9glise sur le territoire de plusieurs provinces.<\/p>\n<p><strong>Organe repr\u00e9sentatif de l&#8217;ensemble de l&#8217;Eglise Orthodoxe<\/strong><\/p>\n<p style=\"font-weight: 400;\">Le 1er article du m\u00eame A.R. du 15 mars 1988 (voir supra) pr\u00e9cise que l&#8217;organe repr\u00e9sentatif de l&#8217;ensemble de l&#8217;Eglise Orthodoxe est le M\u00e9tropolite-Archev\u00eaque du Patriarcat Oecum\u00e9nique de Constantinople. Textuellement:<\/p>\n<p style=\"font-weight: 400;\">\u00a0<em>&#8216;Le M\u00e9tropolite-Archev\u00eaque du Patriarcat Oecum\u00e9nique de Constantinople ou son rempla\u00e7ant est reconnu par Nous comme organe repr\u00e9sentatif de l&#8217;ensemble de l&#8217;Eglise Orthodoxe&#8217;<\/em>\u00a0 (Chapitre Ier &#8211; article 1er).<\/p>\n<p style=\"font-weight: 400;\">\n<p style=\"font-weight: 400;\"><strong><u>PAYS-BAS<br \/>\n<\/u><\/strong><br \/>\nAu Pays-Bas, l&#8217;ensemble de l&#8217;Eglise Orthodoxe est repr\u00e9sent\u00e9e par le M\u00e9tropolite de Belgique, Exarque des Pays-Bas et de Luxembourg du Patriacat Oecum\u00e9nique de Constantinople en qualit\u00e9 de Pr\u00e9sident de l&#8217;Assembl\u00e9e Episcopale Orthodoxe du B\u00e9n\u00e9lux ou par son rempla\u00e7ant.<\/p>\n<p style=\"font-weight: 400;\"><strong><u>LUXEMBOURG<br \/>\n<\/u><\/strong><br \/>\nL&#8217;Eglise Orthodoxe au Luxembourg a \u00e9t\u00e9 reconnue par l&#8217;Etat du Luxembourg le 26 Janvier 2015 et comprend les paroisses Orthodoxes de langue: Grecque, Russe, Serbe et Roumaine.<\/p>\n<p style=\"font-weight: 400;\">Son repr\u00e9sentant est le M\u00e9tropolite de Belgique, Exarque des Pays-Bas et de Luxembourg du Patriacat Oecum\u00e9nique de Constantinople.<\/p>\n<p style=\"font-weight: 400;\">Cet accord a renouvel\u00e9 les anciens accord de 1997 et 2004 entre l&#8217;Eglise Orthodoxe et l&#8217;Etat du Luxembourg.<\/p>\n<p style=\"font-weight: 400;\"><img loading=\"lazy\" decoding=\"async\" class=\"aligncenter size-thumbnail wp-image-786\" src=\"http:\/\/new.orthodoxia.be\/wp-content\/uploads\/2017\/10\/Athenagoras_Belgiou-150x150.jpg\" alt=\"\" width=\"150\" height=\"150\" srcset=\"https:\/\/orthodoxia.be\/wp-content\/uploads\/2017\/10\/Athenagoras_Belgiou-150x150.jpg 150w, https:\/\/orthodoxia.be\/wp-content\/uploads\/2017\/10\/Athenagoras_Belgiou-100x100.jpg 100w\" sizes=\"auto, (max-width: 150px) 100vw, 150px\" \/>\n<\/p>\n<p style=\"font-weight: 400;\">Son Eminence le M\u00e9tropolite Ath\u00e9nagoras de Belgique<\/p>\n<p style=\"font-weight: 400;\"><b>REPRESENTANT<\/b><\/p>\n<p style=\"font-weight: 400;\">Son Eminence le M\u00e9tropolite Ath\u00e9nagoras de Belgique,<br \/>\nExarque du Patriarcat Oecum\u00e9nique<br \/>\nAvenue Charbo 71<br \/>\n1030 Bruxelles<br \/>\nBelgique<\/p>\n<p>T\u00e9l.\u00a0+32.2.736.52.78<br \/>\nFax. +32.2.735.32.64<br \/>\nE-mail:\u00a0<a href=\"mailto:belgiou@orthodoxia.be\">belgiou@orthodoxia.be<\/a><\/p>\n<p style=\"font-weight: 400;\"><u>F\u00eate onomastique<\/u>:\u00a024 juillet<\/p>\n","protected":false},"excerpt":{"rendered":"<p>BELGIQUE Depuis la loi du 17 avril 1985, l&#8217;Eglise Orthodoxe est reconnue par l&#8217;Etat belge comme Culte officiel (voir le &#8216;Moniteur belge&#8217; du samedi 11 mai 1985 &#8211; 115e ann\u00e9e, n\u00b091). Organisation du culte Orthodoxe L&#8217;Arr\u00eat\u00e9 Royal du 15 mars 1988 (voir le &#8216;Moniteur belge&#8217; du jeudi 31 mars 1988 &#8211; 158e ann\u00e9e, n\u00b063) pr\u00e9voit &hellip; <a href=\"https:\/\/orthodoxia.be\/fr\/eglise-reconnue\/le-metropolite-representant-de-lensemble-de-leglise-orthodoxe-en-belgique-pays-bas-et-luxembourg\/\">Continued<\/a><\/p>\n","protected":false},"author":12,"featured_media":4941,"parent":8097,"menu_order":3,"comment_status":"closed","ping_status":"closed","template":"","meta":{"_acf_changed":false,"footnotes":""},"class_list":["post-2091","page","type-page","status-publish","has-post-thumbnail","hentry"],"acf":[],"yoast_head":"<!-- This site is optimized with the Yoast SEO plugin v24.3 - https:\/\/yoast.com\/wordpress\/plugins\/seo\/ -->\n<title>LE METROPOLITE, REPRESENTANT DE L&#039;ENSEMBLE DE L&#039;EGLISE ORTHODOXE EN BELGIQUE, PAYS-BAS ET LUXEMBOURG - Archev\u00each\u00e9 Orthodoxe de Belgique<\/title>\n<meta name=\"robots\" content=\"index, follow, max-snippet:-1, max-image-preview:large, max-video-preview:-1\" \/>\n<link rel=\"canonical\" href=\"https:\/\/orthodoxia.be\/\u1f00\u03bd\u03b1\u03b3\u03bd\u03c9\u03c1\u03b9\u03c3\u03bc\u03ad\u03bd\u03b7-\u1f10\u03ba\u03ba\u03bb\u03b7\u03c3\u03af\u03b1\/\u03bf-\u03bc\u03b7\u03c4\u03c1\u03bf\u03c0\u03bf\u03bb\u03af\u03c4\u03b7\u03c2-\u03b5\u03ba\u03c0\u03c1\u03cc\u03c3\u03c9\u03c0\u03bf\u03c2-\u03bf\u03bb\u03cc\u03ba\u03bb\u03b7\u03c1\u03b7\u03c2\/\" \/>\n<meta property=\"og:locale\" content=\"fr_FR\" \/>\n<meta property=\"og:type\" content=\"article\" \/>\n<meta property=\"og:title\" content=\"LE METROPOLITE, REPRESENTANT DE L&#039;ENSEMBLE DE L&#039;EGLISE ORTHODOXE EN BELGIQUE, PAYS-BAS ET LUXEMBOURG - Archev\u00each\u00e9 Orthodoxe de Belgique\" \/>\n<meta property=\"og:description\" content=\"BELGIQUE Depuis la loi du 17 avril 1985, l&#8217;Eglise Orthodoxe est reconnue par l&#8217;Etat belge comme Culte officiel (voir le &#8216;Moniteur belge&#8217; du samedi 11 mai 1985 &#8211; 115e ann\u00e9e, n\u00b091). Organisation du culte Orthodoxe L&#8217;Arr\u00eat\u00e9 Royal du 15 mars 1988 (voir le &#8216;Moniteur belge&#8217; du jeudi 31 mars 1988 &#8211; 158e ann\u00e9e, n\u00b063) pr\u00e9voit &hellip; Continued\" \/>\n<meta property=\"og:url\" content=\"https:\/\/orthodoxia.be\/\u1f00\u03bd\u03b1\u03b3\u03bd\u03c9\u03c1\u03b9\u03c3\u03bc\u03ad\u03bd\u03b7-\u1f10\u03ba\u03ba\u03bb\u03b7\u03c3\u03af\u03b1\/\u03bf-\u03bc\u03b7\u03c4\u03c1\u03bf\u03c0\u03bf\u03bb\u03af\u03c4\u03b7\u03c2-\u03b5\u03ba\u03c0\u03c1\u03cc\u03c3\u03c9\u03c0\u03bf\u03c2-\u03bf\u03bb\u03cc\u03ba\u03bb\u03b7\u03c1\u03b7\u03c2\/\" \/>\n<meta property=\"og:site_name\" content=\"Archev\u00each\u00e9 Orthodoxe de Belgique\" \/>\n<meta property=\"article:publisher\" content=\"https:\/\/www.facebook.com\/orthobel\" \/>\n<meta property=\"article:modified_time\" content=\"2017-10-25T13:53:01+00:00\" \/>\n<meta property=\"og:image\" content=\"https:\/\/orthodoxia.be\/wp-content\/uploads\/2017\/10\/athenagoras-belgiou-e1537778087250.jpg\" \/>\n\t<meta property=\"og:image:width\" content=\"500\" \/>\n\t<meta property=\"og:image:height\" content=\"755\" \/>\n\t<meta property=\"og:image:type\" content=\"image\/jpeg\" \/>\n<meta name=\"twitter:card\" content=\"summary_large_image\" \/>\n<meta name=\"twitter:site\" content=\"@orthobel\" \/>\n<meta name=\"twitter:label1\" content=\"Dur\u00e9e de lecture est.\" \/>\n\t<meta name=\"twitter:data1\" content=\"2 minutes\" \/>\n<script type=\"application\/ld+json\" class=\"yoast-schema-graph\">{\"@context\":\"https:\/\/schema.org\",\"@graph\":[{\"@type\":\"WebPage\",\"@id\":\"https:\/\/orthodoxia.be\/%e1%bc%80%ce%bd%ce%b1%ce%b3%ce%bd%cf%89%cf%81%ce%b9%cf%83%ce%bc%ce%ad%ce%bd%ce%b7-%e1%bc%90%ce%ba%ce%ba%ce%bb%ce%b7%cf%83%ce%af%ce%b1\/%ce%bf-%ce%bc%ce%b7%cf%84%cf%81%ce%bf%cf%80%ce%bf%ce%bb%ce%af%cf%84%ce%b7%cf%82-%ce%b5%ce%ba%cf%80%cf%81%cf%8c%cf%83%cf%89%cf%80%ce%bf%cf%82-%ce%bf%ce%bb%cf%8c%ce%ba%ce%bb%ce%b7%cf%81%ce%b7%cf%82\/\",\"url\":\"https:\/\/orthodoxia.be\/%e1%bc%80%ce%bd%ce%b1%ce%b3%ce%bd%cf%89%cf%81%ce%b9%cf%83%ce%bc%ce%ad%ce%bd%ce%b7-%e1%bc%90%ce%ba%ce%ba%ce%bb%ce%b7%cf%83%ce%af%ce%b1\/%ce%bf-%ce%bc%ce%b7%cf%84%cf%81%ce%bf%cf%80%ce%bf%ce%bb%ce%af%cf%84%ce%b7%cf%82-%ce%b5%ce%ba%cf%80%cf%81%cf%8c%cf%83%cf%89%cf%80%ce%bf%cf%82-%ce%bf%ce%bb%cf%8c%ce%ba%ce%bb%ce%b7%cf%81%ce%b7%cf%82\/\",\"name\":\"LE METROPOLITE, REPRESENTANT DE L'ENSEMBLE DE L'EGLISE ORTHODOXE EN BELGIQUE, PAYS-BAS ET LUXEMBOURG - Archev\u00each\u00e9 Orthodoxe de Belgique\",\"isPartOf\":{\"@id\":\"https:\/\/orthodoxia.be\/#website\"},\"primaryImageOfPage\":{\"@id\":\"https:\/\/orthodoxia.be\/%e1%bc%80%ce%bd%ce%b1%ce%b3%ce%bd%cf%89%cf%81%ce%b9%cf%83%ce%bc%ce%ad%ce%bd%ce%b7-%e1%bc%90%ce%ba%ce%ba%ce%bb%ce%b7%cf%83%ce%af%ce%b1\/%ce%bf-%ce%bc%ce%b7%cf%84%cf%81%ce%bf%cf%80%ce%bf%ce%bb%ce%af%cf%84%ce%b7%cf%82-%ce%b5%ce%ba%cf%80%cf%81%cf%8c%cf%83%cf%89%cf%80%ce%bf%cf%82-%ce%bf%ce%bb%cf%8c%ce%ba%ce%bb%ce%b7%cf%81%ce%b7%cf%82\/#primaryimage\"},\"image\":{\"@id\":\"https:\/\/orthodoxia.be\/%e1%bc%80%ce%bd%ce%b1%ce%b3%ce%bd%cf%89%cf%81%ce%b9%cf%83%ce%bc%ce%ad%ce%bd%ce%b7-%e1%bc%90%ce%ba%ce%ba%ce%bb%ce%b7%cf%83%ce%af%ce%b1\/%ce%bf-%ce%bc%ce%b7%cf%84%cf%81%ce%bf%cf%80%ce%bf%ce%bb%ce%af%cf%84%ce%b7%cf%82-%ce%b5%ce%ba%cf%80%cf%81%cf%8c%cf%83%cf%89%cf%80%ce%bf%cf%82-%ce%bf%ce%bb%cf%8c%ce%ba%ce%bb%ce%b7%cf%81%ce%b7%cf%82\/#primaryimage\"},\"thumbnailUrl\":\"https:\/\/orthodoxia.be\/wp-content\/uploads\/2017\/10\/athenagoras-belgiou-e1537778087250.jpg\",\"datePublished\":\"2017-10-25T11:50:48+00:00\",\"dateModified\":\"2017-10-25T13:53:01+00:00\",\"breadcrumb\":{\"@id\":\"https:\/\/orthodoxia.be\/%e1%bc%80%ce%bd%ce%b1%ce%b3%ce%bd%cf%89%cf%81%ce%b9%cf%83%ce%bc%ce%ad%ce%bd%ce%b7-%e1%bc%90%ce%ba%ce%ba%ce%bb%ce%b7%cf%83%ce%af%ce%b1\/%ce%bf-%ce%bc%ce%b7%cf%84%cf%81%ce%bf%cf%80%ce%bf%ce%bb%ce%af%cf%84%ce%b7%cf%82-%ce%b5%ce%ba%cf%80%cf%81%cf%8c%cf%83%cf%89%cf%80%ce%bf%cf%82-%ce%bf%ce%bb%cf%8c%ce%ba%ce%bb%ce%b7%cf%81%ce%b7%cf%82\/#breadcrumb\"},\"inLanguage\":\"fr-BE\",\"potentialAction\":[{\"@type\":\"ReadAction\",\"target\":[\"https:\/\/orthodoxia.be\/%e1%bc%80%ce%bd%ce%b1%ce%b3%ce%bd%cf%89%cf%81%ce%b9%cf%83%ce%bc%ce%ad%ce%bd%ce%b7-%e1%bc%90%ce%ba%ce%ba%ce%bb%ce%b7%cf%83%ce%af%ce%b1\/%ce%bf-%ce%bc%ce%b7%cf%84%cf%81%ce%bf%cf%80%ce%bf%ce%bb%ce%af%cf%84%ce%b7%cf%82-%ce%b5%ce%ba%cf%80%cf%81%cf%8c%cf%83%cf%89%cf%80%ce%bf%cf%82-%ce%bf%ce%bb%cf%8c%ce%ba%ce%bb%ce%b7%cf%81%ce%b7%cf%82\/\"]}]},{\"@type\":\"ImageObject\",\"inLanguage\":\"fr-BE\",\"@id\":\"https:\/\/orthodoxia.be\/%e1%bc%80%ce%bd%ce%b1%ce%b3%ce%bd%cf%89%cf%81%ce%b9%cf%83%ce%bc%ce%ad%ce%bd%ce%b7-%e1%bc%90%ce%ba%ce%ba%ce%bb%ce%b7%cf%83%ce%af%ce%b1\/%ce%bf-%ce%bc%ce%b7%cf%84%cf%81%ce%bf%cf%80%ce%bf%ce%bb%ce%af%cf%84%ce%b7%cf%82-%ce%b5%ce%ba%cf%80%cf%81%cf%8c%cf%83%cf%89%cf%80%ce%bf%cf%82-%ce%bf%ce%bb%cf%8c%ce%ba%ce%bb%ce%b7%cf%81%ce%b7%cf%82\/#primaryimage\",\"url\":\"https:\/\/orthodoxia.be\/wp-content\/uploads\/2017\/10\/athenagoras-belgiou-e1537778087250.jpg\",\"contentUrl\":\"https:\/\/orthodoxia.be\/wp-content\/uploads\/2017\/10\/athenagoras-belgiou-e1537778087250.jpg\",\"width\":500,\"height\":755},{\"@type\":\"BreadcrumbList\",\"@id\":\"https:\/\/orthodoxia.be\/%e1%bc%80%ce%bd%ce%b1%ce%b3%ce%bd%cf%89%cf%81%ce%b9%cf%83%ce%bc%ce%ad%ce%bd%ce%b7-%e1%bc%90%ce%ba%ce%ba%ce%bb%ce%b7%cf%83%ce%af%ce%b1\/%ce%bf-%ce%bc%ce%b7%cf%84%cf%81%ce%bf%cf%80%ce%bf%ce%bb%ce%af%cf%84%ce%b7%cf%82-%ce%b5%ce%ba%cf%80%cf%81%cf%8c%cf%83%cf%89%cf%80%ce%bf%cf%82-%ce%bf%ce%bb%cf%8c%ce%ba%ce%bb%ce%b7%cf%81%ce%b7%cf%82\/#breadcrumb\",\"itemListElement\":[{\"@type\":\"ListItem\",\"position\":1,\"name\":\"Home\",\"item\":\"https:\/\/orthodoxia.be\/fr\/\"},{\"@type\":\"ListItem\",\"position\":2,\"name\":\"Eglise reconnue\",\"item\":\"https:\/\/orthodoxia.be\/fr\/eglise-reconnue\/\"},{\"@type\":\"ListItem\",\"position\":3,\"name\":\"LE METROPOLITE, REPRESENTANT DE L&#8217;ENSEMBLE DE L&#8217;EGLISE ORTHODOXE EN BELGIQUE, PAYS-BAS ET LUXEMBOURG\"}]},{\"@type\":\"WebSite\",\"@id\":\"https:\/\/orthodoxia.be\/#website\",\"url\":\"https:\/\/orthodoxia.be\/\",\"name\":\"Orthodox Archdiocese of Belgium (Benelux)\",\"description\":\"Exarque des Pays-Bas et du Luxembourg\",\"publisher\":{\"@id\":\"https:\/\/orthodoxia.be\/#organization\"},\"alternateName\":\"IMB\",\"potentialAction\":[{\"@type\":\"SearchAction\",\"target\":{\"@type\":\"EntryPoint\",\"urlTemplate\":\"https:\/\/orthodoxia.be\/?s={search_term_string}\"},\"query-input\":{\"@type\":\"PropertyValueSpecification\",\"valueRequired\":true,\"valueName\":\"search_term_string\"}}],\"inLanguage\":\"fr-BE\"},{\"@type\":\"Organization\",\"@id\":\"https:\/\/orthodoxia.be\/#organization\",\"name\":\"Orthodox Archdiocese of Belgium (Benelux)\",\"url\":\"https:\/\/orthodoxia.be\/\",\"logo\":{\"@type\":\"ImageObject\",\"inLanguage\":\"fr-BE\",\"@id\":\"https:\/\/orthodoxia.be\/#\/schema\/logo\/image\/\",\"url\":\"https:\/\/orthodoxia.be\/wp-content\/uploads\/2024\/02\/cropped-IMB-logo-512-cl-1.png\",\"contentUrl\":\"https:\/\/orthodoxia.be\/wp-content\/uploads\/2024\/02\/cropped-IMB-logo-512-cl-1.png\",\"width\":512,\"height\":512,\"caption\":\"Orthodox Archdiocese of Belgium (Benelux)\"},\"image\":{\"@id\":\"https:\/\/orthodoxia.be\/#\/schema\/logo\/image\/\"},\"sameAs\":[\"https:\/\/www.facebook.com\/orthobel\",\"https:\/\/x.com\/orthobel\",\"https:\/\/www.youtube.com\/c\/orthobel\",\"https:\/\/www.mixcloud.com\/orthobel\/\",\"https:\/\/www.flickr.com\/photos\/148264890@N07\/albums\",\"https:\/\/www.dailymotion.com\/Orthobel\"]}]}<\/script>\n<!-- \/ Yoast SEO plugin. -->","yoast_head_json":{"title":"LE METROPOLITE, REPRESENTANT DE L'ENSEMBLE DE L'EGLISE ORTHODOXE EN BELGIQUE, PAYS-BAS ET LUXEMBOURG - Archev\u00each\u00e9 Orthodoxe de Belgique","robots":{"index":"index","follow":"follow","max-snippet":"max-snippet:-1","max-image-preview":"max-image-preview:large","max-video-preview":"max-video-preview:-1"},"canonical":"https:\/\/orthodoxia.be\/\u1f00\u03bd\u03b1\u03b3\u03bd\u03c9\u03c1\u03b9\u03c3\u03bc\u03ad\u03bd\u03b7-\u1f10\u03ba\u03ba\u03bb\u03b7\u03c3\u03af\u03b1\/\u03bf-\u03bc\u03b7\u03c4\u03c1\u03bf\u03c0\u03bf\u03bb\u03af\u03c4\u03b7\u03c2-\u03b5\u03ba\u03c0\u03c1\u03cc\u03c3\u03c9\u03c0\u03bf\u03c2-\u03bf\u03bb\u03cc\u03ba\u03bb\u03b7\u03c1\u03b7\u03c2\/","og_locale":"fr_FR","og_type":"article","og_title":"LE METROPOLITE, REPRESENTANT DE L'ENSEMBLE DE L'EGLISE ORTHODOXE EN BELGIQUE, PAYS-BAS ET LUXEMBOURG - Archev\u00each\u00e9 Orthodoxe de Belgique","og_description":"BELGIQUE Depuis la loi du 17 avril 1985, l&#8217;Eglise Orthodoxe est reconnue par l&#8217;Etat belge comme Culte officiel (voir le &#8216;Moniteur belge&#8217; du samedi 11 mai 1985 &#8211; 115e ann\u00e9e, n\u00b091). Organisation du culte Orthodoxe L&#8217;Arr\u00eat\u00e9 Royal du 15 mars 1988 (voir le &#8216;Moniteur belge&#8217; du jeudi 31 mars 1988 &#8211; 158e ann\u00e9e, n\u00b063) pr\u00e9voit &hellip; Continued","og_url":"https:\/\/orthodoxia.be\/\u1f00\u03bd\u03b1\u03b3\u03bd\u03c9\u03c1\u03b9\u03c3\u03bc\u03ad\u03bd\u03b7-\u1f10\u03ba\u03ba\u03bb\u03b7\u03c3\u03af\u03b1\/\u03bf-\u03bc\u03b7\u03c4\u03c1\u03bf\u03c0\u03bf\u03bb\u03af\u03c4\u03b7\u03c2-\u03b5\u03ba\u03c0\u03c1\u03cc\u03c3\u03c9\u03c0\u03bf\u03c2-\u03bf\u03bb\u03cc\u03ba\u03bb\u03b7\u03c1\u03b7\u03c2\/","og_site_name":"Archev\u00each\u00e9 Orthodoxe de Belgique","article_publisher":"https:\/\/www.facebook.com\/orthobel","article_modified_time":"2017-10-25T13:53:01+00:00","og_image":[{"width":500,"height":755,"url":"https:\/\/orthodoxia.be\/wp-content\/uploads\/2017\/10\/athenagoras-belgiou-e1537778087250.jpg","type":"image\/jpeg"}],"twitter_card":"summary_large_image","twitter_site":"@orthobel","twitter_misc":{"Dur\u00e9e de lecture est.":"2 minutes"},"schema":{"@context":"https:\/\/schema.org","@graph":[{"@type":"WebPage","@id":"https:\/\/orthodoxia.be\/%e1%bc%80%ce%bd%ce%b1%ce%b3%ce%bd%cf%89%cf%81%ce%b9%cf%83%ce%bc%ce%ad%ce%bd%ce%b7-%e1%bc%90%ce%ba%ce%ba%ce%bb%ce%b7%cf%83%ce%af%ce%b1\/%ce%bf-%ce%bc%ce%b7%cf%84%cf%81%ce%bf%cf%80%ce%bf%ce%bb%ce%af%cf%84%ce%b7%cf%82-%ce%b5%ce%ba%cf%80%cf%81%cf%8c%cf%83%cf%89%cf%80%ce%bf%cf%82-%ce%bf%ce%bb%cf%8c%ce%ba%ce%bb%ce%b7%cf%81%ce%b7%cf%82\/","url":"https:\/\/orthodoxia.be\/%e1%bc%80%ce%bd%ce%b1%ce%b3%ce%bd%cf%89%cf%81%ce%b9%cf%83%ce%bc%ce%ad%ce%bd%ce%b7-%e1%bc%90%ce%ba%ce%ba%ce%bb%ce%b7%cf%83%ce%af%ce%b1\/%ce%bf-%ce%bc%ce%b7%cf%84%cf%81%ce%bf%cf%80%ce%bf%ce%bb%ce%af%cf%84%ce%b7%cf%82-%ce%b5%ce%ba%cf%80%cf%81%cf%8c%cf%83%cf%89%cf%80%ce%bf%cf%82-%ce%bf%ce%bb%cf%8c%ce%ba%ce%bb%ce%b7%cf%81%ce%b7%cf%82\/","name":"LE METROPOLITE, REPRESENTANT DE L'ENSEMBLE DE L'EGLISE ORTHODOXE EN BELGIQUE, PAYS-BAS ET LUXEMBOURG - Archev\u00each\u00e9 Orthodoxe de Belgique","isPartOf":{"@id":"https:\/\/orthodoxia.be\/#website"},"primaryImageOfPage":{"@id":"https:\/\/orthodoxia.be\/%e1%bc%80%ce%bd%ce%b1%ce%b3%ce%bd%cf%89%cf%81%ce%b9%cf%83%ce%bc%ce%ad%ce%bd%ce%b7-%e1%bc%90%ce%ba%ce%ba%ce%bb%ce%b7%cf%83%ce%af%ce%b1\/%ce%bf-%ce%bc%ce%b7%cf%84%cf%81%ce%bf%cf%80%ce%bf%ce%bb%ce%af%cf%84%ce%b7%cf%82-%ce%b5%ce%ba%cf%80%cf%81%cf%8c%cf%83%cf%89%cf%80%ce%bf%cf%82-%ce%bf%ce%bb%cf%8c%ce%ba%ce%bb%ce%b7%cf%81%ce%b7%cf%82\/#primaryimage"},"image":{"@id":"https:\/\/orthodoxia.be\/%e1%bc%80%ce%bd%ce%b1%ce%b3%ce%bd%cf%89%cf%81%ce%b9%cf%83%ce%bc%ce%ad%ce%bd%ce%b7-%e1%bc%90%ce%ba%ce%ba%ce%bb%ce%b7%cf%83%ce%af%ce%b1\/%ce%bf-%ce%bc%ce%b7%cf%84%cf%81%ce%bf%cf%80%ce%bf%ce%bb%ce%af%cf%84%ce%b7%cf%82-%ce%b5%ce%ba%cf%80%cf%81%cf%8c%cf%83%cf%89%cf%80%ce%bf%cf%82-%ce%bf%ce%bb%cf%8c%ce%ba%ce%bb%ce%b7%cf%81%ce%b7%cf%82\/#primaryimage"},"thumbnailUrl":"https:\/\/orthodoxia.be\/wp-content\/uploads\/2017\/10\/athenagoras-belgiou-e1537778087250.jpg","datePublished":"2017-10-25T11:50:48+00:00","dateModified":"2017-10-25T13:53:01+00:00","breadcrumb":{"@id":"https:\/\/orthodoxia.be\/%e1%bc%80%ce%bd%ce%b1%ce%b3%ce%bd%cf%89%cf%81%ce%b9%cf%83%ce%bc%ce%ad%ce%bd%ce%b7-%e1%bc%90%ce%ba%ce%ba%ce%bb%ce%b7%cf%83%ce%af%ce%b1\/%ce%bf-%ce%bc%ce%b7%cf%84%cf%81%ce%bf%cf%80%ce%bf%ce%bb%ce%af%cf%84%ce%b7%cf%82-%ce%b5%ce%ba%cf%80%cf%81%cf%8c%cf%83%cf%89%cf%80%ce%bf%cf%82-%ce%bf%ce%bb%cf%8c%ce%ba%ce%bb%ce%b7%cf%81%ce%b7%cf%82\/#breadcrumb"},"inLanguage":"fr-BE","potentialAction":[{"@type":"ReadAction","target":["https:\/\/orthodoxia.be\/%e1%bc%80%ce%bd%ce%b1%ce%b3%ce%bd%cf%89%cf%81%ce%b9%cf%83%ce%bc%ce%ad%ce%bd%ce%b7-%e1%bc%90%ce%ba%ce%ba%ce%bb%ce%b7%cf%83%ce%af%ce%b1\/%ce%bf-%ce%bc%ce%b7%cf%84%cf%81%ce%bf%cf%80%ce%bf%ce%bb%ce%af%cf%84%ce%b7%cf%82-%ce%b5%ce%ba%cf%80%cf%81%cf%8c%cf%83%cf%89%cf%80%ce%bf%cf%82-%ce%bf%ce%bb%cf%8c%ce%ba%ce%bb%ce%b7%cf%81%ce%b7%cf%82\/"]}]},{"@type":"ImageObject","inLanguage":"fr-BE","@id":"https:\/\/orthodoxia.be\/%e1%bc%80%ce%bd%ce%b1%ce%b3%ce%bd%cf%89%cf%81%ce%b9%cf%83%ce%bc%ce%ad%ce%bd%ce%b7-%e1%bc%90%ce%ba%ce%ba%ce%bb%ce%b7%cf%83%ce%af%ce%b1\/%ce%bf-%ce%bc%ce%b7%cf%84%cf%81%ce%bf%cf%80%ce%bf%ce%bb%ce%af%cf%84%ce%b7%cf%82-%ce%b5%ce%ba%cf%80%cf%81%cf%8c%cf%83%cf%89%cf%80%ce%bf%cf%82-%ce%bf%ce%bb%cf%8c%ce%ba%ce%bb%ce%b7%cf%81%ce%b7%cf%82\/#primaryimage","url":"https:\/\/orthodoxia.be\/wp-content\/uploads\/2017\/10\/athenagoras-belgiou-e1537778087250.jpg","contentUrl":"https:\/\/orthodoxia.be\/wp-content\/uploads\/2017\/10\/athenagoras-belgiou-e1537778087250.jpg","width":500,"height":755},{"@type":"BreadcrumbList","@id":"https:\/\/orthodoxia.be\/%e1%bc%80%ce%bd%ce%b1%ce%b3%ce%bd%cf%89%cf%81%ce%b9%cf%83%ce%bc%ce%ad%ce%bd%ce%b7-%e1%bc%90%ce%ba%ce%ba%ce%bb%ce%b7%cf%83%ce%af%ce%b1\/%ce%bf-%ce%bc%ce%b7%cf%84%cf%81%ce%bf%cf%80%ce%bf%ce%bb%ce%af%cf%84%ce%b7%cf%82-%ce%b5%ce%ba%cf%80%cf%81%cf%8c%cf%83%cf%89%cf%80%ce%bf%cf%82-%ce%bf%ce%bb%cf%8c%ce%ba%ce%bb%ce%b7%cf%81%ce%b7%cf%82\/#breadcrumb","itemListElement":[{"@type":"ListItem","position":1,"name":"Home","item":"https:\/\/orthodoxia.be\/fr\/"},{"@type":"ListItem","position":2,"name":"Eglise reconnue","item":"https:\/\/orthodoxia.be\/fr\/eglise-reconnue\/"},{"@type":"ListItem","position":3,"name":"LE METROPOLITE, REPRESENTANT DE L&#8217;ENSEMBLE DE L&#8217;EGLISE ORTHODOXE EN BELGIQUE, PAYS-BAS ET LUXEMBOURG"}]},{"@type":"WebSite","@id":"https:\/\/orthodoxia.be\/#website","url":"https:\/\/orthodoxia.be\/","name":"Orthodox Archdiocese of Belgium (Benelux)","description":"Exarque des Pays-Bas et du Luxembourg","publisher":{"@id":"https:\/\/orthodoxia.be\/#organization"},"alternateName":"IMB","potentialAction":[{"@type":"SearchAction","target":{"@type":"EntryPoint","urlTemplate":"https:\/\/orthodoxia.be\/?s={search_term_string}"},"query-input":{"@type":"PropertyValueSpecification","valueRequired":true,"valueName":"search_term_string"}}],"inLanguage":"fr-BE"},{"@type":"Organization","@id":"https:\/\/orthodoxia.be\/#organization","name":"Orthodox Archdiocese of Belgium (Benelux)","url":"https:\/\/orthodoxia.be\/","logo":{"@type":"ImageObject","inLanguage":"fr-BE","@id":"https:\/\/orthodoxia.be\/#\/schema\/logo\/image\/","url":"https:\/\/orthodoxia.be\/wp-content\/uploads\/2024\/02\/cropped-IMB-logo-512-cl-1.png","contentUrl":"https:\/\/orthodoxia.be\/wp-content\/uploads\/2024\/02\/cropped-IMB-logo-512-cl-1.png","width":512,"height":512,"caption":"Orthodox Archdiocese of Belgium (Benelux)"},"image":{"@id":"https:\/\/orthodoxia.be\/#\/schema\/logo\/image\/"},"sameAs":["https:\/\/www.facebook.com\/orthobel","https:\/\/x.com\/orthobel","https:\/\/www.youtube.com\/c\/orthobel","https:\/\/www.mixcloud.com\/orthobel\/","https:\/\/www.flickr.com\/photos\/148264890@N07\/albums","https:\/\/www.dailymotion.com\/Orthobel"]}]}},"_links":{"self":[{"href":"https:\/\/orthodoxia.be\/fr\/wp-json\/wp\/v2\/pages\/2091","targetHints":{"allow":["GET"]}}],"collection":[{"href":"https:\/\/orthodoxia.be\/fr\/wp-json\/wp\/v2\/pages"}],"about":[{"href":"https:\/\/orthodoxia.be\/fr\/wp-json\/wp\/v2\/types\/page"}],"author":[{"embeddable":true,"href":"https:\/\/orthodoxia.be\/fr\/wp-json\/wp\/v2\/users\/12"}],"replies":[{"embeddable":true,"href":"https:\/\/orthodoxia.be\/fr\/wp-json\/wp\/v2\/comments?post=2091"}],"version-history":[{"count":1,"href":"https:\/\/orthodoxia.be\/fr\/wp-json\/wp\/v2\/pages\/2091\/revisions"}],"predecessor-version":[{"id":2092,"href":"https:\/\/orthodoxia.be\/fr\/wp-json\/wp\/v2\/pages\/2091\/revisions\/2092"}],"up":[{"embeddable":true,"href":"https:\/\/orthodoxia.be\/fr\/wp-json\/wp\/v2\/pages\/8097"}],"wp:featuredmedia":[{"embeddable":true,"href":"https:\/\/orthodoxia.be\/fr\/wp-json\/wp\/v2\/media\/4941"}],"wp:attachment":[{"href":"https:\/\/orthodoxia.be\/fr\/wp-json\/wp\/v2\/media?parent=2091"}],"curies":[{"name":"wp","href":"https:\/\/api.w.org\/{rel}","templated":true}]}}