{"id":2102,"date":"2017-10-27T11:56:51","date_gmt":"2017-10-27T09:56:51","guid":{"rendered":"http:\/\/new.orthodoxia.be\/?page_id=2102"},"modified":"2025-04-08T18:43:30","modified_gmt":"2025-04-08T16:43:30","slug":"le-metropolite-athenagoras-de-belgique","status":"publish","type":"page","link":"https:\/\/orthodoxia.be\/fr\/le-metropolite-athenagoras-de-belgique\/","title":{"rendered":"le M\u00e9tropolite Ath\u00e9nagoras de Belgique"},"content":{"rendered":"<p><strong>Son Eminence le M\u00e9tropolite Ath\u00e9nagoras de Belgique<\/strong>, n\u00e9 \u00e0 Gand, en Belgique, est le fils de l&#8217;Archipr\u00eatre Ignace Peckstadt (paroisse orthodoxe de Gand) et de Marie-Th\u00e9r\u00e8se Janssens. Apr\u00e8s ses ann\u00e9es d&#8217;\u00e9tudes de Droit \u00e0 l&#8217;Universit\u00e9 de Gand, et gr\u00e2ce \u00e0 une bourse d&#8217;\u00e9tude du Patriarcat Oecum\u00e9nique, il entra \u00e0 l&#8217;<em>Universit\u00e9 de Thessalonique<\/em>, o\u00f9 il \u00e9tudia la langue grecque et o\u00f9 il obtint, avec grande distinction, le dipl\u00f4me de\u00a0<em>Masters en Th\u00e9ologie.<\/em>\u00a0Plus tard, il fut envoy\u00e9 \u00e0 l&#8217;<em>Institut Oecum\u00e9nique de Bossey<\/em>\u00a0(Universit\u00e9 de Gen\u00e8ve), pour compl\u00e9ter sa formation, tout en r\u00e9digeant une th\u00e8se sur l&#8217;\u00a0<em>Histoire de la pr\u00e9sence orthodoxe au Benelux et son r\u00f4le dans le mouvement oecum\u00e9nique<\/em>. Ordonn\u00e9 diacre le 12 novembre 1989,par le M\u00e9tropolite Bartholom\u00e9e de Philadelphie, aujourd&#8217;hui Patriarche Oecum\u00e9nique, celui-ci lui donna le nom d&#8217;<em>Ath\u00e9nagoras ,<\/em>en m\u00e9moire du grand Patriarche Ath\u00e9nagoras. Le M\u00e9tropolite Pant\u00e9l\u00e9imon de Belgique l&#8217;ordonna ensuite archidiacre, un service qu&#8217;il exer\u00e7a jusqu&#8217;\u00e0 son ordination presbyt\u00e9rale, le 17 mars 1996. Six mois plus tard, il fut \u00e9lev\u00e9 au rang d&#8217;<em>archimandrite<\/em>\u00a0et nomm\u00e9\u00a0<em>vicaire \u00e9piscopal<\/em>\u00a0des paroisses n\u00e9erlandophones et francophones de l&#8217;Archev\u00each\u00e9 (Benelux). Il fut aussi professeur de religion pendant cinq ans dans diff\u00e9rents lyc\u00e9es de Flandre. Au d\u00e9but de l&#8217;ann\u00e9e 1994, le M\u00e9tropolite Pant\u00e9l\u00e9imon le nomma producteur-responsable pour les \u00e9missions orthodoxes de radio et de t\u00e9l\u00e9vision en Belgique, tant francophones que n\u00e9erlandophones. La m\u00eame ann\u00e9e, le Saint Synode du Patriarcat Oecum\u00e9nique le nomma collaborateur du nouveau\u00a0<em>Bureau de l&#8217;Eglise Orthodoxe aupr\u00e8s de l&#8217;Union Europ\u00e9enne<\/em>\u00a0\u00e0 Bruxelles. En 1995, il fonda, avec la b\u00e9n\u00e9diction du M\u00e9tropolite Pant\u00e9l\u00e9imon, une paroisse orthodoxe \u00e0 Bruges, d\u00e9di\u00e9e aux Saints Constantin et H\u00e9l\u00e8ne, dont il fut nomm\u00e9 premier recteur. En 2001 il cr\u00e9a la Paroisse des Saints Cyrille et M\u00e9thode \u00e0 Ostende et en 2008 celle des Trois Hi\u00e9rarques \u00e0 Hasselt. Depuis quelques ann\u00e9es il est l&#8217;aum\u00f4nier orthodoxe de l&#8217;A\u00e9roport International de Bruxelles. Pr\u00e9sident de la\u00a0<em>Conf\u00e9rence Episcopale Orthodoxe du Benelux<\/em>\u00a0, co-pr\u00e9sident du Dialogue avec l&#8217;Eglise Anglicane, et pr\u00e9sident de diff\u00e9rentes commissions orthodoxes, il est aussi membre de la\u00a0<em>Concertation des Eglises Chr\u00e9tiennes en Belgique<\/em>, pr\u00e9sident de l&#8217;E.I.I.R. (Association Internationale et Interconfessionnelle de Rencontres des Religieu(x)ses) et ancien pr\u00e9sident du\u00a0<em>Comit\u00e9 Intereccl\u00e9sial de Bruxelles<\/em>. Il prend r\u00e9guli\u00e8rement part aux missions et repr\u00e9sentations du Patriarcat Oecum\u00e9nique, seul ou en tant que membre de la suite patriarcale, et participe \u00e0 de nombreux congr\u00e8s interorthodoxes et interconfessionnels. Elu &#8211; \u00e0 l&#8217;unanimit\u00e9 &#8211; le 13 mai 2003 par le Saint Synode du Patriarcat Oecum\u00e9nique, il fut nomm\u00e9 Ev\u00eaque auxiliaire du M\u00e9tropolite de Belgique, avec le haut titre d&#8217;\u00a0<em>Ev\u00eaque de Sinope<\/em>. Son sacre \u00e9piscopal eut lieu le 22 juin 2003 en la cath\u00e9drale orthodoxe de Bruxelles. En sa r\u00e9union du 27 novembre 2013, le Saint et Sacr\u00e9 Synode du Patriarcat Oecum\u00e9nique de Constantinople accepta la d\u00e9mission pour raison de sant\u00e9 du M\u00e9tropolite Pant\u00e9l\u00e9imon de Belgique et \u00e9lut \u00e0 l&#8217;unanimit\u00e9 l&#8217;Ev\u00eaque Ath\u00e9nagoras nouveau M\u00e9tropolite de Belgique et Exarque des Pays-Bas et du Luxembourg. Son intronisation eut lieu le 21 d\u00e9cembre 2013.<\/p>\n<p><u>Adresse<\/u>:<br \/>\nAvenue Charbo 71<br \/>\n1030 Bruxelles<br \/>\nBelgique<br \/>\nT\u00e9l.: <a href=\"t:+3227365278\">+ 32.2\/736.52.78<\/a><br \/>\nE-mail:\u00a0<a href=\"mailto:info@orthodoxia.be\">info@orthodoxia.be<\/a><\/p>\n<p><u>F\u00eate onomastique<\/u>:\u00a024 juillet<br \/>\n<u>Sacre \u00e9piscopal<\/u>:\u00a022 juin 2003<\/p>\n","protected":false},"excerpt":{"rendered":"<p>Son Eminence le M\u00e9tropolite Ath\u00e9nagoras de Belgique, n\u00e9 \u00e0 Gand, en Belgique, est le fils de l&#8217;Archipr\u00eatre Ignace Peckstadt (paroisse orthodoxe de Gand) et de Marie-Th\u00e9r\u00e8se Janssens. Apr\u00e8s ses ann\u00e9es d&#8217;\u00e9tudes de Droit \u00e0 l&#8217;Universit\u00e9 de Gand, et gr\u00e2ce \u00e0 une bourse d&#8217;\u00e9tude du Patriarcat Oecum\u00e9nique, il entra \u00e0 l&#8217;Universit\u00e9 de Thessalonique, o\u00f9 il \u00e9tudia &hellip; <a href=\"https:\/\/orthodoxia.be\/fr\/le-metropolite-athenagoras-de-belgique\/\">Continued<\/a><\/p>\n","protected":false},"author":12,"featured_media":4941,"parent":0,"menu_order":3,"comment_status":"closed","ping_status":"closed","template":"","meta":{"_acf_changed":false,"footnotes":""},"class_list":["post-2102","page","type-page","status-publish","has-post-thumbnail","hentry"],"acf":[],"yoast_head":"<!-- This site is optimized with the Yoast SEO plugin v24.3 - https:\/\/yoast.com\/wordpress\/plugins\/seo\/ -->\n<title>le M\u00e9tropolite Ath\u00e9nagoras de Belgique - Archev\u00each\u00e9 Orthodoxe de Belgique<\/title>\n<meta name=\"robots\" content=\"index, follow, max-snippet:-1, max-image-preview:large, max-video-preview:-1\" \/>\n<link rel=\"canonical\" href=\"https:\/\/orthodoxia.be\/fr\/le-metropolite-athenagoras-de-belgique\/\" \/>\n<meta property=\"og:locale\" content=\"fr_FR\" \/>\n<meta property=\"og:type\" content=\"article\" \/>\n<meta property=\"og:title\" content=\"le M\u00e9tropolite Ath\u00e9nagoras de Belgique - Archev\u00each\u00e9 Orthodoxe de Belgique\" \/>\n<meta property=\"og:description\" content=\"Son Eminence le M\u00e9tropolite Ath\u00e9nagoras de Belgique, n\u00e9 \u00e0 Gand, en Belgique, est le fils de l&#8217;Archipr\u00eatre Ignace Peckstadt (paroisse orthodoxe de Gand) et de Marie-Th\u00e9r\u00e8se Janssens. Apr\u00e8s ses ann\u00e9es d&#8217;\u00e9tudes de Droit \u00e0 l&#8217;Universit\u00e9 de Gand, et gr\u00e2ce \u00e0 une bourse d&#8217;\u00e9tude du Patriarcat Oecum\u00e9nique, il entra \u00e0 l&#8217;Universit\u00e9 de Thessalonique, o\u00f9 il \u00e9tudia &hellip; Continued\" \/>\n<meta property=\"og:url\" content=\"https:\/\/orthodoxia.be\/fr\/le-metropolite-athenagoras-de-belgique\/\" \/>\n<meta property=\"og:site_name\" content=\"Archev\u00each\u00e9 Orthodoxe de Belgique\" \/>\n<meta property=\"article:publisher\" content=\"https:\/\/www.facebook.com\/orthobel\" \/>\n<meta property=\"article:modified_time\" content=\"2025-04-08T16:43:30+00:00\" \/>\n<meta property=\"og:image\" content=\"https:\/\/orthodoxia.be\/wp-content\/uploads\/2017\/10\/athenagoras-belgiou-e1537778087250.jpg\" \/>\n\t<meta property=\"og:image:width\" content=\"500\" \/>\n\t<meta property=\"og:image:height\" content=\"755\" \/>\n\t<meta property=\"og:image:type\" content=\"image\/jpeg\" \/>\n<meta name=\"twitter:card\" content=\"summary_large_image\" \/>\n<meta name=\"twitter:site\" content=\"@orthobel\" \/>\n<meta name=\"twitter:label1\" content=\"Dur\u00e9e de lecture est.\" \/>\n\t<meta name=\"twitter:data1\" content=\"3 minutes\" \/>\n<script type=\"application\/ld+json\" class=\"yoast-schema-graph\">{\"@context\":\"https:\/\/schema.org\",\"@graph\":[{\"@type\":\"WebPage\",\"@id\":\"https:\/\/orthodoxia.be\/fr\/le-metropolite-athenagoras-de-belgique\/\",\"url\":\"https:\/\/orthodoxia.be\/fr\/le-metropolite-athenagoras-de-belgique\/\",\"name\":\"le M\u00e9tropolite Ath\u00e9nagoras de Belgique - Archev\u00each\u00e9 Orthodoxe de Belgique\",\"isPartOf\":{\"@id\":\"https:\/\/orthodoxia.be\/#website\"},\"primaryImageOfPage\":{\"@id\":\"https:\/\/orthodoxia.be\/fr\/le-metropolite-athenagoras-de-belgique\/#primaryimage\"},\"image\":{\"@id\":\"https:\/\/orthodoxia.be\/fr\/le-metropolite-athenagoras-de-belgique\/#primaryimage\"},\"thumbnailUrl\":\"https:\/\/orthodoxia.be\/wp-content\/uploads\/2017\/10\/athenagoras-belgiou-e1537778087250.jpg\",\"datePublished\":\"2017-10-27T09:56:51+00:00\",\"dateModified\":\"2025-04-08T16:43:30+00:00\",\"breadcrumb\":{\"@id\":\"https:\/\/orthodoxia.be\/fr\/le-metropolite-athenagoras-de-belgique\/#breadcrumb\"},\"inLanguage\":\"fr-BE\",\"potentialAction\":[{\"@type\":\"ReadAction\",\"target\":[\"https:\/\/orthodoxia.be\/fr\/le-metropolite-athenagoras-de-belgique\/\"]}]},{\"@type\":\"ImageObject\",\"inLanguage\":\"fr-BE\",\"@id\":\"https:\/\/orthodoxia.be\/fr\/le-metropolite-athenagoras-de-belgique\/#primaryimage\",\"url\":\"https:\/\/orthodoxia.be\/wp-content\/uploads\/2017\/10\/athenagoras-belgiou-e1537778087250.jpg\",\"contentUrl\":\"https:\/\/orthodoxia.be\/wp-content\/uploads\/2017\/10\/athenagoras-belgiou-e1537778087250.jpg\",\"width\":500,\"height\":755},{\"@type\":\"BreadcrumbList\",\"@id\":\"https:\/\/orthodoxia.be\/fr\/le-metropolite-athenagoras-de-belgique\/#breadcrumb\",\"itemListElement\":[{\"@type\":\"ListItem\",\"position\":1,\"name\":\"Home\",\"item\":\"https:\/\/orthodoxia.be\/fr\/\"},{\"@type\":\"ListItem\",\"position\":2,\"name\":\"le M\u00e9tropolite Ath\u00e9nagoras de Belgique\"}]},{\"@type\":\"WebSite\",\"@id\":\"https:\/\/orthodoxia.be\/#website\",\"url\":\"https:\/\/orthodoxia.be\/\",\"name\":\"Orthodox Archdiocese of Belgium (Benelux)\",\"description\":\"Exarque des Pays-Bas et du Luxembourg\",\"publisher\":{\"@id\":\"https:\/\/orthodoxia.be\/#organization\"},\"alternateName\":\"IMB\",\"potentialAction\":[{\"@type\":\"SearchAction\",\"target\":{\"@type\":\"EntryPoint\",\"urlTemplate\":\"https:\/\/orthodoxia.be\/?s={search_term_string}\"},\"query-input\":{\"@type\":\"PropertyValueSpecification\",\"valueRequired\":true,\"valueName\":\"search_term_string\"}}],\"inLanguage\":\"fr-BE\"},{\"@type\":\"Organization\",\"@id\":\"https:\/\/orthodoxia.be\/#organization\",\"name\":\"Orthodox Archdiocese of Belgium (Benelux)\",\"url\":\"https:\/\/orthodoxia.be\/\",\"logo\":{\"@type\":\"ImageObject\",\"inLanguage\":\"fr-BE\",\"@id\":\"https:\/\/orthodoxia.be\/#\/schema\/logo\/image\/\",\"url\":\"https:\/\/orthodoxia.be\/wp-content\/uploads\/2024\/02\/cropped-IMB-logo-512-cl-1.png\",\"contentUrl\":\"https:\/\/orthodoxia.be\/wp-content\/uploads\/2024\/02\/cropped-IMB-logo-512-cl-1.png\",\"width\":512,\"height\":512,\"caption\":\"Orthodox Archdiocese of Belgium (Benelux)\"},\"image\":{\"@id\":\"https:\/\/orthodoxia.be\/#\/schema\/logo\/image\/\"},\"sameAs\":[\"https:\/\/www.facebook.com\/orthobel\",\"https:\/\/x.com\/orthobel\",\"https:\/\/www.youtube.com\/c\/orthobel\",\"https:\/\/www.mixcloud.com\/orthobel\/\",\"https:\/\/www.flickr.com\/photos\/148264890@N07\/albums\",\"https:\/\/www.dailymotion.com\/Orthobel\"]}]}<\/script>\n<!-- \/ Yoast SEO plugin. -->","yoast_head_json":{"title":"le M\u00e9tropolite Ath\u00e9nagoras de Belgique - Archev\u00each\u00e9 Orthodoxe de Belgique","robots":{"index":"index","follow":"follow","max-snippet":"max-snippet:-1","max-image-preview":"max-image-preview:large","max-video-preview":"max-video-preview:-1"},"canonical":"https:\/\/orthodoxia.be\/fr\/le-metropolite-athenagoras-de-belgique\/","og_locale":"fr_FR","og_type":"article","og_title":"le M\u00e9tropolite Ath\u00e9nagoras de Belgique - Archev\u00each\u00e9 Orthodoxe de Belgique","og_description":"Son Eminence le M\u00e9tropolite Ath\u00e9nagoras de Belgique, n\u00e9 \u00e0 Gand, en Belgique, est le fils de l&#8217;Archipr\u00eatre Ignace Peckstadt (paroisse orthodoxe de Gand) et de Marie-Th\u00e9r\u00e8se Janssens. Apr\u00e8s ses ann\u00e9es d&#8217;\u00e9tudes de Droit \u00e0 l&#8217;Universit\u00e9 de Gand, et gr\u00e2ce \u00e0 une bourse d&#8217;\u00e9tude du Patriarcat Oecum\u00e9nique, il entra \u00e0 l&#8217;Universit\u00e9 de Thessalonique, o\u00f9 il \u00e9tudia &hellip; Continued","og_url":"https:\/\/orthodoxia.be\/fr\/le-metropolite-athenagoras-de-belgique\/","og_site_name":"Archev\u00each\u00e9 Orthodoxe de Belgique","article_publisher":"https:\/\/www.facebook.com\/orthobel","article_modified_time":"2025-04-08T16:43:30+00:00","og_image":[{"width":500,"height":755,"url":"https:\/\/orthodoxia.be\/wp-content\/uploads\/2017\/10\/athenagoras-belgiou-e1537778087250.jpg","type":"image\/jpeg"}],"twitter_card":"summary_large_image","twitter_site":"@orthobel","twitter_misc":{"Dur\u00e9e de lecture est.":"3 minutes"},"schema":{"@context":"https:\/\/schema.org","@graph":[{"@type":"WebPage","@id":"https:\/\/orthodoxia.be\/fr\/le-metropolite-athenagoras-de-belgique\/","url":"https:\/\/orthodoxia.be\/fr\/le-metropolite-athenagoras-de-belgique\/","name":"le M\u00e9tropolite Ath\u00e9nagoras de Belgique - Archev\u00each\u00e9 Orthodoxe de Belgique","isPartOf":{"@id":"https:\/\/orthodoxia.be\/#website"},"primaryImageOfPage":{"@id":"https:\/\/orthodoxia.be\/fr\/le-metropolite-athenagoras-de-belgique\/#primaryimage"},"image":{"@id":"https:\/\/orthodoxia.be\/fr\/le-metropolite-athenagoras-de-belgique\/#primaryimage"},"thumbnailUrl":"https:\/\/orthodoxia.be\/wp-content\/uploads\/2017\/10\/athenagoras-belgiou-e1537778087250.jpg","datePublished":"2017-10-27T09:56:51+00:00","dateModified":"2025-04-08T16:43:30+00:00","breadcrumb":{"@id":"https:\/\/orthodoxia.be\/fr\/le-metropolite-athenagoras-de-belgique\/#breadcrumb"},"inLanguage":"fr-BE","potentialAction":[{"@type":"ReadAction","target":["https:\/\/orthodoxia.be\/fr\/le-metropolite-athenagoras-de-belgique\/"]}]},{"@type":"ImageObject","inLanguage":"fr-BE","@id":"https:\/\/orthodoxia.be\/fr\/le-metropolite-athenagoras-de-belgique\/#primaryimage","url":"https:\/\/orthodoxia.be\/wp-content\/uploads\/2017\/10\/athenagoras-belgiou-e1537778087250.jpg","contentUrl":"https:\/\/orthodoxia.be\/wp-content\/uploads\/2017\/10\/athenagoras-belgiou-e1537778087250.jpg","width":500,"height":755},{"@type":"BreadcrumbList","@id":"https:\/\/orthodoxia.be\/fr\/le-metropolite-athenagoras-de-belgique\/#breadcrumb","itemListElement":[{"@type":"ListItem","position":1,"name":"Home","item":"https:\/\/orthodoxia.be\/fr\/"},{"@type":"ListItem","position":2,"name":"le M\u00e9tropolite Ath\u00e9nagoras de Belgique"}]},{"@type":"WebSite","@id":"https:\/\/orthodoxia.be\/#website","url":"https:\/\/orthodoxia.be\/","name":"Orthodox Archdiocese of Belgium (Benelux)","description":"Exarque des Pays-Bas et du Luxembourg","publisher":{"@id":"https:\/\/orthodoxia.be\/#organization"},"alternateName":"IMB","potentialAction":[{"@type":"SearchAction","target":{"@type":"EntryPoint","urlTemplate":"https:\/\/orthodoxia.be\/?s={search_term_string}"},"query-input":{"@type":"PropertyValueSpecification","valueRequired":true,"valueName":"search_term_string"}}],"inLanguage":"fr-BE"},{"@type":"Organization","@id":"https:\/\/orthodoxia.be\/#organization","name":"Orthodox Archdiocese of Belgium (Benelux)","url":"https:\/\/orthodoxia.be\/","logo":{"@type":"ImageObject","inLanguage":"fr-BE","@id":"https:\/\/orthodoxia.be\/#\/schema\/logo\/image\/","url":"https:\/\/orthodoxia.be\/wp-content\/uploads\/2024\/02\/cropped-IMB-logo-512-cl-1.png","contentUrl":"https:\/\/orthodoxia.be\/wp-content\/uploads\/2024\/02\/cropped-IMB-logo-512-cl-1.png","width":512,"height":512,"caption":"Orthodox Archdiocese of Belgium (Benelux)"},"image":{"@id":"https:\/\/orthodoxia.be\/#\/schema\/logo\/image\/"},"sameAs":["https:\/\/www.facebook.com\/orthobel","https:\/\/x.com\/orthobel","https:\/\/www.youtube.com\/c\/orthobel","https:\/\/www.mixcloud.com\/orthobel\/","https:\/\/www.flickr.com\/photos\/148264890@N07\/albums","https:\/\/www.dailymotion.com\/Orthobel"]}]}},"_links":{"self":[{"href":"https:\/\/orthodoxia.be\/fr\/wp-json\/wp\/v2\/pages\/2102","targetHints":{"allow":["GET"]}}],"collection":[{"href":"https:\/\/orthodoxia.be\/fr\/wp-json\/wp\/v2\/pages"}],"about":[{"href":"https:\/\/orthodoxia.be\/fr\/wp-json\/wp\/v2\/types\/page"}],"author":[{"embeddable":true,"href":"https:\/\/orthodoxia.be\/fr\/wp-json\/wp\/v2\/users\/12"}],"replies":[{"embeddable":true,"href":"https:\/\/orthodoxia.be\/fr\/wp-json\/wp\/v2\/comments?post=2102"}],"version-history":[{"count":7,"href":"https:\/\/orthodoxia.be\/fr\/wp-json\/wp\/v2\/pages\/2102\/revisions"}],"predecessor-version":[{"id":30993,"href":"https:\/\/orthodoxia.be\/fr\/wp-json\/wp\/v2\/pages\/2102\/revisions\/30993"}],"wp:featuredmedia":[{"embeddable":true,"href":"https:\/\/orthodoxia.be\/fr\/wp-json\/wp\/v2\/media\/4941"}],"wp:attachment":[{"href":"https:\/\/orthodoxia.be\/fr\/wp-json\/wp\/v2\/media?parent=2102"}],"curies":[{"name":"wp","href":"https:\/\/api.w.org\/{rel}","templated":true}]}}