{"id":21685,"date":"2020-01-26T17:00:57","date_gmt":"2020-01-26T16:00:57","guid":{"rendered":"http:\/\/orthodoxia.be\/?page_id=21685"},"modified":"2026-01-03T16:52:19","modified_gmt":"2026-01-03T15:52:19","slug":"son-excellence-leveque-joachim-archontos-dapollonia","status":"publish","type":"page","link":"https:\/\/orthodoxia.be\/fr\/son-excellence-leveque-joachim-archontos-dapollonia\/","title":{"rendered":"Ev\u00eaque Auxiliaire"},"content":{"rendered":"<p><strong>Son Excellence l\u2019Ev\u00eaque Joachim d&#8217;Apollonia<\/strong> (de son \u00e9tat civil Dimitrios Archontos) est n\u00e9 le 7 avril 1964 \u00e0 Ath\u00e8nes de parents originaires de l\u2019\u00eele de Psara. Son cycle secondaire termin\u00e9, il fut admis \u00e0 l\u2019\u00c9cole d\u2019Infirmiers de l\u2019Institut Sup\u00e9rieur d\u2019Enseignement Technologique (TEI) de Patras, pour continuer ses \u00e9tudes \u00e0 la Facult\u00e9 de M\u00e9decine de l\u2019Universit\u00e9 de Thessalonique et en \u00eatre dipl\u00f4m\u00e9. Par la suite, il \u00e9tudia \u00e0 la Facult\u00e9 de Th\u00e9ologie de l\u2019Universit\u00e9 d\u2019Ath\u00e8nes. Il poursuivit des \u00e9tudes post-gradu\u00e9es \u00e0 la section d\u2019Histoire de l\u2019Universit\u00e9 Ionienne de Corfou, qu\u2019il termina avec la mention \u00ab Grande Distinction \u00bb, son m\u00e9moire \u00e9tant publi\u00e9 en 2017 par la Section d\u2019\u00c9tudes Historiques de l\u2019Institut National de Recherches. Il est aujourd\u2019hui doctorant \u00e0 la Facult\u00e9 d\u2019Histoire N\u00e9o-hell\u00e9nique et Europ\u00e9enne. Il a suivi des cours d\u2019iconographie byzantine \u00e0 l\u2019\u00c9cole d\u2019Iconographie de l\u2019Archev\u00each\u00e9 de Patras et dans divers ateliers d\u2019ic\u00f4nographie du Mont Athos.<\/p>\n<p>Le 11 novembre 1990, il est tonsur\u00e9 moine \u00e0 la Skyte de Sainte Anne du Mont Athos. Il fut ordonn\u00e9 diacre le 23 ao\u00fbt 1991 par feu le M\u00e9tropolite Dionysios de Chios dans l\u2019ancien monast\u00e8re de Nea Moni de Chios qu\u2019il occupait. Le m\u00eame hi\u00e9rarque l\u2019ordonnait pr\u00eatre dans la Cath\u00e9drale de Chios le 11 novembre 1991, tandis que trois ans plus tard, il recevait le grade d\u2019Archimandrite. Il desservit en tant que vicaire, le Monast\u00e8re de Nea Moni et de nombreuses \u00e9glises de l\u2019Archev\u00each\u00e9 de Chios, mais surtout l\u2019\u00e9glise de St Nicolas Frangomachala (du quartier des Francs) de la ville de Chios, qu\u2019il devait r\u00e9nover enti\u00e8rement. En 1997, il fut d\u00e9tach\u00e9 \u00e0 l\u2019Archev\u00each\u00e9 de Belgique, o\u00f9 l\u2019ancien M\u00e9tropolite Panteleimon de Belgique lui confia la charge de recteur de la Cath\u00e9drale de Bruxelles et pr\u00e9dicateur de l\u2019Archev\u00each\u00e9.<\/p>\n<p>Mars 2004, il est nomm\u00e9 pr\u00e9dicateur r\u00e9gulier de l\u2019Archev\u00each\u00e9 de Chios. Parall\u00e8lement, il dessert \u00e9galement l\u2019\u00eele historique de Psara, organisant la paroisse, mettant en exergue le riche h\u00e9ritage culturel de l\u2019\u00eele, \u00e9crivant des livres et des articles historiques ; \u00e9tudiant archives, manuscrits et codex. En collaboration avec le Minist\u00e8re de la Culture, il r\u00e9nova l\u2019\u00e9glise historique de Saint Nicolas, la Cath\u00e9drale de la Transformation du Sauveur, le monast\u00e8re historique de la Dormition de la M\u00e8re de Dieu ainsi que diverses Annexes.<\/p>\n<p>En mars 2015, il est d\u00e9tach\u00e9 \u00e0 l\u2019Archev\u00each\u00e9 de Kifisia, Amarousion et Oropos, en tant que pr\u00e9dicateur r\u00e9gulier. Il fut d\u00e9sign\u00e9 par Son Eminence le M\u00e9tropolite Cyrille de Kifisia responsable de la pastorale des H\u00f4pitaux de la p\u00e9riph\u00e9rie de l\u2019Archev\u00each\u00e9, tandis que d\u00e8s la fin 2016, il prenait en charge le soutien spirituel et psychologique des malades hospitalis\u00e9s \u00e0 l\u2019h\u00f4pital KAT. Il participa en tant que repr\u00e9sentant de l\u2019Archev\u00each\u00e9 de Kifisia, \u00e0 de nombreux congr\u00e8s d\u2019histoire, de m\u00e9decine et th\u00e9ologie.<\/p>\n<p>Depuis janvier 2018 o\u00f9 il dessert l\u2019Archev\u00each\u00e9 de Belgique, Son \u00c9minence le M\u00e9tropolite Ath\u00e9nagoras de Belgique lui a confi\u00e9 la t\u00e2che de pr\u00e9dicateur officiel.<\/p>\n<p>Il est \u00e9lu le 9 janvier 2020 Ev\u00eaque d\u2019Apollonia comme Ev\u00eaque auxiliaire de Son Eminence le M\u00e9tropolite Ath\u00e9nagoras de Belgique et en est ordonn\u00e9 le 26 janvier 2020.<\/p>\n<p><strong>Coordonn\u00e9es :<\/strong><br \/>\nRue de Stassart 92<br \/>\n1050 Bruxelles<br \/>\nBelgique<br \/>\nT\u00e9l.: + 32.470\/70.29.65\u202c<br \/>\nE-mail: iarchontos@gmail.com<\/p>\n<p>F\u00eate onomastique : 9 septembre<br \/>\nOrdination \u00e9piscopale : 26 janvier 2020<\/p>\n<div dir=\"ltr\"><\/div>\n<p style=\"font-weight: 400;\">\n","protected":false},"excerpt":{"rendered":"<p>Son Excellence l\u2019Ev\u00eaque Joachim d&#8217;Apollonia (de son \u00e9tat civil Dimitrios Archontos) est n\u00e9 le 7 avril 1964 \u00e0 Ath\u00e8nes de parents originaires de l\u2019\u00eele de Psara. Son cycle secondaire termin\u00e9, il fut admis \u00e0 l\u2019\u00c9cole d\u2019Infirmiers de l\u2019Institut Sup\u00e9rieur d\u2019Enseignement Technologique (TEI) de Patras, pour continuer ses \u00e9tudes \u00e0 la Facult\u00e9 de M\u00e9decine de l\u2019Universit\u00e9 &hellip; <a href=\"https:\/\/orthodoxia.be\/fr\/son-excellence-leveque-joachim-archontos-dapollonia\/\">Continued<\/a><\/p>\n","protected":false},"author":12,"featured_media":28631,"parent":0,"menu_order":0,"comment_status":"closed","ping_status":"closed","template":"","meta":{"_acf_changed":false,"footnotes":""},"class_list":["post-21685","page","type-page","status-publish","has-post-thumbnail","hentry"],"acf":[],"yoast_head":"<!-- This site is optimized with the Yoast SEO plugin v24.3 - https:\/\/yoast.com\/wordpress\/plugins\/seo\/ -->\n<title>Ev\u00eaque Auxiliaire - Archev\u00each\u00e9 Orthodoxe de Belgique<\/title>\n<meta name=\"robots\" content=\"index, follow, max-snippet:-1, max-image-preview:large, max-video-preview:-1\" \/>\n<link rel=\"canonical\" href=\"https:\/\/orthodoxia.be\/fr\/son-excellence-leveque-joachim-archontos-dapollonia\/\" \/>\n<meta property=\"og:locale\" content=\"fr_FR\" \/>\n<meta property=\"og:type\" content=\"article\" \/>\n<meta property=\"og:title\" content=\"Ev\u00eaque Auxiliaire - Archev\u00each\u00e9 Orthodoxe de Belgique\" \/>\n<meta property=\"og:description\" content=\"Son Excellence l\u2019Ev\u00eaque Joachim d&#8217;Apollonia (de son \u00e9tat civil Dimitrios Archontos) est n\u00e9 le 7 avril 1964 \u00e0 Ath\u00e8nes de parents originaires de l\u2019\u00eele de Psara. Son cycle secondaire termin\u00e9, il fut admis \u00e0 l\u2019\u00c9cole d\u2019Infirmiers de l\u2019Institut Sup\u00e9rieur d\u2019Enseignement Technologique (TEI) de Patras, pour continuer ses \u00e9tudes \u00e0 la Facult\u00e9 de M\u00e9decine de l\u2019Universit\u00e9 &hellip; Continued\" \/>\n<meta property=\"og:url\" content=\"https:\/\/orthodoxia.be\/fr\/son-excellence-leveque-joachim-archontos-dapollonia\/\" \/>\n<meta property=\"og:site_name\" content=\"Archev\u00each\u00e9 Orthodoxe de Belgique\" \/>\n<meta property=\"article:publisher\" content=\"https:\/\/www.facebook.com\/orthobel\" \/>\n<meta property=\"article:modified_time\" content=\"2026-01-03T15:52:19+00:00\" \/>\n<meta property=\"og:image\" content=\"https:\/\/orthodoxia.be\/wp-content\/uploads\/2020\/10\/Apolloniados-Ioakeim-e1603478217821.jpg\" \/>\n\t<meta property=\"og:image:width\" content=\"503\" \/>\n\t<meta property=\"og:image:height\" content=\"750\" \/>\n\t<meta property=\"og:image:type\" content=\"image\/jpeg\" \/>\n<meta name=\"twitter:card\" content=\"summary_large_image\" \/>\n<meta name=\"twitter:site\" content=\"@orthobel\" \/>\n<meta name=\"twitter:label1\" content=\"Dur\u00e9e de lecture est.\" \/>\n\t<meta name=\"twitter:data1\" content=\"4 minutes\" \/>\n<script type=\"application\/ld+json\" class=\"yoast-schema-graph\">{\"@context\":\"https:\/\/schema.org\",\"@graph\":[{\"@type\":\"WebPage\",\"@id\":\"https:\/\/orthodoxia.be\/fr\/son-excellence-leveque-joachim-archontos-dapollonia\/\",\"url\":\"https:\/\/orthodoxia.be\/fr\/son-excellence-leveque-joachim-archontos-dapollonia\/\",\"name\":\"Ev\u00eaque Auxiliaire - Archev\u00each\u00e9 Orthodoxe de Belgique\",\"isPartOf\":{\"@id\":\"https:\/\/orthodoxia.be\/#website\"},\"primaryImageOfPage\":{\"@id\":\"https:\/\/orthodoxia.be\/fr\/son-excellence-leveque-joachim-archontos-dapollonia\/#primaryimage\"},\"image\":{\"@id\":\"https:\/\/orthodoxia.be\/fr\/son-excellence-leveque-joachim-archontos-dapollonia\/#primaryimage\"},\"thumbnailUrl\":\"https:\/\/orthodoxia.be\/wp-content\/uploads\/2020\/10\/Apolloniados-Ioakeim-e1603478217821.jpg\",\"datePublished\":\"2020-01-26T16:00:57+00:00\",\"dateModified\":\"2026-01-03T15:52:19+00:00\",\"breadcrumb\":{\"@id\":\"https:\/\/orthodoxia.be\/fr\/son-excellence-leveque-joachim-archontos-dapollonia\/#breadcrumb\"},\"inLanguage\":\"fr-BE\",\"potentialAction\":[{\"@type\":\"ReadAction\",\"target\":[\"https:\/\/orthodoxia.be\/fr\/son-excellence-leveque-joachim-archontos-dapollonia\/\"]}]},{\"@type\":\"ImageObject\",\"inLanguage\":\"fr-BE\",\"@id\":\"https:\/\/orthodoxia.be\/fr\/son-excellence-leveque-joachim-archontos-dapollonia\/#primaryimage\",\"url\":\"https:\/\/orthodoxia.be\/wp-content\/uploads\/2020\/10\/Apolloniados-Ioakeim-e1603478217821.jpg\",\"contentUrl\":\"https:\/\/orthodoxia.be\/wp-content\/uploads\/2020\/10\/Apolloniados-Ioakeim-e1603478217821.jpg\",\"width\":503,\"height\":750},{\"@type\":\"BreadcrumbList\",\"@id\":\"https:\/\/orthodoxia.be\/fr\/son-excellence-leveque-joachim-archontos-dapollonia\/#breadcrumb\",\"itemListElement\":[{\"@type\":\"ListItem\",\"position\":1,\"name\":\"Home\",\"item\":\"https:\/\/orthodoxia.be\/fr\/\"},{\"@type\":\"ListItem\",\"position\":2,\"name\":\"Ev\u00eaque Auxiliaire\"}]},{\"@type\":\"WebSite\",\"@id\":\"https:\/\/orthodoxia.be\/#website\",\"url\":\"https:\/\/orthodoxia.be\/\",\"name\":\"Orthodox Archdiocese of Belgium (Benelux)\",\"description\":\"Exarque des Pays-Bas et du Luxembourg\",\"publisher\":{\"@id\":\"https:\/\/orthodoxia.be\/#organization\"},\"alternateName\":\"IMB\",\"potentialAction\":[{\"@type\":\"SearchAction\",\"target\":{\"@type\":\"EntryPoint\",\"urlTemplate\":\"https:\/\/orthodoxia.be\/?s={search_term_string}\"},\"query-input\":{\"@type\":\"PropertyValueSpecification\",\"valueRequired\":true,\"valueName\":\"search_term_string\"}}],\"inLanguage\":\"fr-BE\"},{\"@type\":\"Organization\",\"@id\":\"https:\/\/orthodoxia.be\/#organization\",\"name\":\"Orthodox Archdiocese of Belgium (Benelux)\",\"url\":\"https:\/\/orthodoxia.be\/\",\"logo\":{\"@type\":\"ImageObject\",\"inLanguage\":\"fr-BE\",\"@id\":\"https:\/\/orthodoxia.be\/#\/schema\/logo\/image\/\",\"url\":\"https:\/\/orthodoxia.be\/wp-content\/uploads\/2024\/02\/cropped-IMB-logo-512-cl-1.png\",\"contentUrl\":\"https:\/\/orthodoxia.be\/wp-content\/uploads\/2024\/02\/cropped-IMB-logo-512-cl-1.png\",\"width\":512,\"height\":512,\"caption\":\"Orthodox Archdiocese of Belgium (Benelux)\"},\"image\":{\"@id\":\"https:\/\/orthodoxia.be\/#\/schema\/logo\/image\/\"},\"sameAs\":[\"https:\/\/www.facebook.com\/orthobel\",\"https:\/\/x.com\/orthobel\",\"https:\/\/www.youtube.com\/c\/orthobel\",\"https:\/\/www.mixcloud.com\/orthobel\/\",\"https:\/\/www.flickr.com\/photos\/148264890@N07\/albums\",\"https:\/\/www.dailymotion.com\/Orthobel\"]}]}<\/script>\n<!-- \/ Yoast SEO plugin. -->","yoast_head_json":{"title":"Ev\u00eaque Auxiliaire - Archev\u00each\u00e9 Orthodoxe de Belgique","robots":{"index":"index","follow":"follow","max-snippet":"max-snippet:-1","max-image-preview":"max-image-preview:large","max-video-preview":"max-video-preview:-1"},"canonical":"https:\/\/orthodoxia.be\/fr\/son-excellence-leveque-joachim-archontos-dapollonia\/","og_locale":"fr_FR","og_type":"article","og_title":"Ev\u00eaque Auxiliaire - Archev\u00each\u00e9 Orthodoxe de Belgique","og_description":"Son Excellence l\u2019Ev\u00eaque Joachim d&#8217;Apollonia (de son \u00e9tat civil Dimitrios Archontos) est n\u00e9 le 7 avril 1964 \u00e0 Ath\u00e8nes de parents originaires de l\u2019\u00eele de Psara. Son cycle secondaire termin\u00e9, il fut admis \u00e0 l\u2019\u00c9cole d\u2019Infirmiers de l\u2019Institut Sup\u00e9rieur d\u2019Enseignement Technologique (TEI) de Patras, pour continuer ses \u00e9tudes \u00e0 la Facult\u00e9 de M\u00e9decine de l\u2019Universit\u00e9 &hellip; Continued","og_url":"https:\/\/orthodoxia.be\/fr\/son-excellence-leveque-joachim-archontos-dapollonia\/","og_site_name":"Archev\u00each\u00e9 Orthodoxe de Belgique","article_publisher":"https:\/\/www.facebook.com\/orthobel","article_modified_time":"2026-01-03T15:52:19+00:00","og_image":[{"width":503,"height":750,"url":"https:\/\/orthodoxia.be\/wp-content\/uploads\/2020\/10\/Apolloniados-Ioakeim-e1603478217821.jpg","type":"image\/jpeg"}],"twitter_card":"summary_large_image","twitter_site":"@orthobel","twitter_misc":{"Dur\u00e9e de lecture est.":"4 minutes"},"schema":{"@context":"https:\/\/schema.org","@graph":[{"@type":"WebPage","@id":"https:\/\/orthodoxia.be\/fr\/son-excellence-leveque-joachim-archontos-dapollonia\/","url":"https:\/\/orthodoxia.be\/fr\/son-excellence-leveque-joachim-archontos-dapollonia\/","name":"Ev\u00eaque Auxiliaire - Archev\u00each\u00e9 Orthodoxe de Belgique","isPartOf":{"@id":"https:\/\/orthodoxia.be\/#website"},"primaryImageOfPage":{"@id":"https:\/\/orthodoxia.be\/fr\/son-excellence-leveque-joachim-archontos-dapollonia\/#primaryimage"},"image":{"@id":"https:\/\/orthodoxia.be\/fr\/son-excellence-leveque-joachim-archontos-dapollonia\/#primaryimage"},"thumbnailUrl":"https:\/\/orthodoxia.be\/wp-content\/uploads\/2020\/10\/Apolloniados-Ioakeim-e1603478217821.jpg","datePublished":"2020-01-26T16:00:57+00:00","dateModified":"2026-01-03T15:52:19+00:00","breadcrumb":{"@id":"https:\/\/orthodoxia.be\/fr\/son-excellence-leveque-joachim-archontos-dapollonia\/#breadcrumb"},"inLanguage":"fr-BE","potentialAction":[{"@type":"ReadAction","target":["https:\/\/orthodoxia.be\/fr\/son-excellence-leveque-joachim-archontos-dapollonia\/"]}]},{"@type":"ImageObject","inLanguage":"fr-BE","@id":"https:\/\/orthodoxia.be\/fr\/son-excellence-leveque-joachim-archontos-dapollonia\/#primaryimage","url":"https:\/\/orthodoxia.be\/wp-content\/uploads\/2020\/10\/Apolloniados-Ioakeim-e1603478217821.jpg","contentUrl":"https:\/\/orthodoxia.be\/wp-content\/uploads\/2020\/10\/Apolloniados-Ioakeim-e1603478217821.jpg","width":503,"height":750},{"@type":"BreadcrumbList","@id":"https:\/\/orthodoxia.be\/fr\/son-excellence-leveque-joachim-archontos-dapollonia\/#breadcrumb","itemListElement":[{"@type":"ListItem","position":1,"name":"Home","item":"https:\/\/orthodoxia.be\/fr\/"},{"@type":"ListItem","position":2,"name":"Ev\u00eaque Auxiliaire"}]},{"@type":"WebSite","@id":"https:\/\/orthodoxia.be\/#website","url":"https:\/\/orthodoxia.be\/","name":"Orthodox Archdiocese of Belgium (Benelux)","description":"Exarque des Pays-Bas et du Luxembourg","publisher":{"@id":"https:\/\/orthodoxia.be\/#organization"},"alternateName":"IMB","potentialAction":[{"@type":"SearchAction","target":{"@type":"EntryPoint","urlTemplate":"https:\/\/orthodoxia.be\/?s={search_term_string}"},"query-input":{"@type":"PropertyValueSpecification","valueRequired":true,"valueName":"search_term_string"}}],"inLanguage":"fr-BE"},{"@type":"Organization","@id":"https:\/\/orthodoxia.be\/#organization","name":"Orthodox Archdiocese of Belgium (Benelux)","url":"https:\/\/orthodoxia.be\/","logo":{"@type":"ImageObject","inLanguage":"fr-BE","@id":"https:\/\/orthodoxia.be\/#\/schema\/logo\/image\/","url":"https:\/\/orthodoxia.be\/wp-content\/uploads\/2024\/02\/cropped-IMB-logo-512-cl-1.png","contentUrl":"https:\/\/orthodoxia.be\/wp-content\/uploads\/2024\/02\/cropped-IMB-logo-512-cl-1.png","width":512,"height":512,"caption":"Orthodox Archdiocese of Belgium (Benelux)"},"image":{"@id":"https:\/\/orthodoxia.be\/#\/schema\/logo\/image\/"},"sameAs":["https:\/\/www.facebook.com\/orthobel","https:\/\/x.com\/orthobel","https:\/\/www.youtube.com\/c\/orthobel","https:\/\/www.mixcloud.com\/orthobel\/","https:\/\/www.flickr.com\/photos\/148264890@N07\/albums","https:\/\/www.dailymotion.com\/Orthobel"]}]}},"_links":{"self":[{"href":"https:\/\/orthodoxia.be\/fr\/wp-json\/wp\/v2\/pages\/21685","targetHints":{"allow":["GET"]}}],"collection":[{"href":"https:\/\/orthodoxia.be\/fr\/wp-json\/wp\/v2\/pages"}],"about":[{"href":"https:\/\/orthodoxia.be\/fr\/wp-json\/wp\/v2\/types\/page"}],"author":[{"embeddable":true,"href":"https:\/\/orthodoxia.be\/fr\/wp-json\/wp\/v2\/users\/12"}],"replies":[{"embeddable":true,"href":"https:\/\/orthodoxia.be\/fr\/wp-json\/wp\/v2\/comments?post=21685"}],"version-history":[{"count":36,"href":"https:\/\/orthodoxia.be\/fr\/wp-json\/wp\/v2\/pages\/21685\/revisions"}],"predecessor-version":[{"id":52127,"href":"https:\/\/orthodoxia.be\/fr\/wp-json\/wp\/v2\/pages\/21685\/revisions\/52127"}],"wp:featuredmedia":[{"embeddable":true,"href":"https:\/\/orthodoxia.be\/fr\/wp-json\/wp\/v2\/media\/28631"}],"wp:attachment":[{"href":"https:\/\/orthodoxia.be\/fr\/wp-json\/wp\/v2\/media?parent=21685"}],"curies":[{"name":"wp","href":"https:\/\/api.w.org\/{rel}","templated":true}]}}