{"id":4947,"date":"2017-10-11T13:18:18","date_gmt":"2017-10-11T11:18:18","guid":{"rendered":"http:\/\/new.orthodoxia.be\/?page_id=4947"},"modified":"2026-02-26T17:57:32","modified_gmt":"2026-02-26T16:57:32","slug":"administration","status":"publish","type":"page","link":"https:\/\/orthodoxia.be\/fr\/sainte-metropole-de-belgique\/administration\/","title":{"rendered":"Administration"},"content":{"rendered":"<h1 style=\"text-align: center;\"><b>SAINTE METROPOLE DE BELGIQUE<br \/>\n<\/b><b>ET EXARCHAT DES PAYS-BAS ET DU LUXEMBOURG<\/b><\/h1>\n<h2><b>La Sainte M\u00e9tropole de Belgique<\/b><\/h2>\n<p>Est fond\u00e9e le 12 ao\u00fbt 1969 par un T\u00f4me Patriarcal et Synodal et comprend la Belgique, les Pays-Bas et le Luxembourg.<\/p>\n<h2><b>Belgique<\/b><\/h2>\n<p>L\u2019Eglise Orthodoxe a \u00e9t\u00e9 reconnue par l\u2019Etat Belge par une loi du 23 mars 1985 (publi\u00e9e dans le Moniteur Belge du 11 mai 1985). L\u2019Arr\u00eat\u00e9 Royal du 15 mars 1988 pr\u00e9voit l\u2019organisation de l\u2019Eglise Orthodoxe, et pr\u00e9cise dans le 1er article du 1er chapitre que:<br \/>\n\u00abLe M\u00e9tropolite-Archev\u00eaque du Patriarcat \u0152cum\u00e9nique de Constantinople ou son rempla\u00e7ant est reconnu par Nous comme organe repr\u00e9sentatif de l\u2019ensemble de l\u2019Eglise Orthodoxe\u00bb.<\/p>\n<h2><b>Pays-Bas<\/b><\/h2>\n<p><b><\/b>Au Pays-Bas, l\u2019ensemble de l\u2019Eglise Orthodoxe est repr\u00e9sent\u00e9e par le M\u00e9tropolite de Belgique, Exarque des Pays-Bas et de Luxembourg du Patriacat Oecum\u00e9nique de Constantinople en qualit\u00e9 de Pr\u00e9sident de l\u2019Assembl\u00e9e Episcopale Orthodoxe du B\u00e9n\u00e9lux ou par son rempla\u00e7ant.<\/p>\n<h2><b>Grand Duch\u00e9 de Luxembourg<\/b><\/h2>\n<p><b><\/b>L\u2019Eglise Orthodoxe au Luxembourg a \u00e9t\u00e9 reconnue par l\u2019Etat du Luxembourg le 26 janvier 2015 et comprend les paroisses orthodoxes h\u00e9ll\u00e9nophone, russophone, serbophone et roumainophone.<br \/>\nSon repr\u00e9sentant est le M\u00e9tropolite de Belgique, Exarque des Pays-Bas et de Luxembourg du Patriarcat \u0152cum\u00e9nique de Constantinople.<br \/>\nCet accord a renouvel\u00e9 les anciens accords de 1997 et 2004 entre l\u2019Eglise Orthodoxe et l\u2019Etat du Luxembourg.<\/p>\n<h2><b>Si\u00e8ge de la M\u00e9tropole:<\/b><\/h2>\n<p><b><\/b><strong>Adresse:<\/strong><br \/>\nAvenue Charbo 71 &#8211; 1030 Bruxelles<br \/>\n<strong>T\u00e9l.:\u00a0<\/strong><a href=\"tel:+3227365278\"> +32.2\/736.52.78<\/a>.<br \/>\n<strong>Email:<\/strong> <a href=\"mailto:info@orthodoxia.be\">info@orthodoxia.be<\/a><br \/>\n<strong>Website:<\/strong> <a href=\"http:\/\/www.orthodoxia.be\">www.orthodoxia.be<\/a><\/p>\n<p style=\"text-align: center;\"><img loading=\"lazy\" decoding=\"async\" class=\"alignnone size-full wp-image-12744\" src=\"https:\/\/orthodoxia.be\/wp-content\/uploads\/2018\/09\/diaxoristiko-mikro.png\" alt=\"\" width=\"96\" height=\"30\" \/><\/p>\n<h2 style=\"text-align: justify;\"><b>M\u00e9tropolite:<\/b><\/h2>\n<p style=\"text-align: justify;\"><b><\/b>Son Eminence le M\u00e9tropolite Ath\u00e9nagoras de Belgique et Exarque des Pays-Bas et du Luxembourg<\/p>\n<p><strong>Adresse:<\/strong><br \/>\nSon Eminence le M\u00e9tropolite Ath\u00e9nagoras<br \/>\nAvenue Charbo 71, 1030 Bruxelles<br \/>\n<strong>T\u00e9l.:<\/strong> <a href=\"tel:+3227365278\">+32.2\/736.52.78<\/a>.<br \/>\n<strong>Email:<\/strong> <a href=\"mailto:belgiou@orthodoxia.be\">belgiou@orthodoxia.be<\/a><br \/>\n<strong>F\u00eate onomastique:<\/strong> 24 juillet<\/p>\n<h2><strong>Bureau Personnel de Son \u00c9minence<\/strong><\/h2>\n<p><strong>Directeur du Bureau Personnel de Son \u00c9minence:\u00a0<\/strong>Dimitrios Hatzipemou<br \/>\n<strong>E-mail:\u00a0<\/strong><a href=\"privateoffice@orthodoxia.be\">privateoffice@orthodoxia.be<\/a><br \/>\n<strong>T\u00e9l.: <\/strong><a href=\"tel:+32472407857\">+32.472\/40.78.57<\/a><\/p>\n<h2 class=\"header-title\" style=\"text-align: justify;\"><strong>Ev\u00eaque Auxiliaire:<\/strong><\/h2>\n<p class=\"header-title\" style=\"text-align: justify;\">Son Excellence l\u2019Ev\u00eaque Joachim<\/p>\n<p class=\"header-title\" style=\"text-align: justify;\"><strong>Adresse:<\/strong><br \/>\nSon Excellence l\u2019Ev\u00eaque d\u2019Apollonia Joachim<br \/>\nRue de Stassart 92, 1050 Bruxelles, Belgique<br \/>\n<strong>T\u00e9l.:<\/strong> + 32.470\/70.29.65\u202c<br \/>\n<strong>E-mail:<\/strong>\u00a0iarchontos@gmail.com<br \/>\n<strong>F\u00eate onomastique:<\/strong> 9 septembre<br \/>\n<strong>Ordination \u00e9piscopale:<\/strong> 26 janvier 2020<\/p>\n<p style=\"text-align: center;\"><img loading=\"lazy\" decoding=\"async\" class=\"alignnone size-full wp-image-12744\" src=\"https:\/\/orthodoxia.be\/wp-content\/uploads\/2018\/09\/diaxoristiko-mikro.png\" alt=\"\" width=\"96\" height=\"30\" \/><\/p>\n<h2><b>VICARIAT GENERAL:<br \/>\n<\/b><b><\/b><b><\/b><\/h2>\n<p><b style=\"font-size: 1.6rem;\">Vicaire g\u00e9n\u00e9ral:<br \/>\n<\/b>Archimandrite Philadelphos Kafalis\u00a0 <a href=\"tel:+3227365278\">+32.2\/736.52.78<\/a><br \/>\n<strong>Mob.:<\/strong> <a href=\"tel:+32477064660\">+32.477\/06.46.60<\/a><br \/>\n<strong>E-mail: <\/strong><a href=\"mailto:privateoffice@orthodoxia.be\">p.philadelphos@orthodoxia.be<\/a><\/p>\n<p><b>VICAIRES EPISCOPAUX:<br \/>\n<\/b><b>Premier Vicaire Episcopal: <\/b>Archimandrite Emilianos Chatzivasileiou<br \/>\n<strong>E-mail:\u00a0<\/strong><a href=\"mailto:pere.emilianos@orthodoxia.be\">pere.emilianos@orthodoxia.be<\/a><b><br \/>\n<\/b><\/p>\n<p><b>Vicaire Episcopal pour Bruxelles: <\/b><span class=\"Y2IQFc\" lang=\"fr\">Archipr\u00eatre Athanasios Toparlakis<br \/>\n<b><strong>E-mail:\u00a0<\/strong><\/b><a href=\"mailto:athanasiostoparlakis@gmail.com\">athanasiostoparlakis@gmail.com<\/a><\/span><\/p>\n<p><b>Vicaire Episcopal pour Limbourg et Li\u00e8ge:\u00a0<\/b>Archipr\u00eatre Emmanouil Kazilas<br \/>\n<strong>E-mail:<\/strong>\u00a0<a href=\"mailto:emmanouil.kazilas@telenet.be\">emmanouil.kazilas@telenet.be<\/a><\/p>\n<p><b>Vicaire Episcopal pour les Pays-Bas: <\/b>Protopresbytre du Tr\u00f4ne \u0152cum\u00e9nique\u00a0Ioannis Psomas<br \/>\n<strong>E-mail:<\/strong> <a href=\"mailto:ioannis.psomas@gmail.com\">ioannis.psomas@gmail.com<\/a><\/p>\n<p><b>Vicaire Episcopal pour le Luxembourg: <\/b>Protopresbytre du Tr\u00f4ne \u0152cum\u00e9nique Panagiotis Moschonas<br \/>\n<strong>E-mail:\u00a0<\/strong><a href=\"pmoshonas@gmx.fr\">pmoshonas@gmx.fr<\/a><\/p>\n<p><b>ARCHIDIACRE:<\/b><\/p>\n<p><b>Archidiacre Panteleimon Bakalis<\/b><b><br \/>\n<\/b><strong>E-mail:<\/strong> <a href=\"mailto:archdeacon@orthodoxia.be\">archdeacon@orthodoxia.be<\/a>, <a href=\"mailto:p.panteleimon@orthodoxia.be\">p.panteleimon@orthodoxia.be<\/a><br \/>\n<strong>T\u00e9l.: <\/strong><a href=\"http:\/\/+32.470\/10.21.19\">+32.470\/10.21.19<\/a><\/p>\n<p><b>AUTRES DIACRES DU METROPOLITE<\/b><\/p>\n<p>&#8211;<\/p>\n<p style=\"text-align: center;\"><img loading=\"lazy\" decoding=\"async\" class=\"alignnone size-full wp-image-12744\" src=\"https:\/\/orthodoxia.be\/wp-content\/uploads\/2018\/09\/diaxoristiko-mikro.png\" alt=\"\" width=\"96\" height=\"30\" \/><\/p>\n<h2><b>BUREAU METROPOLITAIN<\/b><\/h2>\n<p><b>Secr\u00e9tariat<br \/>\n<\/b><b>Secr\u00e9tariat g\u00e9n\u00e9ral<\/b><br \/>\nProtopresbytre du Tr\u00f4ne Oecum\u00e9nique Evangelos Psallas<br \/>\n<strong>T\u00e9l.:\u00a0<\/strong><a href=\"tel:+3227364286\"> +32.2\/736.42.86<\/a><br \/>\n<strong>Email:<\/strong> <a href=\"mailto:secretariat@orthodoxia.be\">secretariat@orthodoxia.be<\/a><\/p>\n<p><b>Secr\u00e9taires<br \/>\n<\/b>Pr\u00eatre Filip Boone.<br \/>\n<strong>\u03a4\u00e9l.:<\/strong>\u00a0<a href=\"tel:+32476773992\">+32. 476\/77.39.92<\/a>.<br \/>\n<strong>Email:<\/strong> <a href=\"mailto:secretariaat@orthodoxia.be\">secretariaat@orthodoxia.be<\/a><\/p>\n<p>M. Konstantinos Garofalou.<br \/>\n<strong>Tel.:<\/strong> +32.493\/81.48.24.<br \/>\n<strong>Email:<\/strong> <a href=\"mailto:konstantinos.garofalou@orthodoxia.be\">konstantinos.garofalou@orthodoxia.be<\/a><\/p>\n<p>M. Dimitrios Chatzipemou<br \/>\n<strong>Tel.:\u00a0<\/strong><a href=\"tel:+32472407857\">+32.472\/40.78.57<\/a><strong><br \/>\nE-mail:<\/strong>\u00a0<a href=\"mailto:hatzipemou@orthodoxia.be\">hatzipemou@orthodoxia.be<\/a><\/p>\n<p><b>Secr\u00e9tariat pour les Fabriques d\u2019Eglise:<\/b><br \/>\nMlle Ariane Lahou.<br \/>\n<strong>Mob.:<\/strong>\u00a0<a href=\"tel:+32498576240\">+32.498\/57.62.40<\/a>.<br \/>\n<strong>Email:<\/strong> <a href=\"mailto:orthofabri@orthodoxia.be\"><span lang=\"NL-BE\">orthofabri@orthodoxia.be<\/span><\/a><\/p>\n<p><strong>Bureau des registres<br \/>\n<\/strong><strong>Service des bapt\u00eames, mariages et c\u00e9r\u00e9monies:\u00a0<\/strong>Archimandrite Philadelphos Kafalis<br \/>\n<strong>T\u00e9l.: <\/strong><a href=\"http:\/\/+32.477\/06.46.60\">+32.477\/06.46.60<\/a><br \/>\n<strong>E-mail:<\/strong>\u00a0<a href=\"p.philadelphos@orthodoxia.be\">p.philadelphos@orthodoxia.be<\/a><\/p>\n<p><b>Bureau de Presse<br \/>\n<\/b>Archidiacre Panteleimon Bakalis<br \/>\n<strong>\u03a4\u00e9l.:<\/strong> <a href=\"tel:+3227365278\">+32.2\/736.52.78<\/a><br \/>\n<strong>E-mail:<\/strong> <a href=\"mailto:pressoffice@orthodoxia.be\">pressoffice@orthodoxia.be<br \/>\n<\/a><\/p>\n<p><b>Bureau des Archives<br \/>\n<\/b><b>Archiviste de l\u2019Archev\u00each\u00e9<\/b><br \/>\nArchimandrite Emilianos Chatzivasileiou.<br \/>\n<strong>\u03a4\u00e9l.:<\/strong> <a href=\"tel:+3227365278\">+32.2\/736.52.78<\/a><br \/>\n<strong>E-mail:<\/strong> <a href=\"mailto:archives@orthodoxia.be\">archives@orthodoxia.be<\/a><\/p>\n<p class=\"tw-data-text tw-text-large XcVN5d tw-ta\" dir=\"ltr\" data-placeholder=\"\u039c\u03b5\u03c4\u03ac\u03c6\u03c1\u03b1\u03c3\u03b7\"><span class=\"Y2IQFc\" lang=\"fr\"><strong>Service de Comptabilit\u00e9<\/strong><\/span><span class=\"Y2IQFc\" lang=\"fr\"><strong><br \/>\n<\/strong><\/span><span class=\"Y2IQFc\" lang=\"fr\">Archipr\u00eatre Athanasios Toparlakis<br \/>\n<\/span><strong>Tel.:<\/strong> <a href=\"tel:+32477064660\">+32.477\/06.46.60<\/a><br \/>\n<strong>E-mail:<\/strong>\u00a0<a href=\"mailto:imbrapporteur@gmail.com\">imbrapporteur@gmail.com<\/a><\/p>\n<p style=\"text-align: center;\"><img loading=\"lazy\" decoding=\"async\" class=\"alignnone size-full wp-image-12744\" src=\"https:\/\/orthodoxia.be\/wp-content\/uploads\/2018\/09\/diaxoristiko-mikro.png\" alt=\"\" width=\"96\" height=\"30\" \/><\/p>\n<h3><b>CONSEIL METROPOLITAIN<\/b><\/h3>\n<p style=\"text-align: justify;\"><strong>Pr\u00e9sident<\/strong>: Son Eminence le M\u00e9tropolite Ath\u00e9nagoras de Belgique.<br \/>\n<strong>V<\/strong><strong>ice pr\u00e9sident:<\/strong> Son Excellence l\u2019Ev\u00eaque Joachim d\u2019Apollonia.<br \/>\n<strong>Secr\u00e9taire:\u00a0<\/strong>Archimandrite Philadelphos Kafalis, vicaire g\u00e9n\u00e9ral.<br \/>\n<strong>Membres:<\/strong> Protopresbytres du Tr\u00f4ne Oecum\u00e9nique Panagiotis Moschonas et Ioannis Psomas, Archipr\u00eatres Konstantinos Kenanidis et Athanasios Toparlakis; les Archontes Georgios Cartalis, Georgios Petrou, Panagiotis Yannopoulos, Stylianos Kymparidis et Boris Gurov.<\/p>\n<h3><b>TRIBUNAL ECCLESIASTIQUE<\/b><\/h3>\n<p style=\"text-align: justify;\"><strong>Pr\u00e9sident:<\/strong> Son Eminence le M\u00e9tropolite Ath\u00e9nagoras de Belgique.<br \/>\n<strong>Secr\u00e9taire:\u00a0<\/strong>Protopresbytre du Tr\u00f4ne Oecum\u00e9nique\u00a0Panagiotis Moschonas.<br \/>\n<strong>Membres:<\/strong>\u00a0Archimandrite Philadelpos Kafalis et Protopresbytre du Tr\u00f4ne Oecum\u00e9nique Ioannis Psomas.<\/p>\n<p style=\"text-align: justify;\">\n","protected":false},"excerpt":{"rendered":"<p>SAINTE METROPOLE DE BELGIQUE ET EXARCHAT DES PAYS-BAS ET DU LUXEMBOURG La Sainte M\u00e9tropole de Belgique Est fond\u00e9e le 12 ao\u00fbt 1969 par un T\u00f4me Patriarcal et Synodal et comprend la Belgique, les Pays-Bas et le Luxembourg. Belgique L\u2019Eglise Orthodoxe a \u00e9t\u00e9 reconnue par l\u2019Etat Belge par une loi du 23 mars 1985 (publi\u00e9e dans &hellip; <a href=\"https:\/\/orthodoxia.be\/fr\/sainte-metropole-de-belgique\/administration\/\">Continued<\/a><\/p>\n","protected":false},"author":2,"featured_media":160,"parent":6886,"menu_order":2,"comment_status":"closed","ping_status":"closed","template":"","meta":{"_acf_changed":false,"footnotes":""},"class_list":["post-4947","page","type-page","status-publish","has-post-thumbnail","hentry"],"acf":[],"yoast_head":"<!-- This site is optimized with the Yoast SEO plugin v24.3 - https:\/\/yoast.com\/wordpress\/plugins\/seo\/ -->\n<title>Administration - Archev\u00each\u00e9 Orthodoxe de Belgique<\/title>\n<meta name=\"robots\" content=\"index, follow, max-snippet:-1, max-image-preview:large, max-video-preview:-1\" \/>\n<link rel=\"canonical\" href=\"https:\/\/orthodoxia.be\/fr\/sainte-metropole-de-belgique\/administration\/\" \/>\n<meta property=\"og:locale\" content=\"fr_FR\" \/>\n<meta property=\"og:type\" content=\"article\" \/>\n<meta property=\"og:title\" content=\"Administration - Archev\u00each\u00e9 Orthodoxe de Belgique\" \/>\n<meta property=\"og:description\" content=\"SAINTE METROPOLE DE BELGIQUE ET EXARCHAT DES PAYS-BAS ET DU LUXEMBOURG La Sainte M\u00e9tropole de Belgique Est fond\u00e9e le 12 ao\u00fbt 1969 par un T\u00f4me Patriarcal et Synodal et comprend la Belgique, les Pays-Bas et le Luxembourg. Belgique L\u2019Eglise Orthodoxe a \u00e9t\u00e9 reconnue par l\u2019Etat Belge par une loi du 23 mars 1985 (publi\u00e9e dans &hellip; Continued\" \/>\n<meta property=\"og:url\" content=\"https:\/\/orthodoxia.be\/fr\/sainte-metropole-de-belgique\/administration\/\" \/>\n<meta property=\"og:site_name\" content=\"Archev\u00each\u00e9 Orthodoxe de Belgique\" \/>\n<meta property=\"article:publisher\" content=\"https:\/\/www.facebook.com\/orthobel\" \/>\n<meta property=\"article:modified_time\" content=\"2026-02-26T16:57:32+00:00\" \/>\n<meta property=\"og:image\" content=\"https:\/\/orthodoxia.be\/wp-content\/uploads\/2017\/09\/cropped-cropped-logo-benelux-tr-fc.png\" \/>\n\t<meta property=\"og:image:width\" content=\"250\" \/>\n\t<meta property=\"og:image:height\" content=\"250\" \/>\n\t<meta property=\"og:image:type\" content=\"image\/png\" \/>\n<meta name=\"twitter:card\" content=\"summary_large_image\" \/>\n<meta name=\"twitter:site\" content=\"@orthobel\" \/>\n<meta name=\"twitter:label1\" content=\"Dur\u00e9e de lecture est.\" \/>\n\t<meta name=\"twitter:data1\" content=\"5 minutes\" \/>\n<script type=\"application\/ld+json\" class=\"yoast-schema-graph\">{\"@context\":\"https:\/\/schema.org\",\"@graph\":[{\"@type\":\"WebPage\",\"@id\":\"https:\/\/orthodoxia.be\/fr\/sainte-metropole-de-belgique\/administration\/\",\"url\":\"https:\/\/orthodoxia.be\/fr\/sainte-metropole-de-belgique\/administration\/\",\"name\":\"Administration - Archev\u00each\u00e9 Orthodoxe de Belgique\",\"isPartOf\":{\"@id\":\"https:\/\/orthodoxia.be\/#website\"},\"primaryImageOfPage\":{\"@id\":\"https:\/\/orthodoxia.be\/fr\/sainte-metropole-de-belgique\/administration\/#primaryimage\"},\"image\":{\"@id\":\"https:\/\/orthodoxia.be\/fr\/sainte-metropole-de-belgique\/administration\/#primaryimage\"},\"thumbnailUrl\":\"https:\/\/orthodoxia.be\/wp-content\/uploads\/2017\/09\/cropped-cropped-logo-benelux-tr-fc.png\",\"datePublished\":\"2017-10-11T11:18:18+00:00\",\"dateModified\":\"2026-02-26T16:57:32+00:00\",\"breadcrumb\":{\"@id\":\"https:\/\/orthodoxia.be\/fr\/sainte-metropole-de-belgique\/administration\/#breadcrumb\"},\"inLanguage\":\"fr-BE\",\"potentialAction\":[{\"@type\":\"ReadAction\",\"target\":[\"https:\/\/orthodoxia.be\/fr\/sainte-metropole-de-belgique\/administration\/\"]}]},{\"@type\":\"ImageObject\",\"inLanguage\":\"fr-BE\",\"@id\":\"https:\/\/orthodoxia.be\/fr\/sainte-metropole-de-belgique\/administration\/#primaryimage\",\"url\":\"https:\/\/orthodoxia.be\/wp-content\/uploads\/2017\/09\/cropped-cropped-logo-benelux-tr-fc.png\",\"contentUrl\":\"https:\/\/orthodoxia.be\/wp-content\/uploads\/2017\/09\/cropped-cropped-logo-benelux-tr-fc.png\",\"width\":250,\"height\":250},{\"@type\":\"BreadcrumbList\",\"@id\":\"https:\/\/orthodoxia.be\/fr\/sainte-metropole-de-belgique\/administration\/#breadcrumb\",\"itemListElement\":[{\"@type\":\"ListItem\",\"position\":1,\"name\":\"Home\",\"item\":\"https:\/\/orthodoxia.be\/fr\/\"},{\"@type\":\"ListItem\",\"position\":2,\"name\":\"Sainte M\u00e9tropole de Belgique\",\"item\":\"https:\/\/orthodoxia.be\/fr\/sainte-metropole-de-belgique\/\"},{\"@type\":\"ListItem\",\"position\":3,\"name\":\"Administration\"}]},{\"@type\":\"WebSite\",\"@id\":\"https:\/\/orthodoxia.be\/#website\",\"url\":\"https:\/\/orthodoxia.be\/\",\"name\":\"Orthodox Archdiocese of Belgium (Benelux)\",\"description\":\"Exarque des Pays-Bas et du Luxembourg\",\"publisher\":{\"@id\":\"https:\/\/orthodoxia.be\/#organization\"},\"alternateName\":\"IMB\",\"potentialAction\":[{\"@type\":\"SearchAction\",\"target\":{\"@type\":\"EntryPoint\",\"urlTemplate\":\"https:\/\/orthodoxia.be\/?s={search_term_string}\"},\"query-input\":{\"@type\":\"PropertyValueSpecification\",\"valueRequired\":true,\"valueName\":\"search_term_string\"}}],\"inLanguage\":\"fr-BE\"},{\"@type\":\"Organization\",\"@id\":\"https:\/\/orthodoxia.be\/#organization\",\"name\":\"Orthodox Archdiocese of Belgium (Benelux)\",\"url\":\"https:\/\/orthodoxia.be\/\",\"logo\":{\"@type\":\"ImageObject\",\"inLanguage\":\"fr-BE\",\"@id\":\"https:\/\/orthodoxia.be\/#\/schema\/logo\/image\/\",\"url\":\"https:\/\/orthodoxia.be\/wp-content\/uploads\/2024\/02\/cropped-IMB-logo-512-cl-1.png\",\"contentUrl\":\"https:\/\/orthodoxia.be\/wp-content\/uploads\/2024\/02\/cropped-IMB-logo-512-cl-1.png\",\"width\":512,\"height\":512,\"caption\":\"Orthodox Archdiocese of Belgium (Benelux)\"},\"image\":{\"@id\":\"https:\/\/orthodoxia.be\/#\/schema\/logo\/image\/\"},\"sameAs\":[\"https:\/\/www.facebook.com\/orthobel\",\"https:\/\/x.com\/orthobel\",\"https:\/\/www.youtube.com\/c\/orthobel\",\"https:\/\/www.mixcloud.com\/orthobel\/\",\"https:\/\/www.flickr.com\/photos\/148264890@N07\/albums\",\"https:\/\/www.dailymotion.com\/Orthobel\"]}]}<\/script>\n<!-- \/ Yoast SEO plugin. -->","yoast_head_json":{"title":"Administration - Archev\u00each\u00e9 Orthodoxe de Belgique","robots":{"index":"index","follow":"follow","max-snippet":"max-snippet:-1","max-image-preview":"max-image-preview:large","max-video-preview":"max-video-preview:-1"},"canonical":"https:\/\/orthodoxia.be\/fr\/sainte-metropole-de-belgique\/administration\/","og_locale":"fr_FR","og_type":"article","og_title":"Administration - Archev\u00each\u00e9 Orthodoxe de Belgique","og_description":"SAINTE METROPOLE DE BELGIQUE ET EXARCHAT DES PAYS-BAS ET DU LUXEMBOURG La Sainte M\u00e9tropole de Belgique Est fond\u00e9e le 12 ao\u00fbt 1969 par un T\u00f4me Patriarcal et Synodal et comprend la Belgique, les Pays-Bas et le Luxembourg. Belgique L\u2019Eglise Orthodoxe a \u00e9t\u00e9 reconnue par l\u2019Etat Belge par une loi du 23 mars 1985 (publi\u00e9e dans &hellip; Continued","og_url":"https:\/\/orthodoxia.be\/fr\/sainte-metropole-de-belgique\/administration\/","og_site_name":"Archev\u00each\u00e9 Orthodoxe de Belgique","article_publisher":"https:\/\/www.facebook.com\/orthobel","article_modified_time":"2026-02-26T16:57:32+00:00","og_image":[{"width":250,"height":250,"url":"https:\/\/orthodoxia.be\/wp-content\/uploads\/2017\/09\/cropped-cropped-logo-benelux-tr-fc.png","type":"image\/png"}],"twitter_card":"summary_large_image","twitter_site":"@orthobel","twitter_misc":{"Dur\u00e9e de lecture est.":"5 minutes"},"schema":{"@context":"https:\/\/schema.org","@graph":[{"@type":"WebPage","@id":"https:\/\/orthodoxia.be\/fr\/sainte-metropole-de-belgique\/administration\/","url":"https:\/\/orthodoxia.be\/fr\/sainte-metropole-de-belgique\/administration\/","name":"Administration - Archev\u00each\u00e9 Orthodoxe de Belgique","isPartOf":{"@id":"https:\/\/orthodoxia.be\/#website"},"primaryImageOfPage":{"@id":"https:\/\/orthodoxia.be\/fr\/sainte-metropole-de-belgique\/administration\/#primaryimage"},"image":{"@id":"https:\/\/orthodoxia.be\/fr\/sainte-metropole-de-belgique\/administration\/#primaryimage"},"thumbnailUrl":"https:\/\/orthodoxia.be\/wp-content\/uploads\/2017\/09\/cropped-cropped-logo-benelux-tr-fc.png","datePublished":"2017-10-11T11:18:18+00:00","dateModified":"2026-02-26T16:57:32+00:00","breadcrumb":{"@id":"https:\/\/orthodoxia.be\/fr\/sainte-metropole-de-belgique\/administration\/#breadcrumb"},"inLanguage":"fr-BE","potentialAction":[{"@type":"ReadAction","target":["https:\/\/orthodoxia.be\/fr\/sainte-metropole-de-belgique\/administration\/"]}]},{"@type":"ImageObject","inLanguage":"fr-BE","@id":"https:\/\/orthodoxia.be\/fr\/sainte-metropole-de-belgique\/administration\/#primaryimage","url":"https:\/\/orthodoxia.be\/wp-content\/uploads\/2017\/09\/cropped-cropped-logo-benelux-tr-fc.png","contentUrl":"https:\/\/orthodoxia.be\/wp-content\/uploads\/2017\/09\/cropped-cropped-logo-benelux-tr-fc.png","width":250,"height":250},{"@type":"BreadcrumbList","@id":"https:\/\/orthodoxia.be\/fr\/sainte-metropole-de-belgique\/administration\/#breadcrumb","itemListElement":[{"@type":"ListItem","position":1,"name":"Home","item":"https:\/\/orthodoxia.be\/fr\/"},{"@type":"ListItem","position":2,"name":"Sainte M\u00e9tropole de Belgique","item":"https:\/\/orthodoxia.be\/fr\/sainte-metropole-de-belgique\/"},{"@type":"ListItem","position":3,"name":"Administration"}]},{"@type":"WebSite","@id":"https:\/\/orthodoxia.be\/#website","url":"https:\/\/orthodoxia.be\/","name":"Orthodox Archdiocese of Belgium (Benelux)","description":"Exarque des Pays-Bas et du Luxembourg","publisher":{"@id":"https:\/\/orthodoxia.be\/#organization"},"alternateName":"IMB","potentialAction":[{"@type":"SearchAction","target":{"@type":"EntryPoint","urlTemplate":"https:\/\/orthodoxia.be\/?s={search_term_string}"},"query-input":{"@type":"PropertyValueSpecification","valueRequired":true,"valueName":"search_term_string"}}],"inLanguage":"fr-BE"},{"@type":"Organization","@id":"https:\/\/orthodoxia.be\/#organization","name":"Orthodox Archdiocese of Belgium (Benelux)","url":"https:\/\/orthodoxia.be\/","logo":{"@type":"ImageObject","inLanguage":"fr-BE","@id":"https:\/\/orthodoxia.be\/#\/schema\/logo\/image\/","url":"https:\/\/orthodoxia.be\/wp-content\/uploads\/2024\/02\/cropped-IMB-logo-512-cl-1.png","contentUrl":"https:\/\/orthodoxia.be\/wp-content\/uploads\/2024\/02\/cropped-IMB-logo-512-cl-1.png","width":512,"height":512,"caption":"Orthodox Archdiocese of Belgium (Benelux)"},"image":{"@id":"https:\/\/orthodoxia.be\/#\/schema\/logo\/image\/"},"sameAs":["https:\/\/www.facebook.com\/orthobel","https:\/\/x.com\/orthobel","https:\/\/www.youtube.com\/c\/orthobel","https:\/\/www.mixcloud.com\/orthobel\/","https:\/\/www.flickr.com\/photos\/148264890@N07\/albums","https:\/\/www.dailymotion.com\/Orthobel"]}]}},"_links":{"self":[{"href":"https:\/\/orthodoxia.be\/fr\/wp-json\/wp\/v2\/pages\/4947","targetHints":{"allow":["GET"]}}],"collection":[{"href":"https:\/\/orthodoxia.be\/fr\/wp-json\/wp\/v2\/pages"}],"about":[{"href":"https:\/\/orthodoxia.be\/fr\/wp-json\/wp\/v2\/types\/page"}],"author":[{"embeddable":true,"href":"https:\/\/orthodoxia.be\/fr\/wp-json\/wp\/v2\/users\/2"}],"replies":[{"embeddable":true,"href":"https:\/\/orthodoxia.be\/fr\/wp-json\/wp\/v2\/comments?post=4947"}],"version-history":[{"count":69,"href":"https:\/\/orthodoxia.be\/fr\/wp-json\/wp\/v2\/pages\/4947\/revisions"}],"predecessor-version":[{"id":52895,"href":"https:\/\/orthodoxia.be\/fr\/wp-json\/wp\/v2\/pages\/4947\/revisions\/52895"}],"up":[{"embeddable":true,"href":"https:\/\/orthodoxia.be\/fr\/wp-json\/wp\/v2\/pages\/6886"}],"wp:featuredmedia":[{"embeddable":true,"href":"https:\/\/orthodoxia.be\/fr\/wp-json\/wp\/v2\/media\/160"}],"wp:attachment":[{"href":"https:\/\/orthodoxia.be\/fr\/wp-json\/wp\/v2\/media?parent=4947"}],"curies":[{"name":"wp","href":"https:\/\/api.w.org\/{rel}","templated":true}]}}