{"id":4953,"date":"2018-01-11T14:00:02","date_gmt":"2018-01-11T13:00:02","guid":{"rendered":"http:\/\/new.orthodoxia.be\/?page_id=4953"},"modified":"2026-03-10T15:42:38","modified_gmt":"2026-03-10T14:42:38","slug":"paroisses","status":"publish","type":"page","link":"https:\/\/orthodoxia.be\/fr\/paroisses\/","title":{"rendered":"PAROISSES"},"content":{"rendered":"<p><iframe loading=\"lazy\" style=\"border: 0;\" src=\"https:\/\/www.google.com\/maps\/d\/embed?mid=1xEtktipdFdj2MOfBtI2z79oCdPv2ZejS\" width=\"100%\" height=\"480\" allowfullscreen=\"allowfullscreen\"><\/iframe><\/p>\n<h1 style=\"text-align: center; color: #800000;\"><b>I. EN BELGIQUE<\/b><\/h1>\n<h2><strong>R\u00c9GION BRUXELLES &#8211; CAPITALE<\/strong><\/h2>\n<p><a href=\"\/?p=9644&amp;lang=fr\">Cath\u00e9drale des Saints Archanges, Bruxelles<\/a><br \/>\n<a href=\"\/?p=9688&amp;lang=fr\">Paroisse de Sainte Marina, Schaerbeek<\/a><br \/>\n<a href=\"\/?p=9676&amp;lang=fr\">Paroisse de Saint Nicolas, Schaerbeek<\/a><br \/>\n<a href=\"\/?p=14913&amp;lang=fr\">Paroisse de Saint Ignace le Th\u00e9ophore, Schaerbeek<\/a><br \/>\n<a href=\"\/?p=9647&amp;lang=fr\">Paroisse des Saints Archanges, Ixelles<\/a><br \/>\n<a href=\"\/?p=9692&amp;lang=fr\">Paroisse de Saints Silouane l\u2019Athonite et Martin des Tours, St-Gilles<\/a><br \/>\n<a href=\"\/?p=9696&amp;lang=fr\">Paroisse de la Naissance de la M\u00e8re de Dieu, Anderlecht<\/a><br \/>\n<a href=\"\/?p=9684&amp;lang=fr\">Paroisse de Saint Jean Baptiste, Molenbeek<\/a><\/p>\n<h2><strong>PROVINCE DU BRABANT WALLON<\/strong><\/h2>\n<p><a href=\"\/?p=9706&amp;lang=fr\">Paroisse des Saints Ir\u00e8ne la M\u00e9galomartyre et Pa\u00efsios l\u2019Athonite, Ohain (Lasne)<\/a><\/p>\n<h2><strong>PROVINCE DU BRABANT FLAMAND<\/strong><\/h2>\n<p><a href=\"\/?p=9703&amp;lang=fr\">Paroisse des Saints Georges le Trop\u00e9ophore et Alina, Dilbeek<\/a><br \/>\n<a href=\"\/?p=49376&amp;lang=fr\">Paroisse de Saint Martin de Tours &#8211; Dilbeek<\/a><\/p>\n<h2><strong>PROVINCE D&#8217;ANVERS<\/strong><\/h2>\n<p><a href=\"\/?p=9717&amp;lang=fr\">Paroisse de l\u2019Annonciation de la M\u00e8re de Dieu, Anvers<\/a><br \/>\nParoisse de Saint Laurent l\u2019Archidiacre, Ekeren (Anvers)<br \/>\nParoisse de Saint Sophrony l\u2019Athonite, Berchem (Anvers)<\/p>\n<h2><strong>PROVINCE DE LIMBOURG<\/strong><\/h2>\n<p><a href=\"\/?p=9819&amp;lang=fr\">Paroisse des Trois Hi\u00e9rarques, Hasselt<\/a><br \/>\n<a href=\"\/?p=9806&amp;lang=fr\">Paroisse de la Dormition de la M\u00e8re de Dieu et des Saints Rapha\u00ebl, Nicolas et Ir\u00e8ne, Houthalen<\/a><br \/>\n<a href=\"\/?p=9761&amp;lang=fr\">Paroisse de Saint Nectaire, Beringen<\/a><br \/>\n<a href=\"\/?p=9700&amp;lang=fr\">Paroisse de Saint Dimitrios, Maasmechelen<\/a><br \/>\n<a href=\"\/?p=9755&amp;lang=fr\">Paroisse de Sainte Barbe, Genk<\/a><\/p>\n<h2><strong>PROVINCE DE LI\u00c8GE<\/strong><\/h2>\n<p><a href=\"\/?p=9752&amp;lang=fr\">Paroisse de Sainte Barbe, Li\u00e8ge<\/a><br \/>\n<a href=\"\/?p=9827&amp;lang=fr\">Paroisse de Sainte \u00e9gale aux Ap\u00f4tres Nino, Eupen<\/a><br \/>\n<a href=\"\/?p=9823&amp;lang=fr\">Paroisse de la Pr\u00e9sentation du Christ au Temple, Verviers<\/a><\/p>\n<h2><strong>PROVINCE DE NAMUR<\/strong><\/h2>\n<p><a href=\"\/?p=9744&amp;lang=fr\">Paroisse des Saints Rapha\u00ebl, Nicolas et Ir\u00e8ne, Namur<\/a><\/p>\n<h2><strong>PROVINCE DE HAINAUT<\/strong><\/h2>\n<p><a href=\"\/?p=9721&amp;lang=fr\">Paroisse de Sainte Barbe, Charleroi<\/a><br \/>\n<a href=\"\/?p=9724&amp;lang=fr\">Paroisse de Saint Nectaire, Mons<\/a><br \/>\n<a href=\"\/?p=39840&amp;lang=fr\">Paroisse de la Protection de la M\u00e8re de Dieu et Saint Luc de Simferopol, Boussoit<\/a><br \/>\n<a href=\"\/?p=9729&amp;lang=fr\">Paroisse des Saints Anargyres, P\u00e9ronnes-lez-Binche<\/a><br \/>\n<a href=\"\/?p=9748&amp;lang=fr\">Paroisse de Saint Phocas, Tournai<\/a><\/p>\n<h2><strong>PROVINCE DE FLANDRE OCCIDENTALE<\/strong><\/h2>\n<p><a href=\"\/?p=9630&amp;lang=fr\">Paroisse des Saints Constantin et H\u00e9l\u00e8ne, Bruges<\/a><br \/>\n<a href=\"\/?p=9845&amp;lang=fr\">Paroisse des Saints Cyrille et M\u00e9thode, Ostende<\/a><br \/>\n<a href=\"\/?p=9834&amp;lang=fr\">Paroisse de Saint Amand, Courtrai<\/a><\/p>\n<h2><strong>PROVINCE DE FLANDRE ORIENTALE<\/strong><\/h2>\n<p><a href=\"\/?p=9831&amp;lang=fr\">Paroisse de Saint Ap\u00f4tre Andr\u00e9, Gand<\/a><\/p>\n<h1 style=\"text-align: center; color: #800000;\"><b>II. AUX PAYS-BAS<\/b><\/h1>\n<p><a href=\"\/?p=9848&amp;lang=fr\">Cath\u00e9drale de Saint Nicolas, Rotterdam<\/a><br \/>\n<a href=\"\/?p=1742&amp;lang=fr\">Paroisse de Saint Nicolas, Amsterdam<\/a><br \/>\n<a href=\"\/?p=9852&amp;lang=fr\">Paroisse de Sainte Catherine, Zaandam<\/a><br \/>\nParoisse de la Naissance de la M\u00e8re de Dieu et de Saint Adalbert, Alkmaar<br \/>\n<a href=\"\/?p=9875&amp;lang=fr\">Paroisse de Saint Ap\u00f4tre Jacques le Majeur et Sainte Parasc\u00e8ve d\u2019Epivates, La Haye<\/a><br \/>\n<a href=\"\/?p=9865&amp;lang=fr\">Paroisse de l\u2019Annonciation de la M\u00e8re de Dieu, Utrecht<\/a><br \/>\n<a href=\"\/?p=9890&amp;lang=fr\">Paroisse de Saint Maxime le Confesseur, Gorinchem<\/a><br \/>\n<a href=\"\/?p=9871&amp;lang=fr\">Paroisse de Saint Porphyrios, Tilburg<\/a><br \/>\n<a href=\"\/?p=9868&amp;lang=fr\">Paroisse de Saint Nectaire, Eindhoven<\/a><br \/>\n<a href=\"\/fr\/enoria\/paroisse-des-saintes-myrrhophores\/\">Paroisse des Saintes Femmes Myrophores, Breda<br \/>\n<\/a><a href=\"\/?p=9888&amp;lang=fr\">Paroisse de Sainte Th\u00e9ophano, Nijmegen<\/a><br \/>\nParoisse de Saint Boniface, Kampen<\/p>\n<h1 style=\"text-align: center; color: #800000;\"><b>III. AU GRAND-DUCH\u00c9 DE LUXEMBOURG<\/b><\/h1>\n<p><a href=\"\/?p=9942&amp;lang=fr\">Cath\u00e9drale de Saint Nicolas, Weiler-La-Tour<\/a><br \/>\n<a href=\"\/?p=9944&amp;lang=fr\">Paroisse de Saint Wolodimir \u00e9gal aux Ap\u00f4tres, Luxembourg<\/a><\/p>\n","protected":false},"excerpt":{"rendered":"<p>I. EN BELGIQUE R\u00c9GION BRUXELLES &#8211; CAPITALE Cath\u00e9drale des Saints Archanges, Bruxelles Paroisse de Sainte Marina, Schaerbeek Paroisse de Saint Nicolas, Schaerbeek Paroisse de Saint Ignace le Th\u00e9ophore, Schaerbeek Paroisse des Saints Archanges, Ixelles Paroisse de Saints Silouane l\u2019Athonite et Martin des Tours, St-Gilles Paroisse de la Naissance de la M\u00e8re de Dieu, Anderlecht Paroisse &hellip; <a href=\"https:\/\/orthodoxia.be\/fr\/paroisses\/\">Continued<\/a><\/p>\n","protected":false},"author":2,"featured_media":0,"parent":0,"menu_order":4,"comment_status":"closed","ping_status":"closed","template":"","meta":{"_acf_changed":false,"footnotes":""},"class_list":["post-4953","page","type-page","status-publish","hentry"],"acf":[],"yoast_head":"<!-- This site is optimized with the Yoast SEO plugin v24.3 - https:\/\/yoast.com\/wordpress\/plugins\/seo\/ -->\n<title>PAROISSES - Archev\u00each\u00e9 Orthodoxe de Belgique<\/title>\n<meta name=\"robots\" content=\"index, follow, max-snippet:-1, max-image-preview:large, max-video-preview:-1\" \/>\n<link rel=\"canonical\" href=\"https:\/\/orthodoxia.be\/fr\/paroisses\/\" \/>\n<meta property=\"og:locale\" content=\"fr_FR\" \/>\n<meta property=\"og:type\" content=\"article\" \/>\n<meta property=\"og:title\" content=\"PAROISSES - Archev\u00each\u00e9 Orthodoxe de Belgique\" \/>\n<meta property=\"og:description\" content=\"I. EN BELGIQUE R\u00c9GION BRUXELLES &#8211; CAPITALE Cath\u00e9drale des Saints Archanges, Bruxelles Paroisse de Sainte Marina, Schaerbeek Paroisse de Saint Nicolas, Schaerbeek Paroisse de Saint Ignace le Th\u00e9ophore, Schaerbeek Paroisse des Saints Archanges, Ixelles Paroisse de Saints Silouane l\u2019Athonite et Martin des Tours, St-Gilles Paroisse de la Naissance de la M\u00e8re de Dieu, Anderlecht Paroisse &hellip; Continued\" \/>\n<meta property=\"og:url\" content=\"https:\/\/orthodoxia.be\/fr\/paroisses\/\" \/>\n<meta property=\"og:site_name\" content=\"Archev\u00each\u00e9 Orthodoxe de Belgique\" \/>\n<meta property=\"article:publisher\" content=\"https:\/\/www.facebook.com\/orthobel\" \/>\n<meta property=\"article:modified_time\" content=\"2026-03-10T14:42:38+00:00\" \/>\n<meta property=\"og:image\" content=\"https:\/\/orthodoxia.be\/wp-content\/uploads\/2025\/02\/Orthobel.jpg\" \/>\n\t<meta property=\"og:image:width\" content=\"1200\" \/>\n\t<meta property=\"og:image:height\" content=\"675\" \/>\n\t<meta property=\"og:image:type\" content=\"image\/jpeg\" \/>\n<meta name=\"twitter:card\" content=\"summary_large_image\" \/>\n<meta name=\"twitter:site\" content=\"@orthobel\" \/>\n<meta name=\"twitter:label1\" content=\"Dur\u00e9e de lecture est.\" \/>\n\t<meta name=\"twitter:data1\" content=\"3 minutes\" \/>\n<script type=\"application\/ld+json\" class=\"yoast-schema-graph\">{\"@context\":\"https:\/\/schema.org\",\"@graph\":[{\"@type\":\"WebPage\",\"@id\":\"https:\/\/orthodoxia.be\/fr\/paroisses\/\",\"url\":\"https:\/\/orthodoxia.be\/fr\/paroisses\/\",\"name\":\"PAROISSES - Archev\u00each\u00e9 Orthodoxe de Belgique\",\"isPartOf\":{\"@id\":\"https:\/\/orthodoxia.be\/#website\"},\"datePublished\":\"2018-01-11T13:00:02+00:00\",\"dateModified\":\"2026-03-10T14:42:38+00:00\",\"breadcrumb\":{\"@id\":\"https:\/\/orthodoxia.be\/fr\/paroisses\/#breadcrumb\"},\"inLanguage\":\"fr-BE\",\"potentialAction\":[{\"@type\":\"ReadAction\",\"target\":[\"https:\/\/orthodoxia.be\/fr\/paroisses\/\"]}]},{\"@type\":\"BreadcrumbList\",\"@id\":\"https:\/\/orthodoxia.be\/fr\/paroisses\/#breadcrumb\",\"itemListElement\":[{\"@type\":\"ListItem\",\"position\":1,\"name\":\"Home\",\"item\":\"https:\/\/orthodoxia.be\/fr\/\"},{\"@type\":\"ListItem\",\"position\":2,\"name\":\"PAROISSES\"}]},{\"@type\":\"WebSite\",\"@id\":\"https:\/\/orthodoxia.be\/#website\",\"url\":\"https:\/\/orthodoxia.be\/\",\"name\":\"Orthodox Archdiocese of Belgium (Benelux)\",\"description\":\"Exarque des Pays-Bas et du Luxembourg\",\"publisher\":{\"@id\":\"https:\/\/orthodoxia.be\/#organization\"},\"alternateName\":\"IMB\",\"potentialAction\":[{\"@type\":\"SearchAction\",\"target\":{\"@type\":\"EntryPoint\",\"urlTemplate\":\"https:\/\/orthodoxia.be\/?s={search_term_string}\"},\"query-input\":{\"@type\":\"PropertyValueSpecification\",\"valueRequired\":true,\"valueName\":\"search_term_string\"}}],\"inLanguage\":\"fr-BE\"},{\"@type\":\"Organization\",\"@id\":\"https:\/\/orthodoxia.be\/#organization\",\"name\":\"Orthodox Archdiocese of Belgium (Benelux)\",\"url\":\"https:\/\/orthodoxia.be\/\",\"logo\":{\"@type\":\"ImageObject\",\"inLanguage\":\"fr-BE\",\"@id\":\"https:\/\/orthodoxia.be\/#\/schema\/logo\/image\/\",\"url\":\"https:\/\/orthodoxia.be\/wp-content\/uploads\/2024\/02\/cropped-IMB-logo-512-cl-1.png\",\"contentUrl\":\"https:\/\/orthodoxia.be\/wp-content\/uploads\/2024\/02\/cropped-IMB-logo-512-cl-1.png\",\"width\":512,\"height\":512,\"caption\":\"Orthodox Archdiocese of Belgium (Benelux)\"},\"image\":{\"@id\":\"https:\/\/orthodoxia.be\/#\/schema\/logo\/image\/\"},\"sameAs\":[\"https:\/\/www.facebook.com\/orthobel\",\"https:\/\/x.com\/orthobel\",\"https:\/\/www.youtube.com\/c\/orthobel\",\"https:\/\/www.mixcloud.com\/orthobel\/\",\"https:\/\/www.flickr.com\/photos\/148264890@N07\/albums\",\"https:\/\/www.dailymotion.com\/Orthobel\"]}]}<\/script>\n<!-- \/ Yoast SEO plugin. -->","yoast_head_json":{"title":"PAROISSES - Archev\u00each\u00e9 Orthodoxe de Belgique","robots":{"index":"index","follow":"follow","max-snippet":"max-snippet:-1","max-image-preview":"max-image-preview:large","max-video-preview":"max-video-preview:-1"},"canonical":"https:\/\/orthodoxia.be\/fr\/paroisses\/","og_locale":"fr_FR","og_type":"article","og_title":"PAROISSES - Archev\u00each\u00e9 Orthodoxe de Belgique","og_description":"I. EN BELGIQUE R\u00c9GION BRUXELLES &#8211; CAPITALE Cath\u00e9drale des Saints Archanges, Bruxelles Paroisse de Sainte Marina, Schaerbeek Paroisse de Saint Nicolas, Schaerbeek Paroisse de Saint Ignace le Th\u00e9ophore, Schaerbeek Paroisse des Saints Archanges, Ixelles Paroisse de Saints Silouane l\u2019Athonite et Martin des Tours, St-Gilles Paroisse de la Naissance de la M\u00e8re de Dieu, Anderlecht Paroisse &hellip; Continued","og_url":"https:\/\/orthodoxia.be\/fr\/paroisses\/","og_site_name":"Archev\u00each\u00e9 Orthodoxe de Belgique","article_publisher":"https:\/\/www.facebook.com\/orthobel","article_modified_time":"2026-03-10T14:42:38+00:00","og_image":[{"width":1200,"height":675,"url":"https:\/\/orthodoxia.be\/wp-content\/uploads\/2025\/02\/Orthobel.jpg","type":"image\/jpeg"}],"twitter_card":"summary_large_image","twitter_site":"@orthobel","twitter_misc":{"Dur\u00e9e de lecture est.":"3 minutes"},"schema":{"@context":"https:\/\/schema.org","@graph":[{"@type":"WebPage","@id":"https:\/\/orthodoxia.be\/fr\/paroisses\/","url":"https:\/\/orthodoxia.be\/fr\/paroisses\/","name":"PAROISSES - Archev\u00each\u00e9 Orthodoxe de Belgique","isPartOf":{"@id":"https:\/\/orthodoxia.be\/#website"},"datePublished":"2018-01-11T13:00:02+00:00","dateModified":"2026-03-10T14:42:38+00:00","breadcrumb":{"@id":"https:\/\/orthodoxia.be\/fr\/paroisses\/#breadcrumb"},"inLanguage":"fr-BE","potentialAction":[{"@type":"ReadAction","target":["https:\/\/orthodoxia.be\/fr\/paroisses\/"]}]},{"@type":"BreadcrumbList","@id":"https:\/\/orthodoxia.be\/fr\/paroisses\/#breadcrumb","itemListElement":[{"@type":"ListItem","position":1,"name":"Home","item":"https:\/\/orthodoxia.be\/fr\/"},{"@type":"ListItem","position":2,"name":"PAROISSES"}]},{"@type":"WebSite","@id":"https:\/\/orthodoxia.be\/#website","url":"https:\/\/orthodoxia.be\/","name":"Orthodox Archdiocese of Belgium (Benelux)","description":"Exarque des Pays-Bas et du Luxembourg","publisher":{"@id":"https:\/\/orthodoxia.be\/#organization"},"alternateName":"IMB","potentialAction":[{"@type":"SearchAction","target":{"@type":"EntryPoint","urlTemplate":"https:\/\/orthodoxia.be\/?s={search_term_string}"},"query-input":{"@type":"PropertyValueSpecification","valueRequired":true,"valueName":"search_term_string"}}],"inLanguage":"fr-BE"},{"@type":"Organization","@id":"https:\/\/orthodoxia.be\/#organization","name":"Orthodox Archdiocese of Belgium (Benelux)","url":"https:\/\/orthodoxia.be\/","logo":{"@type":"ImageObject","inLanguage":"fr-BE","@id":"https:\/\/orthodoxia.be\/#\/schema\/logo\/image\/","url":"https:\/\/orthodoxia.be\/wp-content\/uploads\/2024\/02\/cropped-IMB-logo-512-cl-1.png","contentUrl":"https:\/\/orthodoxia.be\/wp-content\/uploads\/2024\/02\/cropped-IMB-logo-512-cl-1.png","width":512,"height":512,"caption":"Orthodox Archdiocese of Belgium (Benelux)"},"image":{"@id":"https:\/\/orthodoxia.be\/#\/schema\/logo\/image\/"},"sameAs":["https:\/\/www.facebook.com\/orthobel","https:\/\/x.com\/orthobel","https:\/\/www.youtube.com\/c\/orthobel","https:\/\/www.mixcloud.com\/orthobel\/","https:\/\/www.flickr.com\/photos\/148264890@N07\/albums","https:\/\/www.dailymotion.com\/Orthobel"]}]}},"_links":{"self":[{"href":"https:\/\/orthodoxia.be\/fr\/wp-json\/wp\/v2\/pages\/4953","targetHints":{"allow":["GET"]}}],"collection":[{"href":"https:\/\/orthodoxia.be\/fr\/wp-json\/wp\/v2\/pages"}],"about":[{"href":"https:\/\/orthodoxia.be\/fr\/wp-json\/wp\/v2\/types\/page"}],"author":[{"embeddable":true,"href":"https:\/\/orthodoxia.be\/fr\/wp-json\/wp\/v2\/users\/2"}],"replies":[{"embeddable":true,"href":"https:\/\/orthodoxia.be\/fr\/wp-json\/wp\/v2\/comments?post=4953"}],"version-history":[{"count":21,"href":"https:\/\/orthodoxia.be\/fr\/wp-json\/wp\/v2\/pages\/4953\/revisions"}],"predecessor-version":[{"id":53049,"href":"https:\/\/orthodoxia.be\/fr\/wp-json\/wp\/v2\/pages\/4953\/revisions\/53049"}],"wp:attachment":[{"href":"https:\/\/orthodoxia.be\/fr\/wp-json\/wp\/v2\/media?parent=4953"}],"curies":[{"name":"wp","href":"https:\/\/api.w.org\/{rel}","templated":true}]}}