{"id":5483,"date":"2018-02-07T10:41:50","date_gmt":"2018-02-07T09:41:50","guid":{"rendered":"http:\/\/new.orthodoxia.be\/?page_id=5483"},"modified":"2019-01-07T17:52:31","modified_gmt":"2019-01-07T16:52:31","slug":"le-metropolite-germanos-de-thyateira-1872-1951","status":"publish","type":"page","link":"https:\/\/orthodoxia.be\/fr\/le-metropolite-athenagoras-de-belgique\/predecesseurs\/le-metropolite-germanos-de-thyateira-1872-1951\/","title":{"rendered":"Le regrett\u00e9 M\u00e9tropolite Germanos de Thyateira (1872-1951)"},"content":{"rendered":"<h2 style=\"text-align: center;\"><strong>Le regrett\u00e9 M\u00e9tropolite Germanos de Thyateira (1872-1951)<\/strong><\/h2>\n<p style=\"text-align: justify;\">Le regrett\u00e9 M\u00e9tropolite Germanos Strenopoulos (1872-1951) est n\u00e9 en Thrace orientale (Bithynie), dans le village de Delliones, d\u2019une modeste famille grecque. Il fit ses \u00e9tudes \u00e0 l&#8217;Institut de Th\u00e9ologie de Halki, \u00e9tudes qu&#8217;il a compl\u00e9t\u00e9es aux Universit\u00e9s de Leipzig, Strasbourg et Lausanne. En 1903, il re\u00e7ut un doctorat de l&#8217;Universit\u00e9 de Leipzig. De 1904 \u00e0 1922, Germanos fut le recteur de l&#8217;Institut de Th\u00e9ologie de Halki, contribuant ainsi \u00e0 la formation de l&#8217;\u00e9lite de la hi\u00e9rarchie grecque.<\/p>\n<p style=\"text-align: justify;\">En 1912, il a \u00e9t\u00e9 \u00e9lu M\u00e9tropolite de Selevkia. Le 1er juillet de cette ann\u00e9e, son ordination eut lieu dans l&#8217;\u00e9glise de\u00a0 l&#8217;Institut de Th\u00e9ologie de Halki. Le Patriarche \u0153cum\u00e9nique Ioakeim III pr\u00e9sida \u00e0 sa cons\u00e9cration, entour\u00e9 des M\u00e9tropolites Anthimos de Vizyi, Nikolaos de Maroneia, Hi\u00e9roth\u00e9os de Sissanios, Parth\u00e8nios de Devra et Th\u00e9oklitos de Krini. Le 24 mars 1922, il fut \u00e9lu M\u00e9tropolite de Thyateira (bas\u00e9 \u00e0 Londres) et fut charg\u00e9, avec le titre d&#8217;Exarque patriarcal, de l\u2019aide spirituel aux communaut\u00e9s grecques d&#8217;Europe centrale et occidentale. Parall\u00e8lement,\u00a0 il devenait le repr\u00e9sentant du Patriarche \u0152cum\u00e9nique Meletios (Metaxakis) aupr\u00e8s de \u00a0l&#8217;Archev\u00each\u00e9 de Canterbury. Il \u00e9tait \u00e0 son \u00e9poque le repr\u00e9sentant le plus \u00e9cout\u00e9 du Patriarcat \u0152cum\u00e9nique dans toutes les commissions inter-orthodoxes et inter-chr\u00e9tiennes et m\u00eame aussi en tant qu&#8217;\u00e9crivain prolifique.<\/p>\n<p style=\"text-align: justify;\">Le nom de Germanos Strinopoulos est \u00e9troitement li\u00e9 \u00e0 l&#8217;histoire du mouvement \u0153cum\u00e9nique, tout au moins pour la participation et la coop\u00e9ration orthodoxes. Effectivement, il est consid\u00e9r\u00e9 comme un pionnier et comme une des plus anciennes figures du mouvement \u0153cum\u00e9nique. Il entra dans le mouvement \u0153cum\u00e9nique en 1920, \u00e0 travers l&#8217;Institut de Th\u00e9ologie de Halki, en acqu\u00e9rant un r\u00f4le actif et en participant \u00e0 la r\u00e9daction de la \u00ab<em>Lettre Encyclique Synodale de l&#8217;\u00c9glise de Constantinople aux \u00c9glises du Christ de par le monde (1920<\/em>)\u00bb. Il a contribu\u00e9 activement \u00e0 la fondation du Conseil \u0153cum\u00e9nique des Eglises (COE). Il a \u00e9t\u00e9 membre du Comit\u00e9 des Quatorze, ce qui a ouvert la voie \u00e0 la fusion des mouvements \u00abFoi et Constitution\u00bb et \u00abVie et Travail\u00bb au Conseil \u0153cum\u00e9nique des \u00c9glises. Au cours de la m\u00eame p\u00e9riode, Germanos a activement particip\u00e9 au Mouvement en tant que repr\u00e9sentant du Patriarcat \u0152cum\u00e9nique et pr\u00e9sident des d\u00e9l\u00e9gations orthodoxes. Dans toutes ces conf\u00e9rences, le Patriarcat \u0152cum\u00e9nique \u00e9tait repr\u00e9sent\u00e9 par des fonctionnaires qui travaillaient dans la diaspora, dirig\u00e9s par le M\u00e9tropolite de Thyateira Germanos, et non par des hi\u00e9rarques venant directement du Phanar. Lors de la premi\u00e8re Assembl\u00e9e g\u00e9n\u00e9rale du COE \u00e0 Amsterdam (1948), il fut \u00e9lu parmi les six pr\u00e9sidents du Conseil.<\/p>\n<p style=\"text-align: justify;\">Pendant ce temps, le M\u00e9tropolite Germanos s&#8217;occupait des paroisses d&#8217;Europe occidentale et centrale et se rendait de temps \u00e0 autre en Belgique, o\u00f9 se trouvaient alors deux paroisses: \u00e0 Anvers et Bruxelles. Ces voyages n&#8217;\u00e9taient pas faciles, mais m\u00eame son Archev\u00each\u00e9 n&#8217;avait pas la possibilit\u00e9 de les financer. Et pourtant, malgr\u00e9 toutes les difficult\u00e9s, les r\u00e9alisations ont \u00e9t\u00e9 remarquables et constituent une couronne de lauriers pour le grand hi\u00e9rarque. Il est d\u00e9c\u00e9d\u00e9 le 23 janvier 1951 et a \u00e9t\u00e9 enterr\u00e9 \u00e0 Londres.<\/p>\n","protected":false},"excerpt":{"rendered":"<p>Le regrett\u00e9 M\u00e9tropolite Germanos de Thyateira (1872-1951) Le regrett\u00e9 M\u00e9tropolite Germanos Strenopoulos (1872-1951) est n\u00e9 en Thrace orientale (Bithynie), dans le village de Delliones, d\u2019une modeste famille grecque. Il fit ses \u00e9tudes \u00e0 l&#8217;Institut de Th\u00e9ologie de Halki, \u00e9tudes qu&#8217;il a compl\u00e9t\u00e9es aux Universit\u00e9s de Leipzig, Strasbourg et Lausanne. En 1903, il re\u00e7ut un doctorat &hellip; <a href=\"https:\/\/orthodoxia.be\/fr\/le-metropolite-athenagoras-de-belgique\/predecesseurs\/le-metropolite-germanos-de-thyateira-1872-1951\/\">Continued<\/a><\/p>\n","protected":false},"author":2,"featured_media":5591,"parent":10223,"menu_order":1,"comment_status":"closed","ping_status":"closed","template":"","meta":{"_acf_changed":false,"footnotes":""},"class_list":["post-5483","page","type-page","status-publish","has-post-thumbnail","hentry"],"acf":[],"yoast_head":"<!-- This site is optimized with the Yoast SEO plugin v24.3 - https:\/\/yoast.com\/wordpress\/plugins\/seo\/ -->\n<title>Le regrett\u00e9 M\u00e9tropolite Germanos de Thyateira (1872-1951) - Archev\u00each\u00e9 Orthodoxe de Belgique<\/title>\n<meta name=\"robots\" content=\"index, follow, max-snippet:-1, max-image-preview:large, max-video-preview:-1\" \/>\n<link rel=\"canonical\" href=\"https:\/\/orthodoxia.be\/\u03bf-\u03b2\u03b5\u03bb\u03b3\u03af\u03bf\u03c5-\u1f00\u03b8\u03b7\u03bd\u03b1\u03b3\u03cc\u03c1\u03b1\u03c2\/\u03c0\u03c1\u03bf\u03ba\u03ac\u03c4\u03bf\u03c7\u03bf\u03b9\/\u03bc\u03b7\u03c4\u03c1\u03bf\u03c0\u03bf\u03bb\u03af\u03c4\u03b7\u03c2-\u03b8\u03c5\u03b1\u03c4\u03b5\u03af\u03c1\u03c9\u03bd-\u03b3\u03b5\u03c1\u03bc\u03b1\u03bd\u03cc\u03c2-\u03c3\u03c4\u03c1\/\" \/>\n<meta property=\"og:locale\" content=\"fr_FR\" \/>\n<meta property=\"og:type\" content=\"article\" \/>\n<meta property=\"og:title\" content=\"Le regrett\u00e9 M\u00e9tropolite Germanos de Thyateira (1872-1951) - Archev\u00each\u00e9 Orthodoxe de Belgique\" \/>\n<meta property=\"og:description\" content=\"Le regrett\u00e9 M\u00e9tropolite Germanos de Thyateira (1872-1951) Le regrett\u00e9 M\u00e9tropolite Germanos Strenopoulos (1872-1951) est n\u00e9 en Thrace orientale (Bithynie), dans le village de Delliones, d\u2019une modeste famille grecque. Il fit ses \u00e9tudes \u00e0 l&#8217;Institut de Th\u00e9ologie de Halki, \u00e9tudes qu&#8217;il a compl\u00e9t\u00e9es aux Universit\u00e9s de Leipzig, Strasbourg et Lausanne. En 1903, il re\u00e7ut un doctorat &hellip; Continued\" \/>\n<meta property=\"og:url\" content=\"https:\/\/orthodoxia.be\/\u03bf-\u03b2\u03b5\u03bb\u03b3\u03af\u03bf\u03c5-\u1f00\u03b8\u03b7\u03bd\u03b1\u03b3\u03cc\u03c1\u03b1\u03c2\/\u03c0\u03c1\u03bf\u03ba\u03ac\u03c4\u03bf\u03c7\u03bf\u03b9\/\u03bc\u03b7\u03c4\u03c1\u03bf\u03c0\u03bf\u03bb\u03af\u03c4\u03b7\u03c2-\u03b8\u03c5\u03b1\u03c4\u03b5\u03af\u03c1\u03c9\u03bd-\u03b3\u03b5\u03c1\u03bc\u03b1\u03bd\u03cc\u03c2-\u03c3\u03c4\u03c1\/\" \/>\n<meta property=\"og:site_name\" content=\"Archev\u00each\u00e9 Orthodoxe de Belgique\" \/>\n<meta property=\"article:publisher\" content=\"https:\/\/www.facebook.com\/orthobel\" \/>\n<meta property=\"article:modified_time\" content=\"2019-01-07T16:52:31+00:00\" \/>\n<meta property=\"og:image\" content=\"https:\/\/orthodoxia.be\/wp-content\/uploads\/2018\/02\/Germanos-e1530010216652.jpg\" \/>\n\t<meta property=\"og:image:width\" content=\"592\" \/>\n\t<meta property=\"og:image:height\" content=\"750\" \/>\n\t<meta property=\"og:image:type\" content=\"image\/jpeg\" \/>\n<meta name=\"twitter:card\" content=\"summary_large_image\" \/>\n<meta name=\"twitter:site\" content=\"@orthobel\" \/>\n<meta name=\"twitter:label1\" content=\"Dur\u00e9e de lecture est.\" \/>\n\t<meta name=\"twitter:data1\" content=\"3 minutes\" \/>\n<script type=\"application\/ld+json\" class=\"yoast-schema-graph\">{\"@context\":\"https:\/\/schema.org\",\"@graph\":[{\"@type\":\"WebPage\",\"@id\":\"https:\/\/orthodoxia.be\/%ce%bf-%ce%b2%ce%b5%ce%bb%ce%b3%ce%af%ce%bf%cf%85-%e1%bc%80%ce%b8%ce%b7%ce%bd%ce%b1%ce%b3%cf%8c%cf%81%ce%b1%cf%82\/%cf%80%cf%81%ce%bf%ce%ba%ce%ac%cf%84%ce%bf%cf%87%ce%bf%ce%b9\/%ce%bc%ce%b7%cf%84%cf%81%ce%bf%cf%80%ce%bf%ce%bb%ce%af%cf%84%ce%b7%cf%82-%ce%b8%cf%85%ce%b1%cf%84%ce%b5%ce%af%cf%81%cf%89%ce%bd-%ce%b3%ce%b5%cf%81%ce%bc%ce%b1%ce%bd%cf%8c%cf%82-%cf%83%cf%84%cf%81\/\",\"url\":\"https:\/\/orthodoxia.be\/%ce%bf-%ce%b2%ce%b5%ce%bb%ce%b3%ce%af%ce%bf%cf%85-%e1%bc%80%ce%b8%ce%b7%ce%bd%ce%b1%ce%b3%cf%8c%cf%81%ce%b1%cf%82\/%cf%80%cf%81%ce%bf%ce%ba%ce%ac%cf%84%ce%bf%cf%87%ce%bf%ce%b9\/%ce%bc%ce%b7%cf%84%cf%81%ce%bf%cf%80%ce%bf%ce%bb%ce%af%cf%84%ce%b7%cf%82-%ce%b8%cf%85%ce%b1%cf%84%ce%b5%ce%af%cf%81%cf%89%ce%bd-%ce%b3%ce%b5%cf%81%ce%bc%ce%b1%ce%bd%cf%8c%cf%82-%cf%83%cf%84%cf%81\/\",\"name\":\"Le regrett\u00e9 M\u00e9tropolite Germanos de Thyateira (1872-1951) - Archev\u00each\u00e9 Orthodoxe de Belgique\",\"isPartOf\":{\"@id\":\"https:\/\/orthodoxia.be\/#website\"},\"primaryImageOfPage\":{\"@id\":\"https:\/\/orthodoxia.be\/%ce%bf-%ce%b2%ce%b5%ce%bb%ce%b3%ce%af%ce%bf%cf%85-%e1%bc%80%ce%b8%ce%b7%ce%bd%ce%b1%ce%b3%cf%8c%cf%81%ce%b1%cf%82\/%cf%80%cf%81%ce%bf%ce%ba%ce%ac%cf%84%ce%bf%cf%87%ce%bf%ce%b9\/%ce%bc%ce%b7%cf%84%cf%81%ce%bf%cf%80%ce%bf%ce%bb%ce%af%cf%84%ce%b7%cf%82-%ce%b8%cf%85%ce%b1%cf%84%ce%b5%ce%af%cf%81%cf%89%ce%bd-%ce%b3%ce%b5%cf%81%ce%bc%ce%b1%ce%bd%cf%8c%cf%82-%cf%83%cf%84%cf%81\/#primaryimage\"},\"image\":{\"@id\":\"https:\/\/orthodoxia.be\/%ce%bf-%ce%b2%ce%b5%ce%bb%ce%b3%ce%af%ce%bf%cf%85-%e1%bc%80%ce%b8%ce%b7%ce%bd%ce%b1%ce%b3%cf%8c%cf%81%ce%b1%cf%82\/%cf%80%cf%81%ce%bf%ce%ba%ce%ac%cf%84%ce%bf%cf%87%ce%bf%ce%b9\/%ce%bc%ce%b7%cf%84%cf%81%ce%bf%cf%80%ce%bf%ce%bb%ce%af%cf%84%ce%b7%cf%82-%ce%b8%cf%85%ce%b1%cf%84%ce%b5%ce%af%cf%81%cf%89%ce%bd-%ce%b3%ce%b5%cf%81%ce%bc%ce%b1%ce%bd%cf%8c%cf%82-%cf%83%cf%84%cf%81\/#primaryimage\"},\"thumbnailUrl\":\"https:\/\/orthodoxia.be\/wp-content\/uploads\/2018\/02\/Germanos-e1530010216652.jpg\",\"datePublished\":\"2018-02-07T09:41:50+00:00\",\"dateModified\":\"2019-01-07T16:52:31+00:00\",\"breadcrumb\":{\"@id\":\"https:\/\/orthodoxia.be\/%ce%bf-%ce%b2%ce%b5%ce%bb%ce%b3%ce%af%ce%bf%cf%85-%e1%bc%80%ce%b8%ce%b7%ce%bd%ce%b1%ce%b3%cf%8c%cf%81%ce%b1%cf%82\/%cf%80%cf%81%ce%bf%ce%ba%ce%ac%cf%84%ce%bf%cf%87%ce%bf%ce%b9\/%ce%bc%ce%b7%cf%84%cf%81%ce%bf%cf%80%ce%bf%ce%bb%ce%af%cf%84%ce%b7%cf%82-%ce%b8%cf%85%ce%b1%cf%84%ce%b5%ce%af%cf%81%cf%89%ce%bd-%ce%b3%ce%b5%cf%81%ce%bc%ce%b1%ce%bd%cf%8c%cf%82-%cf%83%cf%84%cf%81\/#breadcrumb\"},\"inLanguage\":\"fr-BE\",\"potentialAction\":[{\"@type\":\"ReadAction\",\"target\":[\"https:\/\/orthodoxia.be\/%ce%bf-%ce%b2%ce%b5%ce%bb%ce%b3%ce%af%ce%bf%cf%85-%e1%bc%80%ce%b8%ce%b7%ce%bd%ce%b1%ce%b3%cf%8c%cf%81%ce%b1%cf%82\/%cf%80%cf%81%ce%bf%ce%ba%ce%ac%cf%84%ce%bf%cf%87%ce%bf%ce%b9\/%ce%bc%ce%b7%cf%84%cf%81%ce%bf%cf%80%ce%bf%ce%bb%ce%af%cf%84%ce%b7%cf%82-%ce%b8%cf%85%ce%b1%cf%84%ce%b5%ce%af%cf%81%cf%89%ce%bd-%ce%b3%ce%b5%cf%81%ce%bc%ce%b1%ce%bd%cf%8c%cf%82-%cf%83%cf%84%cf%81\/\"]}]},{\"@type\":\"ImageObject\",\"inLanguage\":\"fr-BE\",\"@id\":\"https:\/\/orthodoxia.be\/%ce%bf-%ce%b2%ce%b5%ce%bb%ce%b3%ce%af%ce%bf%cf%85-%e1%bc%80%ce%b8%ce%b7%ce%bd%ce%b1%ce%b3%cf%8c%cf%81%ce%b1%cf%82\/%cf%80%cf%81%ce%bf%ce%ba%ce%ac%cf%84%ce%bf%cf%87%ce%bf%ce%b9\/%ce%bc%ce%b7%cf%84%cf%81%ce%bf%cf%80%ce%bf%ce%bb%ce%af%cf%84%ce%b7%cf%82-%ce%b8%cf%85%ce%b1%cf%84%ce%b5%ce%af%cf%81%cf%89%ce%bd-%ce%b3%ce%b5%cf%81%ce%bc%ce%b1%ce%bd%cf%8c%cf%82-%cf%83%cf%84%cf%81\/#primaryimage\",\"url\":\"https:\/\/orthodoxia.be\/wp-content\/uploads\/2018\/02\/Germanos-e1530010216652.jpg\",\"contentUrl\":\"https:\/\/orthodoxia.be\/wp-content\/uploads\/2018\/02\/Germanos-e1530010216652.jpg\",\"width\":592,\"height\":750},{\"@type\":\"BreadcrumbList\",\"@id\":\"https:\/\/orthodoxia.be\/%ce%bf-%ce%b2%ce%b5%ce%bb%ce%b3%ce%af%ce%bf%cf%85-%e1%bc%80%ce%b8%ce%b7%ce%bd%ce%b1%ce%b3%cf%8c%cf%81%ce%b1%cf%82\/%cf%80%cf%81%ce%bf%ce%ba%ce%ac%cf%84%ce%bf%cf%87%ce%bf%ce%b9\/%ce%bc%ce%b7%cf%84%cf%81%ce%bf%cf%80%ce%bf%ce%bb%ce%af%cf%84%ce%b7%cf%82-%ce%b8%cf%85%ce%b1%cf%84%ce%b5%ce%af%cf%81%cf%89%ce%bd-%ce%b3%ce%b5%cf%81%ce%bc%ce%b1%ce%bd%cf%8c%cf%82-%cf%83%cf%84%cf%81\/#breadcrumb\",\"itemListElement\":[{\"@type\":\"ListItem\",\"position\":1,\"name\":\"Home\",\"item\":\"https:\/\/orthodoxia.be\/fr\/\"},{\"@type\":\"ListItem\",\"position\":2,\"name\":\"le M\u00e9tropolite Ath\u00e9nagoras de Belgique\",\"item\":\"https:\/\/orthodoxia.be\/fr\/le-metropolite-athenagoras-de-belgique\/\"},{\"@type\":\"ListItem\",\"position\":3,\"name\":\"Pr\u00e9decesseurs\",\"item\":\"https:\/\/orthodoxia.be\/fr\/le-metropolite-athenagoras-de-belgique\/predecesseurs\/\"},{\"@type\":\"ListItem\",\"position\":4,\"name\":\"Le regrett\u00e9 M\u00e9tropolite Germanos de Thyateira (1872-1951)\"}]},{\"@type\":\"WebSite\",\"@id\":\"https:\/\/orthodoxia.be\/#website\",\"url\":\"https:\/\/orthodoxia.be\/\",\"name\":\"Orthodox Archdiocese of Belgium (Benelux)\",\"description\":\"Exarque des Pays-Bas et du Luxembourg\",\"publisher\":{\"@id\":\"https:\/\/orthodoxia.be\/#organization\"},\"alternateName\":\"IMB\",\"potentialAction\":[{\"@type\":\"SearchAction\",\"target\":{\"@type\":\"EntryPoint\",\"urlTemplate\":\"https:\/\/orthodoxia.be\/?s={search_term_string}\"},\"query-input\":{\"@type\":\"PropertyValueSpecification\",\"valueRequired\":true,\"valueName\":\"search_term_string\"}}],\"inLanguage\":\"fr-BE\"},{\"@type\":\"Organization\",\"@id\":\"https:\/\/orthodoxia.be\/#organization\",\"name\":\"Orthodox Archdiocese of Belgium (Benelux)\",\"url\":\"https:\/\/orthodoxia.be\/\",\"logo\":{\"@type\":\"ImageObject\",\"inLanguage\":\"fr-BE\",\"@id\":\"https:\/\/orthodoxia.be\/#\/schema\/logo\/image\/\",\"url\":\"https:\/\/orthodoxia.be\/wp-content\/uploads\/2024\/02\/cropped-IMB-logo-512-cl-1.png\",\"contentUrl\":\"https:\/\/orthodoxia.be\/wp-content\/uploads\/2024\/02\/cropped-IMB-logo-512-cl-1.png\",\"width\":512,\"height\":512,\"caption\":\"Orthodox Archdiocese of Belgium (Benelux)\"},\"image\":{\"@id\":\"https:\/\/orthodoxia.be\/#\/schema\/logo\/image\/\"},\"sameAs\":[\"https:\/\/www.facebook.com\/orthobel\",\"https:\/\/x.com\/orthobel\",\"https:\/\/www.youtube.com\/c\/orthobel\",\"https:\/\/www.mixcloud.com\/orthobel\/\",\"https:\/\/www.flickr.com\/photos\/148264890@N07\/albums\",\"https:\/\/www.dailymotion.com\/Orthobel\"]}]}<\/script>\n<!-- \/ Yoast SEO plugin. -->","yoast_head_json":{"title":"Le regrett\u00e9 M\u00e9tropolite Germanos de Thyateira (1872-1951) - Archev\u00each\u00e9 Orthodoxe de Belgique","robots":{"index":"index","follow":"follow","max-snippet":"max-snippet:-1","max-image-preview":"max-image-preview:large","max-video-preview":"max-video-preview:-1"},"canonical":"https:\/\/orthodoxia.be\/\u03bf-\u03b2\u03b5\u03bb\u03b3\u03af\u03bf\u03c5-\u1f00\u03b8\u03b7\u03bd\u03b1\u03b3\u03cc\u03c1\u03b1\u03c2\/\u03c0\u03c1\u03bf\u03ba\u03ac\u03c4\u03bf\u03c7\u03bf\u03b9\/\u03bc\u03b7\u03c4\u03c1\u03bf\u03c0\u03bf\u03bb\u03af\u03c4\u03b7\u03c2-\u03b8\u03c5\u03b1\u03c4\u03b5\u03af\u03c1\u03c9\u03bd-\u03b3\u03b5\u03c1\u03bc\u03b1\u03bd\u03cc\u03c2-\u03c3\u03c4\u03c1\/","og_locale":"fr_FR","og_type":"article","og_title":"Le regrett\u00e9 M\u00e9tropolite Germanos de Thyateira (1872-1951) - Archev\u00each\u00e9 Orthodoxe de Belgique","og_description":"Le regrett\u00e9 M\u00e9tropolite Germanos de Thyateira (1872-1951) Le regrett\u00e9 M\u00e9tropolite Germanos Strenopoulos (1872-1951) est n\u00e9 en Thrace orientale (Bithynie), dans le village de Delliones, d\u2019une modeste famille grecque. Il fit ses \u00e9tudes \u00e0 l&#8217;Institut de Th\u00e9ologie de Halki, \u00e9tudes qu&#8217;il a compl\u00e9t\u00e9es aux Universit\u00e9s de Leipzig, Strasbourg et Lausanne. En 1903, il re\u00e7ut un doctorat &hellip; Continued","og_url":"https:\/\/orthodoxia.be\/\u03bf-\u03b2\u03b5\u03bb\u03b3\u03af\u03bf\u03c5-\u1f00\u03b8\u03b7\u03bd\u03b1\u03b3\u03cc\u03c1\u03b1\u03c2\/\u03c0\u03c1\u03bf\u03ba\u03ac\u03c4\u03bf\u03c7\u03bf\u03b9\/\u03bc\u03b7\u03c4\u03c1\u03bf\u03c0\u03bf\u03bb\u03af\u03c4\u03b7\u03c2-\u03b8\u03c5\u03b1\u03c4\u03b5\u03af\u03c1\u03c9\u03bd-\u03b3\u03b5\u03c1\u03bc\u03b1\u03bd\u03cc\u03c2-\u03c3\u03c4\u03c1\/","og_site_name":"Archev\u00each\u00e9 Orthodoxe de Belgique","article_publisher":"https:\/\/www.facebook.com\/orthobel","article_modified_time":"2019-01-07T16:52:31+00:00","og_image":[{"width":592,"height":750,"url":"https:\/\/orthodoxia.be\/wp-content\/uploads\/2018\/02\/Germanos-e1530010216652.jpg","type":"image\/jpeg"}],"twitter_card":"summary_large_image","twitter_site":"@orthobel","twitter_misc":{"Dur\u00e9e de lecture est.":"3 minutes"},"schema":{"@context":"https:\/\/schema.org","@graph":[{"@type":"WebPage","@id":"https:\/\/orthodoxia.be\/%ce%bf-%ce%b2%ce%b5%ce%bb%ce%b3%ce%af%ce%bf%cf%85-%e1%bc%80%ce%b8%ce%b7%ce%bd%ce%b1%ce%b3%cf%8c%cf%81%ce%b1%cf%82\/%cf%80%cf%81%ce%bf%ce%ba%ce%ac%cf%84%ce%bf%cf%87%ce%bf%ce%b9\/%ce%bc%ce%b7%cf%84%cf%81%ce%bf%cf%80%ce%bf%ce%bb%ce%af%cf%84%ce%b7%cf%82-%ce%b8%cf%85%ce%b1%cf%84%ce%b5%ce%af%cf%81%cf%89%ce%bd-%ce%b3%ce%b5%cf%81%ce%bc%ce%b1%ce%bd%cf%8c%cf%82-%cf%83%cf%84%cf%81\/","url":"https:\/\/orthodoxia.be\/%ce%bf-%ce%b2%ce%b5%ce%bb%ce%b3%ce%af%ce%bf%cf%85-%e1%bc%80%ce%b8%ce%b7%ce%bd%ce%b1%ce%b3%cf%8c%cf%81%ce%b1%cf%82\/%cf%80%cf%81%ce%bf%ce%ba%ce%ac%cf%84%ce%bf%cf%87%ce%bf%ce%b9\/%ce%bc%ce%b7%cf%84%cf%81%ce%bf%cf%80%ce%bf%ce%bb%ce%af%cf%84%ce%b7%cf%82-%ce%b8%cf%85%ce%b1%cf%84%ce%b5%ce%af%cf%81%cf%89%ce%bd-%ce%b3%ce%b5%cf%81%ce%bc%ce%b1%ce%bd%cf%8c%cf%82-%cf%83%cf%84%cf%81\/","name":"Le regrett\u00e9 M\u00e9tropolite Germanos de Thyateira (1872-1951) - Archev\u00each\u00e9 Orthodoxe de Belgique","isPartOf":{"@id":"https:\/\/orthodoxia.be\/#website"},"primaryImageOfPage":{"@id":"https:\/\/orthodoxia.be\/%ce%bf-%ce%b2%ce%b5%ce%bb%ce%b3%ce%af%ce%bf%cf%85-%e1%bc%80%ce%b8%ce%b7%ce%bd%ce%b1%ce%b3%cf%8c%cf%81%ce%b1%cf%82\/%cf%80%cf%81%ce%bf%ce%ba%ce%ac%cf%84%ce%bf%cf%87%ce%bf%ce%b9\/%ce%bc%ce%b7%cf%84%cf%81%ce%bf%cf%80%ce%bf%ce%bb%ce%af%cf%84%ce%b7%cf%82-%ce%b8%cf%85%ce%b1%cf%84%ce%b5%ce%af%cf%81%cf%89%ce%bd-%ce%b3%ce%b5%cf%81%ce%bc%ce%b1%ce%bd%cf%8c%cf%82-%cf%83%cf%84%cf%81\/#primaryimage"},"image":{"@id":"https:\/\/orthodoxia.be\/%ce%bf-%ce%b2%ce%b5%ce%bb%ce%b3%ce%af%ce%bf%cf%85-%e1%bc%80%ce%b8%ce%b7%ce%bd%ce%b1%ce%b3%cf%8c%cf%81%ce%b1%cf%82\/%cf%80%cf%81%ce%bf%ce%ba%ce%ac%cf%84%ce%bf%cf%87%ce%bf%ce%b9\/%ce%bc%ce%b7%cf%84%cf%81%ce%bf%cf%80%ce%bf%ce%bb%ce%af%cf%84%ce%b7%cf%82-%ce%b8%cf%85%ce%b1%cf%84%ce%b5%ce%af%cf%81%cf%89%ce%bd-%ce%b3%ce%b5%cf%81%ce%bc%ce%b1%ce%bd%cf%8c%cf%82-%cf%83%cf%84%cf%81\/#primaryimage"},"thumbnailUrl":"https:\/\/orthodoxia.be\/wp-content\/uploads\/2018\/02\/Germanos-e1530010216652.jpg","datePublished":"2018-02-07T09:41:50+00:00","dateModified":"2019-01-07T16:52:31+00:00","breadcrumb":{"@id":"https:\/\/orthodoxia.be\/%ce%bf-%ce%b2%ce%b5%ce%bb%ce%b3%ce%af%ce%bf%cf%85-%e1%bc%80%ce%b8%ce%b7%ce%bd%ce%b1%ce%b3%cf%8c%cf%81%ce%b1%cf%82\/%cf%80%cf%81%ce%bf%ce%ba%ce%ac%cf%84%ce%bf%cf%87%ce%bf%ce%b9\/%ce%bc%ce%b7%cf%84%cf%81%ce%bf%cf%80%ce%bf%ce%bb%ce%af%cf%84%ce%b7%cf%82-%ce%b8%cf%85%ce%b1%cf%84%ce%b5%ce%af%cf%81%cf%89%ce%bd-%ce%b3%ce%b5%cf%81%ce%bc%ce%b1%ce%bd%cf%8c%cf%82-%cf%83%cf%84%cf%81\/#breadcrumb"},"inLanguage":"fr-BE","potentialAction":[{"@type":"ReadAction","target":["https:\/\/orthodoxia.be\/%ce%bf-%ce%b2%ce%b5%ce%bb%ce%b3%ce%af%ce%bf%cf%85-%e1%bc%80%ce%b8%ce%b7%ce%bd%ce%b1%ce%b3%cf%8c%cf%81%ce%b1%cf%82\/%cf%80%cf%81%ce%bf%ce%ba%ce%ac%cf%84%ce%bf%cf%87%ce%bf%ce%b9\/%ce%bc%ce%b7%cf%84%cf%81%ce%bf%cf%80%ce%bf%ce%bb%ce%af%cf%84%ce%b7%cf%82-%ce%b8%cf%85%ce%b1%cf%84%ce%b5%ce%af%cf%81%cf%89%ce%bd-%ce%b3%ce%b5%cf%81%ce%bc%ce%b1%ce%bd%cf%8c%cf%82-%cf%83%cf%84%cf%81\/"]}]},{"@type":"ImageObject","inLanguage":"fr-BE","@id":"https:\/\/orthodoxia.be\/%ce%bf-%ce%b2%ce%b5%ce%bb%ce%b3%ce%af%ce%bf%cf%85-%e1%bc%80%ce%b8%ce%b7%ce%bd%ce%b1%ce%b3%cf%8c%cf%81%ce%b1%cf%82\/%cf%80%cf%81%ce%bf%ce%ba%ce%ac%cf%84%ce%bf%cf%87%ce%bf%ce%b9\/%ce%bc%ce%b7%cf%84%cf%81%ce%bf%cf%80%ce%bf%ce%bb%ce%af%cf%84%ce%b7%cf%82-%ce%b8%cf%85%ce%b1%cf%84%ce%b5%ce%af%cf%81%cf%89%ce%bd-%ce%b3%ce%b5%cf%81%ce%bc%ce%b1%ce%bd%cf%8c%cf%82-%cf%83%cf%84%cf%81\/#primaryimage","url":"https:\/\/orthodoxia.be\/wp-content\/uploads\/2018\/02\/Germanos-e1530010216652.jpg","contentUrl":"https:\/\/orthodoxia.be\/wp-content\/uploads\/2018\/02\/Germanos-e1530010216652.jpg","width":592,"height":750},{"@type":"BreadcrumbList","@id":"https:\/\/orthodoxia.be\/%ce%bf-%ce%b2%ce%b5%ce%bb%ce%b3%ce%af%ce%bf%cf%85-%e1%bc%80%ce%b8%ce%b7%ce%bd%ce%b1%ce%b3%cf%8c%cf%81%ce%b1%cf%82\/%cf%80%cf%81%ce%bf%ce%ba%ce%ac%cf%84%ce%bf%cf%87%ce%bf%ce%b9\/%ce%bc%ce%b7%cf%84%cf%81%ce%bf%cf%80%ce%bf%ce%bb%ce%af%cf%84%ce%b7%cf%82-%ce%b8%cf%85%ce%b1%cf%84%ce%b5%ce%af%cf%81%cf%89%ce%bd-%ce%b3%ce%b5%cf%81%ce%bc%ce%b1%ce%bd%cf%8c%cf%82-%cf%83%cf%84%cf%81\/#breadcrumb","itemListElement":[{"@type":"ListItem","position":1,"name":"Home","item":"https:\/\/orthodoxia.be\/fr\/"},{"@type":"ListItem","position":2,"name":"le M\u00e9tropolite Ath\u00e9nagoras de Belgique","item":"https:\/\/orthodoxia.be\/fr\/le-metropolite-athenagoras-de-belgique\/"},{"@type":"ListItem","position":3,"name":"Pr\u00e9decesseurs","item":"https:\/\/orthodoxia.be\/fr\/le-metropolite-athenagoras-de-belgique\/predecesseurs\/"},{"@type":"ListItem","position":4,"name":"Le regrett\u00e9 M\u00e9tropolite Germanos de Thyateira (1872-1951)"}]},{"@type":"WebSite","@id":"https:\/\/orthodoxia.be\/#website","url":"https:\/\/orthodoxia.be\/","name":"Orthodox Archdiocese of Belgium (Benelux)","description":"Exarque des Pays-Bas et du Luxembourg","publisher":{"@id":"https:\/\/orthodoxia.be\/#organization"},"alternateName":"IMB","potentialAction":[{"@type":"SearchAction","target":{"@type":"EntryPoint","urlTemplate":"https:\/\/orthodoxia.be\/?s={search_term_string}"},"query-input":{"@type":"PropertyValueSpecification","valueRequired":true,"valueName":"search_term_string"}}],"inLanguage":"fr-BE"},{"@type":"Organization","@id":"https:\/\/orthodoxia.be\/#organization","name":"Orthodox Archdiocese of Belgium (Benelux)","url":"https:\/\/orthodoxia.be\/","logo":{"@type":"ImageObject","inLanguage":"fr-BE","@id":"https:\/\/orthodoxia.be\/#\/schema\/logo\/image\/","url":"https:\/\/orthodoxia.be\/wp-content\/uploads\/2024\/02\/cropped-IMB-logo-512-cl-1.png","contentUrl":"https:\/\/orthodoxia.be\/wp-content\/uploads\/2024\/02\/cropped-IMB-logo-512-cl-1.png","width":512,"height":512,"caption":"Orthodox Archdiocese of Belgium (Benelux)"},"image":{"@id":"https:\/\/orthodoxia.be\/#\/schema\/logo\/image\/"},"sameAs":["https:\/\/www.facebook.com\/orthobel","https:\/\/x.com\/orthobel","https:\/\/www.youtube.com\/c\/orthobel","https:\/\/www.mixcloud.com\/orthobel\/","https:\/\/www.flickr.com\/photos\/148264890@N07\/albums","https:\/\/www.dailymotion.com\/Orthobel"]}]}},"_links":{"self":[{"href":"https:\/\/orthodoxia.be\/fr\/wp-json\/wp\/v2\/pages\/5483","targetHints":{"allow":["GET"]}}],"collection":[{"href":"https:\/\/orthodoxia.be\/fr\/wp-json\/wp\/v2\/pages"}],"about":[{"href":"https:\/\/orthodoxia.be\/fr\/wp-json\/wp\/v2\/types\/page"}],"author":[{"embeddable":true,"href":"https:\/\/orthodoxia.be\/fr\/wp-json\/wp\/v2\/users\/2"}],"replies":[{"embeddable":true,"href":"https:\/\/orthodoxia.be\/fr\/wp-json\/wp\/v2\/comments?post=5483"}],"version-history":[{"count":4,"href":"https:\/\/orthodoxia.be\/fr\/wp-json\/wp\/v2\/pages\/5483\/revisions"}],"predecessor-version":[{"id":15604,"href":"https:\/\/orthodoxia.be\/fr\/wp-json\/wp\/v2\/pages\/5483\/revisions\/15604"}],"up":[{"embeddable":true,"href":"https:\/\/orthodoxia.be\/fr\/wp-json\/wp\/v2\/pages\/10223"}],"wp:featuredmedia":[{"embeddable":true,"href":"https:\/\/orthodoxia.be\/fr\/wp-json\/wp\/v2\/media\/5591"}],"wp:attachment":[{"href":"https:\/\/orthodoxia.be\/fr\/wp-json\/wp\/v2\/media?parent=5483"}],"curies":[{"name":"wp","href":"https:\/\/api.w.org\/{rel}","templated":true}]}}