{"id":5489,"date":"2018-02-07T10:47:30","date_gmt":"2018-02-07T09:47:30","guid":{"rendered":"http:\/\/new.orthodoxia.be\/?page_id=5489"},"modified":"2019-01-07T17:52:36","modified_gmt":"2019-01-07T16:52:36","slug":"le-metropolite-athenagoras-de-thyateira-1884-1962","status":"publish","type":"page","link":"https:\/\/orthodoxia.be\/fr\/le-metropolite-athenagoras-de-belgique\/predecesseurs\/le-metropolite-athenagoras-de-thyateira-1884-1962\/","title":{"rendered":"Le regrett\u00e9 M\u00e9tropolite Athenagoras de Thyateira (1884-1962)"},"content":{"rendered":"<h2 style=\"text-align: center;\"><strong>Le regrett\u00e9 M\u00e9tropolite Athenagoras de Thyateira (1884-1962)<\/strong><\/h2>\n<p style=\"text-align: justify;\">Le regrett\u00e9 M\u00e9tropolite Athenagoras Kavadas (1884-1962) est n\u00e9 \u00e0 Corfou (Gr\u00e8ce) et a \u00e9tudi\u00e9 la Th\u00e9ologie \u00e0 Ath\u00e8nes. Il fut ordonn\u00e9 diacre en 1909 et pr\u00eatre en 1910. La m\u00eame ann\u00e9e, il devint vice-recteur du s\u00e9minaire de Rizarion \u00e0 Ath\u00e8nes, jusqu&#8217;en 1917. En 1918-1919, il re\u00e7ut une bourse pour \u00e9tudier \u00e0 Oxford.<\/p>\n<p style=\"text-align: justify;\">En 1921, il fut appel\u00e9 en Am\u00e9rique par le M\u00e9tropolite Meletios Metaxakis, futur Patriarche \u0152cum\u00e9nique, o\u00f9 il desservit plusieurs paroisses grecques jusqu&#8217;en 1949. Il re\u00e7ut plus tard le titre de Vicaire G\u00e9n\u00e9ral de l&#8217;Archidioc\u00e8se d&#8217;Am\u00e9rique. En 1937, il est nomm\u00e9 recteur de l&#8217;Institut de Th\u00e9ologie <em>&#8220;Sainte Croix&#8221;<\/em> \u00e0 Brookline (Boston).<\/p>\n<p style=\"text-align: justify;\">Le 31 mai 1938, le Patriarcat \u0152cum\u00e9nique l\u2019\u00e9lit \u00e9v\u00eaque auxiliaire de l&#8217;Archev\u00each\u00e9 d&#8217;Am\u00e9rique avec le titre d&#8217;<em>Ev\u00eaque de Boston<\/em>. Son ordination se d\u00e9roula dans la Cath\u00e9drale de l&#8217;Annonciation \u00e0 Boston le 5 juin 1938. C&#8217;est le regrett\u00e9 Archev\u00eaque Ath\u00e9nagoras d&#8217;Am\u00e9rique (futur Patriarche \u0152cum\u00e9nique) qui le consacra, entour\u00e9 des Ev\u00eaques Kallistos de San Francisco et Th\u00e9odosios d&#8217;Evkarpia. Le 7 juin 1949, il fut \u00e9lu M\u00e9tropolite de Philadelphie et nomm\u00e9 repr\u00e9sentant permanent du Patriarcat \u0152cum\u00e9nique \u00e0 Ath\u00e8nes. En 1950, on lui demande de s\u2019occuper des paroisses d&#8217;Autriche, de Hongrie et d&#8217;Italie, appartenant encore \u00e0 l&#8217;Archev\u00each\u00e9 de Thyateira. Apr\u00e8s la mort du M\u00e9tropolite Germanos de Thyateira, il fut \u00e9lu, le 12 avril 1951, Archev\u00eaque de Thyateira et Exarque d&#8217;Europe occidentale et centrale (avec Londres comme si\u00e8ge).<\/p>\n<p style=\"text-align: justify;\">L&#8217;Archev\u00eaque Ath\u00e9nagoras Kavadas fut tr\u00e8s impliqu\u00e9 dans le dialogue entre les \u00c9glises chr\u00e9tiennes et repr\u00e9senta le Patriarcat \u0152cum\u00e9nique lors des r\u00e9unions du Conseil \u0153cum\u00e9nique des \u00c9glises.<\/p>\n<p style=\"text-align: justify;\">Il se souciait aussi des paroisses de Belgique et des Pays-Bas. Pendant les derni\u00e8res ann\u00e9es de sa vie, des milliers de Grecs arriv\u00e8rent en Belgique pour travailler dans les charbonnages. Avec eux, plusieurs pr\u00eatres furent envoy\u00e9s en Belgique, et notamment l\u2019Archimandrite Panteleimon Kontogiannis (plus tard M\u00e9tropolite de Belgique).<\/p>\n<p style=\"text-align: justify;\">Il mourut \u00e0 Londres le 15 octobre 1962. La c\u00e9r\u00e9monie fun\u00e9raire eut lieu \u00e0 la Cath\u00e9drale Sainte-Sophie de Londres, le 20 octobre 1962, pr\u00e9sid\u00e9e par l&#8217;Archev\u00eaque Iakovos d&#8217;Am\u00e9rique. Il a \u00e9t\u00e9 enterr\u00e9 \u00e0 Corfou.<\/p>\n","protected":false},"excerpt":{"rendered":"<p>Le regrett\u00e9 M\u00e9tropolite Athenagoras de Thyateira (1884-1962) Le regrett\u00e9 M\u00e9tropolite Athenagoras Kavadas (1884-1962) est n\u00e9 \u00e0 Corfou (Gr\u00e8ce) et a \u00e9tudi\u00e9 la Th\u00e9ologie \u00e0 Ath\u00e8nes. Il fut ordonn\u00e9 diacre en 1909 et pr\u00eatre en 1910. La m\u00eame ann\u00e9e, il devint vice-recteur du s\u00e9minaire de Rizarion \u00e0 Ath\u00e8nes, jusqu&#8217;en 1917. En 1918-1919, il re\u00e7ut une bourse &hellip; <a href=\"https:\/\/orthodoxia.be\/fr\/le-metropolite-athenagoras-de-belgique\/predecesseurs\/le-metropolite-athenagoras-de-thyateira-1884-1962\/\">Continued<\/a><\/p>\n","protected":false},"author":2,"featured_media":5622,"parent":10223,"menu_order":2,"comment_status":"closed","ping_status":"closed","template":"","meta":{"_acf_changed":false,"footnotes":""},"class_list":["post-5489","page","type-page","status-publish","has-post-thumbnail","hentry"],"acf":[],"yoast_head":"<!-- This site is optimized with the Yoast SEO plugin v24.3 - https:\/\/yoast.com\/wordpress\/plugins\/seo\/ -->\n<title>Le regrett\u00e9 M\u00e9tropolite Athenagoras de Thyateira (1884-1962) - Archev\u00each\u00e9 Orthodoxe de Belgique<\/title>\n<meta name=\"robots\" content=\"index, follow, max-snippet:-1, max-image-preview:large, max-video-preview:-1\" \/>\n<link rel=\"canonical\" href=\"https:\/\/orthodoxia.be\/fr\/le-metropolite-athenagoras-de-belgique\/predecesseurs\/le-metropolite-athenagoras-de-thyateira-1884-1962\/\" \/>\n<meta property=\"og:locale\" content=\"fr_FR\" \/>\n<meta property=\"og:type\" content=\"article\" \/>\n<meta property=\"og:title\" content=\"Le regrett\u00e9 M\u00e9tropolite Athenagoras de Thyateira (1884-1962) - Archev\u00each\u00e9 Orthodoxe de Belgique\" \/>\n<meta property=\"og:description\" content=\"Le regrett\u00e9 M\u00e9tropolite Athenagoras de Thyateira (1884-1962) Le regrett\u00e9 M\u00e9tropolite Athenagoras Kavadas (1884-1962) est n\u00e9 \u00e0 Corfou (Gr\u00e8ce) et a \u00e9tudi\u00e9 la Th\u00e9ologie \u00e0 Ath\u00e8nes. Il fut ordonn\u00e9 diacre en 1909 et pr\u00eatre en 1910. La m\u00eame ann\u00e9e, il devint vice-recteur du s\u00e9minaire de Rizarion \u00e0 Ath\u00e8nes, jusqu&#8217;en 1917. En 1918-1919, il re\u00e7ut une bourse &hellip; Continued\" \/>\n<meta property=\"og:url\" content=\"https:\/\/orthodoxia.be\/fr\/le-metropolite-athenagoras-de-belgique\/predecesseurs\/le-metropolite-athenagoras-de-thyateira-1884-1962\/\" \/>\n<meta property=\"og:site_name\" content=\"Archev\u00each\u00e9 Orthodoxe de Belgique\" \/>\n<meta property=\"article:publisher\" content=\"https:\/\/www.facebook.com\/orthobel\" \/>\n<meta property=\"article:modified_time\" content=\"2019-01-07T16:52:36+00:00\" \/>\n<meta property=\"og:image\" content=\"https:\/\/orthodoxia.be\/wp-content\/uploads\/2018\/02\/Athenagoras-Kavadas.jpg\" \/>\n\t<meta property=\"og:image:width\" content=\"429\" \/>\n\t<meta property=\"og:image:height\" content=\"557\" \/>\n\t<meta property=\"og:image:type\" content=\"image\/jpeg\" \/>\n<meta name=\"twitter:card\" content=\"summary_large_image\" \/>\n<meta name=\"twitter:site\" content=\"@orthobel\" \/>\n<meta name=\"twitter:label1\" content=\"Dur\u00e9e de lecture est.\" \/>\n\t<meta name=\"twitter:data1\" content=\"2 minutes\" \/>\n<script type=\"application\/ld+json\" class=\"yoast-schema-graph\">{\"@context\":\"https:\/\/schema.org\",\"@graph\":[{\"@type\":\"WebPage\",\"@id\":\"https:\/\/orthodoxia.be\/fr\/le-metropolite-athenagoras-de-belgique\/predecesseurs\/le-metropolite-athenagoras-de-thyateira-1884-1962\/\",\"url\":\"https:\/\/orthodoxia.be\/fr\/le-metropolite-athenagoras-de-belgique\/predecesseurs\/le-metropolite-athenagoras-de-thyateira-1884-1962\/\",\"name\":\"Le regrett\u00e9 M\u00e9tropolite Athenagoras de Thyateira (1884-1962) - Archev\u00each\u00e9 Orthodoxe de Belgique\",\"isPartOf\":{\"@id\":\"https:\/\/orthodoxia.be\/#website\"},\"primaryImageOfPage\":{\"@id\":\"https:\/\/orthodoxia.be\/fr\/le-metropolite-athenagoras-de-belgique\/predecesseurs\/le-metropolite-athenagoras-de-thyateira-1884-1962\/#primaryimage\"},\"image\":{\"@id\":\"https:\/\/orthodoxia.be\/fr\/le-metropolite-athenagoras-de-belgique\/predecesseurs\/le-metropolite-athenagoras-de-thyateira-1884-1962\/#primaryimage\"},\"thumbnailUrl\":\"https:\/\/orthodoxia.be\/wp-content\/uploads\/2018\/02\/Athenagoras-Kavadas.jpg\",\"datePublished\":\"2018-02-07T09:47:30+00:00\",\"dateModified\":\"2019-01-07T16:52:36+00:00\",\"breadcrumb\":{\"@id\":\"https:\/\/orthodoxia.be\/fr\/le-metropolite-athenagoras-de-belgique\/predecesseurs\/le-metropolite-athenagoras-de-thyateira-1884-1962\/#breadcrumb\"},\"inLanguage\":\"fr-BE\",\"potentialAction\":[{\"@type\":\"ReadAction\",\"target\":[\"https:\/\/orthodoxia.be\/fr\/le-metropolite-athenagoras-de-belgique\/predecesseurs\/le-metropolite-athenagoras-de-thyateira-1884-1962\/\"]}]},{\"@type\":\"ImageObject\",\"inLanguage\":\"fr-BE\",\"@id\":\"https:\/\/orthodoxia.be\/fr\/le-metropolite-athenagoras-de-belgique\/predecesseurs\/le-metropolite-athenagoras-de-thyateira-1884-1962\/#primaryimage\",\"url\":\"https:\/\/orthodoxia.be\/wp-content\/uploads\/2018\/02\/Athenagoras-Kavadas.jpg\",\"contentUrl\":\"https:\/\/orthodoxia.be\/wp-content\/uploads\/2018\/02\/Athenagoras-Kavadas.jpg\",\"width\":429,\"height\":557},{\"@type\":\"BreadcrumbList\",\"@id\":\"https:\/\/orthodoxia.be\/fr\/le-metropolite-athenagoras-de-belgique\/predecesseurs\/le-metropolite-athenagoras-de-thyateira-1884-1962\/#breadcrumb\",\"itemListElement\":[{\"@type\":\"ListItem\",\"position\":1,\"name\":\"Home\",\"item\":\"https:\/\/orthodoxia.be\/fr\/\"},{\"@type\":\"ListItem\",\"position\":2,\"name\":\"le M\u00e9tropolite Ath\u00e9nagoras de Belgique\",\"item\":\"https:\/\/orthodoxia.be\/fr\/le-metropolite-athenagoras-de-belgique\/\"},{\"@type\":\"ListItem\",\"position\":3,\"name\":\"Pr\u00e9decesseurs\",\"item\":\"https:\/\/orthodoxia.be\/fr\/le-metropolite-athenagoras-de-belgique\/predecesseurs\/\"},{\"@type\":\"ListItem\",\"position\":4,\"name\":\"Le regrett\u00e9 M\u00e9tropolite Athenagoras de Thyateira (1884-1962)\"}]},{\"@type\":\"WebSite\",\"@id\":\"https:\/\/orthodoxia.be\/#website\",\"url\":\"https:\/\/orthodoxia.be\/\",\"name\":\"Orthodox Archdiocese of Belgium (Benelux)\",\"description\":\"Exarque des Pays-Bas et du Luxembourg\",\"publisher\":{\"@id\":\"https:\/\/orthodoxia.be\/#organization\"},\"alternateName\":\"IMB\",\"potentialAction\":[{\"@type\":\"SearchAction\",\"target\":{\"@type\":\"EntryPoint\",\"urlTemplate\":\"https:\/\/orthodoxia.be\/?s={search_term_string}\"},\"query-input\":{\"@type\":\"PropertyValueSpecification\",\"valueRequired\":true,\"valueName\":\"search_term_string\"}}],\"inLanguage\":\"fr-BE\"},{\"@type\":\"Organization\",\"@id\":\"https:\/\/orthodoxia.be\/#organization\",\"name\":\"Orthodox Archdiocese of Belgium (Benelux)\",\"url\":\"https:\/\/orthodoxia.be\/\",\"logo\":{\"@type\":\"ImageObject\",\"inLanguage\":\"fr-BE\",\"@id\":\"https:\/\/orthodoxia.be\/#\/schema\/logo\/image\/\",\"url\":\"https:\/\/orthodoxia.be\/wp-content\/uploads\/2024\/02\/cropped-IMB-logo-512-cl-1.png\",\"contentUrl\":\"https:\/\/orthodoxia.be\/wp-content\/uploads\/2024\/02\/cropped-IMB-logo-512-cl-1.png\",\"width\":512,\"height\":512,\"caption\":\"Orthodox Archdiocese of Belgium (Benelux)\"},\"image\":{\"@id\":\"https:\/\/orthodoxia.be\/#\/schema\/logo\/image\/\"},\"sameAs\":[\"https:\/\/www.facebook.com\/orthobel\",\"https:\/\/x.com\/orthobel\",\"https:\/\/www.youtube.com\/c\/orthobel\",\"https:\/\/www.mixcloud.com\/orthobel\/\",\"https:\/\/www.flickr.com\/photos\/148264890@N07\/albums\",\"https:\/\/www.dailymotion.com\/Orthobel\"]}]}<\/script>\n<!-- \/ Yoast SEO plugin. -->","yoast_head_json":{"title":"Le regrett\u00e9 M\u00e9tropolite Athenagoras de Thyateira (1884-1962) - Archev\u00each\u00e9 Orthodoxe de Belgique","robots":{"index":"index","follow":"follow","max-snippet":"max-snippet:-1","max-image-preview":"max-image-preview:large","max-video-preview":"max-video-preview:-1"},"canonical":"https:\/\/orthodoxia.be\/fr\/le-metropolite-athenagoras-de-belgique\/predecesseurs\/le-metropolite-athenagoras-de-thyateira-1884-1962\/","og_locale":"fr_FR","og_type":"article","og_title":"Le regrett\u00e9 M\u00e9tropolite Athenagoras de Thyateira (1884-1962) - Archev\u00each\u00e9 Orthodoxe de Belgique","og_description":"Le regrett\u00e9 M\u00e9tropolite Athenagoras de Thyateira (1884-1962) Le regrett\u00e9 M\u00e9tropolite Athenagoras Kavadas (1884-1962) est n\u00e9 \u00e0 Corfou (Gr\u00e8ce) et a \u00e9tudi\u00e9 la Th\u00e9ologie \u00e0 Ath\u00e8nes. Il fut ordonn\u00e9 diacre en 1909 et pr\u00eatre en 1910. La m\u00eame ann\u00e9e, il devint vice-recteur du s\u00e9minaire de Rizarion \u00e0 Ath\u00e8nes, jusqu&#8217;en 1917. En 1918-1919, il re\u00e7ut une bourse &hellip; Continued","og_url":"https:\/\/orthodoxia.be\/fr\/le-metropolite-athenagoras-de-belgique\/predecesseurs\/le-metropolite-athenagoras-de-thyateira-1884-1962\/","og_site_name":"Archev\u00each\u00e9 Orthodoxe de Belgique","article_publisher":"https:\/\/www.facebook.com\/orthobel","article_modified_time":"2019-01-07T16:52:36+00:00","og_image":[{"width":429,"height":557,"url":"https:\/\/orthodoxia.be\/wp-content\/uploads\/2018\/02\/Athenagoras-Kavadas.jpg","type":"image\/jpeg"}],"twitter_card":"summary_large_image","twitter_site":"@orthobel","twitter_misc":{"Dur\u00e9e de lecture est.":"2 minutes"},"schema":{"@context":"https:\/\/schema.org","@graph":[{"@type":"WebPage","@id":"https:\/\/orthodoxia.be\/fr\/le-metropolite-athenagoras-de-belgique\/predecesseurs\/le-metropolite-athenagoras-de-thyateira-1884-1962\/","url":"https:\/\/orthodoxia.be\/fr\/le-metropolite-athenagoras-de-belgique\/predecesseurs\/le-metropolite-athenagoras-de-thyateira-1884-1962\/","name":"Le regrett\u00e9 M\u00e9tropolite Athenagoras de Thyateira (1884-1962) - Archev\u00each\u00e9 Orthodoxe de Belgique","isPartOf":{"@id":"https:\/\/orthodoxia.be\/#website"},"primaryImageOfPage":{"@id":"https:\/\/orthodoxia.be\/fr\/le-metropolite-athenagoras-de-belgique\/predecesseurs\/le-metropolite-athenagoras-de-thyateira-1884-1962\/#primaryimage"},"image":{"@id":"https:\/\/orthodoxia.be\/fr\/le-metropolite-athenagoras-de-belgique\/predecesseurs\/le-metropolite-athenagoras-de-thyateira-1884-1962\/#primaryimage"},"thumbnailUrl":"https:\/\/orthodoxia.be\/wp-content\/uploads\/2018\/02\/Athenagoras-Kavadas.jpg","datePublished":"2018-02-07T09:47:30+00:00","dateModified":"2019-01-07T16:52:36+00:00","breadcrumb":{"@id":"https:\/\/orthodoxia.be\/fr\/le-metropolite-athenagoras-de-belgique\/predecesseurs\/le-metropolite-athenagoras-de-thyateira-1884-1962\/#breadcrumb"},"inLanguage":"fr-BE","potentialAction":[{"@type":"ReadAction","target":["https:\/\/orthodoxia.be\/fr\/le-metropolite-athenagoras-de-belgique\/predecesseurs\/le-metropolite-athenagoras-de-thyateira-1884-1962\/"]}]},{"@type":"ImageObject","inLanguage":"fr-BE","@id":"https:\/\/orthodoxia.be\/fr\/le-metropolite-athenagoras-de-belgique\/predecesseurs\/le-metropolite-athenagoras-de-thyateira-1884-1962\/#primaryimage","url":"https:\/\/orthodoxia.be\/wp-content\/uploads\/2018\/02\/Athenagoras-Kavadas.jpg","contentUrl":"https:\/\/orthodoxia.be\/wp-content\/uploads\/2018\/02\/Athenagoras-Kavadas.jpg","width":429,"height":557},{"@type":"BreadcrumbList","@id":"https:\/\/orthodoxia.be\/fr\/le-metropolite-athenagoras-de-belgique\/predecesseurs\/le-metropolite-athenagoras-de-thyateira-1884-1962\/#breadcrumb","itemListElement":[{"@type":"ListItem","position":1,"name":"Home","item":"https:\/\/orthodoxia.be\/fr\/"},{"@type":"ListItem","position":2,"name":"le M\u00e9tropolite Ath\u00e9nagoras de Belgique","item":"https:\/\/orthodoxia.be\/fr\/le-metropolite-athenagoras-de-belgique\/"},{"@type":"ListItem","position":3,"name":"Pr\u00e9decesseurs","item":"https:\/\/orthodoxia.be\/fr\/le-metropolite-athenagoras-de-belgique\/predecesseurs\/"},{"@type":"ListItem","position":4,"name":"Le regrett\u00e9 M\u00e9tropolite Athenagoras de Thyateira (1884-1962)"}]},{"@type":"WebSite","@id":"https:\/\/orthodoxia.be\/#website","url":"https:\/\/orthodoxia.be\/","name":"Orthodox Archdiocese of Belgium (Benelux)","description":"Exarque des Pays-Bas et du Luxembourg","publisher":{"@id":"https:\/\/orthodoxia.be\/#organization"},"alternateName":"IMB","potentialAction":[{"@type":"SearchAction","target":{"@type":"EntryPoint","urlTemplate":"https:\/\/orthodoxia.be\/?s={search_term_string}"},"query-input":{"@type":"PropertyValueSpecification","valueRequired":true,"valueName":"search_term_string"}}],"inLanguage":"fr-BE"},{"@type":"Organization","@id":"https:\/\/orthodoxia.be\/#organization","name":"Orthodox Archdiocese of Belgium (Benelux)","url":"https:\/\/orthodoxia.be\/","logo":{"@type":"ImageObject","inLanguage":"fr-BE","@id":"https:\/\/orthodoxia.be\/#\/schema\/logo\/image\/","url":"https:\/\/orthodoxia.be\/wp-content\/uploads\/2024\/02\/cropped-IMB-logo-512-cl-1.png","contentUrl":"https:\/\/orthodoxia.be\/wp-content\/uploads\/2024\/02\/cropped-IMB-logo-512-cl-1.png","width":512,"height":512,"caption":"Orthodox Archdiocese of Belgium (Benelux)"},"image":{"@id":"https:\/\/orthodoxia.be\/#\/schema\/logo\/image\/"},"sameAs":["https:\/\/www.facebook.com\/orthobel","https:\/\/x.com\/orthobel","https:\/\/www.youtube.com\/c\/orthobel","https:\/\/www.mixcloud.com\/orthobel\/","https:\/\/www.flickr.com\/photos\/148264890@N07\/albums","https:\/\/www.dailymotion.com\/Orthobel"]}]}},"_links":{"self":[{"href":"https:\/\/orthodoxia.be\/fr\/wp-json\/wp\/v2\/pages\/5489","targetHints":{"allow":["GET"]}}],"collection":[{"href":"https:\/\/orthodoxia.be\/fr\/wp-json\/wp\/v2\/pages"}],"about":[{"href":"https:\/\/orthodoxia.be\/fr\/wp-json\/wp\/v2\/types\/page"}],"author":[{"embeddable":true,"href":"https:\/\/orthodoxia.be\/fr\/wp-json\/wp\/v2\/users\/2"}],"replies":[{"embeddable":true,"href":"https:\/\/orthodoxia.be\/fr\/wp-json\/wp\/v2\/comments?post=5489"}],"version-history":[{"count":4,"href":"https:\/\/orthodoxia.be\/fr\/wp-json\/wp\/v2\/pages\/5489\/revisions"}],"predecessor-version":[{"id":15605,"href":"https:\/\/orthodoxia.be\/fr\/wp-json\/wp\/v2\/pages\/5489\/revisions\/15605"}],"up":[{"embeddable":true,"href":"https:\/\/orthodoxia.be\/fr\/wp-json\/wp\/v2\/pages\/10223"}],"wp:featuredmedia":[{"embeddable":true,"href":"https:\/\/orthodoxia.be\/fr\/wp-json\/wp\/v2\/media\/5622"}],"wp:attachment":[{"href":"https:\/\/orthodoxia.be\/fr\/wp-json\/wp\/v2\/media?parent=5489"}],"curies":[{"name":"wp","href":"https:\/\/api.w.org\/{rel}","templated":true}]}}