{"id":5574,"date":"2018-02-12T11:20:14","date_gmt":"2018-02-12T10:20:14","guid":{"rendered":"http:\/\/new.orthodoxia.be\/?page_id=5574"},"modified":"2019-01-07T17:52:56","modified_gmt":"2019-01-07T16:52:56","slug":"le-metropolite-polyefktos-dallemagne-et-exarque-des-pays-bas-1912-1988","status":"publish","type":"page","link":"https:\/\/orthodoxia.be\/fr\/le-metropolite-athenagoras-de-belgique\/predecesseurs\/le-metropolite-polyefktos-dallemagne-et-exarque-des-pays-bas-1912-1988\/","title":{"rendered":"Le regrett\u00e9 M\u00e9tropolite Polyefktos d\u2019Allemagne et Exarque des Pays-Bas (1912-1988)"},"content":{"rendered":"<h2 style=\"text-align: center;\"><strong>Le regrett\u00e9 M\u00e9tropolite Polyefktos d\u2019Allemagne et Exarque des Pays-Bas (1912-1988)<\/strong><\/h2>\n<p style=\"text-align: justify;\">Le regrett\u00e9 M\u00e9tropolite Polyefktos Finfinis naquit \u00e0 Constantinople en 1912 et fr\u00e9quenta l&#8217;Ecole de Th\u00e9ologie de Halki de 1928 \u00e0 1934. Au cours de sa derni\u00e8re ann\u00e9e \u00e0 Halki, il fut ordonn\u00e9 diacre par l&#8217;Ev\u00eaque Benjamin d&#8217;H\u00e9racl\u00e9e.<\/p>\n<p style=\"text-align: justify;\">Le 16 janvier 1937, il fut nomm\u00e9 sous-secr\u00e9taire du Saint et Sacr\u00e9 Synode du Patriarcat Oecum\u00e9nique. Le 20 mars 1938, il \u00e9tait ordonn\u00e9 pr\u00eatre en l&#8217;\u00e9glise de la Sainte Trinit\u00e9 \u00e0 Pera par le M\u00e9tropolite Germanos de Sardes.<\/p>\n<p style=\"text-align: justify;\">Apr\u00e8s son ordination, le P\u00e8re Polyefktos se\u00a0 rendit aux \u00c9tats-Unis et desservit un certain nombre de paroisses. Pendant quatre ans \u00e0 Perth Amboy, dans le New Jersey, avant de prendre en charge l&#8217;\u00e9glise St. Dimitrios d&#8217;Astoria, \u00e0 New York. Pendant qu&#8217;il \u00e9tait \u00e0 St. Dimitrios, le p. Polyefktos a enseign\u00e9 \u00e0 l&#8217;Institut de Th\u00e9ologie Sainte-Croix alors \u00e0 Pomfret, dans le Connecticut. De 1944 \u00e0 1955, il fut\u00a0 doyen de la Cath\u00e9drale de l&#8217;Annonciation \u00e0 San Francisco, en Californie. En plus de ses responsabilit\u00e9s r\u00e9guli\u00e8res \u00e0 la Cath\u00e9drale, il a anim\u00e9 un programme radiophonique pendant neuf ans, publi\u00e9 un p\u00e9riodique orthodoxe et fond\u00e9 un institut de Th\u00e9ologie Orthodoxe.<\/p>\n<p style=\"text-align: justify;\">Le 11 octobre 1955, le p\u00e8re Polyefktos \u00e9tait \u00e9lu Ev\u00eaque de Tropaios par le Saint et Sacr\u00e9 Synode du Patriarcat Oecum\u00e9nique et nomm\u00e9 Ev\u00eaque auxiliaire de l&#8217;Archev\u00eaque Michel d&#8217;Am\u00e9rique. Il a \u00e9t\u00e9 consacr\u00e9 le 3 novembre 1955 \u00e0 la cath\u00e9drale Saint Nicholas \u00e0 Pittsburgh, en Pennsylvanie par l&#8217;Archev\u00eaque Michel et les Ev\u00eaques Theodosios d&#8217;Efkarpia, Athenagoras d&#8217;Elaias et Ez\u00e9kiel de Nazianze, et nomm\u00e9 Ev\u00eaque auxiliaire du sixi\u00e8me district archidioc\u00e9sain \u00e0 Pittsburgh.<\/p>\n<p style=\"text-align: justify;\">En 1960, l&#8217;\u00e9v\u00eaque Polyefktos \u00e9tait \u00e9lev\u00e9 \u00e0 la dignit\u00e9 de M\u00e9tropolite et a ensuite \u00e9t\u00e9 transf\u00e9r\u00e9 en Am\u00e9rique du Sud, o\u00f9 il servit \u00a0jusqu&#8217;au d\u00e9but de 1963. Le 5 f\u00e9vrier 1963, le Saint Synode de Constantinople l&#8217;a \u00e9lu comme premier Ev\u00eaque de la M\u00e9tropole nouvellement cr\u00e9\u00e9e d\u2019Allemagne et Exarchat des Pays-Bas et du Danemark. En juin 1968, il est \u00e9lu M\u00e9tropolite d&#8217;H\u00e9liopolis et de Theira, puis en ao\u00fbt 1969, il est nomm\u00e9 premier M\u00e9tropolite de la nouvelle M\u00e9tropole de Su\u00e8de. En avril 1974, le M\u00e9tropolite Polyefktos est \u00e9lu M\u00e9tropolite d&#8217;Aneon. Il prit sa retraite et \u00e9tablit sa r\u00e9sidence \u00e0 Ath\u00e8nes. Il s\u2019endormit paisiblement le 1er f\u00e9vrier 1988.<\/p>\n","protected":false},"excerpt":{"rendered":"<p>Le regrett\u00e9 M\u00e9tropolite Polyefktos d\u2019Allemagne et Exarque des Pays-Bas (1912-1988) Le regrett\u00e9 M\u00e9tropolite Polyefktos Finfinis naquit \u00e0 Constantinople en 1912 et fr\u00e9quenta l&#8217;Ecole de Th\u00e9ologie de Halki de 1928 \u00e0 1934. Au cours de sa derni\u00e8re ann\u00e9e \u00e0 Halki, il fut ordonn\u00e9 diacre par l&#8217;Ev\u00eaque Benjamin d&#8217;H\u00e9racl\u00e9e. Le 16 janvier 1937, il fut nomm\u00e9 sous-secr\u00e9taire &hellip; <a href=\"https:\/\/orthodoxia.be\/fr\/le-metropolite-athenagoras-de-belgique\/predecesseurs\/le-metropolite-polyefktos-dallemagne-et-exarque-des-pays-bas-1912-1988\/\">Continued<\/a><\/p>\n","protected":false},"author":2,"featured_media":6664,"parent":10223,"menu_order":4,"comment_status":"closed","ping_status":"closed","template":"","meta":{"_acf_changed":false,"footnotes":""},"class_list":["post-5574","page","type-page","status-publish","has-post-thumbnail","hentry"],"acf":[],"yoast_head":"<!-- This site is optimized with the Yoast SEO plugin v24.3 - https:\/\/yoast.com\/wordpress\/plugins\/seo\/ -->\n<title>Le regrett\u00e9 M\u00e9tropolite Polyefktos d\u2019Allemagne et Exarque des Pays-Bas (1912-1988) - Archev\u00each\u00e9 Orthodoxe de Belgique<\/title>\n<meta name=\"robots\" content=\"index, follow, max-snippet:-1, max-image-preview:large, max-video-preview:-1\" \/>\n<link rel=\"canonical\" href=\"https:\/\/orthodoxia.be\/fr\/le-metropolite-athenagoras-de-belgique\/predecesseurs\/le-metropolite-polyefktos-dallemagne-et-exarque-des-pays-bas-1912-1988\/\" \/>\n<meta property=\"og:locale\" content=\"fr_FR\" \/>\n<meta property=\"og:type\" content=\"article\" \/>\n<meta property=\"og:title\" content=\"Le regrett\u00e9 M\u00e9tropolite Polyefktos d\u2019Allemagne et Exarque des Pays-Bas (1912-1988) - Archev\u00each\u00e9 Orthodoxe de Belgique\" \/>\n<meta property=\"og:description\" content=\"Le regrett\u00e9 M\u00e9tropolite Polyefktos d\u2019Allemagne et Exarque des Pays-Bas (1912-1988) Le regrett\u00e9 M\u00e9tropolite Polyefktos Finfinis naquit \u00e0 Constantinople en 1912 et fr\u00e9quenta l&#8217;Ecole de Th\u00e9ologie de Halki de 1928 \u00e0 1934. Au cours de sa derni\u00e8re ann\u00e9e \u00e0 Halki, il fut ordonn\u00e9 diacre par l&#8217;Ev\u00eaque Benjamin d&#8217;H\u00e9racl\u00e9e. Le 16 janvier 1937, il fut nomm\u00e9 sous-secr\u00e9taire &hellip; Continued\" \/>\n<meta property=\"og:url\" content=\"https:\/\/orthodoxia.be\/fr\/le-metropolite-athenagoras-de-belgique\/predecesseurs\/le-metropolite-polyefktos-dallemagne-et-exarque-des-pays-bas-1912-1988\/\" \/>\n<meta property=\"og:site_name\" content=\"Archev\u00each\u00e9 Orthodoxe de Belgique\" \/>\n<meta property=\"article:publisher\" content=\"https:\/\/www.facebook.com\/orthobel\" \/>\n<meta property=\"article:modified_time\" content=\"2019-01-07T16:52:56+00:00\" \/>\n<meta property=\"og:image\" content=\"https:\/\/orthodoxia.be\/wp-content\/uploads\/2018\/03\/Polyevktos-e1530010383328.jpg\" \/>\n\t<meta property=\"og:image:width\" content=\"612\" \/>\n\t<meta property=\"og:image:height\" content=\"750\" \/>\n\t<meta property=\"og:image:type\" content=\"image\/jpeg\" \/>\n<meta name=\"twitter:card\" content=\"summary_large_image\" \/>\n<meta name=\"twitter:site\" content=\"@orthobel\" \/>\n<meta name=\"twitter:label1\" content=\"Dur\u00e9e de lecture est.\" \/>\n\t<meta name=\"twitter:data1\" content=\"2 minutes\" \/>\n<script type=\"application\/ld+json\" class=\"yoast-schema-graph\">{\"@context\":\"https:\/\/schema.org\",\"@graph\":[{\"@type\":\"WebPage\",\"@id\":\"https:\/\/orthodoxia.be\/fr\/le-metropolite-athenagoras-de-belgique\/predecesseurs\/le-metropolite-polyefktos-dallemagne-et-exarque-des-pays-bas-1912-1988\/\",\"url\":\"https:\/\/orthodoxia.be\/fr\/le-metropolite-athenagoras-de-belgique\/predecesseurs\/le-metropolite-polyefktos-dallemagne-et-exarque-des-pays-bas-1912-1988\/\",\"name\":\"Le regrett\u00e9 M\u00e9tropolite Polyefktos d\u2019Allemagne et Exarque des Pays-Bas (1912-1988) - Archev\u00each\u00e9 Orthodoxe de Belgique\",\"isPartOf\":{\"@id\":\"https:\/\/orthodoxia.be\/#website\"},\"primaryImageOfPage\":{\"@id\":\"https:\/\/orthodoxia.be\/fr\/le-metropolite-athenagoras-de-belgique\/predecesseurs\/le-metropolite-polyefktos-dallemagne-et-exarque-des-pays-bas-1912-1988\/#primaryimage\"},\"image\":{\"@id\":\"https:\/\/orthodoxia.be\/fr\/le-metropolite-athenagoras-de-belgique\/predecesseurs\/le-metropolite-polyefktos-dallemagne-et-exarque-des-pays-bas-1912-1988\/#primaryimage\"},\"thumbnailUrl\":\"https:\/\/orthodoxia.be\/wp-content\/uploads\/2018\/03\/Polyevktos-e1530010383328.jpg\",\"datePublished\":\"2018-02-12T10:20:14+00:00\",\"dateModified\":\"2019-01-07T16:52:56+00:00\",\"breadcrumb\":{\"@id\":\"https:\/\/orthodoxia.be\/fr\/le-metropolite-athenagoras-de-belgique\/predecesseurs\/le-metropolite-polyefktos-dallemagne-et-exarque-des-pays-bas-1912-1988\/#breadcrumb\"},\"inLanguage\":\"fr-BE\",\"potentialAction\":[{\"@type\":\"ReadAction\",\"target\":[\"https:\/\/orthodoxia.be\/fr\/le-metropolite-athenagoras-de-belgique\/predecesseurs\/le-metropolite-polyefktos-dallemagne-et-exarque-des-pays-bas-1912-1988\/\"]}]},{\"@type\":\"ImageObject\",\"inLanguage\":\"fr-BE\",\"@id\":\"https:\/\/orthodoxia.be\/fr\/le-metropolite-athenagoras-de-belgique\/predecesseurs\/le-metropolite-polyefktos-dallemagne-et-exarque-des-pays-bas-1912-1988\/#primaryimage\",\"url\":\"https:\/\/orthodoxia.be\/wp-content\/uploads\/2018\/03\/Polyevktos-e1530010383328.jpg\",\"contentUrl\":\"https:\/\/orthodoxia.be\/wp-content\/uploads\/2018\/03\/Polyevktos-e1530010383328.jpg\",\"width\":612,\"height\":750},{\"@type\":\"BreadcrumbList\",\"@id\":\"https:\/\/orthodoxia.be\/fr\/le-metropolite-athenagoras-de-belgique\/predecesseurs\/le-metropolite-polyefktos-dallemagne-et-exarque-des-pays-bas-1912-1988\/#breadcrumb\",\"itemListElement\":[{\"@type\":\"ListItem\",\"position\":1,\"name\":\"Home\",\"item\":\"https:\/\/orthodoxia.be\/fr\/\"},{\"@type\":\"ListItem\",\"position\":2,\"name\":\"le M\u00e9tropolite Ath\u00e9nagoras de Belgique\",\"item\":\"https:\/\/orthodoxia.be\/fr\/le-metropolite-athenagoras-de-belgique\/\"},{\"@type\":\"ListItem\",\"position\":3,\"name\":\"Pr\u00e9decesseurs\",\"item\":\"https:\/\/orthodoxia.be\/fr\/le-metropolite-athenagoras-de-belgique\/predecesseurs\/\"},{\"@type\":\"ListItem\",\"position\":4,\"name\":\"Le regrett\u00e9 M\u00e9tropolite Polyefktos d\u2019Allemagne et Exarque des Pays-Bas (1912-1988)\"}]},{\"@type\":\"WebSite\",\"@id\":\"https:\/\/orthodoxia.be\/#website\",\"url\":\"https:\/\/orthodoxia.be\/\",\"name\":\"Orthodox Archdiocese of Belgium (Benelux)\",\"description\":\"Exarque des Pays-Bas et du Luxembourg\",\"publisher\":{\"@id\":\"https:\/\/orthodoxia.be\/#organization\"},\"alternateName\":\"IMB\",\"potentialAction\":[{\"@type\":\"SearchAction\",\"target\":{\"@type\":\"EntryPoint\",\"urlTemplate\":\"https:\/\/orthodoxia.be\/?s={search_term_string}\"},\"query-input\":{\"@type\":\"PropertyValueSpecification\",\"valueRequired\":true,\"valueName\":\"search_term_string\"}}],\"inLanguage\":\"fr-BE\"},{\"@type\":\"Organization\",\"@id\":\"https:\/\/orthodoxia.be\/#organization\",\"name\":\"Orthodox Archdiocese of Belgium (Benelux)\",\"url\":\"https:\/\/orthodoxia.be\/\",\"logo\":{\"@type\":\"ImageObject\",\"inLanguage\":\"fr-BE\",\"@id\":\"https:\/\/orthodoxia.be\/#\/schema\/logo\/image\/\",\"url\":\"https:\/\/orthodoxia.be\/wp-content\/uploads\/2024\/02\/cropped-IMB-logo-512-cl-1.png\",\"contentUrl\":\"https:\/\/orthodoxia.be\/wp-content\/uploads\/2024\/02\/cropped-IMB-logo-512-cl-1.png\",\"width\":512,\"height\":512,\"caption\":\"Orthodox Archdiocese of Belgium (Benelux)\"},\"image\":{\"@id\":\"https:\/\/orthodoxia.be\/#\/schema\/logo\/image\/\"},\"sameAs\":[\"https:\/\/www.facebook.com\/orthobel\",\"https:\/\/x.com\/orthobel\",\"https:\/\/www.youtube.com\/c\/orthobel\",\"https:\/\/www.mixcloud.com\/orthobel\/\",\"https:\/\/www.flickr.com\/photos\/148264890@N07\/albums\",\"https:\/\/www.dailymotion.com\/Orthobel\"]}]}<\/script>\n<!-- \/ Yoast SEO plugin. -->","yoast_head_json":{"title":"Le regrett\u00e9 M\u00e9tropolite Polyefktos d\u2019Allemagne et Exarque des Pays-Bas (1912-1988) - Archev\u00each\u00e9 Orthodoxe de Belgique","robots":{"index":"index","follow":"follow","max-snippet":"max-snippet:-1","max-image-preview":"max-image-preview:large","max-video-preview":"max-video-preview:-1"},"canonical":"https:\/\/orthodoxia.be\/fr\/le-metropolite-athenagoras-de-belgique\/predecesseurs\/le-metropolite-polyefktos-dallemagne-et-exarque-des-pays-bas-1912-1988\/","og_locale":"fr_FR","og_type":"article","og_title":"Le regrett\u00e9 M\u00e9tropolite Polyefktos d\u2019Allemagne et Exarque des Pays-Bas (1912-1988) - Archev\u00each\u00e9 Orthodoxe de Belgique","og_description":"Le regrett\u00e9 M\u00e9tropolite Polyefktos d\u2019Allemagne et Exarque des Pays-Bas (1912-1988) Le regrett\u00e9 M\u00e9tropolite Polyefktos Finfinis naquit \u00e0 Constantinople en 1912 et fr\u00e9quenta l&#8217;Ecole de Th\u00e9ologie de Halki de 1928 \u00e0 1934. Au cours de sa derni\u00e8re ann\u00e9e \u00e0 Halki, il fut ordonn\u00e9 diacre par l&#8217;Ev\u00eaque Benjamin d&#8217;H\u00e9racl\u00e9e. Le 16 janvier 1937, il fut nomm\u00e9 sous-secr\u00e9taire &hellip; Continued","og_url":"https:\/\/orthodoxia.be\/fr\/le-metropolite-athenagoras-de-belgique\/predecesseurs\/le-metropolite-polyefktos-dallemagne-et-exarque-des-pays-bas-1912-1988\/","og_site_name":"Archev\u00each\u00e9 Orthodoxe de Belgique","article_publisher":"https:\/\/www.facebook.com\/orthobel","article_modified_time":"2019-01-07T16:52:56+00:00","og_image":[{"width":612,"height":750,"url":"https:\/\/orthodoxia.be\/wp-content\/uploads\/2018\/03\/Polyevktos-e1530010383328.jpg","type":"image\/jpeg"}],"twitter_card":"summary_large_image","twitter_site":"@orthobel","twitter_misc":{"Dur\u00e9e de lecture est.":"2 minutes"},"schema":{"@context":"https:\/\/schema.org","@graph":[{"@type":"WebPage","@id":"https:\/\/orthodoxia.be\/fr\/le-metropolite-athenagoras-de-belgique\/predecesseurs\/le-metropolite-polyefktos-dallemagne-et-exarque-des-pays-bas-1912-1988\/","url":"https:\/\/orthodoxia.be\/fr\/le-metropolite-athenagoras-de-belgique\/predecesseurs\/le-metropolite-polyefktos-dallemagne-et-exarque-des-pays-bas-1912-1988\/","name":"Le regrett\u00e9 M\u00e9tropolite Polyefktos d\u2019Allemagne et Exarque des Pays-Bas (1912-1988) - Archev\u00each\u00e9 Orthodoxe de Belgique","isPartOf":{"@id":"https:\/\/orthodoxia.be\/#website"},"primaryImageOfPage":{"@id":"https:\/\/orthodoxia.be\/fr\/le-metropolite-athenagoras-de-belgique\/predecesseurs\/le-metropolite-polyefktos-dallemagne-et-exarque-des-pays-bas-1912-1988\/#primaryimage"},"image":{"@id":"https:\/\/orthodoxia.be\/fr\/le-metropolite-athenagoras-de-belgique\/predecesseurs\/le-metropolite-polyefktos-dallemagne-et-exarque-des-pays-bas-1912-1988\/#primaryimage"},"thumbnailUrl":"https:\/\/orthodoxia.be\/wp-content\/uploads\/2018\/03\/Polyevktos-e1530010383328.jpg","datePublished":"2018-02-12T10:20:14+00:00","dateModified":"2019-01-07T16:52:56+00:00","breadcrumb":{"@id":"https:\/\/orthodoxia.be\/fr\/le-metropolite-athenagoras-de-belgique\/predecesseurs\/le-metropolite-polyefktos-dallemagne-et-exarque-des-pays-bas-1912-1988\/#breadcrumb"},"inLanguage":"fr-BE","potentialAction":[{"@type":"ReadAction","target":["https:\/\/orthodoxia.be\/fr\/le-metropolite-athenagoras-de-belgique\/predecesseurs\/le-metropolite-polyefktos-dallemagne-et-exarque-des-pays-bas-1912-1988\/"]}]},{"@type":"ImageObject","inLanguage":"fr-BE","@id":"https:\/\/orthodoxia.be\/fr\/le-metropolite-athenagoras-de-belgique\/predecesseurs\/le-metropolite-polyefktos-dallemagne-et-exarque-des-pays-bas-1912-1988\/#primaryimage","url":"https:\/\/orthodoxia.be\/wp-content\/uploads\/2018\/03\/Polyevktos-e1530010383328.jpg","contentUrl":"https:\/\/orthodoxia.be\/wp-content\/uploads\/2018\/03\/Polyevktos-e1530010383328.jpg","width":612,"height":750},{"@type":"BreadcrumbList","@id":"https:\/\/orthodoxia.be\/fr\/le-metropolite-athenagoras-de-belgique\/predecesseurs\/le-metropolite-polyefktos-dallemagne-et-exarque-des-pays-bas-1912-1988\/#breadcrumb","itemListElement":[{"@type":"ListItem","position":1,"name":"Home","item":"https:\/\/orthodoxia.be\/fr\/"},{"@type":"ListItem","position":2,"name":"le M\u00e9tropolite Ath\u00e9nagoras de Belgique","item":"https:\/\/orthodoxia.be\/fr\/le-metropolite-athenagoras-de-belgique\/"},{"@type":"ListItem","position":3,"name":"Pr\u00e9decesseurs","item":"https:\/\/orthodoxia.be\/fr\/le-metropolite-athenagoras-de-belgique\/predecesseurs\/"},{"@type":"ListItem","position":4,"name":"Le regrett\u00e9 M\u00e9tropolite Polyefktos d\u2019Allemagne et Exarque des Pays-Bas (1912-1988)"}]},{"@type":"WebSite","@id":"https:\/\/orthodoxia.be\/#website","url":"https:\/\/orthodoxia.be\/","name":"Orthodox Archdiocese of Belgium (Benelux)","description":"Exarque des Pays-Bas et du Luxembourg","publisher":{"@id":"https:\/\/orthodoxia.be\/#organization"},"alternateName":"IMB","potentialAction":[{"@type":"SearchAction","target":{"@type":"EntryPoint","urlTemplate":"https:\/\/orthodoxia.be\/?s={search_term_string}"},"query-input":{"@type":"PropertyValueSpecification","valueRequired":true,"valueName":"search_term_string"}}],"inLanguage":"fr-BE"},{"@type":"Organization","@id":"https:\/\/orthodoxia.be\/#organization","name":"Orthodox Archdiocese of Belgium (Benelux)","url":"https:\/\/orthodoxia.be\/","logo":{"@type":"ImageObject","inLanguage":"fr-BE","@id":"https:\/\/orthodoxia.be\/#\/schema\/logo\/image\/","url":"https:\/\/orthodoxia.be\/wp-content\/uploads\/2024\/02\/cropped-IMB-logo-512-cl-1.png","contentUrl":"https:\/\/orthodoxia.be\/wp-content\/uploads\/2024\/02\/cropped-IMB-logo-512-cl-1.png","width":512,"height":512,"caption":"Orthodox Archdiocese of Belgium (Benelux)"},"image":{"@id":"https:\/\/orthodoxia.be\/#\/schema\/logo\/image\/"},"sameAs":["https:\/\/www.facebook.com\/orthobel","https:\/\/x.com\/orthobel","https:\/\/www.youtube.com\/c\/orthobel","https:\/\/www.mixcloud.com\/orthobel\/","https:\/\/www.flickr.com\/photos\/148264890@N07\/albums","https:\/\/www.dailymotion.com\/Orthobel"]}]}},"_links":{"self":[{"href":"https:\/\/orthodoxia.be\/fr\/wp-json\/wp\/v2\/pages\/5574","targetHints":{"allow":["GET"]}}],"collection":[{"href":"https:\/\/orthodoxia.be\/fr\/wp-json\/wp\/v2\/pages"}],"about":[{"href":"https:\/\/orthodoxia.be\/fr\/wp-json\/wp\/v2\/types\/page"}],"author":[{"embeddable":true,"href":"https:\/\/orthodoxia.be\/fr\/wp-json\/wp\/v2\/users\/2"}],"replies":[{"embeddable":true,"href":"https:\/\/orthodoxia.be\/fr\/wp-json\/wp\/v2\/comments?post=5574"}],"version-history":[{"count":5,"href":"https:\/\/orthodoxia.be\/fr\/wp-json\/wp\/v2\/pages\/5574\/revisions"}],"predecessor-version":[{"id":15607,"href":"https:\/\/orthodoxia.be\/fr\/wp-json\/wp\/v2\/pages\/5574\/revisions\/15607"}],"up":[{"embeddable":true,"href":"https:\/\/orthodoxia.be\/fr\/wp-json\/wp\/v2\/pages\/10223"}],"wp:featuredmedia":[{"embeddable":true,"href":"https:\/\/orthodoxia.be\/fr\/wp-json\/wp\/v2\/media\/6664"}],"wp:attachment":[{"href":"https:\/\/orthodoxia.be\/fr\/wp-json\/wp\/v2\/media?parent=5574"}],"curies":[{"name":"wp","href":"https:\/\/api.w.org\/{rel}","templated":true}]}}