{"id":5576,"date":"2018-02-12T11:23:37","date_gmt":"2018-02-12T11:23:37","guid":{"rendered":"http:\/\/new.orthodoxia.be\/?page_id=5576"},"modified":"2019-01-07T17:53:19","modified_gmt":"2019-01-07T16:53:19","slug":"le-metropolite-emilianos-de-belgique-1915-2011","status":"publish","type":"page","link":"https:\/\/orthodoxia.be\/fr\/le-metropolite-athenagoras-de-belgique\/predecesseurs\/le-metropolite-emilianos-de-belgique-1915-2011\/","title":{"rendered":"Le regrett\u00e9 M\u00e9tropolite Emilianos de Belgique (1915-2011)"},"content":{"rendered":"<h2 style=\"text-align: center;\"><strong>Le regrett\u00e9 M\u00e9tropolite Emilianos de Belgique (1915-2011)<\/strong><\/h2>\n<p style=\"text-align: justify;\">Le regrett\u00e9 M\u00e9tropolite Emilianos (Zacharopoulos) naquit le 12 avril 1915 \u00e0 Halki en Turquie. En 1936, il obtint un Master en Th\u00e9ologie \u00e0 l&#8217;Institut de Th\u00e9ologie de Halki. En 1937, le M\u00e9tropolite Emilianos de Philadelphie l\u2019ordonna au diaconat pour la paroisse des Saints Constantin et H\u00e9l\u00e8ne \u00e0 Constantinople. Il servit ensuite en tant que diacre au Patriarcat. En 1951, le Patriarche Oecum\u00e9nique Ath\u00e9nagoras le nomma Grand Vicaire du Patriarcat Oecum\u00e9nique et l&#8217;ordonna pr\u00eatre.<\/p>\n<p style=\"text-align: justify;\">En 1959, il est \u00e9lu M\u00e9tropolite de Selevkia par le Saint Synode du Patriarcat Oecum\u00e9nique. Sa cons\u00e9cration eut lieu le 12 juin 1959 par le Patriarche Ath\u00e9nagoras, assist\u00e9 par les Metropolites Thomas de Chalc\u00e9doine, Iakovos de Derka, Leontios de Theodoroupolis, Konstantinos d&#8217;Irinoupolis, Philotheos de Prikonisos et Iakovos de Philadelphie. Quelques ann\u00e9es plus tard, il devint membre du Saint Synode du Patriarcat jusqu&#8217;au 21 avril 1964, date \u00e0 laquelle il est exil\u00e9 de Turquie. Lorsque le Patriarcat cr\u00e9a la M\u00e9tropole de Belgique et l&#8217;Exarchat des Pays-Bas et du Luxembourg en 1969, il en fut \u00e9lu premier M\u00e9tropolite. Son intronisation eut lieu le 11 novembre 1969 dans la Cath\u00e9drale des Saints Archanges \u00e0 Bruxelles.<\/p>\n<p style=\"text-align: justify;\">Il jeta les bases de la nouvelle M\u00e9tropole de Belgique, comptant sur l\u2019\u00e9norme exp\u00e9rience qu&#8217;il avait engrang\u00e9e en tant que Grand Vicaire G\u00e9n\u00e9ral du Patriarcat Oecum\u00e9nique. Il fonda de nouvelles paroisses, acheta des maisons o\u00f9 installer des chapelles, et un b\u00e2timent pour h\u00e9berger l&#8217;\u00e9cole grecque. En Belgique, il a maintenu de bons contacts avec les autres \u00c9glises chr\u00e9tiennes, mais il a aussi tent\u00e9 d&#8217;obtenir une reconnaissance officielle de l&#8217;\u00c9glise orthodoxe, en collaborant avec des repr\u00e9sentants des diff\u00e9rentes juridictions orthodoxes. Pendant son s\u00e9jour en Belgique, il ordonna deux \u00e9v\u00eaques auxiliaires: en 1974, Mgr Panteleimon, Ev\u00eaque d&#8217;Apollonie (plus tard M\u00e9tropolite de Belgique) et en 1977 l&#8217;Ev\u00eaque Maximos d&#8217;Evmenia.<\/p>\n<p style=\"text-align: justify;\">En d\u00e9cembre 1982, il fut transf\u00e9r\u00e9 par le Saint Synode \u00e0 la M\u00e9tropole de Kos. En 2009, le M\u00e9tropolite Emilianos d\u00e9missionna en tant que M\u00e9tropolite de Kos et de Nisyros et se retira \u00e0 Ath\u00e8nes. Il s\u2019est endormi le 8 septembre 2011. Ses fun\u00e9railles eurent eu lieu en l&#8217;\u00e9glise Sainte Barbe \u00e0 Palaio Faliron, \u00e0 Ath\u00e8nes, le 10 septembre.<\/p>\n<p>[FAGP id=8023]<\/p>\n","protected":false},"excerpt":{"rendered":"<p>Le regrett\u00e9 M\u00e9tropolite Emilianos de Belgique (1915-2011) Le regrett\u00e9 M\u00e9tropolite Emilianos (Zacharopoulos) naquit le 12 avril 1915 \u00e0 Halki en Turquie. En 1936, il obtint un Master en Th\u00e9ologie \u00e0 l&#8217;Institut de Th\u00e9ologie de Halki. En 1937, le M\u00e9tropolite Emilianos de Philadelphie l\u2019ordonna au diaconat pour la paroisse des Saints Constantin et H\u00e9l\u00e8ne \u00e0 Constantinople. &hellip; <a href=\"https:\/\/orthodoxia.be\/fr\/le-metropolite-athenagoras-de-belgique\/predecesseurs\/le-metropolite-emilianos-de-belgique-1915-2011\/\">Continued<\/a><\/p>\n","protected":false},"author":2,"featured_media":791,"parent":10223,"menu_order":5,"comment_status":"closed","ping_status":"closed","template":"","meta":{"_acf_changed":false,"footnotes":""},"class_list":["post-5576","page","type-page","status-publish","has-post-thumbnail","hentry"],"acf":[],"yoast_head":"<!-- This site is optimized with the Yoast SEO plugin v24.3 - https:\/\/yoast.com\/wordpress\/plugins\/seo\/ -->\n<title>Le regrett\u00e9 M\u00e9tropolite Emilianos de Belgique (1915-2011) - Archev\u00each\u00e9 Orthodoxe de Belgique<\/title>\n<meta name=\"robots\" content=\"index, follow, max-snippet:-1, max-image-preview:large, max-video-preview:-1\" \/>\n<link rel=\"canonical\" href=\"https:\/\/orthodoxia.be\/fr\/le-metropolite-athenagoras-de-belgique\/predecesseurs\/le-metropolite-emilianos-de-belgique-1915-2011\/\" \/>\n<meta property=\"og:locale\" content=\"fr_FR\" \/>\n<meta property=\"og:type\" content=\"article\" \/>\n<meta property=\"og:title\" content=\"Le regrett\u00e9 M\u00e9tropolite Emilianos de Belgique (1915-2011) - Archev\u00each\u00e9 Orthodoxe de Belgique\" \/>\n<meta property=\"og:description\" content=\"Le regrett\u00e9 M\u00e9tropolite Emilianos de Belgique (1915-2011) Le regrett\u00e9 M\u00e9tropolite Emilianos (Zacharopoulos) naquit le 12 avril 1915 \u00e0 Halki en Turquie. En 1936, il obtint un Master en Th\u00e9ologie \u00e0 l&#8217;Institut de Th\u00e9ologie de Halki. En 1937, le M\u00e9tropolite Emilianos de Philadelphie l\u2019ordonna au diaconat pour la paroisse des Saints Constantin et H\u00e9l\u00e8ne \u00e0 Constantinople. &hellip; Continued\" \/>\n<meta property=\"og:url\" content=\"https:\/\/orthodoxia.be\/fr\/le-metropolite-athenagoras-de-belgique\/predecesseurs\/le-metropolite-emilianos-de-belgique-1915-2011\/\" \/>\n<meta property=\"og:site_name\" content=\"Archev\u00each\u00e9 Orthodoxe de Belgique\" \/>\n<meta property=\"article:publisher\" content=\"https:\/\/www.facebook.com\/orthobel\" \/>\n<meta property=\"article:modified_time\" content=\"2019-01-07T16:53:19+00:00\" \/>\n<meta property=\"og:image\" content=\"https:\/\/orthodoxia.be\/wp-content\/uploads\/2017\/10\/Emilianos-of-Kos-e1529493493573.jpg\" \/>\n\t<meta property=\"og:image:width\" content=\"531\" \/>\n\t<meta property=\"og:image:height\" content=\"750\" \/>\n\t<meta property=\"og:image:type\" content=\"image\/jpeg\" \/>\n<meta name=\"twitter:card\" content=\"summary_large_image\" \/>\n<meta name=\"twitter:site\" content=\"@orthobel\" \/>\n<meta name=\"twitter:label1\" content=\"Dur\u00e9e de lecture est.\" \/>\n\t<meta name=\"twitter:data1\" content=\"2 minutes\" \/>\n<script type=\"application\/ld+json\" class=\"yoast-schema-graph\">{\"@context\":\"https:\/\/schema.org\",\"@graph\":[{\"@type\":\"WebPage\",\"@id\":\"https:\/\/orthodoxia.be\/fr\/le-metropolite-athenagoras-de-belgique\/predecesseurs\/le-metropolite-emilianos-de-belgique-1915-2011\/\",\"url\":\"https:\/\/orthodoxia.be\/fr\/le-metropolite-athenagoras-de-belgique\/predecesseurs\/le-metropolite-emilianos-de-belgique-1915-2011\/\",\"name\":\"Le regrett\u00e9 M\u00e9tropolite Emilianos de Belgique (1915-2011) - Archev\u00each\u00e9 Orthodoxe de Belgique\",\"isPartOf\":{\"@id\":\"https:\/\/orthodoxia.be\/#website\"},\"primaryImageOfPage\":{\"@id\":\"https:\/\/orthodoxia.be\/fr\/le-metropolite-athenagoras-de-belgique\/predecesseurs\/le-metropolite-emilianos-de-belgique-1915-2011\/#primaryimage\"},\"image\":{\"@id\":\"https:\/\/orthodoxia.be\/fr\/le-metropolite-athenagoras-de-belgique\/predecesseurs\/le-metropolite-emilianos-de-belgique-1915-2011\/#primaryimage\"},\"thumbnailUrl\":\"https:\/\/orthodoxia.be\/wp-content\/uploads\/2017\/10\/Emilianos-of-Kos-e1529493493573.jpg\",\"datePublished\":\"2018-02-12T11:23:37+00:00\",\"dateModified\":\"2019-01-07T16:53:19+00:00\",\"breadcrumb\":{\"@id\":\"https:\/\/orthodoxia.be\/fr\/le-metropolite-athenagoras-de-belgique\/predecesseurs\/le-metropolite-emilianos-de-belgique-1915-2011\/#breadcrumb\"},\"inLanguage\":\"fr-BE\",\"potentialAction\":[{\"@type\":\"ReadAction\",\"target\":[\"https:\/\/orthodoxia.be\/fr\/le-metropolite-athenagoras-de-belgique\/predecesseurs\/le-metropolite-emilianos-de-belgique-1915-2011\/\"]}]},{\"@type\":\"ImageObject\",\"inLanguage\":\"fr-BE\",\"@id\":\"https:\/\/orthodoxia.be\/fr\/le-metropolite-athenagoras-de-belgique\/predecesseurs\/le-metropolite-emilianos-de-belgique-1915-2011\/#primaryimage\",\"url\":\"https:\/\/orthodoxia.be\/wp-content\/uploads\/2017\/10\/Emilianos-of-Kos-e1529493493573.jpg\",\"contentUrl\":\"https:\/\/orthodoxia.be\/wp-content\/uploads\/2017\/10\/Emilianos-of-Kos-e1529493493573.jpg\",\"width\":531,\"height\":750},{\"@type\":\"BreadcrumbList\",\"@id\":\"https:\/\/orthodoxia.be\/fr\/le-metropolite-athenagoras-de-belgique\/predecesseurs\/le-metropolite-emilianos-de-belgique-1915-2011\/#breadcrumb\",\"itemListElement\":[{\"@type\":\"ListItem\",\"position\":1,\"name\":\"Home\",\"item\":\"https:\/\/orthodoxia.be\/fr\/\"},{\"@type\":\"ListItem\",\"position\":2,\"name\":\"le M\u00e9tropolite Ath\u00e9nagoras de Belgique\",\"item\":\"https:\/\/orthodoxia.be\/fr\/le-metropolite-athenagoras-de-belgique\/\"},{\"@type\":\"ListItem\",\"position\":3,\"name\":\"Pr\u00e9decesseurs\",\"item\":\"https:\/\/orthodoxia.be\/fr\/le-metropolite-athenagoras-de-belgique\/predecesseurs\/\"},{\"@type\":\"ListItem\",\"position\":4,\"name\":\"Le regrett\u00e9 M\u00e9tropolite Emilianos de Belgique (1915-2011)\"}]},{\"@type\":\"WebSite\",\"@id\":\"https:\/\/orthodoxia.be\/#website\",\"url\":\"https:\/\/orthodoxia.be\/\",\"name\":\"Orthodox Archdiocese of Belgium (Benelux)\",\"description\":\"Exarque des Pays-Bas et du Luxembourg\",\"publisher\":{\"@id\":\"https:\/\/orthodoxia.be\/#organization\"},\"alternateName\":\"IMB\",\"potentialAction\":[{\"@type\":\"SearchAction\",\"target\":{\"@type\":\"EntryPoint\",\"urlTemplate\":\"https:\/\/orthodoxia.be\/?s={search_term_string}\"},\"query-input\":{\"@type\":\"PropertyValueSpecification\",\"valueRequired\":true,\"valueName\":\"search_term_string\"}}],\"inLanguage\":\"fr-BE\"},{\"@type\":\"Organization\",\"@id\":\"https:\/\/orthodoxia.be\/#organization\",\"name\":\"Orthodox Archdiocese of Belgium (Benelux)\",\"url\":\"https:\/\/orthodoxia.be\/\",\"logo\":{\"@type\":\"ImageObject\",\"inLanguage\":\"fr-BE\",\"@id\":\"https:\/\/orthodoxia.be\/#\/schema\/logo\/image\/\",\"url\":\"https:\/\/orthodoxia.be\/wp-content\/uploads\/2024\/02\/cropped-IMB-logo-512-cl-1.png\",\"contentUrl\":\"https:\/\/orthodoxia.be\/wp-content\/uploads\/2024\/02\/cropped-IMB-logo-512-cl-1.png\",\"width\":512,\"height\":512,\"caption\":\"Orthodox Archdiocese of Belgium (Benelux)\"},\"image\":{\"@id\":\"https:\/\/orthodoxia.be\/#\/schema\/logo\/image\/\"},\"sameAs\":[\"https:\/\/www.facebook.com\/orthobel\",\"https:\/\/x.com\/orthobel\",\"https:\/\/www.youtube.com\/c\/orthobel\",\"https:\/\/www.mixcloud.com\/orthobel\/\",\"https:\/\/www.flickr.com\/photos\/148264890@N07\/albums\",\"https:\/\/www.dailymotion.com\/Orthobel\"]}]}<\/script>\n<!-- \/ Yoast SEO plugin. -->","yoast_head_json":{"title":"Le regrett\u00e9 M\u00e9tropolite Emilianos de Belgique (1915-2011) - Archev\u00each\u00e9 Orthodoxe de Belgique","robots":{"index":"index","follow":"follow","max-snippet":"max-snippet:-1","max-image-preview":"max-image-preview:large","max-video-preview":"max-video-preview:-1"},"canonical":"https:\/\/orthodoxia.be\/fr\/le-metropolite-athenagoras-de-belgique\/predecesseurs\/le-metropolite-emilianos-de-belgique-1915-2011\/","og_locale":"fr_FR","og_type":"article","og_title":"Le regrett\u00e9 M\u00e9tropolite Emilianos de Belgique (1915-2011) - Archev\u00each\u00e9 Orthodoxe de Belgique","og_description":"Le regrett\u00e9 M\u00e9tropolite Emilianos de Belgique (1915-2011) Le regrett\u00e9 M\u00e9tropolite Emilianos (Zacharopoulos) naquit le 12 avril 1915 \u00e0 Halki en Turquie. En 1936, il obtint un Master en Th\u00e9ologie \u00e0 l&#8217;Institut de Th\u00e9ologie de Halki. En 1937, le M\u00e9tropolite Emilianos de Philadelphie l\u2019ordonna au diaconat pour la paroisse des Saints Constantin et H\u00e9l\u00e8ne \u00e0 Constantinople. &hellip; Continued","og_url":"https:\/\/orthodoxia.be\/fr\/le-metropolite-athenagoras-de-belgique\/predecesseurs\/le-metropolite-emilianos-de-belgique-1915-2011\/","og_site_name":"Archev\u00each\u00e9 Orthodoxe de Belgique","article_publisher":"https:\/\/www.facebook.com\/orthobel","article_modified_time":"2019-01-07T16:53:19+00:00","og_image":[{"width":531,"height":750,"url":"https:\/\/orthodoxia.be\/wp-content\/uploads\/2017\/10\/Emilianos-of-Kos-e1529493493573.jpg","type":"image\/jpeg"}],"twitter_card":"summary_large_image","twitter_site":"@orthobel","twitter_misc":{"Dur\u00e9e de lecture est.":"2 minutes"},"schema":{"@context":"https:\/\/schema.org","@graph":[{"@type":"WebPage","@id":"https:\/\/orthodoxia.be\/fr\/le-metropolite-athenagoras-de-belgique\/predecesseurs\/le-metropolite-emilianos-de-belgique-1915-2011\/","url":"https:\/\/orthodoxia.be\/fr\/le-metropolite-athenagoras-de-belgique\/predecesseurs\/le-metropolite-emilianos-de-belgique-1915-2011\/","name":"Le regrett\u00e9 M\u00e9tropolite Emilianos de Belgique (1915-2011) - Archev\u00each\u00e9 Orthodoxe de Belgique","isPartOf":{"@id":"https:\/\/orthodoxia.be\/#website"},"primaryImageOfPage":{"@id":"https:\/\/orthodoxia.be\/fr\/le-metropolite-athenagoras-de-belgique\/predecesseurs\/le-metropolite-emilianos-de-belgique-1915-2011\/#primaryimage"},"image":{"@id":"https:\/\/orthodoxia.be\/fr\/le-metropolite-athenagoras-de-belgique\/predecesseurs\/le-metropolite-emilianos-de-belgique-1915-2011\/#primaryimage"},"thumbnailUrl":"https:\/\/orthodoxia.be\/wp-content\/uploads\/2017\/10\/Emilianos-of-Kos-e1529493493573.jpg","datePublished":"2018-02-12T11:23:37+00:00","dateModified":"2019-01-07T16:53:19+00:00","breadcrumb":{"@id":"https:\/\/orthodoxia.be\/fr\/le-metropolite-athenagoras-de-belgique\/predecesseurs\/le-metropolite-emilianos-de-belgique-1915-2011\/#breadcrumb"},"inLanguage":"fr-BE","potentialAction":[{"@type":"ReadAction","target":["https:\/\/orthodoxia.be\/fr\/le-metropolite-athenagoras-de-belgique\/predecesseurs\/le-metropolite-emilianos-de-belgique-1915-2011\/"]}]},{"@type":"ImageObject","inLanguage":"fr-BE","@id":"https:\/\/orthodoxia.be\/fr\/le-metropolite-athenagoras-de-belgique\/predecesseurs\/le-metropolite-emilianos-de-belgique-1915-2011\/#primaryimage","url":"https:\/\/orthodoxia.be\/wp-content\/uploads\/2017\/10\/Emilianos-of-Kos-e1529493493573.jpg","contentUrl":"https:\/\/orthodoxia.be\/wp-content\/uploads\/2017\/10\/Emilianos-of-Kos-e1529493493573.jpg","width":531,"height":750},{"@type":"BreadcrumbList","@id":"https:\/\/orthodoxia.be\/fr\/le-metropolite-athenagoras-de-belgique\/predecesseurs\/le-metropolite-emilianos-de-belgique-1915-2011\/#breadcrumb","itemListElement":[{"@type":"ListItem","position":1,"name":"Home","item":"https:\/\/orthodoxia.be\/fr\/"},{"@type":"ListItem","position":2,"name":"le M\u00e9tropolite Ath\u00e9nagoras de Belgique","item":"https:\/\/orthodoxia.be\/fr\/le-metropolite-athenagoras-de-belgique\/"},{"@type":"ListItem","position":3,"name":"Pr\u00e9decesseurs","item":"https:\/\/orthodoxia.be\/fr\/le-metropolite-athenagoras-de-belgique\/predecesseurs\/"},{"@type":"ListItem","position":4,"name":"Le regrett\u00e9 M\u00e9tropolite Emilianos de Belgique (1915-2011)"}]},{"@type":"WebSite","@id":"https:\/\/orthodoxia.be\/#website","url":"https:\/\/orthodoxia.be\/","name":"Orthodox Archdiocese of Belgium (Benelux)","description":"Exarque des Pays-Bas et du Luxembourg","publisher":{"@id":"https:\/\/orthodoxia.be\/#organization"},"alternateName":"IMB","potentialAction":[{"@type":"SearchAction","target":{"@type":"EntryPoint","urlTemplate":"https:\/\/orthodoxia.be\/?s={search_term_string}"},"query-input":{"@type":"PropertyValueSpecification","valueRequired":true,"valueName":"search_term_string"}}],"inLanguage":"fr-BE"},{"@type":"Organization","@id":"https:\/\/orthodoxia.be\/#organization","name":"Orthodox Archdiocese of Belgium (Benelux)","url":"https:\/\/orthodoxia.be\/","logo":{"@type":"ImageObject","inLanguage":"fr-BE","@id":"https:\/\/orthodoxia.be\/#\/schema\/logo\/image\/","url":"https:\/\/orthodoxia.be\/wp-content\/uploads\/2024\/02\/cropped-IMB-logo-512-cl-1.png","contentUrl":"https:\/\/orthodoxia.be\/wp-content\/uploads\/2024\/02\/cropped-IMB-logo-512-cl-1.png","width":512,"height":512,"caption":"Orthodox Archdiocese of Belgium (Benelux)"},"image":{"@id":"https:\/\/orthodoxia.be\/#\/schema\/logo\/image\/"},"sameAs":["https:\/\/www.facebook.com\/orthobel","https:\/\/x.com\/orthobel","https:\/\/www.youtube.com\/c\/orthobel","https:\/\/www.mixcloud.com\/orthobel\/","https:\/\/www.flickr.com\/photos\/148264890@N07\/albums","https:\/\/www.dailymotion.com\/Orthobel"]}]}},"_links":{"self":[{"href":"https:\/\/orthodoxia.be\/fr\/wp-json\/wp\/v2\/pages\/5576","targetHints":{"allow":["GET"]}}],"collection":[{"href":"https:\/\/orthodoxia.be\/fr\/wp-json\/wp\/v2\/pages"}],"about":[{"href":"https:\/\/orthodoxia.be\/fr\/wp-json\/wp\/v2\/types\/page"}],"author":[{"embeddable":true,"href":"https:\/\/orthodoxia.be\/fr\/wp-json\/wp\/v2\/users\/2"}],"replies":[{"embeddable":true,"href":"https:\/\/orthodoxia.be\/fr\/wp-json\/wp\/v2\/comments?post=5576"}],"version-history":[{"count":6,"href":"https:\/\/orthodoxia.be\/fr\/wp-json\/wp\/v2\/pages\/5576\/revisions"}],"predecessor-version":[{"id":15609,"href":"https:\/\/orthodoxia.be\/fr\/wp-json\/wp\/v2\/pages\/5576\/revisions\/15609"}],"up":[{"embeddable":true,"href":"https:\/\/orthodoxia.be\/fr\/wp-json\/wp\/v2\/pages\/10223"}],"wp:featuredmedia":[{"embeddable":true,"href":"https:\/\/orthodoxia.be\/fr\/wp-json\/wp\/v2\/media\/791"}],"wp:attachment":[{"href":"https:\/\/orthodoxia.be\/fr\/wp-json\/wp\/v2\/media?parent=5576"}],"curies":[{"name":"wp","href":"https:\/\/api.w.org\/{rel}","templated":true}]}}