{"id":5639,"date":"2018-02-16T13:32:27","date_gmt":"2018-02-16T12:32:27","guid":{"rendered":"http:\/\/new.orthodoxia.be\/?page_id=5639"},"modified":"2018-02-16T13:34:32","modified_gmt":"2018-02-16T13:34:32","slug":"introduction-archeveche-bienvenu","status":"publish","type":"page","link":"https:\/\/orthodoxia.be\/fr\/introduction-archeveche-bienvenu\/","title":{"rendered":"Introduction Archev\u00each\u00e9 (bienvenu)"},"content":{"rendered":"<p style=\"text-align: justify;\">Vous vous trouvez sur le site de l&#8217;Archev\u00each\u00e9 Orthodoxe de Belgique et Exarchat des Pays-Bas et du Luxembourg qui a \u00e9t\u00e9 cr\u00e9\u00e9 en 1969 et fait partie de la juridiction imm\u00e9diate du Patriarcat \u0152cum\u00e9nique.<\/p>\n<p style=\"text-align: justify;\">Les premi\u00e8res traces d&#8217;une pr\u00e9sence orthodoxe permanente dans le Benelux remontent au 18\u00e8me si\u00e8cle, lorsque &#8211; avec la b\u00e9n\u00e9diction du Patriarcat \u0153cum\u00e9nique &#8211; des marchands grecs fond\u00e8rent une paroisse \u00e0 Amsterdam d\u00e9di\u00e9e \u00e0 Sainte Catherine. En Belgique, nous trouvons une premi\u00e8re paroisse \u00e0 Anvers, fond\u00e9e en 1900 pour les marins grecs.<\/p>\n<p style=\"text-align: justify;\">Aujourd&#8217;hui, l&#8217;Archev\u00each\u00e9 compte 38 paroisses et un monast\u00e8re de moniales, r\u00e9partis sur les trois pays du Benelux et desservis par un peu plus de 50 clercs.<\/p>\n<p style=\"text-align: justify;\">En 1985, l&#8217;\u00c9glise Orthodoxe en Belgique a \u00e9t\u00e9 officiellement reconnue. Un Arr\u00eat\u00e9 Royal de 1988 stipule que <em>\u00able M\u00e9tropolite-Archev\u00eaque du Patriarcat \u0152cum\u00e9nique de Constantinople est le repr\u00e9sentant de l&#8217;ensemble de l&#8217;\u00c9glise Orthodoxe\u00bb<\/em>. Depuis 1997, le M\u00e9tropolite de Belgique et Exarque des Pays-Bas et du Luxembourg est \u00e9galement le repr\u00e9sentant de l&#8217;\u00c9glise Orthodoxe au Luxembourg.<\/p>\n<p style=\"text-align: justify;\">En plus d&#8217;un travail purement pastoral et spirituel, l&#8217;Archev\u00each\u00e9 se consacre de plus en plus \u00e0 une activit\u00e9 sociale et missionnaire, avec un int\u00e9r\u00eat particulier pour la jeune g\u00e9n\u00e9ration, la visite aux fid\u00e8les \u00e0 la maison, dans les h\u00f4pitaux et dans les prisons. L&#8217;Institut de Th\u00e9ologie Orthodoxe Ap\u00f4tre Paul veut introduire davantage les croyants dans la richesse des diverses facettes de l&#8217;enseignement th\u00e9ologique et cat\u00e9ch\u00e9tique. L&#8217;Institut de Th\u00e9ologie s\u2019efforce \u00e9galement de la formation des futurs enseignants de religion orthodoxe dans les \u00e9coles officielles, en Flandre, \u00e0 Bruxelles et en Wallonie.<\/p>\n<p style=\"text-align: justify;\">Le M\u00e9tropolite de Belgique et Exarque des Pays-Bas et du Luxembourg n&#8217;est pas seulement le chef de culte de l&#8217;\u00c9glise Orthodoxe en Belgique et au Luxembourg; il est \u00e9galement le pr\u00e9sident de la <em>\u00abConf\u00e9rence Episcopale Orthodoxe du Benelux\u00bb<\/em>, cr\u00e9\u00e9e en 2010 suite \u00e0 une d\u00e9cision de la IVe Conf\u00e9rence Pr\u00e9conciliaire Panorthodoxe tenue \u00e0 Chamb\u00e9sy en 2009.<\/p>\n<p style=\"text-align: justify;\">Dans la lign\u00e9e de l&#8217;Eglise M\u00e8re de Constantinople, l&#8217;Archev\u00each\u00e9 et l&#8217;Exarchat participe activement aux activit\u00e9s \u0153cum\u00e9niques et interreligieuses dans les trois pays, au niveau national, r\u00e9gional et local.<\/p>\n<p style=\"text-align: justify;\">N&#8217;h\u00e9sitez pas \u00e0 nous contacter pour toute autre information.<\/p>\n","protected":false},"excerpt":{"rendered":"<p>Vous vous trouvez sur le site de l&#8217;Archev\u00each\u00e9 Orthodoxe de Belgique et Exarchat des Pays-Bas et du Luxembourg qui a \u00e9t\u00e9 cr\u00e9\u00e9 en 1969 et fait partie de la juridiction imm\u00e9diate du Patriarcat \u0152cum\u00e9nique. Les premi\u00e8res traces d&#8217;une pr\u00e9sence orthodoxe permanente dans le Benelux remontent au 18\u00e8me si\u00e8cle, lorsque &#8211; avec la b\u00e9n\u00e9diction du Patriarcat &hellip; <a href=\"https:\/\/orthodoxia.be\/fr\/introduction-archeveche-bienvenu\/\">Continued<\/a><\/p>\n","protected":false},"author":2,"featured_media":150,"parent":0,"menu_order":0,"comment_status":"closed","ping_status":"closed","template":"","meta":{"_acf_changed":false,"footnotes":""},"class_list":["post-5639","page","type-page","status-publish","has-post-thumbnail","hentry"],"acf":[],"yoast_head":"<!-- This site is optimized with the Yoast SEO plugin v24.3 - https:\/\/yoast.com\/wordpress\/plugins\/seo\/ -->\n<title>Introduction Archev\u00each\u00e9 (bienvenu) - Archev\u00each\u00e9 Orthodoxe de Belgique<\/title>\n<meta name=\"robots\" content=\"index, follow, max-snippet:-1, max-image-preview:large, max-video-preview:-1\" \/>\n<link rel=\"canonical\" href=\"https:\/\/orthodoxia.be\/\u03b5\u1f30\u03c3\u03b1\u03b3\u03c9\u03b3\u03ae\/\" \/>\n<meta property=\"og:locale\" content=\"fr_FR\" \/>\n<meta property=\"og:type\" content=\"article\" \/>\n<meta property=\"og:title\" content=\"Introduction Archev\u00each\u00e9 (bienvenu) - Archev\u00each\u00e9 Orthodoxe de Belgique\" \/>\n<meta property=\"og:description\" content=\"Vous vous trouvez sur le site de l&#8217;Archev\u00each\u00e9 Orthodoxe de Belgique et Exarchat des Pays-Bas et du Luxembourg qui a \u00e9t\u00e9 cr\u00e9\u00e9 en 1969 et fait partie de la juridiction imm\u00e9diate du Patriarcat \u0152cum\u00e9nique. Les premi\u00e8res traces d&#8217;une pr\u00e9sence orthodoxe permanente dans le Benelux remontent au 18\u00e8me si\u00e8cle, lorsque &#8211; avec la b\u00e9n\u00e9diction du Patriarcat &hellip; Continued\" \/>\n<meta property=\"og:url\" content=\"https:\/\/orthodoxia.be\/\u03b5\u1f30\u03c3\u03b1\u03b3\u03c9\u03b3\u03ae\/\" \/>\n<meta property=\"og:site_name\" content=\"Archev\u00each\u00e9 Orthodoxe de Belgique\" \/>\n<meta property=\"article:publisher\" content=\"https:\/\/www.facebook.com\/orthobel\" \/>\n<meta property=\"article:modified_time\" content=\"2018-02-16T13:34:32+00:00\" \/>\n<meta property=\"og:image\" content=\"https:\/\/orthodoxia.be\/wp-content\/uploads\/2017\/09\/cropped-logo-benelux-tr-fc.png\" \/>\n\t<meta property=\"og:image:width\" content=\"512\" \/>\n\t<meta property=\"og:image:height\" content=\"512\" \/>\n\t<meta property=\"og:image:type\" content=\"image\/png\" \/>\n<meta name=\"twitter:card\" content=\"summary_large_image\" \/>\n<meta name=\"twitter:site\" content=\"@orthobel\" \/>\n<meta name=\"twitter:label1\" content=\"Dur\u00e9e de lecture est.\" \/>\n\t<meta name=\"twitter:data1\" content=\"2 minutes\" \/>\n<script type=\"application\/ld+json\" class=\"yoast-schema-graph\">{\"@context\":\"https:\/\/schema.org\",\"@graph\":[{\"@type\":\"WebPage\",\"@id\":\"https:\/\/orthodoxia.be\/%ce%b5%e1%bc%b0%cf%83%ce%b1%ce%b3%cf%89%ce%b3%ce%ae\/\",\"url\":\"https:\/\/orthodoxia.be\/%ce%b5%e1%bc%b0%cf%83%ce%b1%ce%b3%cf%89%ce%b3%ce%ae\/\",\"name\":\"Introduction Archev\u00each\u00e9 (bienvenu) - Archev\u00each\u00e9 Orthodoxe de Belgique\",\"isPartOf\":{\"@id\":\"https:\/\/orthodoxia.be\/#website\"},\"primaryImageOfPage\":{\"@id\":\"https:\/\/orthodoxia.be\/%ce%b5%e1%bc%b0%cf%83%ce%b1%ce%b3%cf%89%ce%b3%ce%ae\/#primaryimage\"},\"image\":{\"@id\":\"https:\/\/orthodoxia.be\/%ce%b5%e1%bc%b0%cf%83%ce%b1%ce%b3%cf%89%ce%b3%ce%ae\/#primaryimage\"},\"thumbnailUrl\":\"https:\/\/orthodoxia.be\/wp-content\/uploads\/2017\/09\/cropped-logo-benelux-tr-fc.png\",\"datePublished\":\"2018-02-16T12:32:27+00:00\",\"dateModified\":\"2018-02-16T13:34:32+00:00\",\"breadcrumb\":{\"@id\":\"https:\/\/orthodoxia.be\/%ce%b5%e1%bc%b0%cf%83%ce%b1%ce%b3%cf%89%ce%b3%ce%ae\/#breadcrumb\"},\"inLanguage\":\"fr-BE\",\"potentialAction\":[{\"@type\":\"ReadAction\",\"target\":[\"https:\/\/orthodoxia.be\/%ce%b5%e1%bc%b0%cf%83%ce%b1%ce%b3%cf%89%ce%b3%ce%ae\/\"]}]},{\"@type\":\"ImageObject\",\"inLanguage\":\"fr-BE\",\"@id\":\"https:\/\/orthodoxia.be\/%ce%b5%e1%bc%b0%cf%83%ce%b1%ce%b3%cf%89%ce%b3%ce%ae\/#primaryimage\",\"url\":\"https:\/\/orthodoxia.be\/wp-content\/uploads\/2017\/09\/cropped-logo-benelux-tr-fc.png\",\"contentUrl\":\"https:\/\/orthodoxia.be\/wp-content\/uploads\/2017\/09\/cropped-logo-benelux-tr-fc.png\",\"width\":512,\"height\":512},{\"@type\":\"BreadcrumbList\",\"@id\":\"https:\/\/orthodoxia.be\/%ce%b5%e1%bc%b0%cf%83%ce%b1%ce%b3%cf%89%ce%b3%ce%ae\/#breadcrumb\",\"itemListElement\":[{\"@type\":\"ListItem\",\"position\":1,\"name\":\"Home\",\"item\":\"https:\/\/orthodoxia.be\/fr\/\"},{\"@type\":\"ListItem\",\"position\":2,\"name\":\"Introduction Archev\u00each\u00e9 (bienvenu)\"}]},{\"@type\":\"WebSite\",\"@id\":\"https:\/\/orthodoxia.be\/#website\",\"url\":\"https:\/\/orthodoxia.be\/\",\"name\":\"Orthodox Archdiocese of Belgium (Benelux)\",\"description\":\"Exarque des Pays-Bas et du Luxembourg\",\"publisher\":{\"@id\":\"https:\/\/orthodoxia.be\/#organization\"},\"alternateName\":\"IMB\",\"potentialAction\":[{\"@type\":\"SearchAction\",\"target\":{\"@type\":\"EntryPoint\",\"urlTemplate\":\"https:\/\/orthodoxia.be\/?s={search_term_string}\"},\"query-input\":{\"@type\":\"PropertyValueSpecification\",\"valueRequired\":true,\"valueName\":\"search_term_string\"}}],\"inLanguage\":\"fr-BE\"},{\"@type\":\"Organization\",\"@id\":\"https:\/\/orthodoxia.be\/#organization\",\"name\":\"Orthodox Archdiocese of Belgium (Benelux)\",\"url\":\"https:\/\/orthodoxia.be\/\",\"logo\":{\"@type\":\"ImageObject\",\"inLanguage\":\"fr-BE\",\"@id\":\"https:\/\/orthodoxia.be\/#\/schema\/logo\/image\/\",\"url\":\"https:\/\/orthodoxia.be\/wp-content\/uploads\/2024\/02\/cropped-IMB-logo-512-cl-1.png\",\"contentUrl\":\"https:\/\/orthodoxia.be\/wp-content\/uploads\/2024\/02\/cropped-IMB-logo-512-cl-1.png\",\"width\":512,\"height\":512,\"caption\":\"Orthodox Archdiocese of Belgium (Benelux)\"},\"image\":{\"@id\":\"https:\/\/orthodoxia.be\/#\/schema\/logo\/image\/\"},\"sameAs\":[\"https:\/\/www.facebook.com\/orthobel\",\"https:\/\/x.com\/orthobel\",\"https:\/\/www.youtube.com\/c\/orthobel\",\"https:\/\/www.mixcloud.com\/orthobel\/\",\"https:\/\/www.flickr.com\/photos\/148264890@N07\/albums\",\"https:\/\/www.dailymotion.com\/Orthobel\"]}]}<\/script>\n<!-- \/ Yoast SEO plugin. -->","yoast_head_json":{"title":"Introduction Archev\u00each\u00e9 (bienvenu) - Archev\u00each\u00e9 Orthodoxe de Belgique","robots":{"index":"index","follow":"follow","max-snippet":"max-snippet:-1","max-image-preview":"max-image-preview:large","max-video-preview":"max-video-preview:-1"},"canonical":"https:\/\/orthodoxia.be\/\u03b5\u1f30\u03c3\u03b1\u03b3\u03c9\u03b3\u03ae\/","og_locale":"fr_FR","og_type":"article","og_title":"Introduction Archev\u00each\u00e9 (bienvenu) - Archev\u00each\u00e9 Orthodoxe de Belgique","og_description":"Vous vous trouvez sur le site de l&#8217;Archev\u00each\u00e9 Orthodoxe de Belgique et Exarchat des Pays-Bas et du Luxembourg qui a \u00e9t\u00e9 cr\u00e9\u00e9 en 1969 et fait partie de la juridiction imm\u00e9diate du Patriarcat \u0152cum\u00e9nique. Les premi\u00e8res traces d&#8217;une pr\u00e9sence orthodoxe permanente dans le Benelux remontent au 18\u00e8me si\u00e8cle, lorsque &#8211; avec la b\u00e9n\u00e9diction du Patriarcat &hellip; Continued","og_url":"https:\/\/orthodoxia.be\/\u03b5\u1f30\u03c3\u03b1\u03b3\u03c9\u03b3\u03ae\/","og_site_name":"Archev\u00each\u00e9 Orthodoxe de Belgique","article_publisher":"https:\/\/www.facebook.com\/orthobel","article_modified_time":"2018-02-16T13:34:32+00:00","og_image":[{"width":512,"height":512,"url":"https:\/\/orthodoxia.be\/wp-content\/uploads\/2017\/09\/cropped-logo-benelux-tr-fc.png","type":"image\/png"}],"twitter_card":"summary_large_image","twitter_site":"@orthobel","twitter_misc":{"Dur\u00e9e de lecture est.":"2 minutes"},"schema":{"@context":"https:\/\/schema.org","@graph":[{"@type":"WebPage","@id":"https:\/\/orthodoxia.be\/%ce%b5%e1%bc%b0%cf%83%ce%b1%ce%b3%cf%89%ce%b3%ce%ae\/","url":"https:\/\/orthodoxia.be\/%ce%b5%e1%bc%b0%cf%83%ce%b1%ce%b3%cf%89%ce%b3%ce%ae\/","name":"Introduction Archev\u00each\u00e9 (bienvenu) - Archev\u00each\u00e9 Orthodoxe de Belgique","isPartOf":{"@id":"https:\/\/orthodoxia.be\/#website"},"primaryImageOfPage":{"@id":"https:\/\/orthodoxia.be\/%ce%b5%e1%bc%b0%cf%83%ce%b1%ce%b3%cf%89%ce%b3%ce%ae\/#primaryimage"},"image":{"@id":"https:\/\/orthodoxia.be\/%ce%b5%e1%bc%b0%cf%83%ce%b1%ce%b3%cf%89%ce%b3%ce%ae\/#primaryimage"},"thumbnailUrl":"https:\/\/orthodoxia.be\/wp-content\/uploads\/2017\/09\/cropped-logo-benelux-tr-fc.png","datePublished":"2018-02-16T12:32:27+00:00","dateModified":"2018-02-16T13:34:32+00:00","breadcrumb":{"@id":"https:\/\/orthodoxia.be\/%ce%b5%e1%bc%b0%cf%83%ce%b1%ce%b3%cf%89%ce%b3%ce%ae\/#breadcrumb"},"inLanguage":"fr-BE","potentialAction":[{"@type":"ReadAction","target":["https:\/\/orthodoxia.be\/%ce%b5%e1%bc%b0%cf%83%ce%b1%ce%b3%cf%89%ce%b3%ce%ae\/"]}]},{"@type":"ImageObject","inLanguage":"fr-BE","@id":"https:\/\/orthodoxia.be\/%ce%b5%e1%bc%b0%cf%83%ce%b1%ce%b3%cf%89%ce%b3%ce%ae\/#primaryimage","url":"https:\/\/orthodoxia.be\/wp-content\/uploads\/2017\/09\/cropped-logo-benelux-tr-fc.png","contentUrl":"https:\/\/orthodoxia.be\/wp-content\/uploads\/2017\/09\/cropped-logo-benelux-tr-fc.png","width":512,"height":512},{"@type":"BreadcrumbList","@id":"https:\/\/orthodoxia.be\/%ce%b5%e1%bc%b0%cf%83%ce%b1%ce%b3%cf%89%ce%b3%ce%ae\/#breadcrumb","itemListElement":[{"@type":"ListItem","position":1,"name":"Home","item":"https:\/\/orthodoxia.be\/fr\/"},{"@type":"ListItem","position":2,"name":"Introduction Archev\u00each\u00e9 (bienvenu)"}]},{"@type":"WebSite","@id":"https:\/\/orthodoxia.be\/#website","url":"https:\/\/orthodoxia.be\/","name":"Orthodox Archdiocese of Belgium (Benelux)","description":"Exarque des Pays-Bas et du Luxembourg","publisher":{"@id":"https:\/\/orthodoxia.be\/#organization"},"alternateName":"IMB","potentialAction":[{"@type":"SearchAction","target":{"@type":"EntryPoint","urlTemplate":"https:\/\/orthodoxia.be\/?s={search_term_string}"},"query-input":{"@type":"PropertyValueSpecification","valueRequired":true,"valueName":"search_term_string"}}],"inLanguage":"fr-BE"},{"@type":"Organization","@id":"https:\/\/orthodoxia.be\/#organization","name":"Orthodox Archdiocese of Belgium (Benelux)","url":"https:\/\/orthodoxia.be\/","logo":{"@type":"ImageObject","inLanguage":"fr-BE","@id":"https:\/\/orthodoxia.be\/#\/schema\/logo\/image\/","url":"https:\/\/orthodoxia.be\/wp-content\/uploads\/2024\/02\/cropped-IMB-logo-512-cl-1.png","contentUrl":"https:\/\/orthodoxia.be\/wp-content\/uploads\/2024\/02\/cropped-IMB-logo-512-cl-1.png","width":512,"height":512,"caption":"Orthodox Archdiocese of Belgium (Benelux)"},"image":{"@id":"https:\/\/orthodoxia.be\/#\/schema\/logo\/image\/"},"sameAs":["https:\/\/www.facebook.com\/orthobel","https:\/\/x.com\/orthobel","https:\/\/www.youtube.com\/c\/orthobel","https:\/\/www.mixcloud.com\/orthobel\/","https:\/\/www.flickr.com\/photos\/148264890@N07\/albums","https:\/\/www.dailymotion.com\/Orthobel"]}]}},"_links":{"self":[{"href":"https:\/\/orthodoxia.be\/fr\/wp-json\/wp\/v2\/pages\/5639","targetHints":{"allow":["GET"]}}],"collection":[{"href":"https:\/\/orthodoxia.be\/fr\/wp-json\/wp\/v2\/pages"}],"about":[{"href":"https:\/\/orthodoxia.be\/fr\/wp-json\/wp\/v2\/types\/page"}],"author":[{"embeddable":true,"href":"https:\/\/orthodoxia.be\/fr\/wp-json\/wp\/v2\/users\/2"}],"replies":[{"embeddable":true,"href":"https:\/\/orthodoxia.be\/fr\/wp-json\/wp\/v2\/comments?post=5639"}],"version-history":[{"count":1,"href":"https:\/\/orthodoxia.be\/fr\/wp-json\/wp\/v2\/pages\/5639\/revisions"}],"predecessor-version":[{"id":5640,"href":"https:\/\/orthodoxia.be\/fr\/wp-json\/wp\/v2\/pages\/5639\/revisions\/5640"}],"wp:featuredmedia":[{"embeddable":true,"href":"https:\/\/orthodoxia.be\/fr\/wp-json\/wp\/v2\/media\/150"}],"wp:attachment":[{"href":"https:\/\/orthodoxia.be\/fr\/wp-json\/wp\/v2\/media?parent=5639"}],"curies":[{"name":"wp","href":"https:\/\/api.w.org\/{rel}","templated":true}]}}