{"id":5702,"date":"2018-01-11T14:15:27","date_gmt":"2018-01-11T13:15:27","guid":{"rendered":"http:\/\/new.orthodoxia.be\/?page_id=5702"},"modified":"2024-11-28T11:57:21","modified_gmt":"2024-11-28T10:57:21","slug":"conference-episcopale-orthodoxe-du-benelux","status":"publish","type":"page","link":"https:\/\/orthodoxia.be\/fr\/conference-episcopale-orthodoxe-du-benelux\/","title":{"rendered":"Conf\u00e9rence Episcopale Orthodoxe du Benelux"},"content":{"rendered":"<h2 class=\"p1\"><span class=\"s1\"><b>PRESENTATION<\/b><\/span><\/h2>\n<p class=\"p3\"><span class=\"s1\">Convoqu\u00e9e par Sa Toute-Saintet\u00e9 le Patriarche \u0152cum\u00e9nique Bartholom\u00e9e, avec le consensus de Leurs B\u00e9atitudes les primats des tr\u00e8s saintes Eglises Orthodoxes exprim\u00e9 au cours de leur Sommet au Phanar en octobre 2008, la IVe Conf\u00e9rence Panorthodoxe Pr\u00e9conciliaire s\u2019est r\u00e9unie au Centre Orthodoxe du Patriarcat \u0152cum\u00e9nique \u00e0 Chamb\u00e9sy, au mois de juin 2009. Cette Conf\u00e9rence a examin\u00e9 la question de l\u2019organisation canonique de la Diaspora Orthodoxe et a propos\u00e9 que, pour la p\u00e9riode transitoire o\u00f9 la solution canonique de la question sera pr\u00e9par\u00e9e, soient cr\u00e9\u00e9es (ou \u00e9tablies) dans chacune des r\u00e9gions d\u00e9finies ci-dessous des Assembl\u00e9es ou Conf\u00e9rences Episcopales r\u00e9unissant tous les \u00e9v\u00eaques reconnus canoniques de cette r\u00e9gion, qui continueront \u00e0 \u00eatre soumis aux m\u00eames juridictions canoniques qu\u2019aujourd\u2019hui.<\/span><\/p>\n<p class=\"p3\"><span class=\"s1\">Ainsi, en 2010, une Conf\u00e9rence Orthodoxe Episcopale a \u00e9t\u00e9 mise en place regroupant tous les hi\u00e9rarques canonique orthodoxes du Benelux sous la pr\u00e9sidence du m\u00e9tropolite de Belgique et exarque des Pays-Bas et du Luxembourg (Patriarcat \u0152cum\u00e9nique). Cette concertation des \u00e9v\u00eaques orthodoxes permet de manifester plus clairement l\u2019unit\u00e9 de l\u2019Orthodoxie dans le Benelux et de la fortifier.<\/span><\/p>\n<p class=\"p3\"><span class=\"s1\">Le nom choisi pour l\u2019organe de concertation \u00e9piscopale est: <i>\u201cOrthodoxe Bisschoppenconferentie van de Benelux\u201d<\/i> (OBB) \u2013 <i>\u201cConf\u00e9rence Episcopale Orthodoxe du Benelux\u201d<\/i> (CEOB). <\/span><\/p>\n<p><a href=\"https:\/\/orthodoxia.be\/fr\/le-metropolite-athenagoras-de-belgique\/\"><strong>PRESIDENT<\/strong><\/a><\/p>\n<p><strong><a href=\"\/?page_id=15818\">MEMBRES<\/a><\/strong><\/p>\n<p><strong><a href=\"\/?page_id=15820\">BUREAU<\/a><\/strong><\/p>\n<p><strong><a href=\"https:\/\/orthodoxia.be\/fr\/conference-episcopale-orthodoxe-du-benelux\/commissions\/\">COMMISSIONS<\/a><\/strong><\/p>\n<p><strong><a href=\"\/?page_id=15824\">CONTACT<\/a><\/strong><\/p>\n<p><a href=\"https:\/\/orthodoxia.be\/fr\/category\/actualite\/ceob\/\"><strong>COMMUNIQUES<\/strong><\/a><\/p>\n","protected":false},"excerpt":{"rendered":"<p>PRESENTATION Convoqu\u00e9e par Sa Toute-Saintet\u00e9 le Patriarche \u0152cum\u00e9nique Bartholom\u00e9e, avec le consensus de Leurs B\u00e9atitudes les primats des tr\u00e8s saintes Eglises Orthodoxes exprim\u00e9 au cours de leur Sommet au Phanar en octobre 2008, la IVe Conf\u00e9rence Panorthodoxe Pr\u00e9conciliaire s\u2019est r\u00e9unie au Centre Orthodoxe du Patriarcat \u0152cum\u00e9nique \u00e0 Chamb\u00e9sy, au mois de juin 2009. Cette Conf\u00e9rence &hellip; <a href=\"https:\/\/orthodoxia.be\/fr\/conference-episcopale-orthodoxe-du-benelux\/\">Continued<\/a><\/p>\n","protected":false},"author":2,"featured_media":49545,"parent":0,"menu_order":10,"comment_status":"closed","ping_status":"closed","template":"","meta":{"_acf_changed":false,"footnotes":""},"class_list":["post-5702","page","type-page","status-publish","has-post-thumbnail","hentry"],"acf":[],"yoast_head":"<!-- This site is optimized with the Yoast SEO plugin v24.3 - https:\/\/yoast.com\/wordpress\/plugins\/seo\/ -->\n<title>Conf\u00e9rence Episcopale Orthodoxe du Benelux - Archev\u00each\u00e9 Orthodoxe de Belgique<\/title>\n<meta name=\"robots\" content=\"index, follow, max-snippet:-1, max-image-preview:large, max-video-preview:-1\" \/>\n<link rel=\"canonical\" href=\"https:\/\/orthodoxia.be\/fr\/conference-episcopale-orthodoxe-du-benelux\/\" \/>\n<meta property=\"og:locale\" content=\"fr_FR\" \/>\n<meta property=\"og:type\" content=\"article\" \/>\n<meta property=\"og:title\" content=\"Conf\u00e9rence Episcopale Orthodoxe du Benelux - Archev\u00each\u00e9 Orthodoxe de Belgique\" \/>\n<meta property=\"og:description\" content=\"PRESENTATION Convoqu\u00e9e par Sa Toute-Saintet\u00e9 le Patriarche \u0152cum\u00e9nique Bartholom\u00e9e, avec le consensus de Leurs B\u00e9atitudes les primats des tr\u00e8s saintes Eglises Orthodoxes exprim\u00e9 au cours de leur Sommet au Phanar en octobre 2008, la IVe Conf\u00e9rence Panorthodoxe Pr\u00e9conciliaire s\u2019est r\u00e9unie au Centre Orthodoxe du Patriarcat \u0152cum\u00e9nique \u00e0 Chamb\u00e9sy, au mois de juin 2009. Cette Conf\u00e9rence &hellip; Continued\" \/>\n<meta property=\"og:url\" content=\"https:\/\/orthodoxia.be\/fr\/conference-episcopale-orthodoxe-du-benelux\/\" \/>\n<meta property=\"og:site_name\" content=\"Archev\u00each\u00e9 Orthodoxe de Belgique\" \/>\n<meta property=\"article:publisher\" content=\"https:\/\/www.facebook.com\/orthobel\" \/>\n<meta property=\"article:modified_time\" content=\"2024-11-28T10:57:21+00:00\" \/>\n<meta property=\"og:image\" content=\"https:\/\/orthodoxia.be\/wp-content\/uploads\/2024\/11\/IMG_6925-1.jpg\" \/>\n\t<meta property=\"og:image:width\" content=\"1023\" \/>\n\t<meta property=\"og:image:height\" content=\"767\" \/>\n\t<meta property=\"og:image:type\" content=\"image\/jpeg\" \/>\n<meta name=\"twitter:card\" content=\"summary_large_image\" \/>\n<meta name=\"twitter:site\" content=\"@orthobel\" \/>\n<meta name=\"twitter:label1\" content=\"Dur\u00e9e de lecture est.\" \/>\n\t<meta name=\"twitter:data1\" content=\"2 minutes\" \/>\n<script type=\"application\/ld+json\" class=\"yoast-schema-graph\">{\"@context\":\"https:\/\/schema.org\",\"@graph\":[{\"@type\":\"WebPage\",\"@id\":\"https:\/\/orthodoxia.be\/fr\/conference-episcopale-orthodoxe-du-benelux\/\",\"url\":\"https:\/\/orthodoxia.be\/fr\/conference-episcopale-orthodoxe-du-benelux\/\",\"name\":\"Conf\u00e9rence Episcopale Orthodoxe du Benelux - Archev\u00each\u00e9 Orthodoxe de Belgique\",\"isPartOf\":{\"@id\":\"https:\/\/orthodoxia.be\/#website\"},\"primaryImageOfPage\":{\"@id\":\"https:\/\/orthodoxia.be\/fr\/conference-episcopale-orthodoxe-du-benelux\/#primaryimage\"},\"image\":{\"@id\":\"https:\/\/orthodoxia.be\/fr\/conference-episcopale-orthodoxe-du-benelux\/#primaryimage\"},\"thumbnailUrl\":\"https:\/\/orthodoxia.be\/wp-content\/uploads\/2025\/06\/IMG_4462.jpg\",\"datePublished\":\"2018-01-11T13:15:27+00:00\",\"dateModified\":\"2024-11-28T10:57:21+00:00\",\"breadcrumb\":{\"@id\":\"https:\/\/orthodoxia.be\/fr\/conference-episcopale-orthodoxe-du-benelux\/#breadcrumb\"},\"inLanguage\":\"fr-BE\",\"potentialAction\":[{\"@type\":\"ReadAction\",\"target\":[\"https:\/\/orthodoxia.be\/fr\/conference-episcopale-orthodoxe-du-benelux\/\"]}]},{\"@type\":\"ImageObject\",\"inLanguage\":\"fr-BE\",\"@id\":\"https:\/\/orthodoxia.be\/fr\/conference-episcopale-orthodoxe-du-benelux\/#primaryimage\",\"url\":\"https:\/\/orthodoxia.be\/wp-content\/uploads\/2025\/06\/IMG_4462.jpg\",\"contentUrl\":\"https:\/\/orthodoxia.be\/wp-content\/uploads\/2025\/06\/IMG_4462.jpg\",\"width\":1023,\"height\":767},{\"@type\":\"BreadcrumbList\",\"@id\":\"https:\/\/orthodoxia.be\/fr\/conference-episcopale-orthodoxe-du-benelux\/#breadcrumb\",\"itemListElement\":[{\"@type\":\"ListItem\",\"position\":1,\"name\":\"Home\",\"item\":\"https:\/\/orthodoxia.be\/fr\/\"},{\"@type\":\"ListItem\",\"position\":2,\"name\":\"Conf\u00e9rence Episcopale Orthodoxe du Benelux\"}]},{\"@type\":\"WebSite\",\"@id\":\"https:\/\/orthodoxia.be\/#website\",\"url\":\"https:\/\/orthodoxia.be\/\",\"name\":\"Orthodox Archdiocese of Belgium (Benelux)\",\"description\":\"Exarque des Pays-Bas et du Luxembourg\",\"publisher\":{\"@id\":\"https:\/\/orthodoxia.be\/#organization\"},\"alternateName\":\"IMB\",\"potentialAction\":[{\"@type\":\"SearchAction\",\"target\":{\"@type\":\"EntryPoint\",\"urlTemplate\":\"https:\/\/orthodoxia.be\/?s={search_term_string}\"},\"query-input\":{\"@type\":\"PropertyValueSpecification\",\"valueRequired\":true,\"valueName\":\"search_term_string\"}}],\"inLanguage\":\"fr-BE\"},{\"@type\":\"Organization\",\"@id\":\"https:\/\/orthodoxia.be\/#organization\",\"name\":\"Orthodox Archdiocese of Belgium (Benelux)\",\"url\":\"https:\/\/orthodoxia.be\/\",\"logo\":{\"@type\":\"ImageObject\",\"inLanguage\":\"fr-BE\",\"@id\":\"https:\/\/orthodoxia.be\/#\/schema\/logo\/image\/\",\"url\":\"https:\/\/orthodoxia.be\/wp-content\/uploads\/2024\/02\/cropped-IMB-logo-512-cl-1.png\",\"contentUrl\":\"https:\/\/orthodoxia.be\/wp-content\/uploads\/2024\/02\/cropped-IMB-logo-512-cl-1.png\",\"width\":512,\"height\":512,\"caption\":\"Orthodox Archdiocese of Belgium (Benelux)\"},\"image\":{\"@id\":\"https:\/\/orthodoxia.be\/#\/schema\/logo\/image\/\"},\"sameAs\":[\"https:\/\/www.facebook.com\/orthobel\",\"https:\/\/x.com\/orthobel\",\"https:\/\/www.youtube.com\/c\/orthobel\",\"https:\/\/www.mixcloud.com\/orthobel\/\",\"https:\/\/www.flickr.com\/photos\/148264890@N07\/albums\",\"https:\/\/www.dailymotion.com\/Orthobel\"]}]}<\/script>\n<!-- \/ Yoast SEO plugin. -->","yoast_head_json":{"title":"Conf\u00e9rence Episcopale Orthodoxe du Benelux - Archev\u00each\u00e9 Orthodoxe de Belgique","robots":{"index":"index","follow":"follow","max-snippet":"max-snippet:-1","max-image-preview":"max-image-preview:large","max-video-preview":"max-video-preview:-1"},"canonical":"https:\/\/orthodoxia.be\/fr\/conference-episcopale-orthodoxe-du-benelux\/","og_locale":"fr_FR","og_type":"article","og_title":"Conf\u00e9rence Episcopale Orthodoxe du Benelux - Archev\u00each\u00e9 Orthodoxe de Belgique","og_description":"PRESENTATION Convoqu\u00e9e par Sa Toute-Saintet\u00e9 le Patriarche \u0152cum\u00e9nique Bartholom\u00e9e, avec le consensus de Leurs B\u00e9atitudes les primats des tr\u00e8s saintes Eglises Orthodoxes exprim\u00e9 au cours de leur Sommet au Phanar en octobre 2008, la IVe Conf\u00e9rence Panorthodoxe Pr\u00e9conciliaire s\u2019est r\u00e9unie au Centre Orthodoxe du Patriarcat \u0152cum\u00e9nique \u00e0 Chamb\u00e9sy, au mois de juin 2009. Cette Conf\u00e9rence &hellip; Continued","og_url":"https:\/\/orthodoxia.be\/fr\/conference-episcopale-orthodoxe-du-benelux\/","og_site_name":"Archev\u00each\u00e9 Orthodoxe de Belgique","article_publisher":"https:\/\/www.facebook.com\/orthobel","article_modified_time":"2024-11-28T10:57:21+00:00","og_image":[{"width":1023,"height":767,"url":"https:\/\/orthodoxia.be\/wp-content\/uploads\/2024\/11\/IMG_6925-1.jpg","type":"image\/jpeg"}],"twitter_card":"summary_large_image","twitter_site":"@orthobel","twitter_misc":{"Dur\u00e9e de lecture est.":"2 minutes"},"schema":{"@context":"https:\/\/schema.org","@graph":[{"@type":"WebPage","@id":"https:\/\/orthodoxia.be\/fr\/conference-episcopale-orthodoxe-du-benelux\/","url":"https:\/\/orthodoxia.be\/fr\/conference-episcopale-orthodoxe-du-benelux\/","name":"Conf\u00e9rence Episcopale Orthodoxe du Benelux - Archev\u00each\u00e9 Orthodoxe de Belgique","isPartOf":{"@id":"https:\/\/orthodoxia.be\/#website"},"primaryImageOfPage":{"@id":"https:\/\/orthodoxia.be\/fr\/conference-episcopale-orthodoxe-du-benelux\/#primaryimage"},"image":{"@id":"https:\/\/orthodoxia.be\/fr\/conference-episcopale-orthodoxe-du-benelux\/#primaryimage"},"thumbnailUrl":"https:\/\/orthodoxia.be\/wp-content\/uploads\/2025\/06\/IMG_4462.jpg","datePublished":"2018-01-11T13:15:27+00:00","dateModified":"2024-11-28T10:57:21+00:00","breadcrumb":{"@id":"https:\/\/orthodoxia.be\/fr\/conference-episcopale-orthodoxe-du-benelux\/#breadcrumb"},"inLanguage":"fr-BE","potentialAction":[{"@type":"ReadAction","target":["https:\/\/orthodoxia.be\/fr\/conference-episcopale-orthodoxe-du-benelux\/"]}]},{"@type":"ImageObject","inLanguage":"fr-BE","@id":"https:\/\/orthodoxia.be\/fr\/conference-episcopale-orthodoxe-du-benelux\/#primaryimage","url":"https:\/\/orthodoxia.be\/wp-content\/uploads\/2025\/06\/IMG_4462.jpg","contentUrl":"https:\/\/orthodoxia.be\/wp-content\/uploads\/2025\/06\/IMG_4462.jpg","width":1023,"height":767},{"@type":"BreadcrumbList","@id":"https:\/\/orthodoxia.be\/fr\/conference-episcopale-orthodoxe-du-benelux\/#breadcrumb","itemListElement":[{"@type":"ListItem","position":1,"name":"Home","item":"https:\/\/orthodoxia.be\/fr\/"},{"@type":"ListItem","position":2,"name":"Conf\u00e9rence Episcopale Orthodoxe du Benelux"}]},{"@type":"WebSite","@id":"https:\/\/orthodoxia.be\/#website","url":"https:\/\/orthodoxia.be\/","name":"Orthodox Archdiocese of Belgium (Benelux)","description":"Exarque des Pays-Bas et du Luxembourg","publisher":{"@id":"https:\/\/orthodoxia.be\/#organization"},"alternateName":"IMB","potentialAction":[{"@type":"SearchAction","target":{"@type":"EntryPoint","urlTemplate":"https:\/\/orthodoxia.be\/?s={search_term_string}"},"query-input":{"@type":"PropertyValueSpecification","valueRequired":true,"valueName":"search_term_string"}}],"inLanguage":"fr-BE"},{"@type":"Organization","@id":"https:\/\/orthodoxia.be\/#organization","name":"Orthodox Archdiocese of Belgium (Benelux)","url":"https:\/\/orthodoxia.be\/","logo":{"@type":"ImageObject","inLanguage":"fr-BE","@id":"https:\/\/orthodoxia.be\/#\/schema\/logo\/image\/","url":"https:\/\/orthodoxia.be\/wp-content\/uploads\/2024\/02\/cropped-IMB-logo-512-cl-1.png","contentUrl":"https:\/\/orthodoxia.be\/wp-content\/uploads\/2024\/02\/cropped-IMB-logo-512-cl-1.png","width":512,"height":512,"caption":"Orthodox Archdiocese of Belgium (Benelux)"},"image":{"@id":"https:\/\/orthodoxia.be\/#\/schema\/logo\/image\/"},"sameAs":["https:\/\/www.facebook.com\/orthobel","https:\/\/x.com\/orthobel","https:\/\/www.youtube.com\/c\/orthobel","https:\/\/www.mixcloud.com\/orthobel\/","https:\/\/www.flickr.com\/photos\/148264890@N07\/albums","https:\/\/www.dailymotion.com\/Orthobel"]}]}},"_links":{"self":[{"href":"https:\/\/orthodoxia.be\/fr\/wp-json\/wp\/v2\/pages\/5702","targetHints":{"allow":["GET"]}}],"collection":[{"href":"https:\/\/orthodoxia.be\/fr\/wp-json\/wp\/v2\/pages"}],"about":[{"href":"https:\/\/orthodoxia.be\/fr\/wp-json\/wp\/v2\/types\/page"}],"author":[{"embeddable":true,"href":"https:\/\/orthodoxia.be\/fr\/wp-json\/wp\/v2\/users\/2"}],"replies":[{"embeddable":true,"href":"https:\/\/orthodoxia.be\/fr\/wp-json\/wp\/v2\/comments?post=5702"}],"version-history":[{"count":11,"href":"https:\/\/orthodoxia.be\/fr\/wp-json\/wp\/v2\/pages\/5702\/revisions"}],"predecessor-version":[{"id":47043,"href":"https:\/\/orthodoxia.be\/fr\/wp-json\/wp\/v2\/pages\/5702\/revisions\/47043"}],"wp:featuredmedia":[{"embeddable":true,"href":"https:\/\/orthodoxia.be\/fr\/wp-json\/wp\/v2\/media\/49545"}],"wp:attachment":[{"href":"https:\/\/orthodoxia.be\/fr\/wp-json\/wp\/v2\/media?parent=5702"}],"curies":[{"name":"wp","href":"https:\/\/api.w.org\/{rel}","templated":true}]}}