{"id":5924,"date":"2018-02-20T15:20:49","date_gmt":"2018-02-20T14:20:49","guid":{"rendered":"http:\/\/new.orthodoxia.be\/?page_id=5924"},"modified":"2025-02-25T12:22:42","modified_gmt":"2025-02-25T11:22:42","slug":"%ce%b1ux-pays-bas","status":"publish","type":"page","link":"https:\/\/orthodoxia.be\/fr\/paroisses\/%ce%b1ux-pays-bas\/","title":{"rendered":"\u0391ux Pays-Bas"},"content":{"rendered":"<p><iframe loading=\"lazy\" src=\"https:\/\/www.google.com\/maps\/d\/embed?mid=1qCvwpTwNyNLDGzvXD7Fxge0uXtrRpL_L\" width=\"100%\" height=\"480\"><\/iframe><\/p>\n<p><a href=\"\/?p=9848&amp;lang=fr\">Cath\u00e9drale de Saint Nicolas, Rotterdam<\/a><br \/>\n<a href=\"\/?p=1742&amp;lang=fr\">Paroisse de Saint Nicolas, Amsterdam<\/a><br \/>\n<a href=\"\/?p=9852&amp;lang=fr\">Paroisse de Sainte Catherine, Zaandam<\/a><br \/>\nParoisse de la Naissance de la M\u00e8re de Dieu et de Saint Adalbert, Alkmaar<br \/>\n<a href=\"\/?p=9875&amp;lang=fr\">Paroisse de Saint Ap\u00f4tre Jacques le Majeur et Sainte Parasc\u00e8ve d\u2019Epivates, La Haye<\/a><br \/>\n<a href=\"\/?p=9865&amp;lang=fr\">Paroisse de l\u2019Annonciation de la M\u00e8re de Dieu, Utrecht<\/a><br \/>\nParoisse de la M\u00e8re de Dieu Phaneromeni, Voorthuizen<br \/>\n<a href=\"\/?p=9890&amp;lang=fr\">Paroisse de Saint Maxime le Confesseur, Gorinchem<\/a><br \/>\n<a href=\"\/?p=9871&amp;lang=fr\">Paroisse de Saint Porphyrios, Tilburg<\/a><br \/>\n<a href=\"\/?p=9868&amp;lang=fr\">Paroisse de Saint Nectaire, Eindhoven<\/a><br \/>\n<a href=\"\/?p=9889&amp;lang=fr\">Paroisse de la M\u00e8re de Dieu Phaneromeni, Venlo<\/a><br \/>\n<a href=\"\/?p=9888&amp;lang=fr\">Paroisse de Sainte Th\u00e9ophano, Nijmegen<\/a><br \/>\nParoisse des Saints Antoine et Th\u00e9odose de la Laure des Grottes de Kiev, Zwolle<br \/>\nParoisse de Saint Boniface, Kampen<br \/>\nCommunaut\u00e9 d\u2019Assen (Drenthe)<\/p>\n<h1><\/h1>\n","protected":false},"excerpt":{"rendered":"<p>Cath\u00e9drale de Saint Nicolas, Rotterdam Paroisse de Saint Nicolas, Amsterdam Paroisse de Sainte Catherine, Zaandam Paroisse de la Naissance de la M\u00e8re de Dieu et de Saint Adalbert, Alkmaar Paroisse de Saint Ap\u00f4tre Jacques le Majeur et Sainte Parasc\u00e8ve d\u2019Epivates, La Haye Paroisse de l\u2019Annonciation de la M\u00e8re de Dieu, Utrecht Paroisse de la M\u00e8re &hellip; <a href=\"https:\/\/orthodoxia.be\/fr\/paroisses\/%ce%b1ux-pays-bas\/\">Continued<\/a><\/p>\n","protected":false},"author":2,"featured_media":0,"parent":4953,"menu_order":0,"comment_status":"closed","ping_status":"closed","template":"","meta":{"_acf_changed":false,"footnotes":""},"class_list":["post-5924","page","type-page","status-publish","hentry"],"acf":[],"yoast_head":"<!-- This site is optimized with the Yoast SEO plugin v24.3 - https:\/\/yoast.com\/wordpress\/plugins\/seo\/ -->\n<title>\u0391ux Pays-Bas - Archev\u00each\u00e9 Orthodoxe de Belgique<\/title>\n<meta name=\"robots\" content=\"index, follow, max-snippet:-1, max-image-preview:large, max-video-preview:-1\" \/>\n<link rel=\"canonical\" href=\"https:\/\/orthodoxia.be\/fr\/paroisses\/\u03b1ux-pays-bas\/\" \/>\n<meta property=\"og:locale\" content=\"fr_FR\" \/>\n<meta property=\"og:type\" content=\"article\" \/>\n<meta property=\"og:title\" content=\"\u0391ux Pays-Bas - Archev\u00each\u00e9 Orthodoxe de Belgique\" \/>\n<meta property=\"og:description\" content=\"Cath\u00e9drale de Saint Nicolas, Rotterdam Paroisse de Saint Nicolas, Amsterdam Paroisse de Sainte Catherine, Zaandam Paroisse de la Naissance de la M\u00e8re de Dieu et de Saint Adalbert, Alkmaar Paroisse de Saint Ap\u00f4tre Jacques le Majeur et Sainte Parasc\u00e8ve d\u2019Epivates, La Haye Paroisse de l\u2019Annonciation de la M\u00e8re de Dieu, Utrecht Paroisse de la M\u00e8re &hellip; Continued\" \/>\n<meta property=\"og:url\" content=\"https:\/\/orthodoxia.be\/fr\/paroisses\/\u03b1ux-pays-bas\/\" \/>\n<meta property=\"og:site_name\" content=\"Archev\u00each\u00e9 Orthodoxe de Belgique\" \/>\n<meta property=\"article:publisher\" content=\"https:\/\/www.facebook.com\/orthobel\" \/>\n<meta property=\"article:modified_time\" content=\"2025-02-25T11:22:42+00:00\" \/>\n<meta property=\"og:image\" content=\"https:\/\/orthodoxia.be\/wp-content\/uploads\/2025\/02\/Orthobel.jpg\" \/>\n\t<meta property=\"og:image:width\" content=\"1200\" \/>\n\t<meta property=\"og:image:height\" content=\"675\" \/>\n\t<meta property=\"og:image:type\" content=\"image\/jpeg\" \/>\n<meta name=\"twitter:card\" content=\"summary_large_image\" \/>\n<meta name=\"twitter:site\" content=\"@orthobel\" \/>\n<meta name=\"twitter:label1\" content=\"Dur\u00e9e de lecture est.\" \/>\n\t<meta name=\"twitter:data1\" content=\"1 minute\" \/>\n<script type=\"application\/ld+json\" class=\"yoast-schema-graph\">{\"@context\":\"https:\/\/schema.org\",\"@graph\":[{\"@type\":\"WebPage\",\"@id\":\"https:\/\/orthodoxia.be\/fr\/paroisses\/%ce%b1ux-pays-bas\/\",\"url\":\"https:\/\/orthodoxia.be\/fr\/paroisses\/%ce%b1ux-pays-bas\/\",\"name\":\"\u0391ux Pays-Bas - Archev\u00each\u00e9 Orthodoxe de Belgique\",\"isPartOf\":{\"@id\":\"https:\/\/orthodoxia.be\/#website\"},\"datePublished\":\"2018-02-20T14:20:49+00:00\",\"dateModified\":\"2025-02-25T11:22:42+00:00\",\"breadcrumb\":{\"@id\":\"https:\/\/orthodoxia.be\/fr\/paroisses\/%ce%b1ux-pays-bas\/#breadcrumb\"},\"inLanguage\":\"fr-BE\",\"potentialAction\":[{\"@type\":\"ReadAction\",\"target\":[\"https:\/\/orthodoxia.be\/fr\/paroisses\/%ce%b1ux-pays-bas\/\"]}]},{\"@type\":\"BreadcrumbList\",\"@id\":\"https:\/\/orthodoxia.be\/fr\/paroisses\/%ce%b1ux-pays-bas\/#breadcrumb\",\"itemListElement\":[{\"@type\":\"ListItem\",\"position\":1,\"name\":\"Home\",\"item\":\"https:\/\/orthodoxia.be\/fr\/\"},{\"@type\":\"ListItem\",\"position\":2,\"name\":\"PAROISSES\",\"item\":\"https:\/\/orthodoxia.be\/fr\/paroisses\/\"},{\"@type\":\"ListItem\",\"position\":3,\"name\":\"\u0391ux Pays-Bas\"}]},{\"@type\":\"WebSite\",\"@id\":\"https:\/\/orthodoxia.be\/#website\",\"url\":\"https:\/\/orthodoxia.be\/\",\"name\":\"Orthodox Archdiocese of Belgium (Benelux)\",\"description\":\"Exarque des Pays-Bas et du Luxembourg\",\"publisher\":{\"@id\":\"https:\/\/orthodoxia.be\/#organization\"},\"alternateName\":\"IMB\",\"potentialAction\":[{\"@type\":\"SearchAction\",\"target\":{\"@type\":\"EntryPoint\",\"urlTemplate\":\"https:\/\/orthodoxia.be\/?s={search_term_string}\"},\"query-input\":{\"@type\":\"PropertyValueSpecification\",\"valueRequired\":true,\"valueName\":\"search_term_string\"}}],\"inLanguage\":\"fr-BE\"},{\"@type\":\"Organization\",\"@id\":\"https:\/\/orthodoxia.be\/#organization\",\"name\":\"Orthodox Archdiocese of Belgium (Benelux)\",\"url\":\"https:\/\/orthodoxia.be\/\",\"logo\":{\"@type\":\"ImageObject\",\"inLanguage\":\"fr-BE\",\"@id\":\"https:\/\/orthodoxia.be\/#\/schema\/logo\/image\/\",\"url\":\"https:\/\/orthodoxia.be\/wp-content\/uploads\/2024\/02\/cropped-IMB-logo-512-cl-1.png\",\"contentUrl\":\"https:\/\/orthodoxia.be\/wp-content\/uploads\/2024\/02\/cropped-IMB-logo-512-cl-1.png\",\"width\":512,\"height\":512,\"caption\":\"Orthodox Archdiocese of Belgium (Benelux)\"},\"image\":{\"@id\":\"https:\/\/orthodoxia.be\/#\/schema\/logo\/image\/\"},\"sameAs\":[\"https:\/\/www.facebook.com\/orthobel\",\"https:\/\/x.com\/orthobel\",\"https:\/\/www.youtube.com\/c\/orthobel\",\"https:\/\/www.mixcloud.com\/orthobel\/\",\"https:\/\/www.flickr.com\/photos\/148264890@N07\/albums\",\"https:\/\/www.dailymotion.com\/Orthobel\"]}]}<\/script>\n<!-- \/ Yoast SEO plugin. -->","yoast_head_json":{"title":"\u0391ux Pays-Bas - Archev\u00each\u00e9 Orthodoxe de Belgique","robots":{"index":"index","follow":"follow","max-snippet":"max-snippet:-1","max-image-preview":"max-image-preview:large","max-video-preview":"max-video-preview:-1"},"canonical":"https:\/\/orthodoxia.be\/fr\/paroisses\/\u03b1ux-pays-bas\/","og_locale":"fr_FR","og_type":"article","og_title":"\u0391ux Pays-Bas - Archev\u00each\u00e9 Orthodoxe de Belgique","og_description":"Cath\u00e9drale de Saint Nicolas, Rotterdam Paroisse de Saint Nicolas, Amsterdam Paroisse de Sainte Catherine, Zaandam Paroisse de la Naissance de la M\u00e8re de Dieu et de Saint Adalbert, Alkmaar Paroisse de Saint Ap\u00f4tre Jacques le Majeur et Sainte Parasc\u00e8ve d\u2019Epivates, La Haye Paroisse de l\u2019Annonciation de la M\u00e8re de Dieu, Utrecht Paroisse de la M\u00e8re &hellip; Continued","og_url":"https:\/\/orthodoxia.be\/fr\/paroisses\/\u03b1ux-pays-bas\/","og_site_name":"Archev\u00each\u00e9 Orthodoxe de Belgique","article_publisher":"https:\/\/www.facebook.com\/orthobel","article_modified_time":"2025-02-25T11:22:42+00:00","og_image":[{"width":1200,"height":675,"url":"https:\/\/orthodoxia.be\/wp-content\/uploads\/2025\/02\/Orthobel.jpg","type":"image\/jpeg"}],"twitter_card":"summary_large_image","twitter_site":"@orthobel","twitter_misc":{"Dur\u00e9e de lecture est.":"1 minute"},"schema":{"@context":"https:\/\/schema.org","@graph":[{"@type":"WebPage","@id":"https:\/\/orthodoxia.be\/fr\/paroisses\/%ce%b1ux-pays-bas\/","url":"https:\/\/orthodoxia.be\/fr\/paroisses\/%ce%b1ux-pays-bas\/","name":"\u0391ux Pays-Bas - Archev\u00each\u00e9 Orthodoxe de Belgique","isPartOf":{"@id":"https:\/\/orthodoxia.be\/#website"},"datePublished":"2018-02-20T14:20:49+00:00","dateModified":"2025-02-25T11:22:42+00:00","breadcrumb":{"@id":"https:\/\/orthodoxia.be\/fr\/paroisses\/%ce%b1ux-pays-bas\/#breadcrumb"},"inLanguage":"fr-BE","potentialAction":[{"@type":"ReadAction","target":["https:\/\/orthodoxia.be\/fr\/paroisses\/%ce%b1ux-pays-bas\/"]}]},{"@type":"BreadcrumbList","@id":"https:\/\/orthodoxia.be\/fr\/paroisses\/%ce%b1ux-pays-bas\/#breadcrumb","itemListElement":[{"@type":"ListItem","position":1,"name":"Home","item":"https:\/\/orthodoxia.be\/fr\/"},{"@type":"ListItem","position":2,"name":"PAROISSES","item":"https:\/\/orthodoxia.be\/fr\/paroisses\/"},{"@type":"ListItem","position":3,"name":"\u0391ux Pays-Bas"}]},{"@type":"WebSite","@id":"https:\/\/orthodoxia.be\/#website","url":"https:\/\/orthodoxia.be\/","name":"Orthodox Archdiocese of Belgium (Benelux)","description":"Exarque des Pays-Bas et du Luxembourg","publisher":{"@id":"https:\/\/orthodoxia.be\/#organization"},"alternateName":"IMB","potentialAction":[{"@type":"SearchAction","target":{"@type":"EntryPoint","urlTemplate":"https:\/\/orthodoxia.be\/?s={search_term_string}"},"query-input":{"@type":"PropertyValueSpecification","valueRequired":true,"valueName":"search_term_string"}}],"inLanguage":"fr-BE"},{"@type":"Organization","@id":"https:\/\/orthodoxia.be\/#organization","name":"Orthodox Archdiocese of Belgium (Benelux)","url":"https:\/\/orthodoxia.be\/","logo":{"@type":"ImageObject","inLanguage":"fr-BE","@id":"https:\/\/orthodoxia.be\/#\/schema\/logo\/image\/","url":"https:\/\/orthodoxia.be\/wp-content\/uploads\/2024\/02\/cropped-IMB-logo-512-cl-1.png","contentUrl":"https:\/\/orthodoxia.be\/wp-content\/uploads\/2024\/02\/cropped-IMB-logo-512-cl-1.png","width":512,"height":512,"caption":"Orthodox Archdiocese of Belgium (Benelux)"},"image":{"@id":"https:\/\/orthodoxia.be\/#\/schema\/logo\/image\/"},"sameAs":["https:\/\/www.facebook.com\/orthobel","https:\/\/x.com\/orthobel","https:\/\/www.youtube.com\/c\/orthobel","https:\/\/www.mixcloud.com\/orthobel\/","https:\/\/www.flickr.com\/photos\/148264890@N07\/albums","https:\/\/www.dailymotion.com\/Orthobel"]}]}},"_links":{"self":[{"href":"https:\/\/orthodoxia.be\/fr\/wp-json\/wp\/v2\/pages\/5924","targetHints":{"allow":["GET"]}}],"collection":[{"href":"https:\/\/orthodoxia.be\/fr\/wp-json\/wp\/v2\/pages"}],"about":[{"href":"https:\/\/orthodoxia.be\/fr\/wp-json\/wp\/v2\/types\/page"}],"author":[{"embeddable":true,"href":"https:\/\/orthodoxia.be\/fr\/wp-json\/wp\/v2\/users\/2"}],"replies":[{"embeddable":true,"href":"https:\/\/orthodoxia.be\/fr\/wp-json\/wp\/v2\/comments?post=5924"}],"version-history":[{"count":10,"href":"https:\/\/orthodoxia.be\/fr\/wp-json\/wp\/v2\/pages\/5924\/revisions"}],"predecessor-version":[{"id":48116,"href":"https:\/\/orthodoxia.be\/fr\/wp-json\/wp\/v2\/pages\/5924\/revisions\/48116"}],"up":[{"embeddable":true,"href":"https:\/\/orthodoxia.be\/fr\/wp-json\/wp\/v2\/pages\/4953"}],"wp:attachment":[{"href":"https:\/\/orthodoxia.be\/fr\/wp-json\/wp\/v2\/media?parent=5924"}],"curies":[{"name":"wp","href":"https:\/\/api.w.org\/{rel}","templated":true}]}}