{"id":6103,"date":"2018-02-26T17:49:07","date_gmt":"2018-02-26T16:49:07","guid":{"rendered":"http:\/\/new.orthodoxia.be\/?page_id=6103"},"modified":"2023-06-23T15:28:37","modified_gmt":"2023-06-23T13:28:37","slug":"chapelles","status":"publish","type":"page","link":"https:\/\/orthodoxia.be\/fr\/paroisses\/chapelles\/","title":{"rendered":"Chapelles \u00e0 l\u2019A\u00e9roport National de Bruxelles"},"content":{"rendered":"<p>Dans l\u2019A\u00e9roport de Bruxelles, l\u2019\u00c9glise Orthodoxe poss\u00e8de deux chapelles.<\/p>\n<p><strong>1. Entr\u00e9e au Temple de la Sainte Vierge<\/strong><br \/>\nPORTE A. Devant la sortie 42.<\/p>\n<p><strong>2. Saint Georges le Grand Martyr<\/strong><br \/>\nPORTE B.<\/p>\n<p><strong>Responsable:<\/strong> M\u00e9tropolite Ath\u00e9nagoras de Belgique<br \/>\n<strong>Adresse:<\/strong> Aum\u00f4nerie Orthodoxe de l\u2019Aviation Civile<br \/>\n<strong>T\u00e9l.:<\/strong> <a href=\"tel:+3227356882\">+32.2\/735.68.82<\/a><br \/>\n<strong>E-mail:<\/strong> <a href=\"mailto:athpeck@gmail.com\">athpeck@gmail.com<\/a><\/p>\n","protected":false},"excerpt":{"rendered":"<p>Dans l\u2019A\u00e9roport de Bruxelles, l\u2019\u00c9glise Orthodoxe poss\u00e8de deux chapelles. 1. Entr\u00e9e au Temple de la Sainte Vierge PORTE A. Devant la sortie 42. 2. Saint Georges le Grand Martyr PORTE B. Responsable: M\u00e9tropolite Ath\u00e9nagoras de Belgique Adresse: Aum\u00f4nerie Orthodoxe de l\u2019Aviation Civile T\u00e9l.: +32.2\/735.68.82 E-mail: athpeck@gmail.com<\/p>\n","protected":false},"author":2,"featured_media":6191,"parent":4953,"menu_order":5,"comment_status":"closed","ping_status":"closed","template":"","meta":{"_acf_changed":false,"footnotes":""},"class_list":["post-6103","page","type-page","status-publish","has-post-thumbnail","hentry"],"acf":[],"yoast_head":"<!-- This site is optimized with the Yoast SEO plugin v24.3 - https:\/\/yoast.com\/wordpress\/plugins\/seo\/ -->\n<title>Chapelles \u00e0 l\u2019A\u00e9roport National de Bruxelles - Archev\u00each\u00e9 Orthodoxe de Belgique<\/title>\n<meta name=\"robots\" content=\"index, follow, max-snippet:-1, max-image-preview:large, max-video-preview:-1\" \/>\n<link rel=\"canonical\" href=\"https:\/\/orthodoxia.be\/fr\/paroisses\/chapelles\/\" \/>\n<meta property=\"og:locale\" content=\"fr_FR\" \/>\n<meta property=\"og:type\" content=\"article\" \/>\n<meta property=\"og:title\" content=\"Chapelles \u00e0 l\u2019A\u00e9roport National de Bruxelles - Archev\u00each\u00e9 Orthodoxe de Belgique\" \/>\n<meta property=\"og:description\" content=\"Dans l\u2019A\u00e9roport de Bruxelles, l\u2019\u00c9glise Orthodoxe poss\u00e8de deux chapelles. 1. Entr\u00e9e au Temple de la Sainte Vierge PORTE A. Devant la sortie 42. 2. Saint Georges le Grand Martyr PORTE B. Responsable: M\u00e9tropolite Ath\u00e9nagoras de Belgique Adresse: Aum\u00f4nerie Orthodoxe de l\u2019Aviation Civile T\u00e9l.: +32.2\/735.68.82 E-mail: athpeck@gmail.com\" \/>\n<meta property=\"og:url\" content=\"https:\/\/orthodoxia.be\/fr\/paroisses\/chapelles\/\" \/>\n<meta property=\"og:site_name\" content=\"Archev\u00each\u00e9 Orthodoxe de Belgique\" \/>\n<meta property=\"article:publisher\" content=\"https:\/\/www.facebook.com\/orthobel\" \/>\n<meta property=\"article:modified_time\" content=\"2023-06-23T13:28:37+00:00\" \/>\n<meta property=\"og:image\" content=\"https:\/\/orthodoxia.be\/wp-content\/uploads\/2018\/02\/ZAVENTEM-deel7303-300.jpg\" \/>\n\t<meta property=\"og:image:width\" content=\"3000\" \/>\n\t<meta property=\"og:image:height\" content=\"1549\" \/>\n\t<meta property=\"og:image:type\" content=\"image\/jpeg\" \/>\n<meta name=\"twitter:card\" content=\"summary_large_image\" \/>\n<meta name=\"twitter:site\" content=\"@orthobel\" \/>\n<script type=\"application\/ld+json\" class=\"yoast-schema-graph\">{\"@context\":\"https:\/\/schema.org\",\"@graph\":[{\"@type\":\"WebPage\",\"@id\":\"https:\/\/orthodoxia.be\/fr\/paroisses\/chapelles\/\",\"url\":\"https:\/\/orthodoxia.be\/fr\/paroisses\/chapelles\/\",\"name\":\"Chapelles \u00e0 l\u2019A\u00e9roport National de Bruxelles - Archev\u00each\u00e9 Orthodoxe de Belgique\",\"isPartOf\":{\"@id\":\"https:\/\/orthodoxia.be\/#website\"},\"primaryImageOfPage\":{\"@id\":\"https:\/\/orthodoxia.be\/fr\/paroisses\/chapelles\/#primaryimage\"},\"image\":{\"@id\":\"https:\/\/orthodoxia.be\/fr\/paroisses\/chapelles\/#primaryimage\"},\"thumbnailUrl\":\"https:\/\/orthodoxia.be\/wp-content\/uploads\/2018\/02\/ZAVENTEM-deel7303-300.jpg\",\"datePublished\":\"2018-02-26T16:49:07+00:00\",\"dateModified\":\"2023-06-23T13:28:37+00:00\",\"breadcrumb\":{\"@id\":\"https:\/\/orthodoxia.be\/fr\/paroisses\/chapelles\/#breadcrumb\"},\"inLanguage\":\"fr-BE\",\"potentialAction\":[{\"@type\":\"ReadAction\",\"target\":[\"https:\/\/orthodoxia.be\/fr\/paroisses\/chapelles\/\"]}]},{\"@type\":\"ImageObject\",\"inLanguage\":\"fr-BE\",\"@id\":\"https:\/\/orthodoxia.be\/fr\/paroisses\/chapelles\/#primaryimage\",\"url\":\"https:\/\/orthodoxia.be\/wp-content\/uploads\/2018\/02\/ZAVENTEM-deel7303-300.jpg\",\"contentUrl\":\"https:\/\/orthodoxia.be\/wp-content\/uploads\/2018\/02\/ZAVENTEM-deel7303-300.jpg\",\"width\":3000,\"height\":1549},{\"@type\":\"BreadcrumbList\",\"@id\":\"https:\/\/orthodoxia.be\/fr\/paroisses\/chapelles\/#breadcrumb\",\"itemListElement\":[{\"@type\":\"ListItem\",\"position\":1,\"name\":\"Home\",\"item\":\"https:\/\/orthodoxia.be\/fr\/\"},{\"@type\":\"ListItem\",\"position\":2,\"name\":\"PAROISSES\",\"item\":\"https:\/\/orthodoxia.be\/fr\/paroisses\/\"},{\"@type\":\"ListItem\",\"position\":3,\"name\":\"Chapelles \u00e0 l\u2019A\u00e9roport National de Bruxelles\"}]},{\"@type\":\"WebSite\",\"@id\":\"https:\/\/orthodoxia.be\/#website\",\"url\":\"https:\/\/orthodoxia.be\/\",\"name\":\"Orthodox Archdiocese of Belgium (Benelux)\",\"description\":\"Exarque des Pays-Bas et du Luxembourg\",\"publisher\":{\"@id\":\"https:\/\/orthodoxia.be\/#organization\"},\"alternateName\":\"IMB\",\"potentialAction\":[{\"@type\":\"SearchAction\",\"target\":{\"@type\":\"EntryPoint\",\"urlTemplate\":\"https:\/\/orthodoxia.be\/?s={search_term_string}\"},\"query-input\":{\"@type\":\"PropertyValueSpecification\",\"valueRequired\":true,\"valueName\":\"search_term_string\"}}],\"inLanguage\":\"fr-BE\"},{\"@type\":\"Organization\",\"@id\":\"https:\/\/orthodoxia.be\/#organization\",\"name\":\"Orthodox Archdiocese of Belgium (Benelux)\",\"url\":\"https:\/\/orthodoxia.be\/\",\"logo\":{\"@type\":\"ImageObject\",\"inLanguage\":\"fr-BE\",\"@id\":\"https:\/\/orthodoxia.be\/#\/schema\/logo\/image\/\",\"url\":\"https:\/\/orthodoxia.be\/wp-content\/uploads\/2024\/02\/cropped-IMB-logo-512-cl-1.png\",\"contentUrl\":\"https:\/\/orthodoxia.be\/wp-content\/uploads\/2024\/02\/cropped-IMB-logo-512-cl-1.png\",\"width\":512,\"height\":512,\"caption\":\"Orthodox Archdiocese of Belgium (Benelux)\"},\"image\":{\"@id\":\"https:\/\/orthodoxia.be\/#\/schema\/logo\/image\/\"},\"sameAs\":[\"https:\/\/www.facebook.com\/orthobel\",\"https:\/\/x.com\/orthobel\",\"https:\/\/www.youtube.com\/c\/orthobel\",\"https:\/\/www.mixcloud.com\/orthobel\/\",\"https:\/\/www.flickr.com\/photos\/148264890@N07\/albums\",\"https:\/\/www.dailymotion.com\/Orthobel\"]}]}<\/script>\n<!-- \/ Yoast SEO plugin. -->","yoast_head_json":{"title":"Chapelles \u00e0 l\u2019A\u00e9roport National de Bruxelles - Archev\u00each\u00e9 Orthodoxe de Belgique","robots":{"index":"index","follow":"follow","max-snippet":"max-snippet:-1","max-image-preview":"max-image-preview:large","max-video-preview":"max-video-preview:-1"},"canonical":"https:\/\/orthodoxia.be\/fr\/paroisses\/chapelles\/","og_locale":"fr_FR","og_type":"article","og_title":"Chapelles \u00e0 l\u2019A\u00e9roport National de Bruxelles - Archev\u00each\u00e9 Orthodoxe de Belgique","og_description":"Dans l\u2019A\u00e9roport de Bruxelles, l\u2019\u00c9glise Orthodoxe poss\u00e8de deux chapelles. 1. Entr\u00e9e au Temple de la Sainte Vierge PORTE A. Devant la sortie 42. 2. Saint Georges le Grand Martyr PORTE B. Responsable: M\u00e9tropolite Ath\u00e9nagoras de Belgique Adresse: Aum\u00f4nerie Orthodoxe de l\u2019Aviation Civile T\u00e9l.: +32.2\/735.68.82 E-mail: athpeck@gmail.com","og_url":"https:\/\/orthodoxia.be\/fr\/paroisses\/chapelles\/","og_site_name":"Archev\u00each\u00e9 Orthodoxe de Belgique","article_publisher":"https:\/\/www.facebook.com\/orthobel","article_modified_time":"2023-06-23T13:28:37+00:00","og_image":[{"width":3000,"height":1549,"url":"https:\/\/orthodoxia.be\/wp-content\/uploads\/2018\/02\/ZAVENTEM-deel7303-300.jpg","type":"image\/jpeg"}],"twitter_card":"summary_large_image","twitter_site":"@orthobel","schema":{"@context":"https:\/\/schema.org","@graph":[{"@type":"WebPage","@id":"https:\/\/orthodoxia.be\/fr\/paroisses\/chapelles\/","url":"https:\/\/orthodoxia.be\/fr\/paroisses\/chapelles\/","name":"Chapelles \u00e0 l\u2019A\u00e9roport National de Bruxelles - Archev\u00each\u00e9 Orthodoxe de Belgique","isPartOf":{"@id":"https:\/\/orthodoxia.be\/#website"},"primaryImageOfPage":{"@id":"https:\/\/orthodoxia.be\/fr\/paroisses\/chapelles\/#primaryimage"},"image":{"@id":"https:\/\/orthodoxia.be\/fr\/paroisses\/chapelles\/#primaryimage"},"thumbnailUrl":"https:\/\/orthodoxia.be\/wp-content\/uploads\/2018\/02\/ZAVENTEM-deel7303-300.jpg","datePublished":"2018-02-26T16:49:07+00:00","dateModified":"2023-06-23T13:28:37+00:00","breadcrumb":{"@id":"https:\/\/orthodoxia.be\/fr\/paroisses\/chapelles\/#breadcrumb"},"inLanguage":"fr-BE","potentialAction":[{"@type":"ReadAction","target":["https:\/\/orthodoxia.be\/fr\/paroisses\/chapelles\/"]}]},{"@type":"ImageObject","inLanguage":"fr-BE","@id":"https:\/\/orthodoxia.be\/fr\/paroisses\/chapelles\/#primaryimage","url":"https:\/\/orthodoxia.be\/wp-content\/uploads\/2018\/02\/ZAVENTEM-deel7303-300.jpg","contentUrl":"https:\/\/orthodoxia.be\/wp-content\/uploads\/2018\/02\/ZAVENTEM-deel7303-300.jpg","width":3000,"height":1549},{"@type":"BreadcrumbList","@id":"https:\/\/orthodoxia.be\/fr\/paroisses\/chapelles\/#breadcrumb","itemListElement":[{"@type":"ListItem","position":1,"name":"Home","item":"https:\/\/orthodoxia.be\/fr\/"},{"@type":"ListItem","position":2,"name":"PAROISSES","item":"https:\/\/orthodoxia.be\/fr\/paroisses\/"},{"@type":"ListItem","position":3,"name":"Chapelles \u00e0 l\u2019A\u00e9roport National de Bruxelles"}]},{"@type":"WebSite","@id":"https:\/\/orthodoxia.be\/#website","url":"https:\/\/orthodoxia.be\/","name":"Orthodox Archdiocese of Belgium (Benelux)","description":"Exarque des Pays-Bas et du Luxembourg","publisher":{"@id":"https:\/\/orthodoxia.be\/#organization"},"alternateName":"IMB","potentialAction":[{"@type":"SearchAction","target":{"@type":"EntryPoint","urlTemplate":"https:\/\/orthodoxia.be\/?s={search_term_string}"},"query-input":{"@type":"PropertyValueSpecification","valueRequired":true,"valueName":"search_term_string"}}],"inLanguage":"fr-BE"},{"@type":"Organization","@id":"https:\/\/orthodoxia.be\/#organization","name":"Orthodox Archdiocese of Belgium (Benelux)","url":"https:\/\/orthodoxia.be\/","logo":{"@type":"ImageObject","inLanguage":"fr-BE","@id":"https:\/\/orthodoxia.be\/#\/schema\/logo\/image\/","url":"https:\/\/orthodoxia.be\/wp-content\/uploads\/2024\/02\/cropped-IMB-logo-512-cl-1.png","contentUrl":"https:\/\/orthodoxia.be\/wp-content\/uploads\/2024\/02\/cropped-IMB-logo-512-cl-1.png","width":512,"height":512,"caption":"Orthodox Archdiocese of Belgium (Benelux)"},"image":{"@id":"https:\/\/orthodoxia.be\/#\/schema\/logo\/image\/"},"sameAs":["https:\/\/www.facebook.com\/orthobel","https:\/\/x.com\/orthobel","https:\/\/www.youtube.com\/c\/orthobel","https:\/\/www.mixcloud.com\/orthobel\/","https:\/\/www.flickr.com\/photos\/148264890@N07\/albums","https:\/\/www.dailymotion.com\/Orthobel"]}]}},"_links":{"self":[{"href":"https:\/\/orthodoxia.be\/fr\/wp-json\/wp\/v2\/pages\/6103","targetHints":{"allow":["GET"]}}],"collection":[{"href":"https:\/\/orthodoxia.be\/fr\/wp-json\/wp\/v2\/pages"}],"about":[{"href":"https:\/\/orthodoxia.be\/fr\/wp-json\/wp\/v2\/types\/page"}],"author":[{"embeddable":true,"href":"https:\/\/orthodoxia.be\/fr\/wp-json\/wp\/v2\/users\/2"}],"replies":[{"embeddable":true,"href":"https:\/\/orthodoxia.be\/fr\/wp-json\/wp\/v2\/comments?post=6103"}],"version-history":[{"count":9,"href":"https:\/\/orthodoxia.be\/fr\/wp-json\/wp\/v2\/pages\/6103\/revisions"}],"predecessor-version":[{"id":41865,"href":"https:\/\/orthodoxia.be\/fr\/wp-json\/wp\/v2\/pages\/6103\/revisions\/41865"}],"up":[{"embeddable":true,"href":"https:\/\/orthodoxia.be\/fr\/wp-json\/wp\/v2\/pages\/4953"}],"wp:featuredmedia":[{"embeddable":true,"href":"https:\/\/orthodoxia.be\/fr\/wp-json\/wp\/v2\/media\/6191"}],"wp:attachment":[{"href":"https:\/\/orthodoxia.be\/fr\/wp-json\/wp\/v2\/media?parent=6103"}],"curies":[{"name":"wp","href":"https:\/\/api.w.org\/{rel}","templated":true}]}}