{"id":6211,"date":"2018-02-28T11:44:57","date_gmt":"2018-02-28T10:44:57","guid":{"rendered":"http:\/\/new.orthodoxia.be\/?page_id=6211"},"modified":"2025-04-14T15:28:56","modified_gmt":"2025-04-14T13:28:56","slug":"confession","status":"publish","type":"page","link":"https:\/\/orthodoxia.be\/fr\/diaconie\/confession\/","title":{"rendered":"Confession"},"content":{"rendered":"<p style=\"text-align: justify;\"><strong>Les p\u00e8res spirituels de la M\u00e9tropole<\/strong>: Son Eminence le M\u00e9tropolite, Son Excellence l\u2019Ev\u00eaque Joachim, Protopresbytres du Tr\u00f4ne \u0152cum\u00e9nique Stavros Triantafyllou, Panagiotis Moschonas, Evangelos Psallas , Dominique Verbeke et Ioannis Psomas, Archipr\u00eatres Emmanouil Kazilas, Panteleimon Noussis, Nikolaos Palamianakis, Ioannis Lykos, Bernard Peckstadt, Josef Moes, Emmanouil Mavrogiannakis , Konstantinos Kenanidis Athanasios Karatzogiannis et Georgios Bouzidis.<\/p>\n","protected":false},"excerpt":{"rendered":"<p>Les p\u00e8res spirituels de la M\u00e9tropole: Son Eminence le M\u00e9tropolite, Son Excellence l\u2019Ev\u00eaque Joachim, Protopresbytres du Tr\u00f4ne \u0152cum\u00e9nique Stavros Triantafyllou, Panagiotis Moschonas, Evangelos Psallas , Dominique Verbeke et Ioannis Psomas, Archipr\u00eatres Emmanouil Kazilas, Panteleimon Noussis, Nikolaos Palamianakis, Ioannis Lykos, Bernard Peckstadt, Josef Moes, Emmanouil Mavrogiannakis , Konstantinos Kenanidis Athanasios Karatzogiannis et Georgios Bouzidis.<\/p>\n","protected":false},"author":2,"featured_media":6778,"parent":8071,"menu_order":1,"comment_status":"closed","ping_status":"closed","template":"","meta":{"_acf_changed":false,"footnotes":""},"class_list":["post-6211","page","type-page","status-publish","has-post-thumbnail","hentry"],"acf":[],"yoast_head":"<!-- This site is optimized with the Yoast SEO plugin v24.3 - https:\/\/yoast.com\/wordpress\/plugins\/seo\/ -->\n<title>Confession - Archev\u00each\u00e9 Orthodoxe de Belgique<\/title>\n<meta name=\"robots\" content=\"index, follow, max-snippet:-1, max-image-preview:large, max-video-preview:-1\" \/>\n<link rel=\"canonical\" href=\"https:\/\/orthodoxia.be\/fr\/diaconie\/confession\/\" \/>\n<meta property=\"og:locale\" content=\"fr_FR\" \/>\n<meta property=\"og:type\" content=\"article\" \/>\n<meta property=\"og:title\" content=\"Confession - Archev\u00each\u00e9 Orthodoxe de Belgique\" \/>\n<meta property=\"og:description\" content=\"Les p\u00e8res spirituels de la M\u00e9tropole: Son Eminence le M\u00e9tropolite, Son Excellence l\u2019Ev\u00eaque Joachim, Protopresbytres du Tr\u00f4ne \u0152cum\u00e9nique Stavros Triantafyllou, Panagiotis Moschonas, Evangelos Psallas , Dominique Verbeke et Ioannis Psomas, Archipr\u00eatres Emmanouil Kazilas, Panteleimon Noussis, Nikolaos Palamianakis, Ioannis Lykos, Bernard Peckstadt, Josef Moes, Emmanouil Mavrogiannakis , Konstantinos Kenanidis Athanasios Karatzogiannis et Georgios Bouzidis.\" \/>\n<meta property=\"og:url\" content=\"https:\/\/orthodoxia.be\/fr\/diaconie\/confession\/\" \/>\n<meta property=\"og:site_name\" content=\"Archev\u00each\u00e9 Orthodoxe de Belgique\" \/>\n<meta property=\"article:publisher\" content=\"https:\/\/www.facebook.com\/orthobel\" \/>\n<meta property=\"article:modified_time\" content=\"2025-04-14T13:28:56+00:00\" \/>\n<meta property=\"og:image\" content=\"https:\/\/orthodoxia.be\/wp-content\/uploads\/2018\/03\/eksomologi.jpg\" \/>\n\t<meta property=\"og:image:width\" content=\"620\" \/>\n\t<meta property=\"og:image:height\" content=\"401\" \/>\n\t<meta property=\"og:image:type\" content=\"image\/jpeg\" \/>\n<meta name=\"twitter:card\" content=\"summary_large_image\" \/>\n<meta name=\"twitter:site\" content=\"@orthobel\" \/>\n<meta name=\"twitter:label1\" content=\"Dur\u00e9e de lecture est.\" \/>\n\t<meta name=\"twitter:data1\" content=\"1 minute\" \/>\n<script type=\"application\/ld+json\" class=\"yoast-schema-graph\">{\"@context\":\"https:\/\/schema.org\",\"@graph\":[{\"@type\":\"WebPage\",\"@id\":\"https:\/\/orthodoxia.be\/fr\/diaconie\/confession\/\",\"url\":\"https:\/\/orthodoxia.be\/fr\/diaconie\/confession\/\",\"name\":\"Confession - Archev\u00each\u00e9 Orthodoxe de Belgique\",\"isPartOf\":{\"@id\":\"https:\/\/orthodoxia.be\/#website\"},\"primaryImageOfPage\":{\"@id\":\"https:\/\/orthodoxia.be\/fr\/diaconie\/confession\/#primaryimage\"},\"image\":{\"@id\":\"https:\/\/orthodoxia.be\/fr\/diaconie\/confession\/#primaryimage\"},\"thumbnailUrl\":\"https:\/\/orthodoxia.be\/wp-content\/uploads\/2018\/03\/eksomologi.jpg\",\"datePublished\":\"2018-02-28T10:44:57+00:00\",\"dateModified\":\"2025-04-14T13:28:56+00:00\",\"breadcrumb\":{\"@id\":\"https:\/\/orthodoxia.be\/fr\/diaconie\/confession\/#breadcrumb\"},\"inLanguage\":\"fr-BE\",\"potentialAction\":[{\"@type\":\"ReadAction\",\"target\":[\"https:\/\/orthodoxia.be\/fr\/diaconie\/confession\/\"]}]},{\"@type\":\"ImageObject\",\"inLanguage\":\"fr-BE\",\"@id\":\"https:\/\/orthodoxia.be\/fr\/diaconie\/confession\/#primaryimage\",\"url\":\"https:\/\/orthodoxia.be\/wp-content\/uploads\/2018\/03\/eksomologi.jpg\",\"contentUrl\":\"https:\/\/orthodoxia.be\/wp-content\/uploads\/2018\/03\/eksomologi.jpg\",\"width\":620,\"height\":401},{\"@type\":\"BreadcrumbList\",\"@id\":\"https:\/\/orthodoxia.be\/fr\/diaconie\/confession\/#breadcrumb\",\"itemListElement\":[{\"@type\":\"ListItem\",\"position\":1,\"name\":\"Home\",\"item\":\"https:\/\/orthodoxia.be\/fr\/\"},{\"@type\":\"ListItem\",\"position\":2,\"name\":\"Diaconie\",\"item\":\"https:\/\/orthodoxia.be\/fr\/diaconie\/\"},{\"@type\":\"ListItem\",\"position\":3,\"name\":\"Confession\"}]},{\"@type\":\"WebSite\",\"@id\":\"https:\/\/orthodoxia.be\/#website\",\"url\":\"https:\/\/orthodoxia.be\/\",\"name\":\"Orthodox Archdiocese of Belgium (Benelux)\",\"description\":\"Exarque des Pays-Bas et du Luxembourg\",\"publisher\":{\"@id\":\"https:\/\/orthodoxia.be\/#organization\"},\"alternateName\":\"IMB\",\"potentialAction\":[{\"@type\":\"SearchAction\",\"target\":{\"@type\":\"EntryPoint\",\"urlTemplate\":\"https:\/\/orthodoxia.be\/?s={search_term_string}\"},\"query-input\":{\"@type\":\"PropertyValueSpecification\",\"valueRequired\":true,\"valueName\":\"search_term_string\"}}],\"inLanguage\":\"fr-BE\"},{\"@type\":\"Organization\",\"@id\":\"https:\/\/orthodoxia.be\/#organization\",\"name\":\"Orthodox Archdiocese of Belgium (Benelux)\",\"url\":\"https:\/\/orthodoxia.be\/\",\"logo\":{\"@type\":\"ImageObject\",\"inLanguage\":\"fr-BE\",\"@id\":\"https:\/\/orthodoxia.be\/#\/schema\/logo\/image\/\",\"url\":\"https:\/\/orthodoxia.be\/wp-content\/uploads\/2024\/02\/cropped-IMB-logo-512-cl-1.png\",\"contentUrl\":\"https:\/\/orthodoxia.be\/wp-content\/uploads\/2024\/02\/cropped-IMB-logo-512-cl-1.png\",\"width\":512,\"height\":512,\"caption\":\"Orthodox Archdiocese of Belgium (Benelux)\"},\"image\":{\"@id\":\"https:\/\/orthodoxia.be\/#\/schema\/logo\/image\/\"},\"sameAs\":[\"https:\/\/www.facebook.com\/orthobel\",\"https:\/\/x.com\/orthobel\",\"https:\/\/www.youtube.com\/c\/orthobel\",\"https:\/\/www.mixcloud.com\/orthobel\/\",\"https:\/\/www.flickr.com\/photos\/148264890@N07\/albums\",\"https:\/\/www.dailymotion.com\/Orthobel\"]}]}<\/script>\n<!-- \/ Yoast SEO plugin. -->","yoast_head_json":{"title":"Confession - Archev\u00each\u00e9 Orthodoxe de Belgique","robots":{"index":"index","follow":"follow","max-snippet":"max-snippet:-1","max-image-preview":"max-image-preview:large","max-video-preview":"max-video-preview:-1"},"canonical":"https:\/\/orthodoxia.be\/fr\/diaconie\/confession\/","og_locale":"fr_FR","og_type":"article","og_title":"Confession - Archev\u00each\u00e9 Orthodoxe de Belgique","og_description":"Les p\u00e8res spirituels de la M\u00e9tropole: Son Eminence le M\u00e9tropolite, Son Excellence l\u2019Ev\u00eaque Joachim, Protopresbytres du Tr\u00f4ne \u0152cum\u00e9nique Stavros Triantafyllou, Panagiotis Moschonas, Evangelos Psallas , Dominique Verbeke et Ioannis Psomas, Archipr\u00eatres Emmanouil Kazilas, Panteleimon Noussis, Nikolaos Palamianakis, Ioannis Lykos, Bernard Peckstadt, Josef Moes, Emmanouil Mavrogiannakis , Konstantinos Kenanidis Athanasios Karatzogiannis et Georgios Bouzidis.","og_url":"https:\/\/orthodoxia.be\/fr\/diaconie\/confession\/","og_site_name":"Archev\u00each\u00e9 Orthodoxe de Belgique","article_publisher":"https:\/\/www.facebook.com\/orthobel","article_modified_time":"2025-04-14T13:28:56+00:00","og_image":[{"width":620,"height":401,"url":"https:\/\/orthodoxia.be\/wp-content\/uploads\/2018\/03\/eksomologi.jpg","type":"image\/jpeg"}],"twitter_card":"summary_large_image","twitter_site":"@orthobel","twitter_misc":{"Dur\u00e9e de lecture est.":"1 minute"},"schema":{"@context":"https:\/\/schema.org","@graph":[{"@type":"WebPage","@id":"https:\/\/orthodoxia.be\/fr\/diaconie\/confession\/","url":"https:\/\/orthodoxia.be\/fr\/diaconie\/confession\/","name":"Confession - Archev\u00each\u00e9 Orthodoxe de Belgique","isPartOf":{"@id":"https:\/\/orthodoxia.be\/#website"},"primaryImageOfPage":{"@id":"https:\/\/orthodoxia.be\/fr\/diaconie\/confession\/#primaryimage"},"image":{"@id":"https:\/\/orthodoxia.be\/fr\/diaconie\/confession\/#primaryimage"},"thumbnailUrl":"https:\/\/orthodoxia.be\/wp-content\/uploads\/2018\/03\/eksomologi.jpg","datePublished":"2018-02-28T10:44:57+00:00","dateModified":"2025-04-14T13:28:56+00:00","breadcrumb":{"@id":"https:\/\/orthodoxia.be\/fr\/diaconie\/confession\/#breadcrumb"},"inLanguage":"fr-BE","potentialAction":[{"@type":"ReadAction","target":["https:\/\/orthodoxia.be\/fr\/diaconie\/confession\/"]}]},{"@type":"ImageObject","inLanguage":"fr-BE","@id":"https:\/\/orthodoxia.be\/fr\/diaconie\/confession\/#primaryimage","url":"https:\/\/orthodoxia.be\/wp-content\/uploads\/2018\/03\/eksomologi.jpg","contentUrl":"https:\/\/orthodoxia.be\/wp-content\/uploads\/2018\/03\/eksomologi.jpg","width":620,"height":401},{"@type":"BreadcrumbList","@id":"https:\/\/orthodoxia.be\/fr\/diaconie\/confession\/#breadcrumb","itemListElement":[{"@type":"ListItem","position":1,"name":"Home","item":"https:\/\/orthodoxia.be\/fr\/"},{"@type":"ListItem","position":2,"name":"Diaconie","item":"https:\/\/orthodoxia.be\/fr\/diaconie\/"},{"@type":"ListItem","position":3,"name":"Confession"}]},{"@type":"WebSite","@id":"https:\/\/orthodoxia.be\/#website","url":"https:\/\/orthodoxia.be\/","name":"Orthodox Archdiocese of Belgium (Benelux)","description":"Exarque des Pays-Bas et du Luxembourg","publisher":{"@id":"https:\/\/orthodoxia.be\/#organization"},"alternateName":"IMB","potentialAction":[{"@type":"SearchAction","target":{"@type":"EntryPoint","urlTemplate":"https:\/\/orthodoxia.be\/?s={search_term_string}"},"query-input":{"@type":"PropertyValueSpecification","valueRequired":true,"valueName":"search_term_string"}}],"inLanguage":"fr-BE"},{"@type":"Organization","@id":"https:\/\/orthodoxia.be\/#organization","name":"Orthodox Archdiocese of Belgium (Benelux)","url":"https:\/\/orthodoxia.be\/","logo":{"@type":"ImageObject","inLanguage":"fr-BE","@id":"https:\/\/orthodoxia.be\/#\/schema\/logo\/image\/","url":"https:\/\/orthodoxia.be\/wp-content\/uploads\/2024\/02\/cropped-IMB-logo-512-cl-1.png","contentUrl":"https:\/\/orthodoxia.be\/wp-content\/uploads\/2024\/02\/cropped-IMB-logo-512-cl-1.png","width":512,"height":512,"caption":"Orthodox Archdiocese of Belgium (Benelux)"},"image":{"@id":"https:\/\/orthodoxia.be\/#\/schema\/logo\/image\/"},"sameAs":["https:\/\/www.facebook.com\/orthobel","https:\/\/x.com\/orthobel","https:\/\/www.youtube.com\/c\/orthobel","https:\/\/www.mixcloud.com\/orthobel\/","https:\/\/www.flickr.com\/photos\/148264890@N07\/albums","https:\/\/www.dailymotion.com\/Orthobel"]}]}},"_links":{"self":[{"href":"https:\/\/orthodoxia.be\/fr\/wp-json\/wp\/v2\/pages\/6211","targetHints":{"allow":["GET"]}}],"collection":[{"href":"https:\/\/orthodoxia.be\/fr\/wp-json\/wp\/v2\/pages"}],"about":[{"href":"https:\/\/orthodoxia.be\/fr\/wp-json\/wp\/v2\/types\/page"}],"author":[{"embeddable":true,"href":"https:\/\/orthodoxia.be\/fr\/wp-json\/wp\/v2\/users\/2"}],"replies":[{"embeddable":true,"href":"https:\/\/orthodoxia.be\/fr\/wp-json\/wp\/v2\/comments?post=6211"}],"version-history":[{"count":7,"href":"https:\/\/orthodoxia.be\/fr\/wp-json\/wp\/v2\/pages\/6211\/revisions"}],"predecessor-version":[{"id":48948,"href":"https:\/\/orthodoxia.be\/fr\/wp-json\/wp\/v2\/pages\/6211\/revisions\/48948"}],"up":[{"embeddable":true,"href":"https:\/\/orthodoxia.be\/fr\/wp-json\/wp\/v2\/pages\/8071"}],"wp:featuredmedia":[{"embeddable":true,"href":"https:\/\/orthodoxia.be\/fr\/wp-json\/wp\/v2\/media\/6778"}],"wp:attachment":[{"href":"https:\/\/orthodoxia.be\/fr\/wp-json\/wp\/v2\/media?parent=6211"}],"curies":[{"name":"wp","href":"https:\/\/api.w.org\/{rel}","templated":true}]}}