{"id":6236,"date":"2018-01-29T12:07:58","date_gmt":"2018-01-29T11:07:58","guid":{"rendered":"http:\/\/new.orthodoxia.be\/?page_id=6236"},"modified":"2024-06-17T12:06:11","modified_gmt":"2024-06-17T10:06:11","slug":"commission-philanthropie-filoptochos","status":"publish","type":"page","link":"https:\/\/orthodoxia.be\/fr\/diaconie\/commission-philanthropie-filoptochos\/","title":{"rendered":"Commission Philanthropie (Filoptochos)"},"content":{"rendered":"<p style=\"text-align: center;\"><b>Commission Philanthropique \u00ab Asbl Filoxenia \u00bb<\/b><\/p>\n<p style=\"font-weight: 400;\">\u00abFiloxenia\u00bb constitue le Service d\u2019Entre-Aide Centrale de l\u2019Archev\u00each\u00e9 de Belgique et Exarchat des Pays-Bas et du Luxembourg. Elle doit sa constitution en asbl (Num\u00e9ro d\u2019entreprise \u2013 BCE: BE072.89.36) \u00e0 l\u2019initiative de Son \u00c9minence le M\u00e9tropolite Ath\u00e9nagoras de Belgique dans le but de r\u00e9pondre aux nombreux d\u00e9fis mais aussi aux besoins croissants qui apparaissent dans l\u2019Archev\u00each\u00e9.<\/p>\n<p style=\"font-weight: 400;\">\u00abFiloxenia\u00bb, suivant la tradition chr\u00e9tienne orthodoxe, souhaite tendre la main \u00e0 ceux qui sont dans le besoin et pour ce faire, elle lance une invitation ouverte \u00e0 tous les int\u00e9ress\u00e9s soucieux de contribuer \u00e0 cet objectif.<\/p>\n<p style=\"font-weight: 400;\">Dans un esprit de parfaite collaboration et de solidarit\u00e9 avec les paroisses et leurs centres d\u2019entre-aide de Belgique, des Pays-Bas et du Luxembourg, \u00abFiloxenia\u00bb agira selon les 4 axes suivants:<\/p>\n<p>a) Diaconie Philanthropique: visites et soutien des institutions tels des homes, des prisons, des orphelinats; distribution de mat\u00e9riels, de nourriture, de v\u00eatements, etc.<\/p>\n<p>b) Pastorale de la Sant\u00e9: Pastorale aupr\u00e8s des malades en institution ou \u00e0 domicile.<\/p>\n<p>c) \u00c9cologie \u2013 Jeunesse \u2013 \u00c9ducation: \u00c9cologie Orthodoxe avec \u00e9ducation environnementale, programmes du Patriarcat \u0152cum\u00e9nique, etc.<\/p>\n<p>d) Soci\u00e9t\u00e9 et culture: Renforcement des r\u00e9seaux sociaux, excursions pastorales et culturelles, \u00e9v\u00e9nements caritatifs, etc.<\/p>\n<p style=\"font-weight: 400;\"><strong>E-mail:<\/strong> <a href=\"mailto:filoxenia@orthodoxia.be\">filoxenia@orthodoxia.be<\/a><\/p>\n<p style=\"font-weight: 400;\"><strong>Compte bancaire: Filoxenia asbl.\u00a0<\/strong><strong>IBAN: BE02 3631 9565 8740, BIC: BBRUBEBB<\/strong><\/p>\n<p style=\"font-weight: 400;\"><strong>Pr\u00e9sident:<\/strong>\u00a0Theodora Antoniou<\/p>\n<p style=\"font-weight: 400;\"><strong>Secr\u00e9taire:<\/strong> Eleni Zampoka<\/p>\n<p><strong>Tr\u00e9sorier:<\/strong> Aspasia Limniou<\/p>\n<p><strong>Membres:<\/strong><span style=\"font-weight: 400;\"> Archimandrite Philadelphos Kafalis, Archipr\u00eatre Pawel Cecha, Nektaria Margaroni, Konstantina Michaloglou<\/span><\/p>\n<p style=\"text-align: justify;\">\n","protected":false},"excerpt":{"rendered":"<p>Commission Philanthropique \u00ab Asbl Filoxenia \u00bb \u00abFiloxenia\u00bb constitue le Service d\u2019Entre-Aide Centrale de l\u2019Archev\u00each\u00e9 de Belgique et Exarchat des Pays-Bas et du Luxembourg. Elle doit sa constitution en asbl (Num\u00e9ro d\u2019entreprise \u2013 BCE: BE072.89.36) \u00e0 l\u2019initiative de Son \u00c9minence le M\u00e9tropolite Ath\u00e9nagoras de Belgique dans le but de r\u00e9pondre aux nombreux d\u00e9fis mais aussi aux &hellip; <a href=\"https:\/\/orthodoxia.be\/fr\/diaconie\/commission-philanthropie-filoptochos\/\">Continued<\/a><\/p>\n","protected":false},"author":2,"featured_media":9411,"parent":8071,"menu_order":4,"comment_status":"closed","ping_status":"closed","template":"","meta":{"_acf_changed":false,"footnotes":""},"class_list":["post-6236","page","type-page","status-publish","has-post-thumbnail","hentry"],"acf":[],"yoast_head":"<!-- This site is optimized with the Yoast SEO plugin v24.3 - https:\/\/yoast.com\/wordpress\/plugins\/seo\/ -->\n<title>Commission Philanthropie (Filoptochos) - Archev\u00each\u00e9 Orthodoxe de Belgique<\/title>\n<meta name=\"robots\" content=\"index, follow, max-snippet:-1, max-image-preview:large, max-video-preview:-1\" \/>\n<link rel=\"canonical\" href=\"https:\/\/orthodoxia.be\/\u03b4\u03b9\u03b1\u03ba\u03bf\u03bd\u03af\u03b1\/\u03c6\u03b9\u03bb\u03b1\u03bd\u03b8\u03c1\u03bf\u03c0\u03af\u03b1-\u03c6\u03b9\u03bb\u03bf\u03be\u03b5\u03bd\u03b5\u03bd\u03af\u03b1\/\" \/>\n<meta property=\"og:locale\" content=\"fr_FR\" \/>\n<meta property=\"og:type\" content=\"article\" \/>\n<meta property=\"og:title\" content=\"Commission Philanthropie (Filoptochos) - Archev\u00each\u00e9 Orthodoxe de Belgique\" \/>\n<meta property=\"og:description\" content=\"Commission Philanthropique \u00ab Asbl Filoxenia \u00bb \u00abFiloxenia\u00bb constitue le Service d\u2019Entre-Aide Centrale de l\u2019Archev\u00each\u00e9 de Belgique et Exarchat des Pays-Bas et du Luxembourg. Elle doit sa constitution en asbl (Num\u00e9ro d\u2019entreprise \u2013 BCE: BE072.89.36) \u00e0 l\u2019initiative de Son \u00c9minence le M\u00e9tropolite Ath\u00e9nagoras de Belgique dans le but de r\u00e9pondre aux nombreux d\u00e9fis mais aussi aux &hellip; Continued\" \/>\n<meta property=\"og:url\" content=\"https:\/\/orthodoxia.be\/\u03b4\u03b9\u03b1\u03ba\u03bf\u03bd\u03af\u03b1\/\u03c6\u03b9\u03bb\u03b1\u03bd\u03b8\u03c1\u03bf\u03c0\u03af\u03b1-\u03c6\u03b9\u03bb\u03bf\u03be\u03b5\u03bd\u03b5\u03bd\u03af\u03b1\/\" \/>\n<meta property=\"og:site_name\" content=\"Archev\u00each\u00e9 Orthodoxe de Belgique\" \/>\n<meta property=\"article:publisher\" content=\"https:\/\/www.facebook.com\/orthobel\" \/>\n<meta property=\"article:modified_time\" content=\"2024-06-17T10:06:11+00:00\" \/>\n<meta property=\"og:image\" content=\"https:\/\/orthodoxia.be\/wp-content\/uploads\/2018\/05\/kalos_samaritis_e0.jpg\" \/>\n\t<meta property=\"og:image:width\" content=\"570\" \/>\n\t<meta property=\"og:image:height\" content=\"390\" \/>\n\t<meta property=\"og:image:type\" content=\"image\/jpeg\" \/>\n<meta name=\"twitter:card\" content=\"summary_large_image\" \/>\n<meta name=\"twitter:site\" content=\"@orthobel\" \/>\n<meta name=\"twitter:label1\" content=\"Dur\u00e9e de lecture est.\" \/>\n\t<meta name=\"twitter:data1\" content=\"1 minute\" \/>\n<script type=\"application\/ld+json\" class=\"yoast-schema-graph\">{\"@context\":\"https:\/\/schema.org\",\"@graph\":[{\"@type\":\"WebPage\",\"@id\":\"https:\/\/orthodoxia.be\/%ce%b4%ce%b9%ce%b1%ce%ba%ce%bf%ce%bd%ce%af%ce%b1\/%cf%86%ce%b9%ce%bb%ce%b1%ce%bd%ce%b8%cf%81%ce%bf%cf%80%ce%af%ce%b1-%cf%86%ce%b9%ce%bb%ce%bf%ce%be%ce%b5%ce%bd%ce%b5%ce%bd%ce%af%ce%b1\/\",\"url\":\"https:\/\/orthodoxia.be\/%ce%b4%ce%b9%ce%b1%ce%ba%ce%bf%ce%bd%ce%af%ce%b1\/%cf%86%ce%b9%ce%bb%ce%b1%ce%bd%ce%b8%cf%81%ce%bf%cf%80%ce%af%ce%b1-%cf%86%ce%b9%ce%bb%ce%bf%ce%be%ce%b5%ce%bd%ce%b5%ce%bd%ce%af%ce%b1\/\",\"name\":\"Commission Philanthropie (Filoptochos) - Archev\u00each\u00e9 Orthodoxe de Belgique\",\"isPartOf\":{\"@id\":\"https:\/\/orthodoxia.be\/#website\"},\"primaryImageOfPage\":{\"@id\":\"https:\/\/orthodoxia.be\/%ce%b4%ce%b9%ce%b1%ce%ba%ce%bf%ce%bd%ce%af%ce%b1\/%cf%86%ce%b9%ce%bb%ce%b1%ce%bd%ce%b8%cf%81%ce%bf%cf%80%ce%af%ce%b1-%cf%86%ce%b9%ce%bb%ce%bf%ce%be%ce%b5%ce%bd%ce%b5%ce%bd%ce%af%ce%b1\/#primaryimage\"},\"image\":{\"@id\":\"https:\/\/orthodoxia.be\/%ce%b4%ce%b9%ce%b1%ce%ba%ce%bf%ce%bd%ce%af%ce%b1\/%cf%86%ce%b9%ce%bb%ce%b1%ce%bd%ce%b8%cf%81%ce%bf%cf%80%ce%af%ce%b1-%cf%86%ce%b9%ce%bb%ce%bf%ce%be%ce%b5%ce%bd%ce%b5%ce%bd%ce%af%ce%b1\/#primaryimage\"},\"thumbnailUrl\":\"https:\/\/orthodoxia.be\/wp-content\/uploads\/2018\/05\/kalos_samaritis_e0.jpg\",\"datePublished\":\"2018-01-29T11:07:58+00:00\",\"dateModified\":\"2024-06-17T10:06:11+00:00\",\"breadcrumb\":{\"@id\":\"https:\/\/orthodoxia.be\/%ce%b4%ce%b9%ce%b1%ce%ba%ce%bf%ce%bd%ce%af%ce%b1\/%cf%86%ce%b9%ce%bb%ce%b1%ce%bd%ce%b8%cf%81%ce%bf%cf%80%ce%af%ce%b1-%cf%86%ce%b9%ce%bb%ce%bf%ce%be%ce%b5%ce%bd%ce%b5%ce%bd%ce%af%ce%b1\/#breadcrumb\"},\"inLanguage\":\"fr-BE\",\"potentialAction\":[{\"@type\":\"ReadAction\",\"target\":[\"https:\/\/orthodoxia.be\/%ce%b4%ce%b9%ce%b1%ce%ba%ce%bf%ce%bd%ce%af%ce%b1\/%cf%86%ce%b9%ce%bb%ce%b1%ce%bd%ce%b8%cf%81%ce%bf%cf%80%ce%af%ce%b1-%cf%86%ce%b9%ce%bb%ce%bf%ce%be%ce%b5%ce%bd%ce%b5%ce%bd%ce%af%ce%b1\/\"]}]},{\"@type\":\"ImageObject\",\"inLanguage\":\"fr-BE\",\"@id\":\"https:\/\/orthodoxia.be\/%ce%b4%ce%b9%ce%b1%ce%ba%ce%bf%ce%bd%ce%af%ce%b1\/%cf%86%ce%b9%ce%bb%ce%b1%ce%bd%ce%b8%cf%81%ce%bf%cf%80%ce%af%ce%b1-%cf%86%ce%b9%ce%bb%ce%bf%ce%be%ce%b5%ce%bd%ce%b5%ce%bd%ce%af%ce%b1\/#primaryimage\",\"url\":\"https:\/\/orthodoxia.be\/wp-content\/uploads\/2018\/05\/kalos_samaritis_e0.jpg\",\"contentUrl\":\"https:\/\/orthodoxia.be\/wp-content\/uploads\/2018\/05\/kalos_samaritis_e0.jpg\",\"width\":570,\"height\":390},{\"@type\":\"BreadcrumbList\",\"@id\":\"https:\/\/orthodoxia.be\/%ce%b4%ce%b9%ce%b1%ce%ba%ce%bf%ce%bd%ce%af%ce%b1\/%cf%86%ce%b9%ce%bb%ce%b1%ce%bd%ce%b8%cf%81%ce%bf%cf%80%ce%af%ce%b1-%cf%86%ce%b9%ce%bb%ce%bf%ce%be%ce%b5%ce%bd%ce%b5%ce%bd%ce%af%ce%b1\/#breadcrumb\",\"itemListElement\":[{\"@type\":\"ListItem\",\"position\":1,\"name\":\"Home\",\"item\":\"https:\/\/orthodoxia.be\/fr\/\"},{\"@type\":\"ListItem\",\"position\":2,\"name\":\"Diaconie\",\"item\":\"https:\/\/orthodoxia.be\/fr\/diaconie\/\"},{\"@type\":\"ListItem\",\"position\":3,\"name\":\"Commission Philanthropie (Filoptochos)\"}]},{\"@type\":\"WebSite\",\"@id\":\"https:\/\/orthodoxia.be\/#website\",\"url\":\"https:\/\/orthodoxia.be\/\",\"name\":\"Orthodox Archdiocese of Belgium (Benelux)\",\"description\":\"Exarque des Pays-Bas et du Luxembourg\",\"publisher\":{\"@id\":\"https:\/\/orthodoxia.be\/#organization\"},\"alternateName\":\"IMB\",\"potentialAction\":[{\"@type\":\"SearchAction\",\"target\":{\"@type\":\"EntryPoint\",\"urlTemplate\":\"https:\/\/orthodoxia.be\/?s={search_term_string}\"},\"query-input\":{\"@type\":\"PropertyValueSpecification\",\"valueRequired\":true,\"valueName\":\"search_term_string\"}}],\"inLanguage\":\"fr-BE\"},{\"@type\":\"Organization\",\"@id\":\"https:\/\/orthodoxia.be\/#organization\",\"name\":\"Orthodox Archdiocese of Belgium (Benelux)\",\"url\":\"https:\/\/orthodoxia.be\/\",\"logo\":{\"@type\":\"ImageObject\",\"inLanguage\":\"fr-BE\",\"@id\":\"https:\/\/orthodoxia.be\/#\/schema\/logo\/image\/\",\"url\":\"https:\/\/orthodoxia.be\/wp-content\/uploads\/2024\/02\/cropped-IMB-logo-512-cl-1.png\",\"contentUrl\":\"https:\/\/orthodoxia.be\/wp-content\/uploads\/2024\/02\/cropped-IMB-logo-512-cl-1.png\",\"width\":512,\"height\":512,\"caption\":\"Orthodox Archdiocese of Belgium (Benelux)\"},\"image\":{\"@id\":\"https:\/\/orthodoxia.be\/#\/schema\/logo\/image\/\"},\"sameAs\":[\"https:\/\/www.facebook.com\/orthobel\",\"https:\/\/x.com\/orthobel\",\"https:\/\/www.youtube.com\/c\/orthobel\",\"https:\/\/www.mixcloud.com\/orthobel\/\",\"https:\/\/www.flickr.com\/photos\/148264890@N07\/albums\",\"https:\/\/www.dailymotion.com\/Orthobel\"]}]}<\/script>\n<!-- \/ Yoast SEO plugin. -->","yoast_head_json":{"title":"Commission Philanthropie (Filoptochos) - Archev\u00each\u00e9 Orthodoxe de Belgique","robots":{"index":"index","follow":"follow","max-snippet":"max-snippet:-1","max-image-preview":"max-image-preview:large","max-video-preview":"max-video-preview:-1"},"canonical":"https:\/\/orthodoxia.be\/\u03b4\u03b9\u03b1\u03ba\u03bf\u03bd\u03af\u03b1\/\u03c6\u03b9\u03bb\u03b1\u03bd\u03b8\u03c1\u03bf\u03c0\u03af\u03b1-\u03c6\u03b9\u03bb\u03bf\u03be\u03b5\u03bd\u03b5\u03bd\u03af\u03b1\/","og_locale":"fr_FR","og_type":"article","og_title":"Commission Philanthropie (Filoptochos) - Archev\u00each\u00e9 Orthodoxe de Belgique","og_description":"Commission Philanthropique \u00ab Asbl Filoxenia \u00bb \u00abFiloxenia\u00bb constitue le Service d\u2019Entre-Aide Centrale de l\u2019Archev\u00each\u00e9 de Belgique et Exarchat des Pays-Bas et du Luxembourg. Elle doit sa constitution en asbl (Num\u00e9ro d\u2019entreprise \u2013 BCE: BE072.89.36) \u00e0 l\u2019initiative de Son \u00c9minence le M\u00e9tropolite Ath\u00e9nagoras de Belgique dans le but de r\u00e9pondre aux nombreux d\u00e9fis mais aussi aux &hellip; Continued","og_url":"https:\/\/orthodoxia.be\/\u03b4\u03b9\u03b1\u03ba\u03bf\u03bd\u03af\u03b1\/\u03c6\u03b9\u03bb\u03b1\u03bd\u03b8\u03c1\u03bf\u03c0\u03af\u03b1-\u03c6\u03b9\u03bb\u03bf\u03be\u03b5\u03bd\u03b5\u03bd\u03af\u03b1\/","og_site_name":"Archev\u00each\u00e9 Orthodoxe de Belgique","article_publisher":"https:\/\/www.facebook.com\/orthobel","article_modified_time":"2024-06-17T10:06:11+00:00","og_image":[{"width":570,"height":390,"url":"https:\/\/orthodoxia.be\/wp-content\/uploads\/2018\/05\/kalos_samaritis_e0.jpg","type":"image\/jpeg"}],"twitter_card":"summary_large_image","twitter_site":"@orthobel","twitter_misc":{"Dur\u00e9e de lecture est.":"1 minute"},"schema":{"@context":"https:\/\/schema.org","@graph":[{"@type":"WebPage","@id":"https:\/\/orthodoxia.be\/%ce%b4%ce%b9%ce%b1%ce%ba%ce%bf%ce%bd%ce%af%ce%b1\/%cf%86%ce%b9%ce%bb%ce%b1%ce%bd%ce%b8%cf%81%ce%bf%cf%80%ce%af%ce%b1-%cf%86%ce%b9%ce%bb%ce%bf%ce%be%ce%b5%ce%bd%ce%b5%ce%bd%ce%af%ce%b1\/","url":"https:\/\/orthodoxia.be\/%ce%b4%ce%b9%ce%b1%ce%ba%ce%bf%ce%bd%ce%af%ce%b1\/%cf%86%ce%b9%ce%bb%ce%b1%ce%bd%ce%b8%cf%81%ce%bf%cf%80%ce%af%ce%b1-%cf%86%ce%b9%ce%bb%ce%bf%ce%be%ce%b5%ce%bd%ce%b5%ce%bd%ce%af%ce%b1\/","name":"Commission Philanthropie (Filoptochos) - Archev\u00each\u00e9 Orthodoxe de Belgique","isPartOf":{"@id":"https:\/\/orthodoxia.be\/#website"},"primaryImageOfPage":{"@id":"https:\/\/orthodoxia.be\/%ce%b4%ce%b9%ce%b1%ce%ba%ce%bf%ce%bd%ce%af%ce%b1\/%cf%86%ce%b9%ce%bb%ce%b1%ce%bd%ce%b8%cf%81%ce%bf%cf%80%ce%af%ce%b1-%cf%86%ce%b9%ce%bb%ce%bf%ce%be%ce%b5%ce%bd%ce%b5%ce%bd%ce%af%ce%b1\/#primaryimage"},"image":{"@id":"https:\/\/orthodoxia.be\/%ce%b4%ce%b9%ce%b1%ce%ba%ce%bf%ce%bd%ce%af%ce%b1\/%cf%86%ce%b9%ce%bb%ce%b1%ce%bd%ce%b8%cf%81%ce%bf%cf%80%ce%af%ce%b1-%cf%86%ce%b9%ce%bb%ce%bf%ce%be%ce%b5%ce%bd%ce%b5%ce%bd%ce%af%ce%b1\/#primaryimage"},"thumbnailUrl":"https:\/\/orthodoxia.be\/wp-content\/uploads\/2018\/05\/kalos_samaritis_e0.jpg","datePublished":"2018-01-29T11:07:58+00:00","dateModified":"2024-06-17T10:06:11+00:00","breadcrumb":{"@id":"https:\/\/orthodoxia.be\/%ce%b4%ce%b9%ce%b1%ce%ba%ce%bf%ce%bd%ce%af%ce%b1\/%cf%86%ce%b9%ce%bb%ce%b1%ce%bd%ce%b8%cf%81%ce%bf%cf%80%ce%af%ce%b1-%cf%86%ce%b9%ce%bb%ce%bf%ce%be%ce%b5%ce%bd%ce%b5%ce%bd%ce%af%ce%b1\/#breadcrumb"},"inLanguage":"fr-BE","potentialAction":[{"@type":"ReadAction","target":["https:\/\/orthodoxia.be\/%ce%b4%ce%b9%ce%b1%ce%ba%ce%bf%ce%bd%ce%af%ce%b1\/%cf%86%ce%b9%ce%bb%ce%b1%ce%bd%ce%b8%cf%81%ce%bf%cf%80%ce%af%ce%b1-%cf%86%ce%b9%ce%bb%ce%bf%ce%be%ce%b5%ce%bd%ce%b5%ce%bd%ce%af%ce%b1\/"]}]},{"@type":"ImageObject","inLanguage":"fr-BE","@id":"https:\/\/orthodoxia.be\/%ce%b4%ce%b9%ce%b1%ce%ba%ce%bf%ce%bd%ce%af%ce%b1\/%cf%86%ce%b9%ce%bb%ce%b1%ce%bd%ce%b8%cf%81%ce%bf%cf%80%ce%af%ce%b1-%cf%86%ce%b9%ce%bb%ce%bf%ce%be%ce%b5%ce%bd%ce%b5%ce%bd%ce%af%ce%b1\/#primaryimage","url":"https:\/\/orthodoxia.be\/wp-content\/uploads\/2018\/05\/kalos_samaritis_e0.jpg","contentUrl":"https:\/\/orthodoxia.be\/wp-content\/uploads\/2018\/05\/kalos_samaritis_e0.jpg","width":570,"height":390},{"@type":"BreadcrumbList","@id":"https:\/\/orthodoxia.be\/%ce%b4%ce%b9%ce%b1%ce%ba%ce%bf%ce%bd%ce%af%ce%b1\/%cf%86%ce%b9%ce%bb%ce%b1%ce%bd%ce%b8%cf%81%ce%bf%cf%80%ce%af%ce%b1-%cf%86%ce%b9%ce%bb%ce%bf%ce%be%ce%b5%ce%bd%ce%b5%ce%bd%ce%af%ce%b1\/#breadcrumb","itemListElement":[{"@type":"ListItem","position":1,"name":"Home","item":"https:\/\/orthodoxia.be\/fr\/"},{"@type":"ListItem","position":2,"name":"Diaconie","item":"https:\/\/orthodoxia.be\/fr\/diaconie\/"},{"@type":"ListItem","position":3,"name":"Commission Philanthropie (Filoptochos)"}]},{"@type":"WebSite","@id":"https:\/\/orthodoxia.be\/#website","url":"https:\/\/orthodoxia.be\/","name":"Orthodox Archdiocese of Belgium (Benelux)","description":"Exarque des Pays-Bas et du Luxembourg","publisher":{"@id":"https:\/\/orthodoxia.be\/#organization"},"alternateName":"IMB","potentialAction":[{"@type":"SearchAction","target":{"@type":"EntryPoint","urlTemplate":"https:\/\/orthodoxia.be\/?s={search_term_string}"},"query-input":{"@type":"PropertyValueSpecification","valueRequired":true,"valueName":"search_term_string"}}],"inLanguage":"fr-BE"},{"@type":"Organization","@id":"https:\/\/orthodoxia.be\/#organization","name":"Orthodox Archdiocese of Belgium (Benelux)","url":"https:\/\/orthodoxia.be\/","logo":{"@type":"ImageObject","inLanguage":"fr-BE","@id":"https:\/\/orthodoxia.be\/#\/schema\/logo\/image\/","url":"https:\/\/orthodoxia.be\/wp-content\/uploads\/2024\/02\/cropped-IMB-logo-512-cl-1.png","contentUrl":"https:\/\/orthodoxia.be\/wp-content\/uploads\/2024\/02\/cropped-IMB-logo-512-cl-1.png","width":512,"height":512,"caption":"Orthodox Archdiocese of Belgium (Benelux)"},"image":{"@id":"https:\/\/orthodoxia.be\/#\/schema\/logo\/image\/"},"sameAs":["https:\/\/www.facebook.com\/orthobel","https:\/\/x.com\/orthobel","https:\/\/www.youtube.com\/c\/orthobel","https:\/\/www.mixcloud.com\/orthobel\/","https:\/\/www.flickr.com\/photos\/148264890@N07\/albums","https:\/\/www.dailymotion.com\/Orthobel"]}]}},"_links":{"self":[{"href":"https:\/\/orthodoxia.be\/fr\/wp-json\/wp\/v2\/pages\/6236","targetHints":{"allow":["GET"]}}],"collection":[{"href":"https:\/\/orthodoxia.be\/fr\/wp-json\/wp\/v2\/pages"}],"about":[{"href":"https:\/\/orthodoxia.be\/fr\/wp-json\/wp\/v2\/types\/page"}],"author":[{"embeddable":true,"href":"https:\/\/orthodoxia.be\/fr\/wp-json\/wp\/v2\/users\/2"}],"replies":[{"embeddable":true,"href":"https:\/\/orthodoxia.be\/fr\/wp-json\/wp\/v2\/comments?post=6236"}],"version-history":[{"count":6,"href":"https:\/\/orthodoxia.be\/fr\/wp-json\/wp\/v2\/pages\/6236\/revisions"}],"predecessor-version":[{"id":45947,"href":"https:\/\/orthodoxia.be\/fr\/wp-json\/wp\/v2\/pages\/6236\/revisions\/45947"}],"up":[{"embeddable":true,"href":"https:\/\/orthodoxia.be\/fr\/wp-json\/wp\/v2\/pages\/8071"}],"wp:featuredmedia":[{"embeddable":true,"href":"https:\/\/orthodoxia.be\/fr\/wp-json\/wp\/v2\/media\/9411"}],"wp:attachment":[{"href":"https:\/\/orthodoxia.be\/fr\/wp-json\/wp\/v2\/media?parent=6236"}],"curies":[{"name":"wp","href":"https:\/\/api.w.org\/{rel}","templated":true}]}}