{"id":6243,"date":"2018-02-28T11:58:30","date_gmt":"2018-02-28T10:58:30","guid":{"rendered":"http:\/\/new.orthodoxia.be\/?page_id=6243"},"modified":"2018-02-28T11:59:16","modified_gmt":"2018-02-28T11:59:16","slug":"assistance-religieuse-aupres-des-malades","status":"publish","type":"page","link":"https:\/\/orthodoxia.be\/fr\/diaconie\/assistance-religieuse-aupres-des-malades\/","title":{"rendered":"Assistance religieuse aupr\u00e8s des malades"},"content":{"rendered":"<p style=\"text-align: justify;\">Les visites et le soutien \u00e0 tous les malades en institution hospitali\u00e8re sont assur\u00e9s par les pr\u00eatres d\u00e9sign\u00e9s.<\/p>\n","protected":false},"excerpt":{"rendered":"<p>Les visites et le soutien \u00e0 tous les malades en institution hospitali\u00e8re sont assur\u00e9s par les pr\u00eatres d\u00e9sign\u00e9s.<\/p>\n","protected":false},"author":2,"featured_media":9910,"parent":8071,"menu_order":5,"comment_status":"closed","ping_status":"closed","template":"","meta":{"_acf_changed":false,"footnotes":""},"class_list":["post-6243","page","type-page","status-publish","has-post-thumbnail","hentry"],"acf":[],"yoast_head":"<!-- This site is optimized with the Yoast SEO plugin v24.3 - https:\/\/yoast.com\/wordpress\/plugins\/seo\/ -->\n<title>Assistance religieuse aupr\u00e8s des malades - Archev\u00each\u00e9 Orthodoxe de Belgique<\/title>\n<meta name=\"robots\" content=\"index, follow, max-snippet:-1, max-image-preview:large, max-video-preview:-1\" \/>\n<link rel=\"canonical\" href=\"https:\/\/orthodoxia.be\/fr\/diaconie\/assistance-religieuse-aupres-des-malades\/\" \/>\n<meta property=\"og:locale\" content=\"fr_FR\" \/>\n<meta property=\"og:type\" content=\"article\" \/>\n<meta property=\"og:title\" content=\"Assistance religieuse aupr\u00e8s des malades - Archev\u00each\u00e9 Orthodoxe de Belgique\" \/>\n<meta property=\"og:description\" content=\"Les visites et le soutien \u00e0 tous les malades en institution hospitali\u00e8re sont assur\u00e9s par les pr\u00eatres d\u00e9sign\u00e9s.\" \/>\n<meta property=\"og:url\" content=\"https:\/\/orthodoxia.be\/fr\/diaconie\/assistance-religieuse-aupres-des-malades\/\" \/>\n<meta property=\"og:site_name\" content=\"Archev\u00each\u00e9 Orthodoxe de Belgique\" \/>\n<meta property=\"article:publisher\" content=\"https:\/\/www.facebook.com\/orthobel\" \/>\n<meta property=\"article:modified_time\" content=\"2018-02-28T11:59:16+00:00\" \/>\n<meta property=\"og:image\" content=\"https:\/\/orthodoxia.be\/wp-content\/uploads\/2018\/05\/\u0398\u03c1\u03b7\u03c3\u03ba\u03b5\u03c5\u03c4\u03b9\u03ba\u1f74-\u1f59\u03c0\u03b7\u03c1\u03b5\u03c3\u03af\u03b1-\u1f08\u03c3\u03b8\u03b5\u03bd\u1ff6\u03bd.png\" \/>\n\t<meta property=\"og:image:width\" content=\"279\" \/>\n\t<meta property=\"og:image:height\" content=\"410\" \/>\n\t<meta property=\"og:image:type\" content=\"image\/png\" \/>\n<meta name=\"twitter:card\" content=\"summary_large_image\" \/>\n<meta name=\"twitter:site\" content=\"@orthobel\" \/>\n<script type=\"application\/ld+json\" class=\"yoast-schema-graph\">{\"@context\":\"https:\/\/schema.org\",\"@graph\":[{\"@type\":\"WebPage\",\"@id\":\"https:\/\/orthodoxia.be\/fr\/diaconie\/assistance-religieuse-aupres-des-malades\/\",\"url\":\"https:\/\/orthodoxia.be\/fr\/diaconie\/assistance-religieuse-aupres-des-malades\/\",\"name\":\"Assistance religieuse aupr\u00e8s des malades - Archev\u00each\u00e9 Orthodoxe de Belgique\",\"isPartOf\":{\"@id\":\"https:\/\/orthodoxia.be\/#website\"},\"primaryImageOfPage\":{\"@id\":\"https:\/\/orthodoxia.be\/fr\/diaconie\/assistance-religieuse-aupres-des-malades\/#primaryimage\"},\"image\":{\"@id\":\"https:\/\/orthodoxia.be\/fr\/diaconie\/assistance-religieuse-aupres-des-malades\/#primaryimage\"},\"thumbnailUrl\":\"https:\/\/orthodoxia.be\/wp-content\/uploads\/2018\/05\/\u0398\u03c1\u03b7\u03c3\u03ba\u03b5\u03c5\u03c4\u03b9\u03ba\u1f74-\u1f59\u03c0\u03b7\u03c1\u03b5\u03c3\u03af\u03b1-\u1f08\u03c3\u03b8\u03b5\u03bd\u1ff6\u03bd.png\",\"datePublished\":\"2018-02-28T10:58:30+00:00\",\"dateModified\":\"2018-02-28T11:59:16+00:00\",\"breadcrumb\":{\"@id\":\"https:\/\/orthodoxia.be\/fr\/diaconie\/assistance-religieuse-aupres-des-malades\/#breadcrumb\"},\"inLanguage\":\"fr-BE\",\"potentialAction\":[{\"@type\":\"ReadAction\",\"target\":[\"https:\/\/orthodoxia.be\/fr\/diaconie\/assistance-religieuse-aupres-des-malades\/\"]}]},{\"@type\":\"ImageObject\",\"inLanguage\":\"fr-BE\",\"@id\":\"https:\/\/orthodoxia.be\/fr\/diaconie\/assistance-religieuse-aupres-des-malades\/#primaryimage\",\"url\":\"https:\/\/orthodoxia.be\/wp-content\/uploads\/2018\/05\/\u0398\u03c1\u03b7\u03c3\u03ba\u03b5\u03c5\u03c4\u03b9\u03ba\u1f74-\u1f59\u03c0\u03b7\u03c1\u03b5\u03c3\u03af\u03b1-\u1f08\u03c3\u03b8\u03b5\u03bd\u1ff6\u03bd.png\",\"contentUrl\":\"https:\/\/orthodoxia.be\/wp-content\/uploads\/2018\/05\/\u0398\u03c1\u03b7\u03c3\u03ba\u03b5\u03c5\u03c4\u03b9\u03ba\u1f74-\u1f59\u03c0\u03b7\u03c1\u03b5\u03c3\u03af\u03b1-\u1f08\u03c3\u03b8\u03b5\u03bd\u1ff6\u03bd.png\",\"width\":279,\"height\":410},{\"@type\":\"BreadcrumbList\",\"@id\":\"https:\/\/orthodoxia.be\/fr\/diaconie\/assistance-religieuse-aupres-des-malades\/#breadcrumb\",\"itemListElement\":[{\"@type\":\"ListItem\",\"position\":1,\"name\":\"Home\",\"item\":\"https:\/\/orthodoxia.be\/fr\/\"},{\"@type\":\"ListItem\",\"position\":2,\"name\":\"Diaconie\",\"item\":\"https:\/\/orthodoxia.be\/fr\/diaconie\/\"},{\"@type\":\"ListItem\",\"position\":3,\"name\":\"Assistance religieuse aupr\u00e8s des malades\"}]},{\"@type\":\"WebSite\",\"@id\":\"https:\/\/orthodoxia.be\/#website\",\"url\":\"https:\/\/orthodoxia.be\/\",\"name\":\"Orthodox Archdiocese of Belgium (Benelux)\",\"description\":\"Exarque des Pays-Bas et du Luxembourg\",\"publisher\":{\"@id\":\"https:\/\/orthodoxia.be\/#organization\"},\"alternateName\":\"IMB\",\"potentialAction\":[{\"@type\":\"SearchAction\",\"target\":{\"@type\":\"EntryPoint\",\"urlTemplate\":\"https:\/\/orthodoxia.be\/?s={search_term_string}\"},\"query-input\":{\"@type\":\"PropertyValueSpecification\",\"valueRequired\":true,\"valueName\":\"search_term_string\"}}],\"inLanguage\":\"fr-BE\"},{\"@type\":\"Organization\",\"@id\":\"https:\/\/orthodoxia.be\/#organization\",\"name\":\"Orthodox Archdiocese of Belgium (Benelux)\",\"url\":\"https:\/\/orthodoxia.be\/\",\"logo\":{\"@type\":\"ImageObject\",\"inLanguage\":\"fr-BE\",\"@id\":\"https:\/\/orthodoxia.be\/#\/schema\/logo\/image\/\",\"url\":\"https:\/\/orthodoxia.be\/wp-content\/uploads\/2024\/02\/cropped-IMB-logo-512-cl-1.png\",\"contentUrl\":\"https:\/\/orthodoxia.be\/wp-content\/uploads\/2024\/02\/cropped-IMB-logo-512-cl-1.png\",\"width\":512,\"height\":512,\"caption\":\"Orthodox Archdiocese of Belgium (Benelux)\"},\"image\":{\"@id\":\"https:\/\/orthodoxia.be\/#\/schema\/logo\/image\/\"},\"sameAs\":[\"https:\/\/www.facebook.com\/orthobel\",\"https:\/\/x.com\/orthobel\",\"https:\/\/www.youtube.com\/c\/orthobel\",\"https:\/\/www.mixcloud.com\/orthobel\/\",\"https:\/\/www.flickr.com\/photos\/148264890@N07\/albums\",\"https:\/\/www.dailymotion.com\/Orthobel\"]}]}<\/script>\n<!-- \/ Yoast SEO plugin. -->","yoast_head_json":{"title":"Assistance religieuse aupr\u00e8s des malades - Archev\u00each\u00e9 Orthodoxe de Belgique","robots":{"index":"index","follow":"follow","max-snippet":"max-snippet:-1","max-image-preview":"max-image-preview:large","max-video-preview":"max-video-preview:-1"},"canonical":"https:\/\/orthodoxia.be\/fr\/diaconie\/assistance-religieuse-aupres-des-malades\/","og_locale":"fr_FR","og_type":"article","og_title":"Assistance religieuse aupr\u00e8s des malades - Archev\u00each\u00e9 Orthodoxe de Belgique","og_description":"Les visites et le soutien \u00e0 tous les malades en institution hospitali\u00e8re sont assur\u00e9s par les pr\u00eatres d\u00e9sign\u00e9s.","og_url":"https:\/\/orthodoxia.be\/fr\/diaconie\/assistance-religieuse-aupres-des-malades\/","og_site_name":"Archev\u00each\u00e9 Orthodoxe de Belgique","article_publisher":"https:\/\/www.facebook.com\/orthobel","article_modified_time":"2018-02-28T11:59:16+00:00","og_image":[{"width":279,"height":410,"url":"https:\/\/orthodoxia.be\/wp-content\/uploads\/2018\/05\/\u0398\u03c1\u03b7\u03c3\u03ba\u03b5\u03c5\u03c4\u03b9\u03ba\u1f74-\u1f59\u03c0\u03b7\u03c1\u03b5\u03c3\u03af\u03b1-\u1f08\u03c3\u03b8\u03b5\u03bd\u1ff6\u03bd.png","type":"image\/png"}],"twitter_card":"summary_large_image","twitter_site":"@orthobel","schema":{"@context":"https:\/\/schema.org","@graph":[{"@type":"WebPage","@id":"https:\/\/orthodoxia.be\/fr\/diaconie\/assistance-religieuse-aupres-des-malades\/","url":"https:\/\/orthodoxia.be\/fr\/diaconie\/assistance-religieuse-aupres-des-malades\/","name":"Assistance religieuse aupr\u00e8s des malades - Archev\u00each\u00e9 Orthodoxe de Belgique","isPartOf":{"@id":"https:\/\/orthodoxia.be\/#website"},"primaryImageOfPage":{"@id":"https:\/\/orthodoxia.be\/fr\/diaconie\/assistance-religieuse-aupres-des-malades\/#primaryimage"},"image":{"@id":"https:\/\/orthodoxia.be\/fr\/diaconie\/assistance-religieuse-aupres-des-malades\/#primaryimage"},"thumbnailUrl":"https:\/\/orthodoxia.be\/wp-content\/uploads\/2018\/05\/\u0398\u03c1\u03b7\u03c3\u03ba\u03b5\u03c5\u03c4\u03b9\u03ba\u1f74-\u1f59\u03c0\u03b7\u03c1\u03b5\u03c3\u03af\u03b1-\u1f08\u03c3\u03b8\u03b5\u03bd\u1ff6\u03bd.png","datePublished":"2018-02-28T10:58:30+00:00","dateModified":"2018-02-28T11:59:16+00:00","breadcrumb":{"@id":"https:\/\/orthodoxia.be\/fr\/diaconie\/assistance-religieuse-aupres-des-malades\/#breadcrumb"},"inLanguage":"fr-BE","potentialAction":[{"@type":"ReadAction","target":["https:\/\/orthodoxia.be\/fr\/diaconie\/assistance-religieuse-aupres-des-malades\/"]}]},{"@type":"ImageObject","inLanguage":"fr-BE","@id":"https:\/\/orthodoxia.be\/fr\/diaconie\/assistance-religieuse-aupres-des-malades\/#primaryimage","url":"https:\/\/orthodoxia.be\/wp-content\/uploads\/2018\/05\/\u0398\u03c1\u03b7\u03c3\u03ba\u03b5\u03c5\u03c4\u03b9\u03ba\u1f74-\u1f59\u03c0\u03b7\u03c1\u03b5\u03c3\u03af\u03b1-\u1f08\u03c3\u03b8\u03b5\u03bd\u1ff6\u03bd.png","contentUrl":"https:\/\/orthodoxia.be\/wp-content\/uploads\/2018\/05\/\u0398\u03c1\u03b7\u03c3\u03ba\u03b5\u03c5\u03c4\u03b9\u03ba\u1f74-\u1f59\u03c0\u03b7\u03c1\u03b5\u03c3\u03af\u03b1-\u1f08\u03c3\u03b8\u03b5\u03bd\u1ff6\u03bd.png","width":279,"height":410},{"@type":"BreadcrumbList","@id":"https:\/\/orthodoxia.be\/fr\/diaconie\/assistance-religieuse-aupres-des-malades\/#breadcrumb","itemListElement":[{"@type":"ListItem","position":1,"name":"Home","item":"https:\/\/orthodoxia.be\/fr\/"},{"@type":"ListItem","position":2,"name":"Diaconie","item":"https:\/\/orthodoxia.be\/fr\/diaconie\/"},{"@type":"ListItem","position":3,"name":"Assistance religieuse aupr\u00e8s des malades"}]},{"@type":"WebSite","@id":"https:\/\/orthodoxia.be\/#website","url":"https:\/\/orthodoxia.be\/","name":"Orthodox Archdiocese of Belgium (Benelux)","description":"Exarque des Pays-Bas et du Luxembourg","publisher":{"@id":"https:\/\/orthodoxia.be\/#organization"},"alternateName":"IMB","potentialAction":[{"@type":"SearchAction","target":{"@type":"EntryPoint","urlTemplate":"https:\/\/orthodoxia.be\/?s={search_term_string}"},"query-input":{"@type":"PropertyValueSpecification","valueRequired":true,"valueName":"search_term_string"}}],"inLanguage":"fr-BE"},{"@type":"Organization","@id":"https:\/\/orthodoxia.be\/#organization","name":"Orthodox Archdiocese of Belgium (Benelux)","url":"https:\/\/orthodoxia.be\/","logo":{"@type":"ImageObject","inLanguage":"fr-BE","@id":"https:\/\/orthodoxia.be\/#\/schema\/logo\/image\/","url":"https:\/\/orthodoxia.be\/wp-content\/uploads\/2024\/02\/cropped-IMB-logo-512-cl-1.png","contentUrl":"https:\/\/orthodoxia.be\/wp-content\/uploads\/2024\/02\/cropped-IMB-logo-512-cl-1.png","width":512,"height":512,"caption":"Orthodox Archdiocese of Belgium (Benelux)"},"image":{"@id":"https:\/\/orthodoxia.be\/#\/schema\/logo\/image\/"},"sameAs":["https:\/\/www.facebook.com\/orthobel","https:\/\/x.com\/orthobel","https:\/\/www.youtube.com\/c\/orthobel","https:\/\/www.mixcloud.com\/orthobel\/","https:\/\/www.flickr.com\/photos\/148264890@N07\/albums","https:\/\/www.dailymotion.com\/Orthobel"]}]}},"_links":{"self":[{"href":"https:\/\/orthodoxia.be\/fr\/wp-json\/wp\/v2\/pages\/6243","targetHints":{"allow":["GET"]}}],"collection":[{"href":"https:\/\/orthodoxia.be\/fr\/wp-json\/wp\/v2\/pages"}],"about":[{"href":"https:\/\/orthodoxia.be\/fr\/wp-json\/wp\/v2\/types\/page"}],"author":[{"embeddable":true,"href":"https:\/\/orthodoxia.be\/fr\/wp-json\/wp\/v2\/users\/2"}],"replies":[{"embeddable":true,"href":"https:\/\/orthodoxia.be\/fr\/wp-json\/wp\/v2\/comments?post=6243"}],"version-history":[{"count":1,"href":"https:\/\/orthodoxia.be\/fr\/wp-json\/wp\/v2\/pages\/6243\/revisions"}],"predecessor-version":[{"id":6244,"href":"https:\/\/orthodoxia.be\/fr\/wp-json\/wp\/v2\/pages\/6243\/revisions\/6244"}],"up":[{"embeddable":true,"href":"https:\/\/orthodoxia.be\/fr\/wp-json\/wp\/v2\/pages\/8071"}],"wp:featuredmedia":[{"embeddable":true,"href":"https:\/\/orthodoxia.be\/fr\/wp-json\/wp\/v2\/media\/9910"}],"wp:attachment":[{"href":"https:\/\/orthodoxia.be\/fr\/wp-json\/wp\/v2\/media?parent=6243"}],"curies":[{"name":"wp","href":"https:\/\/api.w.org\/{rel}","templated":true}]}}