{"id":6256,"date":"2018-02-28T14:41:44","date_gmt":"2018-02-28T13:41:44","guid":{"rendered":"http:\/\/new.orthodoxia.be\/?page_id=6256"},"modified":"2023-09-15T12:11:44","modified_gmt":"2023-09-15T10:11:44","slug":"commission-pastorale","status":"publish","type":"page","link":"https:\/\/orthodoxia.be\/fr\/diaconie\/commission-pastorale\/","title":{"rendered":"Commission Pastorale"},"content":{"rendered":"<p style=\"text-align: justify;\">Pr\u00e9sident: Son Eminence le M\u00e9tropolite Ath\u00e9nagoras de Belgique. Secr\u00e9taire: Archipr\u00eatre du T\u00f4ne Oecum\u00e9nique Evangelos Psallas. Membres: Archipr\u00eatre Konstantinos Kenanidis, Pr\u00eatre Alexandros Pitsikakis, Prof. Basile Saroglou, Mme Marina Dermetzaki<\/p>\n","protected":false},"excerpt":{"rendered":"<p>Pr\u00e9sident: Son Eminence le M\u00e9tropolite Ath\u00e9nagoras de Belgique. Secr\u00e9taire: Archipr\u00eatre du T\u00f4ne Oecum\u00e9nique Evangelos Psallas. Membres: Archipr\u00eatre Konstantinos Kenanidis, Pr\u00eatre Alexandros Pitsikakis, Prof. Basile Saroglou, Mme Marina Dermetzaki<\/p>\n","protected":false},"author":2,"featured_media":9435,"parent":8071,"menu_order":7,"comment_status":"closed","ping_status":"closed","template":"","meta":{"_acf_changed":false,"footnotes":""},"class_list":["post-6256","page","type-page","status-publish","has-post-thumbnail","hentry"],"acf":[],"yoast_head":"<!-- This site is optimized with the Yoast SEO plugin v24.3 - https:\/\/yoast.com\/wordpress\/plugins\/seo\/ -->\n<title>Commission Pastorale - Archev\u00each\u00e9 Orthodoxe de Belgique<\/title>\n<meta name=\"robots\" content=\"index, follow, max-snippet:-1, max-image-preview:large, max-video-preview:-1\" \/>\n<link rel=\"canonical\" href=\"https:\/\/orthodoxia.be\/fr\/diaconie\/commission-pastorale\/\" \/>\n<meta property=\"og:locale\" content=\"fr_FR\" \/>\n<meta property=\"og:type\" content=\"article\" \/>\n<meta property=\"og:title\" content=\"Commission Pastorale - Archev\u00each\u00e9 Orthodoxe de Belgique\" \/>\n<meta property=\"og:description\" content=\"Pr\u00e9sident: Son Eminence le M\u00e9tropolite Ath\u00e9nagoras de Belgique. Secr\u00e9taire: Archipr\u00eatre du T\u00f4ne Oecum\u00e9nique Evangelos Psallas. Membres: Archipr\u00eatre Konstantinos Kenanidis, Pr\u00eatre Alexandros Pitsikakis, Prof. Basile Saroglou, Mme Marina Dermetzaki\" \/>\n<meta property=\"og:url\" content=\"https:\/\/orthodoxia.be\/fr\/diaconie\/commission-pastorale\/\" \/>\n<meta property=\"og:site_name\" content=\"Archev\u00each\u00e9 Orthodoxe de Belgique\" \/>\n<meta property=\"article:publisher\" content=\"https:\/\/www.facebook.com\/orthobel\" \/>\n<meta property=\"article:modified_time\" content=\"2023-09-15T10:11:44+00:00\" \/>\n<meta property=\"og:image\" content=\"https:\/\/orthodoxia.be\/wp-content\/uploads\/2018\/05\/\u03a0\u03bf\u03b9\u03bc\u03b1\u03bd\u03c4\u03b9\u03ba\u1fc6-\u039c\u03b5\u03c1\u03af\u03bc\u03bd\u03b1.jpg\" \/>\n\t<meta property=\"og:image:width\" content=\"300\" \/>\n\t<meta property=\"og:image:height\" content=\"162\" \/>\n\t<meta property=\"og:image:type\" content=\"image\/jpeg\" \/>\n<meta name=\"twitter:card\" content=\"summary_large_image\" \/>\n<meta name=\"twitter:site\" content=\"@orthobel\" \/>\n<script type=\"application\/ld+json\" class=\"yoast-schema-graph\">{\"@context\":\"https:\/\/schema.org\",\"@graph\":[{\"@type\":\"WebPage\",\"@id\":\"https:\/\/orthodoxia.be\/fr\/diaconie\/commission-pastorale\/\",\"url\":\"https:\/\/orthodoxia.be\/fr\/diaconie\/commission-pastorale\/\",\"name\":\"Commission Pastorale - Archev\u00each\u00e9 Orthodoxe de Belgique\",\"isPartOf\":{\"@id\":\"https:\/\/orthodoxia.be\/#website\"},\"primaryImageOfPage\":{\"@id\":\"https:\/\/orthodoxia.be\/fr\/diaconie\/commission-pastorale\/#primaryimage\"},\"image\":{\"@id\":\"https:\/\/orthodoxia.be\/fr\/diaconie\/commission-pastorale\/#primaryimage\"},\"thumbnailUrl\":\"https:\/\/orthodoxia.be\/wp-content\/uploads\/2018\/05\/\u03a0\u03bf\u03b9\u03bc\u03b1\u03bd\u03c4\u03b9\u03ba\u1fc6-\u039c\u03b5\u03c1\u03af\u03bc\u03bd\u03b1.jpg\",\"datePublished\":\"2018-02-28T13:41:44+00:00\",\"dateModified\":\"2023-09-15T10:11:44+00:00\",\"breadcrumb\":{\"@id\":\"https:\/\/orthodoxia.be\/fr\/diaconie\/commission-pastorale\/#breadcrumb\"},\"inLanguage\":\"fr-BE\",\"potentialAction\":[{\"@type\":\"ReadAction\",\"target\":[\"https:\/\/orthodoxia.be\/fr\/diaconie\/commission-pastorale\/\"]}]},{\"@type\":\"ImageObject\",\"inLanguage\":\"fr-BE\",\"@id\":\"https:\/\/orthodoxia.be\/fr\/diaconie\/commission-pastorale\/#primaryimage\",\"url\":\"https:\/\/orthodoxia.be\/wp-content\/uploads\/2018\/05\/\u03a0\u03bf\u03b9\u03bc\u03b1\u03bd\u03c4\u03b9\u03ba\u1fc6-\u039c\u03b5\u03c1\u03af\u03bc\u03bd\u03b1.jpg\",\"contentUrl\":\"https:\/\/orthodoxia.be\/wp-content\/uploads\/2018\/05\/\u03a0\u03bf\u03b9\u03bc\u03b1\u03bd\u03c4\u03b9\u03ba\u1fc6-\u039c\u03b5\u03c1\u03af\u03bc\u03bd\u03b1.jpg\",\"width\":300,\"height\":162},{\"@type\":\"BreadcrumbList\",\"@id\":\"https:\/\/orthodoxia.be\/fr\/diaconie\/commission-pastorale\/#breadcrumb\",\"itemListElement\":[{\"@type\":\"ListItem\",\"position\":1,\"name\":\"Home\",\"item\":\"https:\/\/orthodoxia.be\/fr\/\"},{\"@type\":\"ListItem\",\"position\":2,\"name\":\"Diaconie\",\"item\":\"https:\/\/orthodoxia.be\/fr\/diaconie\/\"},{\"@type\":\"ListItem\",\"position\":3,\"name\":\"Commission Pastorale\"}]},{\"@type\":\"WebSite\",\"@id\":\"https:\/\/orthodoxia.be\/#website\",\"url\":\"https:\/\/orthodoxia.be\/\",\"name\":\"Orthodox Archdiocese of Belgium (Benelux)\",\"description\":\"Exarque des Pays-Bas et du Luxembourg\",\"publisher\":{\"@id\":\"https:\/\/orthodoxia.be\/#organization\"},\"alternateName\":\"IMB\",\"potentialAction\":[{\"@type\":\"SearchAction\",\"target\":{\"@type\":\"EntryPoint\",\"urlTemplate\":\"https:\/\/orthodoxia.be\/?s={search_term_string}\"},\"query-input\":{\"@type\":\"PropertyValueSpecification\",\"valueRequired\":true,\"valueName\":\"search_term_string\"}}],\"inLanguage\":\"fr-BE\"},{\"@type\":\"Organization\",\"@id\":\"https:\/\/orthodoxia.be\/#organization\",\"name\":\"Orthodox Archdiocese of Belgium (Benelux)\",\"url\":\"https:\/\/orthodoxia.be\/\",\"logo\":{\"@type\":\"ImageObject\",\"inLanguage\":\"fr-BE\",\"@id\":\"https:\/\/orthodoxia.be\/#\/schema\/logo\/image\/\",\"url\":\"https:\/\/orthodoxia.be\/wp-content\/uploads\/2024\/02\/cropped-IMB-logo-512-cl-1.png\",\"contentUrl\":\"https:\/\/orthodoxia.be\/wp-content\/uploads\/2024\/02\/cropped-IMB-logo-512-cl-1.png\",\"width\":512,\"height\":512,\"caption\":\"Orthodox Archdiocese of Belgium (Benelux)\"},\"image\":{\"@id\":\"https:\/\/orthodoxia.be\/#\/schema\/logo\/image\/\"},\"sameAs\":[\"https:\/\/www.facebook.com\/orthobel\",\"https:\/\/x.com\/orthobel\",\"https:\/\/www.youtube.com\/c\/orthobel\",\"https:\/\/www.mixcloud.com\/orthobel\/\",\"https:\/\/www.flickr.com\/photos\/148264890@N07\/albums\",\"https:\/\/www.dailymotion.com\/Orthobel\"]}]}<\/script>\n<!-- \/ Yoast SEO plugin. -->","yoast_head_json":{"title":"Commission Pastorale - Archev\u00each\u00e9 Orthodoxe de Belgique","robots":{"index":"index","follow":"follow","max-snippet":"max-snippet:-1","max-image-preview":"max-image-preview:large","max-video-preview":"max-video-preview:-1"},"canonical":"https:\/\/orthodoxia.be\/fr\/diaconie\/commission-pastorale\/","og_locale":"fr_FR","og_type":"article","og_title":"Commission Pastorale - Archev\u00each\u00e9 Orthodoxe de Belgique","og_description":"Pr\u00e9sident: Son Eminence le M\u00e9tropolite Ath\u00e9nagoras de Belgique. Secr\u00e9taire: Archipr\u00eatre du T\u00f4ne Oecum\u00e9nique Evangelos Psallas. Membres: Archipr\u00eatre Konstantinos Kenanidis, Pr\u00eatre Alexandros Pitsikakis, Prof. Basile Saroglou, Mme Marina Dermetzaki","og_url":"https:\/\/orthodoxia.be\/fr\/diaconie\/commission-pastorale\/","og_site_name":"Archev\u00each\u00e9 Orthodoxe de Belgique","article_publisher":"https:\/\/www.facebook.com\/orthobel","article_modified_time":"2023-09-15T10:11:44+00:00","og_image":[{"width":300,"height":162,"url":"https:\/\/orthodoxia.be\/wp-content\/uploads\/2018\/05\/\u03a0\u03bf\u03b9\u03bc\u03b1\u03bd\u03c4\u03b9\u03ba\u1fc6-\u039c\u03b5\u03c1\u03af\u03bc\u03bd\u03b1.jpg","type":"image\/jpeg"}],"twitter_card":"summary_large_image","twitter_site":"@orthobel","schema":{"@context":"https:\/\/schema.org","@graph":[{"@type":"WebPage","@id":"https:\/\/orthodoxia.be\/fr\/diaconie\/commission-pastorale\/","url":"https:\/\/orthodoxia.be\/fr\/diaconie\/commission-pastorale\/","name":"Commission Pastorale - Archev\u00each\u00e9 Orthodoxe de Belgique","isPartOf":{"@id":"https:\/\/orthodoxia.be\/#website"},"primaryImageOfPage":{"@id":"https:\/\/orthodoxia.be\/fr\/diaconie\/commission-pastorale\/#primaryimage"},"image":{"@id":"https:\/\/orthodoxia.be\/fr\/diaconie\/commission-pastorale\/#primaryimage"},"thumbnailUrl":"https:\/\/orthodoxia.be\/wp-content\/uploads\/2018\/05\/\u03a0\u03bf\u03b9\u03bc\u03b1\u03bd\u03c4\u03b9\u03ba\u1fc6-\u039c\u03b5\u03c1\u03af\u03bc\u03bd\u03b1.jpg","datePublished":"2018-02-28T13:41:44+00:00","dateModified":"2023-09-15T10:11:44+00:00","breadcrumb":{"@id":"https:\/\/orthodoxia.be\/fr\/diaconie\/commission-pastorale\/#breadcrumb"},"inLanguage":"fr-BE","potentialAction":[{"@type":"ReadAction","target":["https:\/\/orthodoxia.be\/fr\/diaconie\/commission-pastorale\/"]}]},{"@type":"ImageObject","inLanguage":"fr-BE","@id":"https:\/\/orthodoxia.be\/fr\/diaconie\/commission-pastorale\/#primaryimage","url":"https:\/\/orthodoxia.be\/wp-content\/uploads\/2018\/05\/\u03a0\u03bf\u03b9\u03bc\u03b1\u03bd\u03c4\u03b9\u03ba\u1fc6-\u039c\u03b5\u03c1\u03af\u03bc\u03bd\u03b1.jpg","contentUrl":"https:\/\/orthodoxia.be\/wp-content\/uploads\/2018\/05\/\u03a0\u03bf\u03b9\u03bc\u03b1\u03bd\u03c4\u03b9\u03ba\u1fc6-\u039c\u03b5\u03c1\u03af\u03bc\u03bd\u03b1.jpg","width":300,"height":162},{"@type":"BreadcrumbList","@id":"https:\/\/orthodoxia.be\/fr\/diaconie\/commission-pastorale\/#breadcrumb","itemListElement":[{"@type":"ListItem","position":1,"name":"Home","item":"https:\/\/orthodoxia.be\/fr\/"},{"@type":"ListItem","position":2,"name":"Diaconie","item":"https:\/\/orthodoxia.be\/fr\/diaconie\/"},{"@type":"ListItem","position":3,"name":"Commission Pastorale"}]},{"@type":"WebSite","@id":"https:\/\/orthodoxia.be\/#website","url":"https:\/\/orthodoxia.be\/","name":"Orthodox Archdiocese of Belgium (Benelux)","description":"Exarque des Pays-Bas et du Luxembourg","publisher":{"@id":"https:\/\/orthodoxia.be\/#organization"},"alternateName":"IMB","potentialAction":[{"@type":"SearchAction","target":{"@type":"EntryPoint","urlTemplate":"https:\/\/orthodoxia.be\/?s={search_term_string}"},"query-input":{"@type":"PropertyValueSpecification","valueRequired":true,"valueName":"search_term_string"}}],"inLanguage":"fr-BE"},{"@type":"Organization","@id":"https:\/\/orthodoxia.be\/#organization","name":"Orthodox Archdiocese of Belgium (Benelux)","url":"https:\/\/orthodoxia.be\/","logo":{"@type":"ImageObject","inLanguage":"fr-BE","@id":"https:\/\/orthodoxia.be\/#\/schema\/logo\/image\/","url":"https:\/\/orthodoxia.be\/wp-content\/uploads\/2024\/02\/cropped-IMB-logo-512-cl-1.png","contentUrl":"https:\/\/orthodoxia.be\/wp-content\/uploads\/2024\/02\/cropped-IMB-logo-512-cl-1.png","width":512,"height":512,"caption":"Orthodox Archdiocese of Belgium (Benelux)"},"image":{"@id":"https:\/\/orthodoxia.be\/#\/schema\/logo\/image\/"},"sameAs":["https:\/\/www.facebook.com\/orthobel","https:\/\/x.com\/orthobel","https:\/\/www.youtube.com\/c\/orthobel","https:\/\/www.mixcloud.com\/orthobel\/","https:\/\/www.flickr.com\/photos\/148264890@N07\/albums","https:\/\/www.dailymotion.com\/Orthobel"]}]}},"_links":{"self":[{"href":"https:\/\/orthodoxia.be\/fr\/wp-json\/wp\/v2\/pages\/6256","targetHints":{"allow":["GET"]}}],"collection":[{"href":"https:\/\/orthodoxia.be\/fr\/wp-json\/wp\/v2\/pages"}],"about":[{"href":"https:\/\/orthodoxia.be\/fr\/wp-json\/wp\/v2\/types\/page"}],"author":[{"embeddable":true,"href":"https:\/\/orthodoxia.be\/fr\/wp-json\/wp\/v2\/users\/2"}],"replies":[{"embeddable":true,"href":"https:\/\/orthodoxia.be\/fr\/wp-json\/wp\/v2\/comments?post=6256"}],"version-history":[{"count":2,"href":"https:\/\/orthodoxia.be\/fr\/wp-json\/wp\/v2\/pages\/6256\/revisions"}],"predecessor-version":[{"id":42462,"href":"https:\/\/orthodoxia.be\/fr\/wp-json\/wp\/v2\/pages\/6256\/revisions\/42462"}],"up":[{"embeddable":true,"href":"https:\/\/orthodoxia.be\/fr\/wp-json\/wp\/v2\/pages\/8071"}],"wp:featuredmedia":[{"embeddable":true,"href":"https:\/\/orthodoxia.be\/fr\/wp-json\/wp\/v2\/media\/9435"}],"wp:attachment":[{"href":"https:\/\/orthodoxia.be\/fr\/wp-json\/wp\/v2\/media?parent=6256"}],"curies":[{"name":"wp","href":"https:\/\/api.w.org\/{rel}","templated":true}]}}