{"id":6262,"date":"2018-02-28T14:43:17","date_gmt":"2018-02-28T13:43:17","guid":{"rendered":"http:\/\/new.orthodoxia.be\/?page_id=6262"},"modified":"2025-10-10T13:30:10","modified_gmt":"2025-10-10T11:30:10","slug":"commission-de-la-jeunesse","status":"publish","type":"page","link":"https:\/\/orthodoxia.be\/fr\/diaconie\/commission-de-la-jeunesse\/","title":{"rendered":"Commission de la Jeunesse Orthodoxe"},"content":{"rendered":"<p style=\"text-align: justify;\"><strong>Pr\u00e9sident:<\/strong> Son Eminence le M\u00e9tropolite Ath\u00e9nagoras de Belgique.<br \/>\n<strong>Secr\u00e9taire:<\/strong> Pr\u00eatre Antonios Tarlizos.<br \/>\n<strong>Membres:<\/strong> Archimandrite Emilianos Chatzivasileiou, Archipr\u00eatres Spyridon Tsekouras et Hildo Bos, Pr\u00eatres Georgios Tzatzanis et Barnabas Genbrugge, et Nicolas Peckstadt, Panagiota Mangouta et Vassiliki Kapenekaki<\/p>\n","protected":false},"excerpt":{"rendered":"<p>Pr\u00e9sident: Son Eminence le M\u00e9tropolite Ath\u00e9nagoras de Belgique. Secr\u00e9taire: Pr\u00eatre Antonios Tarlizos. Membres: Archimandrite Emilianos Chatzivasileiou, Archipr\u00eatres Spyridon Tsekouras et Hildo Bos, Pr\u00eatres Georgios Tzatzanis et Barnabas Genbrugge, et Nicolas Peckstadt, Panagiota Mangouta et Vassiliki Kapenekaki<\/p>\n","protected":false},"author":2,"featured_media":48276,"parent":8071,"menu_order":8,"comment_status":"closed","ping_status":"closed","template":"","meta":{"_acf_changed":false,"footnotes":""},"class_list":["post-6262","page","type-page","status-publish","has-post-thumbnail","hentry"],"acf":[],"yoast_head":"<!-- This site is optimized with the Yoast SEO plugin v24.3 - https:\/\/yoast.com\/wordpress\/plugins\/seo\/ -->\n<title>Commission de la Jeunesse Orthodoxe - Archev\u00each\u00e9 Orthodoxe de Belgique<\/title>\n<meta name=\"robots\" content=\"index, follow, max-snippet:-1, max-image-preview:large, max-video-preview:-1\" \/>\n<link rel=\"canonical\" href=\"https:\/\/orthodoxia.be\/fr\/diaconie\/commission-de-la-jeunesse\/\" \/>\n<meta property=\"og:locale\" content=\"fr_FR\" \/>\n<meta property=\"og:type\" content=\"article\" \/>\n<meta property=\"og:title\" content=\"Commission de la Jeunesse Orthodoxe - Archev\u00each\u00e9 Orthodoxe de Belgique\" \/>\n<meta property=\"og:description\" content=\"Pr\u00e9sident: Son Eminence le M\u00e9tropolite Ath\u00e9nagoras de Belgique. Secr\u00e9taire: Pr\u00eatre Antonios Tarlizos. Membres: Archimandrite Emilianos Chatzivasileiou, Archipr\u00eatres Spyridon Tsekouras et Hildo Bos, Pr\u00eatres Georgios Tzatzanis et Barnabas Genbrugge, et Nicolas Peckstadt, Panagiota Mangouta et Vassiliki Kapenekaki\" \/>\n<meta property=\"og:url\" content=\"https:\/\/orthodoxia.be\/fr\/diaconie\/commission-de-la-jeunesse\/\" \/>\n<meta property=\"og:site_name\" content=\"Archev\u00each\u00e9 Orthodoxe de Belgique\" \/>\n<meta property=\"article:publisher\" content=\"https:\/\/www.facebook.com\/orthobel\" \/>\n<meta property=\"article:modified_time\" content=\"2025-10-10T11:30:10+00:00\" \/>\n<meta property=\"og:image\" content=\"https:\/\/orthodoxia.be\/wp-content\/uploads\/2025\/03\/54086082675_4584c8dbe7_o.jpg\" \/>\n\t<meta property=\"og:image:width\" content=\"1023\" \/>\n\t<meta property=\"og:image:height\" content=\"633\" \/>\n\t<meta property=\"og:image:type\" content=\"image\/jpeg\" \/>\n<meta name=\"twitter:card\" content=\"summary_large_image\" \/>\n<meta name=\"twitter:site\" content=\"@orthobel\" \/>\n<meta name=\"twitter:label1\" content=\"Dur\u00e9e de lecture est.\" \/>\n\t<meta name=\"twitter:data1\" content=\"1 minute\" \/>\n<script type=\"application\/ld+json\" class=\"yoast-schema-graph\">{\"@context\":\"https:\/\/schema.org\",\"@graph\":[{\"@type\":\"WebPage\",\"@id\":\"https:\/\/orthodoxia.be\/fr\/diaconie\/commission-de-la-jeunesse\/\",\"url\":\"https:\/\/orthodoxia.be\/fr\/diaconie\/commission-de-la-jeunesse\/\",\"name\":\"Commission de la Jeunesse Orthodoxe - Archev\u00each\u00e9 Orthodoxe de Belgique\",\"isPartOf\":{\"@id\":\"https:\/\/orthodoxia.be\/#website\"},\"primaryImageOfPage\":{\"@id\":\"https:\/\/orthodoxia.be\/fr\/diaconie\/commission-de-la-jeunesse\/#primaryimage\"},\"image\":{\"@id\":\"https:\/\/orthodoxia.be\/fr\/diaconie\/commission-de-la-jeunesse\/#primaryimage\"},\"thumbnailUrl\":\"https:\/\/orthodoxia.be\/wp-content\/uploads\/2025\/03\/54086082675_4584c8dbe7_o.jpg\",\"datePublished\":\"2018-02-28T13:43:17+00:00\",\"dateModified\":\"2025-10-10T11:30:10+00:00\",\"breadcrumb\":{\"@id\":\"https:\/\/orthodoxia.be\/fr\/diaconie\/commission-de-la-jeunesse\/#breadcrumb\"},\"inLanguage\":\"fr-BE\",\"potentialAction\":[{\"@type\":\"ReadAction\",\"target\":[\"https:\/\/orthodoxia.be\/fr\/diaconie\/commission-de-la-jeunesse\/\"]}]},{\"@type\":\"ImageObject\",\"inLanguage\":\"fr-BE\",\"@id\":\"https:\/\/orthodoxia.be\/fr\/diaconie\/commission-de-la-jeunesse\/#primaryimage\",\"url\":\"https:\/\/orthodoxia.be\/wp-content\/uploads\/2025\/03\/54086082675_4584c8dbe7_o.jpg\",\"contentUrl\":\"https:\/\/orthodoxia.be\/wp-content\/uploads\/2025\/03\/54086082675_4584c8dbe7_o.jpg\",\"width\":1023,\"height\":633},{\"@type\":\"BreadcrumbList\",\"@id\":\"https:\/\/orthodoxia.be\/fr\/diaconie\/commission-de-la-jeunesse\/#breadcrumb\",\"itemListElement\":[{\"@type\":\"ListItem\",\"position\":1,\"name\":\"Home\",\"item\":\"https:\/\/orthodoxia.be\/fr\/\"},{\"@type\":\"ListItem\",\"position\":2,\"name\":\"Diaconie\",\"item\":\"https:\/\/orthodoxia.be\/fr\/diaconie\/\"},{\"@type\":\"ListItem\",\"position\":3,\"name\":\"Commission de la Jeunesse Orthodoxe\"}]},{\"@type\":\"WebSite\",\"@id\":\"https:\/\/orthodoxia.be\/#website\",\"url\":\"https:\/\/orthodoxia.be\/\",\"name\":\"Orthodox Archdiocese of Belgium (Benelux)\",\"description\":\"Exarque des Pays-Bas et du Luxembourg\",\"publisher\":{\"@id\":\"https:\/\/orthodoxia.be\/#organization\"},\"alternateName\":\"IMB\",\"potentialAction\":[{\"@type\":\"SearchAction\",\"target\":{\"@type\":\"EntryPoint\",\"urlTemplate\":\"https:\/\/orthodoxia.be\/?s={search_term_string}\"},\"query-input\":{\"@type\":\"PropertyValueSpecification\",\"valueRequired\":true,\"valueName\":\"search_term_string\"}}],\"inLanguage\":\"fr-BE\"},{\"@type\":\"Organization\",\"@id\":\"https:\/\/orthodoxia.be\/#organization\",\"name\":\"Orthodox Archdiocese of Belgium (Benelux)\",\"url\":\"https:\/\/orthodoxia.be\/\",\"logo\":{\"@type\":\"ImageObject\",\"inLanguage\":\"fr-BE\",\"@id\":\"https:\/\/orthodoxia.be\/#\/schema\/logo\/image\/\",\"url\":\"https:\/\/orthodoxia.be\/wp-content\/uploads\/2024\/02\/cropped-IMB-logo-512-cl-1.png\",\"contentUrl\":\"https:\/\/orthodoxia.be\/wp-content\/uploads\/2024\/02\/cropped-IMB-logo-512-cl-1.png\",\"width\":512,\"height\":512,\"caption\":\"Orthodox Archdiocese of Belgium (Benelux)\"},\"image\":{\"@id\":\"https:\/\/orthodoxia.be\/#\/schema\/logo\/image\/\"},\"sameAs\":[\"https:\/\/www.facebook.com\/orthobel\",\"https:\/\/x.com\/orthobel\",\"https:\/\/www.youtube.com\/c\/orthobel\",\"https:\/\/www.mixcloud.com\/orthobel\/\",\"https:\/\/www.flickr.com\/photos\/148264890@N07\/albums\",\"https:\/\/www.dailymotion.com\/Orthobel\"]}]}<\/script>\n<!-- \/ Yoast SEO plugin. -->","yoast_head_json":{"title":"Commission de la Jeunesse Orthodoxe - Archev\u00each\u00e9 Orthodoxe de Belgique","robots":{"index":"index","follow":"follow","max-snippet":"max-snippet:-1","max-image-preview":"max-image-preview:large","max-video-preview":"max-video-preview:-1"},"canonical":"https:\/\/orthodoxia.be\/fr\/diaconie\/commission-de-la-jeunesse\/","og_locale":"fr_FR","og_type":"article","og_title":"Commission de la Jeunesse Orthodoxe - Archev\u00each\u00e9 Orthodoxe de Belgique","og_description":"Pr\u00e9sident: Son Eminence le M\u00e9tropolite Ath\u00e9nagoras de Belgique. Secr\u00e9taire: Pr\u00eatre Antonios Tarlizos. Membres: Archimandrite Emilianos Chatzivasileiou, Archipr\u00eatres Spyridon Tsekouras et Hildo Bos, Pr\u00eatres Georgios Tzatzanis et Barnabas Genbrugge, et Nicolas Peckstadt, Panagiota Mangouta et Vassiliki Kapenekaki","og_url":"https:\/\/orthodoxia.be\/fr\/diaconie\/commission-de-la-jeunesse\/","og_site_name":"Archev\u00each\u00e9 Orthodoxe de Belgique","article_publisher":"https:\/\/www.facebook.com\/orthobel","article_modified_time":"2025-10-10T11:30:10+00:00","og_image":[{"width":1023,"height":633,"url":"https:\/\/orthodoxia.be\/wp-content\/uploads\/2025\/03\/54086082675_4584c8dbe7_o.jpg","type":"image\/jpeg"}],"twitter_card":"summary_large_image","twitter_site":"@orthobel","twitter_misc":{"Dur\u00e9e de lecture est.":"1 minute"},"schema":{"@context":"https:\/\/schema.org","@graph":[{"@type":"WebPage","@id":"https:\/\/orthodoxia.be\/fr\/diaconie\/commission-de-la-jeunesse\/","url":"https:\/\/orthodoxia.be\/fr\/diaconie\/commission-de-la-jeunesse\/","name":"Commission de la Jeunesse Orthodoxe - Archev\u00each\u00e9 Orthodoxe de Belgique","isPartOf":{"@id":"https:\/\/orthodoxia.be\/#website"},"primaryImageOfPage":{"@id":"https:\/\/orthodoxia.be\/fr\/diaconie\/commission-de-la-jeunesse\/#primaryimage"},"image":{"@id":"https:\/\/orthodoxia.be\/fr\/diaconie\/commission-de-la-jeunesse\/#primaryimage"},"thumbnailUrl":"https:\/\/orthodoxia.be\/wp-content\/uploads\/2025\/03\/54086082675_4584c8dbe7_o.jpg","datePublished":"2018-02-28T13:43:17+00:00","dateModified":"2025-10-10T11:30:10+00:00","breadcrumb":{"@id":"https:\/\/orthodoxia.be\/fr\/diaconie\/commission-de-la-jeunesse\/#breadcrumb"},"inLanguage":"fr-BE","potentialAction":[{"@type":"ReadAction","target":["https:\/\/orthodoxia.be\/fr\/diaconie\/commission-de-la-jeunesse\/"]}]},{"@type":"ImageObject","inLanguage":"fr-BE","@id":"https:\/\/orthodoxia.be\/fr\/diaconie\/commission-de-la-jeunesse\/#primaryimage","url":"https:\/\/orthodoxia.be\/wp-content\/uploads\/2025\/03\/54086082675_4584c8dbe7_o.jpg","contentUrl":"https:\/\/orthodoxia.be\/wp-content\/uploads\/2025\/03\/54086082675_4584c8dbe7_o.jpg","width":1023,"height":633},{"@type":"BreadcrumbList","@id":"https:\/\/orthodoxia.be\/fr\/diaconie\/commission-de-la-jeunesse\/#breadcrumb","itemListElement":[{"@type":"ListItem","position":1,"name":"Home","item":"https:\/\/orthodoxia.be\/fr\/"},{"@type":"ListItem","position":2,"name":"Diaconie","item":"https:\/\/orthodoxia.be\/fr\/diaconie\/"},{"@type":"ListItem","position":3,"name":"Commission de la Jeunesse Orthodoxe"}]},{"@type":"WebSite","@id":"https:\/\/orthodoxia.be\/#website","url":"https:\/\/orthodoxia.be\/","name":"Orthodox Archdiocese of Belgium (Benelux)","description":"Exarque des Pays-Bas et du Luxembourg","publisher":{"@id":"https:\/\/orthodoxia.be\/#organization"},"alternateName":"IMB","potentialAction":[{"@type":"SearchAction","target":{"@type":"EntryPoint","urlTemplate":"https:\/\/orthodoxia.be\/?s={search_term_string}"},"query-input":{"@type":"PropertyValueSpecification","valueRequired":true,"valueName":"search_term_string"}}],"inLanguage":"fr-BE"},{"@type":"Organization","@id":"https:\/\/orthodoxia.be\/#organization","name":"Orthodox Archdiocese of Belgium (Benelux)","url":"https:\/\/orthodoxia.be\/","logo":{"@type":"ImageObject","inLanguage":"fr-BE","@id":"https:\/\/orthodoxia.be\/#\/schema\/logo\/image\/","url":"https:\/\/orthodoxia.be\/wp-content\/uploads\/2024\/02\/cropped-IMB-logo-512-cl-1.png","contentUrl":"https:\/\/orthodoxia.be\/wp-content\/uploads\/2024\/02\/cropped-IMB-logo-512-cl-1.png","width":512,"height":512,"caption":"Orthodox Archdiocese of Belgium (Benelux)"},"image":{"@id":"https:\/\/orthodoxia.be\/#\/schema\/logo\/image\/"},"sameAs":["https:\/\/www.facebook.com\/orthobel","https:\/\/x.com\/orthobel","https:\/\/www.youtube.com\/c\/orthobel","https:\/\/www.mixcloud.com\/orthobel\/","https:\/\/www.flickr.com\/photos\/148264890@N07\/albums","https:\/\/www.dailymotion.com\/Orthobel"]}]}},"_links":{"self":[{"href":"https:\/\/orthodoxia.be\/fr\/wp-json\/wp\/v2\/pages\/6262","targetHints":{"allow":["GET"]}}],"collection":[{"href":"https:\/\/orthodoxia.be\/fr\/wp-json\/wp\/v2\/pages"}],"about":[{"href":"https:\/\/orthodoxia.be\/fr\/wp-json\/wp\/v2\/types\/page"}],"author":[{"embeddable":true,"href":"https:\/\/orthodoxia.be\/fr\/wp-json\/wp\/v2\/users\/2"}],"replies":[{"embeddable":true,"href":"https:\/\/orthodoxia.be\/fr\/wp-json\/wp\/v2\/comments?post=6262"}],"version-history":[{"count":5,"href":"https:\/\/orthodoxia.be\/fr\/wp-json\/wp\/v2\/pages\/6262\/revisions"}],"predecessor-version":[{"id":50909,"href":"https:\/\/orthodoxia.be\/fr\/wp-json\/wp\/v2\/pages\/6262\/revisions\/50909"}],"up":[{"embeddable":true,"href":"https:\/\/orthodoxia.be\/fr\/wp-json\/wp\/v2\/pages\/8071"}],"wp:featuredmedia":[{"embeddable":true,"href":"https:\/\/orthodoxia.be\/fr\/wp-json\/wp\/v2\/media\/48276"}],"wp:attachment":[{"href":"https:\/\/orthodoxia.be\/fr\/wp-json\/wp\/v2\/media?parent=6262"}],"curies":[{"name":"wp","href":"https:\/\/api.w.org\/{rel}","templated":true}]}}