{"id":6719,"date":"2018-03-21T10:54:22","date_gmt":"2018-03-21T09:54:22","guid":{"rendered":"http:\/\/new.orthodoxia.be\/?page_id=6719"},"modified":"2026-04-04T22:30:35","modified_gmt":"2026-04-04T20:30:35","slug":"programme-liturgique","status":"publish","type":"page","link":"https:\/\/orthodoxia.be\/fr\/le-metropolite-athenagoras-de-belgique\/programme-liturgique\/","title":{"rendered":"Programme liturgique"},"content":{"rendered":"<h1 dir=\"ltr\" style=\"text-align: center;\"><strong>PROGRAMME LITURGIQUE DU M\u00c9TROPOLITE<\/strong><br \/>\n<strong>\u00a0AVRIL \u2013 P\u00c2QUES\u00a02026<\/strong><\/h1>\n<p><strong>Samedi 04 Lazare (Divine Liturgie \u2013 Ordination):<\/strong><br \/>\nSaints Anargyres Peronnes<br \/>\n<strong>Dimanche des Rameaux (Divine Liturgie):<\/strong><br \/>\nSainte Nino Anvers (Patr. De G\u00e9orgie)<br \/>\n<strong>Dimanche des Rameaux (Office de l\u2019\u00c9poux):<\/strong><br \/>\nAnnonciation de la M\u00e8re de Dieu Anvers<br \/>\n<strong>Lundi Saint (Office de l\u2019\u00c9poux):<\/strong><br \/>\nSaints Constantin et H\u00e9l\u00e8ne Bruges<br \/>\n<strong>Mardi Saint (Office de l\u2019\u00c9poux):<\/strong><br \/>\nSaints Archanges (Stassart)<br \/>\n<strong>Mercredi Saint (Onction):<\/strong><br \/>\nMonast\u00e8re Asten<br \/>\n<strong>Jeudi Saint (Divine Liturgie):<\/strong><br \/>\nCath\u00e9drale de Bruxelles<br \/>\n<strong>Jeudi Saint (Office des Passions):<\/strong><br \/>\nCath\u00e9drale de Bruxelles<br \/>\n<strong>Vendredi Saint (Descente de la Croix):<\/strong><br \/>\nCath\u00e9drale de Bruxelles<br \/>\n<strong>Vendredi Saint (Mise au Tombeau):<\/strong><br \/>\nCath\u00e9drale de Bruxelles<br \/>\n<strong>Samedi Saints (Divine Liturgie):<\/strong><br \/>\nCath\u00e9drale de Bruxelles<br \/>\n<strong>P\u00e2ques \u2013 R\u00e9surrection:<\/strong><br \/>\nCath\u00e9drale de Bruxelles<br \/>\n<strong>Dimanche de P\u00e2ques (V\u00eapres de l\u2019Amour):<\/strong><br \/>\nCath\u00e9drale de Bruxelles<br \/>\n<strong>Mardi 14 (Divine Liturgie \u2013 f\u00eate paroissiale):<\/strong><br \/>\nSaints Rapha\u00ebl, Nicolas et Ir\u00e8ne Houthalen<br \/>\n<strong>Dimanche 19 de Thomas (Divine Liturgie \u2013 f\u00eate paroissiale):<\/strong><br \/>\nSaints Georges et Alina Dilbeek<br \/>\n<strong>Samedi 25<\/strong><br \/>\nRencontre clerg\u00e9 et jeunesse<br \/>\n<strong>Dimanche 26 des Myrophores (Divine Liturgie):<\/strong><br \/>\nBreda<\/p>\n","protected":false},"excerpt":{"rendered":"<p>PROGRAMME LITURGIQUE DU M\u00c9TROPOLITE \u00a0AVRIL \u2013 P\u00c2QUES\u00a02026 Samedi 04 Lazare (Divine Liturgie \u2013 Ordination): Saints Anargyres Peronnes Dimanche des Rameaux (Divine Liturgie): Sainte Nino Anvers (Patr. De G\u00e9orgie) Dimanche des Rameaux (Office de l\u2019\u00c9poux): Annonciation de la M\u00e8re de Dieu Anvers Lundi Saint (Office de l\u2019\u00c9poux): Saints Constantin et H\u00e9l\u00e8ne Bruges Mardi Saint (Office de &hellip; <a href=\"https:\/\/orthodoxia.be\/fr\/le-metropolite-athenagoras-de-belgique\/programme-liturgique\/\">Continued<\/a><\/p>\n","protected":false},"author":2,"featured_media":46693,"parent":2102,"menu_order":3,"comment_status":"closed","ping_status":"closed","template":"","meta":{"_acf_changed":false,"footnotes":""},"class_list":["post-6719","page","type-page","status-publish","has-post-thumbnail","hentry"],"acf":[],"yoast_head":"<!-- This site is optimized with the Yoast SEO plugin v24.3 - https:\/\/yoast.com\/wordpress\/plugins\/seo\/ -->\n<title>Programme liturgique - Archev\u00each\u00e9 Orthodoxe de Belgique<\/title>\n<meta name=\"robots\" content=\"index, follow, max-snippet:-1, max-image-preview:large, max-video-preview:-1\" \/>\n<link rel=\"canonical\" href=\"https:\/\/orthodoxia.be\/fr\/le-metropolite-athenagoras-de-belgique\/programme-liturgique\/\" \/>\n<meta property=\"og:locale\" content=\"fr_FR\" \/>\n<meta property=\"og:type\" content=\"article\" \/>\n<meta property=\"og:title\" content=\"Programme liturgique - Archev\u00each\u00e9 Orthodoxe de Belgique\" \/>\n<meta property=\"og:description\" content=\"PROGRAMME LITURGIQUE DU M\u00c9TROPOLITE \u00a0AVRIL \u2013 P\u00c2QUES\u00a02026 Samedi 04 Lazare (Divine Liturgie \u2013 Ordination): Saints Anargyres Peronnes Dimanche des Rameaux (Divine Liturgie): Sainte Nino Anvers (Patr. De G\u00e9orgie) Dimanche des Rameaux (Office de l\u2019\u00c9poux): Annonciation de la M\u00e8re de Dieu Anvers Lundi Saint (Office de l\u2019\u00c9poux): Saints Constantin et H\u00e9l\u00e8ne Bruges Mardi Saint (Office de &hellip; Continued\" \/>\n<meta property=\"og:url\" content=\"https:\/\/orthodoxia.be\/fr\/le-metropolite-athenagoras-de-belgique\/programme-liturgique\/\" \/>\n<meta property=\"og:site_name\" content=\"Archev\u00each\u00e9 Orthodoxe de Belgique\" \/>\n<meta property=\"article:publisher\" content=\"https:\/\/www.facebook.com\/orthobel\" \/>\n<meta property=\"article:modified_time\" content=\"2026-04-04T20:30:35+00:00\" \/>\n<meta property=\"og:image\" content=\"https:\/\/orthodoxia.be\/wp-content\/uploads\/2024\/11\/54116838825_f5b4cd22aa_o.jpg\" \/>\n\t<meta property=\"og:image:width\" content=\"767\" \/>\n\t<meta property=\"og:image:height\" content=\"1023\" \/>\n\t<meta property=\"og:image:type\" content=\"image\/jpeg\" \/>\n<meta name=\"twitter:card\" content=\"summary_large_image\" \/>\n<meta name=\"twitter:site\" content=\"@orthobel\" \/>\n<meta name=\"twitter:label1\" content=\"Dur\u00e9e de lecture est.\" \/>\n\t<meta name=\"twitter:data1\" content=\"2 minutes\" \/>\n<script type=\"application\/ld+json\" class=\"yoast-schema-graph\">{\"@context\":\"https:\/\/schema.org\",\"@graph\":[{\"@type\":\"WebPage\",\"@id\":\"https:\/\/orthodoxia.be\/fr\/le-metropolite-athenagoras-de-belgique\/programme-liturgique\/\",\"url\":\"https:\/\/orthodoxia.be\/fr\/le-metropolite-athenagoras-de-belgique\/programme-liturgique\/\",\"name\":\"Programme liturgique - Archev\u00each\u00e9 Orthodoxe de Belgique\",\"isPartOf\":{\"@id\":\"https:\/\/orthodoxia.be\/#website\"},\"primaryImageOfPage\":{\"@id\":\"https:\/\/orthodoxia.be\/fr\/le-metropolite-athenagoras-de-belgique\/programme-liturgique\/#primaryimage\"},\"image\":{\"@id\":\"https:\/\/orthodoxia.be\/fr\/le-metropolite-athenagoras-de-belgique\/programme-liturgique\/#primaryimage\"},\"thumbnailUrl\":\"https:\/\/orthodoxia.be\/wp-content\/uploads\/2024\/11\/54116838825_f5b4cd22aa_o.jpg\",\"datePublished\":\"2018-03-21T09:54:22+00:00\",\"dateModified\":\"2026-04-04T20:30:35+00:00\",\"breadcrumb\":{\"@id\":\"https:\/\/orthodoxia.be\/fr\/le-metropolite-athenagoras-de-belgique\/programme-liturgique\/#breadcrumb\"},\"inLanguage\":\"fr-BE\",\"potentialAction\":[{\"@type\":\"ReadAction\",\"target\":[\"https:\/\/orthodoxia.be\/fr\/le-metropolite-athenagoras-de-belgique\/programme-liturgique\/\"]}]},{\"@type\":\"ImageObject\",\"inLanguage\":\"fr-BE\",\"@id\":\"https:\/\/orthodoxia.be\/fr\/le-metropolite-athenagoras-de-belgique\/programme-liturgique\/#primaryimage\",\"url\":\"https:\/\/orthodoxia.be\/wp-content\/uploads\/2024\/11\/54116838825_f5b4cd22aa_o.jpg\",\"contentUrl\":\"https:\/\/orthodoxia.be\/wp-content\/uploads\/2024\/11\/54116838825_f5b4cd22aa_o.jpg\",\"width\":767,\"height\":1023},{\"@type\":\"BreadcrumbList\",\"@id\":\"https:\/\/orthodoxia.be\/fr\/le-metropolite-athenagoras-de-belgique\/programme-liturgique\/#breadcrumb\",\"itemListElement\":[{\"@type\":\"ListItem\",\"position\":1,\"name\":\"Home\",\"item\":\"https:\/\/orthodoxia.be\/fr\/\"},{\"@type\":\"ListItem\",\"position\":2,\"name\":\"le M\u00e9tropolite Ath\u00e9nagoras de Belgique\",\"item\":\"https:\/\/orthodoxia.be\/fr\/le-metropolite-athenagoras-de-belgique\/\"},{\"@type\":\"ListItem\",\"position\":3,\"name\":\"Programme liturgique\"}]},{\"@type\":\"WebSite\",\"@id\":\"https:\/\/orthodoxia.be\/#website\",\"url\":\"https:\/\/orthodoxia.be\/\",\"name\":\"Orthodox Archdiocese of Belgium (Benelux)\",\"description\":\"Exarque des Pays-Bas et du Luxembourg\",\"publisher\":{\"@id\":\"https:\/\/orthodoxia.be\/#organization\"},\"alternateName\":\"IMB\",\"potentialAction\":[{\"@type\":\"SearchAction\",\"target\":{\"@type\":\"EntryPoint\",\"urlTemplate\":\"https:\/\/orthodoxia.be\/?s={search_term_string}\"},\"query-input\":{\"@type\":\"PropertyValueSpecification\",\"valueRequired\":true,\"valueName\":\"search_term_string\"}}],\"inLanguage\":\"fr-BE\"},{\"@type\":\"Organization\",\"@id\":\"https:\/\/orthodoxia.be\/#organization\",\"name\":\"Orthodox Archdiocese of Belgium (Benelux)\",\"url\":\"https:\/\/orthodoxia.be\/\",\"logo\":{\"@type\":\"ImageObject\",\"inLanguage\":\"fr-BE\",\"@id\":\"https:\/\/orthodoxia.be\/#\/schema\/logo\/image\/\",\"url\":\"https:\/\/orthodoxia.be\/wp-content\/uploads\/2024\/02\/cropped-IMB-logo-512-cl-1.png\",\"contentUrl\":\"https:\/\/orthodoxia.be\/wp-content\/uploads\/2024\/02\/cropped-IMB-logo-512-cl-1.png\",\"width\":512,\"height\":512,\"caption\":\"Orthodox Archdiocese of Belgium (Benelux)\"},\"image\":{\"@id\":\"https:\/\/orthodoxia.be\/#\/schema\/logo\/image\/\"},\"sameAs\":[\"https:\/\/www.facebook.com\/orthobel\",\"https:\/\/x.com\/orthobel\",\"https:\/\/www.youtube.com\/c\/orthobel\",\"https:\/\/www.mixcloud.com\/orthobel\/\",\"https:\/\/www.flickr.com\/photos\/148264890@N07\/albums\",\"https:\/\/www.dailymotion.com\/Orthobel\"]}]}<\/script>\n<!-- \/ Yoast SEO plugin. -->","yoast_head_json":{"title":"Programme liturgique - Archev\u00each\u00e9 Orthodoxe de Belgique","robots":{"index":"index","follow":"follow","max-snippet":"max-snippet:-1","max-image-preview":"max-image-preview:large","max-video-preview":"max-video-preview:-1"},"canonical":"https:\/\/orthodoxia.be\/fr\/le-metropolite-athenagoras-de-belgique\/programme-liturgique\/","og_locale":"fr_FR","og_type":"article","og_title":"Programme liturgique - Archev\u00each\u00e9 Orthodoxe de Belgique","og_description":"PROGRAMME LITURGIQUE DU M\u00c9TROPOLITE \u00a0AVRIL \u2013 P\u00c2QUES\u00a02026 Samedi 04 Lazare (Divine Liturgie \u2013 Ordination): Saints Anargyres Peronnes Dimanche des Rameaux (Divine Liturgie): Sainte Nino Anvers (Patr. De G\u00e9orgie) Dimanche des Rameaux (Office de l\u2019\u00c9poux): Annonciation de la M\u00e8re de Dieu Anvers Lundi Saint (Office de l\u2019\u00c9poux): Saints Constantin et H\u00e9l\u00e8ne Bruges Mardi Saint (Office de &hellip; Continued","og_url":"https:\/\/orthodoxia.be\/fr\/le-metropolite-athenagoras-de-belgique\/programme-liturgique\/","og_site_name":"Archev\u00each\u00e9 Orthodoxe de Belgique","article_publisher":"https:\/\/www.facebook.com\/orthobel","article_modified_time":"2026-04-04T20:30:35+00:00","og_image":[{"width":767,"height":1023,"url":"https:\/\/orthodoxia.be\/wp-content\/uploads\/2024\/11\/54116838825_f5b4cd22aa_o.jpg","type":"image\/jpeg"}],"twitter_card":"summary_large_image","twitter_site":"@orthobel","twitter_misc":{"Dur\u00e9e de lecture est.":"2 minutes"},"schema":{"@context":"https:\/\/schema.org","@graph":[{"@type":"WebPage","@id":"https:\/\/orthodoxia.be\/fr\/le-metropolite-athenagoras-de-belgique\/programme-liturgique\/","url":"https:\/\/orthodoxia.be\/fr\/le-metropolite-athenagoras-de-belgique\/programme-liturgique\/","name":"Programme liturgique - Archev\u00each\u00e9 Orthodoxe de Belgique","isPartOf":{"@id":"https:\/\/orthodoxia.be\/#website"},"primaryImageOfPage":{"@id":"https:\/\/orthodoxia.be\/fr\/le-metropolite-athenagoras-de-belgique\/programme-liturgique\/#primaryimage"},"image":{"@id":"https:\/\/orthodoxia.be\/fr\/le-metropolite-athenagoras-de-belgique\/programme-liturgique\/#primaryimage"},"thumbnailUrl":"https:\/\/orthodoxia.be\/wp-content\/uploads\/2024\/11\/54116838825_f5b4cd22aa_o.jpg","datePublished":"2018-03-21T09:54:22+00:00","dateModified":"2026-04-04T20:30:35+00:00","breadcrumb":{"@id":"https:\/\/orthodoxia.be\/fr\/le-metropolite-athenagoras-de-belgique\/programme-liturgique\/#breadcrumb"},"inLanguage":"fr-BE","potentialAction":[{"@type":"ReadAction","target":["https:\/\/orthodoxia.be\/fr\/le-metropolite-athenagoras-de-belgique\/programme-liturgique\/"]}]},{"@type":"ImageObject","inLanguage":"fr-BE","@id":"https:\/\/orthodoxia.be\/fr\/le-metropolite-athenagoras-de-belgique\/programme-liturgique\/#primaryimage","url":"https:\/\/orthodoxia.be\/wp-content\/uploads\/2024\/11\/54116838825_f5b4cd22aa_o.jpg","contentUrl":"https:\/\/orthodoxia.be\/wp-content\/uploads\/2024\/11\/54116838825_f5b4cd22aa_o.jpg","width":767,"height":1023},{"@type":"BreadcrumbList","@id":"https:\/\/orthodoxia.be\/fr\/le-metropolite-athenagoras-de-belgique\/programme-liturgique\/#breadcrumb","itemListElement":[{"@type":"ListItem","position":1,"name":"Home","item":"https:\/\/orthodoxia.be\/fr\/"},{"@type":"ListItem","position":2,"name":"le M\u00e9tropolite Ath\u00e9nagoras de Belgique","item":"https:\/\/orthodoxia.be\/fr\/le-metropolite-athenagoras-de-belgique\/"},{"@type":"ListItem","position":3,"name":"Programme liturgique"}]},{"@type":"WebSite","@id":"https:\/\/orthodoxia.be\/#website","url":"https:\/\/orthodoxia.be\/","name":"Orthodox Archdiocese of Belgium (Benelux)","description":"Exarque des Pays-Bas et du Luxembourg","publisher":{"@id":"https:\/\/orthodoxia.be\/#organization"},"alternateName":"IMB","potentialAction":[{"@type":"SearchAction","target":{"@type":"EntryPoint","urlTemplate":"https:\/\/orthodoxia.be\/?s={search_term_string}"},"query-input":{"@type":"PropertyValueSpecification","valueRequired":true,"valueName":"search_term_string"}}],"inLanguage":"fr-BE"},{"@type":"Organization","@id":"https:\/\/orthodoxia.be\/#organization","name":"Orthodox Archdiocese of Belgium (Benelux)","url":"https:\/\/orthodoxia.be\/","logo":{"@type":"ImageObject","inLanguage":"fr-BE","@id":"https:\/\/orthodoxia.be\/#\/schema\/logo\/image\/","url":"https:\/\/orthodoxia.be\/wp-content\/uploads\/2024\/02\/cropped-IMB-logo-512-cl-1.png","contentUrl":"https:\/\/orthodoxia.be\/wp-content\/uploads\/2024\/02\/cropped-IMB-logo-512-cl-1.png","width":512,"height":512,"caption":"Orthodox Archdiocese of Belgium (Benelux)"},"image":{"@id":"https:\/\/orthodoxia.be\/#\/schema\/logo\/image\/"},"sameAs":["https:\/\/www.facebook.com\/orthobel","https:\/\/x.com\/orthobel","https:\/\/www.youtube.com\/c\/orthobel","https:\/\/www.mixcloud.com\/orthobel\/","https:\/\/www.flickr.com\/photos\/148264890@N07\/albums","https:\/\/www.dailymotion.com\/Orthobel"]}]}},"_links":{"self":[{"href":"https:\/\/orthodoxia.be\/fr\/wp-json\/wp\/v2\/pages\/6719","targetHints":{"allow":["GET"]}}],"collection":[{"href":"https:\/\/orthodoxia.be\/fr\/wp-json\/wp\/v2\/pages"}],"about":[{"href":"https:\/\/orthodoxia.be\/fr\/wp-json\/wp\/v2\/types\/page"}],"author":[{"embeddable":true,"href":"https:\/\/orthodoxia.be\/fr\/wp-json\/wp\/v2\/users\/2"}],"replies":[{"embeddable":true,"href":"https:\/\/orthodoxia.be\/fr\/wp-json\/wp\/v2\/comments?post=6719"}],"version-history":[{"count":90,"href":"https:\/\/orthodoxia.be\/fr\/wp-json\/wp\/v2\/pages\/6719\/revisions"}],"predecessor-version":[{"id":53360,"href":"https:\/\/orthodoxia.be\/fr\/wp-json\/wp\/v2\/pages\/6719\/revisions\/53360"}],"up":[{"embeddable":true,"href":"https:\/\/orthodoxia.be\/fr\/wp-json\/wp\/v2\/pages\/2102"}],"wp:featuredmedia":[{"embeddable":true,"href":"https:\/\/orthodoxia.be\/fr\/wp-json\/wp\/v2\/media\/46693"}],"wp:attachment":[{"href":"https:\/\/orthodoxia.be\/fr\/wp-json\/wp\/v2\/media?parent=6719"}],"curies":[{"name":"wp","href":"https:\/\/api.w.org\/{rel}","templated":true}]}}