{"id":6855,"date":"2018-01-23T14:46:21","date_gmt":"2018-01-23T13:46:21","guid":{"rendered":"http:\/\/new.orthodoxia.be\/?page_id=6855"},"modified":"2019-01-07T17:08:34","modified_gmt":"2019-01-07T16:08:34","slug":"sa-toute-saintete-le-patriarche-oecumenique-bartholomee","status":"publish","type":"page","link":"https:\/\/orthodoxia.be\/fr\/le-patriarcat-oecumenique\/sa-toute-saintete-le-patriarche-oecumenique-bartholomee\/","title":{"rendered":"Biographie de Sa Toute-Saintet\u00e9 le Patriarche \u0152cum\u00e9nique Bartholom\u00e9e"},"content":{"rendered":"<h2 class=\"header-title\" style=\"text-align: center;\"><strong>Biographie de Sa Toute-Saintet\u00e9 le Patriarche \u0152cum\u00e9nique Bartholom\u00e9e<\/strong><\/h2>\n<p>&nbsp;<\/p>\n<h2 style=\"text-align: justify;\"><strong>HABITANT D\u2019IMVROS<\/strong><\/h2>\n<p style=\"text-align: justify;\">Sa Toute-Saintet\u00e9 le Patriarche \u0152cum\u00e9nique Bartholom\u00e9e est n\u00e9 \u00e0 Imvros le 29 f\u00e9vrier 1940, fils de Christos et de Meropi Archontoni. Son pr\u00e9nom de bapt\u00eame fut Dimitrios. Apr\u00e8s son \u00e9ducation de base dans sa ville d\u2019origine et au Lyc\u00e9e Zographos de Constantinople, il s\u2019inscrivit \u00e0 l\u2019Institut de Th\u00e9ologie de Chalki qu\u2019il termina en 1961 avec la mention \u00ab\u00a0excellence\u00a0\u00bb pour \u00eatre imm\u00e9diatement ordonn\u00e9 diacre sous l\u2019appellation de Bartholom\u00e9e. De 1961 \u00e0 1963, il accomplit ses obligations militaires en tant qu\u2019officier de r\u00e9serve.<\/p>\n<p style=\"text-align: justify;\">\u00a0Entre 1963 et 1968, d\u00e9tenteur d\u2019une bourse du Patriarcat \u0152cum\u00e9nique, il entreprit des \u00e9tudes de post graduat \u00e0 l\u2019Institut d\u2019\u00c9tudes Orientales de Rome, \u00e0 l\u2019Institut \u0152cum\u00e9nique de Bossey en Suisse et \u00e0 l\u2019Universit\u00e9 de Munich, en se sp\u00e9cialisant dans le domaine du Droit Canonique. Il d\u00e9crocha son doctorat de l\u2019Institut de Rome (Universit\u00e9 Gr\u00e9gorienne), en soumettant sa th\u00e8se \u00ab\u00a0De la codification des Saints Canons et des Arr\u00eat\u00e9s canoniques dans l\u2019\u00c9glise Orthodoxe\u00a0\u00bb.<\/p>\n<p style=\"text-align: justify;\">De retour en 1968 \u00e0 Constantinople, il fut nomm\u00e9 Directeur adjoint de l\u2019Institut de Th\u00e9ologie de Chalki, o\u00f9 il fut ordonn\u00e9 pr\u00eatre l\u2019ann\u00e9e suivante. Six mois plus tard, le Patriarche Ath\u00e9nagoras devait lui d\u00e9cerner le grade d\u2019Archimandrite.<\/p>\n<h2 style=\"text-align: justify;\"><strong>HIERARQUE<\/strong><\/h2>\n<p style=\"text-align: justify;\">En 1972, lorsque le regrett\u00e9 Dimitrios fut \u00e9lu Patriarche \u0152cum\u00e9nique et qu\u2019il cr\u00e9a le Bureau Particulier du Patriarcat, il appela l\u2019Archimandrite Bartholom\u00e9e pour la place de Directeur, l\u2019\u00e9levant l\u2019ann\u00e9e suivante (No\u00ebl 1973) au rang de M\u00e9tropolite de Philadelphie. Il devait rester \u00e0 la t\u00eate de ce Bureau jusqu\u2019\u00e0 sa promotion en tant que M\u00e9tropolite G\u00e9ron de Chalc\u00e9doine (Janvier 1990). De mars 1974 jusqu\u2019\u00e0 son accession sur le Tr\u00f4ne \u0152cum\u00e9nique, il fut membre du Saint et Sacr\u00e9 Synode, ainsi que de nombreuses Commissions Synodales.<\/p>\n<p style=\"text-align: justify;\">Apr\u00e8s le d\u00e9c\u00e8s du M\u00e9tropolite G\u00e9ron M\u00e9liton, il fut unanimement d\u00e9sign\u00e9 comme son successeur et devint M\u00e9tropolite de Chalc\u00e9doine.<\/p>\n<p style=\"text-align: justify;\">En plus de la langue grecque, il parle, le turc, le latin, l\u2019italien, l\u2019anglais, le fran\u00e7ais et l\u2019allemand. Il a publi\u00e9 de nombreux articles, \u00e9tudes et discours.<\/p>\n<h2 style=\"text-align: justify;\"><strong>HOMME DU DIALOGUE<\/strong><\/h2>\n<p style=\"text-align: justify;\">Il est membre fondateur de \u00ab\u00a0La Soci\u00e9t\u00e9 de Droit canonique des \u00c9glises Orientales\u00a0\u00bb, dont il a occup\u00e9 la place de Vice-pr\u00e9sident depuis des ann\u00e9es. Membre depuis 15 ans et Vice-pr\u00e9sident depuis 8 ans de la Commission \u00ab\u00a0Foi et Ordre\u00a0\u00bb du Conseil Mondial des \u00c9glises (CME). Il participa aux Assembl\u00e9es G\u00e9n\u00e9rales des IV<sup>\u00e8me<\/sup> CME (Uppsala 1968), VI<sup>\u00e8me<\/sup> (Vancouver 1983) et VII<sup>\u00e8me<\/sup> (Canberra 1991). Au cours de cette derni\u00e8re, il fut \u00e9lu membre des Commissions Centrales et Ex\u00e9cutives du CME.<\/p>\n<p style=\"text-align: justify;\">Il a repr\u00e9sent\u00e9 le Patriarcat \u0152cum\u00e9nique dans de nombreux Congr\u00e8s Inter Orthodoxes et Inter Chr\u00e9tiens, au cours de missions officielles aupr\u00e8s du Gouvernement turc, aupr\u00e8s d\u2019\u00c9glises Orthodoxes et non Orthodoxes, aupr\u00e8s de Dioc\u00e8ses du Tr\u00f4ne et aupr\u00e8s du Mont Athos. En 1990, il pr\u00e9sida \u00e0 Gen\u00e8ve la Commission Pr\u00e9paratoire du Saint et Grand Synode qui a examin\u00e9 le th\u00e8me de la Diaspora Orthodoxe.<\/p>\n<p style=\"text-align: justify;\">Le Patriarche \u0152cum\u00e9nique Bartholom\u00e9e a montr\u00e9 au monde que la v\u00e9ritable direction de l&#8217;\u00c9glise est le leadership spirituel du service, le fervent plaidoyer\u00a0 pour la paix, la justice, les droits humains et le respect de l&#8217;environnement, de toute la cr\u00e9ation et les cr\u00e9atures de Dieu, de l\u2019univers entier. A cet effet, afin de promouvoir l\u2019unit\u00e9 et la collaboration panorthodoxe, il convoqua au Phanar, \u00e0 Patmos et \u00e0 Chamb\u00e9sy ses fr\u00e8res Hi\u00e9rarques des \u00c9glises Orthodoxes locales et tous ensemble ils \u00e9mirent vers l\u2019\u00c9glise et le monde un Message repr\u00e9sentant la voix unie de l\u2019Orthodoxie.<\/p>\n<p style=\"text-align: justify;\">En\u00a0 juin 2016, il convoquait et pr\u00e9sidait le Saint et Grand Concile de l\u2019\u00c9glise Orthodoxe, qui s\u2019est tenu en Cr\u00e8te et a rassembl\u00e9 des primats et repr\u00e9sentants des \u00c9glises Orthodoxes locales.<\/p>\n<h2 style=\"text-align: justify;\"><strong>UN AP\u00d4TRE DES TEMPS MODERNE<\/strong><\/h2>\n<p style=\"text-align: justify;\">Le Patriarche \u0152cum\u00e9nique Bartholom\u00e9e, ap\u00f4tre moderne de la paix et de l&#8217;amour, est \u00e0 la t\u00eate de la deuxi\u00e8me plus grande et plus ancienne communaut\u00e9 chr\u00e9tienne au monde. Situ\u00e9 dans un pays musulman sur la ligne de fracture entre l&#8217;Est et l&#8217;Ouest, le Christianisme et l&#8217;Islam, les mondes d\u00e9velopp\u00e9s et en voie de d\u00e9veloppement, Sa Toute-Saintet\u00e9 est, par tradition, le 270<sup>\u00e8me<\/sup> successeur d&#8217;un v\u00e9ritable ap\u00f4tre de J\u00e9sus-Christ, saint Andr\u00e9, le Premier-Appel\u00e9 parmi les Ap\u00f4tres et fr\u00e8re de St Pierre.<\/p>\n<p style=\"text-align: justify;\">Le Patriarcat \u0152cum\u00e9nique a vu le jour dans ce qu&#8217;on appelait l&#8217;Asie Mineure, l\u2019actuelle Turquie, depuis le IV<sup>\u00e8me <\/sup>\u00a0si\u00e8cle ap J.-C., lorsque l&#8217;empereur Constantin d\u00e9pla\u00e7a la capitale de l&#8217;Empire romain \u00e0 Constantinople (aujourd&#8217;hui Istanbul), une ville dont il est le fondateur. Sa Toute-Saintet\u00e9 Bartholom\u00e9e a dirig\u00e9 les 300 millions de Chr\u00e9tiens Orthodoxes \u00e0 travers le monde, unissant tranquillement les principaux chefs religieux et intervenant dans les guerres, les conflits et la crise environnementale.<\/p>\n<h2 style=\"text-align: justify;\"><strong>LEADER SPIRITUEL MONDIAL<\/strong><\/h2>\n<p style=\"text-align: justify;\">Sa Toute-Saintet\u00e9 fut accueillie avec les honneurs par le Secr\u00e9taire g\u00e9n\u00e9ral Kofi Annan aux Nations Unies et les Pr\u00e9sidents George W. Bush et Bill Clinton \u00e0 la Maison Blanche. En 1997, lorsqu&#8217;elle fut re\u00e7ue par le pr\u00e9sident Clinton et la secr\u00e9taire d&#8217;\u00c9tat Madeleine Albright, Sa Toute-Saintet\u00e9 se voyait d\u00e9cerner la prestigieuse m\u00e9daille d&#8217;or du Congr\u00e8s des \u00c9tats-Unis qui avait \u00e9t\u00e9 pr\u00e9c\u00e9demment donn\u00e9e au Pr\u00e9sident George Washington et, r\u00e9cemment, \u00e0 M\u00e8re Theresa et Nelson Mandela. En d\u00e9cembre 2001, quelques mois apr\u00e8s la trag\u00e9die du 11 septembre, Sa Toute-Saintet\u00e9 organisait une grande conf\u00e9rence interreligieuse \u00e0 Bruxelles, parrain\u00e9e conjointement par le pr\u00e9sident de la Commission europ\u00e9enne, M. Romano Prodi. La d\u00e9claration de Bruxelles r\u00e9affirmait son credo de longue date que \u00abLa guerre au nom de la religion est une guerre contre la religion\u00bb, et que c&#8217;est la volont\u00e9 de Dieu que la paix pr\u00e9vale dans le monde.<\/p>\n<p style=\"text-align: justify;\">Sa Toute-Saintet\u00e9 a invit\u00e9 les hauts repr\u00e9sentants du juda\u00efsme, du christianisme et de l&#8217;islam \u00e0 la table de conf\u00e9rence afin de condamner l\u2019utilisation de la religion pour justifier des actes de violence et a appel\u00e9 \u00e0 la s\u00e9paration entre le politique et le religieux.<\/p>\n<h2 style=\"text-align: justify;\"><strong>LEADER POUR L\u2019ENVIRONNEMENT<\/strong><\/h2>\n<p style=\"text-align: justify;\">Le Patriarche Oecum\u00e9nique Bartholom\u00e9e a abord\u00e9 la crise environnementale de notre temps \u00e0 travers des s\u00e9minaires, des s\u00e9ries de conf\u00e9rences sur l\u2019\u00e9tat des mers, \u00e9tudiant la d\u00e9gradation de la mer Noire, du Danube et des mers Adriatique et Baltique. Connu comme le \u00abPatriarche vert\u00bb, les initiatives environnementales du Patriarche \u0152cum\u00e9nique ont \u00e9t\u00e9 reconnues depuis une d\u00e9cennie en Europe, et en Am\u00e9rique en l\u2019an 2000 par le vice-pr\u00e9sident Al Gore et l\u2019organisation Scenic Hudson, qui lui ont d\u00e9cern\u00e9 le prix du visionnaire international pour son action\u00a0 environnementale, au cours de c\u00e9r\u00e9monies \u00e0 New York.<\/p>\n<h2 style=\"text-align: justify;\"><strong>PREMIER PARMI LES EGAUX<\/strong><\/h2>\n<p style=\"text-align: justify;\">Aujourd&#8217;hui, le Patriarche Oecum\u00e9nique est reconnu comme le chef canonique ou le chef spirituel d&#8217;une \u00c9glise orthodoxe mondiale qui tient encore aux enseignements et pratiques originaux et fondamentaux du christianisme indivise. On ne peut plus affirmer maintenant que l&#8217;\u00c9glise orthodoxe vit uniquement dans l&#8217;<em>Orient<\/em> traditionnel, car elle compte des millions d&#8217;adeptes en Europe, en Am\u00e9rique du Nord et du Sud, en Am\u00e9rique centrale et dans les Cara\u00efbes, ainsi qu&#8217;en Asie, en Australie, Nouvelle-Z\u00e9lande et Oc\u00e9anie. Afin de conf\u00e9rer une expression canonique \u00e0 cet \u00e9tat de fait, Sa Toute-Saintet\u00e9 Bartholom\u00e9e a chang\u00e9 la composition des 12 membres du Saint Synode du Patriarcat \u0152cum\u00e9nique pour y inclure les hi\u00e9rarques de Dioc\u00e8ses de pays hors de Constantinople.<\/p>\n<h2 style=\"text-align: justify;\"><strong>DOCTEUR HONORIS CAUSA<\/strong><\/h2>\n<p style=\"text-align: justify;\">Sur invitation, il a donn\u00e9 des Conf\u00e9rences dans diverses villes et sur des sujets d\u2019actualit\u00e9 ou se r\u00e9f\u00e9rant \u00e0 sa sp\u00e9cialit\u00e9 (Ath\u00e8nes, Thessaloniki, Louvain, Madrid, Vienne, Rome, etc.). Il est membre de l\u2019Acad\u00e9mie Orthodoxe de Cr\u00e8te et membre honorifique de l\u2019Institut Pro Oriente de Vienne. Il est \u00e9galement Docteur Honoris causa de la Facult\u00e9 de Th\u00e9ologie de l\u2019Universit\u00e9 d\u2019Ath\u00e8nes et de l\u2019Acad\u00e9mie de Th\u00e9ologie de Moscou, de la Facult\u00e9 de Philosophie de l\u2019Universit\u00e9 de Cr\u00e8te (Gr\u00e8ce), de l\u2019Universit\u00e9 de la Ville de Londres, de la section Environnementale de l\u2019Universit\u00e9 d\u2019\u00c9g\u00e9e\u00a0 (Lesbos &#8211; Gr\u00e8ce), de l\u2019Universit\u00e9 Catholique de Louvain (Belgique), de l\u2019Institut de Th\u00e9ologie St Serge de Paris, de la Facult\u00e9 de Droit Canon de l\u2019Universit\u00e9 d\u2019Aix-en-Provence (France), de l\u2019Universit\u00e9 d\u2019\u00c9dinbourg, de l\u2019Institut de Th\u00e9ologie de la Sainte Croix de Boston, de l\u2019Institut de Th\u00e9ologie St Vladimir de New York, de l\u2019Institut de Th\u00e9ologie d\u2019Ia\u0219i (Roumanie), de cinq Sections de l\u2019Universit\u00e9 de Thessaloniki (Gr\u00e8ce), des Universit\u00e9s am\u00e9ricaines de Georgetown, de Tuft et de Southern Methodist, de l\u2019universit\u00e9 D\u00e9mocrite de Xanthi (Gr\u00e8ce), de l\u2019Universit\u00e9 de Yale, de la Section Histoire-Arch\u00e9ologie de la Facult\u00e9 de Philosophie de l\u2019Universit\u00e9 de Ioannina (Gr\u00e8ce), et d\u2019autres.<\/p>\n<h2 style=\"text-align: justify;\"><strong>UN REVE POUR CHALKI<\/strong><\/h2>\n<p style=\"text-align: justify;\">Il a r\u00e9alis\u00e9 de nombreuses visites officielles aupr\u00e8s du Pr\u00e9sident de la R\u00e9publique et des Autorit\u00e9s Gouvernementales \u00e0 Ankara, leur exposant les sujets qui pr\u00e9occupent le Patriarcat \u0152cum\u00e9nique et ceux qui concernent les probl\u00e8mes de la communaut\u00e9 chr\u00e9tienne en Turquie, avec en t\u00eate de pr\u00e9occupation la r\u00e9ouverture de l\u2019Institut de Th\u00e9ologie de Chalki.<\/p>\n<p style=\"text-align: center;\">[FAGP id=10534]<\/p>\n","protected":false},"excerpt":{"rendered":"<p>Biographie de Sa Toute-Saintet\u00e9 le Patriarche \u0152cum\u00e9nique Bartholom\u00e9e &nbsp; HABITANT D\u2019IMVROS Sa Toute-Saintet\u00e9 le Patriarche \u0152cum\u00e9nique Bartholom\u00e9e est n\u00e9 \u00e0 Imvros le 29 f\u00e9vrier 1940, fils de Christos et de Meropi Archontoni. Son pr\u00e9nom de bapt\u00eame fut Dimitrios. Apr\u00e8s son \u00e9ducation de base dans sa ville d\u2019origine et au Lyc\u00e9e Zographos de Constantinople, il s\u2019inscrivit &hellip; <a href=\"https:\/\/orthodoxia.be\/fr\/le-patriarcat-oecumenique\/sa-toute-saintete-le-patriarche-oecumenique-bartholomee\/\">Continued<\/a><\/p>\n","protected":false},"author":2,"featured_media":46890,"parent":5643,"menu_order":1,"comment_status":"closed","ping_status":"closed","template":"","meta":{"_acf_changed":false,"footnotes":""},"class_list":["post-6855","page","type-page","status-publish","has-post-thumbnail","hentry"],"acf":[],"yoast_head":"<!-- This site is optimized with the Yoast SEO plugin v24.3 - https:\/\/yoast.com\/wordpress\/plugins\/seo\/ -->\n<title>Biographie de Sa Toute-Saintet\u00e9 le Patriarche \u0152cum\u00e9nique Bartholom\u00e9e - Archev\u00each\u00e9 Orthodoxe de Belgique<\/title>\n<meta name=\"robots\" content=\"index, follow, max-snippet:-1, max-image-preview:large, max-video-preview:-1\" \/>\n<link rel=\"canonical\" href=\"https:\/\/orthodoxia.be\/fr\/le-patriarcat-oecumenique\/sa-toute-saintete-le-patriarche-oecumenique-bartholomee\/\" \/>\n<meta property=\"og:locale\" content=\"fr_FR\" \/>\n<meta property=\"og:type\" content=\"article\" \/>\n<meta property=\"og:title\" content=\"Biographie de Sa Toute-Saintet\u00e9 le Patriarche \u0152cum\u00e9nique Bartholom\u00e9e - Archev\u00each\u00e9 Orthodoxe de Belgique\" \/>\n<meta property=\"og:description\" content=\"Biographie de Sa Toute-Saintet\u00e9 le Patriarche \u0152cum\u00e9nique Bartholom\u00e9e &nbsp; HABITANT D\u2019IMVROS Sa Toute-Saintet\u00e9 le Patriarche \u0152cum\u00e9nique Bartholom\u00e9e est n\u00e9 \u00e0 Imvros le 29 f\u00e9vrier 1940, fils de Christos et de Meropi Archontoni. Son pr\u00e9nom de bapt\u00eame fut Dimitrios. Apr\u00e8s son \u00e9ducation de base dans sa ville d\u2019origine et au Lyc\u00e9e Zographos de Constantinople, il s\u2019inscrivit &hellip; Continued\" \/>\n<meta property=\"og:url\" content=\"https:\/\/orthodoxia.be\/fr\/le-patriarcat-oecumenique\/sa-toute-saintete-le-patriarche-oecumenique-bartholomee\/\" \/>\n<meta property=\"og:site_name\" content=\"Archev\u00each\u00e9 Orthodoxe de Belgique\" \/>\n<meta property=\"article:publisher\" content=\"https:\/\/www.facebook.com\/orthobel\" \/>\n<meta property=\"article:modified_time\" content=\"2019-01-07T16:08:34+00:00\" \/>\n<meta property=\"og:image\" content=\"https:\/\/orthodoxia.be\/wp-content\/uploads\/2017\/11\/Oecum.-Patr.-Bartholomeos.jpg\" \/>\n\t<meta property=\"og:image:width\" content=\"275\" \/>\n\t<meta property=\"og:image:height\" content=\"314\" \/>\n\t<meta property=\"og:image:type\" content=\"image\/jpeg\" \/>\n<meta name=\"twitter:card\" content=\"summary_large_image\" \/>\n<meta name=\"twitter:site\" content=\"@orthobel\" \/>\n<meta name=\"twitter:label1\" content=\"Dur\u00e9e de lecture est.\" \/>\n\t<meta name=\"twitter:data1\" content=\"8 minutes\" \/>\n<script type=\"application\/ld+json\" class=\"yoast-schema-graph\">{\"@context\":\"https:\/\/schema.org\",\"@graph\":[{\"@type\":\"WebPage\",\"@id\":\"https:\/\/orthodoxia.be\/fr\/le-patriarcat-oecumenique\/sa-toute-saintete-le-patriarche-oecumenique-bartholomee\/\",\"url\":\"https:\/\/orthodoxia.be\/fr\/le-patriarcat-oecumenique\/sa-toute-saintete-le-patriarche-oecumenique-bartholomee\/\",\"name\":\"Biographie de Sa Toute-Saintet\u00e9 le Patriarche \u0152cum\u00e9nique Bartholom\u00e9e - Archev\u00each\u00e9 Orthodoxe de Belgique\",\"isPartOf\":{\"@id\":\"https:\/\/orthodoxia.be\/#website\"},\"primaryImageOfPage\":{\"@id\":\"https:\/\/orthodoxia.be\/fr\/le-patriarcat-oecumenique\/sa-toute-saintete-le-patriarche-oecumenique-bartholomee\/#primaryimage\"},\"image\":{\"@id\":\"https:\/\/orthodoxia.be\/fr\/le-patriarcat-oecumenique\/sa-toute-saintete-le-patriarche-oecumenique-bartholomee\/#primaryimage\"},\"thumbnailUrl\":\"https:\/\/orthodoxia.be\/wp-content\/uploads\/2024\/11\/49048129711_564a184661_o.jpg\",\"datePublished\":\"2018-01-23T13:46:21+00:00\",\"dateModified\":\"2019-01-07T16:08:34+00:00\",\"breadcrumb\":{\"@id\":\"https:\/\/orthodoxia.be\/fr\/le-patriarcat-oecumenique\/sa-toute-saintete-le-patriarche-oecumenique-bartholomee\/#breadcrumb\"},\"inLanguage\":\"fr-BE\",\"potentialAction\":[{\"@type\":\"ReadAction\",\"target\":[\"https:\/\/orthodoxia.be\/fr\/le-patriarcat-oecumenique\/sa-toute-saintete-le-patriarche-oecumenique-bartholomee\/\"]}]},{\"@type\":\"ImageObject\",\"inLanguage\":\"fr-BE\",\"@id\":\"https:\/\/orthodoxia.be\/fr\/le-patriarcat-oecumenique\/sa-toute-saintete-le-patriarche-oecumenique-bartholomee\/#primaryimage\",\"url\":\"https:\/\/orthodoxia.be\/wp-content\/uploads\/2024\/11\/49048129711_564a184661_o.jpg\",\"contentUrl\":\"https:\/\/orthodoxia.be\/wp-content\/uploads\/2024\/11\/49048129711_564a184661_o.jpg\",\"width\":683,\"height\":1023},{\"@type\":\"BreadcrumbList\",\"@id\":\"https:\/\/orthodoxia.be\/fr\/le-patriarcat-oecumenique\/sa-toute-saintete-le-patriarche-oecumenique-bartholomee\/#breadcrumb\",\"itemListElement\":[{\"@type\":\"ListItem\",\"position\":1,\"name\":\"Home\",\"item\":\"https:\/\/orthodoxia.be\/fr\/\"},{\"@type\":\"ListItem\",\"position\":2,\"name\":\"LE PATRIARCAT \u0152CUMENIQUE\",\"item\":\"https:\/\/orthodoxia.be\/fr\/le-patriarcat-oecumenique\/\"},{\"@type\":\"ListItem\",\"position\":3,\"name\":\"Biographie de Sa Toute-Saintet\u00e9 le Patriarche \u0152cum\u00e9nique Bartholom\u00e9e\"}]},{\"@type\":\"WebSite\",\"@id\":\"https:\/\/orthodoxia.be\/#website\",\"url\":\"https:\/\/orthodoxia.be\/\",\"name\":\"Orthodox Archdiocese of Belgium (Benelux)\",\"description\":\"Exarque des Pays-Bas et du Luxembourg\",\"publisher\":{\"@id\":\"https:\/\/orthodoxia.be\/#organization\"},\"alternateName\":\"IMB\",\"potentialAction\":[{\"@type\":\"SearchAction\",\"target\":{\"@type\":\"EntryPoint\",\"urlTemplate\":\"https:\/\/orthodoxia.be\/?s={search_term_string}\"},\"query-input\":{\"@type\":\"PropertyValueSpecification\",\"valueRequired\":true,\"valueName\":\"search_term_string\"}}],\"inLanguage\":\"fr-BE\"},{\"@type\":\"Organization\",\"@id\":\"https:\/\/orthodoxia.be\/#organization\",\"name\":\"Orthodox Archdiocese of Belgium (Benelux)\",\"url\":\"https:\/\/orthodoxia.be\/\",\"logo\":{\"@type\":\"ImageObject\",\"inLanguage\":\"fr-BE\",\"@id\":\"https:\/\/orthodoxia.be\/#\/schema\/logo\/image\/\",\"url\":\"https:\/\/orthodoxia.be\/wp-content\/uploads\/2024\/02\/cropped-IMB-logo-512-cl-1.png\",\"contentUrl\":\"https:\/\/orthodoxia.be\/wp-content\/uploads\/2024\/02\/cropped-IMB-logo-512-cl-1.png\",\"width\":512,\"height\":512,\"caption\":\"Orthodox Archdiocese of Belgium (Benelux)\"},\"image\":{\"@id\":\"https:\/\/orthodoxia.be\/#\/schema\/logo\/image\/\"},\"sameAs\":[\"https:\/\/www.facebook.com\/orthobel\",\"https:\/\/x.com\/orthobel\",\"https:\/\/www.youtube.com\/c\/orthobel\",\"https:\/\/www.mixcloud.com\/orthobel\/\",\"https:\/\/www.flickr.com\/photos\/148264890@N07\/albums\",\"https:\/\/www.dailymotion.com\/Orthobel\"]}]}<\/script>\n<!-- \/ Yoast SEO plugin. -->","yoast_head_json":{"title":"Biographie de Sa Toute-Saintet\u00e9 le Patriarche \u0152cum\u00e9nique Bartholom\u00e9e - Archev\u00each\u00e9 Orthodoxe de Belgique","robots":{"index":"index","follow":"follow","max-snippet":"max-snippet:-1","max-image-preview":"max-image-preview:large","max-video-preview":"max-video-preview:-1"},"canonical":"https:\/\/orthodoxia.be\/fr\/le-patriarcat-oecumenique\/sa-toute-saintete-le-patriarche-oecumenique-bartholomee\/","og_locale":"fr_FR","og_type":"article","og_title":"Biographie de Sa Toute-Saintet\u00e9 le Patriarche \u0152cum\u00e9nique Bartholom\u00e9e - Archev\u00each\u00e9 Orthodoxe de Belgique","og_description":"Biographie de Sa Toute-Saintet\u00e9 le Patriarche \u0152cum\u00e9nique Bartholom\u00e9e &nbsp; HABITANT D\u2019IMVROS Sa Toute-Saintet\u00e9 le Patriarche \u0152cum\u00e9nique Bartholom\u00e9e est n\u00e9 \u00e0 Imvros le 29 f\u00e9vrier 1940, fils de Christos et de Meropi Archontoni. Son pr\u00e9nom de bapt\u00eame fut Dimitrios. Apr\u00e8s son \u00e9ducation de base dans sa ville d\u2019origine et au Lyc\u00e9e Zographos de Constantinople, il s\u2019inscrivit &hellip; Continued","og_url":"https:\/\/orthodoxia.be\/fr\/le-patriarcat-oecumenique\/sa-toute-saintete-le-patriarche-oecumenique-bartholomee\/","og_site_name":"Archev\u00each\u00e9 Orthodoxe de Belgique","article_publisher":"https:\/\/www.facebook.com\/orthobel","article_modified_time":"2019-01-07T16:08:34+00:00","og_image":[{"width":275,"height":314,"url":"https:\/\/orthodoxia.be\/wp-content\/uploads\/2017\/11\/Oecum.-Patr.-Bartholomeos.jpg","type":"image\/jpeg"}],"twitter_card":"summary_large_image","twitter_site":"@orthobel","twitter_misc":{"Dur\u00e9e de lecture est.":"8 minutes"},"schema":{"@context":"https:\/\/schema.org","@graph":[{"@type":"WebPage","@id":"https:\/\/orthodoxia.be\/fr\/le-patriarcat-oecumenique\/sa-toute-saintete-le-patriarche-oecumenique-bartholomee\/","url":"https:\/\/orthodoxia.be\/fr\/le-patriarcat-oecumenique\/sa-toute-saintete-le-patriarche-oecumenique-bartholomee\/","name":"Biographie de Sa Toute-Saintet\u00e9 le Patriarche \u0152cum\u00e9nique Bartholom\u00e9e - Archev\u00each\u00e9 Orthodoxe de Belgique","isPartOf":{"@id":"https:\/\/orthodoxia.be\/#website"},"primaryImageOfPage":{"@id":"https:\/\/orthodoxia.be\/fr\/le-patriarcat-oecumenique\/sa-toute-saintete-le-patriarche-oecumenique-bartholomee\/#primaryimage"},"image":{"@id":"https:\/\/orthodoxia.be\/fr\/le-patriarcat-oecumenique\/sa-toute-saintete-le-patriarche-oecumenique-bartholomee\/#primaryimage"},"thumbnailUrl":"https:\/\/orthodoxia.be\/wp-content\/uploads\/2024\/11\/49048129711_564a184661_o.jpg","datePublished":"2018-01-23T13:46:21+00:00","dateModified":"2019-01-07T16:08:34+00:00","breadcrumb":{"@id":"https:\/\/orthodoxia.be\/fr\/le-patriarcat-oecumenique\/sa-toute-saintete-le-patriarche-oecumenique-bartholomee\/#breadcrumb"},"inLanguage":"fr-BE","potentialAction":[{"@type":"ReadAction","target":["https:\/\/orthodoxia.be\/fr\/le-patriarcat-oecumenique\/sa-toute-saintete-le-patriarche-oecumenique-bartholomee\/"]}]},{"@type":"ImageObject","inLanguage":"fr-BE","@id":"https:\/\/orthodoxia.be\/fr\/le-patriarcat-oecumenique\/sa-toute-saintete-le-patriarche-oecumenique-bartholomee\/#primaryimage","url":"https:\/\/orthodoxia.be\/wp-content\/uploads\/2024\/11\/49048129711_564a184661_o.jpg","contentUrl":"https:\/\/orthodoxia.be\/wp-content\/uploads\/2024\/11\/49048129711_564a184661_o.jpg","width":683,"height":1023},{"@type":"BreadcrumbList","@id":"https:\/\/orthodoxia.be\/fr\/le-patriarcat-oecumenique\/sa-toute-saintete-le-patriarche-oecumenique-bartholomee\/#breadcrumb","itemListElement":[{"@type":"ListItem","position":1,"name":"Home","item":"https:\/\/orthodoxia.be\/fr\/"},{"@type":"ListItem","position":2,"name":"LE PATRIARCAT \u0152CUMENIQUE","item":"https:\/\/orthodoxia.be\/fr\/le-patriarcat-oecumenique\/"},{"@type":"ListItem","position":3,"name":"Biographie de Sa Toute-Saintet\u00e9 le Patriarche \u0152cum\u00e9nique Bartholom\u00e9e"}]},{"@type":"WebSite","@id":"https:\/\/orthodoxia.be\/#website","url":"https:\/\/orthodoxia.be\/","name":"Orthodox Archdiocese of Belgium (Benelux)","description":"Exarque des Pays-Bas et du Luxembourg","publisher":{"@id":"https:\/\/orthodoxia.be\/#organization"},"alternateName":"IMB","potentialAction":[{"@type":"SearchAction","target":{"@type":"EntryPoint","urlTemplate":"https:\/\/orthodoxia.be\/?s={search_term_string}"},"query-input":{"@type":"PropertyValueSpecification","valueRequired":true,"valueName":"search_term_string"}}],"inLanguage":"fr-BE"},{"@type":"Organization","@id":"https:\/\/orthodoxia.be\/#organization","name":"Orthodox Archdiocese of Belgium (Benelux)","url":"https:\/\/orthodoxia.be\/","logo":{"@type":"ImageObject","inLanguage":"fr-BE","@id":"https:\/\/orthodoxia.be\/#\/schema\/logo\/image\/","url":"https:\/\/orthodoxia.be\/wp-content\/uploads\/2024\/02\/cropped-IMB-logo-512-cl-1.png","contentUrl":"https:\/\/orthodoxia.be\/wp-content\/uploads\/2024\/02\/cropped-IMB-logo-512-cl-1.png","width":512,"height":512,"caption":"Orthodox Archdiocese of Belgium (Benelux)"},"image":{"@id":"https:\/\/orthodoxia.be\/#\/schema\/logo\/image\/"},"sameAs":["https:\/\/www.facebook.com\/orthobel","https:\/\/x.com\/orthobel","https:\/\/www.youtube.com\/c\/orthobel","https:\/\/www.mixcloud.com\/orthobel\/","https:\/\/www.flickr.com\/photos\/148264890@N07\/albums","https:\/\/www.dailymotion.com\/Orthobel"]}]}},"_links":{"self":[{"href":"https:\/\/orthodoxia.be\/fr\/wp-json\/wp\/v2\/pages\/6855","targetHints":{"allow":["GET"]}}],"collection":[{"href":"https:\/\/orthodoxia.be\/fr\/wp-json\/wp\/v2\/pages"}],"about":[{"href":"https:\/\/orthodoxia.be\/fr\/wp-json\/wp\/v2\/types\/page"}],"author":[{"embeddable":true,"href":"https:\/\/orthodoxia.be\/fr\/wp-json\/wp\/v2\/users\/2"}],"replies":[{"embeddable":true,"href":"https:\/\/orthodoxia.be\/fr\/wp-json\/wp\/v2\/comments?post=6855"}],"version-history":[{"count":6,"href":"https:\/\/orthodoxia.be\/fr\/wp-json\/wp\/v2\/pages\/6855\/revisions"}],"predecessor-version":[{"id":15584,"href":"https:\/\/orthodoxia.be\/fr\/wp-json\/wp\/v2\/pages\/6855\/revisions\/15584"}],"up":[{"embeddable":true,"href":"https:\/\/orthodoxia.be\/fr\/wp-json\/wp\/v2\/pages\/5643"}],"wp:featuredmedia":[{"embeddable":true,"href":"https:\/\/orthodoxia.be\/fr\/wp-json\/wp\/v2\/media\/46890"}],"wp:attachment":[{"href":"https:\/\/orthodoxia.be\/fr\/wp-json\/wp\/v2\/media?parent=6855"}],"curies":[{"name":"wp","href":"https:\/\/api.w.org\/{rel}","templated":true}]}}