{"id":6910,"date":"2018-01-24T08:41:05","date_gmt":"2018-01-24T07:41:05","guid":{"rendered":"http:\/\/new.orthodoxia.be\/?page_id=6910"},"modified":"2023-09-15T12:13:44","modified_gmt":"2023-09-15T10:13:44","slug":"commissions","status":"publish","type":"page","link":"https:\/\/orthodoxia.be\/fr\/sainte-metropole-de-belgique\/commissions\/","title":{"rendered":"Commissions"},"content":{"rendered":"<h2 style=\"text-align: justify;\"><b>Commission Juridique<\/b><\/h2>\n<p style=\"text-align: justify;\"><span>Pr\u00e9sident: Son Eminence le M\u00e9tropolite Ath\u00e9nagoras de Belgique. Secr\u00e9taire: Diacre Filip Boone. Membres: \u00a0Mme Panagiota Baloji, Messieurs Paul Remerie, Michel Van Gysel, Marc Tsoutsanis, Maxim Hodak, St\u00e9phanos Kardaras et Nikolaos Panagiotopoulos.<\/span><\/p>\n<h2 style=\"text-align: justify;\"><b>Commission de Valorisation et Gestion du Patrimoine Immobilier:<\/b><\/h2>\n<p style=\"text-align: justify;\">Pr\u00e9sident: Son Eminence le M\u00e9tropolite Ath\u00e9nagoras de Belgique. Secr\u00e9taire: Diacre Barnabas Genbrugge. Membres:\u00a0<span>Archimandrite Philadelphos Kafalis, vicaire g\u00e9n\u00e9ral,\u00a0<\/span>Archipr\u00eatre Athanasios Toparlakis, Diacre Filip Boone, Archonte Georgios Kartalis, Mme Justine Peckstadt, Messieurs Christophe Beyer, Kosmas Vassiliadis, Ioannis Koklis et Georgios Maglis.<\/p>\n<h2 style=\"text-align: justify;\"><b>Commission pour les Relations Inter-eccl\u00e9siales et Inter-religieuses:<\/b><\/h2>\n<p style=\"text-align: justify;\"><span>Pr\u00e9sident: Son Eminence le M\u00e9tropolite Ath\u00e9nagoras de Belgique. Secr\u00e9taire: Archipr\u00eatre Athanasios Toparlakis. Membres: Archimandrite Philadelphos Kafalis, vicaire g\u00e9n\u00e9ral, Protopresbytres du Tr\u00f4ne \u0152cum\u00e9nique Panagiotis Moschonas, Ioannis Psomas\u00a0et Evangelos Psallas, Archipr\u00eatres Nikolaos Palamianakis et Ciprian Popescu, et Diacre Barnabas Genbrugge.<\/span><\/p>\n<h2 style=\"text-align: justify;\"><span><b>Commission P\u00e9dagogique du Cours de religion orthodoxe:<\/b><\/span><\/h2>\n<p style=\"text-align: justify;\">Pr\u00e9sident: Son Eminence le M\u00e9tropolite Ath\u00e9nagoras de Belgique. Vice-Pr\u00e9sident: Protopresbytre du Tr\u00f4ne \u0152cum\u00e9nique Stavros Triantafyllou. Secr\u00e9taires: Protopresbytre du Tr\u00f4ne \u0152cum\u00e9nique Evangelos Psallas\u00a0et Pr\u00eatre Filip Boone. Membres: Archipr\u00eatre Konstantinos Kenanidis, Pr\u00eatre Athanase de Theux, Mmes\u00a0<span>Marie Laure Santos Melahrinidis\u00a0<\/span><span>Monsieur Stylianos Stratidis,<\/span>, Messieur l\u2019Inspecteur Philippe de Bruyn . Conseiller juridique: Maurice Van Stiphout. Adresse: Pedagogische Commissie \u2013 Commission P\u00e9dagogique, Avenue Charbolaan 71 &#8211; 1030 Brussel\/Bruxelles. \u03a4\u00e9l: <a href=\"t:+3227365278\">+32.2\/736.52.78<\/a>,\u00a0 E-mail: <a href=\"mailto:orthopedacom@gmail.com\">orthopedacom@gmail.com<\/a><\/p>\n<h2 style=\"text-align: justify;\"><b>Services de l\u2019Enseignement Religieux<\/b><\/h2>\n<h3 style=\"text-align: justify;\"><b>1. Section n\u00e9erlandophone<\/b><\/h3>\n<p style=\"text-align: justify;\">Dienst Orthodox Godsdienstonderwijs: Steenweg op Brussel, 112 &#8211; 1780 Wemmel. \u03a4\u00e9l: <a href=\"t:+3224281237\">+32.2\/428.12.37<\/a> E-mail: <a href=\"mailto:inspectie@orthodoxonderwijs.be\">inspectie@orthodoxonderwijs.be<\/a><\/p>\n<h3 style=\"text-align: justify;\"><b>2. Section francophone et germanophone<\/b>:<\/h3>\n<p style=\"text-align: justify;\">provisoirement assur\u00e9 par le Secr\u00e9tariat de la Commission P\u00e9dagogique, Avenue Charbo 71 &#8211; 1030 Bruxelles. \u03a4\u00e9l: <a href=\"t:+3227365278\">+32.2\/736.52.78<\/a>, &#8211; E-mail:<a href=\"mailto:%20orthopedacom@gmail.com\"> orthopedacom@gmail.com<\/a><\/p>\n<h2 style=\"text-align: justify;\"><b>Commission Pastorale<\/b><\/h2>\n<p style=\"text-align: justify;\">Pr\u00e9sident: Son Eminence le M\u00e9tropolite Ath\u00e9nagoras de Belgique. Secr\u00e9taire:\u00a0<span>Protopresbytre<\/span> du T\u00f4ne Oecum\u00e9nique Evangelos Psallas. Membres: Archipr\u00eatre Konstantinos Kenanidis, Pr\u00eatre Alexandros Pitsikakis, Prof. Basile Saroglou, Mme Marina Dermetzaki.<\/p>\n<h2 style=\"text-align: justify;\"><b>Commission de la Jeunesse<\/b><\/h2>\n<p style=\"text-align: justify;\">Pr\u00e9sident: Son Eminence le M\u00e9tropolite Ath\u00e9nagoras de Belgique. Secr\u00e9taire: Diacre Filip Boone. Membres:\u00a0<span>Archimandrite<\/span><span>\u00a0<\/span><span>Philadelphos Kafalis, vicaire g\u00e9n\u00e9ral,\u00a0<\/span>Archipr\u00eatres Ciprian Popescu, Athanasios Toparlakis et Pawel Cecha,\u00a0<span>Pr\u00eatres\u00a0<\/span>Antonios Tarlizos et <span>Quinten Koning<\/span>, Archidiacre Philadelphos Kafalis, Diacre Barnabas Genbrugge, Mlle Stefania Corbeanu et Messieurs Georges Antoniou et Nicolas Peckstadt.<\/p>\n<h2 style=\"text-align: justify;\"><b>Commission pour les Etudiants<\/b><\/h2>\n<p style=\"text-align: justify;\"><span>Archimandrite<\/span><span>\u00a0<\/span><span>Philadelphos Kafalis, vicaire g\u00e9n\u00e9ral,\u00a0<\/span>Protopresbytre du Tr\u00f4ne \u0152cum\u00e9nique Evangelos Psallas, Archipr\u00eatre Konstantinos Kenanidis (pour la Belgique),<span>Protopresbytre du Tr\u00f4ne Oecum\u00e9nique<\/span> Ioannis Psomas (pour les Pays-Bas), Archipr\u00eatre Spyridon Tsekouras (pour le Luxembourg)<\/p>\n<h2 style=\"text-align: justify;\"><b>Commission Media (Radio &#8211; T\u00e9l\u00e9vision &#8211; Presse)<\/b><\/h2>\n<p style=\"text-align: justify;\">Pr\u00e9sident: Son Eminence le M\u00e9tropolite Ath\u00e9nagoras de Belgique. Secr\u00e9taire:<span>Protopresbytre du Tr\u00f4ne \u0152cum\u00e9nique Evangelos Psallas<\/span> Membres:\u00a0 Archidiacre Emilianos Chatzivasiliou Diacres Barnabas Genbrugge, Filip Boone, Mme Johanna Pelgrims.<\/p>\n<h2 style=\"text-align: justify;\"><b>Commission de Contr\u00f4le de la Gestion des Caisses Paroissiales<\/b><\/h2>\n<p style=\"text-align: justify;\">Protopresbytre du Tr\u00f4ne \u0152cum\u00e9nique Panagiotis Moschonas,<span>Archipr\u00eatre Emmanouil Kazilas et\u00a0<\/span>Archipr\u00eatre Athanasios Toparlakis.<\/p>\n","protected":false},"excerpt":{"rendered":"<p>Commission Juridique Pr\u00e9sident: Son Eminence le M\u00e9tropolite Ath\u00e9nagoras de Belgique. Secr\u00e9taire: Diacre Filip Boone. Membres: \u00a0Mme Panagiota Baloji, Messieurs Paul Remerie, Michel Van Gysel, Marc Tsoutsanis, Maxim Hodak, St\u00e9phanos Kardaras et Nikolaos Panagiotopoulos. Commission de Valorisation et Gestion du Patrimoine Immobilier: Pr\u00e9sident: Son Eminence le M\u00e9tropolite Ath\u00e9nagoras de Belgique. Secr\u00e9taire: Diacre Barnabas Genbrugge. Membres:\u00a0Archimandrite Philadelphos &hellip; <a href=\"https:\/\/orthodoxia.be\/fr\/sainte-metropole-de-belgique\/commissions\/\">Continued<\/a><\/p>\n","protected":false},"author":2,"featured_media":48099,"parent":6886,"menu_order":5,"comment_status":"closed","ping_status":"closed","template":"","meta":{"_acf_changed":false,"footnotes":""},"class_list":["post-6910","page","type-page","status-publish","has-post-thumbnail","hentry"],"acf":[],"yoast_head":"<!-- This site is optimized with the Yoast SEO plugin v24.3 - https:\/\/yoast.com\/wordpress\/plugins\/seo\/ -->\n<title>Commissions - Archev\u00each\u00e9 Orthodoxe de Belgique<\/title>\n<meta name=\"robots\" content=\"index, follow, max-snippet:-1, max-image-preview:large, max-video-preview:-1\" \/>\n<link rel=\"canonical\" href=\"https:\/\/orthodoxia.be\/\u1f31\u03b5\u03c1\u03ac-\u03bc\u03b7\u03c4\u03c1\u03cc\u03c0\u03bf\u03bb\u03b9\u03c2-\u03b2\u03b5\u03bb\u03b3\u03af\u03bf\u03c5\/\u03b5\u03c0\u03b9\u03c4\u03c1\u03bf\u03c0\u03ad\u03c2\/\" \/>\n<meta property=\"og:locale\" content=\"fr_FR\" \/>\n<meta property=\"og:type\" content=\"article\" \/>\n<meta property=\"og:title\" content=\"Commissions - Archev\u00each\u00e9 Orthodoxe de Belgique\" \/>\n<meta property=\"og:description\" content=\"Commission Juridique Pr\u00e9sident: Son Eminence le M\u00e9tropolite Ath\u00e9nagoras de Belgique. Secr\u00e9taire: Diacre Filip Boone. Membres: \u00a0Mme Panagiota Baloji, Messieurs Paul Remerie, Michel Van Gysel, Marc Tsoutsanis, Maxim Hodak, St\u00e9phanos Kardaras et Nikolaos Panagiotopoulos. Commission de Valorisation et Gestion du Patrimoine Immobilier: Pr\u00e9sident: Son Eminence le M\u00e9tropolite Ath\u00e9nagoras de Belgique. Secr\u00e9taire: Diacre Barnabas Genbrugge. Membres:\u00a0Archimandrite Philadelphos &hellip; Continued\" \/>\n<meta property=\"og:url\" content=\"https:\/\/orthodoxia.be\/\u1f31\u03b5\u03c1\u03ac-\u03bc\u03b7\u03c4\u03c1\u03cc\u03c0\u03bf\u03bb\u03b9\u03c2-\u03b2\u03b5\u03bb\u03b3\u03af\u03bf\u03c5\/\u03b5\u03c0\u03b9\u03c4\u03c1\u03bf\u03c0\u03ad\u03c2\/\" \/>\n<meta property=\"og:site_name\" content=\"Archev\u00each\u00e9 Orthodoxe de Belgique\" \/>\n<meta property=\"article:publisher\" content=\"https:\/\/www.facebook.com\/orthobel\" \/>\n<meta property=\"article:modified_time\" content=\"2023-09-15T10:13:44+00:00\" \/>\n<meta property=\"og:image\" content=\"https:\/\/orthodoxia.be\/wp-content\/uploads\/2018\/03\/epitropi-neotitas-belgiou.jpg\" \/>\n\t<meta property=\"og:image:width\" content=\"1200\" \/>\n\t<meta property=\"og:image:height\" content=\"406\" \/>\n\t<meta property=\"og:image:type\" content=\"image\/jpeg\" \/>\n<meta name=\"twitter:card\" content=\"summary_large_image\" \/>\n<meta name=\"twitter:site\" content=\"@orthobel\" \/>\n<meta name=\"twitter:label1\" content=\"Dur\u00e9e de lecture est.\" \/>\n\t<meta name=\"twitter:data1\" content=\"2 minutes\" \/>\n<script type=\"application\/ld+json\" class=\"yoast-schema-graph\">{\"@context\":\"https:\/\/schema.org\",\"@graph\":[{\"@type\":\"WebPage\",\"@id\":\"https:\/\/orthodoxia.be\/%e1%bc%b1%ce%b5%cf%81%ce%ac-%ce%bc%ce%b7%cf%84%cf%81%cf%8c%cf%80%ce%bf%ce%bb%ce%b9%cf%82-%ce%b2%ce%b5%ce%bb%ce%b3%ce%af%ce%bf%cf%85\/%ce%b5%cf%80%ce%b9%cf%84%cf%81%ce%bf%cf%80%ce%ad%cf%82\/\",\"url\":\"https:\/\/orthodoxia.be\/%e1%bc%b1%ce%b5%cf%81%ce%ac-%ce%bc%ce%b7%cf%84%cf%81%cf%8c%cf%80%ce%bf%ce%bb%ce%b9%cf%82-%ce%b2%ce%b5%ce%bb%ce%b3%ce%af%ce%bf%cf%85\/%ce%b5%cf%80%ce%b9%cf%84%cf%81%ce%bf%cf%80%ce%ad%cf%82\/\",\"name\":\"Commissions - Archev\u00each\u00e9 Orthodoxe de Belgique\",\"isPartOf\":{\"@id\":\"https:\/\/orthodoxia.be\/#website\"},\"primaryImageOfPage\":{\"@id\":\"https:\/\/orthodoxia.be\/%e1%bc%b1%ce%b5%cf%81%ce%ac-%ce%bc%ce%b7%cf%84%cf%81%cf%8c%cf%80%ce%bf%ce%bb%ce%b9%cf%82-%ce%b2%ce%b5%ce%bb%ce%b3%ce%af%ce%bf%cf%85\/%ce%b5%cf%80%ce%b9%cf%84%cf%81%ce%bf%cf%80%ce%ad%cf%82\/#primaryimage\"},\"image\":{\"@id\":\"https:\/\/orthodoxia.be\/%e1%bc%b1%ce%b5%cf%81%ce%ac-%ce%bc%ce%b7%cf%84%cf%81%cf%8c%cf%80%ce%bf%ce%bb%ce%b9%cf%82-%ce%b2%ce%b5%ce%bb%ce%b3%ce%af%ce%bf%cf%85\/%ce%b5%cf%80%ce%b9%cf%84%cf%81%ce%bf%cf%80%ce%ad%cf%82\/#primaryimage\"},\"thumbnailUrl\":\"https:\/\/orthodoxia.be\/wp-content\/uploads\/2025\/02\/54086082675_4584c8dbe7_o.jpg\",\"datePublished\":\"2018-01-24T07:41:05+00:00\",\"dateModified\":\"2023-09-15T10:13:44+00:00\",\"breadcrumb\":{\"@id\":\"https:\/\/orthodoxia.be\/%e1%bc%b1%ce%b5%cf%81%ce%ac-%ce%bc%ce%b7%cf%84%cf%81%cf%8c%cf%80%ce%bf%ce%bb%ce%b9%cf%82-%ce%b2%ce%b5%ce%bb%ce%b3%ce%af%ce%bf%cf%85\/%ce%b5%cf%80%ce%b9%cf%84%cf%81%ce%bf%cf%80%ce%ad%cf%82\/#breadcrumb\"},\"inLanguage\":\"fr-BE\",\"potentialAction\":[{\"@type\":\"ReadAction\",\"target\":[\"https:\/\/orthodoxia.be\/%e1%bc%b1%ce%b5%cf%81%ce%ac-%ce%bc%ce%b7%cf%84%cf%81%cf%8c%cf%80%ce%bf%ce%bb%ce%b9%cf%82-%ce%b2%ce%b5%ce%bb%ce%b3%ce%af%ce%bf%cf%85\/%ce%b5%cf%80%ce%b9%cf%84%cf%81%ce%bf%cf%80%ce%ad%cf%82\/\"]}]},{\"@type\":\"ImageObject\",\"inLanguage\":\"fr-BE\",\"@id\":\"https:\/\/orthodoxia.be\/%e1%bc%b1%ce%b5%cf%81%ce%ac-%ce%bc%ce%b7%cf%84%cf%81%cf%8c%cf%80%ce%bf%ce%bb%ce%b9%cf%82-%ce%b2%ce%b5%ce%bb%ce%b3%ce%af%ce%bf%cf%85\/%ce%b5%cf%80%ce%b9%cf%84%cf%81%ce%bf%cf%80%ce%ad%cf%82\/#primaryimage\",\"url\":\"https:\/\/orthodoxia.be\/wp-content\/uploads\/2025\/02\/54086082675_4584c8dbe7_o.jpg\",\"contentUrl\":\"https:\/\/orthodoxia.be\/wp-content\/uploads\/2025\/02\/54086082675_4584c8dbe7_o.jpg\",\"width\":1023,\"height\":633},{\"@type\":\"BreadcrumbList\",\"@id\":\"https:\/\/orthodoxia.be\/%e1%bc%b1%ce%b5%cf%81%ce%ac-%ce%bc%ce%b7%cf%84%cf%81%cf%8c%cf%80%ce%bf%ce%bb%ce%b9%cf%82-%ce%b2%ce%b5%ce%bb%ce%b3%ce%af%ce%bf%cf%85\/%ce%b5%cf%80%ce%b9%cf%84%cf%81%ce%bf%cf%80%ce%ad%cf%82\/#breadcrumb\",\"itemListElement\":[{\"@type\":\"ListItem\",\"position\":1,\"name\":\"Home\",\"item\":\"https:\/\/orthodoxia.be\/fr\/\"},{\"@type\":\"ListItem\",\"position\":2,\"name\":\"Sainte M\u00e9tropole de Belgique\",\"item\":\"https:\/\/orthodoxia.be\/fr\/sainte-metropole-de-belgique\/\"},{\"@type\":\"ListItem\",\"position\":3,\"name\":\"Commissions\"}]},{\"@type\":\"WebSite\",\"@id\":\"https:\/\/orthodoxia.be\/#website\",\"url\":\"https:\/\/orthodoxia.be\/\",\"name\":\"Orthodox Archdiocese of Belgium (Benelux)\",\"description\":\"Exarque des Pays-Bas et du Luxembourg\",\"publisher\":{\"@id\":\"https:\/\/orthodoxia.be\/#organization\"},\"alternateName\":\"IMB\",\"potentialAction\":[{\"@type\":\"SearchAction\",\"target\":{\"@type\":\"EntryPoint\",\"urlTemplate\":\"https:\/\/orthodoxia.be\/?s={search_term_string}\"},\"query-input\":{\"@type\":\"PropertyValueSpecification\",\"valueRequired\":true,\"valueName\":\"search_term_string\"}}],\"inLanguage\":\"fr-BE\"},{\"@type\":\"Organization\",\"@id\":\"https:\/\/orthodoxia.be\/#organization\",\"name\":\"Orthodox Archdiocese of Belgium (Benelux)\",\"url\":\"https:\/\/orthodoxia.be\/\",\"logo\":{\"@type\":\"ImageObject\",\"inLanguage\":\"fr-BE\",\"@id\":\"https:\/\/orthodoxia.be\/#\/schema\/logo\/image\/\",\"url\":\"https:\/\/orthodoxia.be\/wp-content\/uploads\/2024\/02\/cropped-IMB-logo-512-cl-1.png\",\"contentUrl\":\"https:\/\/orthodoxia.be\/wp-content\/uploads\/2024\/02\/cropped-IMB-logo-512-cl-1.png\",\"width\":512,\"height\":512,\"caption\":\"Orthodox Archdiocese of Belgium (Benelux)\"},\"image\":{\"@id\":\"https:\/\/orthodoxia.be\/#\/schema\/logo\/image\/\"},\"sameAs\":[\"https:\/\/www.facebook.com\/orthobel\",\"https:\/\/x.com\/orthobel\",\"https:\/\/www.youtube.com\/c\/orthobel\",\"https:\/\/www.mixcloud.com\/orthobel\/\",\"https:\/\/www.flickr.com\/photos\/148264890@N07\/albums\",\"https:\/\/www.dailymotion.com\/Orthobel\"]}]}<\/script>\n<!-- \/ Yoast SEO plugin. -->","yoast_head_json":{"title":"Commissions - Archev\u00each\u00e9 Orthodoxe de Belgique","robots":{"index":"index","follow":"follow","max-snippet":"max-snippet:-1","max-image-preview":"max-image-preview:large","max-video-preview":"max-video-preview:-1"},"canonical":"https:\/\/orthodoxia.be\/\u1f31\u03b5\u03c1\u03ac-\u03bc\u03b7\u03c4\u03c1\u03cc\u03c0\u03bf\u03bb\u03b9\u03c2-\u03b2\u03b5\u03bb\u03b3\u03af\u03bf\u03c5\/\u03b5\u03c0\u03b9\u03c4\u03c1\u03bf\u03c0\u03ad\u03c2\/","og_locale":"fr_FR","og_type":"article","og_title":"Commissions - Archev\u00each\u00e9 Orthodoxe de Belgique","og_description":"Commission Juridique Pr\u00e9sident: Son Eminence le M\u00e9tropolite Ath\u00e9nagoras de Belgique. Secr\u00e9taire: Diacre Filip Boone. Membres: \u00a0Mme Panagiota Baloji, Messieurs Paul Remerie, Michel Van Gysel, Marc Tsoutsanis, Maxim Hodak, St\u00e9phanos Kardaras et Nikolaos Panagiotopoulos. Commission de Valorisation et Gestion du Patrimoine Immobilier: Pr\u00e9sident: Son Eminence le M\u00e9tropolite Ath\u00e9nagoras de Belgique. Secr\u00e9taire: Diacre Barnabas Genbrugge. Membres:\u00a0Archimandrite Philadelphos &hellip; Continued","og_url":"https:\/\/orthodoxia.be\/\u1f31\u03b5\u03c1\u03ac-\u03bc\u03b7\u03c4\u03c1\u03cc\u03c0\u03bf\u03bb\u03b9\u03c2-\u03b2\u03b5\u03bb\u03b3\u03af\u03bf\u03c5\/\u03b5\u03c0\u03b9\u03c4\u03c1\u03bf\u03c0\u03ad\u03c2\/","og_site_name":"Archev\u00each\u00e9 Orthodoxe de Belgique","article_publisher":"https:\/\/www.facebook.com\/orthobel","article_modified_time":"2023-09-15T10:13:44+00:00","og_image":[{"width":1200,"height":406,"url":"https:\/\/orthodoxia.be\/wp-content\/uploads\/2018\/03\/epitropi-neotitas-belgiou.jpg","type":"image\/jpeg"}],"twitter_card":"summary_large_image","twitter_site":"@orthobel","twitter_misc":{"Dur\u00e9e de lecture est.":"2 minutes"},"schema":{"@context":"https:\/\/schema.org","@graph":[{"@type":"WebPage","@id":"https:\/\/orthodoxia.be\/%e1%bc%b1%ce%b5%cf%81%ce%ac-%ce%bc%ce%b7%cf%84%cf%81%cf%8c%cf%80%ce%bf%ce%bb%ce%b9%cf%82-%ce%b2%ce%b5%ce%bb%ce%b3%ce%af%ce%bf%cf%85\/%ce%b5%cf%80%ce%b9%cf%84%cf%81%ce%bf%cf%80%ce%ad%cf%82\/","url":"https:\/\/orthodoxia.be\/%e1%bc%b1%ce%b5%cf%81%ce%ac-%ce%bc%ce%b7%cf%84%cf%81%cf%8c%cf%80%ce%bf%ce%bb%ce%b9%cf%82-%ce%b2%ce%b5%ce%bb%ce%b3%ce%af%ce%bf%cf%85\/%ce%b5%cf%80%ce%b9%cf%84%cf%81%ce%bf%cf%80%ce%ad%cf%82\/","name":"Commissions - Archev\u00each\u00e9 Orthodoxe de Belgique","isPartOf":{"@id":"https:\/\/orthodoxia.be\/#website"},"primaryImageOfPage":{"@id":"https:\/\/orthodoxia.be\/%e1%bc%b1%ce%b5%cf%81%ce%ac-%ce%bc%ce%b7%cf%84%cf%81%cf%8c%cf%80%ce%bf%ce%bb%ce%b9%cf%82-%ce%b2%ce%b5%ce%bb%ce%b3%ce%af%ce%bf%cf%85\/%ce%b5%cf%80%ce%b9%cf%84%cf%81%ce%bf%cf%80%ce%ad%cf%82\/#primaryimage"},"image":{"@id":"https:\/\/orthodoxia.be\/%e1%bc%b1%ce%b5%cf%81%ce%ac-%ce%bc%ce%b7%cf%84%cf%81%cf%8c%cf%80%ce%bf%ce%bb%ce%b9%cf%82-%ce%b2%ce%b5%ce%bb%ce%b3%ce%af%ce%bf%cf%85\/%ce%b5%cf%80%ce%b9%cf%84%cf%81%ce%bf%cf%80%ce%ad%cf%82\/#primaryimage"},"thumbnailUrl":"https:\/\/orthodoxia.be\/wp-content\/uploads\/2025\/02\/54086082675_4584c8dbe7_o.jpg","datePublished":"2018-01-24T07:41:05+00:00","dateModified":"2023-09-15T10:13:44+00:00","breadcrumb":{"@id":"https:\/\/orthodoxia.be\/%e1%bc%b1%ce%b5%cf%81%ce%ac-%ce%bc%ce%b7%cf%84%cf%81%cf%8c%cf%80%ce%bf%ce%bb%ce%b9%cf%82-%ce%b2%ce%b5%ce%bb%ce%b3%ce%af%ce%bf%cf%85\/%ce%b5%cf%80%ce%b9%cf%84%cf%81%ce%bf%cf%80%ce%ad%cf%82\/#breadcrumb"},"inLanguage":"fr-BE","potentialAction":[{"@type":"ReadAction","target":["https:\/\/orthodoxia.be\/%e1%bc%b1%ce%b5%cf%81%ce%ac-%ce%bc%ce%b7%cf%84%cf%81%cf%8c%cf%80%ce%bf%ce%bb%ce%b9%cf%82-%ce%b2%ce%b5%ce%bb%ce%b3%ce%af%ce%bf%cf%85\/%ce%b5%cf%80%ce%b9%cf%84%cf%81%ce%bf%cf%80%ce%ad%cf%82\/"]}]},{"@type":"ImageObject","inLanguage":"fr-BE","@id":"https:\/\/orthodoxia.be\/%e1%bc%b1%ce%b5%cf%81%ce%ac-%ce%bc%ce%b7%cf%84%cf%81%cf%8c%cf%80%ce%bf%ce%bb%ce%b9%cf%82-%ce%b2%ce%b5%ce%bb%ce%b3%ce%af%ce%bf%cf%85\/%ce%b5%cf%80%ce%b9%cf%84%cf%81%ce%bf%cf%80%ce%ad%cf%82\/#primaryimage","url":"https:\/\/orthodoxia.be\/wp-content\/uploads\/2025\/02\/54086082675_4584c8dbe7_o.jpg","contentUrl":"https:\/\/orthodoxia.be\/wp-content\/uploads\/2025\/02\/54086082675_4584c8dbe7_o.jpg","width":1023,"height":633},{"@type":"BreadcrumbList","@id":"https:\/\/orthodoxia.be\/%e1%bc%b1%ce%b5%cf%81%ce%ac-%ce%bc%ce%b7%cf%84%cf%81%cf%8c%cf%80%ce%bf%ce%bb%ce%b9%cf%82-%ce%b2%ce%b5%ce%bb%ce%b3%ce%af%ce%bf%cf%85\/%ce%b5%cf%80%ce%b9%cf%84%cf%81%ce%bf%cf%80%ce%ad%cf%82\/#breadcrumb","itemListElement":[{"@type":"ListItem","position":1,"name":"Home","item":"https:\/\/orthodoxia.be\/fr\/"},{"@type":"ListItem","position":2,"name":"Sainte M\u00e9tropole de Belgique","item":"https:\/\/orthodoxia.be\/fr\/sainte-metropole-de-belgique\/"},{"@type":"ListItem","position":3,"name":"Commissions"}]},{"@type":"WebSite","@id":"https:\/\/orthodoxia.be\/#website","url":"https:\/\/orthodoxia.be\/","name":"Orthodox Archdiocese of Belgium (Benelux)","description":"Exarque des Pays-Bas et du Luxembourg","publisher":{"@id":"https:\/\/orthodoxia.be\/#organization"},"alternateName":"IMB","potentialAction":[{"@type":"SearchAction","target":{"@type":"EntryPoint","urlTemplate":"https:\/\/orthodoxia.be\/?s={search_term_string}"},"query-input":{"@type":"PropertyValueSpecification","valueRequired":true,"valueName":"search_term_string"}}],"inLanguage":"fr-BE"},{"@type":"Organization","@id":"https:\/\/orthodoxia.be\/#organization","name":"Orthodox Archdiocese of Belgium (Benelux)","url":"https:\/\/orthodoxia.be\/","logo":{"@type":"ImageObject","inLanguage":"fr-BE","@id":"https:\/\/orthodoxia.be\/#\/schema\/logo\/image\/","url":"https:\/\/orthodoxia.be\/wp-content\/uploads\/2024\/02\/cropped-IMB-logo-512-cl-1.png","contentUrl":"https:\/\/orthodoxia.be\/wp-content\/uploads\/2024\/02\/cropped-IMB-logo-512-cl-1.png","width":512,"height":512,"caption":"Orthodox Archdiocese of Belgium (Benelux)"},"image":{"@id":"https:\/\/orthodoxia.be\/#\/schema\/logo\/image\/"},"sameAs":["https:\/\/www.facebook.com\/orthobel","https:\/\/x.com\/orthobel","https:\/\/www.youtube.com\/c\/orthobel","https:\/\/www.mixcloud.com\/orthobel\/","https:\/\/www.flickr.com\/photos\/148264890@N07\/albums","https:\/\/www.dailymotion.com\/Orthobel"]}]}},"_links":{"self":[{"href":"https:\/\/orthodoxia.be\/fr\/wp-json\/wp\/v2\/pages\/6910","targetHints":{"allow":["GET"]}}],"collection":[{"href":"https:\/\/orthodoxia.be\/fr\/wp-json\/wp\/v2\/pages"}],"about":[{"href":"https:\/\/orthodoxia.be\/fr\/wp-json\/wp\/v2\/types\/page"}],"author":[{"embeddable":true,"href":"https:\/\/orthodoxia.be\/fr\/wp-json\/wp\/v2\/users\/2"}],"replies":[{"embeddable":true,"href":"https:\/\/orthodoxia.be\/fr\/wp-json\/wp\/v2\/comments?post=6910"}],"version-history":[{"count":19,"href":"https:\/\/orthodoxia.be\/fr\/wp-json\/wp\/v2\/pages\/6910\/revisions"}],"predecessor-version":[{"id":42466,"href":"https:\/\/orthodoxia.be\/fr\/wp-json\/wp\/v2\/pages\/6910\/revisions\/42466"}],"up":[{"embeddable":true,"href":"https:\/\/orthodoxia.be\/fr\/wp-json\/wp\/v2\/pages\/6886"}],"wp:featuredmedia":[{"embeddable":true,"href":"https:\/\/orthodoxia.be\/fr\/wp-json\/wp\/v2\/media\/48099"}],"wp:attachment":[{"href":"https:\/\/orthodoxia.be\/fr\/wp-json\/wp\/v2\/media?parent=6910"}],"curies":[{"name":"wp","href":"https:\/\/api.w.org\/{rel}","templated":true}]}}