{"id":6925,"date":"2018-02-20T08:07:53","date_gmt":"2018-02-20T07:07:53","guid":{"rendered":"http:\/\/new.orthodoxia.be\/?page_id=6925"},"modified":"2024-01-12T13:33:44","modified_gmt":"2024-01-12T12:33:44","slug":"instituts","status":"publish","type":"page","link":"https:\/\/orthodoxia.be\/fr\/sainte-metropole-de-belgique\/instituts\/","title":{"rendered":"Instituts"},"content":{"rendered":"<h1 style=\"text-align: center;\"><strong>Instituts<\/strong><\/h1>\n<h2><b>1. Ecole <i>\u00abKESTEKIDION\u00bb<\/i><\/b><\/h2>\n<p><span>Comprend Section Maternelle, Primaire et Secondaire, ainsi que les classes de langue maternelle.<br \/>\nAdresse: Rue Joseph Claes 91 &#8211; 1060 Bruxelles,<br \/>\nT\u00e9l.<a href=\"tel:+3225380225\"> 32.2\/538.02.25<\/a>.<br \/>\nResponsable: Archipr\u00eatre Athanasios Toparlakis.<\/span><\/p>\n<h2><span><b>2. Centre Paroissial \u00abIOANNIS et GEORGIA KESTEKOGLOU\u00bb:<\/b><\/span><\/h2>\n<p>Adresse: Avenue de Stalingrad 28 &#8211; 1000 Bruxelles,<br \/>\nT\u00e9l. <a href=\"tel:+3225121913\">+32.2\/512.19.13<\/a>.<br \/>\nResponsable: Archipr\u00eatre Athanasios Toparlakis, T\u00e9l. <a href=\"tel:+32477064660\">+32.477\/06.46.60<\/a>.<br \/>\nE-mail\u00a0<a href=\"mailto:cathedrale@orthodoxia.be\">cathedrale@orthodoxia.be<\/a><\/p>\n<h2><span><b>3. Institut de Th\u00e9ologie orthodoxe \u00abAP\u00d4TRE PAUL\u00bb<\/b><\/span><\/h2>\n<p>Cet Institut est h\u00e9berg\u00e9 dans l\u2019\u00e9cole Kestekidion. Y sont prodigu\u00e9s des cours de pr\u00e9paration \u00e0 l\u2019enseignement du cours de religion orthodoxe dans les \u00e9coles de la F\u00e9d\u00e9ration Wallonie-Bruxelles. L\u2019enseignement est donn\u00e9 dans les langues du pays.<br \/>\n<span>Pr\u00e9sident: Son Eminence le M\u00e9tropolite Ath\u00e9nagoras.<\/span><\/p>\n<p><b>a.Section francophone<\/b>:<br \/>\nAdresse: Institut de Th\u00e9ologie Orthodoxe Ap\u00f4tre Paul, Rue Joseph Claes 91 \u2013 1060 Bruxelles.<br \/>\n\u03a4\u00e9l.<a href=\"tel:+3227364286\"> +32.2\/736.42.86<\/a> Email: <a href=\"mailto:inorthobxl@gmail.com\">inorthobxl@gmail.com<\/a>\u00a0 Site: <a href=\"http:\/\/www.enseignementorthodoxe.be\">www.enseignementorthodoxe.be<\/a><\/p>\n<p><b>b.Section n\u00e9erlandophone<\/b>:<br \/>\nAdresse: Orthodox Theologisch Instituut Apostel Paulus, Sophie van Akenstraat 56 \u2013 9000 Gent.<br \/>\n\u03a4\u00e9l.<a href=\"tel:+3292241153\">\u00a0+32.9\/224.11.53<\/a> \u00a0+32.9\/225.47.18 Email: <a href=\"mailto:domverbeke@gmail.com\">domverbeke@gmail.com<\/a> Site: <a href=\"orthodoxonderwijs.be\">www.orthodoxonderwijs.be<\/a><\/p>\n<h2><span><b>4. \u00c9cole de Musique Byzantine\u00a0<i>\u00ab St. Hilaire de Poitiers \u00bb<\/i><\/b><\/span><\/h2>\n<p>Responsable: Diacre Konstantinos Dedes<br \/>\n\u03a4\u00e9l. <a href=\"tel:+32485522520\">+32.485\/52.25.20<\/a> &#8211; E-mail: <a href=\"mailto:sxoli.bizantinis@gmail.com\">sxoli.bizantinis@gmail.com<\/a><br \/>\nAdresse: Eglise des Archanges Michel et Gabriel Ixelles. Rue de Stassart 92 \u2013 1050 Bruxelles.<\/p>\n<p>Site Web :<a href=\"https:\/\/music-school.be\">\u00a0https:\/\/music-school.be<\/a><\/p>\n<h2><span><b>5. Exposition \u2013 Librairie<i> \u00ab Orthodoxos Logos \u00bb<\/i><\/b><\/span><\/h2>\n<p>Responsable: Archipr\u00eatre Athanasios Toparlakis<br \/>\nAvenue de Stalingrad 36 &#8211; 1000 Bruxelles,<br \/>\nE-mail:<span><a href=\"mailto:cathedrale@orthodoxia.be\">cathedrale@orthodoxia.be<\/a><\/span> Fb:\u00a0<a href=\"http:\/\/fb.me\/OrthodoxLogos.be\">@OrthodoxLogos.be<\/a><\/p>\n<h2><span><b>6. Cimeti\u00e8re Orthodoxe<\/b><\/span><\/h2>\n<p><span>Ouvert depuis 2005,<br \/>\nBruxelles dispose d\u2019un cimeti\u00e8re orthodoxe au Cimeti\u00e8re de Schaerbeek, rue d\u2019Evere 4 \u2013 1140 Evere,<br \/>\nT\u00e9l. <a href=\"tel:+3227263343\">+32.2\/726.33.43<\/a>, Email: <a href=\"mailto:intercom.inhumation@skynet.be\">intercom.inhumation@skynet.be<\/a><\/span><\/p>\n","protected":false},"excerpt":{"rendered":"<p>Instituts 1. Ecole \u00abKESTEKIDION\u00bb Comprend Section Maternelle, Primaire et Secondaire, ainsi que les classes de langue maternelle. Adresse: Rue Joseph Claes 91 &#8211; 1060 Bruxelles, T\u00e9l. 32.2\/538.02.25. Responsable: Archipr\u00eatre Athanasios Toparlakis. 2. Centre Paroissial \u00abIOANNIS et GEORGIA KESTEKOGLOU\u00bb: Adresse: Avenue de Stalingrad 28 &#8211; 1000 Bruxelles, T\u00e9l. +32.2\/512.19.13. Responsable: Archipr\u00eatre Athanasios Toparlakis, T\u00e9l. +32.477\/06.46.60. E-mail\u00a0cathedrale@orthodoxia.be &hellip; <a href=\"https:\/\/orthodoxia.be\/fr\/sainte-metropole-de-belgique\/instituts\/\">Continued<\/a><\/p>\n","protected":false},"author":2,"featured_media":46177,"parent":6886,"menu_order":6,"comment_status":"closed","ping_status":"closed","template":"","meta":{"_acf_changed":false,"footnotes":""},"class_list":["post-6925","page","type-page","status-publish","has-post-thumbnail","hentry"],"acf":[],"yoast_head":"<!-- This site is optimized with the Yoast SEO plugin v24.3 - https:\/\/yoast.com\/wordpress\/plugins\/seo\/ -->\n<title>Instituts - Archev\u00each\u00e9 Orthodoxe de Belgique<\/title>\n<meta name=\"robots\" content=\"index, follow, max-snippet:-1, max-image-preview:large, max-video-preview:-1\" \/>\n<link rel=\"canonical\" href=\"https:\/\/orthodoxia.be\/fr\/sainte-metropole-de-belgique\/instituts\/\" \/>\n<meta property=\"og:locale\" content=\"fr_FR\" \/>\n<meta property=\"og:type\" content=\"article\" \/>\n<meta property=\"og:title\" content=\"Instituts - Archev\u00each\u00e9 Orthodoxe de Belgique\" \/>\n<meta property=\"og:description\" content=\"Instituts 1. Ecole \u00abKESTEKIDION\u00bb Comprend Section Maternelle, Primaire et Secondaire, ainsi que les classes de langue maternelle. Adresse: Rue Joseph Claes 91 &#8211; 1060 Bruxelles, T\u00e9l. 32.2\/538.02.25. Responsable: Archipr\u00eatre Athanasios Toparlakis. 2. Centre Paroissial \u00abIOANNIS et GEORGIA KESTEKOGLOU\u00bb: Adresse: Avenue de Stalingrad 28 &#8211; 1000 Bruxelles, T\u00e9l. +32.2\/512.19.13. Responsable: Archipr\u00eatre Athanasios Toparlakis, T\u00e9l. +32.477\/06.46.60. E-mail\u00a0cathedrale@orthodoxia.be &hellip; Continued\" \/>\n<meta property=\"og:url\" content=\"https:\/\/orthodoxia.be\/fr\/sainte-metropole-de-belgique\/instituts\/\" \/>\n<meta property=\"og:site_name\" content=\"Archev\u00each\u00e9 Orthodoxe de Belgique\" \/>\n<meta property=\"article:publisher\" content=\"https:\/\/www.facebook.com\/orthobel\" \/>\n<meta property=\"article:modified_time\" content=\"2024-01-12T12:33:44+00:00\" \/>\n<meta property=\"og:image\" content=\"https:\/\/orthodoxia.be\/wp-content\/uploads\/2018\/03\/orthodox-logos-kiklos-omilion.jpg\" \/>\n\t<meta property=\"og:image:width\" content=\"1200\" \/>\n\t<meta property=\"og:image:height\" content=\"477\" \/>\n\t<meta property=\"og:image:type\" content=\"image\/jpeg\" \/>\n<meta name=\"twitter:card\" content=\"summary_large_image\" \/>\n<meta name=\"twitter:site\" content=\"@orthobel\" \/>\n<meta name=\"twitter:label1\" content=\"Dur\u00e9e de lecture est.\" \/>\n\t<meta name=\"twitter:data1\" content=\"1 minute\" \/>\n<script type=\"application\/ld+json\" class=\"yoast-schema-graph\">{\"@context\":\"https:\/\/schema.org\",\"@graph\":[{\"@type\":\"WebPage\",\"@id\":\"https:\/\/orthodoxia.be\/fr\/sainte-metropole-de-belgique\/instituts\/\",\"url\":\"https:\/\/orthodoxia.be\/fr\/sainte-metropole-de-belgique\/instituts\/\",\"name\":\"Instituts - Archev\u00each\u00e9 Orthodoxe de Belgique\",\"isPartOf\":{\"@id\":\"https:\/\/orthodoxia.be\/#website\"},\"primaryImageOfPage\":{\"@id\":\"https:\/\/orthodoxia.be\/fr\/sainte-metropole-de-belgique\/instituts\/#primaryimage\"},\"image\":{\"@id\":\"https:\/\/orthodoxia.be\/fr\/sainte-metropole-de-belgique\/instituts\/#primaryimage\"},\"thumbnailUrl\":\"https:\/\/orthodoxia.be\/wp-content\/uploads\/2024\/10\/IMG_1-scaled-e1728466398364.jpg\",\"datePublished\":\"2018-02-20T07:07:53+00:00\",\"dateModified\":\"2024-01-12T12:33:44+00:00\",\"breadcrumb\":{\"@id\":\"https:\/\/orthodoxia.be\/fr\/sainte-metropole-de-belgique\/instituts\/#breadcrumb\"},\"inLanguage\":\"fr-BE\",\"potentialAction\":[{\"@type\":\"ReadAction\",\"target\":[\"https:\/\/orthodoxia.be\/fr\/sainte-metropole-de-belgique\/instituts\/\"]}]},{\"@type\":\"ImageObject\",\"inLanguage\":\"fr-BE\",\"@id\":\"https:\/\/orthodoxia.be\/fr\/sainte-metropole-de-belgique\/instituts\/#primaryimage\",\"url\":\"https:\/\/orthodoxia.be\/wp-content\/uploads\/2024\/10\/IMG_1-scaled-e1728466398364.jpg\",\"contentUrl\":\"https:\/\/orthodoxia.be\/wp-content\/uploads\/2024\/10\/IMG_1-scaled-e1728466398364.jpg\",\"width\":2560,\"height\":1920},{\"@type\":\"BreadcrumbList\",\"@id\":\"https:\/\/orthodoxia.be\/fr\/sainte-metropole-de-belgique\/instituts\/#breadcrumb\",\"itemListElement\":[{\"@type\":\"ListItem\",\"position\":1,\"name\":\"Home\",\"item\":\"https:\/\/orthodoxia.be\/fr\/\"},{\"@type\":\"ListItem\",\"position\":2,\"name\":\"Sainte M\u00e9tropole de Belgique\",\"item\":\"https:\/\/orthodoxia.be\/fr\/sainte-metropole-de-belgique\/\"},{\"@type\":\"ListItem\",\"position\":3,\"name\":\"Instituts\"}]},{\"@type\":\"WebSite\",\"@id\":\"https:\/\/orthodoxia.be\/#website\",\"url\":\"https:\/\/orthodoxia.be\/\",\"name\":\"Orthodox Archdiocese of Belgium (Benelux)\",\"description\":\"Exarque des Pays-Bas et du Luxembourg\",\"publisher\":{\"@id\":\"https:\/\/orthodoxia.be\/#organization\"},\"alternateName\":\"IMB\",\"potentialAction\":[{\"@type\":\"SearchAction\",\"target\":{\"@type\":\"EntryPoint\",\"urlTemplate\":\"https:\/\/orthodoxia.be\/?s={search_term_string}\"},\"query-input\":{\"@type\":\"PropertyValueSpecification\",\"valueRequired\":true,\"valueName\":\"search_term_string\"}}],\"inLanguage\":\"fr-BE\"},{\"@type\":\"Organization\",\"@id\":\"https:\/\/orthodoxia.be\/#organization\",\"name\":\"Orthodox Archdiocese of Belgium (Benelux)\",\"url\":\"https:\/\/orthodoxia.be\/\",\"logo\":{\"@type\":\"ImageObject\",\"inLanguage\":\"fr-BE\",\"@id\":\"https:\/\/orthodoxia.be\/#\/schema\/logo\/image\/\",\"url\":\"https:\/\/orthodoxia.be\/wp-content\/uploads\/2024\/02\/cropped-IMB-logo-512-cl-1.png\",\"contentUrl\":\"https:\/\/orthodoxia.be\/wp-content\/uploads\/2024\/02\/cropped-IMB-logo-512-cl-1.png\",\"width\":512,\"height\":512,\"caption\":\"Orthodox Archdiocese of Belgium (Benelux)\"},\"image\":{\"@id\":\"https:\/\/orthodoxia.be\/#\/schema\/logo\/image\/\"},\"sameAs\":[\"https:\/\/www.facebook.com\/orthobel\",\"https:\/\/x.com\/orthobel\",\"https:\/\/www.youtube.com\/c\/orthobel\",\"https:\/\/www.mixcloud.com\/orthobel\/\",\"https:\/\/www.flickr.com\/photos\/148264890@N07\/albums\",\"https:\/\/www.dailymotion.com\/Orthobel\"]}]}<\/script>\n<!-- \/ Yoast SEO plugin. -->","yoast_head_json":{"title":"Instituts - Archev\u00each\u00e9 Orthodoxe de Belgique","robots":{"index":"index","follow":"follow","max-snippet":"max-snippet:-1","max-image-preview":"max-image-preview:large","max-video-preview":"max-video-preview:-1"},"canonical":"https:\/\/orthodoxia.be\/fr\/sainte-metropole-de-belgique\/instituts\/","og_locale":"fr_FR","og_type":"article","og_title":"Instituts - Archev\u00each\u00e9 Orthodoxe de Belgique","og_description":"Instituts 1. Ecole \u00abKESTEKIDION\u00bb Comprend Section Maternelle, Primaire et Secondaire, ainsi que les classes de langue maternelle. Adresse: Rue Joseph Claes 91 &#8211; 1060 Bruxelles, T\u00e9l. 32.2\/538.02.25. Responsable: Archipr\u00eatre Athanasios Toparlakis. 2. Centre Paroissial \u00abIOANNIS et GEORGIA KESTEKOGLOU\u00bb: Adresse: Avenue de Stalingrad 28 &#8211; 1000 Bruxelles, T\u00e9l. +32.2\/512.19.13. Responsable: Archipr\u00eatre Athanasios Toparlakis, T\u00e9l. +32.477\/06.46.60. E-mail\u00a0cathedrale@orthodoxia.be &hellip; Continued","og_url":"https:\/\/orthodoxia.be\/fr\/sainte-metropole-de-belgique\/instituts\/","og_site_name":"Archev\u00each\u00e9 Orthodoxe de Belgique","article_publisher":"https:\/\/www.facebook.com\/orthobel","article_modified_time":"2024-01-12T12:33:44+00:00","og_image":[{"width":1200,"height":477,"url":"https:\/\/orthodoxia.be\/wp-content\/uploads\/2018\/03\/orthodox-logos-kiklos-omilion.jpg","type":"image\/jpeg"}],"twitter_card":"summary_large_image","twitter_site":"@orthobel","twitter_misc":{"Dur\u00e9e de lecture est.":"1 minute"},"schema":{"@context":"https:\/\/schema.org","@graph":[{"@type":"WebPage","@id":"https:\/\/orthodoxia.be\/fr\/sainte-metropole-de-belgique\/instituts\/","url":"https:\/\/orthodoxia.be\/fr\/sainte-metropole-de-belgique\/instituts\/","name":"Instituts - Archev\u00each\u00e9 Orthodoxe de Belgique","isPartOf":{"@id":"https:\/\/orthodoxia.be\/#website"},"primaryImageOfPage":{"@id":"https:\/\/orthodoxia.be\/fr\/sainte-metropole-de-belgique\/instituts\/#primaryimage"},"image":{"@id":"https:\/\/orthodoxia.be\/fr\/sainte-metropole-de-belgique\/instituts\/#primaryimage"},"thumbnailUrl":"https:\/\/orthodoxia.be\/wp-content\/uploads\/2024\/10\/IMG_1-scaled-e1728466398364.jpg","datePublished":"2018-02-20T07:07:53+00:00","dateModified":"2024-01-12T12:33:44+00:00","breadcrumb":{"@id":"https:\/\/orthodoxia.be\/fr\/sainte-metropole-de-belgique\/instituts\/#breadcrumb"},"inLanguage":"fr-BE","potentialAction":[{"@type":"ReadAction","target":["https:\/\/orthodoxia.be\/fr\/sainte-metropole-de-belgique\/instituts\/"]}]},{"@type":"ImageObject","inLanguage":"fr-BE","@id":"https:\/\/orthodoxia.be\/fr\/sainte-metropole-de-belgique\/instituts\/#primaryimage","url":"https:\/\/orthodoxia.be\/wp-content\/uploads\/2024\/10\/IMG_1-scaled-e1728466398364.jpg","contentUrl":"https:\/\/orthodoxia.be\/wp-content\/uploads\/2024\/10\/IMG_1-scaled-e1728466398364.jpg","width":2560,"height":1920},{"@type":"BreadcrumbList","@id":"https:\/\/orthodoxia.be\/fr\/sainte-metropole-de-belgique\/instituts\/#breadcrumb","itemListElement":[{"@type":"ListItem","position":1,"name":"Home","item":"https:\/\/orthodoxia.be\/fr\/"},{"@type":"ListItem","position":2,"name":"Sainte M\u00e9tropole de Belgique","item":"https:\/\/orthodoxia.be\/fr\/sainte-metropole-de-belgique\/"},{"@type":"ListItem","position":3,"name":"Instituts"}]},{"@type":"WebSite","@id":"https:\/\/orthodoxia.be\/#website","url":"https:\/\/orthodoxia.be\/","name":"Orthodox Archdiocese of Belgium (Benelux)","description":"Exarque des Pays-Bas et du Luxembourg","publisher":{"@id":"https:\/\/orthodoxia.be\/#organization"},"alternateName":"IMB","potentialAction":[{"@type":"SearchAction","target":{"@type":"EntryPoint","urlTemplate":"https:\/\/orthodoxia.be\/?s={search_term_string}"},"query-input":{"@type":"PropertyValueSpecification","valueRequired":true,"valueName":"search_term_string"}}],"inLanguage":"fr-BE"},{"@type":"Organization","@id":"https:\/\/orthodoxia.be\/#organization","name":"Orthodox Archdiocese of Belgium (Benelux)","url":"https:\/\/orthodoxia.be\/","logo":{"@type":"ImageObject","inLanguage":"fr-BE","@id":"https:\/\/orthodoxia.be\/#\/schema\/logo\/image\/","url":"https:\/\/orthodoxia.be\/wp-content\/uploads\/2024\/02\/cropped-IMB-logo-512-cl-1.png","contentUrl":"https:\/\/orthodoxia.be\/wp-content\/uploads\/2024\/02\/cropped-IMB-logo-512-cl-1.png","width":512,"height":512,"caption":"Orthodox Archdiocese of Belgium (Benelux)"},"image":{"@id":"https:\/\/orthodoxia.be\/#\/schema\/logo\/image\/"},"sameAs":["https:\/\/www.facebook.com\/orthobel","https:\/\/x.com\/orthobel","https:\/\/www.youtube.com\/c\/orthobel","https:\/\/www.mixcloud.com\/orthobel\/","https:\/\/www.flickr.com\/photos\/148264890@N07\/albums","https:\/\/www.dailymotion.com\/Orthobel"]}]}},"_links":{"self":[{"href":"https:\/\/orthodoxia.be\/fr\/wp-json\/wp\/v2\/pages\/6925","targetHints":{"allow":["GET"]}}],"collection":[{"href":"https:\/\/orthodoxia.be\/fr\/wp-json\/wp\/v2\/pages"}],"about":[{"href":"https:\/\/orthodoxia.be\/fr\/wp-json\/wp\/v2\/types\/page"}],"author":[{"embeddable":true,"href":"https:\/\/orthodoxia.be\/fr\/wp-json\/wp\/v2\/users\/2"}],"replies":[{"embeddable":true,"href":"https:\/\/orthodoxia.be\/fr\/wp-json\/wp\/v2\/comments?post=6925"}],"version-history":[{"count":21,"href":"https:\/\/orthodoxia.be\/fr\/wp-json\/wp\/v2\/pages\/6925\/revisions"}],"predecessor-version":[{"id":44005,"href":"https:\/\/orthodoxia.be\/fr\/wp-json\/wp\/v2\/pages\/6925\/revisions\/44005"}],"up":[{"embeddable":true,"href":"https:\/\/orthodoxia.be\/fr\/wp-json\/wp\/v2\/pages\/6886"}],"wp:featuredmedia":[{"embeddable":true,"href":"https:\/\/orthodoxia.be\/fr\/wp-json\/wp\/v2\/media\/46177"}],"wp:attachment":[{"href":"https:\/\/orthodoxia.be\/fr\/wp-json\/wp\/v2\/media?parent=6925"}],"curies":[{"name":"wp","href":"https:\/\/api.w.org\/{rel}","templated":true}]}}