{"id":7081,"date":"2018-01-23T15:03:39","date_gmt":"2018-01-23T14:03:39","guid":{"rendered":"http:\/\/new.orthodoxia.be\/?page_id=7081"},"modified":"2023-09-20T18:06:07","modified_gmt":"2023-09-20T16:06:07","slug":"bureau-de-l-eglise-orthodoxe-aupres-de-lunion-europeenne","status":"publish","type":"page","link":"https:\/\/orthodoxia.be\/fr\/le-patriarcat-oecumenique\/bureau-de-l-eglise-orthodoxe-aupres-de-lunion-europeenne\/","title":{"rendered":"Bureau de l\u2019 \u00c9glise Orthodoxe aupr\u00e8s de l\u2019Union Europ\u00e9enne"},"content":{"rendered":"<h2 class=\"header-title\" style=\"text-align: center;\"><strong>Bureau de l\u2019 \u00c9glise Orthodoxe aupr\u00e8s de l\u2019Union Europ\u00e9enne<\/strong><\/h2>\n<p style=\"text-align: justify;\">Le Bureau de l\u2019\u00c9glise Orthodoxe aupr\u00e8s de l\u2019Union Europ\u00e9enne a \u00e9t\u00e9 cr\u00e9\u00e9 en 1994 par d\u00e9cision du Saint et Sacr\u00e9 Synode du Patriarcat \u0152cum\u00e9nique, avec comme si\u00e8ge central Bruxelles et fonctionne sous la supervision et le suivi de Son Eminence le M\u00e9tropolite Ath\u00e9nagoras de Belgique.<\/p>\n<p style=\"text-align: justify;\">C\u2019\u00e9tait M. Jacques Delors, \u00e0 l\u2019\u00e9poque Pr\u00e9sident de la Commission Europ\u00e9enne, qui avait propos\u00e9 que ce bureau fonctionne comme Bureau de l\u2019ensemble de l\u2019\u00c9glise Orthodoxe aupr\u00e8s de l\u2019UE parall\u00e8lement aux Bureaux existants d\u00e9j\u00e0 de l\u2019\u00c9glise Catholique Romaine aupr\u00e8s de l\u2019UE, de la COMECE (Commission des Episcopats de la Communaut\u00e9 Europ\u00e9enne) et de la Commission Oecum\u00e9nique Europ\u00e9enne pour l\u2019\u00c9glise et la Soci\u00e9t\u00e9 (aujourd\u2019hui devenue KEK \u2013 Concertation des \u00c9glises Europ\u00e9ennes).<\/p>\n<p style=\"text-align: justify;\">Le Saint et Sacr\u00e9 Synode pla\u00e7a ce Bureau sous la surpervision de chaque M\u00e9tropolite de Belgique et nomma l\u2019Archimandrite \u00e0 l\u2019\u00e9poque Emmanuel Adamakis (aujourd\u2019hui M\u00e9tropolite de France) et l\u2019Archidiacre \u00e0 l\u2019\u00e9poque Ath\u00e9nagoras Peckstadt (aujourd\u2019hui M\u00e9tropolite de Belgique) \u2013 tous deux pr\u00eatres de l\u2019Archev\u00each\u00e9 de Belgique \u2013 le premier en tant que directeur et le deuxi\u00e8me en tant que collaborateur du Bureau.<\/p>\n<p style=\"text-align: justify;\">Le b\u00e2timent de Bruxelles qui abrite le Bureau \u00a0fut achet\u00e9 par l\u2019Archev\u00each\u00e9 de Belgique sp\u00e9cialement pour cette fonction.<\/p>\n<p style=\"text-align: justify;\">D\u00e8s le d\u00e9but de son fonctionnement, ce Bureau se fixa comme objectifs la connaissance et l\u2019approche de l\u2019Orthodoxie avec les instances et les services europ\u00e9ens. Il \u00e9tait important de faire conna\u00eetre le t\u00e9moignage de l\u2019Orthodoxie en tant qu\u2019instance \u0153cum\u00e9nique et supranationale, surtout \u00e0 une \u00e9poque de conflits nationaux dans la r\u00e9gion des Balkans. Tr\u00e8s rapidement devait s\u2019ajouter aussi la gestion de la-dite violence religieuse et du terrorisme qui devait s\u2019abattre en Orient et en Occident.<\/p>\n<p style=\"text-align: justify;\">Dans cette double mission de la r\u00e9surgence interne et du t\u00e9moignage du v\u00e9ritable mode d\u2019existence orthodoxe et \u0153cum\u00e9nique de notre \u00c9glise, ainsi\u00a0 que du traitement de l\u2019intol\u00e9rance irrationnelle, le Bureau y r\u00e9pondit par la repr\u00e9sentation intensive aupr\u00e8s des instances comp\u00e9tentes de l\u2019UE et par l\u2019organisation de diverses actions visant le renforcement de la paix, de l\u2019amiti\u00e9, du respect de la personne et de la bonne entente des peuples en Europe.<\/p>\n<p style=\"text-align: justify;\">Malgr\u00e9 les fr\u00e9quentes difficult\u00e9s mat\u00e9rielles, le Bureau de notre Patriarcat \u0152cum\u00e9nique a su mener \u00e0 terme de nombreuses activit\u00e9s avec comme point d\u2019orgue les visites officielles de Sa Toute-Saintet\u00e9 dans les centres de prises de d\u00e9cision de l\u2019UE, et le t\u00e9moignage personnel de la souffrance de l\u2019\u00c9glise de Constantinople devant les repr\u00e9sentants des peuples d\u2019Europe. En d\u00e9cembre 2001, suite aux \u00e9v\u00e9nements du 11 septembre, il organisa une grande rencontre Interreligieuse. Il aida au dialogue du Patriarcat \u0152cum\u00e9nique avec le Parti Europ\u00e9en (une grande aide fut fournie \u00e0 cet effet par l\u2019ancien Premier Ministre de Belgique\u00a0 d\u2019\u00e9ternelle m\u00e9moire M. Wilfried Martens, ensuite Pr\u00e9sident du Parti Populaire Europ\u00e9en) officialisant le dialogue entre ce parti et l\u2019\u00c9glise Orthodoxe en Europe, dialogue qui devait aboutir \u00e0 un dialogue interreligieux.<\/p>\n<p style=\"text-align: justify;\">Le Bureau participa activement \u00e0 l\u2019organisation de s\u00e9minaires de dialogues interreligieux et au dialogue officiel avec l\u2019UE sous la forme de rencontres annuelles avec les services du Pr\u00e9sident de l\u2019UE.<\/p>\n<p style=\"text-align: justify;\">La tradition du dialogue du Bureau avec le Parti Populaire Europ\u00e9en (PPE) d\u00e9buta en avril 1996 \u00e0 Constantinople, de semblables rencontres continuant \u00e0 se tenir jusqu\u2019\u00e0 aujourd\u2019hui. L\u2019\u00e9l\u00e9ment fondateur du dialogue entre le PPE et les religions monoth\u00e9istes, sous l\u2019initiative de l\u2019Eglise M\u00e8re, est inscrit dans l\u2019article 17 de la Convention de Lisbonne et constitue une responsabilit\u00e9 pour l\u2019Europe et pour l\u2019Eglise M\u00e8re. Le dialogue avec le PPE donne continuellement des fruits puisque des cadres de ce Parti \u00a0soulignent la haute importance des communaut\u00e9s religieuses pour la dignit\u00e9 humaine. Ce dialogue aide \u00e0 l\u2019\u00e9tablissement de ponts afin de combler le vide social et culturel entre l\u2019Europe occidentale et l\u2019Europe centrale et orientale. L\u2019importance de l\u2019Orthodoxie deviendra plus compr\u00e9hensible seulement avec ce dialogue.<\/p>\n<h3><strong>Pr\u00e9sident :<\/strong><\/h3>\n<p><a href=\"\/?page_id=2091&amp;lang=fr\">Son Eminence le M\u00e9tropolite Ath\u00e9nagoras de Belgique<\/a><br \/>\nPlace de Jamblinne de Meux 40 &#8211; 1030 Brussels<br \/>\nT\u00e9l. <a href=\"t:+3227365278\">+32.2\/736.52.78<\/a><br \/>\nE-mail: <a href=\"mailto:belgiou@orthodoxia.be\">belgiou@orthodoxia.be<\/a><\/p>\n<h3><strong>Secr\u00e9taire g\u00e9n\u00e9ral :<\/strong><\/h3>\n<p>Archipr\u00eatre Konstantinos Kenanidis<br \/>\nT\u00e9l.<a href=\"t:\u202d+32 471 40 47 77\u202c\"> \u202d+32 471 40 47 77\u202c<\/a><br \/>\nE-mail: <a href=\"mailto:frconken@gmail.com\">frconken@gmail.com<\/a><\/p>\n<h3><strong>Conseiller :<\/strong><\/h3>\n<p>Archipr\u00eatre Pawel Cecha<br \/>\nT\u00e9l.<a href=\"t:\u202d\u202d+32 489 86 91 16\u202c\"> \u202d\u202d+32 489 86 91 16\u202c<\/a><br \/>\nE-mail: <a href=\"mailto:xpawelcecha@gmail.com\">xpawelcecha@gmail.com<\/a><\/p>\n","protected":false},"excerpt":{"rendered":"<p>Bureau de l\u2019 \u00c9glise Orthodoxe aupr\u00e8s de l\u2019Union Europ\u00e9enne Le Bureau de l\u2019\u00c9glise Orthodoxe aupr\u00e8s de l\u2019Union Europ\u00e9enne a \u00e9t\u00e9 cr\u00e9\u00e9 en 1994 par d\u00e9cision du Saint et Sacr\u00e9 Synode du Patriarcat \u0152cum\u00e9nique, avec comme si\u00e8ge central Bruxelles et fonctionne sous la supervision et le suivi de Son Eminence le M\u00e9tropolite Ath\u00e9nagoras de Belgique. C\u2019\u00e9tait &hellip; <a href=\"https:\/\/orthodoxia.be\/fr\/le-patriarcat-oecumenique\/bureau-de-l-eglise-orthodoxe-aupres-de-lunion-europeenne\/\">Continued<\/a><\/p>\n","protected":false},"author":2,"featured_media":12341,"parent":5643,"menu_order":5,"comment_status":"closed","ping_status":"closed","template":"","meta":{"_acf_changed":false,"footnotes":""},"class_list":["post-7081","page","type-page","status-publish","has-post-thumbnail","hentry"],"acf":[],"yoast_head":"<!-- This site is optimized with the Yoast SEO plugin v24.3 - https:\/\/yoast.com\/wordpress\/plugins\/seo\/ -->\n<title>Bureau de l\u2019 \u00c9glise Orthodoxe aupr\u00e8s de l\u2019Union Europ\u00e9enne - Archev\u00each\u00e9 Orthodoxe de Belgique<\/title>\n<meta name=\"robots\" content=\"index, follow, max-snippet:-1, max-image-preview:large, max-video-preview:-1\" \/>\n<link rel=\"canonical\" href=\"https:\/\/orthodoxia.be\/fr\/le-patriarcat-oecumenique\/bureau-de-l-eglise-orthodoxe-aupres-de-lunion-europeenne\/\" \/>\n<meta property=\"og:locale\" content=\"fr_FR\" \/>\n<meta property=\"og:type\" content=\"article\" \/>\n<meta property=\"og:title\" content=\"Bureau de l\u2019 \u00c9glise Orthodoxe aupr\u00e8s de l\u2019Union Europ\u00e9enne - Archev\u00each\u00e9 Orthodoxe de Belgique\" \/>\n<meta property=\"og:description\" content=\"Bureau de l\u2019 \u00c9glise Orthodoxe aupr\u00e8s de l\u2019Union Europ\u00e9enne Le Bureau de l\u2019\u00c9glise Orthodoxe aupr\u00e8s de l\u2019Union Europ\u00e9enne a \u00e9t\u00e9 cr\u00e9\u00e9 en 1994 par d\u00e9cision du Saint et Sacr\u00e9 Synode du Patriarcat \u0152cum\u00e9nique, avec comme si\u00e8ge central Bruxelles et fonctionne sous la supervision et le suivi de Son Eminence le M\u00e9tropolite Ath\u00e9nagoras de Belgique. C\u2019\u00e9tait &hellip; Continued\" \/>\n<meta property=\"og:url\" content=\"https:\/\/orthodoxia.be\/fr\/le-patriarcat-oecumenique\/bureau-de-l-eglise-orthodoxe-aupres-de-lunion-europeenne\/\" \/>\n<meta property=\"og:site_name\" content=\"Archev\u00each\u00e9 Orthodoxe de Belgique\" \/>\n<meta property=\"article:publisher\" content=\"https:\/\/www.facebook.com\/orthobel\" \/>\n<meta property=\"article:modified_time\" content=\"2023-09-20T16:06:07+00:00\" \/>\n<meta property=\"og:image\" content=\"https:\/\/orthodoxia.be\/wp-content\/uploads\/2018\/09\/grafeio-para-ti-EE.jpg\" \/>\n\t<meta property=\"og:image:width\" content=\"900\" \/>\n\t<meta property=\"og:image:height\" content=\"481\" \/>\n\t<meta property=\"og:image:type\" content=\"image\/jpeg\" \/>\n<meta name=\"twitter:card\" content=\"summary_large_image\" \/>\n<meta name=\"twitter:site\" content=\"@orthobel\" \/>\n<meta name=\"twitter:label1\" content=\"Dur\u00e9e de lecture est.\" \/>\n\t<meta name=\"twitter:data1\" content=\"4 minutes\" \/>\n<script type=\"application\/ld+json\" class=\"yoast-schema-graph\">{\"@context\":\"https:\/\/schema.org\",\"@graph\":[{\"@type\":\"WebPage\",\"@id\":\"https:\/\/orthodoxia.be\/fr\/le-patriarcat-oecumenique\/bureau-de-l-eglise-orthodoxe-aupres-de-lunion-europeenne\/\",\"url\":\"https:\/\/orthodoxia.be\/fr\/le-patriarcat-oecumenique\/bureau-de-l-eglise-orthodoxe-aupres-de-lunion-europeenne\/\",\"name\":\"Bureau de l\u2019 \u00c9glise Orthodoxe aupr\u00e8s de l\u2019Union Europ\u00e9enne - Archev\u00each\u00e9 Orthodoxe de Belgique\",\"isPartOf\":{\"@id\":\"https:\/\/orthodoxia.be\/#website\"},\"primaryImageOfPage\":{\"@id\":\"https:\/\/orthodoxia.be\/fr\/le-patriarcat-oecumenique\/bureau-de-l-eglise-orthodoxe-aupres-de-lunion-europeenne\/#primaryimage\"},\"image\":{\"@id\":\"https:\/\/orthodoxia.be\/fr\/le-patriarcat-oecumenique\/bureau-de-l-eglise-orthodoxe-aupres-de-lunion-europeenne\/#primaryimage\"},\"thumbnailUrl\":\"https:\/\/orthodoxia.be\/wp-content\/uploads\/2018\/09\/grafeio-para-ti-EE.jpg\",\"datePublished\":\"2018-01-23T14:03:39+00:00\",\"dateModified\":\"2023-09-20T16:06:07+00:00\",\"breadcrumb\":{\"@id\":\"https:\/\/orthodoxia.be\/fr\/le-patriarcat-oecumenique\/bureau-de-l-eglise-orthodoxe-aupres-de-lunion-europeenne\/#breadcrumb\"},\"inLanguage\":\"fr-BE\",\"potentialAction\":[{\"@type\":\"ReadAction\",\"target\":[\"https:\/\/orthodoxia.be\/fr\/le-patriarcat-oecumenique\/bureau-de-l-eglise-orthodoxe-aupres-de-lunion-europeenne\/\"]}]},{\"@type\":\"ImageObject\",\"inLanguage\":\"fr-BE\",\"@id\":\"https:\/\/orthodoxia.be\/fr\/le-patriarcat-oecumenique\/bureau-de-l-eglise-orthodoxe-aupres-de-lunion-europeenne\/#primaryimage\",\"url\":\"https:\/\/orthodoxia.be\/wp-content\/uploads\/2018\/09\/grafeio-para-ti-EE.jpg\",\"contentUrl\":\"https:\/\/orthodoxia.be\/wp-content\/uploads\/2018\/09\/grafeio-para-ti-EE.jpg\",\"width\":900,\"height\":481},{\"@type\":\"BreadcrumbList\",\"@id\":\"https:\/\/orthodoxia.be\/fr\/le-patriarcat-oecumenique\/bureau-de-l-eglise-orthodoxe-aupres-de-lunion-europeenne\/#breadcrumb\",\"itemListElement\":[{\"@type\":\"ListItem\",\"position\":1,\"name\":\"Home\",\"item\":\"https:\/\/orthodoxia.be\/fr\/\"},{\"@type\":\"ListItem\",\"position\":2,\"name\":\"LE PATRIARCAT \u0152CUMENIQUE\",\"item\":\"https:\/\/orthodoxia.be\/fr\/le-patriarcat-oecumenique\/\"},{\"@type\":\"ListItem\",\"position\":3,\"name\":\"Bureau de l\u2019 \u00c9glise Orthodoxe aupr\u00e8s de l\u2019Union Europ\u00e9enne\"}]},{\"@type\":\"WebSite\",\"@id\":\"https:\/\/orthodoxia.be\/#website\",\"url\":\"https:\/\/orthodoxia.be\/\",\"name\":\"Orthodox Archdiocese of Belgium (Benelux)\",\"description\":\"Exarque des Pays-Bas et du Luxembourg\",\"publisher\":{\"@id\":\"https:\/\/orthodoxia.be\/#organization\"},\"alternateName\":\"IMB\",\"potentialAction\":[{\"@type\":\"SearchAction\",\"target\":{\"@type\":\"EntryPoint\",\"urlTemplate\":\"https:\/\/orthodoxia.be\/?s={search_term_string}\"},\"query-input\":{\"@type\":\"PropertyValueSpecification\",\"valueRequired\":true,\"valueName\":\"search_term_string\"}}],\"inLanguage\":\"fr-BE\"},{\"@type\":\"Organization\",\"@id\":\"https:\/\/orthodoxia.be\/#organization\",\"name\":\"Orthodox Archdiocese of Belgium (Benelux)\",\"url\":\"https:\/\/orthodoxia.be\/\",\"logo\":{\"@type\":\"ImageObject\",\"inLanguage\":\"fr-BE\",\"@id\":\"https:\/\/orthodoxia.be\/#\/schema\/logo\/image\/\",\"url\":\"https:\/\/orthodoxia.be\/wp-content\/uploads\/2024\/02\/cropped-IMB-logo-512-cl-1.png\",\"contentUrl\":\"https:\/\/orthodoxia.be\/wp-content\/uploads\/2024\/02\/cropped-IMB-logo-512-cl-1.png\",\"width\":512,\"height\":512,\"caption\":\"Orthodox Archdiocese of Belgium (Benelux)\"},\"image\":{\"@id\":\"https:\/\/orthodoxia.be\/#\/schema\/logo\/image\/\"},\"sameAs\":[\"https:\/\/www.facebook.com\/orthobel\",\"https:\/\/x.com\/orthobel\",\"https:\/\/www.youtube.com\/c\/orthobel\",\"https:\/\/www.mixcloud.com\/orthobel\/\",\"https:\/\/www.flickr.com\/photos\/148264890@N07\/albums\",\"https:\/\/www.dailymotion.com\/Orthobel\"]}]}<\/script>\n<!-- \/ Yoast SEO plugin. -->","yoast_head_json":{"title":"Bureau de l\u2019 \u00c9glise Orthodoxe aupr\u00e8s de l\u2019Union Europ\u00e9enne - Archev\u00each\u00e9 Orthodoxe de Belgique","robots":{"index":"index","follow":"follow","max-snippet":"max-snippet:-1","max-image-preview":"max-image-preview:large","max-video-preview":"max-video-preview:-1"},"canonical":"https:\/\/orthodoxia.be\/fr\/le-patriarcat-oecumenique\/bureau-de-l-eglise-orthodoxe-aupres-de-lunion-europeenne\/","og_locale":"fr_FR","og_type":"article","og_title":"Bureau de l\u2019 \u00c9glise Orthodoxe aupr\u00e8s de l\u2019Union Europ\u00e9enne - Archev\u00each\u00e9 Orthodoxe de Belgique","og_description":"Bureau de l\u2019 \u00c9glise Orthodoxe aupr\u00e8s de l\u2019Union Europ\u00e9enne Le Bureau de l\u2019\u00c9glise Orthodoxe aupr\u00e8s de l\u2019Union Europ\u00e9enne a \u00e9t\u00e9 cr\u00e9\u00e9 en 1994 par d\u00e9cision du Saint et Sacr\u00e9 Synode du Patriarcat \u0152cum\u00e9nique, avec comme si\u00e8ge central Bruxelles et fonctionne sous la supervision et le suivi de Son Eminence le M\u00e9tropolite Ath\u00e9nagoras de Belgique. C\u2019\u00e9tait &hellip; Continued","og_url":"https:\/\/orthodoxia.be\/fr\/le-patriarcat-oecumenique\/bureau-de-l-eglise-orthodoxe-aupres-de-lunion-europeenne\/","og_site_name":"Archev\u00each\u00e9 Orthodoxe de Belgique","article_publisher":"https:\/\/www.facebook.com\/orthobel","article_modified_time":"2023-09-20T16:06:07+00:00","og_image":[{"width":900,"height":481,"url":"https:\/\/orthodoxia.be\/wp-content\/uploads\/2018\/09\/grafeio-para-ti-EE.jpg","type":"image\/jpeg"}],"twitter_card":"summary_large_image","twitter_site":"@orthobel","twitter_misc":{"Dur\u00e9e de lecture est.":"4 minutes"},"schema":{"@context":"https:\/\/schema.org","@graph":[{"@type":"WebPage","@id":"https:\/\/orthodoxia.be\/fr\/le-patriarcat-oecumenique\/bureau-de-l-eglise-orthodoxe-aupres-de-lunion-europeenne\/","url":"https:\/\/orthodoxia.be\/fr\/le-patriarcat-oecumenique\/bureau-de-l-eglise-orthodoxe-aupres-de-lunion-europeenne\/","name":"Bureau de l\u2019 \u00c9glise Orthodoxe aupr\u00e8s de l\u2019Union Europ\u00e9enne - Archev\u00each\u00e9 Orthodoxe de Belgique","isPartOf":{"@id":"https:\/\/orthodoxia.be\/#website"},"primaryImageOfPage":{"@id":"https:\/\/orthodoxia.be\/fr\/le-patriarcat-oecumenique\/bureau-de-l-eglise-orthodoxe-aupres-de-lunion-europeenne\/#primaryimage"},"image":{"@id":"https:\/\/orthodoxia.be\/fr\/le-patriarcat-oecumenique\/bureau-de-l-eglise-orthodoxe-aupres-de-lunion-europeenne\/#primaryimage"},"thumbnailUrl":"https:\/\/orthodoxia.be\/wp-content\/uploads\/2018\/09\/grafeio-para-ti-EE.jpg","datePublished":"2018-01-23T14:03:39+00:00","dateModified":"2023-09-20T16:06:07+00:00","breadcrumb":{"@id":"https:\/\/orthodoxia.be\/fr\/le-patriarcat-oecumenique\/bureau-de-l-eglise-orthodoxe-aupres-de-lunion-europeenne\/#breadcrumb"},"inLanguage":"fr-BE","potentialAction":[{"@type":"ReadAction","target":["https:\/\/orthodoxia.be\/fr\/le-patriarcat-oecumenique\/bureau-de-l-eglise-orthodoxe-aupres-de-lunion-europeenne\/"]}]},{"@type":"ImageObject","inLanguage":"fr-BE","@id":"https:\/\/orthodoxia.be\/fr\/le-patriarcat-oecumenique\/bureau-de-l-eglise-orthodoxe-aupres-de-lunion-europeenne\/#primaryimage","url":"https:\/\/orthodoxia.be\/wp-content\/uploads\/2018\/09\/grafeio-para-ti-EE.jpg","contentUrl":"https:\/\/orthodoxia.be\/wp-content\/uploads\/2018\/09\/grafeio-para-ti-EE.jpg","width":900,"height":481},{"@type":"BreadcrumbList","@id":"https:\/\/orthodoxia.be\/fr\/le-patriarcat-oecumenique\/bureau-de-l-eglise-orthodoxe-aupres-de-lunion-europeenne\/#breadcrumb","itemListElement":[{"@type":"ListItem","position":1,"name":"Home","item":"https:\/\/orthodoxia.be\/fr\/"},{"@type":"ListItem","position":2,"name":"LE PATRIARCAT \u0152CUMENIQUE","item":"https:\/\/orthodoxia.be\/fr\/le-patriarcat-oecumenique\/"},{"@type":"ListItem","position":3,"name":"Bureau de l\u2019 \u00c9glise Orthodoxe aupr\u00e8s de l\u2019Union Europ\u00e9enne"}]},{"@type":"WebSite","@id":"https:\/\/orthodoxia.be\/#website","url":"https:\/\/orthodoxia.be\/","name":"Orthodox Archdiocese of Belgium (Benelux)","description":"Exarque des Pays-Bas et du Luxembourg","publisher":{"@id":"https:\/\/orthodoxia.be\/#organization"},"alternateName":"IMB","potentialAction":[{"@type":"SearchAction","target":{"@type":"EntryPoint","urlTemplate":"https:\/\/orthodoxia.be\/?s={search_term_string}"},"query-input":{"@type":"PropertyValueSpecification","valueRequired":true,"valueName":"search_term_string"}}],"inLanguage":"fr-BE"},{"@type":"Organization","@id":"https:\/\/orthodoxia.be\/#organization","name":"Orthodox Archdiocese of Belgium (Benelux)","url":"https:\/\/orthodoxia.be\/","logo":{"@type":"ImageObject","inLanguage":"fr-BE","@id":"https:\/\/orthodoxia.be\/#\/schema\/logo\/image\/","url":"https:\/\/orthodoxia.be\/wp-content\/uploads\/2024\/02\/cropped-IMB-logo-512-cl-1.png","contentUrl":"https:\/\/orthodoxia.be\/wp-content\/uploads\/2024\/02\/cropped-IMB-logo-512-cl-1.png","width":512,"height":512,"caption":"Orthodox Archdiocese of Belgium (Benelux)"},"image":{"@id":"https:\/\/orthodoxia.be\/#\/schema\/logo\/image\/"},"sameAs":["https:\/\/www.facebook.com\/orthobel","https:\/\/x.com\/orthobel","https:\/\/www.youtube.com\/c\/orthobel","https:\/\/www.mixcloud.com\/orthobel\/","https:\/\/www.flickr.com\/photos\/148264890@N07\/albums","https:\/\/www.dailymotion.com\/Orthobel"]}]}},"_links":{"self":[{"href":"https:\/\/orthodoxia.be\/fr\/wp-json\/wp\/v2\/pages\/7081","targetHints":{"allow":["GET"]}}],"collection":[{"href":"https:\/\/orthodoxia.be\/fr\/wp-json\/wp\/v2\/pages"}],"about":[{"href":"https:\/\/orthodoxia.be\/fr\/wp-json\/wp\/v2\/types\/page"}],"author":[{"embeddable":true,"href":"https:\/\/orthodoxia.be\/fr\/wp-json\/wp\/v2\/users\/2"}],"replies":[{"embeddable":true,"href":"https:\/\/orthodoxia.be\/fr\/wp-json\/wp\/v2\/comments?post=7081"}],"version-history":[{"count":13,"href":"https:\/\/orthodoxia.be\/fr\/wp-json\/wp\/v2\/pages\/7081\/revisions"}],"predecessor-version":[{"id":42476,"href":"https:\/\/orthodoxia.be\/fr\/wp-json\/wp\/v2\/pages\/7081\/revisions\/42476"}],"up":[{"embeddable":true,"href":"https:\/\/orthodoxia.be\/fr\/wp-json\/wp\/v2\/pages\/5643"}],"wp:featuredmedia":[{"embeddable":true,"href":"https:\/\/orthodoxia.be\/fr\/wp-json\/wp\/v2\/media\/12341"}],"wp:attachment":[{"href":"https:\/\/orthodoxia.be\/fr\/wp-json\/wp\/v2\/media?parent=7081"}],"curies":[{"name":"wp","href":"https:\/\/api.w.org\/{rel}","templated":true}]}}