{"id":8066,"date":"2018-02-28T12:07:36","date_gmt":"2018-02-28T11:07:36","guid":{"rendered":"http:\/\/new.orthodoxia.be\/?page_id=8066"},"modified":"2026-01-23T08:57:32","modified_gmt":"2026-01-23T07:57:32","slug":"clerge","status":"publish","type":"page","link":"https:\/\/orthodoxia.be\/fr\/sainte-metropole-de-belgique\/clerge\/","title":{"rendered":"Clerg\u00e9"},"content":{"rendered":"<h2 style=\"text-align: center;\">\u00a0<\/h2>\n<p>Archimandrite Philadelphos Kafalis, <strong>Vicaire G\u00e9n\u00e9ral<\/strong>, (Anvers) (10-11-2019)<br \/>Archimandrite Emilianos Chatzivasiliou, <b>Premier Vicaire Episcopal, <\/b>(Stassart-Ixelles) (03-02-2024)<br \/>Archimandrite du Tr\u00f4ne \u0152cum\u00e9nique Meletios Webber (Amsterdam)<br \/>Archimandrite Hilarion Keim (Luxembourg)<br \/>Archimandrite Joan Lena (Amsterdam) (17-12-2017)<br \/>Protopresbytre du Tr\u00f4ne \u0152cum\u00e9nique Panagiotis Mochonas, <b>Vicaire Episcopal pour le Luxembourg,\u00a0<\/b>(Luxembourg)<br \/>Protopresbytre du Tr\u00f4ne \u0152cum\u00e9nique Stavros Triantafyllou (Stassart-Ixelles) (27-10-1996)<br \/>Protopresbytre du Tr\u00f4ne \u0152cum\u00e9nique Evangelos Psallas (Lasne) (19-12-1999)<br \/>Protopresbytre du Tr\u00f4ne \u0152cum\u00e9nique Dominique Verbeke (Gand) (2000)<br \/>Protopresbytre du Tr\u00f4ne \u0152cum\u00e9nique Ioannis Psomas, <b>Vicaire Episcopal pour les Pays-Bas,\u00a0<\/b>(Rotterdam) (06-12-2015)<br \/>Archipr\u00eatre Georgios Vlatakis (Schaerbeek) (15-03-1987)<br \/>Archipr\u00eatre Emmanouil Kazilas, <b>Vicaire Episcopal pour Limbourg et Li\u00e8ge<\/b>, (Genk-Houthalen) (28-08-1988)<br \/>Archipr\u00eatre Panteleimon Noussis (Peronnes) (01-11-1991)<br \/>Archipr\u00eatre Emmanouil Karasavvidis (Verviers) (29-05-1994)<br \/>Archipr\u00eatre Nikolaos Palamianakis (Li\u00e8ge) (25-06-1999)<br \/>Archipr\u00eatre Ioannis Lykos (Dilbeek) (28-12-1999)<br \/>Archipr\u00eatre Nikolaos Arvanitopoulos (Charleroi) (2002)<br \/>Archipr\u00eatre Bernard Peckstadt (Bruges) (31-08-2003)<br \/>Archipr\u00eatre Athanasios Karatzogiannis (Maasmechelen) (2005)<br \/>Archipr\u00eatre Spyridon Tsekouras (Luxembourg) (09-07-2005)<br \/>Archipr\u00eatre Georgios Kokkonas (Sainte Marina Schaerbeek) (29-08-2005)<br \/>Archipr\u00eatre Josef Moes (Eindhoven) (29-01-2006)<br \/>Archipr\u00eatre Willibrord van Ulft (La Haye) (2006)<br \/>Archipr\u00eatre Christos Sidiropoulos (Cath\u00e9drale des Saints Archanges) (08-10-2006)<br \/>Archipr\u00eatre Ioannis Papageorgiou (Mons) (01-03-2007)<br \/>Archipr\u00eatre Hildo Bos (Amsterdam) (2009)<br \/>Archipr\u00eatre Georgios Lekkas (Saint-Gilles) (2012)<br \/>Archipr\u00eatre Ciprian Popescu (Tournai) (17-06-2012)<br \/>Archipr\u00eatre Konstantinos Kenanidis (Gorinchem) (2013)<br \/>Archipr\u00eatre Emmanouil Mavrogiannakis (Schaerbeek) (26-07-2014)<br \/>Archipr\u00eatre Pawel Cecha (Anderlecht) (2014)<br \/>Archipr\u00eatre Michael Bakker (Amsterdam) (06-09-2015)<br \/>Archipr\u00eatre Athanasios Toparlakis, <b>Vicaire Episcopal pour Bruxelles<\/b>, (Cath\u00e9drale des Saints Archanges) (19-03-2017)<br \/>Archipr\u00eatre Georgios Bouzidis (Eupen) (18-06-2017)<br \/>Archipr\u00eatre Andrey Kordochkin (Amsterdam)<br \/>Oikonomos Efstathios Vamvakas (Molenbeek) (17-03-2002)<br \/>Oikonomos Georgios Tzatzanis (Anvers) (13-06-2021)<br \/>Pr\u00eatre Igor Starynin (20-06-1993)<br \/>Pr\u00eatre Sergii Kryvosheia (30-07-2000)<br \/>Pr\u00eatre David Smith (2003)<br \/>Pr\u00eatre Oleg Kozak (Amsterdam) (12-01-2012)<br \/>Pr\u00eatre Andreas D\u2019hoe (Ostende) (23-05-2015)<br \/>Pr\u00eatre Alexandros Koufoudakis (Zaandam) (27-12-2015)<br \/>Pr\u00eatre Antonios Tarlizos (Hasselt) (02-04-2017)<br \/>Pr\u00eatre Alexandros Pitsikakis (Utrecht) (28-05-2017)<br \/>Pr\u00eatre Isaak Zadeeh (Schaerbeek, Arabophone) (16-09-2018)<br \/>Pr\u00eatre Silouan Medema (Monast\u00e8re Asten) (10-11-2018)<br \/>Pr\u00eatre Philippe Mevis (Courtrai) (10-02-2019)<br \/>Pr\u00eatre Konstantinos Psallas (Namur) (31-03-2019)<br \/>Pr\u00eatre Quinten Koning (Anvers) (07-11-2021)<br \/>Pr\u00eatre Barnabas Genbrugge (Gand) (27-02-2022)<br \/>Pr\u00eatre Laurent Van Damme (Saint-Gilles) (06-03-2022)<br \/>Pr\u00eatre Victor Yudin (Anvers) (14-05-2022)<br \/>Pr\u00eatre Michael Lomax (Saint-Gilles) (01-10-2022)<br \/>Pr\u00eatre Konstantinos Dedes (Verviers) (19-03-2023)<br \/>Pr\u00eatre Daniel Becker (Nijmegen) (02-04-2023)<br \/>Pr\u00eatre Filip Boone (Dilbeek) (23-04-2023)<br \/>Pr\u00eatre Johannes Osseel (Gand) (30-10-2023)<br \/>Pr\u00eatre Andriy Todosiychuk (Amsterdam) (17-12-2023)<br \/>Pr\u00eatre Daviti Nebieridze (Cath\u00e9drale des Saints Archanges) (02-06-2024)<br \/>Pr\u00eatre Nektarios Deeb (Peer) (01-02-2025)<br \/>Pr\u00eatre Marc Tsubera (Boussoit) (29-03-2025)<br \/>Hi\u00e9romoine Athanasios Bukin (01-09-2013)<br \/>Hi\u00e9romoine Adamantios Karfis (Houthalen) (20-09-2025)<br \/>Archidiacre Panteleimon Bakalis (15-09-2024)<br \/>Protodiacre Johannes Veldmeijer (Amsterdam)<br \/>Diacre Sym\u00e9on Hinic (Courtrai) (01-10-2023)<br \/>Diacre Basile Psallas (Peronnes) (27-04-2024)<\/p>\n<p><strong>PR\u00caTRES RETRAITES DE LA METROPOLE<\/strong><\/p>\n<p>Protopresbytre du Tr\u00f4ne \u0152cum\u00e9nique Spyridon Apostolakis<br \/>Archipr\u00eatre Bartholom\u00e9e D\u2019Huyvetter<br \/>Archipr\u00eatre Nikolaos Diakostavrianos<br \/>Archipr\u00eatre Angelos Kamalidis<br \/>Archipr\u00eatre Athanase de Theux<br \/>Pr\u00eatre Servais Xamo<br \/>Diacre Ioannis Sewter<br \/>Diacre Nicolas Dura<\/p>\n\n\n<p><\/p>\n","protected":false},"excerpt":{"rendered":"<p>\u00a0 Archimandrite Philadelphos Kafalis, Vicaire G\u00e9n\u00e9ral, (Anvers) (10-11-2019)Archimandrite Emilianos Chatzivasiliou, Premier Vicaire Episcopal, (Stassart-Ixelles) (03-02-2024)Archimandrite du Tr\u00f4ne \u0152cum\u00e9nique Meletios Webber (Amsterdam)Archimandrite Hilarion Keim (Luxembourg)Archimandrite Joan Lena (Amsterdam) (17-12-2017)Protopresbytre du Tr\u00f4ne \u0152cum\u00e9nique Panagiotis Mochonas, Vicaire Episcopal pour le Luxembourg,\u00a0(Luxembourg)Protopresbytre du Tr\u00f4ne \u0152cum\u00e9nique Stavros Triantafyllou (Stassart-Ixelles) (27-10-1996)Protopresbytre du Tr\u00f4ne \u0152cum\u00e9nique Evangelos Psallas (Lasne) (19-12-1999)Protopresbytre du Tr\u00f4ne \u0152cum\u00e9nique &hellip; <a href=\"https:\/\/orthodoxia.be\/fr\/sainte-metropole-de-belgique\/clerge\/\">Continued<\/a><\/p>\n","protected":false},"author":2,"featured_media":47690,"parent":6886,"menu_order":3,"comment_status":"closed","ping_status":"closed","template":"","meta":{"_acf_changed":false,"footnotes":""},"class_list":["post-8066","page","type-page","status-publish","has-post-thumbnail","hentry"],"acf":[],"yoast_head":"<!-- This site is optimized with the Yoast SEO plugin v24.3 - https:\/\/yoast.com\/wordpress\/plugins\/seo\/ -->\n<title>Clerg\u00e9 - Archev\u00each\u00e9 Orthodoxe de Belgique<\/title>\n<meta name=\"robots\" content=\"index, follow, max-snippet:-1, max-image-preview:large, max-video-preview:-1\" \/>\n<link rel=\"canonical\" href=\"https:\/\/orthodoxia.be\/fr\/sainte-metropole-de-belgique\/clerge\/\" \/>\n<meta property=\"og:locale\" content=\"fr_FR\" \/>\n<meta property=\"og:type\" content=\"article\" \/>\n<meta property=\"og:title\" content=\"Clerg\u00e9 - Archev\u00each\u00e9 Orthodoxe de Belgique\" \/>\n<meta property=\"og:description\" content=\"\u00a0 Archimandrite Philadelphos Kafalis, Vicaire G\u00e9n\u00e9ral, (Anvers) (10-11-2019)Archimandrite Emilianos Chatzivasiliou, Premier Vicaire Episcopal, (Stassart-Ixelles) (03-02-2024)Archimandrite du Tr\u00f4ne \u0152cum\u00e9nique Meletios Webber (Amsterdam)Archimandrite Hilarion Keim (Luxembourg)Archimandrite Joan Lena (Amsterdam) (17-12-2017)Protopresbytre du Tr\u00f4ne \u0152cum\u00e9nique Panagiotis Mochonas, Vicaire Episcopal pour le Luxembourg,\u00a0(Luxembourg)Protopresbytre du Tr\u00f4ne \u0152cum\u00e9nique Stavros Triantafyllou (Stassart-Ixelles) (27-10-1996)Protopresbytre du Tr\u00f4ne \u0152cum\u00e9nique Evangelos Psallas (Lasne) (19-12-1999)Protopresbytre du Tr\u00f4ne \u0152cum\u00e9nique &hellip; Continued\" \/>\n<meta property=\"og:url\" content=\"https:\/\/orthodoxia.be\/fr\/sainte-metropole-de-belgique\/clerge\/\" \/>\n<meta property=\"og:site_name\" content=\"Archev\u00each\u00e9 Orthodoxe de Belgique\" \/>\n<meta property=\"article:publisher\" content=\"https:\/\/www.facebook.com\/orthobel\" \/>\n<meta property=\"article:modified_time\" content=\"2026-01-23T07:57:32+00:00\" \/>\n<meta property=\"og:image\" content=\"https:\/\/orthodoxia.be\/wp-content\/uploads\/2025\/01\/image001-1.jpg\" \/>\n\t<meta property=\"og:image:width\" content=\"2054\" \/>\n\t<meta property=\"og:image:height\" content=\"1369\" \/>\n\t<meta property=\"og:image:type\" content=\"image\/jpeg\" \/>\n<meta name=\"twitter:card\" content=\"summary_large_image\" \/>\n<meta name=\"twitter:site\" content=\"@orthobel\" \/>\n<meta name=\"twitter:label1\" content=\"Dur\u00e9e de lecture est.\" \/>\n\t<meta name=\"twitter:data1\" content=\"3 minutes\" \/>\n<script type=\"application\/ld+json\" class=\"yoast-schema-graph\">{\"@context\":\"https:\/\/schema.org\",\"@graph\":[{\"@type\":\"WebPage\",\"@id\":\"https:\/\/orthodoxia.be\/fr\/sainte-metropole-de-belgique\/clerge\/\",\"url\":\"https:\/\/orthodoxia.be\/fr\/sainte-metropole-de-belgique\/clerge\/\",\"name\":\"Clerg\u00e9 - Archev\u00each\u00e9 Orthodoxe de Belgique\",\"isPartOf\":{\"@id\":\"https:\/\/orthodoxia.be\/#website\"},\"primaryImageOfPage\":{\"@id\":\"https:\/\/orthodoxia.be\/fr\/sainte-metropole-de-belgique\/clerge\/#primaryimage\"},\"image\":{\"@id\":\"https:\/\/orthodoxia.be\/fr\/sainte-metropole-de-belgique\/clerge\/#primaryimage\"},\"thumbnailUrl\":\"https:\/\/orthodoxia.be\/wp-content\/uploads\/2025\/01\/image001-1.jpg\",\"datePublished\":\"2018-02-28T11:07:36+00:00\",\"dateModified\":\"2026-01-23T07:57:32+00:00\",\"breadcrumb\":{\"@id\":\"https:\/\/orthodoxia.be\/fr\/sainte-metropole-de-belgique\/clerge\/#breadcrumb\"},\"inLanguage\":\"fr-BE\",\"potentialAction\":[{\"@type\":\"ReadAction\",\"target\":[\"https:\/\/orthodoxia.be\/fr\/sainte-metropole-de-belgique\/clerge\/\"]}]},{\"@type\":\"ImageObject\",\"inLanguage\":\"fr-BE\",\"@id\":\"https:\/\/orthodoxia.be\/fr\/sainte-metropole-de-belgique\/clerge\/#primaryimage\",\"url\":\"https:\/\/orthodoxia.be\/wp-content\/uploads\/2025\/01\/image001-1.jpg\",\"contentUrl\":\"https:\/\/orthodoxia.be\/wp-content\/uploads\/2025\/01\/image001-1.jpg\",\"width\":2054,\"height\":1369},{\"@type\":\"BreadcrumbList\",\"@id\":\"https:\/\/orthodoxia.be\/fr\/sainte-metropole-de-belgique\/clerge\/#breadcrumb\",\"itemListElement\":[{\"@type\":\"ListItem\",\"position\":1,\"name\":\"Home\",\"item\":\"https:\/\/orthodoxia.be\/fr\/\"},{\"@type\":\"ListItem\",\"position\":2,\"name\":\"Sainte M\u00e9tropole de Belgique\",\"item\":\"https:\/\/orthodoxia.be\/fr\/sainte-metropole-de-belgique\/\"},{\"@type\":\"ListItem\",\"position\":3,\"name\":\"Clerg\u00e9\"}]},{\"@type\":\"WebSite\",\"@id\":\"https:\/\/orthodoxia.be\/#website\",\"url\":\"https:\/\/orthodoxia.be\/\",\"name\":\"Orthodox Archdiocese of Belgium (Benelux)\",\"description\":\"Exarque des Pays-Bas et du Luxembourg\",\"publisher\":{\"@id\":\"https:\/\/orthodoxia.be\/#organization\"},\"alternateName\":\"IMB\",\"potentialAction\":[{\"@type\":\"SearchAction\",\"target\":{\"@type\":\"EntryPoint\",\"urlTemplate\":\"https:\/\/orthodoxia.be\/?s={search_term_string}\"},\"query-input\":{\"@type\":\"PropertyValueSpecification\",\"valueRequired\":true,\"valueName\":\"search_term_string\"}}],\"inLanguage\":\"fr-BE\"},{\"@type\":\"Organization\",\"@id\":\"https:\/\/orthodoxia.be\/#organization\",\"name\":\"Orthodox Archdiocese of Belgium (Benelux)\",\"url\":\"https:\/\/orthodoxia.be\/\",\"logo\":{\"@type\":\"ImageObject\",\"inLanguage\":\"fr-BE\",\"@id\":\"https:\/\/orthodoxia.be\/#\/schema\/logo\/image\/\",\"url\":\"https:\/\/orthodoxia.be\/wp-content\/uploads\/2024\/02\/cropped-IMB-logo-512-cl-1.png\",\"contentUrl\":\"https:\/\/orthodoxia.be\/wp-content\/uploads\/2024\/02\/cropped-IMB-logo-512-cl-1.png\",\"width\":512,\"height\":512,\"caption\":\"Orthodox Archdiocese of Belgium (Benelux)\"},\"image\":{\"@id\":\"https:\/\/orthodoxia.be\/#\/schema\/logo\/image\/\"},\"sameAs\":[\"https:\/\/www.facebook.com\/orthobel\",\"https:\/\/x.com\/orthobel\",\"https:\/\/www.youtube.com\/c\/orthobel\",\"https:\/\/www.mixcloud.com\/orthobel\/\",\"https:\/\/www.flickr.com\/photos\/148264890@N07\/albums\",\"https:\/\/www.dailymotion.com\/Orthobel\"]}]}<\/script>\n<!-- \/ Yoast SEO plugin. -->","yoast_head_json":{"title":"Clerg\u00e9 - Archev\u00each\u00e9 Orthodoxe de Belgique","robots":{"index":"index","follow":"follow","max-snippet":"max-snippet:-1","max-image-preview":"max-image-preview:large","max-video-preview":"max-video-preview:-1"},"canonical":"https:\/\/orthodoxia.be\/fr\/sainte-metropole-de-belgique\/clerge\/","og_locale":"fr_FR","og_type":"article","og_title":"Clerg\u00e9 - Archev\u00each\u00e9 Orthodoxe de Belgique","og_description":"\u00a0 Archimandrite Philadelphos Kafalis, Vicaire G\u00e9n\u00e9ral, (Anvers) (10-11-2019)Archimandrite Emilianos Chatzivasiliou, Premier Vicaire Episcopal, (Stassart-Ixelles) (03-02-2024)Archimandrite du Tr\u00f4ne \u0152cum\u00e9nique Meletios Webber (Amsterdam)Archimandrite Hilarion Keim (Luxembourg)Archimandrite Joan Lena (Amsterdam) (17-12-2017)Protopresbytre du Tr\u00f4ne \u0152cum\u00e9nique Panagiotis Mochonas, Vicaire Episcopal pour le Luxembourg,\u00a0(Luxembourg)Protopresbytre du Tr\u00f4ne \u0152cum\u00e9nique Stavros Triantafyllou (Stassart-Ixelles) (27-10-1996)Protopresbytre du Tr\u00f4ne \u0152cum\u00e9nique Evangelos Psallas (Lasne) (19-12-1999)Protopresbytre du Tr\u00f4ne \u0152cum\u00e9nique &hellip; Continued","og_url":"https:\/\/orthodoxia.be\/fr\/sainte-metropole-de-belgique\/clerge\/","og_site_name":"Archev\u00each\u00e9 Orthodoxe de Belgique","article_publisher":"https:\/\/www.facebook.com\/orthobel","article_modified_time":"2026-01-23T07:57:32+00:00","og_image":[{"width":2054,"height":1369,"url":"https:\/\/orthodoxia.be\/wp-content\/uploads\/2025\/01\/image001-1.jpg","type":"image\/jpeg"}],"twitter_card":"summary_large_image","twitter_site":"@orthobel","twitter_misc":{"Dur\u00e9e de lecture est.":"3 minutes"},"schema":{"@context":"https:\/\/schema.org","@graph":[{"@type":"WebPage","@id":"https:\/\/orthodoxia.be\/fr\/sainte-metropole-de-belgique\/clerge\/","url":"https:\/\/orthodoxia.be\/fr\/sainte-metropole-de-belgique\/clerge\/","name":"Clerg\u00e9 - Archev\u00each\u00e9 Orthodoxe de Belgique","isPartOf":{"@id":"https:\/\/orthodoxia.be\/#website"},"primaryImageOfPage":{"@id":"https:\/\/orthodoxia.be\/fr\/sainte-metropole-de-belgique\/clerge\/#primaryimage"},"image":{"@id":"https:\/\/orthodoxia.be\/fr\/sainte-metropole-de-belgique\/clerge\/#primaryimage"},"thumbnailUrl":"https:\/\/orthodoxia.be\/wp-content\/uploads\/2025\/01\/image001-1.jpg","datePublished":"2018-02-28T11:07:36+00:00","dateModified":"2026-01-23T07:57:32+00:00","breadcrumb":{"@id":"https:\/\/orthodoxia.be\/fr\/sainte-metropole-de-belgique\/clerge\/#breadcrumb"},"inLanguage":"fr-BE","potentialAction":[{"@type":"ReadAction","target":["https:\/\/orthodoxia.be\/fr\/sainte-metropole-de-belgique\/clerge\/"]}]},{"@type":"ImageObject","inLanguage":"fr-BE","@id":"https:\/\/orthodoxia.be\/fr\/sainte-metropole-de-belgique\/clerge\/#primaryimage","url":"https:\/\/orthodoxia.be\/wp-content\/uploads\/2025\/01\/image001-1.jpg","contentUrl":"https:\/\/orthodoxia.be\/wp-content\/uploads\/2025\/01\/image001-1.jpg","width":2054,"height":1369},{"@type":"BreadcrumbList","@id":"https:\/\/orthodoxia.be\/fr\/sainte-metropole-de-belgique\/clerge\/#breadcrumb","itemListElement":[{"@type":"ListItem","position":1,"name":"Home","item":"https:\/\/orthodoxia.be\/fr\/"},{"@type":"ListItem","position":2,"name":"Sainte M\u00e9tropole de Belgique","item":"https:\/\/orthodoxia.be\/fr\/sainte-metropole-de-belgique\/"},{"@type":"ListItem","position":3,"name":"Clerg\u00e9"}]},{"@type":"WebSite","@id":"https:\/\/orthodoxia.be\/#website","url":"https:\/\/orthodoxia.be\/","name":"Orthodox Archdiocese of Belgium (Benelux)","description":"Exarque des Pays-Bas et du Luxembourg","publisher":{"@id":"https:\/\/orthodoxia.be\/#organization"},"alternateName":"IMB","potentialAction":[{"@type":"SearchAction","target":{"@type":"EntryPoint","urlTemplate":"https:\/\/orthodoxia.be\/?s={search_term_string}"},"query-input":{"@type":"PropertyValueSpecification","valueRequired":true,"valueName":"search_term_string"}}],"inLanguage":"fr-BE"},{"@type":"Organization","@id":"https:\/\/orthodoxia.be\/#organization","name":"Orthodox Archdiocese of Belgium (Benelux)","url":"https:\/\/orthodoxia.be\/","logo":{"@type":"ImageObject","inLanguage":"fr-BE","@id":"https:\/\/orthodoxia.be\/#\/schema\/logo\/image\/","url":"https:\/\/orthodoxia.be\/wp-content\/uploads\/2024\/02\/cropped-IMB-logo-512-cl-1.png","contentUrl":"https:\/\/orthodoxia.be\/wp-content\/uploads\/2024\/02\/cropped-IMB-logo-512-cl-1.png","width":512,"height":512,"caption":"Orthodox Archdiocese of Belgium (Benelux)"},"image":{"@id":"https:\/\/orthodoxia.be\/#\/schema\/logo\/image\/"},"sameAs":["https:\/\/www.facebook.com\/orthobel","https:\/\/x.com\/orthobel","https:\/\/www.youtube.com\/c\/orthobel","https:\/\/www.mixcloud.com\/orthobel\/","https:\/\/www.flickr.com\/photos\/148264890@N07\/albums","https:\/\/www.dailymotion.com\/Orthobel"]}]}},"_links":{"self":[{"href":"https:\/\/orthodoxia.be\/fr\/wp-json\/wp\/v2\/pages\/8066","targetHints":{"allow":["GET"]}}],"collection":[{"href":"https:\/\/orthodoxia.be\/fr\/wp-json\/wp\/v2\/pages"}],"about":[{"href":"https:\/\/orthodoxia.be\/fr\/wp-json\/wp\/v2\/types\/page"}],"author":[{"embeddable":true,"href":"https:\/\/orthodoxia.be\/fr\/wp-json\/wp\/v2\/users\/2"}],"replies":[{"embeddable":true,"href":"https:\/\/orthodoxia.be\/fr\/wp-json\/wp\/v2\/comments?post=8066"}],"version-history":[{"count":38,"href":"https:\/\/orthodoxia.be\/fr\/wp-json\/wp\/v2\/pages\/8066\/revisions"}],"predecessor-version":[{"id":52460,"href":"https:\/\/orthodoxia.be\/fr\/wp-json\/wp\/v2\/pages\/8066\/revisions\/52460"}],"up":[{"embeddable":true,"href":"https:\/\/orthodoxia.be\/fr\/wp-json\/wp\/v2\/pages\/6886"}],"wp:featuredmedia":[{"embeddable":true,"href":"https:\/\/orthodoxia.be\/fr\/wp-json\/wp\/v2\/media\/47690"}],"wp:attachment":[{"href":"https:\/\/orthodoxia.be\/fr\/wp-json\/wp\/v2\/media?parent=8066"}],"curies":[{"name":"wp","href":"https:\/\/api.w.org\/{rel}","templated":true}]}}