{"id":8077,"date":"2018-03-05T10:52:11","date_gmt":"2018-03-05T09:52:11","guid":{"rendered":"http:\/\/new.orthodoxia.be\/?page_id=8077"},"modified":"2025-10-10T14:57:08","modified_gmt":"2025-10-10T12:57:08","slug":"cours-de-religion-orthodoxe","status":"publish","type":"page","link":"https:\/\/orthodoxia.be\/fr\/informations-utiles\/cours-de-religion-orthodoxe\/","title":{"rendered":"Cours de religion orthodoxe"},"content":{"rendered":"<h2 class=\"header-title\" style=\"text-align: center;\"><strong>Cours de religion orthodoxe<\/strong><\/h2>\n<p style=\"text-align: justify;\">Chaque parent a la possibilit\u00e9 d&#8217;inscrire son enfant dans les \u00e9coles de l\u2019\u00c9tat au cours de religion orthodoxe. Occasion de continuer l&#8217;enseignement de notre Foi, \u00e0 travers nos valeurs et nos traditions, ce cours est dispens\u00e9 par un corps enseignant de qualit\u00e9 et dont la gestion est confi\u00e9e \u00e0 la Commission P\u00e9dagogique de l\u2019\u00c9glise Orthodoxe<\/p>\n<h2 style=\"text-align: justify;\"><b>Commission P\u00e9dagogique du Cours de religion orthodoxe:<\/b><\/h2>\n<p style=\"text-align: justify;\">Pr\u00e9sident: Son Eminence le M\u00e9tropolite Ath\u00e9nagoras de Belgique. Vice-Pr\u00e9sident: Protopresbytre du Tr\u00f4ne \u0152cum\u00e9nique Stavros Triantafyllou. Secr\u00e9taires: Protopresbytre du Tr\u00f4ne \u0152cum\u00e9nique Evangelos Psallas et Pr\u00eatre Filip Boone. Membres: Archipr\u00eatres Patriciu Vlaicu et Konstantinos Kenanidis, Pr\u00eatres Constantin Pogor et Laurent Van Damme, et Theodora Antoniou, Hugo Van Hecke, Dimitrios Hatzipemou, Marie Laure Santos Melahrinidis, Stylianos Stratidis, Maria Tiron, Adela Dinu et l\u2019Inspecteur Philippe de Bruyn. Conseiller juridique: Maurice Van Stiphout. Adresse: Pedagogische Commissie \u2013 Commission P\u00e9dagogique, Avenue Charbolaan 71 &#8211; 1030 Brussel\/Bruxelles. \u03a4\u00e9l: <a href=\"t:+3227365278\">+32.2\/736.52.78<\/a>,\u00a0 E-mail: <a href=\"mailto:orthopedacom@gmail.com\">orthopedacom@gmail.com<\/a><\/p>\n<h2 style=\"text-align: justify;\"><b>Services de l\u2019Enseignement Religieux<\/b><\/h2>\n<h3 style=\"text-align: justify;\"><b>1. Section n\u00e9erlandophone<\/b><\/h3>\n<p style=\"text-align: justify;\">Dienst Orthodox Godsdienstonderwijs<br \/>\nSteenweg op Brussel, 112 &#8211; 1780 Wemmel.<br \/>\n\u03a4\u00e9l: <a href=\"t:+32474822729\">+32.474\/82.27.29<\/a><br \/>\nE-mail: <a href=\"mailto:inspectie@orthodoxonderwijs.be\">inspectie@orthodoxonderwijs.be<\/a><\/p>\n<p style=\"text-align: justify;\"><b>2. Section francophone et germanophone<\/b>:<\/p>\n<p style=\"text-align: justify;\">provisoirement assur\u00e9 par le Secr\u00e9tariat de la Commission P\u00e9dagogique<br \/>\nAvenue Charbo 71 &#8211; 1030 Bruxelles.<br \/>\n\u03a4\u00e9l: <a href=\"t:+3227365278\">+32.2\/736.52.78<\/a><br \/>\nE-mail:<a href=\"mailto:%20orthopedacom@gmail.com\"> orthopedacom@gmail.com<\/a><\/p>\n<h2 style=\"text-align: center;\"><strong>DEVENIR ENSEIGNANT<\/strong><\/h2>\n<p>Avez vous envie d&#8217;enseigner le cours de religion orthodoxe ?<br \/>\nEnvoyez ce formulaire de candidature annuelle, ainsi que tous les documents demand\u00e9s, avant le 1 mai, \u00e0 la Commission P\u00e9dagogique:<\/p>\n<p>T\u00e9l\u00e9charger ici le <span style=\"text-decoration: underline;\"><a href=\"https:\/\/orthodoxia.be\/wp-content\/uploads\/2019\/06\/Formulaire_sollicitation_CP_EOB.pdf\" target=\"_blank\" rel=\"noopener\">formulaire en pdf<\/a><\/span>.<\/p>\n<h2 style=\"text-align: center;\"><strong>INSTITUT DE THEOLOGIE ORTHODOXE &#8220;APOTRE PAUL&#8221;<\/strong><\/h2>\n<p>Cet Institut de Th\u00e9ologie Orthodoxe a \u00e9t\u00e9 cr\u00e9\u00e9 \u00e0 l&#8217;initiative de Son Eminence l&#8217;ancien M\u00e9tropolite Panteleimon de Belgique, Exarque du Patriarcat Oecum\u00e9nique de Constantinople, et est plac\u00e9 sous son \u00e9gide en sa qualit\u00e9 de chef de culte de l&#8217;Eglise Orthodoxe en Belgique. L&#8217;Institut est officiellement reconnu par la Commission P\u00e9dagogique de l&#8217;Eglise Orthodoxe en Belgique.<\/p>\n<p>L&#8217;Institut a pour but de former et de documenter sur la doctrine et la vie de l&#8217;Eglise Orthodoxe en donnant une introduction aux diff\u00e9rentes disciplines th\u00e9ologiques.<\/p>\n<p>La formation permet diff\u00e9rents types d&#8217;enseignement et d&#8217;\u00e9tude en fran\u00e7ais et n\u00e9erlandais.<\/p>\n<p><span style=\"text-decoration: underline;\"><strong>Recteur:<\/strong><\/span><br \/>\nSon Eminence le M\u00e9tropolite Ath\u00e9nagoras de Belgique<br \/>\nAvenue Charbo 71<br \/>\n1030 Bruxelles<\/p>\n<h2 style=\"text-align: center;\"><strong>FORMATION CONTINUE<\/strong><br \/>\n<strong>CERTIFICAT UNIVERSITAIRE EN DIDACTIQUE DE L&#8217;ENSEIGNEMENT DE RELIGION (CDER) ORTHODOXE<\/strong><\/h2>\n<p>Cette formation est n\u00e9e d\u2019un partenariat entre l\u2019UCL et l\u2019Institut de th\u00e9ologie orthodoxe \u00abAp\u00f4tre Paul\u00bb (Bruxelles). Elle a pour ambition de doter les professeurs de religion orthodoxe de l\u2019enseignement primaire et secondaire de solides comp\u00e9tences en th\u00e9ologie et didactique de l\u2019enseignement religieux, ce qui est n\u00e9cessaire en vue d\u2019une d\u00e9signation comme professeur de religion orthodoxe en F\u00e9d\u00e9ration Wallonie-Bruxelles.<\/p>\n<p><strong>Objectifs:<\/strong><\/p>\n<p>Au terme de la formation, le participant sera capable de :<\/p>\n<p>\u2022 ma\u00eetriser des connaissances en th\u00e9ologie orthodoxe (Bible, dogmatique, patrologie, histoire du Christianisme\u2026)<br \/>\n\u2022 stimuler, au sein de sa classe, l\u2019esprit critique et une ouverture au dialogue interreligieux<br \/>\n\u2022 mettre en lien la foi orthodoxe avec les d\u00e9fis contemporains<br \/>\n\u2022 construire un dispositif p\u00e9dagogique centr\u00e9 sur la didactique de la religion orthodoxe<br \/>\n\u2022 inscrire ses enseignements en coh\u00e9rence avec les r\u00e9f\u00e9rentiels et les programmes en vigueur dans l\u2019enseignement primaire et\/ou secondaire de la F\u00e9d\u00e9ration Wallonie-Bruxelles<\/p>\n<p><strong>Folder d&#8217;Informations:<\/strong><\/p>\n<p>Toutes les informations sur la Didactique du cours de religion orthodoxe \u00e0 l&#8217;Universit\u00e9 Catholique de Louvain pour l&#8217;ann\u00e9e acad\u00e9mique 2017-2018 (.pdf)<\/p>\n<p><strong>Section Francophone<\/strong><\/p>\n<p>Institut de Theologie Orthodoxe Ap\u00f4tre Paul<\/p>\n<p><strong>Site:<\/strong> <a href=\"http:\/\/www.enseignementorthodoxe.be\">www.enseignementorthodoxe.be<\/a><\/p>\n<p><strong>Directeur:<\/strong><br \/>\nArchipr\u00eatre Constantin Kenanidis<br \/>\nE-mail: frconken@gmail.com<br \/>\nT\u00e9l.: +32.471\/40.47.77<\/p>\n<p><strong>Secr\u00e9tariat:<\/strong><br \/>\nAvenue Charbo 71<br \/>\n1030 Brussel<br \/>\nT\u00e9l.: +32.2\/736.52.78<br \/>\nE-mail: info@orthodoxia.be<\/p>\n<p><strong>Adresse de l&#8217;Institut:<\/strong><br \/>\nRue Joseph Claes 91<br \/>\n1060 Bruxelles<\/p>\n<p><strong>Section N\u00e9erlandophone<\/strong><\/p>\n<p>L&#8217;Eglise Orthodoxe en Belgique a \u00e9galement un Institut de Th\u00e9ologie Orthodoxe du c\u00f4t\u00e9 flamand, cr\u00e9\u00e9 en 1990 \u00e0 l&#8217;initiative du M\u00e9tropolite Panteleimon en sa qualit\u00e9 de chef de culte de l&#8217;Eglise Orthodoxe en Belgique et reconnu par la Commission P\u00e9dagogique.<\/p>\n<p>Orthodox Theologish Instituut Apostel Paulus<\/p>\n<p>Site: <a href=\"http:\/\/www.orthodoxonderwijs.be\">www.orthodoxonderwijs.be<\/a><\/p>\n<p><strong>Directeur:<\/strong><br \/>\nPhilippe de Bruyn<br \/>\nE-mail: <a href=\"mailto:p.debruyn@hotmail.com\">p.debruyn@hotmail.com<\/a><br \/>\nT\u00e9l.: \u202d<a href=\"tel:+32477518163\">+32.477\/51.81.63<\/a><\/p>\n<p><strong>Secr\u00e9tariat:<\/strong><br \/>\nPr\u00eatre Antonios Tarlizos<br \/>\nT\u00e9l.: +32.485\/97.77.50<br \/>\nE-mail: <a href=\"mailto:orthodoxinstituutpaulus@gmail.com\">orthodoxinstituutpaulus@gmail.com<\/a><\/p>\n<p><strong>Adresse de l&#8217;Institut:<\/strong><br \/>\nSophie van Akenstraat 56<br \/>\n9000 Gent<\/p>\n","protected":false},"excerpt":{"rendered":"<p>Cours de religion orthodoxe Chaque parent a la possibilit\u00e9 d&#8217;inscrire son enfant dans les \u00e9coles de l\u2019\u00c9tat au cours de religion orthodoxe. Occasion de continuer l&#8217;enseignement de notre Foi, \u00e0 travers nos valeurs et nos traditions, ce cours est dispens\u00e9 par un corps enseignant de qualit\u00e9 et dont la gestion est confi\u00e9e \u00e0 la Commission &hellip; <a href=\"https:\/\/orthodoxia.be\/fr\/informations-utiles\/cours-de-religion-orthodoxe\/\">Continued<\/a><\/p>\n","protected":false},"author":2,"featured_media":6621,"parent":8075,"menu_order":1,"comment_status":"closed","ping_status":"closed","template":"","meta":{"_acf_changed":false,"footnotes":""},"class_list":["post-8077","page","type-page","status-publish","has-post-thumbnail","hentry"],"acf":[],"yoast_head":"<!-- This site is optimized with the Yoast SEO plugin v24.3 - https:\/\/yoast.com\/wordpress\/plugins\/seo\/ -->\n<title>Cours de religion orthodoxe - Archev\u00each\u00e9 Orthodoxe de Belgique<\/title>\n<meta name=\"robots\" content=\"index, follow, max-snippet:-1, max-image-preview:large, max-video-preview:-1\" \/>\n<link rel=\"canonical\" href=\"https:\/\/orthodoxia.be\/fr\/informations-utiles\/cours-de-religion-orthodoxe\/\" \/>\n<meta property=\"og:locale\" content=\"fr_FR\" \/>\n<meta property=\"og:type\" content=\"article\" \/>\n<meta property=\"og:title\" content=\"Cours de religion orthodoxe - Archev\u00each\u00e9 Orthodoxe de Belgique\" \/>\n<meta property=\"og:description\" content=\"Cours de religion orthodoxe Chaque parent a la possibilit\u00e9 d&#8217;inscrire son enfant dans les \u00e9coles de l\u2019\u00c9tat au cours de religion orthodoxe. Occasion de continuer l&#8217;enseignement de notre Foi, \u00e0 travers nos valeurs et nos traditions, ce cours est dispens\u00e9 par un corps enseignant de qualit\u00e9 et dont la gestion est confi\u00e9e \u00e0 la Commission &hellip; Continued\" \/>\n<meta property=\"og:url\" content=\"https:\/\/orthodoxia.be\/fr\/informations-utiles\/cours-de-religion-orthodoxe\/\" \/>\n<meta property=\"og:site_name\" content=\"Archev\u00each\u00e9 Orthodoxe de Belgique\" \/>\n<meta property=\"article:publisher\" content=\"https:\/\/www.facebook.com\/orthobel\" \/>\n<meta property=\"article:modified_time\" content=\"2025-10-10T12:57:08+00:00\" \/>\n<meta property=\"og:image\" content=\"https:\/\/orthodoxia.be\/wp-content\/uploads\/2018\/03\/oi_3_ierarxes.jpg\" \/>\n\t<meta property=\"og:image:width\" content=\"569\" \/>\n\t<meta property=\"og:image:height\" content=\"406\" \/>\n\t<meta property=\"og:image:type\" content=\"image\/jpeg\" \/>\n<meta name=\"twitter:card\" content=\"summary_large_image\" \/>\n<meta name=\"twitter:site\" content=\"@orthobel\" \/>\n<meta name=\"twitter:label1\" content=\"Dur\u00e9e de lecture est.\" \/>\n\t<meta name=\"twitter:data1\" content=\"4 minutes\" \/>\n<script type=\"application\/ld+json\" class=\"yoast-schema-graph\">{\"@context\":\"https:\/\/schema.org\",\"@graph\":[{\"@type\":\"WebPage\",\"@id\":\"https:\/\/orthodoxia.be\/fr\/informations-utiles\/cours-de-religion-orthodoxe\/\",\"url\":\"https:\/\/orthodoxia.be\/fr\/informations-utiles\/cours-de-religion-orthodoxe\/\",\"name\":\"Cours de religion orthodoxe - Archev\u00each\u00e9 Orthodoxe de Belgique\",\"isPartOf\":{\"@id\":\"https:\/\/orthodoxia.be\/#website\"},\"primaryImageOfPage\":{\"@id\":\"https:\/\/orthodoxia.be\/fr\/informations-utiles\/cours-de-religion-orthodoxe\/#primaryimage\"},\"image\":{\"@id\":\"https:\/\/orthodoxia.be\/fr\/informations-utiles\/cours-de-religion-orthodoxe\/#primaryimage\"},\"thumbnailUrl\":\"https:\/\/orthodoxia.be\/wp-content\/uploads\/2018\/03\/oi_3_ierarxes.jpg\",\"datePublished\":\"2018-03-05T09:52:11+00:00\",\"dateModified\":\"2025-10-10T12:57:08+00:00\",\"breadcrumb\":{\"@id\":\"https:\/\/orthodoxia.be\/fr\/informations-utiles\/cours-de-religion-orthodoxe\/#breadcrumb\"},\"inLanguage\":\"fr-BE\",\"potentialAction\":[{\"@type\":\"ReadAction\",\"target\":[\"https:\/\/orthodoxia.be\/fr\/informations-utiles\/cours-de-religion-orthodoxe\/\"]}]},{\"@type\":\"ImageObject\",\"inLanguage\":\"fr-BE\",\"@id\":\"https:\/\/orthodoxia.be\/fr\/informations-utiles\/cours-de-religion-orthodoxe\/#primaryimage\",\"url\":\"https:\/\/orthodoxia.be\/wp-content\/uploads\/2018\/03\/oi_3_ierarxes.jpg\",\"contentUrl\":\"https:\/\/orthodoxia.be\/wp-content\/uploads\/2018\/03\/oi_3_ierarxes.jpg\",\"width\":569,\"height\":406},{\"@type\":\"BreadcrumbList\",\"@id\":\"https:\/\/orthodoxia.be\/fr\/informations-utiles\/cours-de-religion-orthodoxe\/#breadcrumb\",\"itemListElement\":[{\"@type\":\"ListItem\",\"position\":1,\"name\":\"Home\",\"item\":\"https:\/\/orthodoxia.be\/fr\/\"},{\"@type\":\"ListItem\",\"position\":2,\"name\":\"Informations utiles\",\"item\":\"https:\/\/orthodoxia.be\/fr\/informations-utiles\/\"},{\"@type\":\"ListItem\",\"position\":3,\"name\":\"Cours de religion orthodoxe\"}]},{\"@type\":\"WebSite\",\"@id\":\"https:\/\/orthodoxia.be\/#website\",\"url\":\"https:\/\/orthodoxia.be\/\",\"name\":\"Orthodox Archdiocese of Belgium (Benelux)\",\"description\":\"Exarque des Pays-Bas et du Luxembourg\",\"publisher\":{\"@id\":\"https:\/\/orthodoxia.be\/#organization\"},\"alternateName\":\"IMB\",\"potentialAction\":[{\"@type\":\"SearchAction\",\"target\":{\"@type\":\"EntryPoint\",\"urlTemplate\":\"https:\/\/orthodoxia.be\/?s={search_term_string}\"},\"query-input\":{\"@type\":\"PropertyValueSpecification\",\"valueRequired\":true,\"valueName\":\"search_term_string\"}}],\"inLanguage\":\"fr-BE\"},{\"@type\":\"Organization\",\"@id\":\"https:\/\/orthodoxia.be\/#organization\",\"name\":\"Orthodox Archdiocese of Belgium (Benelux)\",\"url\":\"https:\/\/orthodoxia.be\/\",\"logo\":{\"@type\":\"ImageObject\",\"inLanguage\":\"fr-BE\",\"@id\":\"https:\/\/orthodoxia.be\/#\/schema\/logo\/image\/\",\"url\":\"https:\/\/orthodoxia.be\/wp-content\/uploads\/2024\/02\/cropped-IMB-logo-512-cl-1.png\",\"contentUrl\":\"https:\/\/orthodoxia.be\/wp-content\/uploads\/2024\/02\/cropped-IMB-logo-512-cl-1.png\",\"width\":512,\"height\":512,\"caption\":\"Orthodox Archdiocese of Belgium (Benelux)\"},\"image\":{\"@id\":\"https:\/\/orthodoxia.be\/#\/schema\/logo\/image\/\"},\"sameAs\":[\"https:\/\/www.facebook.com\/orthobel\",\"https:\/\/x.com\/orthobel\",\"https:\/\/www.youtube.com\/c\/orthobel\",\"https:\/\/www.mixcloud.com\/orthobel\/\",\"https:\/\/www.flickr.com\/photos\/148264890@N07\/albums\",\"https:\/\/www.dailymotion.com\/Orthobel\"]}]}<\/script>\n<!-- \/ Yoast SEO plugin. -->","yoast_head_json":{"title":"Cours de religion orthodoxe - Archev\u00each\u00e9 Orthodoxe de Belgique","robots":{"index":"index","follow":"follow","max-snippet":"max-snippet:-1","max-image-preview":"max-image-preview:large","max-video-preview":"max-video-preview:-1"},"canonical":"https:\/\/orthodoxia.be\/fr\/informations-utiles\/cours-de-religion-orthodoxe\/","og_locale":"fr_FR","og_type":"article","og_title":"Cours de religion orthodoxe - Archev\u00each\u00e9 Orthodoxe de Belgique","og_description":"Cours de religion orthodoxe Chaque parent a la possibilit\u00e9 d&#8217;inscrire son enfant dans les \u00e9coles de l\u2019\u00c9tat au cours de religion orthodoxe. Occasion de continuer l&#8217;enseignement de notre Foi, \u00e0 travers nos valeurs et nos traditions, ce cours est dispens\u00e9 par un corps enseignant de qualit\u00e9 et dont la gestion est confi\u00e9e \u00e0 la Commission &hellip; Continued","og_url":"https:\/\/orthodoxia.be\/fr\/informations-utiles\/cours-de-religion-orthodoxe\/","og_site_name":"Archev\u00each\u00e9 Orthodoxe de Belgique","article_publisher":"https:\/\/www.facebook.com\/orthobel","article_modified_time":"2025-10-10T12:57:08+00:00","og_image":[{"width":569,"height":406,"url":"https:\/\/orthodoxia.be\/wp-content\/uploads\/2018\/03\/oi_3_ierarxes.jpg","type":"image\/jpeg"}],"twitter_card":"summary_large_image","twitter_site":"@orthobel","twitter_misc":{"Dur\u00e9e de lecture est.":"4 minutes"},"schema":{"@context":"https:\/\/schema.org","@graph":[{"@type":"WebPage","@id":"https:\/\/orthodoxia.be\/fr\/informations-utiles\/cours-de-religion-orthodoxe\/","url":"https:\/\/orthodoxia.be\/fr\/informations-utiles\/cours-de-religion-orthodoxe\/","name":"Cours de religion orthodoxe - Archev\u00each\u00e9 Orthodoxe de Belgique","isPartOf":{"@id":"https:\/\/orthodoxia.be\/#website"},"primaryImageOfPage":{"@id":"https:\/\/orthodoxia.be\/fr\/informations-utiles\/cours-de-religion-orthodoxe\/#primaryimage"},"image":{"@id":"https:\/\/orthodoxia.be\/fr\/informations-utiles\/cours-de-religion-orthodoxe\/#primaryimage"},"thumbnailUrl":"https:\/\/orthodoxia.be\/wp-content\/uploads\/2018\/03\/oi_3_ierarxes.jpg","datePublished":"2018-03-05T09:52:11+00:00","dateModified":"2025-10-10T12:57:08+00:00","breadcrumb":{"@id":"https:\/\/orthodoxia.be\/fr\/informations-utiles\/cours-de-religion-orthodoxe\/#breadcrumb"},"inLanguage":"fr-BE","potentialAction":[{"@type":"ReadAction","target":["https:\/\/orthodoxia.be\/fr\/informations-utiles\/cours-de-religion-orthodoxe\/"]}]},{"@type":"ImageObject","inLanguage":"fr-BE","@id":"https:\/\/orthodoxia.be\/fr\/informations-utiles\/cours-de-religion-orthodoxe\/#primaryimage","url":"https:\/\/orthodoxia.be\/wp-content\/uploads\/2018\/03\/oi_3_ierarxes.jpg","contentUrl":"https:\/\/orthodoxia.be\/wp-content\/uploads\/2018\/03\/oi_3_ierarxes.jpg","width":569,"height":406},{"@type":"BreadcrumbList","@id":"https:\/\/orthodoxia.be\/fr\/informations-utiles\/cours-de-religion-orthodoxe\/#breadcrumb","itemListElement":[{"@type":"ListItem","position":1,"name":"Home","item":"https:\/\/orthodoxia.be\/fr\/"},{"@type":"ListItem","position":2,"name":"Informations utiles","item":"https:\/\/orthodoxia.be\/fr\/informations-utiles\/"},{"@type":"ListItem","position":3,"name":"Cours de religion orthodoxe"}]},{"@type":"WebSite","@id":"https:\/\/orthodoxia.be\/#website","url":"https:\/\/orthodoxia.be\/","name":"Orthodox Archdiocese of Belgium (Benelux)","description":"Exarque des Pays-Bas et du Luxembourg","publisher":{"@id":"https:\/\/orthodoxia.be\/#organization"},"alternateName":"IMB","potentialAction":[{"@type":"SearchAction","target":{"@type":"EntryPoint","urlTemplate":"https:\/\/orthodoxia.be\/?s={search_term_string}"},"query-input":{"@type":"PropertyValueSpecification","valueRequired":true,"valueName":"search_term_string"}}],"inLanguage":"fr-BE"},{"@type":"Organization","@id":"https:\/\/orthodoxia.be\/#organization","name":"Orthodox Archdiocese of Belgium (Benelux)","url":"https:\/\/orthodoxia.be\/","logo":{"@type":"ImageObject","inLanguage":"fr-BE","@id":"https:\/\/orthodoxia.be\/#\/schema\/logo\/image\/","url":"https:\/\/orthodoxia.be\/wp-content\/uploads\/2024\/02\/cropped-IMB-logo-512-cl-1.png","contentUrl":"https:\/\/orthodoxia.be\/wp-content\/uploads\/2024\/02\/cropped-IMB-logo-512-cl-1.png","width":512,"height":512,"caption":"Orthodox Archdiocese of Belgium (Benelux)"},"image":{"@id":"https:\/\/orthodoxia.be\/#\/schema\/logo\/image\/"},"sameAs":["https:\/\/www.facebook.com\/orthobel","https:\/\/x.com\/orthobel","https:\/\/www.youtube.com\/c\/orthobel","https:\/\/www.mixcloud.com\/orthobel\/","https:\/\/www.flickr.com\/photos\/148264890@N07\/albums","https:\/\/www.dailymotion.com\/Orthobel"]}]}},"_links":{"self":[{"href":"https:\/\/orthodoxia.be\/fr\/wp-json\/wp\/v2\/pages\/8077","targetHints":{"allow":["GET"]}}],"collection":[{"href":"https:\/\/orthodoxia.be\/fr\/wp-json\/wp\/v2\/pages"}],"about":[{"href":"https:\/\/orthodoxia.be\/fr\/wp-json\/wp\/v2\/types\/page"}],"author":[{"embeddable":true,"href":"https:\/\/orthodoxia.be\/fr\/wp-json\/wp\/v2\/users\/2"}],"replies":[{"embeddable":true,"href":"https:\/\/orthodoxia.be\/fr\/wp-json\/wp\/v2\/comments?post=8077"}],"version-history":[{"count":19,"href":"https:\/\/orthodoxia.be\/fr\/wp-json\/wp\/v2\/pages\/8077\/revisions"}],"predecessor-version":[{"id":50913,"href":"https:\/\/orthodoxia.be\/fr\/wp-json\/wp\/v2\/pages\/8077\/revisions\/50913"}],"up":[{"embeddable":true,"href":"https:\/\/orthodoxia.be\/fr\/wp-json\/wp\/v2\/pages\/8075"}],"wp:featuredmedia":[{"embeddable":true,"href":"https:\/\/orthodoxia.be\/fr\/wp-json\/wp\/v2\/media\/6621"}],"wp:attachment":[{"href":"https:\/\/orthodoxia.be\/fr\/wp-json\/wp\/v2\/media?parent=8077"}],"curies":[{"name":"wp","href":"https:\/\/api.w.org\/{rel}","templated":true}]}}