{"id":8097,"date":"2018-03-07T11:29:26","date_gmt":"2018-03-07T10:29:26","guid":{"rendered":"http:\/\/new.orthodoxia.be\/?page_id=8097"},"modified":"2018-04-20T10:52:24","modified_gmt":"2018-04-20T08:52:24","slug":"eglise-reconnue","status":"publish","type":"page","link":"https:\/\/orthodoxia.be\/fr\/eglise-reconnue\/","title":{"rendered":"Eglise reconnue"},"content":{"rendered":"<h1><strong>EN Belgique<\/strong><\/h1>\n<h2><strong>Le statut l\u00e9gal de l\u2019Eglise Orthodoxe en Belgique<\/strong><\/h2>\n<p>Depuis la loi du 17 avril 1985 l\u2019\u00c9glise Orthodoxe est reconnue par l\u2019\u00c9tat Belge comme culte officiel (voir \u201cMoniteur Belge\u201d de samedi 11 mai 1985 &#8211; 115\u00e8me ann\u00e9e, n\u00b091).<\/p>\n<h2><strong>Organisation du culte orthodoxe<\/strong><\/h2>\n<p>L\u2019Arr\u00eat\u00e9 Royal du 15 mars 1988 (voir \u201cMoniteur Belge\u201d de jeudi 31 mars 1988 &#8211; 158\u00e8me ann\u00e9e, n\u00b063) pr\u00e9voit l\u2019organisation des conseils de fabrique d\u2019\u00e9glise du culte orthodoxe.<\/p>\n<p>Ainsi l\u2019Arr\u00eat\u00e9 Royal pr\u00e9voit que les rapports avec l\u2019autorit\u00e9 civile sont assur\u00e9s par un organe repr\u00e9sentatif de l\u2019ensemble de l\u2019\u00c9glise Orthodoxe. L\u2019Arr\u00eat\u00e9 organise aussi les administrations propres du culte orthodoxe sur une base territoriale provinciale. Cependant il admet la constitution \u00e9ventuelle de plusieurs conseils de fabrique d\u2019\u00e9glise sur le territoire d\u2019une m\u00eame province ou d\u2019un conseil de fabrique d\u2019\u00e9glise sur le territoire de plusieurs provinces.<\/p>\n<h2><strong>Organe repr\u00e9sentatif de l\u2019ensemble de l\u2019Eglise Orthodoxe en Belgique<\/strong><\/h2>\n<p>Le 1er article du m\u00eame Arr\u00eat\u00e9 Royal du 15 mars 1988 (voir supra) pr\u00e9cise que l\u2019organe repr\u00e9sentatif de l\u2019ensemble de l\u2019\u00c9glise Orthodoxe est le M\u00e9tropolite-Archev\u00eaque du Patriarcat \u0152cum\u00e9nique de Constantinople; et nous citons textuellement:<\/p>\n<p>\u201cLe M\u00e9tropolite-Archev\u00eaque du Patriarcat \u0152cum\u00e9nique de Constantinople est reconnu par Nous comme organe repr\u00e9sentatif de l\u2019ensemble de l\u2019\u00c9glise Orthodoxe\u201d (Chapitre Ier &#8211; article 1er).<\/p>\n<h2><strong>Titulaire<\/strong><\/h2>\n<p>Son Eminence le M\u00e9tropolite Ath\u00e9nagoras de Belgique<strong><br \/>\n<\/strong>Exarque du Patriarcat \u0152cum\u00e9nique<strong><br \/>\n<\/strong>Avenue Charbo 71<strong><br \/>\n<\/strong>1030 Bruxelles<strong><br \/>\n<\/strong>Belgique<\/p>\n<p>E-mail: <span><a href=\"mailto:belgiou@orthodoxia.be\">belgiou@orthodoxia.be<\/a><\/span><strong><br \/>\n<\/strong>T\u00e9l. +32.2\/736.52.78<\/p>\n<h1><strong>AU GRAND-DUCHE DE Luxembourg<\/strong><\/h1>\n<p>L&#8217;Eglise Orthodoxe au Grand-Duch\u00e9 du Luxembourg a \u00e9t\u00e9 reconnue par l&#8217;Etat du Luxembourg le 26 janvier 2015.<\/p>\n<p>Au Chapitre 5 de la Convention on retrouve les dispositions sp\u00e9cifiques concernant l\u2019\u00c9glise Orthodoxe du Luxembourg:<\/p>\n<p>Art. 27. L\u2019\u00c9glise orthodoxe du Luxembourg regroupe les communaut\u00e9s orthodoxes d\u2019expressions hell\u00e9nique, russe, serbe et roumaine du Luxembourg.<\/p>\n<p>Art. 28. L\u2019\u00c9glise poss\u00e8de la personnalit\u00e9 civile. Elle est repr\u00e9sent\u00e9e judiciairement et extrajudiciairement par l\u2019Archev\u00eaque\u2013M\u00e9tropolite de Belgique, Exarque des Pays- Bas et du Luxembourg relevant du Patriarcat \u0152cum\u00e9nique de Constantinople ou par son repr\u00e9sentant sp\u00e9cialement mandat\u00e9 par \u00e9crit par lui.<\/p>\n<p>Cet accord a renouvel\u00e9 les anciens accord de 1997 et 2004 entre l&#8217;Eglise Orthodoxe et l&#8217;Etat du Luxembourg.<\/p>\n<h2><strong>Titulaire<\/strong><\/h2>\n<p>Son Eminence le M\u00e9tropolite Ath\u00e9nagoras de Belgique<br \/>\nExarque du Patriarcat \u0152cum\u00e9nique<br \/>\nAvenue Charbo 71<br \/>\n1030 Bruxelles<br \/>\nBelgique<\/p>\n<p>E-mail: <span><a href=\"mailto:belgiou@orthodoxia.be\">belgiou@orthodoxia.be<\/a><\/span><br \/>\nT\u00e9l. +32.2\/736.52.7<\/p>\n","protected":false},"excerpt":{"rendered":"<p>EN Belgique Le statut l\u00e9gal de l\u2019Eglise Orthodoxe en Belgique Depuis la loi du 17 avril 1985 l\u2019\u00c9glise Orthodoxe est reconnue par l\u2019\u00c9tat Belge comme culte officiel (voir \u201cMoniteur Belge\u201d de samedi 11 mai 1985 &#8211; 115\u00e8me ann\u00e9e, n\u00b091). Organisation du culte orthodoxe L\u2019Arr\u00eat\u00e9 Royal du 15 mars 1988 (voir \u201cMoniteur Belge\u201d de jeudi 31 &hellip; <a href=\"https:\/\/orthodoxia.be\/fr\/eglise-reconnue\/\">Continued<\/a><\/p>\n","protected":false},"author":2,"featured_media":160,"parent":0,"menu_order":9,"comment_status":"closed","ping_status":"closed","template":"","meta":{"_acf_changed":false,"footnotes":""},"class_list":["post-8097","page","type-page","status-publish","has-post-thumbnail","hentry"],"acf":[],"yoast_head":"<!-- This site is optimized with the Yoast SEO plugin v24.3 - https:\/\/yoast.com\/wordpress\/plugins\/seo\/ -->\n<title>Eglise reconnue - Archev\u00each\u00e9 Orthodoxe de Belgique<\/title>\n<meta name=\"robots\" content=\"index, follow, max-snippet:-1, max-image-preview:large, max-video-preview:-1\" \/>\n<link rel=\"canonical\" href=\"https:\/\/orthodoxia.be\/fr\/eglise-reconnue\/\" \/>\n<meta property=\"og:locale\" content=\"fr_FR\" \/>\n<meta property=\"og:type\" content=\"article\" \/>\n<meta property=\"og:title\" content=\"Eglise reconnue - Archev\u00each\u00e9 Orthodoxe de Belgique\" \/>\n<meta property=\"og:description\" content=\"EN Belgique Le statut l\u00e9gal de l\u2019Eglise Orthodoxe en Belgique Depuis la loi du 17 avril 1985 l\u2019\u00c9glise Orthodoxe est reconnue par l\u2019\u00c9tat Belge comme culte officiel (voir \u201cMoniteur Belge\u201d de samedi 11 mai 1985 &#8211; 115\u00e8me ann\u00e9e, n\u00b091). Organisation du culte orthodoxe L\u2019Arr\u00eat\u00e9 Royal du 15 mars 1988 (voir \u201cMoniteur Belge\u201d de jeudi 31 &hellip; Continued\" \/>\n<meta property=\"og:url\" content=\"https:\/\/orthodoxia.be\/fr\/eglise-reconnue\/\" \/>\n<meta property=\"og:site_name\" content=\"Archev\u00each\u00e9 Orthodoxe de Belgique\" \/>\n<meta property=\"article:publisher\" content=\"https:\/\/www.facebook.com\/orthobel\" \/>\n<meta property=\"article:modified_time\" content=\"2018-04-20T08:52:24+00:00\" \/>\n<meta property=\"og:image\" content=\"https:\/\/orthodoxia.be\/wp-content\/uploads\/2017\/09\/cropped-cropped-logo-benelux-tr-fc.png\" \/>\n\t<meta property=\"og:image:width\" content=\"250\" \/>\n\t<meta property=\"og:image:height\" content=\"250\" \/>\n\t<meta property=\"og:image:type\" content=\"image\/png\" \/>\n<meta name=\"twitter:card\" content=\"summary_large_image\" \/>\n<meta name=\"twitter:site\" content=\"@orthobel\" \/>\n<meta name=\"twitter:label1\" content=\"Dur\u00e9e de lecture est.\" \/>\n\t<meta name=\"twitter:data1\" content=\"2 minutes\" \/>\n<script type=\"application\/ld+json\" class=\"yoast-schema-graph\">{\"@context\":\"https:\/\/schema.org\",\"@graph\":[{\"@type\":\"WebPage\",\"@id\":\"https:\/\/orthodoxia.be\/fr\/eglise-reconnue\/\",\"url\":\"https:\/\/orthodoxia.be\/fr\/eglise-reconnue\/\",\"name\":\"Eglise reconnue - Archev\u00each\u00e9 Orthodoxe de Belgique\",\"isPartOf\":{\"@id\":\"https:\/\/orthodoxia.be\/#website\"},\"primaryImageOfPage\":{\"@id\":\"https:\/\/orthodoxia.be\/fr\/eglise-reconnue\/#primaryimage\"},\"image\":{\"@id\":\"https:\/\/orthodoxia.be\/fr\/eglise-reconnue\/#primaryimage\"},\"thumbnailUrl\":\"https:\/\/orthodoxia.be\/wp-content\/uploads\/2017\/09\/cropped-cropped-logo-benelux-tr-fc.png\",\"datePublished\":\"2018-03-07T10:29:26+00:00\",\"dateModified\":\"2018-04-20T08:52:24+00:00\",\"breadcrumb\":{\"@id\":\"https:\/\/orthodoxia.be\/fr\/eglise-reconnue\/#breadcrumb\"},\"inLanguage\":\"fr-BE\",\"potentialAction\":[{\"@type\":\"ReadAction\",\"target\":[\"https:\/\/orthodoxia.be\/fr\/eglise-reconnue\/\"]}]},{\"@type\":\"ImageObject\",\"inLanguage\":\"fr-BE\",\"@id\":\"https:\/\/orthodoxia.be\/fr\/eglise-reconnue\/#primaryimage\",\"url\":\"https:\/\/orthodoxia.be\/wp-content\/uploads\/2017\/09\/cropped-cropped-logo-benelux-tr-fc.png\",\"contentUrl\":\"https:\/\/orthodoxia.be\/wp-content\/uploads\/2017\/09\/cropped-cropped-logo-benelux-tr-fc.png\",\"width\":250,\"height\":250},{\"@type\":\"BreadcrumbList\",\"@id\":\"https:\/\/orthodoxia.be\/fr\/eglise-reconnue\/#breadcrumb\",\"itemListElement\":[{\"@type\":\"ListItem\",\"position\":1,\"name\":\"Home\",\"item\":\"https:\/\/orthodoxia.be\/fr\/\"},{\"@type\":\"ListItem\",\"position\":2,\"name\":\"Eglise reconnue\"}]},{\"@type\":\"WebSite\",\"@id\":\"https:\/\/orthodoxia.be\/#website\",\"url\":\"https:\/\/orthodoxia.be\/\",\"name\":\"Orthodox Archdiocese of Belgium (Benelux)\",\"description\":\"Exarque des Pays-Bas et du Luxembourg\",\"publisher\":{\"@id\":\"https:\/\/orthodoxia.be\/#organization\"},\"alternateName\":\"IMB\",\"potentialAction\":[{\"@type\":\"SearchAction\",\"target\":{\"@type\":\"EntryPoint\",\"urlTemplate\":\"https:\/\/orthodoxia.be\/?s={search_term_string}\"},\"query-input\":{\"@type\":\"PropertyValueSpecification\",\"valueRequired\":true,\"valueName\":\"search_term_string\"}}],\"inLanguage\":\"fr-BE\"},{\"@type\":\"Organization\",\"@id\":\"https:\/\/orthodoxia.be\/#organization\",\"name\":\"Orthodox Archdiocese of Belgium (Benelux)\",\"url\":\"https:\/\/orthodoxia.be\/\",\"logo\":{\"@type\":\"ImageObject\",\"inLanguage\":\"fr-BE\",\"@id\":\"https:\/\/orthodoxia.be\/#\/schema\/logo\/image\/\",\"url\":\"https:\/\/orthodoxia.be\/wp-content\/uploads\/2024\/02\/cropped-IMB-logo-512-cl-1.png\",\"contentUrl\":\"https:\/\/orthodoxia.be\/wp-content\/uploads\/2024\/02\/cropped-IMB-logo-512-cl-1.png\",\"width\":512,\"height\":512,\"caption\":\"Orthodox Archdiocese of Belgium (Benelux)\"},\"image\":{\"@id\":\"https:\/\/orthodoxia.be\/#\/schema\/logo\/image\/\"},\"sameAs\":[\"https:\/\/www.facebook.com\/orthobel\",\"https:\/\/x.com\/orthobel\",\"https:\/\/www.youtube.com\/c\/orthobel\",\"https:\/\/www.mixcloud.com\/orthobel\/\",\"https:\/\/www.flickr.com\/photos\/148264890@N07\/albums\",\"https:\/\/www.dailymotion.com\/Orthobel\"]}]}<\/script>\n<!-- \/ Yoast SEO plugin. -->","yoast_head_json":{"title":"Eglise reconnue - Archev\u00each\u00e9 Orthodoxe de Belgique","robots":{"index":"index","follow":"follow","max-snippet":"max-snippet:-1","max-image-preview":"max-image-preview:large","max-video-preview":"max-video-preview:-1"},"canonical":"https:\/\/orthodoxia.be\/fr\/eglise-reconnue\/","og_locale":"fr_FR","og_type":"article","og_title":"Eglise reconnue - Archev\u00each\u00e9 Orthodoxe de Belgique","og_description":"EN Belgique Le statut l\u00e9gal de l\u2019Eglise Orthodoxe en Belgique Depuis la loi du 17 avril 1985 l\u2019\u00c9glise Orthodoxe est reconnue par l\u2019\u00c9tat Belge comme culte officiel (voir \u201cMoniteur Belge\u201d de samedi 11 mai 1985 &#8211; 115\u00e8me ann\u00e9e, n\u00b091). Organisation du culte orthodoxe L\u2019Arr\u00eat\u00e9 Royal du 15 mars 1988 (voir \u201cMoniteur Belge\u201d de jeudi 31 &hellip; Continued","og_url":"https:\/\/orthodoxia.be\/fr\/eglise-reconnue\/","og_site_name":"Archev\u00each\u00e9 Orthodoxe de Belgique","article_publisher":"https:\/\/www.facebook.com\/orthobel","article_modified_time":"2018-04-20T08:52:24+00:00","og_image":[{"width":250,"height":250,"url":"https:\/\/orthodoxia.be\/wp-content\/uploads\/2017\/09\/cropped-cropped-logo-benelux-tr-fc.png","type":"image\/png"}],"twitter_card":"summary_large_image","twitter_site":"@orthobel","twitter_misc":{"Dur\u00e9e de lecture est.":"2 minutes"},"schema":{"@context":"https:\/\/schema.org","@graph":[{"@type":"WebPage","@id":"https:\/\/orthodoxia.be\/fr\/eglise-reconnue\/","url":"https:\/\/orthodoxia.be\/fr\/eglise-reconnue\/","name":"Eglise reconnue - Archev\u00each\u00e9 Orthodoxe de Belgique","isPartOf":{"@id":"https:\/\/orthodoxia.be\/#website"},"primaryImageOfPage":{"@id":"https:\/\/orthodoxia.be\/fr\/eglise-reconnue\/#primaryimage"},"image":{"@id":"https:\/\/orthodoxia.be\/fr\/eglise-reconnue\/#primaryimage"},"thumbnailUrl":"https:\/\/orthodoxia.be\/wp-content\/uploads\/2017\/09\/cropped-cropped-logo-benelux-tr-fc.png","datePublished":"2018-03-07T10:29:26+00:00","dateModified":"2018-04-20T08:52:24+00:00","breadcrumb":{"@id":"https:\/\/orthodoxia.be\/fr\/eglise-reconnue\/#breadcrumb"},"inLanguage":"fr-BE","potentialAction":[{"@type":"ReadAction","target":["https:\/\/orthodoxia.be\/fr\/eglise-reconnue\/"]}]},{"@type":"ImageObject","inLanguage":"fr-BE","@id":"https:\/\/orthodoxia.be\/fr\/eglise-reconnue\/#primaryimage","url":"https:\/\/orthodoxia.be\/wp-content\/uploads\/2017\/09\/cropped-cropped-logo-benelux-tr-fc.png","contentUrl":"https:\/\/orthodoxia.be\/wp-content\/uploads\/2017\/09\/cropped-cropped-logo-benelux-tr-fc.png","width":250,"height":250},{"@type":"BreadcrumbList","@id":"https:\/\/orthodoxia.be\/fr\/eglise-reconnue\/#breadcrumb","itemListElement":[{"@type":"ListItem","position":1,"name":"Home","item":"https:\/\/orthodoxia.be\/fr\/"},{"@type":"ListItem","position":2,"name":"Eglise reconnue"}]},{"@type":"WebSite","@id":"https:\/\/orthodoxia.be\/#website","url":"https:\/\/orthodoxia.be\/","name":"Orthodox Archdiocese of Belgium (Benelux)","description":"Exarque des Pays-Bas et du Luxembourg","publisher":{"@id":"https:\/\/orthodoxia.be\/#organization"},"alternateName":"IMB","potentialAction":[{"@type":"SearchAction","target":{"@type":"EntryPoint","urlTemplate":"https:\/\/orthodoxia.be\/?s={search_term_string}"},"query-input":{"@type":"PropertyValueSpecification","valueRequired":true,"valueName":"search_term_string"}}],"inLanguage":"fr-BE"},{"@type":"Organization","@id":"https:\/\/orthodoxia.be\/#organization","name":"Orthodox Archdiocese of Belgium (Benelux)","url":"https:\/\/orthodoxia.be\/","logo":{"@type":"ImageObject","inLanguage":"fr-BE","@id":"https:\/\/orthodoxia.be\/#\/schema\/logo\/image\/","url":"https:\/\/orthodoxia.be\/wp-content\/uploads\/2024\/02\/cropped-IMB-logo-512-cl-1.png","contentUrl":"https:\/\/orthodoxia.be\/wp-content\/uploads\/2024\/02\/cropped-IMB-logo-512-cl-1.png","width":512,"height":512,"caption":"Orthodox Archdiocese of Belgium (Benelux)"},"image":{"@id":"https:\/\/orthodoxia.be\/#\/schema\/logo\/image\/"},"sameAs":["https:\/\/www.facebook.com\/orthobel","https:\/\/x.com\/orthobel","https:\/\/www.youtube.com\/c\/orthobel","https:\/\/www.mixcloud.com\/orthobel\/","https:\/\/www.flickr.com\/photos\/148264890@N07\/albums","https:\/\/www.dailymotion.com\/Orthobel"]}]}},"_links":{"self":[{"href":"https:\/\/orthodoxia.be\/fr\/wp-json\/wp\/v2\/pages\/8097","targetHints":{"allow":["GET"]}}],"collection":[{"href":"https:\/\/orthodoxia.be\/fr\/wp-json\/wp\/v2\/pages"}],"about":[{"href":"https:\/\/orthodoxia.be\/fr\/wp-json\/wp\/v2\/types\/page"}],"author":[{"embeddable":true,"href":"https:\/\/orthodoxia.be\/fr\/wp-json\/wp\/v2\/users\/2"}],"replies":[{"embeddable":true,"href":"https:\/\/orthodoxia.be\/fr\/wp-json\/wp\/v2\/comments?post=8097"}],"version-history":[{"count":2,"href":"https:\/\/orthodoxia.be\/fr\/wp-json\/wp\/v2\/pages\/8097\/revisions"}],"predecessor-version":[{"id":8099,"href":"https:\/\/orthodoxia.be\/fr\/wp-json\/wp\/v2\/pages\/8097\/revisions\/8099"}],"wp:featuredmedia":[{"embeddable":true,"href":"https:\/\/orthodoxia.be\/fr\/wp-json\/wp\/v2\/media\/160"}],"wp:attachment":[{"href":"https:\/\/orthodoxia.be\/fr\/wp-json\/wp\/v2\/media?parent=8097"}],"curies":[{"name":"wp","href":"https:\/\/api.w.org\/{rel}","templated":true}]}}