{"id":8106,"date":"2018-02-19T11:01:15","date_gmt":"2018-02-19T10:01:15","guid":{"rendered":"http:\/\/new.orthodoxia.be\/?page_id=8106"},"modified":"2026-02-26T15:45:20","modified_gmt":"2026-02-26T14:45:20","slug":"le-saint-synode","status":"publish","type":"page","link":"https:\/\/orthodoxia.be\/fr\/le-patriarcat-oecumenique\/le-saint-synode\/","title":{"rendered":"Le Saint Synode"},"content":{"rendered":"<h2 style=\"text-align: justify;\"><span style=\"color: #000000;\"><strong>Saint Synode<\/strong><\/span><\/h2>\n<p>Le Saint Synode du Patriarcat \u0152cum\u00e9nique pr\u00e9sid\u00e9 par Sa Toute-Saintet\u00e9 le Patriarche \u0152cum\u00e9nique Bartholom\u00e9e est actuellement compos\u00e9 par les Hi\u00e9rarques suivants:<\/p>\n<p>Emmanuel de Chalc\u00e9doine<br \/>\nAmbroise de Karpathos et Kassos<br \/>\nApostolos de Mil\u00e8te<br \/>\nJoseph de Prikonissos<br \/>\nM\u00e9liton de Philadelphie<br \/>\nAthanasios de Kolonia<br \/>\nTheoliptos d\u2019Iconie<br \/>\nJoseph de Buenos Aires<br \/>\nCl\u00e9opas de Su\u00e8de et de toute la Scandinavie<br \/>\nCyrille d\u2019Imvros et Tenedos<br \/>\nConstantin de Denver<br \/>\nGrigorios de Ankara<\/p>\n<p><strong>Bureau Synodal<\/strong><\/p>\n<p>Secr\u00e9taire G\u00e9n\u00e9ral: Archimandrite Bosporios Mangafas<br \/>\nSous-secr\u00e9taire: Diacre Oikoumenios Amanatidis<br \/>\nCopiste: Diacre Evlogios Tsatsas<br \/>\nE-mail:\u00a0<a href=\"mailto:chsecr.ec.patr@gmail.com\" target=\"_blank\" rel=\"noopener\">chsecr.ec.patr@gmail.com<\/a>\u00a0et\u00a0<a href=\"mailto:ecumenical.patriarchate@gmail.com\" target=\"_blank\" rel=\"noopener\">ecumenical.patriarchate@gmail.<wbr \/>com<\/a><br \/>\nT\u00e9l.: +90.212\/525.54.16 Fax: +90.212\/531.65.33<\/p>\n<p><strong>Bureau Personnel du Patriarche<\/strong><\/p>\n<p>Directeur: le Grande Eccl\u00e9siarque A\u00e9tios<br \/>\nE-mail:\u00a0<a href=\"mailto:patriarchate.office@gmail.com\" target=\"_blank\" rel=\"noopener\">patriarchate.office@gmail.com<\/a><br \/>\nT\u00e9l.: +90.212\/635.45.01 Fax: +90.212\/525.64.29<\/p>\n<p><strong>Ier Bureau Patriarcal<\/strong><\/p>\n<p>Directeur: Professeur Constantinos Delikostantis, Archonte \u00c9ducateur de la Nation<br \/>\nSecr\u00e9taires: Oikonomos Philotheos Kelepouris, M. Pavlos Pantelaras, Mme Lora Oulik-Nani, M. Stavros Rafa\u00eflidis, M. Chrysovalantis Tzavidis et Mme Efstathia Mania<\/p>\n<p><strong>Grand Vicariat G\u00e9n\u00e9ral<\/strong><\/p>\n<p>le Grand Vicaire G\u00e9n\u00e9ral Grigorios<br \/>\nE-mail:\u00a0<a href=\"mailto:ecpatr.grandchancellor@gmail.com\" target=\"_blank\" rel=\"noopener\">ecpatr.grandchancellor@gmail.<wbr \/>com<\/a><br \/>\nT\u00e9l.: +90.212\/525.21.17 Fax: +90.212\/531.90.14<\/p>\n<p><strong>Commission Eccl\u00e9siale Centrale du Patriarcat<\/strong><\/p>\n<p>Pr\u00e9sident: Ir\u00e9n\u00e9e de Myriophytos et Peristasis.<br \/>\nMembres: Th\u00e9oliptos d\u2019Ikonion, St\u00e9phane de Kalliopolis et Madytos, Maximos de Sylivrie, le Grand Vicaire G\u00e9n\u00e9ral Grigorios, le Grand Archidiacre Alexandros.<br \/>\nSecr\u00e9taire: le Diacre du Troisi\u00e8me Rang Barnabas<\/p>\n<p><strong>Archives Patriarcales<\/strong><\/p>\n<p>Archiviste: l\u2019Archimandrite Kaisarios Chronis<br \/>\nSecr\u00e9taires: M. Stylianos Mouchlidis, M. Nicolaos Papaioannou, Mme Eleni Papoutsi, M. Panagiotis Nikolaidis et M. Christos Kyritsis<br \/>\nE-mail:\u00a0<a href=\"mailto:ecpatr.archive@gmail.com\" target=\"_blank\" rel=\"noopener\">ecpatr.archive@gmail.com<\/a><\/p>\n<p><strong>Biblioth\u00e8que Patriarcale<\/strong><\/p>\n<p>Biblioth\u00e9caire: le Grand Archidiacre Alexandros<br \/>\nSecr\u00e9taires: M. Nikolaos Meintan et M. Antonios Vratimos<br \/>\nE-mail:\u00a0<a href=\"mailto:ecpatr.library@gmail.com\" target=\"_blank\" rel=\"noopener\">ecpatr.library@gmail.com<\/a><br \/>\nT\u00e9l. et Fax: +90.212\/531.96.78<\/p>\n<p><strong>Eglise Patriarcale<\/strong><\/p>\n<p>le Grand Archimandrite Iakovos, le Grand Syngelos Hieronymos, le Grand Eccl\u00e9siarque A\u00e9tios, \u1f41 \u0394\u03b9\u03ac\u03ba\u03bf\u03bd\u03bf\u03c2 \u03c4\u1fc6\u03c2 \u03a3\u03b5\u03b9\u03c1\u1fb6\u03c2 \u03ba. Epiphanios Kamianonych et les Diacres Patriarcaux Anatolios Doxastakis et Photios Poulopoulos<br \/>\nArchonte Protopsalte: M. Panagiotis N\u00e9ochoritis<br \/>\nArchonte Lampadarios: M. Stylianos Flikos<br \/>\n1er Domestikos du Ch\u0153ur de droite: M. Georgios Kioseoglou<br \/>\n1er Domestikos du Ch\u0153ur de gauche: M. Georgios Bakopoulos<\/p>\n<p><strong>Institut de Th\u00e9ologie de Chalki<\/strong><\/p>\n<p>Adresse: AyaTriada Rum Ortodoks Manast\u0131r\u0131 Heybeliada, \u00dcmit Tepesi No 3, 81340 Heybeliada, \u0130stanbul<br \/>\nE-mail:\u00a0<a href=\"mailto:theologicalschoolhalki@gmail.com\" target=\"_blank\" rel=\"noopener\">theologicalschoolhalki@gmail.<wbr \/>com<\/a><br \/>\nT\u00e9l.: +90.216\/351.85.63 Fax: +90.216\/351.17.68<br \/>\nHigoum\u00e8ne: Son Excellence l\u2019\u00c9v\u00eaque Cassien d\u2019Aravissos<\/p>\n","protected":false},"excerpt":{"rendered":"<p>Saint Synode Le Saint Synode du Patriarcat \u0152cum\u00e9nique pr\u00e9sid\u00e9 par Sa Toute-Saintet\u00e9 le Patriarche \u0152cum\u00e9nique Bartholom\u00e9e est actuellement compos\u00e9 par les Hi\u00e9rarques suivants: Emmanuel de Chalc\u00e9doine Ambroise de Karpathos et Kassos Apostolos de Mil\u00e8te Joseph de Prikonissos M\u00e9liton de Philadelphie Athanasios de Kolonia Theoliptos d\u2019Iconie Joseph de Buenos Aires Cl\u00e9opas de Su\u00e8de et de toute &hellip; <a href=\"https:\/\/orthodoxia.be\/fr\/le-patriarcat-oecumenique\/le-saint-synode\/\">Continued<\/a><\/p>\n","protected":false},"author":2,"featured_media":47702,"parent":5643,"menu_order":2,"comment_status":"closed","ping_status":"closed","template":"","meta":{"_acf_changed":false,"footnotes":""},"class_list":["post-8106","page","type-page","status-publish","has-post-thumbnail","hentry"],"acf":[],"yoast_head":"<!-- This site is optimized with the Yoast SEO plugin v24.3 - https:\/\/yoast.com\/wordpress\/plugins\/seo\/ -->\n<title>Le Saint Synode - Archev\u00each\u00e9 Orthodoxe de Belgique<\/title>\n<meta name=\"robots\" content=\"index, follow, max-snippet:-1, max-image-preview:large, max-video-preview:-1\" \/>\n<link rel=\"canonical\" href=\"https:\/\/orthodoxia.be\/fr\/le-patriarcat-oecumenique\/le-saint-synode\/\" \/>\n<meta property=\"og:locale\" content=\"fr_FR\" \/>\n<meta property=\"og:type\" content=\"article\" \/>\n<meta property=\"og:title\" content=\"Le Saint Synode - Archev\u00each\u00e9 Orthodoxe de Belgique\" \/>\n<meta property=\"og:description\" content=\"Saint Synode Le Saint Synode du Patriarcat \u0152cum\u00e9nique pr\u00e9sid\u00e9 par Sa Toute-Saintet\u00e9 le Patriarche \u0152cum\u00e9nique Bartholom\u00e9e est actuellement compos\u00e9 par les Hi\u00e9rarques suivants: Emmanuel de Chalc\u00e9doine Ambroise de Karpathos et Kassos Apostolos de Mil\u00e8te Joseph de Prikonissos M\u00e9liton de Philadelphie Athanasios de Kolonia Theoliptos d\u2019Iconie Joseph de Buenos Aires Cl\u00e9opas de Su\u00e8de et de toute &hellip; Continued\" \/>\n<meta property=\"og:url\" content=\"https:\/\/orthodoxia.be\/fr\/le-patriarcat-oecumenique\/le-saint-synode\/\" \/>\n<meta property=\"og:site_name\" content=\"Archev\u00each\u00e9 Orthodoxe de Belgique\" \/>\n<meta property=\"article:publisher\" content=\"https:\/\/www.facebook.com\/orthobel\" \/>\n<meta property=\"article:modified_time\" content=\"2026-02-26T14:45:20+00:00\" \/>\n<meta property=\"og:image\" content=\"https:\/\/orthodoxia.be\/wp-content\/uploads\/2025\/01\/sinodos-fanari2.jpeg\" \/>\n\t<meta property=\"og:image:width\" content=\"1920\" \/>\n\t<meta property=\"og:image:height\" content=\"1280\" \/>\n\t<meta property=\"og:image:type\" content=\"image\/jpeg\" \/>\n<meta name=\"twitter:card\" content=\"summary_large_image\" \/>\n<meta name=\"twitter:site\" content=\"@orthobel\" \/>\n<meta name=\"twitter:label1\" content=\"Dur\u00e9e de lecture est.\" \/>\n\t<meta name=\"twitter:data1\" content=\"2 minutes\" \/>\n<script type=\"application\/ld+json\" class=\"yoast-schema-graph\">{\"@context\":\"https:\/\/schema.org\",\"@graph\":[{\"@type\":\"WebPage\",\"@id\":\"https:\/\/orthodoxia.be\/fr\/le-patriarcat-oecumenique\/le-saint-synode\/\",\"url\":\"https:\/\/orthodoxia.be\/fr\/le-patriarcat-oecumenique\/le-saint-synode\/\",\"name\":\"Le Saint Synode - Archev\u00each\u00e9 Orthodoxe de Belgique\",\"isPartOf\":{\"@id\":\"https:\/\/orthodoxia.be\/#website\"},\"primaryImageOfPage\":{\"@id\":\"https:\/\/orthodoxia.be\/fr\/le-patriarcat-oecumenique\/le-saint-synode\/#primaryimage\"},\"image\":{\"@id\":\"https:\/\/orthodoxia.be\/fr\/le-patriarcat-oecumenique\/le-saint-synode\/#primaryimage\"},\"thumbnailUrl\":\"https:\/\/orthodoxia.be\/wp-content\/uploads\/2025\/01\/sinodos-fanari2.jpeg\",\"datePublished\":\"2018-02-19T10:01:15+00:00\",\"dateModified\":\"2026-02-26T14:45:20+00:00\",\"breadcrumb\":{\"@id\":\"https:\/\/orthodoxia.be\/fr\/le-patriarcat-oecumenique\/le-saint-synode\/#breadcrumb\"},\"inLanguage\":\"fr-BE\",\"potentialAction\":[{\"@type\":\"ReadAction\",\"target\":[\"https:\/\/orthodoxia.be\/fr\/le-patriarcat-oecumenique\/le-saint-synode\/\"]}]},{\"@type\":\"ImageObject\",\"inLanguage\":\"fr-BE\",\"@id\":\"https:\/\/orthodoxia.be\/fr\/le-patriarcat-oecumenique\/le-saint-synode\/#primaryimage\",\"url\":\"https:\/\/orthodoxia.be\/wp-content\/uploads\/2025\/01\/sinodos-fanari2.jpeg\",\"contentUrl\":\"https:\/\/orthodoxia.be\/wp-content\/uploads\/2025\/01\/sinodos-fanari2.jpeg\",\"width\":1920,\"height\":1280},{\"@type\":\"BreadcrumbList\",\"@id\":\"https:\/\/orthodoxia.be\/fr\/le-patriarcat-oecumenique\/le-saint-synode\/#breadcrumb\",\"itemListElement\":[{\"@type\":\"ListItem\",\"position\":1,\"name\":\"Home\",\"item\":\"https:\/\/orthodoxia.be\/fr\/\"},{\"@type\":\"ListItem\",\"position\":2,\"name\":\"LE PATRIARCAT \u0152CUMENIQUE\",\"item\":\"https:\/\/orthodoxia.be\/fr\/le-patriarcat-oecumenique\/\"},{\"@type\":\"ListItem\",\"position\":3,\"name\":\"Le Saint Synode\"}]},{\"@type\":\"WebSite\",\"@id\":\"https:\/\/orthodoxia.be\/#website\",\"url\":\"https:\/\/orthodoxia.be\/\",\"name\":\"Orthodox Archdiocese of Belgium (Benelux)\",\"description\":\"Exarque des Pays-Bas et du Luxembourg\",\"publisher\":{\"@id\":\"https:\/\/orthodoxia.be\/#organization\"},\"alternateName\":\"IMB\",\"potentialAction\":[{\"@type\":\"SearchAction\",\"target\":{\"@type\":\"EntryPoint\",\"urlTemplate\":\"https:\/\/orthodoxia.be\/?s={search_term_string}\"},\"query-input\":{\"@type\":\"PropertyValueSpecification\",\"valueRequired\":true,\"valueName\":\"search_term_string\"}}],\"inLanguage\":\"fr-BE\"},{\"@type\":\"Organization\",\"@id\":\"https:\/\/orthodoxia.be\/#organization\",\"name\":\"Orthodox Archdiocese of Belgium (Benelux)\",\"url\":\"https:\/\/orthodoxia.be\/\",\"logo\":{\"@type\":\"ImageObject\",\"inLanguage\":\"fr-BE\",\"@id\":\"https:\/\/orthodoxia.be\/#\/schema\/logo\/image\/\",\"url\":\"https:\/\/orthodoxia.be\/wp-content\/uploads\/2024\/02\/cropped-IMB-logo-512-cl-1.png\",\"contentUrl\":\"https:\/\/orthodoxia.be\/wp-content\/uploads\/2024\/02\/cropped-IMB-logo-512-cl-1.png\",\"width\":512,\"height\":512,\"caption\":\"Orthodox Archdiocese of Belgium (Benelux)\"},\"image\":{\"@id\":\"https:\/\/orthodoxia.be\/#\/schema\/logo\/image\/\"},\"sameAs\":[\"https:\/\/www.facebook.com\/orthobel\",\"https:\/\/x.com\/orthobel\",\"https:\/\/www.youtube.com\/c\/orthobel\",\"https:\/\/www.mixcloud.com\/orthobel\/\",\"https:\/\/www.flickr.com\/photos\/148264890@N07\/albums\",\"https:\/\/www.dailymotion.com\/Orthobel\"]}]}<\/script>\n<!-- \/ Yoast SEO plugin. -->","yoast_head_json":{"title":"Le Saint Synode - Archev\u00each\u00e9 Orthodoxe de Belgique","robots":{"index":"index","follow":"follow","max-snippet":"max-snippet:-1","max-image-preview":"max-image-preview:large","max-video-preview":"max-video-preview:-1"},"canonical":"https:\/\/orthodoxia.be\/fr\/le-patriarcat-oecumenique\/le-saint-synode\/","og_locale":"fr_FR","og_type":"article","og_title":"Le Saint Synode - Archev\u00each\u00e9 Orthodoxe de Belgique","og_description":"Saint Synode Le Saint Synode du Patriarcat \u0152cum\u00e9nique pr\u00e9sid\u00e9 par Sa Toute-Saintet\u00e9 le Patriarche \u0152cum\u00e9nique Bartholom\u00e9e est actuellement compos\u00e9 par les Hi\u00e9rarques suivants: Emmanuel de Chalc\u00e9doine Ambroise de Karpathos et Kassos Apostolos de Mil\u00e8te Joseph de Prikonissos M\u00e9liton de Philadelphie Athanasios de Kolonia Theoliptos d\u2019Iconie Joseph de Buenos Aires Cl\u00e9opas de Su\u00e8de et de toute &hellip; Continued","og_url":"https:\/\/orthodoxia.be\/fr\/le-patriarcat-oecumenique\/le-saint-synode\/","og_site_name":"Archev\u00each\u00e9 Orthodoxe de Belgique","article_publisher":"https:\/\/www.facebook.com\/orthobel","article_modified_time":"2026-02-26T14:45:20+00:00","og_image":[{"width":1920,"height":1280,"url":"https:\/\/orthodoxia.be\/wp-content\/uploads\/2025\/01\/sinodos-fanari2.jpeg","type":"image\/jpeg"}],"twitter_card":"summary_large_image","twitter_site":"@orthobel","twitter_misc":{"Dur\u00e9e de lecture est.":"2 minutes"},"schema":{"@context":"https:\/\/schema.org","@graph":[{"@type":"WebPage","@id":"https:\/\/orthodoxia.be\/fr\/le-patriarcat-oecumenique\/le-saint-synode\/","url":"https:\/\/orthodoxia.be\/fr\/le-patriarcat-oecumenique\/le-saint-synode\/","name":"Le Saint Synode - Archev\u00each\u00e9 Orthodoxe de Belgique","isPartOf":{"@id":"https:\/\/orthodoxia.be\/#website"},"primaryImageOfPage":{"@id":"https:\/\/orthodoxia.be\/fr\/le-patriarcat-oecumenique\/le-saint-synode\/#primaryimage"},"image":{"@id":"https:\/\/orthodoxia.be\/fr\/le-patriarcat-oecumenique\/le-saint-synode\/#primaryimage"},"thumbnailUrl":"https:\/\/orthodoxia.be\/wp-content\/uploads\/2025\/01\/sinodos-fanari2.jpeg","datePublished":"2018-02-19T10:01:15+00:00","dateModified":"2026-02-26T14:45:20+00:00","breadcrumb":{"@id":"https:\/\/orthodoxia.be\/fr\/le-patriarcat-oecumenique\/le-saint-synode\/#breadcrumb"},"inLanguage":"fr-BE","potentialAction":[{"@type":"ReadAction","target":["https:\/\/orthodoxia.be\/fr\/le-patriarcat-oecumenique\/le-saint-synode\/"]}]},{"@type":"ImageObject","inLanguage":"fr-BE","@id":"https:\/\/orthodoxia.be\/fr\/le-patriarcat-oecumenique\/le-saint-synode\/#primaryimage","url":"https:\/\/orthodoxia.be\/wp-content\/uploads\/2025\/01\/sinodos-fanari2.jpeg","contentUrl":"https:\/\/orthodoxia.be\/wp-content\/uploads\/2025\/01\/sinodos-fanari2.jpeg","width":1920,"height":1280},{"@type":"BreadcrumbList","@id":"https:\/\/orthodoxia.be\/fr\/le-patriarcat-oecumenique\/le-saint-synode\/#breadcrumb","itemListElement":[{"@type":"ListItem","position":1,"name":"Home","item":"https:\/\/orthodoxia.be\/fr\/"},{"@type":"ListItem","position":2,"name":"LE PATRIARCAT \u0152CUMENIQUE","item":"https:\/\/orthodoxia.be\/fr\/le-patriarcat-oecumenique\/"},{"@type":"ListItem","position":3,"name":"Le Saint Synode"}]},{"@type":"WebSite","@id":"https:\/\/orthodoxia.be\/#website","url":"https:\/\/orthodoxia.be\/","name":"Orthodox Archdiocese of Belgium (Benelux)","description":"Exarque des Pays-Bas et du Luxembourg","publisher":{"@id":"https:\/\/orthodoxia.be\/#organization"},"alternateName":"IMB","potentialAction":[{"@type":"SearchAction","target":{"@type":"EntryPoint","urlTemplate":"https:\/\/orthodoxia.be\/?s={search_term_string}"},"query-input":{"@type":"PropertyValueSpecification","valueRequired":true,"valueName":"search_term_string"}}],"inLanguage":"fr-BE"},{"@type":"Organization","@id":"https:\/\/orthodoxia.be\/#organization","name":"Orthodox Archdiocese of Belgium (Benelux)","url":"https:\/\/orthodoxia.be\/","logo":{"@type":"ImageObject","inLanguage":"fr-BE","@id":"https:\/\/orthodoxia.be\/#\/schema\/logo\/image\/","url":"https:\/\/orthodoxia.be\/wp-content\/uploads\/2024\/02\/cropped-IMB-logo-512-cl-1.png","contentUrl":"https:\/\/orthodoxia.be\/wp-content\/uploads\/2024\/02\/cropped-IMB-logo-512-cl-1.png","width":512,"height":512,"caption":"Orthodox Archdiocese of Belgium (Benelux)"},"image":{"@id":"https:\/\/orthodoxia.be\/#\/schema\/logo\/image\/"},"sameAs":["https:\/\/www.facebook.com\/orthobel","https:\/\/x.com\/orthobel","https:\/\/www.youtube.com\/c\/orthobel","https:\/\/www.mixcloud.com\/orthobel\/","https:\/\/www.flickr.com\/photos\/148264890@N07\/albums","https:\/\/www.dailymotion.com\/Orthobel"]}]}},"_links":{"self":[{"href":"https:\/\/orthodoxia.be\/fr\/wp-json\/wp\/v2\/pages\/8106","targetHints":{"allow":["GET"]}}],"collection":[{"href":"https:\/\/orthodoxia.be\/fr\/wp-json\/wp\/v2\/pages"}],"about":[{"href":"https:\/\/orthodoxia.be\/fr\/wp-json\/wp\/v2\/types\/page"}],"author":[{"embeddable":true,"href":"https:\/\/orthodoxia.be\/fr\/wp-json\/wp\/v2\/users\/2"}],"replies":[{"embeddable":true,"href":"https:\/\/orthodoxia.be\/fr\/wp-json\/wp\/v2\/comments?post=8106"}],"version-history":[{"count":42,"href":"https:\/\/orthodoxia.be\/fr\/wp-json\/wp\/v2\/pages\/8106\/revisions"}],"predecessor-version":[{"id":52886,"href":"https:\/\/orthodoxia.be\/fr\/wp-json\/wp\/v2\/pages\/8106\/revisions\/52886"}],"up":[{"embeddable":true,"href":"https:\/\/orthodoxia.be\/fr\/wp-json\/wp\/v2\/pages\/5643"}],"wp:featuredmedia":[{"embeddable":true,"href":"https:\/\/orthodoxia.be\/fr\/wp-json\/wp\/v2\/media\/47702"}],"wp:attachment":[{"href":"https:\/\/orthodoxia.be\/fr\/wp-json\/wp\/v2\/media?parent=8106"}],"curies":[{"name":"wp","href":"https:\/\/api.w.org\/{rel}","templated":true}]}}