{"id":8110,"date":"2018-01-23T14:55:09","date_gmt":"2018-01-23T13:55:09","guid":{"rendered":"http:\/\/new.orthodoxia.be\/?page_id=8110"},"modified":"2026-02-21T11:08:56","modified_gmt":"2026-02-21T10:08:56","slug":"hierarchie-du-trone","status":"publish","type":"page","link":"https:\/\/orthodoxia.be\/fr\/le-patriarcat-oecumenique\/hierarchie-du-trone\/","title":{"rendered":"Hi\u00e9rarchie du Tr\u00f4ne"},"content":{"rendered":"<h1 style=\"text-align: center;\"><strong>Hi\u00e9rarchie du Tr\u00f4ne<\/strong><\/h1>\n<h2 style=\"text-align: left;\"><strong>I &#8211; METROPOLITES \u2013 ARCHEV\u00caQUES DU TR\u00d4NE<\/strong><\/h2>\n<p>Emmanuel de Chalc\u00e9doine &#8211; 11.11.1996<br \/>\nApostolos de Derka &#8211; 26.11.1995<br \/>\nDimitrios des Iles des Princes &#8211; 04.11.1990<br \/>\nPanteleimon de Vryoula &#8211; 01.01.1971<br \/>\nAugustin d\u2019Allemagne &#8211; 26.03.1972<br \/>\nSotirios du Canada &#8211; 27.01.1974<br \/>\nIezechiel de Derbi &#8211; 20.03.1977<br \/>\nM\u00e9thode de Boston &#8211; 18.07.1982<br \/>\nAmbroise de Karpathos et Kassos &#8211; 16.06.1983<br \/>\nApostolos de Mil\u00e8te &#8211; 03.11.1985<br \/>\nMacaire d\u2019Anea &#8211; 03.11.1985<br \/>\nEsa\u00efe de Lystra &#8211; 25.05.1986<br \/>\nJoseph de Prikonissos &#8211; 03.12.1989<br \/>\nIr\u00e9n\u00e9e de Moschonisia &#8211; 14.02.1990<br \/>\nM\u00e9liton de Philadelphie &#8211; 28.10.1990<br \/>\nS\u00e9raphin de S\u00e9baste &#8211; 31.03.1991<br \/>\nIrin\u00e9e de Myriophyte et Peristase &#8211; 21.11.1995<br \/>\nChrysostome de Myre &#8211; 25.11.1995<br \/>\nNikitas de Thyateira et Grande Bretagne &#8211; 14.12.1996<br \/>\nAthanasios de Kolonia &#8211; 12.04.1997<br \/>\nNicolas de D\u00e9troit &#8211; 03.04.1999<br \/>\nTheodoritos de Laodic\u00e9e &#8211; 18.03.2000<br \/>\nTheoliptos d\u2019Iconie &#8211; 10.09.2000<br \/>\nMacaire de Gortyne et Arcadie &#8211; 08.10.2000<br \/>\nNicandre d\u2019Irinoupolis &#8211; 25.02.2001<br \/>\nTarasios de Rodopolis &#8211; 03.06.2001<br \/>\nAndr\u00e9 d\u2019Arkalochorio, Kastellion et Vianos &#8211; 03.11.2001<br \/>\nSavas de Pittsburgh &#8211; 02.02.2002<br \/>\nGerasimos de San Francisco &#8211; 09.02.2002<br \/>\nEvangelos de Sardes &#8211; 10.05.2003<br \/>\nAth\u00e9nagoras de Belgique &#8211; 22.06.2003<br \/>\nCyrille de Rhodes &#8211; 25.04.2004<br \/>\nHilarion du Winnipeg &#8211; 29.01.2005<br \/>\nPa\u00efsios de Leros, Kalymnos et Astypalaia &#8211; 21.05.2005<br \/>\nEug\u00e8ne de Cr\u00e8te &#8211; 28.05.2005<br \/>\nAmphilochios de Ganos et Chora &#8211; 09.07.2005<br \/>\nAmphilochios de Kissamos et de Selinos &#8211; 08.10.2005<br \/>\nAmbroise de Cor\u00e9e &#8211; 05.02.2006<br \/>\nPolycarpe d\u2019Italie &#8211; 06.05.2007<br \/>\nNectaire de Hong-Kong &#8211; 20.01.2008<br \/>\nCyrille de Krini &#8211; 24.02.2008<br \/>\nNathana\u00ebl de Kos et Nissyros &#8211; 08.03.2009<br \/>\nSt\u00e9phane de Kallioupolis et Madytos &#8211; 13.03.2011<br \/>\nElpidophoros d\u2019Am\u00e9rique &#8211; 20.03.2011<br \/>\nConstantin de Singapour &#8211; 21.11.2011<br \/>\nArs\u00e8ne d\u2019Autriche &#8211; 30.11.2011<br \/>\n<span class=\"s1\">S\u00e9bastien\u00a0<\/span>d\u2019Atlanta &#8211; 17.12.2011<br \/>\nJoseph de Buenos Aires &#8211; 19.08.2012<br \/>\nAth\u00e9nagoras de Kydonies &#8211; 18.11.2012<br \/>\nJob de Pisidie &#8211; 30.11.2013<br \/>\nCl\u00e9opas de Su\u00e8de et de toute la Scandinavie &#8211; 21.05.2014<br \/>\nMaxime de Silyvrie &#8211; 27.07.2014<br \/>\nAmphilochios d\u2019Adrianoupolis &#8211; 18.10.2014<br \/>\nApostolos de New Jersey &#8211; 20.12.2014<br \/>\nMacaire d\u2019Australie &#8211; 16.05.2015<br \/>\nGerasimos de Petra et Ch\u00e8ronissos &#8211; 19.12.2015<br \/>\nBartholom\u00e9e de Smyrne &#8211; 11.09.2016<br \/>\nCyrille d\u2019Imvros et Tenedos &#8211; 25.09.2016<br \/>\nCyrille d\u2019Hierapytna et Sitia &#8211; 17.10.2016<br \/>\nChrysostome de Symi &#8211; 11.02.2018<br \/>\nNathana\u00ebl de Chicago &#8211; 17.03.2018<br \/>\nMyron de Nouvelle Z\u00e9lande &#8211; 11.07.2018<br \/>\nMaxime de Suisse &#8211; 22.07.2018<br \/>\nProdromos de Rethymnon et Avlopotamos &#8211; 26.10.2019<br \/>\nIakovos d&#8217;Irlande &#8211; 27.07.2020<br \/>\nVissarion d&#8217;Espagne et du Portugal &#8211; 25.01.2021<br \/>\nAndreas de Saranta Ekklisies &#8211; 21.03.2021<br \/>\nIoakim de Prousse &#8211; 25.03.2021<br \/>\nDimitrios de France &#8211; 25.07.2021<br \/>\nConstantin de Denver &#8211; 15.10.2022<br \/>\nTheodoros de Seleucie &#8211; 25.12.2023<br \/>\nIakovos de Mexique &#8211; 02.02.2024<br \/>\n<span style=\"font-weight: 400;\">Grigorios de Ankara &#8211; 14.12.2025<br \/>\nTitos de Kydonia et Apokoronos &#8211; 08.02.2026<br \/>\nIoakim van Lampi, Syvritos et Sfakia &#8211; 15.02.2026\u00a0<\/span><\/p>\n<h2><strong>II &#8211; METROPOLITES DANS LES NOUVEAUX TERRITOIRES<\/strong><\/h2>\n<p><em>L\u2019administration de ces Eparchies du Tr\u00f4ne \u0152cum\u00e9nique fut confi\u00e9e coll\u00e9gialement \u00e0 la Sainte \u00c9glise de Gr\u00e8ce par l\u2019acte Patriarcal et Synodal du 4 septembre 1928.<\/em><\/p>\n<p>Chrysostome de Mithymna &#8211; 06.05.1984<br \/>\nJacques de Mytil\u00e8ne &#8211; 20.11.1988<br \/>\nDimitrios de Goumenissa, Axioupolis et Polykastron &#8211; 15.10.1989<br \/>\nPanteleimon de Veria, Naoussa et Kampania &#8211; 29.05.1994<br \/>\nDamasc\u00e8ne de Didymotichos, Orestias et Soufli &#8211; 27.01.1995<br \/>\nPanteleimon de Xanthi &#8211; 29.01.1995<br \/>\nEus\u00e8be de Samos et d\u2019Icarie &#8211; 22.07.1995<br \/>\nNicod\u00e8me de Cassandria &#8211; 13.01.2001<br \/>\nTheologos de Serres et de Nigrita &#8211; 14.10.2001<br \/>\nMacaire de Sidirokastron &#8211; 16.12.2001<br \/>\nJo\u00ebl d\u2019Edesse et de Pella &#8211; 15.10.2002<br \/>\nHi\u00e9rotheos de Zichni et Nevrokopion &#8211; 17.05.2003<br \/>\nChrysostome d\u2019Eleftheroupolis &#8211; 28.04.2004<br \/>\nPaul de Servia et de Kozani &#8211; 29.04.2004<br \/>\nAnthimos d\u2019Alexandroupolis &#8211; 09.10.2004<br \/>\nBarnab\u00e9e de Neapolis et Stavroupolis &#8211; 10.10.2004<br \/>\nMarc de Chios &#8211; 08.10.2011<br \/>\nChrysostome de Nikopolis et Preveza &#8211; 06.10.2012<br \/>\nTheoklitos d\u2019Ierisos, du Mont Athos et d\u2019Ardamerion &#8211; 07.10.2012<br \/>\nPanteleimon de Maronia et Komotini &#8211; 24.02.2013<br \/>\nGeorges de Kitros &#8211; 01.03.2014<br \/>\nMaxime d\u2019Ioannina &#8211; 28.06.2014<br \/>\nChariton d\u2019Elasson &#8211; 29.06.2014<br \/>\nDavid de Grevena &#8211; 12.10.2014<br \/>\nJustin de Nea Krini et Kalamaria &#8211; 26.05.2015<br \/>\nSt\u00e9phane de Philippes, Neapolis et Thassos &#8211; 08.10.2017<br \/>\nAthanase de Sissanion et Siatista &#8211; 23.03.2019<br \/>\nPhilotheos de Thessalonique &#8211; 11.10.2019<br \/>\nHi\u00e9rotheos de Limnos et de Saint Efstratios &#8211; 14.10.2019<br \/>\nPlaton de Langada, Liti et Rentina &#8211; 09.10.2021<br \/>\nKallinikos de Kastoria &#8211; 10.10.2021<br \/>\nBartholom\u00e9e de Polyani et Kilkis &#8211; 16.10.2021<br \/>\nDoroth\u00e9e de Drama &#8211;\u00a016.10.2022<br \/>\nS\u00e9rapion de Paramythia, Filiates et Giromerion &#8211; 21.10.2023<br \/>\nIr\u00e9n\u00e9e de Florina, des lacs de Prespa et d\u2019Eordaia &#8211; 22.10.2023<br \/>\nAlexios de Dry\u00efnoupolis, Pogoniani et Konitsa &#8211; 04.11.2025<\/p>\n<h2><strong>III. METROPOLITES \u2013 ARCHEVEQUES TITULAIRES DU TR\u00d4NE<\/strong><\/h2>\n<p>Antoine d\u2019Hierapolis &#8211; 06.10.1985<br \/>\nGr\u00e9goire de Nysse &#8211; 27.11.2012<br \/>\nJ\u00e9r\u00e9mie d\u2019Aspendos &#8211; 19.09.1993<br \/>\nDaniel de Pamphilos &#8211; 10.05.2008<\/p>\n<h2><strong>IV. EVEQUES DIOCESAINS DU TR\u00d4NE<\/strong><\/h2>\n<p>Evmenios de Lefka &#8211; 15.01.1994<br \/>\nBartholom\u00e9e d\u2019Arianze &#8211; 10.06.2004<\/p>\n<h2><strong>V. EVEQUES AUXILIAIRES DU TR\u00d4NE<\/strong><\/h2>\n<p>Evmenios de Lefka &#8211; 15.01.1994<br \/>\nBartholom\u00e9e d\u2019Arianze &#8211; 10.06.2004<br \/>\nHilarion d\u2019Edmonton &#8211; 29.01.2005<br \/>\nAndr\u00e9 de Toronto &#8211; 14.12.2005<br \/>\nJacques de Militoupolis &#8211; 20.02.2011<br \/>\nSebastien de Zila &#8211; 17.12.2011<br \/>\nNic\u00e9phore d\u2019Amorion &#8211; 02.02.2014<br \/>\nIr\u00e9n\u00e9e de Rhegion &#8211; 08.02.2015<br \/>\nAdrianos d\u2019Alikarnassos &#8211; 26.07.2015<br \/>\nSt\u00e9phane de Stratonikia &#8211; 27.12.2016<br \/>\nHi\u00e9rotheos d\u2019Evkarpia &#8211; 05.03.2017<br \/>\nCyrille d\u2019Olympe &#8211; 30.09.2017<br \/>\nCassien d\u2019Aravissos &#8211; 21.01.2018<br \/>\nPa\u00efssios d\u2019Apam\u00e9e &#8211; 20.10.2018<br \/>\nMaxime de M\u00e9lit\u00e8ne &#8211; 10.11.2018<br \/>\nAmbroise d\u2019Evdokia &#8211; 21.07.2019<br \/>\nProdrome de Knossos &#8211; 26.10.2019<br \/>\nBenjamin de Tralles &#8211; 03.11.2019<br \/>\nIr\u00e9n\u00e9e d\u2019Evmenia &#8211; 08.12.2019<br \/>\nDamasc\u00e8ne de Dorylaion &#8211; 15.12.2019<br \/>\nJoachim d\u2019Amissos &#8211; 22.12.2019<br \/>\nEmilianos de Melo\u00ef &#8211; 25.12.2019<br \/>\nElpidios de Kyanea &#8211; 18.01.2020<br \/>\nSilouane de Sinope &#8211; 19.01.2020<br \/>\nJoachim d\u2019Apollonia &#8211; 26.01.2020<br \/>\nEmmanuel de Christoupolis &#8211; 11.07.2020<br \/>\nSmaragdos de Daphnousia &#8211; 19.07.2020<br \/>\nAth\u00e9nagoras de Patara &#8211; 26.07.2020<br \/>\nAth\u00e9nagoras de Myrini &#8211; 25.10.2020<br \/>\nMichel de Comane &#8211; 08.11.2020<br \/>\nTimoth\u00e9e d\u2019Assos &#8211; 08.11.2020<br \/>\nSpyridon d\u2019Amastris &#8211; 14.11.2020<br \/>\nH\u00e9sychios de Markiani &#8211; 06.12.2020<br \/>\nJean de Phoc\u00e9e &#8211; 19.12.2020<br \/>\nRaphael d&#8217;Ilion &#8211; 09.03.2021<br \/>\nIakovos de Claudiopolis &#8211; 21.03.2021<br \/>\nAth\u00e9nagoras de Nazianze &#8211;\u00a005.06.2021<br \/>\nAmbrosios d&#8217;Argyropolis &#8211; 03.07.2021<br \/>\nKyriakos de Sozopolis &#8211; 13.11.2021<br \/>\nChristodoulos de Magnesie &#8211; 14.11.2021<br \/>\nEvmenios de Kerasounta &#8211; 20.11.2021<br \/>\nBartholom\u00e9e de Chariopolis &#8211; 21.22.2021<br \/>\nGr\u00e9goire de Abydos &#8211; 20.03.2022<br \/>\nPa\u00efsios de Xanthopolis &#8211; 03.07.2022<br \/>\nGeorges de Krateia &#8211; 04.12.2022<br \/>\nDionysios de Kotyaios &#8211; 06.12.2022<br \/>\nAth\u00e9nagoras de Thermai &#8211; 08.12.2022<br \/>\nTh\u00e9ophane de Philomilion &#8211; 25.07.2023<br \/>\nNectaire de Diocl\u00e9e &#8211; 2024<br \/>\nAntoine de Synade &#8211; 2024<br \/>\n<span style=\"font-weight: 400;\">Antoine de Rodostolos &#8211; 30.11.2025<\/span><\/p>\n<h2><strong>V. HIERARQUES DU TR\u00d4NE A LA RETRAITE<\/strong><\/h2>\n<p>Dimitrios, Archev\u00eaque \u00e9m\u00e9rite d\u2019Am\u00e9rique, r\u00e9sidant \u00e0 New York &#8211; 17.09.1967<br \/>\nAthanase, M\u00e9tropolite \u00e9m\u00e9rite de Chalc\u00e9doine &#8211; 24.09.1972<br \/>\nAnthimos, M\u00e9tropolite \u00e9m\u00e9rite de Thessalonique &#8211; 14.07.1974<br \/>\nTite, M\u00e9tropolite \u00e9m\u00e9rite de Paramythia, Filiates et Giromerion &#8211; 17.07.1974<br \/>\nIr\u00e9n\u00e9e, Archev\u00eaque \u00e9m\u00e9rite de Cr\u00e8te, r\u00e9sidant \u00e0 Heraklion &#8211; 23.02.1975<br \/>\nAgathonikos, M\u00e9tropolite \u00e9m\u00e9rite de Kitros, r\u00e9sidant \u00e0 Katerini &#8211; 24.11.1985<br \/>\nSpyridon, M\u00e9tropolite \u00e9m\u00e9rite de Chaldia, r\u00e9sidant aux USA &#8211; 24.11.1985<br \/>\nAlexios, M\u00e9tropolite \u00e9m\u00e9rite d\u2019Atlanta, r\u00e9sidant aux USA &#8211; 17.05.1987<br \/>\nYuri, M\u00e9tropolite du Winnipeg, r\u00e9sidant au Canada &#8211; 22.10.1989<br \/>\nTheoklitos, M\u00e9tropolite \u00e9m\u00e9rite de Florina, des lacs de Prespa et d\u2019Eordaia &#8211; 23.01.2000<br \/>\nPaul, Ev\u00eaque de Christianoupolis, r\u00e9sidant dans la ville d\u2019Ad\u00e9la\u00efde &#8211; 11.03.1984<br \/>\nPaul, Ev\u00eaque de Tracheia, r\u00e9sidant en France &#8211; 02.06.1991<br \/>\nJean, Ev\u00eaque de Parnassos &#8211; 27.10.1991<br \/>\nAntoine, Ev\u00eaque de Phasiani &#8211; 23.02.2002<br \/>\nDimitrios, Ev\u00eaque de Mokissos &#8211; 09.12.2006<br \/>\nPancrace, Ev\u00eaque de Skopelos &#8211; 09.09.2012<br \/>\nPetros, Ev\u00eaque de Troas, r\u00e9sidant \u00e0 Patras &#8211; 08.11.2015<br \/>\nBartholom\u00e9e, Ev\u00eaque de Keramon &#8211; 25.07.2020<\/p>\n","protected":false},"excerpt":{"rendered":"<p>Hi\u00e9rarchie du Tr\u00f4ne I &#8211; METROPOLITES \u2013 ARCHEV\u00caQUES DU TR\u00d4NE Emmanuel de Chalc\u00e9doine &#8211; 11.11.1996 Apostolos de Derka &#8211; 26.11.1995 Dimitrios des Iles des Princes &#8211; 04.11.1990 Panteleimon de Vryoula &#8211; 01.01.1971 Augustin d\u2019Allemagne &#8211; 26.03.1972 Sotirios du Canada &#8211; 27.01.1974 Iezechiel de Derbi &#8211; 20.03.1977 M\u00e9thode de Boston &#8211; 18.07.1982 Ambroise de Karpathos et &hellip; <a href=\"https:\/\/orthodoxia.be\/fr\/le-patriarcat-oecumenique\/hierarchie-du-trone\/\">Continued<\/a><\/p>\n","protected":false},"author":2,"featured_media":46901,"parent":5643,"menu_order":3,"comment_status":"closed","ping_status":"closed","template":"","meta":{"_acf_changed":false,"footnotes":""},"class_list":["post-8110","page","type-page","status-publish","has-post-thumbnail","hentry"],"acf":[],"yoast_head":"<!-- This site is optimized with the Yoast SEO plugin v24.3 - https:\/\/yoast.com\/wordpress\/plugins\/seo\/ -->\n<title>Hi\u00e9rarchie du Tr\u00f4ne - Archev\u00each\u00e9 Orthodoxe de Belgique<\/title>\n<meta name=\"robots\" content=\"index, follow, max-snippet:-1, max-image-preview:large, max-video-preview:-1\" \/>\n<link rel=\"canonical\" href=\"https:\/\/orthodoxia.be\/fr\/le-patriarcat-oecumenique\/hierarchie-du-trone\/\" \/>\n<meta property=\"og:locale\" content=\"fr_FR\" \/>\n<meta property=\"og:type\" content=\"article\" \/>\n<meta property=\"og:title\" content=\"Hi\u00e9rarchie du Tr\u00f4ne - Archev\u00each\u00e9 Orthodoxe de Belgique\" \/>\n<meta property=\"og:description\" content=\"Hi\u00e9rarchie du Tr\u00f4ne I &#8211; METROPOLITES \u2013 ARCHEV\u00caQUES DU TR\u00d4NE Emmanuel de Chalc\u00e9doine &#8211; 11.11.1996 Apostolos de Derka &#8211; 26.11.1995 Dimitrios des Iles des Princes &#8211; 04.11.1990 Panteleimon de Vryoula &#8211; 01.01.1971 Augustin d\u2019Allemagne &#8211; 26.03.1972 Sotirios du Canada &#8211; 27.01.1974 Iezechiel de Derbi &#8211; 20.03.1977 M\u00e9thode de Boston &#8211; 18.07.1982 Ambroise de Karpathos et &hellip; Continued\" \/>\n<meta property=\"og:url\" content=\"https:\/\/orthodoxia.be\/fr\/le-patriarcat-oecumenique\/hierarchie-du-trone\/\" \/>\n<meta property=\"og:site_name\" content=\"Archev\u00each\u00e9 Orthodoxe de Belgique\" \/>\n<meta property=\"article:publisher\" content=\"https:\/\/www.facebook.com\/orthobel\" \/>\n<meta property=\"article:modified_time\" content=\"2026-02-21T10:08:56+00:00\" \/>\n<meta property=\"og:image\" content=\"https:\/\/orthodoxia.be\/wp-content\/uploads\/2024\/11\/457879037_819761643695914_4870846566661077781_n-696x464-1.jpeg\" \/>\n\t<meta property=\"og:image:width\" content=\"696\" \/>\n\t<meta property=\"og:image:height\" content=\"464\" \/>\n\t<meta property=\"og:image:type\" content=\"image\/jpeg\" \/>\n<meta name=\"twitter:card\" content=\"summary_large_image\" \/>\n<meta name=\"twitter:site\" content=\"@orthobel\" \/>\n<meta name=\"twitter:label1\" content=\"Dur\u00e9e de lecture est.\" \/>\n\t<meta name=\"twitter:data1\" content=\"6 minutes\" \/>\n<script type=\"application\/ld+json\" class=\"yoast-schema-graph\">{\"@context\":\"https:\/\/schema.org\",\"@graph\":[{\"@type\":\"WebPage\",\"@id\":\"https:\/\/orthodoxia.be\/fr\/le-patriarcat-oecumenique\/hierarchie-du-trone\/\",\"url\":\"https:\/\/orthodoxia.be\/fr\/le-patriarcat-oecumenique\/hierarchie-du-trone\/\",\"name\":\"Hi\u00e9rarchie du Tr\u00f4ne - Archev\u00each\u00e9 Orthodoxe de Belgique\",\"isPartOf\":{\"@id\":\"https:\/\/orthodoxia.be\/#website\"},\"primaryImageOfPage\":{\"@id\":\"https:\/\/orthodoxia.be\/fr\/le-patriarcat-oecumenique\/hierarchie-du-trone\/#primaryimage\"},\"image\":{\"@id\":\"https:\/\/orthodoxia.be\/fr\/le-patriarcat-oecumenique\/hierarchie-du-trone\/#primaryimage\"},\"thumbnailUrl\":\"https:\/\/orthodoxia.be\/wp-content\/uploads\/2024\/11\/457879037_819761643695914_4870846566661077781_n-696x464-1.jpeg\",\"datePublished\":\"2018-01-23T13:55:09+00:00\",\"dateModified\":\"2026-02-21T10:08:56+00:00\",\"breadcrumb\":{\"@id\":\"https:\/\/orthodoxia.be\/fr\/le-patriarcat-oecumenique\/hierarchie-du-trone\/#breadcrumb\"},\"inLanguage\":\"fr-BE\",\"potentialAction\":[{\"@type\":\"ReadAction\",\"target\":[\"https:\/\/orthodoxia.be\/fr\/le-patriarcat-oecumenique\/hierarchie-du-trone\/\"]}]},{\"@type\":\"ImageObject\",\"inLanguage\":\"fr-BE\",\"@id\":\"https:\/\/orthodoxia.be\/fr\/le-patriarcat-oecumenique\/hierarchie-du-trone\/#primaryimage\",\"url\":\"https:\/\/orthodoxia.be\/wp-content\/uploads\/2024\/11\/457879037_819761643695914_4870846566661077781_n-696x464-1.jpeg\",\"contentUrl\":\"https:\/\/orthodoxia.be\/wp-content\/uploads\/2024\/11\/457879037_819761643695914_4870846566661077781_n-696x464-1.jpeg\",\"width\":696,\"height\":464},{\"@type\":\"BreadcrumbList\",\"@id\":\"https:\/\/orthodoxia.be\/fr\/le-patriarcat-oecumenique\/hierarchie-du-trone\/#breadcrumb\",\"itemListElement\":[{\"@type\":\"ListItem\",\"position\":1,\"name\":\"Home\",\"item\":\"https:\/\/orthodoxia.be\/fr\/\"},{\"@type\":\"ListItem\",\"position\":2,\"name\":\"LE PATRIARCAT \u0152CUMENIQUE\",\"item\":\"https:\/\/orthodoxia.be\/fr\/le-patriarcat-oecumenique\/\"},{\"@type\":\"ListItem\",\"position\":3,\"name\":\"Hi\u00e9rarchie du Tr\u00f4ne\"}]},{\"@type\":\"WebSite\",\"@id\":\"https:\/\/orthodoxia.be\/#website\",\"url\":\"https:\/\/orthodoxia.be\/\",\"name\":\"Orthodox Archdiocese of Belgium (Benelux)\",\"description\":\"Exarque des Pays-Bas et du Luxembourg\",\"publisher\":{\"@id\":\"https:\/\/orthodoxia.be\/#organization\"},\"alternateName\":\"IMB\",\"potentialAction\":[{\"@type\":\"SearchAction\",\"target\":{\"@type\":\"EntryPoint\",\"urlTemplate\":\"https:\/\/orthodoxia.be\/?s={search_term_string}\"},\"query-input\":{\"@type\":\"PropertyValueSpecification\",\"valueRequired\":true,\"valueName\":\"search_term_string\"}}],\"inLanguage\":\"fr-BE\"},{\"@type\":\"Organization\",\"@id\":\"https:\/\/orthodoxia.be\/#organization\",\"name\":\"Orthodox Archdiocese of Belgium (Benelux)\",\"url\":\"https:\/\/orthodoxia.be\/\",\"logo\":{\"@type\":\"ImageObject\",\"inLanguage\":\"fr-BE\",\"@id\":\"https:\/\/orthodoxia.be\/#\/schema\/logo\/image\/\",\"url\":\"https:\/\/orthodoxia.be\/wp-content\/uploads\/2024\/02\/cropped-IMB-logo-512-cl-1.png\",\"contentUrl\":\"https:\/\/orthodoxia.be\/wp-content\/uploads\/2024\/02\/cropped-IMB-logo-512-cl-1.png\",\"width\":512,\"height\":512,\"caption\":\"Orthodox Archdiocese of Belgium (Benelux)\"},\"image\":{\"@id\":\"https:\/\/orthodoxia.be\/#\/schema\/logo\/image\/\"},\"sameAs\":[\"https:\/\/www.facebook.com\/orthobel\",\"https:\/\/x.com\/orthobel\",\"https:\/\/www.youtube.com\/c\/orthobel\",\"https:\/\/www.mixcloud.com\/orthobel\/\",\"https:\/\/www.flickr.com\/photos\/148264890@N07\/albums\",\"https:\/\/www.dailymotion.com\/Orthobel\"]}]}<\/script>\n<!-- \/ Yoast SEO plugin. -->","yoast_head_json":{"title":"Hi\u00e9rarchie du Tr\u00f4ne - Archev\u00each\u00e9 Orthodoxe de Belgique","robots":{"index":"index","follow":"follow","max-snippet":"max-snippet:-1","max-image-preview":"max-image-preview:large","max-video-preview":"max-video-preview:-1"},"canonical":"https:\/\/orthodoxia.be\/fr\/le-patriarcat-oecumenique\/hierarchie-du-trone\/","og_locale":"fr_FR","og_type":"article","og_title":"Hi\u00e9rarchie du Tr\u00f4ne - Archev\u00each\u00e9 Orthodoxe de Belgique","og_description":"Hi\u00e9rarchie du Tr\u00f4ne I &#8211; METROPOLITES \u2013 ARCHEV\u00caQUES DU TR\u00d4NE Emmanuel de Chalc\u00e9doine &#8211; 11.11.1996 Apostolos de Derka &#8211; 26.11.1995 Dimitrios des Iles des Princes &#8211; 04.11.1990 Panteleimon de Vryoula &#8211; 01.01.1971 Augustin d\u2019Allemagne &#8211; 26.03.1972 Sotirios du Canada &#8211; 27.01.1974 Iezechiel de Derbi &#8211; 20.03.1977 M\u00e9thode de Boston &#8211; 18.07.1982 Ambroise de Karpathos et &hellip; Continued","og_url":"https:\/\/orthodoxia.be\/fr\/le-patriarcat-oecumenique\/hierarchie-du-trone\/","og_site_name":"Archev\u00each\u00e9 Orthodoxe de Belgique","article_publisher":"https:\/\/www.facebook.com\/orthobel","article_modified_time":"2026-02-21T10:08:56+00:00","og_image":[{"width":696,"height":464,"url":"https:\/\/orthodoxia.be\/wp-content\/uploads\/2024\/11\/457879037_819761643695914_4870846566661077781_n-696x464-1.jpeg","type":"image\/jpeg"}],"twitter_card":"summary_large_image","twitter_site":"@orthobel","twitter_misc":{"Dur\u00e9e de lecture est.":"6 minutes"},"schema":{"@context":"https:\/\/schema.org","@graph":[{"@type":"WebPage","@id":"https:\/\/orthodoxia.be\/fr\/le-patriarcat-oecumenique\/hierarchie-du-trone\/","url":"https:\/\/orthodoxia.be\/fr\/le-patriarcat-oecumenique\/hierarchie-du-trone\/","name":"Hi\u00e9rarchie du Tr\u00f4ne - Archev\u00each\u00e9 Orthodoxe de Belgique","isPartOf":{"@id":"https:\/\/orthodoxia.be\/#website"},"primaryImageOfPage":{"@id":"https:\/\/orthodoxia.be\/fr\/le-patriarcat-oecumenique\/hierarchie-du-trone\/#primaryimage"},"image":{"@id":"https:\/\/orthodoxia.be\/fr\/le-patriarcat-oecumenique\/hierarchie-du-trone\/#primaryimage"},"thumbnailUrl":"https:\/\/orthodoxia.be\/wp-content\/uploads\/2024\/11\/457879037_819761643695914_4870846566661077781_n-696x464-1.jpeg","datePublished":"2018-01-23T13:55:09+00:00","dateModified":"2026-02-21T10:08:56+00:00","breadcrumb":{"@id":"https:\/\/orthodoxia.be\/fr\/le-patriarcat-oecumenique\/hierarchie-du-trone\/#breadcrumb"},"inLanguage":"fr-BE","potentialAction":[{"@type":"ReadAction","target":["https:\/\/orthodoxia.be\/fr\/le-patriarcat-oecumenique\/hierarchie-du-trone\/"]}]},{"@type":"ImageObject","inLanguage":"fr-BE","@id":"https:\/\/orthodoxia.be\/fr\/le-patriarcat-oecumenique\/hierarchie-du-trone\/#primaryimage","url":"https:\/\/orthodoxia.be\/wp-content\/uploads\/2024\/11\/457879037_819761643695914_4870846566661077781_n-696x464-1.jpeg","contentUrl":"https:\/\/orthodoxia.be\/wp-content\/uploads\/2024\/11\/457879037_819761643695914_4870846566661077781_n-696x464-1.jpeg","width":696,"height":464},{"@type":"BreadcrumbList","@id":"https:\/\/orthodoxia.be\/fr\/le-patriarcat-oecumenique\/hierarchie-du-trone\/#breadcrumb","itemListElement":[{"@type":"ListItem","position":1,"name":"Home","item":"https:\/\/orthodoxia.be\/fr\/"},{"@type":"ListItem","position":2,"name":"LE PATRIARCAT \u0152CUMENIQUE","item":"https:\/\/orthodoxia.be\/fr\/le-patriarcat-oecumenique\/"},{"@type":"ListItem","position":3,"name":"Hi\u00e9rarchie du Tr\u00f4ne"}]},{"@type":"WebSite","@id":"https:\/\/orthodoxia.be\/#website","url":"https:\/\/orthodoxia.be\/","name":"Orthodox Archdiocese of Belgium (Benelux)","description":"Exarque des Pays-Bas et du Luxembourg","publisher":{"@id":"https:\/\/orthodoxia.be\/#organization"},"alternateName":"IMB","potentialAction":[{"@type":"SearchAction","target":{"@type":"EntryPoint","urlTemplate":"https:\/\/orthodoxia.be\/?s={search_term_string}"},"query-input":{"@type":"PropertyValueSpecification","valueRequired":true,"valueName":"search_term_string"}}],"inLanguage":"fr-BE"},{"@type":"Organization","@id":"https:\/\/orthodoxia.be\/#organization","name":"Orthodox Archdiocese of Belgium (Benelux)","url":"https:\/\/orthodoxia.be\/","logo":{"@type":"ImageObject","inLanguage":"fr-BE","@id":"https:\/\/orthodoxia.be\/#\/schema\/logo\/image\/","url":"https:\/\/orthodoxia.be\/wp-content\/uploads\/2024\/02\/cropped-IMB-logo-512-cl-1.png","contentUrl":"https:\/\/orthodoxia.be\/wp-content\/uploads\/2024\/02\/cropped-IMB-logo-512-cl-1.png","width":512,"height":512,"caption":"Orthodox Archdiocese of Belgium (Benelux)"},"image":{"@id":"https:\/\/orthodoxia.be\/#\/schema\/logo\/image\/"},"sameAs":["https:\/\/www.facebook.com\/orthobel","https:\/\/x.com\/orthobel","https:\/\/www.youtube.com\/c\/orthobel","https:\/\/www.mixcloud.com\/orthobel\/","https:\/\/www.flickr.com\/photos\/148264890@N07\/albums","https:\/\/www.dailymotion.com\/Orthobel"]}]}},"_links":{"self":[{"href":"https:\/\/orthodoxia.be\/fr\/wp-json\/wp\/v2\/pages\/8110","targetHints":{"allow":["GET"]}}],"collection":[{"href":"https:\/\/orthodoxia.be\/fr\/wp-json\/wp\/v2\/pages"}],"about":[{"href":"https:\/\/orthodoxia.be\/fr\/wp-json\/wp\/v2\/types\/page"}],"author":[{"embeddable":true,"href":"https:\/\/orthodoxia.be\/fr\/wp-json\/wp\/v2\/users\/2"}],"replies":[{"embeddable":true,"href":"https:\/\/orthodoxia.be\/fr\/wp-json\/wp\/v2\/comments?post=8110"}],"version-history":[{"count":100,"href":"https:\/\/orthodoxia.be\/fr\/wp-json\/wp\/v2\/pages\/8110\/revisions"}],"predecessor-version":[{"id":52865,"href":"https:\/\/orthodoxia.be\/fr\/wp-json\/wp\/v2\/pages\/8110\/revisions\/52865"}],"up":[{"embeddable":true,"href":"https:\/\/orthodoxia.be\/fr\/wp-json\/wp\/v2\/pages\/5643"}],"wp:featuredmedia":[{"embeddable":true,"href":"https:\/\/orthodoxia.be\/fr\/wp-json\/wp\/v2\/media\/46901"}],"wp:attachment":[{"href":"https:\/\/orthodoxia.be\/fr\/wp-json\/wp\/v2\/media?parent=8110"}],"curies":[{"name":"wp","href":"https:\/\/api.w.org\/{rel}","templated":true}]}}