{"id":2093,"date":"2017-10-25T13:50:48","date_gmt":"2017-10-25T11:50:48","guid":{"rendered":"http:\/\/new.orthodoxia.be\/?page_id=2093"},"modified":"2017-10-25T13:53:44","modified_gmt":"2017-10-25T13:53:44","slug":"de-metropoliet-vertegenwoordiger-van-het-geheel-van-de-orthodoxe-kerk-in-belgie","status":"publish","type":"page","link":"https:\/\/orthodoxia.be\/nl\/erkende-kerk\/de-metropoliet-vertegenwoordiger-van-het-geheel-van-de-orthodoxe-kerk-in-belgie\/","title":{"rendered":"DE METROPOLIET,  VERTEGENWOORDIGER VAN HET GEHEEL VAN DE ORTHODOXE KERK IN BELGI\u00cb"},"content":{"rendered":"<p style=\"font-weight: 400;\"><b><u>BELGI\u00cb<\/u><\/b><\/p>\n<p style=\"font-weight: 400;\">\nSinds de wet van 17 april 1985 is de Orthodoxe Kerk door de Belgische Staat erkend als offici\u00eble eredienst (cf. Belgisch Staatsblad van zaterdag 11 mei 1985 &#8211; 155e jaargang, nr.91).<br \/>\n<b><br \/>\nOrganisatie van de Orthodoxe Eredienst<\/b><\/p>\n<p style=\"font-weight: 400;\">\nHet Koninklijk Besluit van 15 maart 1988 (cf. Belgisch Staatsblad van donderdag 31 maart 1988 &#8211; 158e jaargang, nr.63) voorziet de organisatie van de raden van de Kerkfabrieken van de orthodoxe eredienst.<\/p>\n<p style=\"font-weight: 400;\">\nZo bepaalt dit K.B. dat de betrekkingen met de burgerlijke overheid verzekerd worden door een representatief orgaan van het geheel van de Orthodoxe Kerk. Het regelt tevens de organisatie van de besturen eigen aan de orthodoxe eredienst op basis van het grondgebied van de provincie. Het maakt evenwel de oprichting mogelijk van verschillende kerkfabriekraden op het grondgebied van een zelfde provincie of van een kerkfabriekraad op het grondgebied van meer dan \u00eb\u00ebn provincie.<br \/>\n<b><br \/>\nRepresentatief orgaan voor het geheel van de Orthodoxe Kerk<\/b><\/p>\n<p style=\"font-weight: 400;\">\nHet 1ste artikel van ditzelfde K.B. van 15 maart 1988 (cf. supra) bepaalt dat het representatief orgaan voor de ganse Orthodoxe Kerk de Metropoliet-Aartsbisschop van het Oecumenisch Patriarchaat van Konstantinopel is; letterlijk:<\/p>\n<p style=\"font-weight: 400;\"><em>&#8216;De Metropoliet-Aartsbisschop van het Oecumenisch Patriarchaat van Konstantinopel of zijn plaatsvervanger wordt door Ons erkend als representatief orgaan van het geheel van de Orthodoxe Kerk&#8217;\u00a0<\/em>\u00a0\u00a0\u00a0(Hfdst. I &#8211; artikel 1).<\/p>\n<p><img loading=\"lazy\" decoding=\"async\" class=\"aligncenter size-thumbnail wp-image-786\" src=\"http:\/\/new.orthodoxia.be\/wp-content\/uploads\/2017\/10\/Athenagoras_Belgiou-150x150.jpg\" alt=\"\" width=\"150\" height=\"150\" srcset=\"https:\/\/orthodoxia.be\/wp-content\/uploads\/2017\/10\/Athenagoras_Belgiou-150x150.jpg 150w, https:\/\/orthodoxia.be\/wp-content\/uploads\/2017\/10\/Athenagoras_Belgiou-100x100.jpg 100w\" sizes=\"auto, (max-width: 150px) 100vw, 150px\" \/><\/p>\n<p style=\"font-weight: 400;\">Zijne Eminentie Metropoliet Athenagoras van Belgi\u00eb<\/p>\n<p style=\"font-weight: 400;\"><b>VERTEGENWOORDIGER<\/b><\/p>\n<p style=\"font-weight: 400;\">Zijne Eminentie Metropoliet Athenagoras van Belgi\u00eb,<br \/>\nExarch van het Oecumenisch Patriarchaat,<br \/>\nCharbolaan 71<br \/>\n1030 Brussel<\/p>\n<p>Tel.:\u00a0+32.2.736.52.78<br \/>\nFax: +32.2.735.32.64<br \/>\nE-mail:\u00a0<a href=\"mailto:info@orthodoxia.be\">info@orthodoxia.be<\/a><\/p>\n<p style=\"font-weight: 400;\"><u>Naamfeest<\/u>:\u00a024 juli<\/p>\n<p style=\"font-weight: 400;\"><u>Bisschopswijding<\/u>:\u00a022 juni 2003<\/p>\n","protected":false},"excerpt":{"rendered":"<p>BELGI\u00cb Sinds de wet van 17 april 1985 is de Orthodoxe Kerk door de Belgische Staat erkend als offici\u00eble eredienst (cf. Belgisch Staatsblad van zaterdag 11 mei 1985 &#8211; 155e jaargang, nr.91). Organisatie van de Orthodoxe Eredienst Het Koninklijk Besluit van 15 maart 1988 (cf. Belgisch Staatsblad van donderdag 31 maart 1988 &#8211; 158e jaargang, &hellip; <a href=\"https:\/\/orthodoxia.be\/nl\/erkende-kerk\/de-metropoliet-vertegenwoordiger-van-het-geheel-van-de-orthodoxe-kerk-in-belgie\/\">Continued<\/a><\/p>\n","protected":false},"author":12,"featured_media":4939,"parent":6834,"menu_order":3,"comment_status":"closed","ping_status":"closed","template":"","meta":{"_acf_changed":false,"footnotes":""},"class_list":["post-2093","page","type-page","status-publish","has-post-thumbnail","hentry"],"acf":[],"yoast_head":"<!-- This site is optimized with the Yoast SEO plugin v24.3 - https:\/\/yoast.com\/wordpress\/plugins\/seo\/ -->\n<title>DE METROPOLIET, VERTEGENWOORDIGER VAN HET GEHEEL VAN DE ORTHODOXE KERK IN BELGI\u00cb - Orthodox Aartsbisdom van Belgi\u00eb<\/title>\n<meta name=\"robots\" content=\"index, follow, max-snippet:-1, max-image-preview:large, max-video-preview:-1\" \/>\n<link rel=\"canonical\" href=\"https:\/\/orthodoxia.be\/\u1f00\u03bd\u03b1\u03b3\u03bd\u03c9\u03c1\u03b9\u03c3\u03bc\u03ad\u03bd\u03b7-\u1f10\u03ba\u03ba\u03bb\u03b7\u03c3\u03af\u03b1\/\u03bf-\u03bc\u03b7\u03c4\u03c1\u03bf\u03c0\u03bf\u03bb\u03af\u03c4\u03b7\u03c2-\u03b5\u03ba\u03c0\u03c1\u03cc\u03c3\u03c9\u03c0\u03bf\u03c2-\u03bf\u03bb\u03cc\u03ba\u03bb\u03b7\u03c1\u03b7\u03c2\/\" \/>\n<meta property=\"og:locale\" content=\"nl_BE\" \/>\n<meta property=\"og:type\" content=\"article\" \/>\n<meta property=\"og:title\" content=\"DE METROPOLIET, VERTEGENWOORDIGER VAN HET GEHEEL VAN DE ORTHODOXE KERK IN BELGI\u00cb - Orthodox Aartsbisdom van Belgi\u00eb\" \/>\n<meta property=\"og:description\" content=\"BELGI\u00cb Sinds de wet van 17 april 1985 is de Orthodoxe Kerk door de Belgische Staat erkend als offici\u00eble eredienst (cf. Belgisch Staatsblad van zaterdag 11 mei 1985 &#8211; 155e jaargang, nr.91). Organisatie van de Orthodoxe Eredienst Het Koninklijk Besluit van 15 maart 1988 (cf. Belgisch Staatsblad van donderdag 31 maart 1988 &#8211; 158e jaargang, &hellip; Continued\" \/>\n<meta property=\"og:url\" content=\"https:\/\/orthodoxia.be\/\u1f00\u03bd\u03b1\u03b3\u03bd\u03c9\u03c1\u03b9\u03c3\u03bc\u03ad\u03bd\u03b7-\u1f10\u03ba\u03ba\u03bb\u03b7\u03c3\u03af\u03b1\/\u03bf-\u03bc\u03b7\u03c4\u03c1\u03bf\u03c0\u03bf\u03bb\u03af\u03c4\u03b7\u03c2-\u03b5\u03ba\u03c0\u03c1\u03cc\u03c3\u03c9\u03c0\u03bf\u03c2-\u03bf\u03bb\u03cc\u03ba\u03bb\u03b7\u03c1\u03b7\u03c2\/\" \/>\n<meta property=\"og:site_name\" content=\"Orthodox Aartsbisdom van Belgi\u00eb\" \/>\n<meta property=\"article:publisher\" content=\"https:\/\/www.facebook.com\/orthobel\" \/>\n<meta property=\"article:modified_time\" content=\"2017-10-25T13:53:44+00:00\" \/>\n<meta property=\"og:image\" content=\"https:\/\/orthodoxia.be\/wp-content\/uploads\/2017\/10\/athenagoras-belgiou-e1537777979232.jpg\" \/>\n\t<meta property=\"og:image:width\" content=\"500\" \/>\n\t<meta property=\"og:image:height\" content=\"755\" \/>\n\t<meta property=\"og:image:type\" content=\"image\/jpeg\" \/>\n<meta name=\"twitter:card\" content=\"summary_large_image\" \/>\n<meta name=\"twitter:site\" content=\"@orthobel\" \/>\n<meta name=\"twitter:label1\" content=\"Geschatte leestijd\" \/>\n\t<meta name=\"twitter:data1\" content=\"1 minuut\" \/>\n<script type=\"application\/ld+json\" class=\"yoast-schema-graph\">{\"@context\":\"https:\/\/schema.org\",\"@graph\":[{\"@type\":\"WebPage\",\"@id\":\"https:\/\/orthodoxia.be\/%e1%bc%80%ce%bd%ce%b1%ce%b3%ce%bd%cf%89%cf%81%ce%b9%cf%83%ce%bc%ce%ad%ce%bd%ce%b7-%e1%bc%90%ce%ba%ce%ba%ce%bb%ce%b7%cf%83%ce%af%ce%b1\/%ce%bf-%ce%bc%ce%b7%cf%84%cf%81%ce%bf%cf%80%ce%bf%ce%bb%ce%af%cf%84%ce%b7%cf%82-%ce%b5%ce%ba%cf%80%cf%81%cf%8c%cf%83%cf%89%cf%80%ce%bf%cf%82-%ce%bf%ce%bb%cf%8c%ce%ba%ce%bb%ce%b7%cf%81%ce%b7%cf%82\/\",\"url\":\"https:\/\/orthodoxia.be\/%e1%bc%80%ce%bd%ce%b1%ce%b3%ce%bd%cf%89%cf%81%ce%b9%cf%83%ce%bc%ce%ad%ce%bd%ce%b7-%e1%bc%90%ce%ba%ce%ba%ce%bb%ce%b7%cf%83%ce%af%ce%b1\/%ce%bf-%ce%bc%ce%b7%cf%84%cf%81%ce%bf%cf%80%ce%bf%ce%bb%ce%af%cf%84%ce%b7%cf%82-%ce%b5%ce%ba%cf%80%cf%81%cf%8c%cf%83%cf%89%cf%80%ce%bf%cf%82-%ce%bf%ce%bb%cf%8c%ce%ba%ce%bb%ce%b7%cf%81%ce%b7%cf%82\/\",\"name\":\"DE METROPOLIET, VERTEGENWOORDIGER VAN HET GEHEEL VAN DE ORTHODOXE KERK IN BELGI\u00cb - Orthodox Aartsbisdom van Belgi\u00eb\",\"isPartOf\":{\"@id\":\"https:\/\/orthodoxia.be\/#website\"},\"primaryImageOfPage\":{\"@id\":\"https:\/\/orthodoxia.be\/%e1%bc%80%ce%bd%ce%b1%ce%b3%ce%bd%cf%89%cf%81%ce%b9%cf%83%ce%bc%ce%ad%ce%bd%ce%b7-%e1%bc%90%ce%ba%ce%ba%ce%bb%ce%b7%cf%83%ce%af%ce%b1\/%ce%bf-%ce%bc%ce%b7%cf%84%cf%81%ce%bf%cf%80%ce%bf%ce%bb%ce%af%cf%84%ce%b7%cf%82-%ce%b5%ce%ba%cf%80%cf%81%cf%8c%cf%83%cf%89%cf%80%ce%bf%cf%82-%ce%bf%ce%bb%cf%8c%ce%ba%ce%bb%ce%b7%cf%81%ce%b7%cf%82\/#primaryimage\"},\"image\":{\"@id\":\"https:\/\/orthodoxia.be\/%e1%bc%80%ce%bd%ce%b1%ce%b3%ce%bd%cf%89%cf%81%ce%b9%cf%83%ce%bc%ce%ad%ce%bd%ce%b7-%e1%bc%90%ce%ba%ce%ba%ce%bb%ce%b7%cf%83%ce%af%ce%b1\/%ce%bf-%ce%bc%ce%b7%cf%84%cf%81%ce%bf%cf%80%ce%bf%ce%bb%ce%af%cf%84%ce%b7%cf%82-%ce%b5%ce%ba%cf%80%cf%81%cf%8c%cf%83%cf%89%cf%80%ce%bf%cf%82-%ce%bf%ce%bb%cf%8c%ce%ba%ce%bb%ce%b7%cf%81%ce%b7%cf%82\/#primaryimage\"},\"thumbnailUrl\":\"https:\/\/orthodoxia.be\/wp-content\/uploads\/2017\/10\/athenagoras-belgiou-e1537777979232.jpg\",\"datePublished\":\"2017-10-25T11:50:48+00:00\",\"dateModified\":\"2017-10-25T13:53:44+00:00\",\"breadcrumb\":{\"@id\":\"https:\/\/orthodoxia.be\/%e1%bc%80%ce%bd%ce%b1%ce%b3%ce%bd%cf%89%cf%81%ce%b9%cf%83%ce%bc%ce%ad%ce%bd%ce%b7-%e1%bc%90%ce%ba%ce%ba%ce%bb%ce%b7%cf%83%ce%af%ce%b1\/%ce%bf-%ce%bc%ce%b7%cf%84%cf%81%ce%bf%cf%80%ce%bf%ce%bb%ce%af%cf%84%ce%b7%cf%82-%ce%b5%ce%ba%cf%80%cf%81%cf%8c%cf%83%cf%89%cf%80%ce%bf%cf%82-%ce%bf%ce%bb%cf%8c%ce%ba%ce%bb%ce%b7%cf%81%ce%b7%cf%82\/#breadcrumb\"},\"inLanguage\":\"nl-BE\",\"potentialAction\":[{\"@type\":\"ReadAction\",\"target\":[\"https:\/\/orthodoxia.be\/%e1%bc%80%ce%bd%ce%b1%ce%b3%ce%bd%cf%89%cf%81%ce%b9%cf%83%ce%bc%ce%ad%ce%bd%ce%b7-%e1%bc%90%ce%ba%ce%ba%ce%bb%ce%b7%cf%83%ce%af%ce%b1\/%ce%bf-%ce%bc%ce%b7%cf%84%cf%81%ce%bf%cf%80%ce%bf%ce%bb%ce%af%cf%84%ce%b7%cf%82-%ce%b5%ce%ba%cf%80%cf%81%cf%8c%cf%83%cf%89%cf%80%ce%bf%cf%82-%ce%bf%ce%bb%cf%8c%ce%ba%ce%bb%ce%b7%cf%81%ce%b7%cf%82\/\"]}]},{\"@type\":\"ImageObject\",\"inLanguage\":\"nl-BE\",\"@id\":\"https:\/\/orthodoxia.be\/%e1%bc%80%ce%bd%ce%b1%ce%b3%ce%bd%cf%89%cf%81%ce%b9%cf%83%ce%bc%ce%ad%ce%bd%ce%b7-%e1%bc%90%ce%ba%ce%ba%ce%bb%ce%b7%cf%83%ce%af%ce%b1\/%ce%bf-%ce%bc%ce%b7%cf%84%cf%81%ce%bf%cf%80%ce%bf%ce%bb%ce%af%cf%84%ce%b7%cf%82-%ce%b5%ce%ba%cf%80%cf%81%cf%8c%cf%83%cf%89%cf%80%ce%bf%cf%82-%ce%bf%ce%bb%cf%8c%ce%ba%ce%bb%ce%b7%cf%81%ce%b7%cf%82\/#primaryimage\",\"url\":\"https:\/\/orthodoxia.be\/wp-content\/uploads\/2017\/10\/athenagoras-belgiou-e1537777979232.jpg\",\"contentUrl\":\"https:\/\/orthodoxia.be\/wp-content\/uploads\/2017\/10\/athenagoras-belgiou-e1537777979232.jpg\",\"width\":500,\"height\":755},{\"@type\":\"BreadcrumbList\",\"@id\":\"https:\/\/orthodoxia.be\/%e1%bc%80%ce%bd%ce%b1%ce%b3%ce%bd%cf%89%cf%81%ce%b9%cf%83%ce%bc%ce%ad%ce%bd%ce%b7-%e1%bc%90%ce%ba%ce%ba%ce%bb%ce%b7%cf%83%ce%af%ce%b1\/%ce%bf-%ce%bc%ce%b7%cf%84%cf%81%ce%bf%cf%80%ce%bf%ce%bb%ce%af%cf%84%ce%b7%cf%82-%ce%b5%ce%ba%cf%80%cf%81%cf%8c%cf%83%cf%89%cf%80%ce%bf%cf%82-%ce%bf%ce%bb%cf%8c%ce%ba%ce%bb%ce%b7%cf%81%ce%b7%cf%82\/#breadcrumb\",\"itemListElement\":[{\"@type\":\"ListItem\",\"position\":1,\"name\":\"Home\",\"item\":\"https:\/\/orthodoxia.be\/nl\/\"},{\"@type\":\"ListItem\",\"position\":2,\"name\":\"Erkende Kerk\",\"item\":\"https:\/\/orthodoxia.be\/nl\/erkende-kerk\/\"},{\"@type\":\"ListItem\",\"position\":3,\"name\":\"DE METROPOLIET, VERTEGENWOORDIGER VAN HET GEHEEL VAN DE ORTHODOXE KERK IN BELGI\u00cb\"}]},{\"@type\":\"WebSite\",\"@id\":\"https:\/\/orthodoxia.be\/#website\",\"url\":\"https:\/\/orthodoxia.be\/\",\"name\":\"Orthodox Archdiocese of Belgium (Benelux)\",\"description\":\"Exarch of the Nederland en Luxemburg\",\"publisher\":{\"@id\":\"https:\/\/orthodoxia.be\/#organization\"},\"alternateName\":\"IMB\",\"potentialAction\":[{\"@type\":\"SearchAction\",\"target\":{\"@type\":\"EntryPoint\",\"urlTemplate\":\"https:\/\/orthodoxia.be\/?s={search_term_string}\"},\"query-input\":{\"@type\":\"PropertyValueSpecification\",\"valueRequired\":true,\"valueName\":\"search_term_string\"}}],\"inLanguage\":\"nl-BE\"},{\"@type\":\"Organization\",\"@id\":\"https:\/\/orthodoxia.be\/#organization\",\"name\":\"Orthodox Archdiocese of Belgium (Benelux)\",\"url\":\"https:\/\/orthodoxia.be\/\",\"logo\":{\"@type\":\"ImageObject\",\"inLanguage\":\"nl-BE\",\"@id\":\"https:\/\/orthodoxia.be\/#\/schema\/logo\/image\/\",\"url\":\"https:\/\/orthodoxia.be\/wp-content\/uploads\/2024\/02\/cropped-IMB-logo-512-cl-1.png\",\"contentUrl\":\"https:\/\/orthodoxia.be\/wp-content\/uploads\/2024\/02\/cropped-IMB-logo-512-cl-1.png\",\"width\":512,\"height\":512,\"caption\":\"Orthodox Archdiocese of Belgium (Benelux)\"},\"image\":{\"@id\":\"https:\/\/orthodoxia.be\/#\/schema\/logo\/image\/\"},\"sameAs\":[\"https:\/\/www.facebook.com\/orthobel\",\"https:\/\/x.com\/orthobel\",\"https:\/\/www.youtube.com\/c\/orthobel\",\"https:\/\/www.mixcloud.com\/orthobel\/\",\"https:\/\/www.flickr.com\/photos\/148264890@N07\/albums\",\"https:\/\/www.dailymotion.com\/Orthobel\"]}]}<\/script>\n<!-- \/ Yoast SEO plugin. -->","yoast_head_json":{"title":"DE METROPOLIET, VERTEGENWOORDIGER VAN HET GEHEEL VAN DE ORTHODOXE KERK IN BELGI\u00cb - Orthodox Aartsbisdom van Belgi\u00eb","robots":{"index":"index","follow":"follow","max-snippet":"max-snippet:-1","max-image-preview":"max-image-preview:large","max-video-preview":"max-video-preview:-1"},"canonical":"https:\/\/orthodoxia.be\/\u1f00\u03bd\u03b1\u03b3\u03bd\u03c9\u03c1\u03b9\u03c3\u03bc\u03ad\u03bd\u03b7-\u1f10\u03ba\u03ba\u03bb\u03b7\u03c3\u03af\u03b1\/\u03bf-\u03bc\u03b7\u03c4\u03c1\u03bf\u03c0\u03bf\u03bb\u03af\u03c4\u03b7\u03c2-\u03b5\u03ba\u03c0\u03c1\u03cc\u03c3\u03c9\u03c0\u03bf\u03c2-\u03bf\u03bb\u03cc\u03ba\u03bb\u03b7\u03c1\u03b7\u03c2\/","og_locale":"nl_BE","og_type":"article","og_title":"DE METROPOLIET, VERTEGENWOORDIGER VAN HET GEHEEL VAN DE ORTHODOXE KERK IN BELGI\u00cb - Orthodox Aartsbisdom van Belgi\u00eb","og_description":"BELGI\u00cb Sinds de wet van 17 april 1985 is de Orthodoxe Kerk door de Belgische Staat erkend als offici\u00eble eredienst (cf. Belgisch Staatsblad van zaterdag 11 mei 1985 &#8211; 155e jaargang, nr.91). Organisatie van de Orthodoxe Eredienst Het Koninklijk Besluit van 15 maart 1988 (cf. Belgisch Staatsblad van donderdag 31 maart 1988 &#8211; 158e jaargang, &hellip; Continued","og_url":"https:\/\/orthodoxia.be\/\u1f00\u03bd\u03b1\u03b3\u03bd\u03c9\u03c1\u03b9\u03c3\u03bc\u03ad\u03bd\u03b7-\u1f10\u03ba\u03ba\u03bb\u03b7\u03c3\u03af\u03b1\/\u03bf-\u03bc\u03b7\u03c4\u03c1\u03bf\u03c0\u03bf\u03bb\u03af\u03c4\u03b7\u03c2-\u03b5\u03ba\u03c0\u03c1\u03cc\u03c3\u03c9\u03c0\u03bf\u03c2-\u03bf\u03bb\u03cc\u03ba\u03bb\u03b7\u03c1\u03b7\u03c2\/","og_site_name":"Orthodox Aartsbisdom van Belgi\u00eb","article_publisher":"https:\/\/www.facebook.com\/orthobel","article_modified_time":"2017-10-25T13:53:44+00:00","og_image":[{"width":500,"height":755,"url":"https:\/\/orthodoxia.be\/wp-content\/uploads\/2017\/10\/athenagoras-belgiou-e1537777979232.jpg","type":"image\/jpeg"}],"twitter_card":"summary_large_image","twitter_site":"@orthobel","twitter_misc":{"Geschatte leestijd":"1 minuut"},"schema":{"@context":"https:\/\/schema.org","@graph":[{"@type":"WebPage","@id":"https:\/\/orthodoxia.be\/%e1%bc%80%ce%bd%ce%b1%ce%b3%ce%bd%cf%89%cf%81%ce%b9%cf%83%ce%bc%ce%ad%ce%bd%ce%b7-%e1%bc%90%ce%ba%ce%ba%ce%bb%ce%b7%cf%83%ce%af%ce%b1\/%ce%bf-%ce%bc%ce%b7%cf%84%cf%81%ce%bf%cf%80%ce%bf%ce%bb%ce%af%cf%84%ce%b7%cf%82-%ce%b5%ce%ba%cf%80%cf%81%cf%8c%cf%83%cf%89%cf%80%ce%bf%cf%82-%ce%bf%ce%bb%cf%8c%ce%ba%ce%bb%ce%b7%cf%81%ce%b7%cf%82\/","url":"https:\/\/orthodoxia.be\/%e1%bc%80%ce%bd%ce%b1%ce%b3%ce%bd%cf%89%cf%81%ce%b9%cf%83%ce%bc%ce%ad%ce%bd%ce%b7-%e1%bc%90%ce%ba%ce%ba%ce%bb%ce%b7%cf%83%ce%af%ce%b1\/%ce%bf-%ce%bc%ce%b7%cf%84%cf%81%ce%bf%cf%80%ce%bf%ce%bb%ce%af%cf%84%ce%b7%cf%82-%ce%b5%ce%ba%cf%80%cf%81%cf%8c%cf%83%cf%89%cf%80%ce%bf%cf%82-%ce%bf%ce%bb%cf%8c%ce%ba%ce%bb%ce%b7%cf%81%ce%b7%cf%82\/","name":"DE METROPOLIET, VERTEGENWOORDIGER VAN HET GEHEEL VAN DE ORTHODOXE KERK IN BELGI\u00cb - Orthodox Aartsbisdom van Belgi\u00eb","isPartOf":{"@id":"https:\/\/orthodoxia.be\/#website"},"primaryImageOfPage":{"@id":"https:\/\/orthodoxia.be\/%e1%bc%80%ce%bd%ce%b1%ce%b3%ce%bd%cf%89%cf%81%ce%b9%cf%83%ce%bc%ce%ad%ce%bd%ce%b7-%e1%bc%90%ce%ba%ce%ba%ce%bb%ce%b7%cf%83%ce%af%ce%b1\/%ce%bf-%ce%bc%ce%b7%cf%84%cf%81%ce%bf%cf%80%ce%bf%ce%bb%ce%af%cf%84%ce%b7%cf%82-%ce%b5%ce%ba%cf%80%cf%81%cf%8c%cf%83%cf%89%cf%80%ce%bf%cf%82-%ce%bf%ce%bb%cf%8c%ce%ba%ce%bb%ce%b7%cf%81%ce%b7%cf%82\/#primaryimage"},"image":{"@id":"https:\/\/orthodoxia.be\/%e1%bc%80%ce%bd%ce%b1%ce%b3%ce%bd%cf%89%cf%81%ce%b9%cf%83%ce%bc%ce%ad%ce%bd%ce%b7-%e1%bc%90%ce%ba%ce%ba%ce%bb%ce%b7%cf%83%ce%af%ce%b1\/%ce%bf-%ce%bc%ce%b7%cf%84%cf%81%ce%bf%cf%80%ce%bf%ce%bb%ce%af%cf%84%ce%b7%cf%82-%ce%b5%ce%ba%cf%80%cf%81%cf%8c%cf%83%cf%89%cf%80%ce%bf%cf%82-%ce%bf%ce%bb%cf%8c%ce%ba%ce%bb%ce%b7%cf%81%ce%b7%cf%82\/#primaryimage"},"thumbnailUrl":"https:\/\/orthodoxia.be\/wp-content\/uploads\/2017\/10\/athenagoras-belgiou-e1537777979232.jpg","datePublished":"2017-10-25T11:50:48+00:00","dateModified":"2017-10-25T13:53:44+00:00","breadcrumb":{"@id":"https:\/\/orthodoxia.be\/%e1%bc%80%ce%bd%ce%b1%ce%b3%ce%bd%cf%89%cf%81%ce%b9%cf%83%ce%bc%ce%ad%ce%bd%ce%b7-%e1%bc%90%ce%ba%ce%ba%ce%bb%ce%b7%cf%83%ce%af%ce%b1\/%ce%bf-%ce%bc%ce%b7%cf%84%cf%81%ce%bf%cf%80%ce%bf%ce%bb%ce%af%cf%84%ce%b7%cf%82-%ce%b5%ce%ba%cf%80%cf%81%cf%8c%cf%83%cf%89%cf%80%ce%bf%cf%82-%ce%bf%ce%bb%cf%8c%ce%ba%ce%bb%ce%b7%cf%81%ce%b7%cf%82\/#breadcrumb"},"inLanguage":"nl-BE","potentialAction":[{"@type":"ReadAction","target":["https:\/\/orthodoxia.be\/%e1%bc%80%ce%bd%ce%b1%ce%b3%ce%bd%cf%89%cf%81%ce%b9%cf%83%ce%bc%ce%ad%ce%bd%ce%b7-%e1%bc%90%ce%ba%ce%ba%ce%bb%ce%b7%cf%83%ce%af%ce%b1\/%ce%bf-%ce%bc%ce%b7%cf%84%cf%81%ce%bf%cf%80%ce%bf%ce%bb%ce%af%cf%84%ce%b7%cf%82-%ce%b5%ce%ba%cf%80%cf%81%cf%8c%cf%83%cf%89%cf%80%ce%bf%cf%82-%ce%bf%ce%bb%cf%8c%ce%ba%ce%bb%ce%b7%cf%81%ce%b7%cf%82\/"]}]},{"@type":"ImageObject","inLanguage":"nl-BE","@id":"https:\/\/orthodoxia.be\/%e1%bc%80%ce%bd%ce%b1%ce%b3%ce%bd%cf%89%cf%81%ce%b9%cf%83%ce%bc%ce%ad%ce%bd%ce%b7-%e1%bc%90%ce%ba%ce%ba%ce%bb%ce%b7%cf%83%ce%af%ce%b1\/%ce%bf-%ce%bc%ce%b7%cf%84%cf%81%ce%bf%cf%80%ce%bf%ce%bb%ce%af%cf%84%ce%b7%cf%82-%ce%b5%ce%ba%cf%80%cf%81%cf%8c%cf%83%cf%89%cf%80%ce%bf%cf%82-%ce%bf%ce%bb%cf%8c%ce%ba%ce%bb%ce%b7%cf%81%ce%b7%cf%82\/#primaryimage","url":"https:\/\/orthodoxia.be\/wp-content\/uploads\/2017\/10\/athenagoras-belgiou-e1537777979232.jpg","contentUrl":"https:\/\/orthodoxia.be\/wp-content\/uploads\/2017\/10\/athenagoras-belgiou-e1537777979232.jpg","width":500,"height":755},{"@type":"BreadcrumbList","@id":"https:\/\/orthodoxia.be\/%e1%bc%80%ce%bd%ce%b1%ce%b3%ce%bd%cf%89%cf%81%ce%b9%cf%83%ce%bc%ce%ad%ce%bd%ce%b7-%e1%bc%90%ce%ba%ce%ba%ce%bb%ce%b7%cf%83%ce%af%ce%b1\/%ce%bf-%ce%bc%ce%b7%cf%84%cf%81%ce%bf%cf%80%ce%bf%ce%bb%ce%af%cf%84%ce%b7%cf%82-%ce%b5%ce%ba%cf%80%cf%81%cf%8c%cf%83%cf%89%cf%80%ce%bf%cf%82-%ce%bf%ce%bb%cf%8c%ce%ba%ce%bb%ce%b7%cf%81%ce%b7%cf%82\/#breadcrumb","itemListElement":[{"@type":"ListItem","position":1,"name":"Home","item":"https:\/\/orthodoxia.be\/nl\/"},{"@type":"ListItem","position":2,"name":"Erkende Kerk","item":"https:\/\/orthodoxia.be\/nl\/erkende-kerk\/"},{"@type":"ListItem","position":3,"name":"DE METROPOLIET, VERTEGENWOORDIGER VAN HET GEHEEL VAN DE ORTHODOXE KERK IN BELGI\u00cb"}]},{"@type":"WebSite","@id":"https:\/\/orthodoxia.be\/#website","url":"https:\/\/orthodoxia.be\/","name":"Orthodox Archdiocese of Belgium (Benelux)","description":"Exarch of the Nederland en Luxemburg","publisher":{"@id":"https:\/\/orthodoxia.be\/#organization"},"alternateName":"IMB","potentialAction":[{"@type":"SearchAction","target":{"@type":"EntryPoint","urlTemplate":"https:\/\/orthodoxia.be\/?s={search_term_string}"},"query-input":{"@type":"PropertyValueSpecification","valueRequired":true,"valueName":"search_term_string"}}],"inLanguage":"nl-BE"},{"@type":"Organization","@id":"https:\/\/orthodoxia.be\/#organization","name":"Orthodox Archdiocese of Belgium (Benelux)","url":"https:\/\/orthodoxia.be\/","logo":{"@type":"ImageObject","inLanguage":"nl-BE","@id":"https:\/\/orthodoxia.be\/#\/schema\/logo\/image\/","url":"https:\/\/orthodoxia.be\/wp-content\/uploads\/2024\/02\/cropped-IMB-logo-512-cl-1.png","contentUrl":"https:\/\/orthodoxia.be\/wp-content\/uploads\/2024\/02\/cropped-IMB-logo-512-cl-1.png","width":512,"height":512,"caption":"Orthodox Archdiocese of Belgium (Benelux)"},"image":{"@id":"https:\/\/orthodoxia.be\/#\/schema\/logo\/image\/"},"sameAs":["https:\/\/www.facebook.com\/orthobel","https:\/\/x.com\/orthobel","https:\/\/www.youtube.com\/c\/orthobel","https:\/\/www.mixcloud.com\/orthobel\/","https:\/\/www.flickr.com\/photos\/148264890@N07\/albums","https:\/\/www.dailymotion.com\/Orthobel"]}]}},"_links":{"self":[{"href":"https:\/\/orthodoxia.be\/nl\/wp-json\/wp\/v2\/pages\/2093","targetHints":{"allow":["GET"]}}],"collection":[{"href":"https:\/\/orthodoxia.be\/nl\/wp-json\/wp\/v2\/pages"}],"about":[{"href":"https:\/\/orthodoxia.be\/nl\/wp-json\/wp\/v2\/types\/page"}],"author":[{"embeddable":true,"href":"https:\/\/orthodoxia.be\/nl\/wp-json\/wp\/v2\/users\/12"}],"replies":[{"embeddable":true,"href":"https:\/\/orthodoxia.be\/nl\/wp-json\/wp\/v2\/comments?post=2093"}],"version-history":[{"count":1,"href":"https:\/\/orthodoxia.be\/nl\/wp-json\/wp\/v2\/pages\/2093\/revisions"}],"predecessor-version":[{"id":2094,"href":"https:\/\/orthodoxia.be\/nl\/wp-json\/wp\/v2\/pages\/2093\/revisions\/2094"}],"up":[{"embeddable":true,"href":"https:\/\/orthodoxia.be\/nl\/wp-json\/wp\/v2\/pages\/6834"}],"wp:featuredmedia":[{"embeddable":true,"href":"https:\/\/orthodoxia.be\/nl\/wp-json\/wp\/v2\/media\/4939"}],"wp:attachment":[{"href":"https:\/\/orthodoxia.be\/nl\/wp-json\/wp\/v2\/media?parent=2093"}],"curies":[{"name":"wp","href":"https:\/\/api.w.org\/{rel}","templated":true}]}}