{"id":2104,"date":"2017-10-27T11:56:51","date_gmt":"2017-10-27T09:56:51","guid":{"rendered":"http:\/\/new.orthodoxia.be\/?page_id=2104"},"modified":"2023-05-30T13:52:55","modified_gmt":"2023-05-30T11:52:55","slug":"metropoliet-athenagoras-van-belgie","status":"publish","type":"page","link":"https:\/\/orthodoxia.be\/nl\/metropoliet-athenagoras-van-belgie\/","title":{"rendered":"Metropoliet Athenagoras van Belgi\u00eb"},"content":{"rendered":"<p><strong>Zijne Eminentie Metropoliet Athenagoras van Belgi\u00eb<\/strong>\u00a0werd geboren te Gent, als zoon van Ignace Peckstadt (ere-advocaat en aartspriester van de orthodoxe parochie van Gent) en Marie-Th\u00e9r\u00e8se Janssens. Na enkele jaren studie Rechten aan de Universiteit van Gent, studeerde hij Grieks aan de Aristoteles Universiteit van Thessaloniki en behaalde hij aan dezelfde Universiteit, met de grootste onderscheiding, een\u00a0<em>Masters in Theologie<\/em>. Nadien werd hij voor een postgraduaat naar het\u00a0<em>Oecumenisch Instituut van Bossey<\/em>\u00a0(Universiteit van Gen\u00e8ve) gestuurd. In 1989 werd hij door Metropoliet Bartholomeos van Philadelphia (nu Oecumenisch Patriarch) te Brussel tot diaken gewijd, die hem de naam\u00a0<em>Athenagoras<\/em>\u00a0toevertrouwde, ter gedachtenis van de grote Oecumenische Patriarch Athenagoras, en met de opdracht verder te werken aan de oecumenische dialoog tussen christenen. Hij diende als Aartsdiaken van het Orthodox Aartsbisdom van Belgi\u00eb tot zijn priesterwijding, in 1996. Hij werd\u00a0<em>bisschoppelijk vicaris\u00a0<\/em>van de westerstalige parochies van het Aartsbisdom (Benelux). Van 1993 tot 1998 was hij leraar orthodoxe godsdienst in diverse middelbare scholen van het Vlaamse land. Vanaf 1994 is hij de productieverantwoordelijke van de gastprogramma&#8217;s van de Orthodoxe Kerk op de openbare omroepen VRT en RTBF. In ditzelfde jaar werd hij door de Heilige Synode van het Oecumenisch Patriarchaat benoemd tot medewerker van het toen nieuw opgerichte\u00a0<em>Kantoor van de Orthodoxe Kerk bij de Europese Unie<\/em>. In 1995 richtte hij een nieuwe parochie op in Brugge, waarvan hij rector werd. In 2001 richtte hij een parochie op in Oostende en in 2008 in Hasselt. Sinds jaren is hij tevens de orthodoxe aalmoezenier van de\u00a0<em>Internationale Luchthaven van Zaventem<\/em>. Hij is lid van het\u00a0<em>Overlegorgaan van Christelijke Kerken in Belgi\u00eb<\/em>, was tot voor kort voorzitter van het\u00a0<em>Interkerkelijk Comit\u00e9 van Brussel\u00a0<\/em>en is voorzitter van het<em>\u00a0E.I.I.R<\/em>. (een vereniging van internationale oecumenische onmoetingen). Hij zit tevens tal van commissies voor binnen de Orthodoxe Kerk en is de voorzitter van de Orthodoxe Bisschoppenconferentie van de Benelux, alsmede co-voorzitter van de Dialoog met de Anglicaanse Kerk. Talrijke malen mocht hij deelnemen aan vertegenwoordigingen en zendingen van het Oecumenisch Patriarchaat en aan interorthodoxe en interchristelijke congressen. Zo mocht hij meerdere malen de huidige Oecumenische Patriarch Bartholomeos vergezellen op grote reizen. Nadat hij door de Heilige Synode van het Oecumenisch Patriarchaat van Konstantinopel eenparig tot hulpbisschop van de Metropoliet van Belgi\u00eb werd verkozen &#8211; met de hoge titel van\u00a0<em>Bisschop van Sinope<\/em>\u00a0&#8211; werd hij op 22 juni 2003 in de Brusselse Orthodoxe Kathedraal tot bisschop gewijd. Op 27 november 2013 werd hij door de Heilige Synode van het Oecumenisch Patriarchaat unaniem verkozen, nadat Metropoliet Panteleimon zijn ontslag had aangeboden. Zijn intronisatie had plaats op 21 december 2013.<\/p>\n<p><u>Adres<\/u>:<br \/>\nCharbolaan 71<br \/>\n1030 Brussel<br \/>\nBelgi\u00eb<br \/>\nTel. <a href=\"t:+3227365278\">+32.2\/736.52.78<\/a><br \/>\nE-mail:\u00a0<a href=\"mailto:info@orthodoxia.be\">info@orthodoxia.be<\/a><\/p>\n<p><u>Naamfeest<\/u>:\u00a024 juli<br \/>\n<u>Bisschopswijding<\/u>:\u00a022 juni 2003<\/p>\n","protected":false},"excerpt":{"rendered":"<p>Zijne Eminentie Metropoliet Athenagoras van Belgi\u00eb\u00a0werd geboren te Gent, als zoon van Ignace Peckstadt (ere-advocaat en aartspriester van de orthodoxe parochie van Gent) en Marie-Th\u00e9r\u00e8se Janssens. Na enkele jaren studie Rechten aan de Universiteit van Gent, studeerde hij Grieks aan de Aristoteles Universiteit van Thessaloniki en behaalde hij aan dezelfde Universiteit, met de grootste onderscheiding, &hellip; <a href=\"https:\/\/orthodoxia.be\/nl\/metropoliet-athenagoras-van-belgie\/\">Continued<\/a><\/p>\n","protected":false},"author":12,"featured_media":4939,"parent":0,"menu_order":3,"comment_status":"closed","ping_status":"closed","template":"","meta":{"_acf_changed":false,"footnotes":""},"class_list":["post-2104","page","type-page","status-publish","has-post-thumbnail","hentry"],"acf":[],"yoast_head":"<!-- This site is optimized with the Yoast SEO plugin v24.3 - https:\/\/yoast.com\/wordpress\/plugins\/seo\/ -->\n<title>Metropoliet Athenagoras van Belgi\u00eb - Orthodox Aartsbisdom van Belgi\u00eb<\/title>\n<meta name=\"robots\" content=\"index, follow, max-snippet:-1, max-image-preview:large, max-video-preview:-1\" \/>\n<link rel=\"canonical\" href=\"https:\/\/orthodoxia.be\/nl\/metropoliet-athenagoras-van-belgie\/\" \/>\n<meta property=\"og:locale\" content=\"nl_BE\" \/>\n<meta property=\"og:type\" content=\"article\" \/>\n<meta property=\"og:title\" content=\"Metropoliet Athenagoras van Belgi\u00eb - Orthodox Aartsbisdom van Belgi\u00eb\" \/>\n<meta property=\"og:description\" content=\"Zijne Eminentie Metropoliet Athenagoras van Belgi\u00eb\u00a0werd geboren te Gent, als zoon van Ignace Peckstadt (ere-advocaat en aartspriester van de orthodoxe parochie van Gent) en Marie-Th\u00e9r\u00e8se Janssens. Na enkele jaren studie Rechten aan de Universiteit van Gent, studeerde hij Grieks aan de Aristoteles Universiteit van Thessaloniki en behaalde hij aan dezelfde Universiteit, met de grootste onderscheiding, &hellip; Continued\" \/>\n<meta property=\"og:url\" content=\"https:\/\/orthodoxia.be\/nl\/metropoliet-athenagoras-van-belgie\/\" \/>\n<meta property=\"og:site_name\" content=\"Orthodox Aartsbisdom van Belgi\u00eb\" \/>\n<meta property=\"article:publisher\" content=\"https:\/\/www.facebook.com\/orthobel\" \/>\n<meta property=\"article:modified_time\" content=\"2023-05-30T11:52:55+00:00\" \/>\n<meta property=\"og:image\" content=\"https:\/\/orthodoxia.be\/wp-content\/uploads\/2017\/10\/athenagoras-belgiou-e1537777979232.jpg\" \/>\n\t<meta property=\"og:image:width\" content=\"500\" \/>\n\t<meta property=\"og:image:height\" content=\"755\" \/>\n\t<meta property=\"og:image:type\" content=\"image\/jpeg\" \/>\n<meta name=\"twitter:card\" content=\"summary_large_image\" \/>\n<meta name=\"twitter:site\" content=\"@orthobel\" \/>\n<meta name=\"twitter:label1\" content=\"Geschatte leestijd\" \/>\n\t<meta name=\"twitter:data1\" content=\"2 minuten\" \/>\n<script type=\"application\/ld+json\" class=\"yoast-schema-graph\">{\"@context\":\"https:\/\/schema.org\",\"@graph\":[{\"@type\":\"WebPage\",\"@id\":\"https:\/\/orthodoxia.be\/nl\/metropoliet-athenagoras-van-belgie\/\",\"url\":\"https:\/\/orthodoxia.be\/nl\/metropoliet-athenagoras-van-belgie\/\",\"name\":\"Metropoliet Athenagoras van Belgi\u00eb - Orthodox Aartsbisdom van Belgi\u00eb\",\"isPartOf\":{\"@id\":\"https:\/\/orthodoxia.be\/#website\"},\"primaryImageOfPage\":{\"@id\":\"https:\/\/orthodoxia.be\/nl\/metropoliet-athenagoras-van-belgie\/#primaryimage\"},\"image\":{\"@id\":\"https:\/\/orthodoxia.be\/nl\/metropoliet-athenagoras-van-belgie\/#primaryimage\"},\"thumbnailUrl\":\"https:\/\/orthodoxia.be\/wp-content\/uploads\/2017\/10\/athenagoras-belgiou-e1537777979232.jpg\",\"datePublished\":\"2017-10-27T09:56:51+00:00\",\"dateModified\":\"2023-05-30T11:52:55+00:00\",\"breadcrumb\":{\"@id\":\"https:\/\/orthodoxia.be\/nl\/metropoliet-athenagoras-van-belgie\/#breadcrumb\"},\"inLanguage\":\"nl-BE\",\"potentialAction\":[{\"@type\":\"ReadAction\",\"target\":[\"https:\/\/orthodoxia.be\/nl\/metropoliet-athenagoras-van-belgie\/\"]}]},{\"@type\":\"ImageObject\",\"inLanguage\":\"nl-BE\",\"@id\":\"https:\/\/orthodoxia.be\/nl\/metropoliet-athenagoras-van-belgie\/#primaryimage\",\"url\":\"https:\/\/orthodoxia.be\/wp-content\/uploads\/2017\/10\/athenagoras-belgiou-e1537777979232.jpg\",\"contentUrl\":\"https:\/\/orthodoxia.be\/wp-content\/uploads\/2017\/10\/athenagoras-belgiou-e1537777979232.jpg\",\"width\":500,\"height\":755},{\"@type\":\"BreadcrumbList\",\"@id\":\"https:\/\/orthodoxia.be\/nl\/metropoliet-athenagoras-van-belgie\/#breadcrumb\",\"itemListElement\":[{\"@type\":\"ListItem\",\"position\":1,\"name\":\"Home\",\"item\":\"https:\/\/orthodoxia.be\/nl\/\"},{\"@type\":\"ListItem\",\"position\":2,\"name\":\"Metropoliet Athenagoras van Belgi\u00eb\"}]},{\"@type\":\"WebSite\",\"@id\":\"https:\/\/orthodoxia.be\/#website\",\"url\":\"https:\/\/orthodoxia.be\/\",\"name\":\"Orthodox Archdiocese of Belgium (Benelux)\",\"description\":\"Exarch of the Nederland en Luxemburg\",\"publisher\":{\"@id\":\"https:\/\/orthodoxia.be\/#organization\"},\"alternateName\":\"IMB\",\"potentialAction\":[{\"@type\":\"SearchAction\",\"target\":{\"@type\":\"EntryPoint\",\"urlTemplate\":\"https:\/\/orthodoxia.be\/?s={search_term_string}\"},\"query-input\":{\"@type\":\"PropertyValueSpecification\",\"valueRequired\":true,\"valueName\":\"search_term_string\"}}],\"inLanguage\":\"nl-BE\"},{\"@type\":\"Organization\",\"@id\":\"https:\/\/orthodoxia.be\/#organization\",\"name\":\"Orthodox Archdiocese of Belgium (Benelux)\",\"url\":\"https:\/\/orthodoxia.be\/\",\"logo\":{\"@type\":\"ImageObject\",\"inLanguage\":\"nl-BE\",\"@id\":\"https:\/\/orthodoxia.be\/#\/schema\/logo\/image\/\",\"url\":\"https:\/\/orthodoxia.be\/wp-content\/uploads\/2024\/02\/cropped-IMB-logo-512-cl-1.png\",\"contentUrl\":\"https:\/\/orthodoxia.be\/wp-content\/uploads\/2024\/02\/cropped-IMB-logo-512-cl-1.png\",\"width\":512,\"height\":512,\"caption\":\"Orthodox Archdiocese of Belgium (Benelux)\"},\"image\":{\"@id\":\"https:\/\/orthodoxia.be\/#\/schema\/logo\/image\/\"},\"sameAs\":[\"https:\/\/www.facebook.com\/orthobel\",\"https:\/\/x.com\/orthobel\",\"https:\/\/www.youtube.com\/c\/orthobel\",\"https:\/\/www.mixcloud.com\/orthobel\/\",\"https:\/\/www.flickr.com\/photos\/148264890@N07\/albums\",\"https:\/\/www.dailymotion.com\/Orthobel\"]}]}<\/script>\n<!-- \/ Yoast SEO plugin. -->","yoast_head_json":{"title":"Metropoliet Athenagoras van Belgi\u00eb - Orthodox Aartsbisdom van Belgi\u00eb","robots":{"index":"index","follow":"follow","max-snippet":"max-snippet:-1","max-image-preview":"max-image-preview:large","max-video-preview":"max-video-preview:-1"},"canonical":"https:\/\/orthodoxia.be\/nl\/metropoliet-athenagoras-van-belgie\/","og_locale":"nl_BE","og_type":"article","og_title":"Metropoliet Athenagoras van Belgi\u00eb - Orthodox Aartsbisdom van Belgi\u00eb","og_description":"Zijne Eminentie Metropoliet Athenagoras van Belgi\u00eb\u00a0werd geboren te Gent, als zoon van Ignace Peckstadt (ere-advocaat en aartspriester van de orthodoxe parochie van Gent) en Marie-Th\u00e9r\u00e8se Janssens. Na enkele jaren studie Rechten aan de Universiteit van Gent, studeerde hij Grieks aan de Aristoteles Universiteit van Thessaloniki en behaalde hij aan dezelfde Universiteit, met de grootste onderscheiding, &hellip; Continued","og_url":"https:\/\/orthodoxia.be\/nl\/metropoliet-athenagoras-van-belgie\/","og_site_name":"Orthodox Aartsbisdom van Belgi\u00eb","article_publisher":"https:\/\/www.facebook.com\/orthobel","article_modified_time":"2023-05-30T11:52:55+00:00","og_image":[{"width":500,"height":755,"url":"https:\/\/orthodoxia.be\/wp-content\/uploads\/2017\/10\/athenagoras-belgiou-e1537777979232.jpg","type":"image\/jpeg"}],"twitter_card":"summary_large_image","twitter_site":"@orthobel","twitter_misc":{"Geschatte leestijd":"2 minuten"},"schema":{"@context":"https:\/\/schema.org","@graph":[{"@type":"WebPage","@id":"https:\/\/orthodoxia.be\/nl\/metropoliet-athenagoras-van-belgie\/","url":"https:\/\/orthodoxia.be\/nl\/metropoliet-athenagoras-van-belgie\/","name":"Metropoliet Athenagoras van Belgi\u00eb - Orthodox Aartsbisdom van Belgi\u00eb","isPartOf":{"@id":"https:\/\/orthodoxia.be\/#website"},"primaryImageOfPage":{"@id":"https:\/\/orthodoxia.be\/nl\/metropoliet-athenagoras-van-belgie\/#primaryimage"},"image":{"@id":"https:\/\/orthodoxia.be\/nl\/metropoliet-athenagoras-van-belgie\/#primaryimage"},"thumbnailUrl":"https:\/\/orthodoxia.be\/wp-content\/uploads\/2017\/10\/athenagoras-belgiou-e1537777979232.jpg","datePublished":"2017-10-27T09:56:51+00:00","dateModified":"2023-05-30T11:52:55+00:00","breadcrumb":{"@id":"https:\/\/orthodoxia.be\/nl\/metropoliet-athenagoras-van-belgie\/#breadcrumb"},"inLanguage":"nl-BE","potentialAction":[{"@type":"ReadAction","target":["https:\/\/orthodoxia.be\/nl\/metropoliet-athenagoras-van-belgie\/"]}]},{"@type":"ImageObject","inLanguage":"nl-BE","@id":"https:\/\/orthodoxia.be\/nl\/metropoliet-athenagoras-van-belgie\/#primaryimage","url":"https:\/\/orthodoxia.be\/wp-content\/uploads\/2017\/10\/athenagoras-belgiou-e1537777979232.jpg","contentUrl":"https:\/\/orthodoxia.be\/wp-content\/uploads\/2017\/10\/athenagoras-belgiou-e1537777979232.jpg","width":500,"height":755},{"@type":"BreadcrumbList","@id":"https:\/\/orthodoxia.be\/nl\/metropoliet-athenagoras-van-belgie\/#breadcrumb","itemListElement":[{"@type":"ListItem","position":1,"name":"Home","item":"https:\/\/orthodoxia.be\/nl\/"},{"@type":"ListItem","position":2,"name":"Metropoliet Athenagoras van Belgi\u00eb"}]},{"@type":"WebSite","@id":"https:\/\/orthodoxia.be\/#website","url":"https:\/\/orthodoxia.be\/","name":"Orthodox Archdiocese of Belgium (Benelux)","description":"Exarch of the Nederland en Luxemburg","publisher":{"@id":"https:\/\/orthodoxia.be\/#organization"},"alternateName":"IMB","potentialAction":[{"@type":"SearchAction","target":{"@type":"EntryPoint","urlTemplate":"https:\/\/orthodoxia.be\/?s={search_term_string}"},"query-input":{"@type":"PropertyValueSpecification","valueRequired":true,"valueName":"search_term_string"}}],"inLanguage":"nl-BE"},{"@type":"Organization","@id":"https:\/\/orthodoxia.be\/#organization","name":"Orthodox Archdiocese of Belgium (Benelux)","url":"https:\/\/orthodoxia.be\/","logo":{"@type":"ImageObject","inLanguage":"nl-BE","@id":"https:\/\/orthodoxia.be\/#\/schema\/logo\/image\/","url":"https:\/\/orthodoxia.be\/wp-content\/uploads\/2024\/02\/cropped-IMB-logo-512-cl-1.png","contentUrl":"https:\/\/orthodoxia.be\/wp-content\/uploads\/2024\/02\/cropped-IMB-logo-512-cl-1.png","width":512,"height":512,"caption":"Orthodox Archdiocese of Belgium (Benelux)"},"image":{"@id":"https:\/\/orthodoxia.be\/#\/schema\/logo\/image\/"},"sameAs":["https:\/\/www.facebook.com\/orthobel","https:\/\/x.com\/orthobel","https:\/\/www.youtube.com\/c\/orthobel","https:\/\/www.mixcloud.com\/orthobel\/","https:\/\/www.flickr.com\/photos\/148264890@N07\/albums","https:\/\/www.dailymotion.com\/Orthobel"]}]}},"_links":{"self":[{"href":"https:\/\/orthodoxia.be\/nl\/wp-json\/wp\/v2\/pages\/2104","targetHints":{"allow":["GET"]}}],"collection":[{"href":"https:\/\/orthodoxia.be\/nl\/wp-json\/wp\/v2\/pages"}],"about":[{"href":"https:\/\/orthodoxia.be\/nl\/wp-json\/wp\/v2\/types\/page"}],"author":[{"embeddable":true,"href":"https:\/\/orthodoxia.be\/nl\/wp-json\/wp\/v2\/users\/12"}],"replies":[{"embeddable":true,"href":"https:\/\/orthodoxia.be\/nl\/wp-json\/wp\/v2\/comments?post=2104"}],"version-history":[{"count":9,"href":"https:\/\/orthodoxia.be\/nl\/wp-json\/wp\/v2\/pages\/2104\/revisions"}],"predecessor-version":[{"id":41715,"href":"https:\/\/orthodoxia.be\/nl\/wp-json\/wp\/v2\/pages\/2104\/revisions\/41715"}],"wp:featuredmedia":[{"embeddable":true,"href":"https:\/\/orthodoxia.be\/nl\/wp-json\/wp\/v2\/media\/4939"}],"wp:attachment":[{"href":"https:\/\/orthodoxia.be\/nl\/wp-json\/wp\/v2\/media?parent=2104"}],"curies":[{"name":"wp","href":"https:\/\/api.w.org\/{rel}","templated":true}]}}