{"id":4949,"date":"2017-10-11T13:18:18","date_gmt":"2017-10-11T11:18:18","guid":{"rendered":"http:\/\/new.orthodoxia.be\/?page_id=4949"},"modified":"2026-02-26T17:56:01","modified_gmt":"2026-02-26T16:56:01","slug":"administratie","status":"publish","type":"page","link":"https:\/\/orthodoxia.be\/nl\/orthodox-aartsbisdom-van-belgie\/administratie\/","title":{"rendered":"Administratie\ufeff"},"content":{"rendered":"<h1 style=\"text-align: center;\"><strong>AARTSBISDOM VAN BELGIE<\/strong><br \/>\n<strong>EN EXARCHAAT VAN NEDERLAND EN LUXEMBURG<\/strong><\/h1>\n<h2><b>Het Orthodox Aartsbisdom van Belgi\u00eb<\/b><\/h2>\n<p>Het werd opgericht op 12 augustus 1969 bij patriarchale en synodale beslissing en strekt zich uit over Belgi\u00eb, Nederland en Luxemburg.<\/p>\n<h2><b>Belgi\u00eb<\/b><\/h2>\n<p>De Orthodoxe Kerk werd erkend door de Belgische Staat bij wet van 23 maart 1985, gepubliceerd in het Belgisch Staatsblad Nr 91 van 11 maart 1985. Het Koninklijk Besluit van 15 maart 1988 voorziet de organisatie van de Orthodoxe Kerk en stipuleert in het Ie Hoofdstuk, Artikel 1, dat :<\/p>\n<p><i>\u00abDe Metropoliet-Aartsbisschop van het Oecumenisch Patriarchaat van Constantinopel of zijn plaatsvervanger wordt door Ons erkend als representatief orgaan van het geheel van de Orthodoxe Kerk\u00bb<\/i>.<\/p>\n<h2><b>Nederland<\/b><\/h2>\n<p>In Nederland wordt het geheel van de Orthodoxe Kerk vertegenwoordigd door de Metropoliet van Belgi\u00eb en Exarch van Nederland en Luxemburg van het Oecumenisch Patriarchaat, vanuit zijn hoedanigheid van Voorzitter van de Orthodoxe Bisschoppenconferentie van de Benelux, of door zijn plaatsvervanger.<\/p>\n<h2><b>Groot-Hertogdom Luxemburg<\/b><\/h2>\n<p>De Orthodoxe Kerk van Luxemburg werd door de Luxemburgische overheid erkend op 26 januari 2015 en bevat de volgende orthodoxe parochies: een Griekstalige, een Russischtalige, een Servischtalige en een Roemeenstalige.De offci\u00eble vertegenwoordiger is de Metropoliet van Belgi\u00eb en Exarch van Nederland en Luxemburg van het Oecumenische Patriarchaat van Constantinopel.De overeekomst vervangt deze van 1997 en 2004 tussen de Orthodoxe Kerk en de Luxemburgische Overheid.<\/p>\n<h2><b>Zetel van het Aartsbisdom:<\/b><\/h2>\n<p>Adres:<br \/>\nCharbolaan 71 &#8211; 1030 Brussel<br \/>\nTel.<a href=\"tel:+3227365278\"> +32.2\/736.52.78<\/a>.<br \/>\nEmail: <a href=\"mailto:info@orthodoxia.be\">info@orthodoxia.be<\/a><br \/>\nWebsite: www.orthodoxia.be<\/p>\n<p style=\"text-align: center;\"><img loading=\"lazy\" decoding=\"async\" class=\"alignnone size-full wp-image-12744\" src=\"https:\/\/orthodoxia.be\/wp-content\/uploads\/2018\/09\/diaxoristiko-mikro.png\" alt=\"\" width=\"96\" height=\"30\" \/><\/p>\n<h2><b>Metropoliet:<\/b><\/h2>\n<p>Zijne Eminentie de Metropoliet Athenagoras van Belgi\u00eb en Exarch van Nederland en<br \/>\nLuxemburg<\/p>\n<p style=\"text-align: justify;\"><strong>Adres: <\/strong>Charbolaan 71, 1030 Brussel, Belgi\u00eb<br \/>\n<strong>Tel.:<\/strong> <a href=\"tel:+3227365278\">+32.2\/736.52.78<\/a><br \/>\n<strong>E-mail:<\/strong><a href=\"mailto:info@orthodoxia.be\"> info@orthodoxia.be<\/a><br \/>\n<strong>Naamfeest:<\/strong> 24 juli<br \/>\n<strong>Bisschopswijding:<\/strong> 22 juni 2003<\/p>\n<h2 style=\"text-align: justify;\"><strong>Private Office van Zijne Eminentie:<\/strong><\/h2>\n<p style=\"text-align: justify;\"><strong>Directeur van het Persoonlijk Kantoor:<\/strong>\u00a0Dimitrios Hatzipemou<br \/>\n<strong>E-mail:<\/strong>\u00a0privateoffice@orthodoxia.be<br \/>\n<strong>Tel.:<\/strong>\u00a0 +32.472\/40.78.57<\/p>\n<h2 class=\"header-title\" style=\"text-align: justify;\"><strong>Hulpbisschop :<\/strong><\/h2>\n<p class=\"header-title\" style=\"text-align: justify;\">Zijne Excellentie Bisschop Joachim van Apollonia<\/p>\n<p><strong>Adres:<\/strong> Stassartstraat 92 \u2013\u00a01050 Brussel,\u00a0Belgi\u00eb<br \/>\n<strong>Telefoon:<\/strong>\u00a0<a href=\"tel:+32470702965%E2%80%AC%E2%80%AC\">+ 32 470 \/ 70.29.65<\/a><br \/>\n<strong>E-mail:<\/strong>\u00a0<a href=\"mailto:iarchontos@gmail.com\">iarchontos@gmail.com<\/a><br \/>\n<strong>Naamfeest:<\/strong> 9 september<br \/>\n<strong>Bisschopswijding:<\/strong> 26 januari 2020<\/p>\n<p style=\"text-align: center;\"><img loading=\"lazy\" decoding=\"async\" class=\"alignnone size-full wp-image-12744\" src=\"https:\/\/orthodoxia.be\/wp-content\/uploads\/2018\/09\/diaxoristiko-mikro.png\" alt=\"\" width=\"96\" height=\"30\" \/><\/p>\n<h2><b>VICARIAAT GENERAAL:<\/b><\/h2>\n<p><b>Vicaris generaal:<br \/>\n<\/b>Archimandriet Philadelphos Kafalis<br \/>\nKantoor: <a href=\"tel:+3227365278\">+32.2\/736.52.78<\/a><br \/>\nMob: <a href=\"tel:+32475695381\">+32.475\/69.53.81<\/a>.<br \/>\nE-mail: <a href=\"p.philadelphos@orthodoxia.be\">p.philadelphos@orthodoxia.be<\/a><\/p>\n<p><b>BISSCHOPPELIJKE VICARISSEN:<br \/>\n<\/b><b>Eerste Bisschoppelijke Vicaris:\u00a0<\/b>Archimandriet Emilianos Chatzivasileiou<br \/>\n<strong>Email:\u00a0<\/strong><a href=\"pere.emilianos@orthodoxia.be\">pere.emilianos@orthodoxia.be<\/a><\/p>\n<p><b>Bisschoppelijke Vicaris voor Brussel:<\/b> Aartspriester Athanasios Toparlakis<br \/>\n<strong>Email:\u00a0<\/strong><a href=\"athanasiostoparlakis@gmail.com\">athanasiostoparlakis@gmail.com<\/a><\/p>\n<p><strong>Bisschoppelijke Vicaris voor Limburg en Luik:\u00a0<\/strong>Aartpriester Emmanouil Kazilas<br \/>\n<strong>Email:\u00a0<\/strong><a href=\"emmanouil.kazilas@telenet.be\">emmanouil.kazilas@telenet.be<\/a><\/p>\n<p><b>Bisschoppelijke Vicaris voor Nederland: <\/b>Protopresbyter van de Oecumenische Troon Ioannis Psomas<br \/>\n<strong>Email:<\/strong> <a href=\"i.n.agiou.nikolaou.nl@gmail.com\">i.n.agiou.nikolaou.nl@gmail.com<\/a><\/p>\n<p><b>Bisschoppelijke Vicaris voor Luxemburg: <\/b>Protopresbyter van de Oecumenische Troon Panagiotis Moschonas<br \/>\n<strong>Email:\u00a0<\/strong><a href=\"pmoshonas@gmx.fr\">pmoshonas@gmx.fr<\/a><\/p>\n<h2><b>AARTSDIAKEN:<\/b><\/h2>\n<p><b>Aartsdiaken <\/b>Panteleimon Bakalis<br \/>\nE-mail: <a href=\"mailto:archdeacon@orthodoxia.be\">archdeacon@orthodoxia.be<\/a>, <a href=\"p.panteleimon@orthodoxia.be\">p.panteleimon@orthodoxia.be<\/a><br \/>\nMob.: <a href=\"http:\/\/+32.470\/10.21.19\">+32.470\/10.21.19<\/a><\/p>\n<h2><b>OVERIGE DIAKENS VAN DE METROPOLIET:<\/b><\/h2>\n<p>&#8211;<\/p>\n<h2><b>METROPOLITAANS BUREAU:<\/b><\/h2>\n<h3><strong>secretariaat:<\/strong><\/h3>\n<p><b>Secretaris-generaal:<\/b><br \/>\nProtopresbyter van de Oecumenische Troon Evangelos Psallas<br \/>\nTel. <a href=\"tel:+3227364286\">+32.2\/736.42.86.<\/a><br \/>\nEmail: <a href=\"mailto:secretariat@orthodoxia.be\">secretariat@orthodoxia.be<\/a><\/p>\n<p><b>Secretarissen:<\/b><\/p>\n<p>Priester Filip Boone<br \/>\nTel. <a href=\"tel:+32476773992\">+32. 476\/77:39:92<\/a>.<br \/>\nEmail: <a href=\"mailto:secretariaat@orthodoxia.be\">secretariaat@orthodoxia.be<\/a><\/p>\n<p>Dhr. Konstantinos Garofalou<br \/>\nTel. <a href=\"http:\/\/+32.493\/81.48.24\">+32.493\/81.48.24<\/a><br \/>\nEmail:\u00a0<a href=\"konstantinos.garofalou@orthodoxia.be\">konstantinos.garofalou@orthodoxia.be<\/a><\/p>\n<p>Dhr. Dimitrios Hatzipemou<br \/>\nTel. <a href=\"http:\/\/+32.472\/40.78.57\">+32.472\/40.78.57<\/a><br \/>\nEmail:\u00a0<a href=\"hatzipemou@orthodoxia.be\">hatzipemou@orthodoxia.be<\/a><\/p>\n<p><b>Secretariaat voor de Kerkfabrieken:<\/b><br \/>\nMevr.. Ariane Lahou<br \/>\nTel. <a href=\"tel:+32498576240\">+32.498\/57.62.40<\/a>.<br \/>\nEmail: <a href=\"mailto:orthofabri@orthodoxia.be\"><span lang=\"NL-BE\">orthofabri@orthodoxia.be<\/span><\/a><\/p>\n<p><strong>Bureau Sacramenten<br \/>\n<\/strong><strong>Dienst dopen, huwelijken en begrafenissen:<\/strong> Archimandriet Philadelphos Kafalis<br \/>\nTel. <a href=\"http:\/\/+32.475\/69.53.81\">+32.475\/69.53.81<br \/>\n<\/a>Email:\u00a0<a href=\"p.philadelphos@orthodoxia.be\">p.philadelphos@orthodoxia.be<\/a><\/p>\n<h3><b>Persbureau:<\/b><\/h3>\n<p><b>Persvertegenwoordiger: <\/b>Aartsdiaken\u00a0Panteleimon Bakalis<br \/>\nPostadres: Charbolaan 71, 1030 Brussel.<br \/>\nTel.<a href=\"tel:+3227365278\"> +32.2\/736.52.78<\/a><br \/>\nE-mail: <a href=\"mailto:pressoffice@orthodoxia.be\">pressoffice@orthodoxia.be<\/a><\/p>\n<h3><b>Archieven:<\/b><\/h3>\n<p><b>A<\/b><strong>rchivaris van het<\/strong> <b>Heilig Aartsbisdom:<\/b><br \/>\nArchimandriet Emilianos Chatzivasiliou<br \/>\nPostadres: Charbolaan71, 1030 Brussel<br \/>\nTel.<a href=\"tel:+3227365278\"> +32.2\/736.52.78<\/a>,<br \/>\nE-mail:<a href=\"mailto:%20archives@orthodoxia.be\"> archives@orthodoxia.be<\/a><\/p>\n<h3 id=\"tw-target-text\" class=\"tw-data-text tw-text-large XcVN5d tw-ta\" dir=\"ltr\" data-placeholder=\"\u039c\u03b5\u03c4\u03ac\u03c6\u03c1\u03b1\u03c3\u03b7\"><span class=\"Y2IQFc\" lang=\"nl\"><strong>Dienst Boekhouding:<\/strong><\/span><\/h3>\n<p dir=\"ltr\" data-placeholder=\"\u039c\u03b5\u03c4\u03ac\u03c6\u03c1\u03b1\u03c3\u03b7\"><span lang=\"nl\">Aartspriester Athanasios Toparlakis<br \/>\nTel\u00a0\u00a0<a href=\"t:+32477064660\">+32.477\/06.46.60<\/a><br \/>\nE-mail: imbrapporteur@gmail.com<\/span><\/p>\n<p style=\"text-align: center;\"><img loading=\"lazy\" decoding=\"async\" class=\"alignnone size-full wp-image-12744\" src=\"https:\/\/orthodoxia.be\/wp-content\/uploads\/2018\/09\/diaxoristiko-mikro.png\" alt=\"\" width=\"96\" height=\"30\" \/><\/p>\n<h3><b>METROPOLITAANSE RAAD:<\/b><\/h3>\n<p><strong>Voorzitter:<\/strong> Zijne Eminentie de Metropoliet Athenagoras<br \/>\n<strong>V<\/strong><strong>ice-president:<\/strong> Zijne Excellentie Bisschop Joachim van Apollonia<br \/>\n<strong>Secretaris<\/strong>:Archimandriet Philadelfos Kafalis,vicaris generaal<br \/>\n<strong>Leden:\u00a0<\/strong> de Protopresbyters van de Oecumenische Troon Panagiotis Moschonas en Ioannis Psomas, Aartspriesters Konstantinos Kenanidis en Athanasios Toparlakis, en de heren Georgios Kartalis, Georgios Petrou, Panagiotis Yannopoulos, Stylianos Kymbaridis en Boris Gurov.<\/p>\n<h3><b>KERKELIJKE RECHTBANK:<\/b><\/h3>\n<p><strong>Voorzitter:<\/strong> Zijne Eminentie de Metropoliet van Belgi\u00eb<br \/>\n<strong>Secretaris:\u00a0<\/strong>Protopresbyter van de Oecumenische Troon Panagiotis Moschonas.<strong><br \/>\nLeden:<\/strong>\u00a0Archimandriet Philadelpos Kafalis en Protopresbyter van de Oecumenische Troon Ioannis Psomas.<\/p>\n","protected":false},"excerpt":{"rendered":"<p>AARTSBISDOM VAN BELGIE EN EXARCHAAT VAN NEDERLAND EN LUXEMBURG Het Orthodox Aartsbisdom van Belgi\u00eb Het werd opgericht op 12 augustus 1969 bij patriarchale en synodale beslissing en strekt zich uit over Belgi\u00eb, Nederland en Luxemburg. Belgi\u00eb De Orthodoxe Kerk werd erkend door de Belgische Staat bij wet van 23 maart 1985, gepubliceerd in het Belgisch &hellip; <a href=\"https:\/\/orthodoxia.be\/nl\/orthodox-aartsbisdom-van-belgie\/administratie\/\">Continued<\/a><\/p>\n","protected":false},"author":2,"featured_media":158,"parent":6891,"menu_order":2,"comment_status":"closed","ping_status":"closed","template":"","meta":{"_acf_changed":false,"footnotes":""},"class_list":["post-4949","page","type-page","status-publish","has-post-thumbnail","hentry"],"acf":[],"yoast_head":"<!-- This site is optimized with the Yoast SEO plugin v24.3 - https:\/\/yoast.com\/wordpress\/plugins\/seo\/ -->\n<title>Administratie\ufeff - Orthodox Aartsbisdom van Belgi\u00eb<\/title>\n<meta name=\"robots\" content=\"index, follow, max-snippet:-1, max-image-preview:large, max-video-preview:-1\" \/>\n<link rel=\"canonical\" href=\"https:\/\/orthodoxia.be\/nl\/orthodox-aartsbisdom-van-belgie\/administratie\/\" \/>\n<meta property=\"og:locale\" content=\"nl_BE\" \/>\n<meta property=\"og:type\" content=\"article\" \/>\n<meta property=\"og:title\" content=\"Administratie\ufeff - Orthodox Aartsbisdom van Belgi\u00eb\" \/>\n<meta property=\"og:description\" content=\"AARTSBISDOM VAN BELGIE EN EXARCHAAT VAN NEDERLAND EN LUXEMBURG Het Orthodox Aartsbisdom van Belgi\u00eb Het werd opgericht op 12 augustus 1969 bij patriarchale en synodale beslissing en strekt zich uit over Belgi\u00eb, Nederland en Luxemburg. Belgi\u00eb De Orthodoxe Kerk werd erkend door de Belgische Staat bij wet van 23 maart 1985, gepubliceerd in het Belgisch &hellip; Continued\" \/>\n<meta property=\"og:url\" content=\"https:\/\/orthodoxia.be\/nl\/orthodox-aartsbisdom-van-belgie\/administratie\/\" \/>\n<meta property=\"og:site_name\" content=\"Orthodox Aartsbisdom van Belgi\u00eb\" \/>\n<meta property=\"article:publisher\" content=\"https:\/\/www.facebook.com\/orthobel\" \/>\n<meta property=\"article:modified_time\" content=\"2026-02-26T16:56:01+00:00\" \/>\n<meta property=\"og:image\" content=\"https:\/\/orthodoxia.be\/wp-content\/uploads\/2017\/09\/cropped-cropped-logo-benelux-tr-fc.png\" \/>\n\t<meta property=\"og:image:width\" content=\"250\" \/>\n\t<meta property=\"og:image:height\" content=\"250\" \/>\n\t<meta property=\"og:image:type\" content=\"image\/png\" \/>\n<meta name=\"twitter:card\" content=\"summary_large_image\" \/>\n<meta name=\"twitter:site\" content=\"@orthobel\" \/>\n<meta name=\"twitter:label1\" content=\"Geschatte leestijd\" \/>\n\t<meta name=\"twitter:data1\" content=\"4 minuten\" \/>\n<script type=\"application\/ld+json\" class=\"yoast-schema-graph\">{\"@context\":\"https:\/\/schema.org\",\"@graph\":[{\"@type\":\"WebPage\",\"@id\":\"https:\/\/orthodoxia.be\/nl\/orthodox-aartsbisdom-van-belgie\/administratie\/\",\"url\":\"https:\/\/orthodoxia.be\/nl\/orthodox-aartsbisdom-van-belgie\/administratie\/\",\"name\":\"Administratie\ufeff - Orthodox Aartsbisdom van Belgi\u00eb\",\"isPartOf\":{\"@id\":\"https:\/\/orthodoxia.be\/#website\"},\"primaryImageOfPage\":{\"@id\":\"https:\/\/orthodoxia.be\/nl\/orthodox-aartsbisdom-van-belgie\/administratie\/#primaryimage\"},\"image\":{\"@id\":\"https:\/\/orthodoxia.be\/nl\/orthodox-aartsbisdom-van-belgie\/administratie\/#primaryimage\"},\"thumbnailUrl\":\"https:\/\/orthodoxia.be\/wp-content\/uploads\/2017\/09\/cropped-cropped-logo-benelux-tr-fc.png\",\"datePublished\":\"2017-10-11T11:18:18+00:00\",\"dateModified\":\"2026-02-26T16:56:01+00:00\",\"breadcrumb\":{\"@id\":\"https:\/\/orthodoxia.be\/nl\/orthodox-aartsbisdom-van-belgie\/administratie\/#breadcrumb\"},\"inLanguage\":\"nl-BE\",\"potentialAction\":[{\"@type\":\"ReadAction\",\"target\":[\"https:\/\/orthodoxia.be\/nl\/orthodox-aartsbisdom-van-belgie\/administratie\/\"]}]},{\"@type\":\"ImageObject\",\"inLanguage\":\"nl-BE\",\"@id\":\"https:\/\/orthodoxia.be\/nl\/orthodox-aartsbisdom-van-belgie\/administratie\/#primaryimage\",\"url\":\"https:\/\/orthodoxia.be\/wp-content\/uploads\/2017\/09\/cropped-cropped-logo-benelux-tr-fc.png\",\"contentUrl\":\"https:\/\/orthodoxia.be\/wp-content\/uploads\/2017\/09\/cropped-cropped-logo-benelux-tr-fc.png\",\"width\":250,\"height\":250},{\"@type\":\"BreadcrumbList\",\"@id\":\"https:\/\/orthodoxia.be\/nl\/orthodox-aartsbisdom-van-belgie\/administratie\/#breadcrumb\",\"itemListElement\":[{\"@type\":\"ListItem\",\"position\":1,\"name\":\"Home\",\"item\":\"https:\/\/orthodoxia.be\/nl\/\"},{\"@type\":\"ListItem\",\"position\":2,\"name\":\"Orthodox Aartsbisdom van Belgi\u00eb\",\"item\":\"https:\/\/orthodoxia.be\/nl\/orthodox-aartsbisdom-van-belgie\/\"},{\"@type\":\"ListItem\",\"position\":3,\"name\":\"Administratie\ufeff\"}]},{\"@type\":\"WebSite\",\"@id\":\"https:\/\/orthodoxia.be\/#website\",\"url\":\"https:\/\/orthodoxia.be\/\",\"name\":\"Orthodox Archdiocese of Belgium (Benelux)\",\"description\":\"Exarch of the Nederland en Luxemburg\",\"publisher\":{\"@id\":\"https:\/\/orthodoxia.be\/#organization\"},\"alternateName\":\"IMB\",\"potentialAction\":[{\"@type\":\"SearchAction\",\"target\":{\"@type\":\"EntryPoint\",\"urlTemplate\":\"https:\/\/orthodoxia.be\/?s={search_term_string}\"},\"query-input\":{\"@type\":\"PropertyValueSpecification\",\"valueRequired\":true,\"valueName\":\"search_term_string\"}}],\"inLanguage\":\"nl-BE\"},{\"@type\":\"Organization\",\"@id\":\"https:\/\/orthodoxia.be\/#organization\",\"name\":\"Orthodox Archdiocese of Belgium (Benelux)\",\"url\":\"https:\/\/orthodoxia.be\/\",\"logo\":{\"@type\":\"ImageObject\",\"inLanguage\":\"nl-BE\",\"@id\":\"https:\/\/orthodoxia.be\/#\/schema\/logo\/image\/\",\"url\":\"https:\/\/orthodoxia.be\/wp-content\/uploads\/2024\/02\/cropped-IMB-logo-512-cl-1.png\",\"contentUrl\":\"https:\/\/orthodoxia.be\/wp-content\/uploads\/2024\/02\/cropped-IMB-logo-512-cl-1.png\",\"width\":512,\"height\":512,\"caption\":\"Orthodox Archdiocese of Belgium (Benelux)\"},\"image\":{\"@id\":\"https:\/\/orthodoxia.be\/#\/schema\/logo\/image\/\"},\"sameAs\":[\"https:\/\/www.facebook.com\/orthobel\",\"https:\/\/x.com\/orthobel\",\"https:\/\/www.youtube.com\/c\/orthobel\",\"https:\/\/www.mixcloud.com\/orthobel\/\",\"https:\/\/www.flickr.com\/photos\/148264890@N07\/albums\",\"https:\/\/www.dailymotion.com\/Orthobel\"]}]}<\/script>\n<!-- \/ Yoast SEO plugin. -->","yoast_head_json":{"title":"Administratie\ufeff - Orthodox Aartsbisdom van Belgi\u00eb","robots":{"index":"index","follow":"follow","max-snippet":"max-snippet:-1","max-image-preview":"max-image-preview:large","max-video-preview":"max-video-preview:-1"},"canonical":"https:\/\/orthodoxia.be\/nl\/orthodox-aartsbisdom-van-belgie\/administratie\/","og_locale":"nl_BE","og_type":"article","og_title":"Administratie\ufeff - Orthodox Aartsbisdom van Belgi\u00eb","og_description":"AARTSBISDOM VAN BELGIE EN EXARCHAAT VAN NEDERLAND EN LUXEMBURG Het Orthodox Aartsbisdom van Belgi\u00eb Het werd opgericht op 12 augustus 1969 bij patriarchale en synodale beslissing en strekt zich uit over Belgi\u00eb, Nederland en Luxemburg. Belgi\u00eb De Orthodoxe Kerk werd erkend door de Belgische Staat bij wet van 23 maart 1985, gepubliceerd in het Belgisch &hellip; Continued","og_url":"https:\/\/orthodoxia.be\/nl\/orthodox-aartsbisdom-van-belgie\/administratie\/","og_site_name":"Orthodox Aartsbisdom van Belgi\u00eb","article_publisher":"https:\/\/www.facebook.com\/orthobel","article_modified_time":"2026-02-26T16:56:01+00:00","og_image":[{"width":250,"height":250,"url":"https:\/\/orthodoxia.be\/wp-content\/uploads\/2017\/09\/cropped-cropped-logo-benelux-tr-fc.png","type":"image\/png"}],"twitter_card":"summary_large_image","twitter_site":"@orthobel","twitter_misc":{"Geschatte leestijd":"4 minuten"},"schema":{"@context":"https:\/\/schema.org","@graph":[{"@type":"WebPage","@id":"https:\/\/orthodoxia.be\/nl\/orthodox-aartsbisdom-van-belgie\/administratie\/","url":"https:\/\/orthodoxia.be\/nl\/orthodox-aartsbisdom-van-belgie\/administratie\/","name":"Administratie\ufeff - Orthodox Aartsbisdom van Belgi\u00eb","isPartOf":{"@id":"https:\/\/orthodoxia.be\/#website"},"primaryImageOfPage":{"@id":"https:\/\/orthodoxia.be\/nl\/orthodox-aartsbisdom-van-belgie\/administratie\/#primaryimage"},"image":{"@id":"https:\/\/orthodoxia.be\/nl\/orthodox-aartsbisdom-van-belgie\/administratie\/#primaryimage"},"thumbnailUrl":"https:\/\/orthodoxia.be\/wp-content\/uploads\/2017\/09\/cropped-cropped-logo-benelux-tr-fc.png","datePublished":"2017-10-11T11:18:18+00:00","dateModified":"2026-02-26T16:56:01+00:00","breadcrumb":{"@id":"https:\/\/orthodoxia.be\/nl\/orthodox-aartsbisdom-van-belgie\/administratie\/#breadcrumb"},"inLanguage":"nl-BE","potentialAction":[{"@type":"ReadAction","target":["https:\/\/orthodoxia.be\/nl\/orthodox-aartsbisdom-van-belgie\/administratie\/"]}]},{"@type":"ImageObject","inLanguage":"nl-BE","@id":"https:\/\/orthodoxia.be\/nl\/orthodox-aartsbisdom-van-belgie\/administratie\/#primaryimage","url":"https:\/\/orthodoxia.be\/wp-content\/uploads\/2017\/09\/cropped-cropped-logo-benelux-tr-fc.png","contentUrl":"https:\/\/orthodoxia.be\/wp-content\/uploads\/2017\/09\/cropped-cropped-logo-benelux-tr-fc.png","width":250,"height":250},{"@type":"BreadcrumbList","@id":"https:\/\/orthodoxia.be\/nl\/orthodox-aartsbisdom-van-belgie\/administratie\/#breadcrumb","itemListElement":[{"@type":"ListItem","position":1,"name":"Home","item":"https:\/\/orthodoxia.be\/nl\/"},{"@type":"ListItem","position":2,"name":"Orthodox Aartsbisdom van Belgi\u00eb","item":"https:\/\/orthodoxia.be\/nl\/orthodox-aartsbisdom-van-belgie\/"},{"@type":"ListItem","position":3,"name":"Administratie\ufeff"}]},{"@type":"WebSite","@id":"https:\/\/orthodoxia.be\/#website","url":"https:\/\/orthodoxia.be\/","name":"Orthodox Archdiocese of Belgium (Benelux)","description":"Exarch of the Nederland en Luxemburg","publisher":{"@id":"https:\/\/orthodoxia.be\/#organization"},"alternateName":"IMB","potentialAction":[{"@type":"SearchAction","target":{"@type":"EntryPoint","urlTemplate":"https:\/\/orthodoxia.be\/?s={search_term_string}"},"query-input":{"@type":"PropertyValueSpecification","valueRequired":true,"valueName":"search_term_string"}}],"inLanguage":"nl-BE"},{"@type":"Organization","@id":"https:\/\/orthodoxia.be\/#organization","name":"Orthodox Archdiocese of Belgium (Benelux)","url":"https:\/\/orthodoxia.be\/","logo":{"@type":"ImageObject","inLanguage":"nl-BE","@id":"https:\/\/orthodoxia.be\/#\/schema\/logo\/image\/","url":"https:\/\/orthodoxia.be\/wp-content\/uploads\/2024\/02\/cropped-IMB-logo-512-cl-1.png","contentUrl":"https:\/\/orthodoxia.be\/wp-content\/uploads\/2024\/02\/cropped-IMB-logo-512-cl-1.png","width":512,"height":512,"caption":"Orthodox Archdiocese of Belgium (Benelux)"},"image":{"@id":"https:\/\/orthodoxia.be\/#\/schema\/logo\/image\/"},"sameAs":["https:\/\/www.facebook.com\/orthobel","https:\/\/x.com\/orthobel","https:\/\/www.youtube.com\/c\/orthobel","https:\/\/www.mixcloud.com\/orthobel\/","https:\/\/www.flickr.com\/photos\/148264890@N07\/albums","https:\/\/www.dailymotion.com\/Orthobel"]}]}},"_links":{"self":[{"href":"https:\/\/orthodoxia.be\/nl\/wp-json\/wp\/v2\/pages\/4949","targetHints":{"allow":["GET"]}}],"collection":[{"href":"https:\/\/orthodoxia.be\/nl\/wp-json\/wp\/v2\/pages"}],"about":[{"href":"https:\/\/orthodoxia.be\/nl\/wp-json\/wp\/v2\/types\/page"}],"author":[{"embeddable":true,"href":"https:\/\/orthodoxia.be\/nl\/wp-json\/wp\/v2\/users\/2"}],"replies":[{"embeddable":true,"href":"https:\/\/orthodoxia.be\/nl\/wp-json\/wp\/v2\/comments?post=4949"}],"version-history":[{"count":58,"href":"https:\/\/orthodoxia.be\/nl\/wp-json\/wp\/v2\/pages\/4949\/revisions"}],"predecessor-version":[{"id":52894,"href":"https:\/\/orthodoxia.be\/nl\/wp-json\/wp\/v2\/pages\/4949\/revisions\/52894"}],"up":[{"embeddable":true,"href":"https:\/\/orthodoxia.be\/nl\/wp-json\/wp\/v2\/pages\/6891"}],"wp:featuredmedia":[{"embeddable":true,"href":"https:\/\/orthodoxia.be\/nl\/wp-json\/wp\/v2\/media\/158"}],"wp:attachment":[{"href":"https:\/\/orthodoxia.be\/nl\/wp-json\/wp\/v2\/media?parent=4949"}],"curies":[{"name":"wp","href":"https:\/\/api.w.org\/{rel}","templated":true}]}}