{"id":5492,"date":"2018-02-07T10:47:30","date_gmt":"2018-02-07T09:47:30","guid":{"rendered":"http:\/\/new.orthodoxia.be\/historiek-van-het-aartsbisdom-van-belgie-en-exarchaat-van-nederland-en-luxemburg\/le-metropolite-athenagoras-de-thyateira-1884-1962\/"},"modified":"2019-01-07T17:59:03","modified_gmt":"2019-01-07T16:59:03","slug":"le-metropolite-athenagoras-de-thyateira-1884-1962","status":"publish","type":"page","link":"https:\/\/orthodoxia.be\/nl\/metropoliet-athenagoras-van-belgie\/voorgangers\/le-metropolite-athenagoras-de-thyateira-1884-1962\/","title":{"rendered":"De betreurde Metropoliet Athenagoras Kavadas van Thyateira (1884-1962)"},"content":{"rendered":"<h2 style=\"text-align: center;\"><strong>De betreurde Metropoliet Athenagoras Kavadas van Thyateira (1884-1962)<\/strong><\/h2>\n<p style=\"text-align: justify;\">De betreurde Metropoliet Athenagoras Kavadas (1884-1962) werd geboren in Corfu (Griekenland), studeerde theologie in Athene. Hij werd in 1909 tot diaken en in 1910 tot priester gewijd. In hetzelfde jaar werd hij benoemd tot vicerector van het Rizarion-Seminarie in Athene, een functie die hij waarnam tot in het jaar 1917. In het academiejaar 1918-1919 studeerde hij in Oxford met een studiebeurs.<\/p>\n<p style=\"text-align: justify;\">In 1921 werd hij door Metropoliet Meletios Metaxakis, later de Oecumenische Patriarch, naar Amerika geroepen, waar hij tot 1949 verschillende Griekse parochies diende. Daarna werd hij benoemd tot Vicaris-Generaal van het Aartsbisdom van Amerika. In 1937 werd hij benoemd tot rector van het orthodox theologisch instituut Holy Cross in Brookline (Boston).<\/p>\n<p style=\"text-align: justify;\">Op 31 mei 1938 verkoos de Heilige Synode van het Oecumenisch Patriarchaat hem tot hulpbisschop van het Aartsbisdom van Amerika met de titel van Bisschop van Boston. Zijn wijding vond plaats in de kathedraal van de Boodschap in Boston op 5 juni 1938. Hij werd door wijlen Aartsbisschop Athenagoras van Amerika, die later de Oecumenische Patriarch werd, samen met de bisschoppen Kallistos van San Francisco en Theodosios van Evkarpia gewijd. Op 7 juni 1949 werd hij gekozen tot Metropoliet of Philadelphia en benoemd tot permanente vertegenwoordiger van het Oecumenisch Patriarchaat in Athene. In 1950 werd hem gevraagd om te zorgen voor de parochies in Oostenrijk, Hongarije en Itali\u00eb, die nog steeds tot de jurisdictie van het Aartsbisdom van Thyateira behoorden. Na het overlijden van Metropoliet Germanos van Thyateira werd hij op 12 april 1951 verkozen tot Aartsbisschop van Thyateira en Exarch van West- en Centraal-Europa (met zetel in Londen).<\/p>\n<p style=\"text-align: justify;\">Aartsbisschop Athenagoras Kavadas was zeer betrokken bij de dialoog tussen de christelijke kerken en vertegenwoordigde het Oecumenisch Patriarchaat op bijeenkomsten van de Wereldraad van Kerken.<\/p>\n<p style=\"text-align: justify;\">Hij stond ook in voor de parochies in Belgi\u00eb en Nederland. Tijdens de laatste jaren van zijn leven kwamen duizenden Grieken in Belgi\u00eb aan om in de kolenmijnen te werken. Met hen werden verschillende priesters naar Belgi\u00eb gestuurd, waaronder Archimandriet Panteleimon Kontogiannis (later Metropoliet van Belgi\u00eb).<\/p>\n<p style=\"text-align: justify;\">Hij stierf in Londen op 15 oktober 1962. De begrafenisplechtigheid vond plaats in de Kathedraal van de Heilige Sophia in Londen op 20 oktober 1962, met als voorganger Aartsbisschop Iakovos van Amerika. Hij werd begraven op Corfu.<\/p>\n","protected":false},"excerpt":{"rendered":"<p>De betreurde Metropoliet Athenagoras Kavadas van Thyateira (1884-1962) De betreurde Metropoliet Athenagoras Kavadas (1884-1962) werd geboren in Corfu (Griekenland), studeerde theologie in Athene. Hij werd in 1909 tot diaken en in 1910 tot priester gewijd. In hetzelfde jaar werd hij benoemd tot vicerector van het Rizarion-Seminarie in Athene, een functie die hij waarnam tot in &hellip; <a href=\"https:\/\/orthodoxia.be\/nl\/metropoliet-athenagoras-van-belgie\/voorgangers\/le-metropolite-athenagoras-de-thyateira-1884-1962\/\">Continued<\/a><\/p>\n","protected":false},"author":2,"featured_media":5620,"parent":10182,"menu_order":2,"comment_status":"closed","ping_status":"closed","template":"","meta":{"_acf_changed":false,"footnotes":""},"class_list":["post-5492","page","type-page","status-publish","has-post-thumbnail","hentry"],"acf":[],"yoast_head":"<!-- This site is optimized with the Yoast SEO plugin v24.3 - https:\/\/yoast.com\/wordpress\/plugins\/seo\/ -->\n<title>De betreurde Metropoliet Athenagoras Kavadas van Thyateira (1884-1962) - Orthodox Aartsbisdom van Belgi\u00eb<\/title>\n<meta name=\"robots\" content=\"index, follow, max-snippet:-1, max-image-preview:large, max-video-preview:-1\" \/>\n<link rel=\"canonical\" href=\"https:\/\/orthodoxia.be\/nl\/metropoliet-athenagoras-van-belgie\/voorgangers\/le-metropolite-athenagoras-de-thyateira-1884-1962\/\" \/>\n<meta property=\"og:locale\" content=\"nl_BE\" \/>\n<meta property=\"og:type\" content=\"article\" \/>\n<meta property=\"og:title\" content=\"De betreurde Metropoliet Athenagoras Kavadas van Thyateira (1884-1962) - Orthodox Aartsbisdom van Belgi\u00eb\" \/>\n<meta property=\"og:description\" content=\"De betreurde Metropoliet Athenagoras Kavadas van Thyateira (1884-1962) De betreurde Metropoliet Athenagoras Kavadas (1884-1962) werd geboren in Corfu (Griekenland), studeerde theologie in Athene. Hij werd in 1909 tot diaken en in 1910 tot priester gewijd. In hetzelfde jaar werd hij benoemd tot vicerector van het Rizarion-Seminarie in Athene, een functie die hij waarnam tot in &hellip; Continued\" \/>\n<meta property=\"og:url\" content=\"https:\/\/orthodoxia.be\/nl\/metropoliet-athenagoras-van-belgie\/voorgangers\/le-metropolite-athenagoras-de-thyateira-1884-1962\/\" \/>\n<meta property=\"og:site_name\" content=\"Orthodox Aartsbisdom van Belgi\u00eb\" \/>\n<meta property=\"article:publisher\" content=\"https:\/\/www.facebook.com\/orthobel\" \/>\n<meta property=\"article:modified_time\" content=\"2019-01-07T16:59:03+00:00\" \/>\n<meta property=\"og:image\" content=\"https:\/\/orthodoxia.be\/wp-content\/uploads\/2018\/02\/Athenagoras-Kavadas.jpg\" \/>\n\t<meta property=\"og:image:width\" content=\"429\" \/>\n\t<meta property=\"og:image:height\" content=\"557\" \/>\n\t<meta property=\"og:image:type\" content=\"image\/jpeg\" \/>\n<meta name=\"twitter:card\" content=\"summary_large_image\" \/>\n<meta name=\"twitter:site\" content=\"@orthobel\" \/>\n<meta name=\"twitter:label1\" content=\"Geschatte leestijd\" \/>\n\t<meta name=\"twitter:data1\" content=\"2 minuten\" \/>\n<script type=\"application\/ld+json\" class=\"yoast-schema-graph\">{\"@context\":\"https:\/\/schema.org\",\"@graph\":[{\"@type\":\"WebPage\",\"@id\":\"https:\/\/orthodoxia.be\/nl\/metropoliet-athenagoras-van-belgie\/voorgangers\/le-metropolite-athenagoras-de-thyateira-1884-1962\/\",\"url\":\"https:\/\/orthodoxia.be\/nl\/metropoliet-athenagoras-van-belgie\/voorgangers\/le-metropolite-athenagoras-de-thyateira-1884-1962\/\",\"name\":\"De betreurde Metropoliet Athenagoras Kavadas van Thyateira (1884-1962) - Orthodox Aartsbisdom van Belgi\u00eb\",\"isPartOf\":{\"@id\":\"https:\/\/orthodoxia.be\/#website\"},\"primaryImageOfPage\":{\"@id\":\"https:\/\/orthodoxia.be\/nl\/metropoliet-athenagoras-van-belgie\/voorgangers\/le-metropolite-athenagoras-de-thyateira-1884-1962\/#primaryimage\"},\"image\":{\"@id\":\"https:\/\/orthodoxia.be\/nl\/metropoliet-athenagoras-van-belgie\/voorgangers\/le-metropolite-athenagoras-de-thyateira-1884-1962\/#primaryimage\"},\"thumbnailUrl\":\"https:\/\/orthodoxia.be\/wp-content\/uploads\/2018\/02\/Athenagoras-Kavadas.jpg\",\"datePublished\":\"2018-02-07T09:47:30+00:00\",\"dateModified\":\"2019-01-07T16:59:03+00:00\",\"breadcrumb\":{\"@id\":\"https:\/\/orthodoxia.be\/nl\/metropoliet-athenagoras-van-belgie\/voorgangers\/le-metropolite-athenagoras-de-thyateira-1884-1962\/#breadcrumb\"},\"inLanguage\":\"nl-BE\",\"potentialAction\":[{\"@type\":\"ReadAction\",\"target\":[\"https:\/\/orthodoxia.be\/nl\/metropoliet-athenagoras-van-belgie\/voorgangers\/le-metropolite-athenagoras-de-thyateira-1884-1962\/\"]}]},{\"@type\":\"ImageObject\",\"inLanguage\":\"nl-BE\",\"@id\":\"https:\/\/orthodoxia.be\/nl\/metropoliet-athenagoras-van-belgie\/voorgangers\/le-metropolite-athenagoras-de-thyateira-1884-1962\/#primaryimage\",\"url\":\"https:\/\/orthodoxia.be\/wp-content\/uploads\/2018\/02\/Athenagoras-Kavadas.jpg\",\"contentUrl\":\"https:\/\/orthodoxia.be\/wp-content\/uploads\/2018\/02\/Athenagoras-Kavadas.jpg\",\"width\":429,\"height\":557},{\"@type\":\"BreadcrumbList\",\"@id\":\"https:\/\/orthodoxia.be\/nl\/metropoliet-athenagoras-van-belgie\/voorgangers\/le-metropolite-athenagoras-de-thyateira-1884-1962\/#breadcrumb\",\"itemListElement\":[{\"@type\":\"ListItem\",\"position\":1,\"name\":\"Home\",\"item\":\"https:\/\/orthodoxia.be\/nl\/\"},{\"@type\":\"ListItem\",\"position\":2,\"name\":\"Metropoliet Athenagoras van Belgi\u00eb\",\"item\":\"https:\/\/orthodoxia.be\/nl\/metropoliet-athenagoras-van-belgie\/\"},{\"@type\":\"ListItem\",\"position\":3,\"name\":\"Voorgangers\",\"item\":\"https:\/\/orthodoxia.be\/nl\/metropoliet-athenagoras-van-belgie\/voorgangers\/\"},{\"@type\":\"ListItem\",\"position\":4,\"name\":\"De betreurde Metropoliet Athenagoras Kavadas van Thyateira (1884-1962)\"}]},{\"@type\":\"WebSite\",\"@id\":\"https:\/\/orthodoxia.be\/#website\",\"url\":\"https:\/\/orthodoxia.be\/\",\"name\":\"Orthodox Archdiocese of Belgium (Benelux)\",\"description\":\"Exarch of the Nederland en Luxemburg\",\"publisher\":{\"@id\":\"https:\/\/orthodoxia.be\/#organization\"},\"alternateName\":\"IMB\",\"potentialAction\":[{\"@type\":\"SearchAction\",\"target\":{\"@type\":\"EntryPoint\",\"urlTemplate\":\"https:\/\/orthodoxia.be\/?s={search_term_string}\"},\"query-input\":{\"@type\":\"PropertyValueSpecification\",\"valueRequired\":true,\"valueName\":\"search_term_string\"}}],\"inLanguage\":\"nl-BE\"},{\"@type\":\"Organization\",\"@id\":\"https:\/\/orthodoxia.be\/#organization\",\"name\":\"Orthodox Archdiocese of Belgium (Benelux)\",\"url\":\"https:\/\/orthodoxia.be\/\",\"logo\":{\"@type\":\"ImageObject\",\"inLanguage\":\"nl-BE\",\"@id\":\"https:\/\/orthodoxia.be\/#\/schema\/logo\/image\/\",\"url\":\"https:\/\/orthodoxia.be\/wp-content\/uploads\/2024\/02\/cropped-IMB-logo-512-cl-1.png\",\"contentUrl\":\"https:\/\/orthodoxia.be\/wp-content\/uploads\/2024\/02\/cropped-IMB-logo-512-cl-1.png\",\"width\":512,\"height\":512,\"caption\":\"Orthodox Archdiocese of Belgium (Benelux)\"},\"image\":{\"@id\":\"https:\/\/orthodoxia.be\/#\/schema\/logo\/image\/\"},\"sameAs\":[\"https:\/\/www.facebook.com\/orthobel\",\"https:\/\/x.com\/orthobel\",\"https:\/\/www.youtube.com\/c\/orthobel\",\"https:\/\/www.mixcloud.com\/orthobel\/\",\"https:\/\/www.flickr.com\/photos\/148264890@N07\/albums\",\"https:\/\/www.dailymotion.com\/Orthobel\"]}]}<\/script>\n<!-- \/ Yoast SEO plugin. -->","yoast_head_json":{"title":"De betreurde Metropoliet Athenagoras Kavadas van Thyateira (1884-1962) - Orthodox Aartsbisdom van Belgi\u00eb","robots":{"index":"index","follow":"follow","max-snippet":"max-snippet:-1","max-image-preview":"max-image-preview:large","max-video-preview":"max-video-preview:-1"},"canonical":"https:\/\/orthodoxia.be\/nl\/metropoliet-athenagoras-van-belgie\/voorgangers\/le-metropolite-athenagoras-de-thyateira-1884-1962\/","og_locale":"nl_BE","og_type":"article","og_title":"De betreurde Metropoliet Athenagoras Kavadas van Thyateira (1884-1962) - Orthodox Aartsbisdom van Belgi\u00eb","og_description":"De betreurde Metropoliet Athenagoras Kavadas van Thyateira (1884-1962) De betreurde Metropoliet Athenagoras Kavadas (1884-1962) werd geboren in Corfu (Griekenland), studeerde theologie in Athene. Hij werd in 1909 tot diaken en in 1910 tot priester gewijd. In hetzelfde jaar werd hij benoemd tot vicerector van het Rizarion-Seminarie in Athene, een functie die hij waarnam tot in &hellip; Continued","og_url":"https:\/\/orthodoxia.be\/nl\/metropoliet-athenagoras-van-belgie\/voorgangers\/le-metropolite-athenagoras-de-thyateira-1884-1962\/","og_site_name":"Orthodox Aartsbisdom van Belgi\u00eb","article_publisher":"https:\/\/www.facebook.com\/orthobel","article_modified_time":"2019-01-07T16:59:03+00:00","og_image":[{"width":429,"height":557,"url":"https:\/\/orthodoxia.be\/wp-content\/uploads\/2018\/02\/Athenagoras-Kavadas.jpg","type":"image\/jpeg"}],"twitter_card":"summary_large_image","twitter_site":"@orthobel","twitter_misc":{"Geschatte leestijd":"2 minuten"},"schema":{"@context":"https:\/\/schema.org","@graph":[{"@type":"WebPage","@id":"https:\/\/orthodoxia.be\/nl\/metropoliet-athenagoras-van-belgie\/voorgangers\/le-metropolite-athenagoras-de-thyateira-1884-1962\/","url":"https:\/\/orthodoxia.be\/nl\/metropoliet-athenagoras-van-belgie\/voorgangers\/le-metropolite-athenagoras-de-thyateira-1884-1962\/","name":"De betreurde Metropoliet Athenagoras Kavadas van Thyateira (1884-1962) - Orthodox Aartsbisdom van Belgi\u00eb","isPartOf":{"@id":"https:\/\/orthodoxia.be\/#website"},"primaryImageOfPage":{"@id":"https:\/\/orthodoxia.be\/nl\/metropoliet-athenagoras-van-belgie\/voorgangers\/le-metropolite-athenagoras-de-thyateira-1884-1962\/#primaryimage"},"image":{"@id":"https:\/\/orthodoxia.be\/nl\/metropoliet-athenagoras-van-belgie\/voorgangers\/le-metropolite-athenagoras-de-thyateira-1884-1962\/#primaryimage"},"thumbnailUrl":"https:\/\/orthodoxia.be\/wp-content\/uploads\/2018\/02\/Athenagoras-Kavadas.jpg","datePublished":"2018-02-07T09:47:30+00:00","dateModified":"2019-01-07T16:59:03+00:00","breadcrumb":{"@id":"https:\/\/orthodoxia.be\/nl\/metropoliet-athenagoras-van-belgie\/voorgangers\/le-metropolite-athenagoras-de-thyateira-1884-1962\/#breadcrumb"},"inLanguage":"nl-BE","potentialAction":[{"@type":"ReadAction","target":["https:\/\/orthodoxia.be\/nl\/metropoliet-athenagoras-van-belgie\/voorgangers\/le-metropolite-athenagoras-de-thyateira-1884-1962\/"]}]},{"@type":"ImageObject","inLanguage":"nl-BE","@id":"https:\/\/orthodoxia.be\/nl\/metropoliet-athenagoras-van-belgie\/voorgangers\/le-metropolite-athenagoras-de-thyateira-1884-1962\/#primaryimage","url":"https:\/\/orthodoxia.be\/wp-content\/uploads\/2018\/02\/Athenagoras-Kavadas.jpg","contentUrl":"https:\/\/orthodoxia.be\/wp-content\/uploads\/2018\/02\/Athenagoras-Kavadas.jpg","width":429,"height":557},{"@type":"BreadcrumbList","@id":"https:\/\/orthodoxia.be\/nl\/metropoliet-athenagoras-van-belgie\/voorgangers\/le-metropolite-athenagoras-de-thyateira-1884-1962\/#breadcrumb","itemListElement":[{"@type":"ListItem","position":1,"name":"Home","item":"https:\/\/orthodoxia.be\/nl\/"},{"@type":"ListItem","position":2,"name":"Metropoliet Athenagoras van Belgi\u00eb","item":"https:\/\/orthodoxia.be\/nl\/metropoliet-athenagoras-van-belgie\/"},{"@type":"ListItem","position":3,"name":"Voorgangers","item":"https:\/\/orthodoxia.be\/nl\/metropoliet-athenagoras-van-belgie\/voorgangers\/"},{"@type":"ListItem","position":4,"name":"De betreurde Metropoliet Athenagoras Kavadas van Thyateira (1884-1962)"}]},{"@type":"WebSite","@id":"https:\/\/orthodoxia.be\/#website","url":"https:\/\/orthodoxia.be\/","name":"Orthodox Archdiocese of Belgium (Benelux)","description":"Exarch of the Nederland en Luxemburg","publisher":{"@id":"https:\/\/orthodoxia.be\/#organization"},"alternateName":"IMB","potentialAction":[{"@type":"SearchAction","target":{"@type":"EntryPoint","urlTemplate":"https:\/\/orthodoxia.be\/?s={search_term_string}"},"query-input":{"@type":"PropertyValueSpecification","valueRequired":true,"valueName":"search_term_string"}}],"inLanguage":"nl-BE"},{"@type":"Organization","@id":"https:\/\/orthodoxia.be\/#organization","name":"Orthodox Archdiocese of Belgium (Benelux)","url":"https:\/\/orthodoxia.be\/","logo":{"@type":"ImageObject","inLanguage":"nl-BE","@id":"https:\/\/orthodoxia.be\/#\/schema\/logo\/image\/","url":"https:\/\/orthodoxia.be\/wp-content\/uploads\/2024\/02\/cropped-IMB-logo-512-cl-1.png","contentUrl":"https:\/\/orthodoxia.be\/wp-content\/uploads\/2024\/02\/cropped-IMB-logo-512-cl-1.png","width":512,"height":512,"caption":"Orthodox Archdiocese of Belgium (Benelux)"},"image":{"@id":"https:\/\/orthodoxia.be\/#\/schema\/logo\/image\/"},"sameAs":["https:\/\/www.facebook.com\/orthobel","https:\/\/x.com\/orthobel","https:\/\/www.youtube.com\/c\/orthobel","https:\/\/www.mixcloud.com\/orthobel\/","https:\/\/www.flickr.com\/photos\/148264890@N07\/albums","https:\/\/www.dailymotion.com\/Orthobel"]}]}},"_links":{"self":[{"href":"https:\/\/orthodoxia.be\/nl\/wp-json\/wp\/v2\/pages\/5492","targetHints":{"allow":["GET"]}}],"collection":[{"href":"https:\/\/orthodoxia.be\/nl\/wp-json\/wp\/v2\/pages"}],"about":[{"href":"https:\/\/orthodoxia.be\/nl\/wp-json\/wp\/v2\/types\/page"}],"author":[{"embeddable":true,"href":"https:\/\/orthodoxia.be\/nl\/wp-json\/wp\/v2\/users\/2"}],"replies":[{"embeddable":true,"href":"https:\/\/orthodoxia.be\/nl\/wp-json\/wp\/v2\/comments?post=5492"}],"version-history":[{"count":7,"href":"https:\/\/orthodoxia.be\/nl\/wp-json\/wp\/v2\/pages\/5492\/revisions"}],"predecessor-version":[{"id":15623,"href":"https:\/\/orthodoxia.be\/nl\/wp-json\/wp\/v2\/pages\/5492\/revisions\/15623"}],"up":[{"embeddable":true,"href":"https:\/\/orthodoxia.be\/nl\/wp-json\/wp\/v2\/pages\/10182"}],"wp:featuredmedia":[{"embeddable":true,"href":"https:\/\/orthodoxia.be\/nl\/wp-json\/wp\/v2\/media\/5620"}],"wp:attachment":[{"href":"https:\/\/orthodoxia.be\/nl\/wp-json\/wp\/v2\/media?parent=5492"}],"curies":[{"name":"wp","href":"https:\/\/api.w.org\/{rel}","templated":true}]}}