{"id":5745,"date":"2018-02-19T14:21:08","date_gmt":"2018-02-19T13:21:08","guid":{"rendered":"http:\/\/new.orthodoxia.be\/?page_id=5745"},"modified":"2022-11-14T12:57:51","modified_gmt":"2022-11-14T11:57:51","slug":"de-orthodoxe-kerk-in-de-wereld","status":"publish","type":"page","link":"https:\/\/orthodoxia.be\/nl\/oecumenisch-patriarchaat\/de-orthodoxe-kerk-in-de-wereld\/","title":{"rendered":"De Orthodoxe Kerk in de Wereld"},"content":{"rendered":"<h2 class=\"header-title\" style=\"text-align: center;\"><strong>De Orthodoxe Kerk in de Wereld<\/strong><\/h2>\n<p>&nbsp;<\/p>\n<p style=\"text-align: justify;\">De Orthodoxe Kerk is, samen met de Rooms-Katholieke Kerk en de Kerken die uit de Reformatie zijn voortgesproten, \u00e9\u00e9n van de drie belangrijkste uitdrukkingen van het historisch christendom. In haar getrouwheid aan het apostolisch geloof, belijdt de Orthodoxie een leerstellige en sacramentele eenheid, die zich manifesteert in de conciliaire natuur van haar kerkelijke organisatie. De lokale Kerken die geroepen zijn om de verschillende voorbestemde gemeenschappen die in de geschiedenis oprijzen te heiligen, zijn in de belijdenis van een gemeenschappelijk geloof verenigd. Deze eenheid vindt men in het bijzonder weer in de Byzantijnse Liturgie, die de facto de Liturgie werd waarin zich, in een brede synthese van de theologie van de Kerkvaders en de Concilies, de historische en spirituele continu\u00efteit van de Orthodoxie uitdrukt. Zij wordt vandaag over de gehele wereld in de meest verschillende talen gecelebreerd.<\/p>\n<p style=\"text-align: justify;\">Door de grote migraties van de XIXe en vooral de XXe eeuw, onder de druk van de economische ellende (de uittocht naar de Nieuwe Wereld en naar Australi\u00eb, later naar Centraal-Europa), ofwel door de oorlog en de vervolgingen (communistische revoluties, ineenstorting van het Griekenland van Klein-Azi\u00eb, de Palestijnse en Libanese drama&#8217;s), heeft het orthodox christendom zijn geografisch Oosters karakter verloren. De Orthodoxe Kerk is heden ten dage op alle continenten aanwezig en de ontmoeting tussen de Orthodoxie en het Westen is, dankzij de verschillende orthodoxe diaspora&#8217;s, ontegensprekelijk \u00e9\u00e9n van de grote spirituele gebeurtenissen van onze tijd.<\/p>\n<p style=\"text-align: justify;\">Het fundamentele kanonieke principe van de organisatie van de Orthodoxe Kerk is dat van de lokale of territoriale Kerk : \u00e9\u00e9n enkele bisschop op dezelfde plaats, die samen met de priester die hij in de parochies benoemt, \u00e9\u00e9n bisdom vormt. De bisdommen beleven hun eenheid rond centra&#8217;s van samenspraak of centra&#8217;s van communio, waarvan de bisschoppen bepaalde voorrechten van toewijding ontvangen om tussen de lokale Kerken het leven te laten circuleren en te vermijden dat ze zich zouden isoleren. Het gaat hier eerst en vooral over Aartsbisdommen, dan over Autokefale Kerken (die hun eigen primaat kiezen) of Autonome Kerken (de keuze van de primaat wordt door het Oecumenisch Patriarchaat bevestigd). De Autokefale Kerken kunnen ofwel samenvallen met de burgerlijke gemeenschappen, die missiegebieden waren of opnieuw werden (aldus Alexandri\u00eb voor Afrika, Antiochi\u00eb voor de Semitische wereld), ofwel met de nationale gemeenschappen. Op universeel niveau tenslotte is het sedert het schisma van de XIe eeuw de Kerk van Konstantinopel, of het Oecumenisch Patriarchaat, waarvan de zetel zich in Istanbul (Turkije) bevindt, die het ere-primaatschap heeft en een bepaalde rol speelt van initiatieven en voorzitterschap in het geheel van de Orthodoxe Kerk.<\/p>\n<p style=\"text-align: justify;\">De Orthodoxe Kerk omvat vandaag de vier oude Patriarchaten van Konstantinopel (Oecumenisch Patriarchaat), Alexandri\u00eb, Antiochi\u00eb (zetel te Damascus) en Jeruzalem; de Patriarchaten van recentere datum: het Patriarchaten van Moskou (1589), van Servi\u00eb (1920), Roemeni\u00eb (1925), Bulgarije (1953), en Georgi\u00eb (1990, maar waarvan de oorsprong teruggaat tot in de IVe eeuw), alsook de Autokefale Kerken : Cyprus, Griekenland, Polen, Albani\u00eb (na haar onderdrukking door de communistische machthebbers in 1967, konden de niet-clandestiene vieringen pas einde 1990 hervat worden), Tjechi\u00eb en Slovakije, en Oekra\u00efne; en de twee Autonome Kerken van &#8220;Finland&#8221; en &#8220;Estland&#8221;.ie et Slovaquie; et les Eglises autonomes de Finlande et d&#8217;Estonie.<\/p>\n<p style=\"text-align: justify;\">Het aantal Orthodoxen in de gehele wereld varieert volgens de schattingen rond de 250 miljoen. De situatie in dewelke momenteel de meeste van de lokale Orthodoxe Kerken leven, maakt elke religieuze statistiek moeilijk, zoniet onmogelijk.<\/p>\n<p>&nbsp;<\/p>\n<h2 style=\"text-align: center;\"><span style=\"color: #800000;\"><strong>DE PATRIARCHATEN EN\u00a0DE AUTOKEFALE KERKEN<\/strong><\/span><\/h2>\n<p>&nbsp;<\/p>\n<h3 style=\"text-align: justify;\"><strong>DE OUDE PATRIARCHATEN :<\/strong><\/h3>\n<h3 style=\"text-align: justify;\"><strong>OECUMENISCH PATRIARCHAAT<\/strong><\/h3>\n<p style=\"text-align: justify;\">Zijn Alheiligheid Bartholomeos I, Aartsbisschop van Konstantinopel,<br \/>\nhet Nieuwe Rome en Oecumenisch Patriarch,<br \/>\nRum Patrikhanesi &#8211; Hali\u00e7 Fener<br \/>\n34220 ISTANBUL &#8211; Turkije<br \/>\nTel: <a href=\"t:+902125319670\">+90.212\/531.96.70<\/a>-6<br \/>\nFax: +90.212\/534.90.37<br \/>\nE-mail: <a href=\"mailto:patriarchate@ec-patr.org\">patriarchate@ec-patr.org<\/a><br \/>\nSite: http:\/\/www.ec-patr.org\/<\/p>\n<p><strong>PATRIARCHAAT VAN ALEXANDRIE<\/strong><\/p>\n<p style=\"text-align: justify;\">Zijn Gelukzaligheid Theodoros II, Paus en Patriarch van Alexandri\u00eb en geheel het land van Egypte<br \/>\nP.O. Box 2006<br \/>\nALEXANDRIE, Egypte<br \/>\nTel:<a href=\"t:+2034868595\"> +20.3\/486.85.95<\/a>,<a href=\"t:+2034861744\"> +20.3\/486.17.44<\/a>,\u00a0<a href=\"t:+2034875839\">+20.3\/487.58.39<\/a><br \/>\nFax: +20.3\/487.56.84<br \/>\nE-mail: <a href=\"mailto:patriarxeio.alexandreias@gmail.com\">patriarxeio.alexandreias@gmail.com<\/a><br \/>\nSite: http:\/\/www.patriarchateofalexandria.com<\/p>\n<p><strong>PATRIARCHAAT VAN ANTIOCHIE<\/strong><\/p>\n<p style=\"text-align: justify;\">Zijn Gelukzaligheid Jean X, Patriarch van Antiochi\u00eb en het gehele Oosten<br \/>\nP.O. Box 9<br \/>\nDAMAS, Syri\u00eb<br \/>\nTel: <a href=\"t:+963115424400\">+963.11\/542.44.00<\/a>\/1\/2\/3<br \/>\nFax: +963.11\/542.44.04<br \/>\nE-mail: <a href=\"mailto:secretary@antiochpatriarchate.org\">secretary@antiochpatriarchate.org<\/a><br \/>\nSite: http:\/\/antiochpatriarchate.org<\/p>\n<p><strong>PATRIARCHAAT VAN JERUZALEM<\/strong><\/p>\n<p style=\"text-align: justify;\">Zijn Gelukzaligheid Theophilos III, Patriarch van de Heilige Stad Jeruzalem en geheel Palestini\u00eb<br \/>\nP.O.Box 19632<br \/>\nJERUSALEM, Isra\u00ebl<br \/>\nTel: <a href=\"t:+97226274941\">+972.2\/627.49.41<\/a>, +972-546112486<br \/>\nFax: +972.2\/628.20.48<br \/>\nE-mail: <a href=\"mailto:secretariat@jerusalem-patriarchate.info\">secretariat@jerusalem-patriarchate.info<\/a><br \/>\nSite: http:\/\/www.jerusalem-patriarchate.info<\/p>\n<h2 style=\"text-align: center;\"><strong><span style=\"color: #800000;\">DE NIEUWE PATRIARCHATEN<\/span> <\/strong>:<\/h2>\n<h3><\/h3>\n<h3 style=\"text-align: justify;\"><strong>PATRIARCHAAT VAN MOSKOU<\/strong><\/h3>\n<p style=\"text-align: justify;\">Zijn Gelukzaligheid Cyrille, Patriarch van Moskou en geheel Rusland<br \/>\nTchisty Pereulok 5<br \/>\n119034 MOSKOU, Rusland<br \/>\nTel: <a href=\"t:+74956372340\">+7.495\/637.23.40<\/a><br \/>\nFax: +7.499\/578.03.49<br \/>\nE-mail: <a href=\"mailto:info1@patriarchia.ru\">info1@patriarchia.ru<\/a><br \/>\nSite: https:\/\/mospat.ru\/en\/<\/p>\n<p><strong>PATRIARCHAAT VAN SERVIE<\/strong><\/p>\n<p style=\"text-align: justify;\">Zijn Gelukzaligheid, Aartsbisschop van Pe\u00e7,\u00a0Porphyrios<br \/>\nMetropoliet van Belgrade-Karlovci en Patriarch van de Servi\u00ebrs<br \/>\n5 Kralja Petra Str.<br \/>\n11000 Belgrade, Serbia<br \/>\nT\u00e9l:<a href=\"t:+381113025101\"> +381-11-3025-101<\/a>, +064\/800-1821<br \/>\nT\u00e9l\/Fax: <a href=\"t:+381113283997\">+381-11-3283-997<\/a><br \/>\nE-mail: <a href=\"mailto:patoffice@spc.rs\">patoffice@spc.rs<\/a><br \/>\nSite: http:\/\/www.spc.rs\/eng\/<\/p>\n<p><strong>PATRIARCHAAT VAN ROEMENIE<\/strong><\/p>\n<p style=\"text-align: justify;\">Zijn Gelukzaligheid Daniel, Aartsbisschop van Bucarest, Metropoliet van Hungrovlachia en Patriarch van Roemeni\u00eb<br \/>\nAleea Dealul Mitropoliei, no. 25<br \/>\nRO &#8211; 040163, BUCURESTI IV, Roemeni\u00eb<br \/>\nTel: <a href=\"t:+40213370830\">+40.21\/337.08.30<\/a><br \/>\nFax: +40.21\/337.08.22<br \/>\nE-mail: cancelaria@patriarhia.ro<br \/>\nSite: http:\/\/www.patriarhia.ro\/<\/p>\n<p><strong>PATRIARCHAAT VAN BULGARIJE<\/strong><\/p>\n<p style=\"text-align: justify;\">Zijn Gelukzaligheid N\u00e9ophyte, Patriarch van Sofia en van geheel Bulgarije<br \/>\nOboruiste 4<br \/>\n1000 SOFIA, Bulgarije<br \/>\nTel: <a href=\"t:+35929875611\">+359.2\/987.56.11<\/a><br \/>\nFax: +359.2\/989.76.00<br \/>\nE-mail: <a href=\"mailto:synodicalchancellery@abv.bg\">synodicalchancellery@abv.bg<\/a><br \/>\nSite: http:\/\/www.bg-patriarshia.bg<\/p>\n<p><strong>PATRIARCHAAT VAN GEORGIE<\/strong><\/p>\n<p style=\"text-align: justify;\">Zijn Gelukzaligheid Elia II, Aartsbisschop van Mzcheta en Tbilissi en<br \/>\nKatholikos Patriarch van geheel Georgi\u00eb<br \/>\nErekle II&#8217;s sq.<br \/>\n380005 TBILISSI, Georgi\u00eb<br \/>\nTel: <a href=\"t:+99522990378\">+995.22\/99.03.78<\/a><br \/>\nFax: +995.22\/98.71.14<br \/>\nE-mail: <a href=\"mailto:info@patriarchate.ge\">info@patriarchate.ge<\/a><br \/>\nSite: http:\/\/www.patriarchate.ge\/<\/p>\n<h2 style=\"text-align: center;\"><span style=\"color: #800000;\"><strong>DE OVERIGE AUTOKEFALE KERKEN :<\/strong><\/span><\/h2>\n<p>&nbsp;<\/p>\n<p><strong>KERK VAN CYPRUS<\/strong><\/p>\n<p style=\"text-align: justify;\">Zijn Gelukzaligheid Chrysostomos II, Aartsbisschop van Nieuw-Justiniana en geheel Cyprus<br \/>\nP.O. Box 21130<br \/>\n1502 NIKOSIA, Cyprus<br \/>\nTel: <a href=\"t:+35722554600\">+357.2\/25.54.600<\/a><br \/>\nFax: +357.2\/23.45.235<br \/>\nE-mail: <a href=\"mailto:iakyprou@cy.net\">iakyprou@cy.net<\/a>, <a href=\"mailto:info@churchofcypruseu.com\">info@churchofcypruseu.com<\/a><br \/>\nSite: http:\/\/www.churchofcyprus.org.cy<\/p>\n<p><strong>KERK VAN GRIEKENLAND<\/strong><\/p>\n<p style=\"text-align: justify;\">Zijn Gelukzaligheid Hi\u00e9ronymos II, Aartsbisschop van Athene en geheel Griekenland<br \/>\nIoan. Gennadiou 14<br \/>\n115 21 ATHENE, Griekenland<br \/>\nTel: <a href=\"t:+302107272204\">+30.210\/72.72.204<\/a> Centre T\u00e9l: <a href=\"t:+302107272202\">+30.210\/72\/72.202-210<\/a><br \/>\nFax: +30.210\/72.72.210<br \/>\nE-mail: <a href=\"mailto:holysynod@ecclesia.gr\">holysynod@ecclesia.gr<\/a><br \/>\nSite: http:\/\/www.ecclesia.gr\/<\/p>\n<p><strong>KERK VAN POLEN<\/strong><\/p>\n<p style=\"text-align: justify;\">Zijn Gelukzaligheid Sawa, Aartsbisschop van Warschau en Metropoliet van geheel Polen<br \/>\nAl. Solidarnosci 52<br \/>\n03-402 WARSZAWA, Polen<br \/>\nTel: <a href=\"t:+48226190886\">+48.22\/619-08-86<\/a><br \/>\nFax: +48.22\/619-29-96<br \/>\nE-mail: <a href=\"mailto:kancelaria@orthodox.pl\">kancelaria@orthodox.pl<\/a><br \/>\nSite: http:\/\/www.orthodox.pl\/<\/p>\n<p><strong>KERK VAN ALBANIE<\/strong><\/p>\n<p style=\"text-align: justify;\">Zijn Gelukzaligheid Anastasios, Aartsbisschop van Tirana en geheel Albani\u00eb<br \/>\nKisha Orthodokse Autogefale te Shqiperis\u00eb<br \/>\nRr. e Kavaj\u00ebs 151, TIRANE, Albani\u00eb<br \/>\nTel: <a href=\"t:+35542234117\">+355.4\/22.34.117<\/a><br \/>\nFax: +355.4\/22.32.109<br \/>\nE-mail: <a href=\"mailto:orthchal@orthodoxalbania.org\">orthchal@orthodoxalbania.org<\/a><br \/>\nSite: http:\/\/www.orthodoxalbania.org\/<\/p>\n<p><strong>KERK VAN TSJECHIE en SLOWAKIJE<\/strong><\/p>\n<p style=\"text-align: justify;\">Zijn Gelukzaligheid Christophorus, Aartsbisschop van Tsjechi\u00eb en Slovakije.<br \/>\nBayerova 8<br \/>\n8001 PRESOV, Slowakije<br \/>\nSite: http:\/\/www.pravoslav.gts.cz\/<\/p>\n<p><strong>KERK VAN OEKRAINE<\/strong><\/p>\n<p>Zijn Gelukzaligheid Epiphanios\u00a0Aartsbisschop van Kiev engeheel Oekra\u00efne<br \/>\n<span>Ukraine, 01001, Kyiv<br \/>\n<\/span><span>Trokhsviatytelska Str. 8<br \/>\n<\/span><span>Site:\u00a0<\/span><a href=\"https:\/\/www.pomisna.info\/uk\/\">https:\/\/www.pomisna.info\/uk\/<\/a><\/p>\n<h2 style=\"text-align: center;\"><strong><span style=\"color: #800000;\">DE AUTONOME KERKEN :<\/span><\/strong><\/h2>\n<p>&nbsp;<\/p>\n<p><strong>KERK VAN FINLAND<\/strong><\/p>\n<p style=\"text-align: justify;\">Zijn Eminentie L\u00e9on, Aartsbisschop van Kareli\u00eb en geheel Finland<br \/>\nKarjalankatu 1<br \/>\n70110 KUOPIO, Finland<br \/>\nT\u00e9l: <a href=\"t:+358206100230\">+ 358 206 100 230<\/a><br \/>\nFax: + 358 206 100 211<br \/>\nE-mail: <a href=\"mailto:karjalan.hiippakunta@ort.fi\">karjalan.hiippakunta@ort.fi<\/a><br \/>\nSite: http:\/\/www.ort.fi\/<\/p>\n<p><strong>KERK VAN ESTLAND<\/strong><\/p>\n<p style=\"text-align: justify;\">Zijn Eminentie St\u00e9phanos, Metropoliet van Tallinn en geheel Estland<br \/>\nNurme 47<br \/>\n11616 TALLINN, Estland<br \/>\nE-mail: <a href=\"mailto:stefanus@eoc.ee\">stefanus@eoc.ee<\/a><br \/>\nSite: http:\/\/www.orthodoxa.org\/<\/p>\n","protected":false},"excerpt":{"rendered":"<p>De Orthodoxe Kerk in de Wereld &nbsp; De Orthodoxe Kerk is, samen met de Rooms-Katholieke Kerk en de Kerken die uit de Reformatie zijn voortgesproten, \u00e9\u00e9n van de drie belangrijkste uitdrukkingen van het historisch christendom. In haar getrouwheid aan het apostolisch geloof, belijdt de Orthodoxie een leerstellige en sacramentele eenheid, die zich manifesteert in de &hellip; <a href=\"https:\/\/orthodoxia.be\/nl\/oecumenisch-patriarchaat\/de-orthodoxe-kerk-in-de-wereld\/\">Continued<\/a><\/p>\n","protected":false},"author":2,"featured_media":47006,"parent":5645,"menu_order":4,"comment_status":"closed","ping_status":"closed","template":"","meta":{"_acf_changed":false,"footnotes":""},"class_list":["post-5745","page","type-page","status-publish","has-post-thumbnail","hentry"],"acf":[],"yoast_head":"<!-- This site is optimized with the Yoast SEO plugin v24.3 - https:\/\/yoast.com\/wordpress\/plugins\/seo\/ -->\n<title>De Orthodoxe Kerk in de Wereld - Orthodox Aartsbisdom van Belgi\u00eb<\/title>\n<meta name=\"robots\" content=\"index, follow, max-snippet:-1, max-image-preview:large, max-video-preview:-1\" \/>\n<link rel=\"canonical\" href=\"https:\/\/orthodoxia.be\/nl\/oecumenisch-patriarchaat\/de-orthodoxe-kerk-in-de-wereld\/\" \/>\n<meta property=\"og:locale\" content=\"nl_BE\" \/>\n<meta property=\"og:type\" content=\"article\" \/>\n<meta property=\"og:title\" content=\"De Orthodoxe Kerk in de Wereld - Orthodox Aartsbisdom van Belgi\u00eb\" \/>\n<meta property=\"og:description\" content=\"De Orthodoxe Kerk in de Wereld &nbsp; De Orthodoxe Kerk is, samen met de Rooms-Katholieke Kerk en de Kerken die uit de Reformatie zijn voortgesproten, \u00e9\u00e9n van de drie belangrijkste uitdrukkingen van het historisch christendom. In haar getrouwheid aan het apostolisch geloof, belijdt de Orthodoxie een leerstellige en sacramentele eenheid, die zich manifesteert in de &hellip; Continued\" \/>\n<meta property=\"og:url\" content=\"https:\/\/orthodoxia.be\/nl\/oecumenisch-patriarchaat\/de-orthodoxe-kerk-in-de-wereld\/\" \/>\n<meta property=\"og:site_name\" content=\"Orthodox Aartsbisdom van Belgi\u00eb\" \/>\n<meta property=\"article:publisher\" content=\"https:\/\/www.facebook.com\/orthobel\" \/>\n<meta property=\"article:modified_time\" content=\"2022-11-14T11:57:51+00:00\" \/>\n<meta property=\"og:image\" content=\"https:\/\/orthodoxia.be\/wp-content\/uploads\/2018\/03\/27260627834_acc2f0a510_k-e1530010531279.jpg\" \/>\n\t<meta property=\"og:image:width\" content=\"900\" \/>\n\t<meta property=\"og:image:height\" content=\"654\" \/>\n\t<meta property=\"og:image:type\" content=\"image\/jpeg\" \/>\n<meta name=\"twitter:card\" content=\"summary_large_image\" \/>\n<meta name=\"twitter:site\" content=\"@orthobel\" \/>\n<meta name=\"twitter:label1\" content=\"Geschatte leestijd\" \/>\n\t<meta name=\"twitter:data1\" content=\"6 minuten\" \/>\n<script type=\"application\/ld+json\" class=\"yoast-schema-graph\">{\"@context\":\"https:\/\/schema.org\",\"@graph\":[{\"@type\":\"WebPage\",\"@id\":\"https:\/\/orthodoxia.be\/nl\/oecumenisch-patriarchaat\/de-orthodoxe-kerk-in-de-wereld\/\",\"url\":\"https:\/\/orthodoxia.be\/nl\/oecumenisch-patriarchaat\/de-orthodoxe-kerk-in-de-wereld\/\",\"name\":\"De Orthodoxe Kerk in de Wereld - Orthodox Aartsbisdom van Belgi\u00eb\",\"isPartOf\":{\"@id\":\"https:\/\/orthodoxia.be\/#website\"},\"primaryImageOfPage\":{\"@id\":\"https:\/\/orthodoxia.be\/nl\/oecumenisch-patriarchaat\/de-orthodoxe-kerk-in-de-wereld\/#primaryimage\"},\"image\":{\"@id\":\"https:\/\/orthodoxia.be\/nl\/oecumenisch-patriarchaat\/de-orthodoxe-kerk-in-de-wereld\/#primaryimage\"},\"thumbnailUrl\":\"https:\/\/orthodoxia.be\/wp-content\/uploads\/2024\/11\/Greece_Hawkey_HGC_arrival_SmallSynaxis_0510.jpeg\",\"datePublished\":\"2018-02-19T13:21:08+00:00\",\"dateModified\":\"2022-11-14T11:57:51+00:00\",\"breadcrumb\":{\"@id\":\"https:\/\/orthodoxia.be\/nl\/oecumenisch-patriarchaat\/de-orthodoxe-kerk-in-de-wereld\/#breadcrumb\"},\"inLanguage\":\"nl-BE\",\"potentialAction\":[{\"@type\":\"ReadAction\",\"target\":[\"https:\/\/orthodoxia.be\/nl\/oecumenisch-patriarchaat\/de-orthodoxe-kerk-in-de-wereld\/\"]}]},{\"@type\":\"ImageObject\",\"inLanguage\":\"nl-BE\",\"@id\":\"https:\/\/orthodoxia.be\/nl\/oecumenisch-patriarchaat\/de-orthodoxe-kerk-in-de-wereld\/#primaryimage\",\"url\":\"https:\/\/orthodoxia.be\/wp-content\/uploads\/2024\/11\/Greece_Hawkey_HGC_arrival_SmallSynaxis_0510.jpeg\",\"contentUrl\":\"https:\/\/orthodoxia.be\/wp-content\/uploads\/2024\/11\/Greece_Hawkey_HGC_arrival_SmallSynaxis_0510.jpeg\",\"width\":780,\"height\":438},{\"@type\":\"BreadcrumbList\",\"@id\":\"https:\/\/orthodoxia.be\/nl\/oecumenisch-patriarchaat\/de-orthodoxe-kerk-in-de-wereld\/#breadcrumb\",\"itemListElement\":[{\"@type\":\"ListItem\",\"position\":1,\"name\":\"Home\",\"item\":\"https:\/\/orthodoxia.be\/nl\/\"},{\"@type\":\"ListItem\",\"position\":2,\"name\":\"Oecumenisch Patriarchaat\",\"item\":\"https:\/\/orthodoxia.be\/nl\/oecumenisch-patriarchaat\/\"},{\"@type\":\"ListItem\",\"position\":3,\"name\":\"De Orthodoxe Kerk in de Wereld\"}]},{\"@type\":\"WebSite\",\"@id\":\"https:\/\/orthodoxia.be\/#website\",\"url\":\"https:\/\/orthodoxia.be\/\",\"name\":\"Orthodox Archdiocese of Belgium (Benelux)\",\"description\":\"Exarch of the Nederland en Luxemburg\",\"publisher\":{\"@id\":\"https:\/\/orthodoxia.be\/#organization\"},\"alternateName\":\"IMB\",\"potentialAction\":[{\"@type\":\"SearchAction\",\"target\":{\"@type\":\"EntryPoint\",\"urlTemplate\":\"https:\/\/orthodoxia.be\/?s={search_term_string}\"},\"query-input\":{\"@type\":\"PropertyValueSpecification\",\"valueRequired\":true,\"valueName\":\"search_term_string\"}}],\"inLanguage\":\"nl-BE\"},{\"@type\":\"Organization\",\"@id\":\"https:\/\/orthodoxia.be\/#organization\",\"name\":\"Orthodox Archdiocese of Belgium (Benelux)\",\"url\":\"https:\/\/orthodoxia.be\/\",\"logo\":{\"@type\":\"ImageObject\",\"inLanguage\":\"nl-BE\",\"@id\":\"https:\/\/orthodoxia.be\/#\/schema\/logo\/image\/\",\"url\":\"https:\/\/orthodoxia.be\/wp-content\/uploads\/2024\/02\/cropped-IMB-logo-512-cl-1.png\",\"contentUrl\":\"https:\/\/orthodoxia.be\/wp-content\/uploads\/2024\/02\/cropped-IMB-logo-512-cl-1.png\",\"width\":512,\"height\":512,\"caption\":\"Orthodox Archdiocese of Belgium (Benelux)\"},\"image\":{\"@id\":\"https:\/\/orthodoxia.be\/#\/schema\/logo\/image\/\"},\"sameAs\":[\"https:\/\/www.facebook.com\/orthobel\",\"https:\/\/x.com\/orthobel\",\"https:\/\/www.youtube.com\/c\/orthobel\",\"https:\/\/www.mixcloud.com\/orthobel\/\",\"https:\/\/www.flickr.com\/photos\/148264890@N07\/albums\",\"https:\/\/www.dailymotion.com\/Orthobel\"]}]}<\/script>\n<!-- \/ Yoast SEO plugin. -->","yoast_head_json":{"title":"De Orthodoxe Kerk in de Wereld - Orthodox Aartsbisdom van Belgi\u00eb","robots":{"index":"index","follow":"follow","max-snippet":"max-snippet:-1","max-image-preview":"max-image-preview:large","max-video-preview":"max-video-preview:-1"},"canonical":"https:\/\/orthodoxia.be\/nl\/oecumenisch-patriarchaat\/de-orthodoxe-kerk-in-de-wereld\/","og_locale":"nl_BE","og_type":"article","og_title":"De Orthodoxe Kerk in de Wereld - Orthodox Aartsbisdom van Belgi\u00eb","og_description":"De Orthodoxe Kerk in de Wereld &nbsp; De Orthodoxe Kerk is, samen met de Rooms-Katholieke Kerk en de Kerken die uit de Reformatie zijn voortgesproten, \u00e9\u00e9n van de drie belangrijkste uitdrukkingen van het historisch christendom. In haar getrouwheid aan het apostolisch geloof, belijdt de Orthodoxie een leerstellige en sacramentele eenheid, die zich manifesteert in de &hellip; Continued","og_url":"https:\/\/orthodoxia.be\/nl\/oecumenisch-patriarchaat\/de-orthodoxe-kerk-in-de-wereld\/","og_site_name":"Orthodox Aartsbisdom van Belgi\u00eb","article_publisher":"https:\/\/www.facebook.com\/orthobel","article_modified_time":"2022-11-14T11:57:51+00:00","og_image":[{"width":900,"height":654,"url":"https:\/\/orthodoxia.be\/wp-content\/uploads\/2018\/03\/27260627834_acc2f0a510_k-e1530010531279.jpg","type":"image\/jpeg"}],"twitter_card":"summary_large_image","twitter_site":"@orthobel","twitter_misc":{"Geschatte leestijd":"6 minuten"},"schema":{"@context":"https:\/\/schema.org","@graph":[{"@type":"WebPage","@id":"https:\/\/orthodoxia.be\/nl\/oecumenisch-patriarchaat\/de-orthodoxe-kerk-in-de-wereld\/","url":"https:\/\/orthodoxia.be\/nl\/oecumenisch-patriarchaat\/de-orthodoxe-kerk-in-de-wereld\/","name":"De Orthodoxe Kerk in de Wereld - Orthodox Aartsbisdom van Belgi\u00eb","isPartOf":{"@id":"https:\/\/orthodoxia.be\/#website"},"primaryImageOfPage":{"@id":"https:\/\/orthodoxia.be\/nl\/oecumenisch-patriarchaat\/de-orthodoxe-kerk-in-de-wereld\/#primaryimage"},"image":{"@id":"https:\/\/orthodoxia.be\/nl\/oecumenisch-patriarchaat\/de-orthodoxe-kerk-in-de-wereld\/#primaryimage"},"thumbnailUrl":"https:\/\/orthodoxia.be\/wp-content\/uploads\/2024\/11\/Greece_Hawkey_HGC_arrival_SmallSynaxis_0510.jpeg","datePublished":"2018-02-19T13:21:08+00:00","dateModified":"2022-11-14T11:57:51+00:00","breadcrumb":{"@id":"https:\/\/orthodoxia.be\/nl\/oecumenisch-patriarchaat\/de-orthodoxe-kerk-in-de-wereld\/#breadcrumb"},"inLanguage":"nl-BE","potentialAction":[{"@type":"ReadAction","target":["https:\/\/orthodoxia.be\/nl\/oecumenisch-patriarchaat\/de-orthodoxe-kerk-in-de-wereld\/"]}]},{"@type":"ImageObject","inLanguage":"nl-BE","@id":"https:\/\/orthodoxia.be\/nl\/oecumenisch-patriarchaat\/de-orthodoxe-kerk-in-de-wereld\/#primaryimage","url":"https:\/\/orthodoxia.be\/wp-content\/uploads\/2024\/11\/Greece_Hawkey_HGC_arrival_SmallSynaxis_0510.jpeg","contentUrl":"https:\/\/orthodoxia.be\/wp-content\/uploads\/2024\/11\/Greece_Hawkey_HGC_arrival_SmallSynaxis_0510.jpeg","width":780,"height":438},{"@type":"BreadcrumbList","@id":"https:\/\/orthodoxia.be\/nl\/oecumenisch-patriarchaat\/de-orthodoxe-kerk-in-de-wereld\/#breadcrumb","itemListElement":[{"@type":"ListItem","position":1,"name":"Home","item":"https:\/\/orthodoxia.be\/nl\/"},{"@type":"ListItem","position":2,"name":"Oecumenisch Patriarchaat","item":"https:\/\/orthodoxia.be\/nl\/oecumenisch-patriarchaat\/"},{"@type":"ListItem","position":3,"name":"De Orthodoxe Kerk in de Wereld"}]},{"@type":"WebSite","@id":"https:\/\/orthodoxia.be\/#website","url":"https:\/\/orthodoxia.be\/","name":"Orthodox Archdiocese of Belgium (Benelux)","description":"Exarch of the Nederland en Luxemburg","publisher":{"@id":"https:\/\/orthodoxia.be\/#organization"},"alternateName":"IMB","potentialAction":[{"@type":"SearchAction","target":{"@type":"EntryPoint","urlTemplate":"https:\/\/orthodoxia.be\/?s={search_term_string}"},"query-input":{"@type":"PropertyValueSpecification","valueRequired":true,"valueName":"search_term_string"}}],"inLanguage":"nl-BE"},{"@type":"Organization","@id":"https:\/\/orthodoxia.be\/#organization","name":"Orthodox Archdiocese of Belgium (Benelux)","url":"https:\/\/orthodoxia.be\/","logo":{"@type":"ImageObject","inLanguage":"nl-BE","@id":"https:\/\/orthodoxia.be\/#\/schema\/logo\/image\/","url":"https:\/\/orthodoxia.be\/wp-content\/uploads\/2024\/02\/cropped-IMB-logo-512-cl-1.png","contentUrl":"https:\/\/orthodoxia.be\/wp-content\/uploads\/2024\/02\/cropped-IMB-logo-512-cl-1.png","width":512,"height":512,"caption":"Orthodox Archdiocese of Belgium (Benelux)"},"image":{"@id":"https:\/\/orthodoxia.be\/#\/schema\/logo\/image\/"},"sameAs":["https:\/\/www.facebook.com\/orthobel","https:\/\/x.com\/orthobel","https:\/\/www.youtube.com\/c\/orthobel","https:\/\/www.mixcloud.com\/orthobel\/","https:\/\/www.flickr.com\/photos\/148264890@N07\/albums","https:\/\/www.dailymotion.com\/Orthobel"]}]}},"_links":{"self":[{"href":"https:\/\/orthodoxia.be\/nl\/wp-json\/wp\/v2\/pages\/5745","targetHints":{"allow":["GET"]}}],"collection":[{"href":"https:\/\/orthodoxia.be\/nl\/wp-json\/wp\/v2\/pages"}],"about":[{"href":"https:\/\/orthodoxia.be\/nl\/wp-json\/wp\/v2\/types\/page"}],"author":[{"embeddable":true,"href":"https:\/\/orthodoxia.be\/nl\/wp-json\/wp\/v2\/users\/2"}],"replies":[{"embeddable":true,"href":"https:\/\/orthodoxia.be\/nl\/wp-json\/wp\/v2\/comments?post=5745"}],"version-history":[{"count":16,"href":"https:\/\/orthodoxia.be\/nl\/wp-json\/wp\/v2\/pages\/5745\/revisions"}],"predecessor-version":[{"id":39596,"href":"https:\/\/orthodoxia.be\/nl\/wp-json\/wp\/v2\/pages\/5745\/revisions\/39596"}],"up":[{"embeddable":true,"href":"https:\/\/orthodoxia.be\/nl\/wp-json\/wp\/v2\/pages\/5645"}],"wp:featuredmedia":[{"embeddable":true,"href":"https:\/\/orthodoxia.be\/nl\/wp-json\/wp\/v2\/media\/47006"}],"wp:attachment":[{"href":"https:\/\/orthodoxia.be\/nl\/wp-json\/wp\/v2\/media?parent=5745"}],"curies":[{"name":"wp","href":"https:\/\/api.w.org\/{rel}","templated":true}]}}