{"id":6834,"date":"2018-03-07T11:29:26","date_gmt":"2018-03-07T10:29:26","guid":{"rendered":"http:\/\/new.orthodoxia.be\/?page_id=6834"},"modified":"2018-04-20T10:05:12","modified_gmt":"2018-04-20T08:05:12","slug":"erkende-kerk","status":"publish","type":"page","link":"https:\/\/orthodoxia.be\/nl\/erkende-kerk\/","title":{"rendered":"Erkende Kerk"},"content":{"rendered":"<h1>BELGI\u00cb<\/h1>\n<h2><strong>Het wettelijk statuut van de Orthodoxe Kerk in Belgi\u00eb<\/strong><\/h2>\n<p>Sinds de wet van 17 april 1985 is de Orthodoxe Kerk door de Belgische Staat erkend als offici\u00eble eredienst (cf. Belgisch Staatsblad van zaterdag 11 mei 1985 &#8211; 155e jaargang, nr.91).<\/p>\n<h2><strong>Organisatie van de Orthodoxe Eredienst<\/strong><\/h2>\n<p>Het Koninklijk Besluit van 15 maart 1988 (cf. Belgisch Staatsblad van donderdag 31 maart 1988 &#8211; 158e jaargang, nr.63) voorziet de organisatie van de raden van de Kerkfabrieken van de orthodoxe eredienst.<\/p>\n<p>Zo bepaalt dit K.B. dat de betrekkingen met de burgerlijke overheid verzekerd worden door een representatief orgaan van het geheel van de Orthodoxe Kerk. Het regelt tevens de organisatie van de besturen eigen aan de orthodoxe eredienst op basis van het grondgebied van de provincie. Het maakt evenwel de oprichting mogelijk van verschillende kerkfabrieksraden op het grondgebied van eenzelfde provincie of van een kerkfabrieksraad op het grondgebied van meer dan \u00e9\u00e9n provincie.<\/p>\n<h2><strong>Representatief orgaan voor het geheel van de Orthodoxe Kerk<\/strong><\/h2>\n<p>Het 1ste artikel van ditzelfde K.B. van 15 maart 1988 (cf. supra) bepaalt dat het representatief orgaan voor de ganse Orthodoxe Kerk de Metropoliet-Aartsbisschop van het Oecumenisch Patriarchaat van Constantinopel is; letterlijk:<\/p>\n<p><em>\u201cDe Metropoliet-Aartsbisschop van het Oecumenisch Patriarchaat van Constantinopel of zijn plaatsvervanger wordt door Ons erkend als representatief orgaan van het geheel van de Orthodoxe Kerk\u201d<\/em> (Hfdst. I &#8211; artikel 1).<\/p>\n<h2><strong>Titularis<\/strong><\/h2>\n<p>Zijne Eminentie Metropoliet Athenagoras van Belgi\u00eb<br \/>\nExarch van het Oecumenisch Patriarchaat<br \/>\nCharbolaan 71<br \/>\n1030 Brussel<br \/>\nBelgi\u00eb<\/p>\n<p>E-mail: <span><a href=\"mailto:belgiou@orthodoxia.be\">belgiou@orthodoxia.be<\/a><br \/>\n<\/span>Tel. +32.2\/736.52.78<\/p>\n<h1><strong>IN HET GROOT HERTOGDOM LUXEMBURG<\/strong><\/h1>\n<p>De Orthodoxe Kerk van Luxemburg werd door de Luxemburgische overheid erkend op 26 januari 2015.<\/p>\n<p>Au Chapitre 5 de la Convention on retrouve les dispositions sp\u00e9cifiques concernant l\u2019\u00c9glise Orthodoxe du Luxembourg:<\/p>\n<p>Art. 27. L\u2019\u00c9glise orthodoxe du Luxembourg regroupe les communaut\u00e9s orthodoxes d\u2019expressions hell\u00e9nique, russe, serbe et roumaine du Luxembourg.<\/p>\n<p>Art. 28. L\u2019\u00c9glise poss\u00e8de la personnalit\u00e9 civile. Elle est repr\u00e9sent\u00e9e judiciairement et extrajudiciairement par l\u2019Archev\u00eaque\u2013M\u00e9tropolite de Belgique, Exarque des Pays- Bas et du Luxembourg relevant du Patriarcat \u0152cum\u00e9nique de Constantinople ou par son repr\u00e9sentant sp\u00e9cialement mandat\u00e9 par \u00e9crit par lui.<\/p>\n<p>De overeekomst vervangt deze van 1997 en 2004 tussen de Orthodoxe Kerk en de Luxemburgische Overheid.<\/p>\n<h2><strong>Titularis<\/strong><\/h2>\n<p>Zijne Eminentie Metropoliet Athenagoras van Belgi\u00eb<br \/>\nExarch van het Oecumenisch Patriarchaat<br \/>\nCharbolaan 71<br \/>\n1030 Brussel<br \/>\nBelgi\u00eb<\/p>\n<p>E-mail: <span><a href=\"mailto:belgiou@orthodoxia.be\">belgiou@orthodoxia.be<\/a><br \/>\n<\/span>Tel. +32.2\/736.52.78<\/p>\n","protected":false},"excerpt":{"rendered":"<p>BELGI\u00cb Het wettelijk statuut van de Orthodoxe Kerk in Belgi\u00eb Sinds de wet van 17 april 1985 is de Orthodoxe Kerk door de Belgische Staat erkend als offici\u00eble eredienst (cf. Belgisch Staatsblad van zaterdag 11 mei 1985 &#8211; 155e jaargang, nr.91). Organisatie van de Orthodoxe Eredienst Het Koninklijk Besluit van 15 maart 1988 (cf. Belgisch &hellip; <a href=\"https:\/\/orthodoxia.be\/nl\/erkende-kerk\/\">Continued<\/a><\/p>\n","protected":false},"author":2,"featured_media":158,"parent":0,"menu_order":9,"comment_status":"closed","ping_status":"closed","template":"","meta":{"_acf_changed":false,"footnotes":""},"class_list":["post-6834","page","type-page","status-publish","has-post-thumbnail","hentry"],"acf":[],"yoast_head":"<!-- This site is optimized with the Yoast SEO plugin v24.3 - https:\/\/yoast.com\/wordpress\/plugins\/seo\/ -->\n<title>Erkende Kerk - Orthodox Aartsbisdom van Belgi\u00eb<\/title>\n<meta name=\"robots\" content=\"index, follow, max-snippet:-1, max-image-preview:large, max-video-preview:-1\" \/>\n<link rel=\"canonical\" href=\"https:\/\/orthodoxia.be\/nl\/erkende-kerk\/\" \/>\n<meta property=\"og:locale\" content=\"nl_BE\" \/>\n<meta property=\"og:type\" content=\"article\" \/>\n<meta property=\"og:title\" content=\"Erkende Kerk - Orthodox Aartsbisdom van Belgi\u00eb\" \/>\n<meta property=\"og:description\" content=\"BELGI\u00cb Het wettelijk statuut van de Orthodoxe Kerk in Belgi\u00eb Sinds de wet van 17 april 1985 is de Orthodoxe Kerk door de Belgische Staat erkend als offici\u00eble eredienst (cf. Belgisch Staatsblad van zaterdag 11 mei 1985 &#8211; 155e jaargang, nr.91). Organisatie van de Orthodoxe Eredienst Het Koninklijk Besluit van 15 maart 1988 (cf. Belgisch &hellip; Continued\" \/>\n<meta property=\"og:url\" content=\"https:\/\/orthodoxia.be\/nl\/erkende-kerk\/\" \/>\n<meta property=\"og:site_name\" content=\"Orthodox Aartsbisdom van Belgi\u00eb\" \/>\n<meta property=\"article:publisher\" content=\"https:\/\/www.facebook.com\/orthobel\" \/>\n<meta property=\"article:modified_time\" content=\"2018-04-20T08:05:12+00:00\" \/>\n<meta property=\"og:image\" content=\"https:\/\/orthodoxia.be\/wp-content\/uploads\/2017\/09\/cropped-cropped-logo-benelux-tr-fc.png\" \/>\n\t<meta property=\"og:image:width\" content=\"250\" \/>\n\t<meta property=\"og:image:height\" content=\"250\" \/>\n\t<meta property=\"og:image:type\" content=\"image\/png\" \/>\n<meta name=\"twitter:card\" content=\"summary_large_image\" \/>\n<meta name=\"twitter:site\" content=\"@orthobel\" \/>\n<meta name=\"twitter:label1\" content=\"Geschatte leestijd\" \/>\n\t<meta name=\"twitter:data1\" content=\"2 minuten\" \/>\n<script type=\"application\/ld+json\" class=\"yoast-schema-graph\">{\"@context\":\"https:\/\/schema.org\",\"@graph\":[{\"@type\":\"WebPage\",\"@id\":\"https:\/\/orthodoxia.be\/nl\/erkende-kerk\/\",\"url\":\"https:\/\/orthodoxia.be\/nl\/erkende-kerk\/\",\"name\":\"Erkende Kerk - Orthodox Aartsbisdom van Belgi\u00eb\",\"isPartOf\":{\"@id\":\"https:\/\/orthodoxia.be\/#website\"},\"primaryImageOfPage\":{\"@id\":\"https:\/\/orthodoxia.be\/nl\/erkende-kerk\/#primaryimage\"},\"image\":{\"@id\":\"https:\/\/orthodoxia.be\/nl\/erkende-kerk\/#primaryimage\"},\"thumbnailUrl\":\"https:\/\/orthodoxia.be\/wp-content\/uploads\/2017\/09\/cropped-cropped-logo-benelux-tr-fc.png\",\"datePublished\":\"2018-03-07T10:29:26+00:00\",\"dateModified\":\"2018-04-20T08:05:12+00:00\",\"breadcrumb\":{\"@id\":\"https:\/\/orthodoxia.be\/nl\/erkende-kerk\/#breadcrumb\"},\"inLanguage\":\"nl-BE\",\"potentialAction\":[{\"@type\":\"ReadAction\",\"target\":[\"https:\/\/orthodoxia.be\/nl\/erkende-kerk\/\"]}]},{\"@type\":\"ImageObject\",\"inLanguage\":\"nl-BE\",\"@id\":\"https:\/\/orthodoxia.be\/nl\/erkende-kerk\/#primaryimage\",\"url\":\"https:\/\/orthodoxia.be\/wp-content\/uploads\/2017\/09\/cropped-cropped-logo-benelux-tr-fc.png\",\"contentUrl\":\"https:\/\/orthodoxia.be\/wp-content\/uploads\/2017\/09\/cropped-cropped-logo-benelux-tr-fc.png\",\"width\":250,\"height\":250},{\"@type\":\"BreadcrumbList\",\"@id\":\"https:\/\/orthodoxia.be\/nl\/erkende-kerk\/#breadcrumb\",\"itemListElement\":[{\"@type\":\"ListItem\",\"position\":1,\"name\":\"Home\",\"item\":\"https:\/\/orthodoxia.be\/nl\/\"},{\"@type\":\"ListItem\",\"position\":2,\"name\":\"Erkende Kerk\"}]},{\"@type\":\"WebSite\",\"@id\":\"https:\/\/orthodoxia.be\/#website\",\"url\":\"https:\/\/orthodoxia.be\/\",\"name\":\"Orthodox Archdiocese of Belgium (Benelux)\",\"description\":\"Exarch of the Nederland en Luxemburg\",\"publisher\":{\"@id\":\"https:\/\/orthodoxia.be\/#organization\"},\"alternateName\":\"IMB\",\"potentialAction\":[{\"@type\":\"SearchAction\",\"target\":{\"@type\":\"EntryPoint\",\"urlTemplate\":\"https:\/\/orthodoxia.be\/?s={search_term_string}\"},\"query-input\":{\"@type\":\"PropertyValueSpecification\",\"valueRequired\":true,\"valueName\":\"search_term_string\"}}],\"inLanguage\":\"nl-BE\"},{\"@type\":\"Organization\",\"@id\":\"https:\/\/orthodoxia.be\/#organization\",\"name\":\"Orthodox Archdiocese of Belgium (Benelux)\",\"url\":\"https:\/\/orthodoxia.be\/\",\"logo\":{\"@type\":\"ImageObject\",\"inLanguage\":\"nl-BE\",\"@id\":\"https:\/\/orthodoxia.be\/#\/schema\/logo\/image\/\",\"url\":\"https:\/\/orthodoxia.be\/wp-content\/uploads\/2024\/02\/cropped-IMB-logo-512-cl-1.png\",\"contentUrl\":\"https:\/\/orthodoxia.be\/wp-content\/uploads\/2024\/02\/cropped-IMB-logo-512-cl-1.png\",\"width\":512,\"height\":512,\"caption\":\"Orthodox Archdiocese of Belgium (Benelux)\"},\"image\":{\"@id\":\"https:\/\/orthodoxia.be\/#\/schema\/logo\/image\/\"},\"sameAs\":[\"https:\/\/www.facebook.com\/orthobel\",\"https:\/\/x.com\/orthobel\",\"https:\/\/www.youtube.com\/c\/orthobel\",\"https:\/\/www.mixcloud.com\/orthobel\/\",\"https:\/\/www.flickr.com\/photos\/148264890@N07\/albums\",\"https:\/\/www.dailymotion.com\/Orthobel\"]}]}<\/script>\n<!-- \/ Yoast SEO plugin. -->","yoast_head_json":{"title":"Erkende Kerk - Orthodox Aartsbisdom van Belgi\u00eb","robots":{"index":"index","follow":"follow","max-snippet":"max-snippet:-1","max-image-preview":"max-image-preview:large","max-video-preview":"max-video-preview:-1"},"canonical":"https:\/\/orthodoxia.be\/nl\/erkende-kerk\/","og_locale":"nl_BE","og_type":"article","og_title":"Erkende Kerk - Orthodox Aartsbisdom van Belgi\u00eb","og_description":"BELGI\u00cb Het wettelijk statuut van de Orthodoxe Kerk in Belgi\u00eb Sinds de wet van 17 april 1985 is de Orthodoxe Kerk door de Belgische Staat erkend als offici\u00eble eredienst (cf. Belgisch Staatsblad van zaterdag 11 mei 1985 &#8211; 155e jaargang, nr.91). Organisatie van de Orthodoxe Eredienst Het Koninklijk Besluit van 15 maart 1988 (cf. Belgisch &hellip; Continued","og_url":"https:\/\/orthodoxia.be\/nl\/erkende-kerk\/","og_site_name":"Orthodox Aartsbisdom van Belgi\u00eb","article_publisher":"https:\/\/www.facebook.com\/orthobel","article_modified_time":"2018-04-20T08:05:12+00:00","og_image":[{"width":250,"height":250,"url":"https:\/\/orthodoxia.be\/wp-content\/uploads\/2017\/09\/cropped-cropped-logo-benelux-tr-fc.png","type":"image\/png"}],"twitter_card":"summary_large_image","twitter_site":"@orthobel","twitter_misc":{"Geschatte leestijd":"2 minuten"},"schema":{"@context":"https:\/\/schema.org","@graph":[{"@type":"WebPage","@id":"https:\/\/orthodoxia.be\/nl\/erkende-kerk\/","url":"https:\/\/orthodoxia.be\/nl\/erkende-kerk\/","name":"Erkende Kerk - Orthodox Aartsbisdom van Belgi\u00eb","isPartOf":{"@id":"https:\/\/orthodoxia.be\/#website"},"primaryImageOfPage":{"@id":"https:\/\/orthodoxia.be\/nl\/erkende-kerk\/#primaryimage"},"image":{"@id":"https:\/\/orthodoxia.be\/nl\/erkende-kerk\/#primaryimage"},"thumbnailUrl":"https:\/\/orthodoxia.be\/wp-content\/uploads\/2017\/09\/cropped-cropped-logo-benelux-tr-fc.png","datePublished":"2018-03-07T10:29:26+00:00","dateModified":"2018-04-20T08:05:12+00:00","breadcrumb":{"@id":"https:\/\/orthodoxia.be\/nl\/erkende-kerk\/#breadcrumb"},"inLanguage":"nl-BE","potentialAction":[{"@type":"ReadAction","target":["https:\/\/orthodoxia.be\/nl\/erkende-kerk\/"]}]},{"@type":"ImageObject","inLanguage":"nl-BE","@id":"https:\/\/orthodoxia.be\/nl\/erkende-kerk\/#primaryimage","url":"https:\/\/orthodoxia.be\/wp-content\/uploads\/2017\/09\/cropped-cropped-logo-benelux-tr-fc.png","contentUrl":"https:\/\/orthodoxia.be\/wp-content\/uploads\/2017\/09\/cropped-cropped-logo-benelux-tr-fc.png","width":250,"height":250},{"@type":"BreadcrumbList","@id":"https:\/\/orthodoxia.be\/nl\/erkende-kerk\/#breadcrumb","itemListElement":[{"@type":"ListItem","position":1,"name":"Home","item":"https:\/\/orthodoxia.be\/nl\/"},{"@type":"ListItem","position":2,"name":"Erkende Kerk"}]},{"@type":"WebSite","@id":"https:\/\/orthodoxia.be\/#website","url":"https:\/\/orthodoxia.be\/","name":"Orthodox Archdiocese of Belgium (Benelux)","description":"Exarch of the Nederland en Luxemburg","publisher":{"@id":"https:\/\/orthodoxia.be\/#organization"},"alternateName":"IMB","potentialAction":[{"@type":"SearchAction","target":{"@type":"EntryPoint","urlTemplate":"https:\/\/orthodoxia.be\/?s={search_term_string}"},"query-input":{"@type":"PropertyValueSpecification","valueRequired":true,"valueName":"search_term_string"}}],"inLanguage":"nl-BE"},{"@type":"Organization","@id":"https:\/\/orthodoxia.be\/#organization","name":"Orthodox Archdiocese of Belgium (Benelux)","url":"https:\/\/orthodoxia.be\/","logo":{"@type":"ImageObject","inLanguage":"nl-BE","@id":"https:\/\/orthodoxia.be\/#\/schema\/logo\/image\/","url":"https:\/\/orthodoxia.be\/wp-content\/uploads\/2024\/02\/cropped-IMB-logo-512-cl-1.png","contentUrl":"https:\/\/orthodoxia.be\/wp-content\/uploads\/2024\/02\/cropped-IMB-logo-512-cl-1.png","width":512,"height":512,"caption":"Orthodox Archdiocese of Belgium (Benelux)"},"image":{"@id":"https:\/\/orthodoxia.be\/#\/schema\/logo\/image\/"},"sameAs":["https:\/\/www.facebook.com\/orthobel","https:\/\/x.com\/orthobel","https:\/\/www.youtube.com\/c\/orthobel","https:\/\/www.mixcloud.com\/orthobel\/","https:\/\/www.flickr.com\/photos\/148264890@N07\/albums","https:\/\/www.dailymotion.com\/Orthobel"]}]}},"_links":{"self":[{"href":"https:\/\/orthodoxia.be\/nl\/wp-json\/wp\/v2\/pages\/6834","targetHints":{"allow":["GET"]}}],"collection":[{"href":"https:\/\/orthodoxia.be\/nl\/wp-json\/wp\/v2\/pages"}],"about":[{"href":"https:\/\/orthodoxia.be\/nl\/wp-json\/wp\/v2\/types\/page"}],"author":[{"embeddable":true,"href":"https:\/\/orthodoxia.be\/nl\/wp-json\/wp\/v2\/users\/2"}],"replies":[{"embeddable":true,"href":"https:\/\/orthodoxia.be\/nl\/wp-json\/wp\/v2\/comments?post=6834"}],"version-history":[{"count":2,"href":"https:\/\/orthodoxia.be\/nl\/wp-json\/wp\/v2\/pages\/6834\/revisions"}],"predecessor-version":[{"id":8096,"href":"https:\/\/orthodoxia.be\/nl\/wp-json\/wp\/v2\/pages\/6834\/revisions\/8096"}],"wp:featuredmedia":[{"embeddable":true,"href":"https:\/\/orthodoxia.be\/nl\/wp-json\/wp\/v2\/media\/158"}],"wp:attachment":[{"href":"https:\/\/orthodoxia.be\/nl\/wp-json\/wp\/v2\/media?parent=6834"}],"curies":[{"name":"wp","href":"https:\/\/api.w.org\/{rel}","templated":true}]}}