{"id":6940,"date":"2018-01-24T08:44:08","date_gmt":"2018-01-24T07:44:08","guid":{"rendered":"http:\/\/new.orthodoxia.be\/?page_id=6940"},"modified":"2022-11-14T11:11:25","modified_gmt":"2022-11-14T10:11:25","slug":"archonten","status":"publish","type":"page","link":"https:\/\/orthodoxia.be\/nl\/orthodox-aartsbisdom-van-belgie\/archonten\/","title":{"rendered":"Archonten"},"content":{"rendered":"<h2><b>Archonten van de Heilige en Grote Kerk van Christus<\/b><\/h2>\n<p>Georgios Kartalis, Archon Grote Nomofylax (in Belgi\u00eb)<br \/>\nGeorgios Petrou, Archon Ekdikos (in Belgi\u00eb)<br \/>\nPanagiotis Yannopoulos, Archon Notarios (in Belgi\u00eb)<br \/>\nAvraam Nalbantoglou, Archon Ypomnimatografos (in Belgi\u00eb)<br \/>\nStylianos Kymbaridis, Archon Ieromnimon (in Belgi\u00eb)<br \/>\nTheodoros Roussis, Archon Depoutatos (in Belgi\u00eb)<br \/>\nBoris Gurov, Archon Orfanotrofos (in Belgi\u00eb)<br \/>\nKonstantinos Vamvakas, Archon Protonotarios (in Belgi\u00eb)<br \/>\nTheocharis Grammatikos Archon Didaskalos tou Genous (in Luxemburg)<br \/>\nGeorgios Kritikos, Archon Referendarios (in Belgi\u00eb)<\/p>\n","protected":false},"excerpt":{"rendered":"<p>Archonten van de Heilige en Grote Kerk van Christus Georgios Kartalis, Archon Grote Nomofylax (in Belgi\u00eb) Georgios Petrou, Archon Ekdikos (in Belgi\u00eb) Panagiotis Yannopoulos, Archon Notarios (in Belgi\u00eb) Avraam Nalbantoglou, Archon Ypomnimatografos (in Belgi\u00eb) Stylianos Kymbaridis, Archon Ieromnimon (in Belgi\u00eb) Theodoros Roussis, Archon Depoutatos (in Belgi\u00eb) Boris Gurov, Archon Orfanotrofos (in Belgi\u00eb) Konstantinos Vamvakas, Archon &hellip; <a href=\"https:\/\/orthodoxia.be\/nl\/orthodox-aartsbisdom-van-belgie\/archonten\/\">Continued<\/a><\/p>\n","protected":false},"author":2,"featured_media":6931,"parent":6891,"menu_order":7,"comment_status":"closed","ping_status":"closed","template":"","meta":{"_acf_changed":false,"footnotes":""},"class_list":["post-6940","page","type-page","status-publish","has-post-thumbnail","hentry"],"acf":[],"yoast_head":"<!-- This site is optimized with the Yoast SEO plugin v24.3 - https:\/\/yoast.com\/wordpress\/plugins\/seo\/ -->\n<title>Archonten - Orthodox Aartsbisdom van Belgi\u00eb<\/title>\n<meta name=\"robots\" content=\"index, follow, max-snippet:-1, max-image-preview:large, max-video-preview:-1\" \/>\n<link rel=\"canonical\" href=\"https:\/\/orthodoxia.be\/\u1f31\u03b5\u03c1\u03ac-\u03bc\u03b7\u03c4\u03c1\u03cc\u03c0\u03bf\u03bb\u03b9\u03c2-\u03b2\u03b5\u03bb\u03b3\u03af\u03bf\u03c5\/\u1f04\u03c1\u03c7\u03bf\u03bd\u03c4\u03b5\u03c2\/\" \/>\n<meta property=\"og:locale\" content=\"nl_BE\" \/>\n<meta property=\"og:type\" content=\"article\" \/>\n<meta property=\"og:title\" content=\"Archonten - Orthodox Aartsbisdom van Belgi\u00eb\" \/>\n<meta property=\"og:description\" content=\"Archonten van de Heilige en Grote Kerk van Christus Georgios Kartalis, Archon Grote Nomofylax (in Belgi\u00eb) Georgios Petrou, Archon Ekdikos (in Belgi\u00eb) Panagiotis Yannopoulos, Archon Notarios (in Belgi\u00eb) Avraam Nalbantoglou, Archon Ypomnimatografos (in Belgi\u00eb) Stylianos Kymbaridis, Archon Ieromnimon (in Belgi\u00eb) Theodoros Roussis, Archon Depoutatos (in Belgi\u00eb) Boris Gurov, Archon Orfanotrofos (in Belgi\u00eb) Konstantinos Vamvakas, Archon &hellip; Continued\" \/>\n<meta property=\"og:url\" content=\"https:\/\/orthodoxia.be\/\u1f31\u03b5\u03c1\u03ac-\u03bc\u03b7\u03c4\u03c1\u03cc\u03c0\u03bf\u03bb\u03b9\u03c2-\u03b2\u03b5\u03bb\u03b3\u03af\u03bf\u03c5\/\u1f04\u03c1\u03c7\u03bf\u03bd\u03c4\u03b5\u03c2\/\" \/>\n<meta property=\"og:site_name\" content=\"Orthodox Aartsbisdom van Belgi\u00eb\" \/>\n<meta property=\"article:publisher\" content=\"https:\/\/www.facebook.com\/orthobel\" \/>\n<meta property=\"article:modified_time\" content=\"2022-11-14T10:11:25+00:00\" \/>\n<meta property=\"og:image\" content=\"https:\/\/orthodoxia.be\/wp-content\/uploads\/2018\/03\/arxontes.jpg\" \/>\n\t<meta property=\"og:image:width\" content=\"1200\" \/>\n\t<meta property=\"og:image:height\" content=\"455\" \/>\n\t<meta property=\"og:image:type\" content=\"image\/jpeg\" \/>\n<meta name=\"twitter:card\" content=\"summary_large_image\" \/>\n<meta name=\"twitter:site\" content=\"@orthobel\" \/>\n<script type=\"application\/ld+json\" class=\"yoast-schema-graph\">{\"@context\":\"https:\/\/schema.org\",\"@graph\":[{\"@type\":\"WebPage\",\"@id\":\"https:\/\/orthodoxia.be\/%e1%bc%b1%ce%b5%cf%81%ce%ac-%ce%bc%ce%b7%cf%84%cf%81%cf%8c%cf%80%ce%bf%ce%bb%ce%b9%cf%82-%ce%b2%ce%b5%ce%bb%ce%b3%ce%af%ce%bf%cf%85\/%e1%bc%84%cf%81%cf%87%ce%bf%ce%bd%cf%84%ce%b5%cf%82\/\",\"url\":\"https:\/\/orthodoxia.be\/%e1%bc%b1%ce%b5%cf%81%ce%ac-%ce%bc%ce%b7%cf%84%cf%81%cf%8c%cf%80%ce%bf%ce%bb%ce%b9%cf%82-%ce%b2%ce%b5%ce%bb%ce%b3%ce%af%ce%bf%cf%85\/%e1%bc%84%cf%81%cf%87%ce%bf%ce%bd%cf%84%ce%b5%cf%82\/\",\"name\":\"Archonten - Orthodox Aartsbisdom van Belgi\u00eb\",\"isPartOf\":{\"@id\":\"https:\/\/orthodoxia.be\/#website\"},\"primaryImageOfPage\":{\"@id\":\"https:\/\/orthodoxia.be\/%e1%bc%b1%ce%b5%cf%81%ce%ac-%ce%bc%ce%b7%cf%84%cf%81%cf%8c%cf%80%ce%bf%ce%bb%ce%b9%cf%82-%ce%b2%ce%b5%ce%bb%ce%b3%ce%af%ce%bf%cf%85\/%e1%bc%84%cf%81%cf%87%ce%bf%ce%bd%cf%84%ce%b5%cf%82\/#primaryimage\"},\"image\":{\"@id\":\"https:\/\/orthodoxia.be\/%e1%bc%b1%ce%b5%cf%81%ce%ac-%ce%bc%ce%b7%cf%84%cf%81%cf%8c%cf%80%ce%bf%ce%bb%ce%b9%cf%82-%ce%b2%ce%b5%ce%bb%ce%b3%ce%af%ce%bf%cf%85\/%e1%bc%84%cf%81%cf%87%ce%bf%ce%bd%cf%84%ce%b5%cf%82\/#primaryimage\"},\"thumbnailUrl\":\"https:\/\/orthodoxia.be\/wp-content\/uploads\/2018\/03\/arxontes.jpg\",\"datePublished\":\"2018-01-24T07:44:08+00:00\",\"dateModified\":\"2022-11-14T10:11:25+00:00\",\"breadcrumb\":{\"@id\":\"https:\/\/orthodoxia.be\/%e1%bc%b1%ce%b5%cf%81%ce%ac-%ce%bc%ce%b7%cf%84%cf%81%cf%8c%cf%80%ce%bf%ce%bb%ce%b9%cf%82-%ce%b2%ce%b5%ce%bb%ce%b3%ce%af%ce%bf%cf%85\/%e1%bc%84%cf%81%cf%87%ce%bf%ce%bd%cf%84%ce%b5%cf%82\/#breadcrumb\"},\"inLanguage\":\"nl-BE\",\"potentialAction\":[{\"@type\":\"ReadAction\",\"target\":[\"https:\/\/orthodoxia.be\/%e1%bc%b1%ce%b5%cf%81%ce%ac-%ce%bc%ce%b7%cf%84%cf%81%cf%8c%cf%80%ce%bf%ce%bb%ce%b9%cf%82-%ce%b2%ce%b5%ce%bb%ce%b3%ce%af%ce%bf%cf%85\/%e1%bc%84%cf%81%cf%87%ce%bf%ce%bd%cf%84%ce%b5%cf%82\/\"]}]},{\"@type\":\"ImageObject\",\"inLanguage\":\"nl-BE\",\"@id\":\"https:\/\/orthodoxia.be\/%e1%bc%b1%ce%b5%cf%81%ce%ac-%ce%bc%ce%b7%cf%84%cf%81%cf%8c%cf%80%ce%bf%ce%bb%ce%b9%cf%82-%ce%b2%ce%b5%ce%bb%ce%b3%ce%af%ce%bf%cf%85\/%e1%bc%84%cf%81%cf%87%ce%bf%ce%bd%cf%84%ce%b5%cf%82\/#primaryimage\",\"url\":\"https:\/\/orthodoxia.be\/wp-content\/uploads\/2018\/03\/arxontes.jpg\",\"contentUrl\":\"https:\/\/orthodoxia.be\/wp-content\/uploads\/2018\/03\/arxontes.jpg\",\"width\":1200,\"height\":455},{\"@type\":\"BreadcrumbList\",\"@id\":\"https:\/\/orthodoxia.be\/%e1%bc%b1%ce%b5%cf%81%ce%ac-%ce%bc%ce%b7%cf%84%cf%81%cf%8c%cf%80%ce%bf%ce%bb%ce%b9%cf%82-%ce%b2%ce%b5%ce%bb%ce%b3%ce%af%ce%bf%cf%85\/%e1%bc%84%cf%81%cf%87%ce%bf%ce%bd%cf%84%ce%b5%cf%82\/#breadcrumb\",\"itemListElement\":[{\"@type\":\"ListItem\",\"position\":1,\"name\":\"Home\",\"item\":\"https:\/\/orthodoxia.be\/nl\/\"},{\"@type\":\"ListItem\",\"position\":2,\"name\":\"Orthodox Aartsbisdom van Belgi\u00eb\",\"item\":\"https:\/\/orthodoxia.be\/nl\/orthodox-aartsbisdom-van-belgie\/\"},{\"@type\":\"ListItem\",\"position\":3,\"name\":\"Archonten\"}]},{\"@type\":\"WebSite\",\"@id\":\"https:\/\/orthodoxia.be\/#website\",\"url\":\"https:\/\/orthodoxia.be\/\",\"name\":\"Orthodox Archdiocese of Belgium (Benelux)\",\"description\":\"Exarch of the Nederland en Luxemburg\",\"publisher\":{\"@id\":\"https:\/\/orthodoxia.be\/#organization\"},\"alternateName\":\"IMB\",\"potentialAction\":[{\"@type\":\"SearchAction\",\"target\":{\"@type\":\"EntryPoint\",\"urlTemplate\":\"https:\/\/orthodoxia.be\/?s={search_term_string}\"},\"query-input\":{\"@type\":\"PropertyValueSpecification\",\"valueRequired\":true,\"valueName\":\"search_term_string\"}}],\"inLanguage\":\"nl-BE\"},{\"@type\":\"Organization\",\"@id\":\"https:\/\/orthodoxia.be\/#organization\",\"name\":\"Orthodox Archdiocese of Belgium (Benelux)\",\"url\":\"https:\/\/orthodoxia.be\/\",\"logo\":{\"@type\":\"ImageObject\",\"inLanguage\":\"nl-BE\",\"@id\":\"https:\/\/orthodoxia.be\/#\/schema\/logo\/image\/\",\"url\":\"https:\/\/orthodoxia.be\/wp-content\/uploads\/2024\/02\/cropped-IMB-logo-512-cl-1.png\",\"contentUrl\":\"https:\/\/orthodoxia.be\/wp-content\/uploads\/2024\/02\/cropped-IMB-logo-512-cl-1.png\",\"width\":512,\"height\":512,\"caption\":\"Orthodox Archdiocese of Belgium (Benelux)\"},\"image\":{\"@id\":\"https:\/\/orthodoxia.be\/#\/schema\/logo\/image\/\"},\"sameAs\":[\"https:\/\/www.facebook.com\/orthobel\",\"https:\/\/x.com\/orthobel\",\"https:\/\/www.youtube.com\/c\/orthobel\",\"https:\/\/www.mixcloud.com\/orthobel\/\",\"https:\/\/www.flickr.com\/photos\/148264890@N07\/albums\",\"https:\/\/www.dailymotion.com\/Orthobel\"]}]}<\/script>\n<!-- \/ Yoast SEO plugin. -->","yoast_head_json":{"title":"Archonten - Orthodox Aartsbisdom van Belgi\u00eb","robots":{"index":"index","follow":"follow","max-snippet":"max-snippet:-1","max-image-preview":"max-image-preview:large","max-video-preview":"max-video-preview:-1"},"canonical":"https:\/\/orthodoxia.be\/\u1f31\u03b5\u03c1\u03ac-\u03bc\u03b7\u03c4\u03c1\u03cc\u03c0\u03bf\u03bb\u03b9\u03c2-\u03b2\u03b5\u03bb\u03b3\u03af\u03bf\u03c5\/\u1f04\u03c1\u03c7\u03bf\u03bd\u03c4\u03b5\u03c2\/","og_locale":"nl_BE","og_type":"article","og_title":"Archonten - Orthodox Aartsbisdom van Belgi\u00eb","og_description":"Archonten van de Heilige en Grote Kerk van Christus Georgios Kartalis, Archon Grote Nomofylax (in Belgi\u00eb) Georgios Petrou, Archon Ekdikos (in Belgi\u00eb) Panagiotis Yannopoulos, Archon Notarios (in Belgi\u00eb) Avraam Nalbantoglou, Archon Ypomnimatografos (in Belgi\u00eb) Stylianos Kymbaridis, Archon Ieromnimon (in Belgi\u00eb) Theodoros Roussis, Archon Depoutatos (in Belgi\u00eb) Boris Gurov, Archon Orfanotrofos (in Belgi\u00eb) Konstantinos Vamvakas, Archon &hellip; Continued","og_url":"https:\/\/orthodoxia.be\/\u1f31\u03b5\u03c1\u03ac-\u03bc\u03b7\u03c4\u03c1\u03cc\u03c0\u03bf\u03bb\u03b9\u03c2-\u03b2\u03b5\u03bb\u03b3\u03af\u03bf\u03c5\/\u1f04\u03c1\u03c7\u03bf\u03bd\u03c4\u03b5\u03c2\/","og_site_name":"Orthodox Aartsbisdom van Belgi\u00eb","article_publisher":"https:\/\/www.facebook.com\/orthobel","article_modified_time":"2022-11-14T10:11:25+00:00","og_image":[{"width":1200,"height":455,"url":"https:\/\/orthodoxia.be\/wp-content\/uploads\/2018\/03\/arxontes.jpg","type":"image\/jpeg"}],"twitter_card":"summary_large_image","twitter_site":"@orthobel","schema":{"@context":"https:\/\/schema.org","@graph":[{"@type":"WebPage","@id":"https:\/\/orthodoxia.be\/%e1%bc%b1%ce%b5%cf%81%ce%ac-%ce%bc%ce%b7%cf%84%cf%81%cf%8c%cf%80%ce%bf%ce%bb%ce%b9%cf%82-%ce%b2%ce%b5%ce%bb%ce%b3%ce%af%ce%bf%cf%85\/%e1%bc%84%cf%81%cf%87%ce%bf%ce%bd%cf%84%ce%b5%cf%82\/","url":"https:\/\/orthodoxia.be\/%e1%bc%b1%ce%b5%cf%81%ce%ac-%ce%bc%ce%b7%cf%84%cf%81%cf%8c%cf%80%ce%bf%ce%bb%ce%b9%cf%82-%ce%b2%ce%b5%ce%bb%ce%b3%ce%af%ce%bf%cf%85\/%e1%bc%84%cf%81%cf%87%ce%bf%ce%bd%cf%84%ce%b5%cf%82\/","name":"Archonten - Orthodox Aartsbisdom van Belgi\u00eb","isPartOf":{"@id":"https:\/\/orthodoxia.be\/#website"},"primaryImageOfPage":{"@id":"https:\/\/orthodoxia.be\/%e1%bc%b1%ce%b5%cf%81%ce%ac-%ce%bc%ce%b7%cf%84%cf%81%cf%8c%cf%80%ce%bf%ce%bb%ce%b9%cf%82-%ce%b2%ce%b5%ce%bb%ce%b3%ce%af%ce%bf%cf%85\/%e1%bc%84%cf%81%cf%87%ce%bf%ce%bd%cf%84%ce%b5%cf%82\/#primaryimage"},"image":{"@id":"https:\/\/orthodoxia.be\/%e1%bc%b1%ce%b5%cf%81%ce%ac-%ce%bc%ce%b7%cf%84%cf%81%cf%8c%cf%80%ce%bf%ce%bb%ce%b9%cf%82-%ce%b2%ce%b5%ce%bb%ce%b3%ce%af%ce%bf%cf%85\/%e1%bc%84%cf%81%cf%87%ce%bf%ce%bd%cf%84%ce%b5%cf%82\/#primaryimage"},"thumbnailUrl":"https:\/\/orthodoxia.be\/wp-content\/uploads\/2018\/03\/arxontes.jpg","datePublished":"2018-01-24T07:44:08+00:00","dateModified":"2022-11-14T10:11:25+00:00","breadcrumb":{"@id":"https:\/\/orthodoxia.be\/%e1%bc%b1%ce%b5%cf%81%ce%ac-%ce%bc%ce%b7%cf%84%cf%81%cf%8c%cf%80%ce%bf%ce%bb%ce%b9%cf%82-%ce%b2%ce%b5%ce%bb%ce%b3%ce%af%ce%bf%cf%85\/%e1%bc%84%cf%81%cf%87%ce%bf%ce%bd%cf%84%ce%b5%cf%82\/#breadcrumb"},"inLanguage":"nl-BE","potentialAction":[{"@type":"ReadAction","target":["https:\/\/orthodoxia.be\/%e1%bc%b1%ce%b5%cf%81%ce%ac-%ce%bc%ce%b7%cf%84%cf%81%cf%8c%cf%80%ce%bf%ce%bb%ce%b9%cf%82-%ce%b2%ce%b5%ce%bb%ce%b3%ce%af%ce%bf%cf%85\/%e1%bc%84%cf%81%cf%87%ce%bf%ce%bd%cf%84%ce%b5%cf%82\/"]}]},{"@type":"ImageObject","inLanguage":"nl-BE","@id":"https:\/\/orthodoxia.be\/%e1%bc%b1%ce%b5%cf%81%ce%ac-%ce%bc%ce%b7%cf%84%cf%81%cf%8c%cf%80%ce%bf%ce%bb%ce%b9%cf%82-%ce%b2%ce%b5%ce%bb%ce%b3%ce%af%ce%bf%cf%85\/%e1%bc%84%cf%81%cf%87%ce%bf%ce%bd%cf%84%ce%b5%cf%82\/#primaryimage","url":"https:\/\/orthodoxia.be\/wp-content\/uploads\/2018\/03\/arxontes.jpg","contentUrl":"https:\/\/orthodoxia.be\/wp-content\/uploads\/2018\/03\/arxontes.jpg","width":1200,"height":455},{"@type":"BreadcrumbList","@id":"https:\/\/orthodoxia.be\/%e1%bc%b1%ce%b5%cf%81%ce%ac-%ce%bc%ce%b7%cf%84%cf%81%cf%8c%cf%80%ce%bf%ce%bb%ce%b9%cf%82-%ce%b2%ce%b5%ce%bb%ce%b3%ce%af%ce%bf%cf%85\/%e1%bc%84%cf%81%cf%87%ce%bf%ce%bd%cf%84%ce%b5%cf%82\/#breadcrumb","itemListElement":[{"@type":"ListItem","position":1,"name":"Home","item":"https:\/\/orthodoxia.be\/nl\/"},{"@type":"ListItem","position":2,"name":"Orthodox Aartsbisdom van Belgi\u00eb","item":"https:\/\/orthodoxia.be\/nl\/orthodox-aartsbisdom-van-belgie\/"},{"@type":"ListItem","position":3,"name":"Archonten"}]},{"@type":"WebSite","@id":"https:\/\/orthodoxia.be\/#website","url":"https:\/\/orthodoxia.be\/","name":"Orthodox Archdiocese of Belgium (Benelux)","description":"Exarch of the Nederland en Luxemburg","publisher":{"@id":"https:\/\/orthodoxia.be\/#organization"},"alternateName":"IMB","potentialAction":[{"@type":"SearchAction","target":{"@type":"EntryPoint","urlTemplate":"https:\/\/orthodoxia.be\/?s={search_term_string}"},"query-input":{"@type":"PropertyValueSpecification","valueRequired":true,"valueName":"search_term_string"}}],"inLanguage":"nl-BE"},{"@type":"Organization","@id":"https:\/\/orthodoxia.be\/#organization","name":"Orthodox Archdiocese of Belgium (Benelux)","url":"https:\/\/orthodoxia.be\/","logo":{"@type":"ImageObject","inLanguage":"nl-BE","@id":"https:\/\/orthodoxia.be\/#\/schema\/logo\/image\/","url":"https:\/\/orthodoxia.be\/wp-content\/uploads\/2024\/02\/cropped-IMB-logo-512-cl-1.png","contentUrl":"https:\/\/orthodoxia.be\/wp-content\/uploads\/2024\/02\/cropped-IMB-logo-512-cl-1.png","width":512,"height":512,"caption":"Orthodox Archdiocese of Belgium (Benelux)"},"image":{"@id":"https:\/\/orthodoxia.be\/#\/schema\/logo\/image\/"},"sameAs":["https:\/\/www.facebook.com\/orthobel","https:\/\/x.com\/orthobel","https:\/\/www.youtube.com\/c\/orthobel","https:\/\/www.mixcloud.com\/orthobel\/","https:\/\/www.flickr.com\/photos\/148264890@N07\/albums","https:\/\/www.dailymotion.com\/Orthobel"]}]}},"_links":{"self":[{"href":"https:\/\/orthodoxia.be\/nl\/wp-json\/wp\/v2\/pages\/6940","targetHints":{"allow":["GET"]}}],"collection":[{"href":"https:\/\/orthodoxia.be\/nl\/wp-json\/wp\/v2\/pages"}],"about":[{"href":"https:\/\/orthodoxia.be\/nl\/wp-json\/wp\/v2\/types\/page"}],"author":[{"embeddable":true,"href":"https:\/\/orthodoxia.be\/nl\/wp-json\/wp\/v2\/users\/2"}],"replies":[{"embeddable":true,"href":"https:\/\/orthodoxia.be\/nl\/wp-json\/wp\/v2\/comments?post=6940"}],"version-history":[{"count":9,"href":"https:\/\/orthodoxia.be\/nl\/wp-json\/wp\/v2\/pages\/6940\/revisions"}],"predecessor-version":[{"id":39590,"href":"https:\/\/orthodoxia.be\/nl\/wp-json\/wp\/v2\/pages\/6940\/revisions\/39590"}],"up":[{"embeddable":true,"href":"https:\/\/orthodoxia.be\/nl\/wp-json\/wp\/v2\/pages\/6891"}],"wp:featuredmedia":[{"embeddable":true,"href":"https:\/\/orthodoxia.be\/nl\/wp-json\/wp\/v2\/media\/6931"}],"wp:attachment":[{"href":"https:\/\/orthodoxia.be\/nl\/wp-json\/wp\/v2\/media?parent=6940"}],"curies":[{"name":"wp","href":"https:\/\/api.w.org\/{rel}","templated":true}]}}