{"id":8047,"date":"2018-01-11T14:15:27","date_gmt":"2018-01-11T13:15:27","guid":{"rendered":"http:\/\/new.orthodoxia.be\/?page_id=8047"},"modified":"2020-10-06T13:42:20","modified_gmt":"2020-10-06T11:42:20","slug":"orthodoxe-bisschoppenconferentie-van-de-benelux","status":"publish","type":"page","link":"https:\/\/orthodoxia.be\/nl\/orthodoxe-bisschoppenconferentie-van-de-benelux\/","title":{"rendered":"Orthodoxe Bisschoppenconferentie van de Benelux"},"content":{"rendered":"<h2 style=\"text-align: justify;\"><strong>Geschiedenis<\/strong><\/h2>\n<p style=\"text-align: justify;\">De Orthodoxe Bisschoppenconferentie van de Benelux werd opgericht in 2010, op basis van een besluit van de IV<sup>e<\/sup>\u00a0 Panorthodoxe Preconciliaire Conferentie in Chamb\u00e9sy in 2009.<\/p>\n<h2 style=\"text-align: justify;\"><strong>Beslissing van de IV<sup>e<\/sup>\u00a0 Panorthodoxe Preconciliaire Conferentie<\/strong><\/h2>\n<p style=\"text-align: justify;\">In juni 2009 heeft de IV<sup>e<\/sup> \u00a0Panorthodoxe Preconciliaire Conferentie, bijeengekomen in het Orthodoxe Centrum van het Oecumenisch Patriarchaat in Chamb\u00e9sy, waarbij alle autocefale Orthodoxe Kerken waren vertegenwoordigd, zich gebogen over de vraag van de canonieke organisatie van de Orthodoxe Diaspora.<\/p>\n<p style=\"text-align: justify;\">Het is gebleken dat alle lokale Orthodoxe Kerken de unanieme wens uitdrukten om het probleem van de Orthodoxe Diaspora zo snel mogelijk op te lossen, in overeenstemming met de orthodoxe ecclesiologie, met de traditie en de canonieke praxis binnen Orthodoxe Kerk.<\/p>\n<p style=\"text-align: justify;\">Er werd ook opgemerkt dat het in de huidige fase om historische en pastorale redenen niet mogelijk is onmiddellijk over te gaan tot de strikte canonieke orde van de Kerk met betrekking tot deze kwestie, dat wil zeggen de aanwezigheid van \u00e9\u00e9n bisschop per plaats. Om deze reden werd geconcludeerd de oprichting voor te stellen van een overgangssituatie, die de grond voor een strikt canonieke oplossing voor het probleem moet voorbereiden, gebaseerd op de principes en richtlijnen hieronder uiteengezet. Deze voorbereiding zal de datum van het bijeenroepen van het toekomstige Heilig en Groot Concilie van de Orthodoxe Kerk niet mogen overschrijden, zodat het Concilie een canonieke oplossing van het probleem kan uitvoeren (hoewel deze periode vandaag wordt overschreden).<\/p>\n<p style=\"text-align: justify;\">De IV<sup>e<\/sup> \u00a0Panorthodoxe Preconciliaire Conferentie heeft voorgesteld om voor de overgangsperiode vereist voor de voorbereiding van de canonieke oplossing van deze kwestie, in 13 welbepaalde regio&#8217;s &#8220;Bisschoppenconferenties&#8221; op te richten, ten einde de canonieke bisschoppen van elk gebied samen te brengen onder dezelfde canonieke jurisdicties als vandaag. Deze Bisschoppenconferenties \u00a0worden voorgezeten door de eerste onder de prelaten die voortkomen uit de Kerk van Constantinopel, en, bij gebrek daaraan, overeenkomstig de volgorde van de Diptieken. Ze zullen een uitvoerend comit\u00e9 hebben dat bestaat uit de eerste hi\u00ebrarchie\u00ebn van de verschillende jurisdicties die in de regio bestaan.<\/p>\n<p style=\"text-align: justify;\">De Bisschoppenconferenties hebben de verantwoordelijkheid om erover te waken dat er getuigd wordt van de eenheid van de Orthodoxie, dat de orthodoxen van elke regio een gezamenlijk optreden ontwikkelen om te beantwoorden aan de pastorale noden van de orthodoxe gelovigen in de regio, dat ze gezamenlijk alle orthodoxen vertegenwoordigen tegenover andere denominaties en de hele samenleving van de regio, dat ze theologische literatuur en de kerkelijke opvoeding cultiveren, enz. Beslissingen over deze onderwerpen worden unaniem genomen door de Kerken die vertegenwoordigd zijn in de Bisschoppenconferentie van de regio.<\/p>\n<h2 style=\"text-align: justify;\"><strong>Eerste bijeenkomst van de Orthodoxe Bisschoppelijke Conferentie van de Benelux<\/strong><\/h2>\n<p style=\"text-align: justify;\">Een eerste vergadering van de Orthodoxe Bisschoppen met parochies in de Benelux (Belgi\u00eb, Nederland en Luxemburg) werd gehouden op 23 juni 2010 in Brussel op uitnodiging en onder het voorzitterschap van Zijne Eminentie Metropoliet Panteleimon, toen nog Metropoliet van Belgi\u00eb (Oecumenisch Patriarchaat). 23 Juni 2010 is daarom de dag van de oprichting van de Orthodoxe Bisschoppenconferentie van de Benelux. Het overleg van de orthodoxe bisschoppen maakt het mogelijk om de eenheid van de Orthodoxie in de Benelux duidelijker te manifesteren en te versterken.<\/p>\n<p style=\"text-align: justify;\">In zijn openingstoespraak zei Monseigneur Panteleimon, voormalig Metropoliet van Belgi\u00eb (Oecumenisch Patriarchaat): <em>&#8216;In werkelijkheid is er theologisch en sacramenteel slechts \u00e9\u00e9n Orthodoxe Kerk en daarom we moeten samenwerken en co\u00f6rdineren om met \u00e9\u00e9n stem te antwoorden op de pastorale problemen van onze samenleving, en op die manier de rijkdom van de orthodoxie aantonen &#8216;.<\/em><\/p>\n<p>&nbsp;<\/p>\n<p><a href=\"https:\/\/orthodoxia.be\/nl\/metropoliet-athenagoras-van-belgie\/\"><strong>VOORZITTER<\/strong><\/a><\/p>\n<p><strong><a href=\"https:\/\/orthodoxia.be\/nl\/orthodoxe-bisschoppenconferentie-van-de-benelux\/28232-2\/\">LEDEN<\/a><\/strong><\/p>\n<p><strong><a href=\"https:\/\/orthodoxia.be\/fr\/conference-episcopale-orthodoxe-du-benelux\/bureau\/\">KANTOOR<\/a><\/strong><\/p>\n<p><strong><a href=\"https:\/\/orthodoxia.be\/fr\/conference-episcopale-orthodoxe-du-benelux\/commissions\/\">COMMISSIES<\/a><\/strong><\/p>\n<p><strong><a href=\"https:\/\/orthodoxia.be\/fr\/conference-episcopale-orthodoxe-du-benelux\/contact\/\">CONTACT<\/a><\/strong><\/p>\n<p><a href=\"https:\/\/orthodoxia.be\/nl\/category\/actualiteit\/obb\/\"><strong>COMMUNIQUES<\/strong><\/a><\/p>\n","protected":false},"excerpt":{"rendered":"<p>Geschiedenis De Orthodoxe Bisschoppenconferentie van de Benelux werd opgericht in 2010, op basis van een besluit van de IVe\u00a0 Panorthodoxe Preconciliaire Conferentie in Chamb\u00e9sy in 2009. Beslissing van de IVe\u00a0 Panorthodoxe Preconciliaire Conferentie In juni 2009 heeft de IVe \u00a0Panorthodoxe Preconciliaire Conferentie, bijeengekomen in het Orthodoxe Centrum van het Oecumenisch Patriarchaat in Chamb\u00e9sy, waarbij alle &hellip; <a href=\"https:\/\/orthodoxia.be\/nl\/orthodoxe-bisschoppenconferentie-van-de-benelux\/\">Continued<\/a><\/p>\n","protected":false},"author":2,"featured_media":49543,"parent":0,"menu_order":10,"comment_status":"closed","ping_status":"closed","template":"","meta":{"_acf_changed":false,"footnotes":""},"class_list":["post-8047","page","type-page","status-publish","has-post-thumbnail","hentry"],"acf":[],"yoast_head":"<!-- This site is optimized with the Yoast SEO plugin v24.3 - https:\/\/yoast.com\/wordpress\/plugins\/seo\/ -->\n<title>Orthodoxe Bisschoppenconferentie van de Benelux - Orthodox Aartsbisdom van Belgi\u00eb<\/title>\n<meta name=\"robots\" content=\"index, follow, max-snippet:-1, max-image-preview:large, max-video-preview:-1\" \/>\n<link rel=\"canonical\" href=\"https:\/\/orthodoxia.be\/\u03bf\u03c1\u03b8\u03bf\u03b4\u03bf\u03be\u03bf\u03c3-\u03b5\u03c0\u03b9\u03c3\u03ba\u03bf\u03c0\u03b9\u03ba\u03b7-\u03c3\u03c5\u03bd\u03b5\u03bb\u03b5\u03c5\u03c3\u03b9\u03c3\/\" \/>\n<meta property=\"og:locale\" content=\"nl_BE\" \/>\n<meta property=\"og:type\" content=\"article\" \/>\n<meta property=\"og:title\" content=\"Orthodoxe Bisschoppenconferentie van de Benelux - Orthodox Aartsbisdom van Belgi\u00eb\" \/>\n<meta property=\"og:description\" content=\"Geschiedenis De Orthodoxe Bisschoppenconferentie van de Benelux werd opgericht in 2010, op basis van een besluit van de IVe\u00a0 Panorthodoxe Preconciliaire Conferentie in Chamb\u00e9sy in 2009. Beslissing van de IVe\u00a0 Panorthodoxe Preconciliaire Conferentie In juni 2009 heeft de IVe \u00a0Panorthodoxe Preconciliaire Conferentie, bijeengekomen in het Orthodoxe Centrum van het Oecumenisch Patriarchaat in Chamb\u00e9sy, waarbij alle &hellip; Continued\" \/>\n<meta property=\"og:url\" content=\"https:\/\/orthodoxia.be\/\u03bf\u03c1\u03b8\u03bf\u03b4\u03bf\u03be\u03bf\u03c3-\u03b5\u03c0\u03b9\u03c3\u03ba\u03bf\u03c0\u03b9\u03ba\u03b7-\u03c3\u03c5\u03bd\u03b5\u03bb\u03b5\u03c5\u03c3\u03b9\u03c3\/\" \/>\n<meta property=\"og:site_name\" content=\"Orthodox Aartsbisdom van Belgi\u00eb\" \/>\n<meta property=\"article:publisher\" content=\"https:\/\/www.facebook.com\/orthobel\" \/>\n<meta property=\"article:modified_time\" content=\"2020-10-06T11:42:20+00:00\" \/>\n<meta property=\"og:image\" content=\"https:\/\/orthodoxia.be\/wp-content\/uploads\/2017\/11\/8CEOB1.jpg\" \/>\n\t<meta property=\"og:image:width\" content=\"720\" \/>\n\t<meta property=\"og:image:height\" content=\"540\" \/>\n\t<meta property=\"og:image:type\" content=\"image\/jpeg\" \/>\n<meta name=\"twitter:card\" content=\"summary_large_image\" \/>\n<meta name=\"twitter:site\" content=\"@orthobel\" \/>\n<meta name=\"twitter:label1\" content=\"Geschatte leestijd\" \/>\n\t<meta name=\"twitter:data1\" content=\"3 minuten\" \/>\n<script type=\"application\/ld+json\" class=\"yoast-schema-graph\">{\"@context\":\"https:\/\/schema.org\",\"@graph\":[{\"@type\":\"WebPage\",\"@id\":\"https:\/\/orthodoxia.be\/%ce%bf%cf%81%ce%b8%ce%bf%ce%b4%ce%bf%ce%be%ce%bf%cf%83-%ce%b5%cf%80%ce%b9%cf%83%ce%ba%ce%bf%cf%80%ce%b9%ce%ba%ce%b7-%cf%83%cf%85%ce%bd%ce%b5%ce%bb%ce%b5%cf%85%cf%83%ce%b9%cf%83\/\",\"url\":\"https:\/\/orthodoxia.be\/%ce%bf%cf%81%ce%b8%ce%bf%ce%b4%ce%bf%ce%be%ce%bf%cf%83-%ce%b5%cf%80%ce%b9%cf%83%ce%ba%ce%bf%cf%80%ce%b9%ce%ba%ce%b7-%cf%83%cf%85%ce%bd%ce%b5%ce%bb%ce%b5%cf%85%cf%83%ce%b9%cf%83\/\",\"name\":\"Orthodoxe Bisschoppenconferentie van de Benelux - Orthodox Aartsbisdom van Belgi\u00eb\",\"isPartOf\":{\"@id\":\"https:\/\/orthodoxia.be\/#website\"},\"primaryImageOfPage\":{\"@id\":\"https:\/\/orthodoxia.be\/%ce%bf%cf%81%ce%b8%ce%bf%ce%b4%ce%bf%ce%be%ce%bf%cf%83-%ce%b5%cf%80%ce%b9%cf%83%ce%ba%ce%bf%cf%80%ce%b9%ce%ba%ce%b7-%cf%83%cf%85%ce%bd%ce%b5%ce%bb%ce%b5%cf%85%cf%83%ce%b9%cf%83\/#primaryimage\"},\"image\":{\"@id\":\"https:\/\/orthodoxia.be\/%ce%bf%cf%81%ce%b8%ce%bf%ce%b4%ce%bf%ce%be%ce%bf%cf%83-%ce%b5%cf%80%ce%b9%cf%83%ce%ba%ce%bf%cf%80%ce%b9%ce%ba%ce%b7-%cf%83%cf%85%ce%bd%ce%b5%ce%bb%ce%b5%cf%85%cf%83%ce%b9%cf%83\/#primaryimage\"},\"thumbnailUrl\":\"https:\/\/orthodoxia.be\/wp-content\/uploads\/2025\/06\/IMG_4462.jpg\",\"datePublished\":\"2018-01-11T13:15:27+00:00\",\"dateModified\":\"2020-10-06T11:42:20+00:00\",\"breadcrumb\":{\"@id\":\"https:\/\/orthodoxia.be\/%ce%bf%cf%81%ce%b8%ce%bf%ce%b4%ce%bf%ce%be%ce%bf%cf%83-%ce%b5%cf%80%ce%b9%cf%83%ce%ba%ce%bf%cf%80%ce%b9%ce%ba%ce%b7-%cf%83%cf%85%ce%bd%ce%b5%ce%bb%ce%b5%cf%85%cf%83%ce%b9%cf%83\/#breadcrumb\"},\"inLanguage\":\"nl-BE\",\"potentialAction\":[{\"@type\":\"ReadAction\",\"target\":[\"https:\/\/orthodoxia.be\/%ce%bf%cf%81%ce%b8%ce%bf%ce%b4%ce%bf%ce%be%ce%bf%cf%83-%ce%b5%cf%80%ce%b9%cf%83%ce%ba%ce%bf%cf%80%ce%b9%ce%ba%ce%b7-%cf%83%cf%85%ce%bd%ce%b5%ce%bb%ce%b5%cf%85%cf%83%ce%b9%cf%83\/\"]}]},{\"@type\":\"ImageObject\",\"inLanguage\":\"nl-BE\",\"@id\":\"https:\/\/orthodoxia.be\/%ce%bf%cf%81%ce%b8%ce%bf%ce%b4%ce%bf%ce%be%ce%bf%cf%83-%ce%b5%cf%80%ce%b9%cf%83%ce%ba%ce%bf%cf%80%ce%b9%ce%ba%ce%b7-%cf%83%cf%85%ce%bd%ce%b5%ce%bb%ce%b5%cf%85%cf%83%ce%b9%cf%83\/#primaryimage\",\"url\":\"https:\/\/orthodoxia.be\/wp-content\/uploads\/2025\/06\/IMG_4462.jpg\",\"contentUrl\":\"https:\/\/orthodoxia.be\/wp-content\/uploads\/2025\/06\/IMG_4462.jpg\",\"width\":1023,\"height\":767},{\"@type\":\"BreadcrumbList\",\"@id\":\"https:\/\/orthodoxia.be\/%ce%bf%cf%81%ce%b8%ce%bf%ce%b4%ce%bf%ce%be%ce%bf%cf%83-%ce%b5%cf%80%ce%b9%cf%83%ce%ba%ce%bf%cf%80%ce%b9%ce%ba%ce%b7-%cf%83%cf%85%ce%bd%ce%b5%ce%bb%ce%b5%cf%85%cf%83%ce%b9%cf%83\/#breadcrumb\",\"itemListElement\":[{\"@type\":\"ListItem\",\"position\":1,\"name\":\"Home\",\"item\":\"https:\/\/orthodoxia.be\/nl\/\"},{\"@type\":\"ListItem\",\"position\":2,\"name\":\"Orthodoxe Bisschoppenconferentie van de Benelux\"}]},{\"@type\":\"WebSite\",\"@id\":\"https:\/\/orthodoxia.be\/#website\",\"url\":\"https:\/\/orthodoxia.be\/\",\"name\":\"Orthodox Archdiocese of Belgium (Benelux)\",\"description\":\"Exarch of the Nederland en Luxemburg\",\"publisher\":{\"@id\":\"https:\/\/orthodoxia.be\/#organization\"},\"alternateName\":\"IMB\",\"potentialAction\":[{\"@type\":\"SearchAction\",\"target\":{\"@type\":\"EntryPoint\",\"urlTemplate\":\"https:\/\/orthodoxia.be\/?s={search_term_string}\"},\"query-input\":{\"@type\":\"PropertyValueSpecification\",\"valueRequired\":true,\"valueName\":\"search_term_string\"}}],\"inLanguage\":\"nl-BE\"},{\"@type\":\"Organization\",\"@id\":\"https:\/\/orthodoxia.be\/#organization\",\"name\":\"Orthodox Archdiocese of Belgium (Benelux)\",\"url\":\"https:\/\/orthodoxia.be\/\",\"logo\":{\"@type\":\"ImageObject\",\"inLanguage\":\"nl-BE\",\"@id\":\"https:\/\/orthodoxia.be\/#\/schema\/logo\/image\/\",\"url\":\"https:\/\/orthodoxia.be\/wp-content\/uploads\/2024\/02\/cropped-IMB-logo-512-cl-1.png\",\"contentUrl\":\"https:\/\/orthodoxia.be\/wp-content\/uploads\/2024\/02\/cropped-IMB-logo-512-cl-1.png\",\"width\":512,\"height\":512,\"caption\":\"Orthodox Archdiocese of Belgium (Benelux)\"},\"image\":{\"@id\":\"https:\/\/orthodoxia.be\/#\/schema\/logo\/image\/\"},\"sameAs\":[\"https:\/\/www.facebook.com\/orthobel\",\"https:\/\/x.com\/orthobel\",\"https:\/\/www.youtube.com\/c\/orthobel\",\"https:\/\/www.mixcloud.com\/orthobel\/\",\"https:\/\/www.flickr.com\/photos\/148264890@N07\/albums\",\"https:\/\/www.dailymotion.com\/Orthobel\"]}]}<\/script>\n<!-- \/ Yoast SEO plugin. -->","yoast_head_json":{"title":"Orthodoxe Bisschoppenconferentie van de Benelux - Orthodox Aartsbisdom van Belgi\u00eb","robots":{"index":"index","follow":"follow","max-snippet":"max-snippet:-1","max-image-preview":"max-image-preview:large","max-video-preview":"max-video-preview:-1"},"canonical":"https:\/\/orthodoxia.be\/\u03bf\u03c1\u03b8\u03bf\u03b4\u03bf\u03be\u03bf\u03c3-\u03b5\u03c0\u03b9\u03c3\u03ba\u03bf\u03c0\u03b9\u03ba\u03b7-\u03c3\u03c5\u03bd\u03b5\u03bb\u03b5\u03c5\u03c3\u03b9\u03c3\/","og_locale":"nl_BE","og_type":"article","og_title":"Orthodoxe Bisschoppenconferentie van de Benelux - Orthodox Aartsbisdom van Belgi\u00eb","og_description":"Geschiedenis De Orthodoxe Bisschoppenconferentie van de Benelux werd opgericht in 2010, op basis van een besluit van de IVe\u00a0 Panorthodoxe Preconciliaire Conferentie in Chamb\u00e9sy in 2009. Beslissing van de IVe\u00a0 Panorthodoxe Preconciliaire Conferentie In juni 2009 heeft de IVe \u00a0Panorthodoxe Preconciliaire Conferentie, bijeengekomen in het Orthodoxe Centrum van het Oecumenisch Patriarchaat in Chamb\u00e9sy, waarbij alle &hellip; Continued","og_url":"https:\/\/orthodoxia.be\/\u03bf\u03c1\u03b8\u03bf\u03b4\u03bf\u03be\u03bf\u03c3-\u03b5\u03c0\u03b9\u03c3\u03ba\u03bf\u03c0\u03b9\u03ba\u03b7-\u03c3\u03c5\u03bd\u03b5\u03bb\u03b5\u03c5\u03c3\u03b9\u03c3\/","og_site_name":"Orthodox Aartsbisdom van Belgi\u00eb","article_publisher":"https:\/\/www.facebook.com\/orthobel","article_modified_time":"2020-10-06T11:42:20+00:00","og_image":[{"width":720,"height":540,"url":"https:\/\/orthodoxia.be\/wp-content\/uploads\/2017\/11\/8CEOB1.jpg","type":"image\/jpeg"}],"twitter_card":"summary_large_image","twitter_site":"@orthobel","twitter_misc":{"Geschatte leestijd":"3 minuten"},"schema":{"@context":"https:\/\/schema.org","@graph":[{"@type":"WebPage","@id":"https:\/\/orthodoxia.be\/%ce%bf%cf%81%ce%b8%ce%bf%ce%b4%ce%bf%ce%be%ce%bf%cf%83-%ce%b5%cf%80%ce%b9%cf%83%ce%ba%ce%bf%cf%80%ce%b9%ce%ba%ce%b7-%cf%83%cf%85%ce%bd%ce%b5%ce%bb%ce%b5%cf%85%cf%83%ce%b9%cf%83\/","url":"https:\/\/orthodoxia.be\/%ce%bf%cf%81%ce%b8%ce%bf%ce%b4%ce%bf%ce%be%ce%bf%cf%83-%ce%b5%cf%80%ce%b9%cf%83%ce%ba%ce%bf%cf%80%ce%b9%ce%ba%ce%b7-%cf%83%cf%85%ce%bd%ce%b5%ce%bb%ce%b5%cf%85%cf%83%ce%b9%cf%83\/","name":"Orthodoxe Bisschoppenconferentie van de Benelux - Orthodox Aartsbisdom van Belgi\u00eb","isPartOf":{"@id":"https:\/\/orthodoxia.be\/#website"},"primaryImageOfPage":{"@id":"https:\/\/orthodoxia.be\/%ce%bf%cf%81%ce%b8%ce%bf%ce%b4%ce%bf%ce%be%ce%bf%cf%83-%ce%b5%cf%80%ce%b9%cf%83%ce%ba%ce%bf%cf%80%ce%b9%ce%ba%ce%b7-%cf%83%cf%85%ce%bd%ce%b5%ce%bb%ce%b5%cf%85%cf%83%ce%b9%cf%83\/#primaryimage"},"image":{"@id":"https:\/\/orthodoxia.be\/%ce%bf%cf%81%ce%b8%ce%bf%ce%b4%ce%bf%ce%be%ce%bf%cf%83-%ce%b5%cf%80%ce%b9%cf%83%ce%ba%ce%bf%cf%80%ce%b9%ce%ba%ce%b7-%cf%83%cf%85%ce%bd%ce%b5%ce%bb%ce%b5%cf%85%cf%83%ce%b9%cf%83\/#primaryimage"},"thumbnailUrl":"https:\/\/orthodoxia.be\/wp-content\/uploads\/2025\/06\/IMG_4462.jpg","datePublished":"2018-01-11T13:15:27+00:00","dateModified":"2020-10-06T11:42:20+00:00","breadcrumb":{"@id":"https:\/\/orthodoxia.be\/%ce%bf%cf%81%ce%b8%ce%bf%ce%b4%ce%bf%ce%be%ce%bf%cf%83-%ce%b5%cf%80%ce%b9%cf%83%ce%ba%ce%bf%cf%80%ce%b9%ce%ba%ce%b7-%cf%83%cf%85%ce%bd%ce%b5%ce%bb%ce%b5%cf%85%cf%83%ce%b9%cf%83\/#breadcrumb"},"inLanguage":"nl-BE","potentialAction":[{"@type":"ReadAction","target":["https:\/\/orthodoxia.be\/%ce%bf%cf%81%ce%b8%ce%bf%ce%b4%ce%bf%ce%be%ce%bf%cf%83-%ce%b5%cf%80%ce%b9%cf%83%ce%ba%ce%bf%cf%80%ce%b9%ce%ba%ce%b7-%cf%83%cf%85%ce%bd%ce%b5%ce%bb%ce%b5%cf%85%cf%83%ce%b9%cf%83\/"]}]},{"@type":"ImageObject","inLanguage":"nl-BE","@id":"https:\/\/orthodoxia.be\/%ce%bf%cf%81%ce%b8%ce%bf%ce%b4%ce%bf%ce%be%ce%bf%cf%83-%ce%b5%cf%80%ce%b9%cf%83%ce%ba%ce%bf%cf%80%ce%b9%ce%ba%ce%b7-%cf%83%cf%85%ce%bd%ce%b5%ce%bb%ce%b5%cf%85%cf%83%ce%b9%cf%83\/#primaryimage","url":"https:\/\/orthodoxia.be\/wp-content\/uploads\/2025\/06\/IMG_4462.jpg","contentUrl":"https:\/\/orthodoxia.be\/wp-content\/uploads\/2025\/06\/IMG_4462.jpg","width":1023,"height":767},{"@type":"BreadcrumbList","@id":"https:\/\/orthodoxia.be\/%ce%bf%cf%81%ce%b8%ce%bf%ce%b4%ce%bf%ce%be%ce%bf%cf%83-%ce%b5%cf%80%ce%b9%cf%83%ce%ba%ce%bf%cf%80%ce%b9%ce%ba%ce%b7-%cf%83%cf%85%ce%bd%ce%b5%ce%bb%ce%b5%cf%85%cf%83%ce%b9%cf%83\/#breadcrumb","itemListElement":[{"@type":"ListItem","position":1,"name":"Home","item":"https:\/\/orthodoxia.be\/nl\/"},{"@type":"ListItem","position":2,"name":"Orthodoxe Bisschoppenconferentie van de Benelux"}]},{"@type":"WebSite","@id":"https:\/\/orthodoxia.be\/#website","url":"https:\/\/orthodoxia.be\/","name":"Orthodox Archdiocese of Belgium (Benelux)","description":"Exarch of the Nederland en Luxemburg","publisher":{"@id":"https:\/\/orthodoxia.be\/#organization"},"alternateName":"IMB","potentialAction":[{"@type":"SearchAction","target":{"@type":"EntryPoint","urlTemplate":"https:\/\/orthodoxia.be\/?s={search_term_string}"},"query-input":{"@type":"PropertyValueSpecification","valueRequired":true,"valueName":"search_term_string"}}],"inLanguage":"nl-BE"},{"@type":"Organization","@id":"https:\/\/orthodoxia.be\/#organization","name":"Orthodox Archdiocese of Belgium (Benelux)","url":"https:\/\/orthodoxia.be\/","logo":{"@type":"ImageObject","inLanguage":"nl-BE","@id":"https:\/\/orthodoxia.be\/#\/schema\/logo\/image\/","url":"https:\/\/orthodoxia.be\/wp-content\/uploads\/2024\/02\/cropped-IMB-logo-512-cl-1.png","contentUrl":"https:\/\/orthodoxia.be\/wp-content\/uploads\/2024\/02\/cropped-IMB-logo-512-cl-1.png","width":512,"height":512,"caption":"Orthodox Archdiocese of Belgium (Benelux)"},"image":{"@id":"https:\/\/orthodoxia.be\/#\/schema\/logo\/image\/"},"sameAs":["https:\/\/www.facebook.com\/orthobel","https:\/\/x.com\/orthobel","https:\/\/www.youtube.com\/c\/orthobel","https:\/\/www.mixcloud.com\/orthobel\/","https:\/\/www.flickr.com\/photos\/148264890@N07\/albums","https:\/\/www.dailymotion.com\/Orthobel"]}]}},"_links":{"self":[{"href":"https:\/\/orthodoxia.be\/nl\/wp-json\/wp\/v2\/pages\/8047","targetHints":{"allow":["GET"]}}],"collection":[{"href":"https:\/\/orthodoxia.be\/nl\/wp-json\/wp\/v2\/pages"}],"about":[{"href":"https:\/\/orthodoxia.be\/nl\/wp-json\/wp\/v2\/types\/page"}],"author":[{"embeddable":true,"href":"https:\/\/orthodoxia.be\/nl\/wp-json\/wp\/v2\/users\/2"}],"replies":[{"embeddable":true,"href":"https:\/\/orthodoxia.be\/nl\/wp-json\/wp\/v2\/comments?post=8047"}],"version-history":[{"count":12,"href":"https:\/\/orthodoxia.be\/nl\/wp-json\/wp\/v2\/pages\/8047\/revisions"}],"predecessor-version":[{"id":28301,"href":"https:\/\/orthodoxia.be\/nl\/wp-json\/wp\/v2\/pages\/8047\/revisions\/28301"}],"wp:featuredmedia":[{"embeddable":true,"href":"https:\/\/orthodoxia.be\/nl\/wp-json\/wp\/v2\/media\/49543"}],"wp:attachment":[{"href":"https:\/\/orthodoxia.be\/nl\/wp-json\/wp\/v2\/media?parent=8047"}],"curies":[{"name":"wp","href":"https:\/\/api.w.org\/{rel}","templated":true}]}}