{"id":8076,"date":"2018-03-05T10:52:11","date_gmt":"2018-03-05T09:52:11","guid":{"rendered":"http:\/\/new.orthodoxia.be\/?page_id=8076"},"modified":"2024-01-10T14:21:51","modified_gmt":"2024-01-10T13:21:51","slug":"orthodox-godsdienstonderwijs","status":"publish","type":"page","link":"https:\/\/orthodoxia.be\/nl\/nuttige-information\/orthodox-godsdienstonderwijs\/","title":{"rendered":"Orthodox godsdienstonderwijs"},"content":{"rendered":"<h2 class=\"header-title\" style=\"text-align: center;\"><strong>Orthodox godsdienstonderwijs<\/strong><\/h2>\n<p style=\"text-align: justify;\">Elke ouder heeft de mogelijkheid zijn of haar kind in het officieel onderwijs in te schrijven voor de cursus orthodoxe godsdienst. Deze lessen zorgen voor de verdere opvoeding in ons geloof, doorheen onze waarden en tradities, en worden gegeven door een kwalitatief onderwijscorps, beheerd door de Pedagogische Commissie van de Orthodoxe Kerk.<\/p>\n<h2><b>Pedagogische Commissie:<\/b><\/h2>\n<p><strong>Voorzitter:<\/strong> Z.E. de Metropoliet. <strong>Ondervoorzitter:<\/strong> Protopresbyter van de Oecumenische Troon Stavros Triantafyllou. <strong>Secretarissen:<\/strong> Protopresbyter van de Oecumenische Troon Evangelos Psallas en Diaken Filip Boone. <strong>Leden:<\/strong>\u00a0Aartspriester Konstantinos Kenanidis, Priester Athanase de Theux, dhr. \u03a4heodora Antoniou,\u00a0Marie Laure Santos Melahrinidis ,Stylianos Stratidis en de <strong>inspecteur<\/strong> dhr. Philippe de Bruyn. <strong>Juridisch adviseur:<\/strong> dhr. Maurice Van Stiphout.<br \/>\nPostadres: Pedagogische Commissie \u2013 Commission Pedagogique<br \/>\nCharbolaan 71 \u2013 1030 Brussel<br \/>\nTel: <a href=\"t:+3227365278\">+32.2\/736.52.78<\/a><br \/>\nE-mail:\u00a0<a href=\"mailto:orthopedacom@gmail.com\">orthopedacom@gmail.com<\/a><\/p>\n<h2><b>Dienst Godsdienstonderwijs<\/b><\/h2>\n<h3><b>1. Vlaamse Gemeenschap:<\/b><\/h3>\n<p>Dienst Orthodox Godsdienstonderwijs: Steenweg op Brussel 112 \u2013 1780 Wemmel<br \/>\nTel: <a href=\"t:+32474822729\">+32.474\/82.27.29<\/a><br \/>\nE-mail: <a href=\"mailto:inspectie@orthodoxonderwijs.be\">inspectie@orthodoxonderwijs.be<\/a><\/p>\n<h3><b>2. Federatie Walloni\u00eb-Brussel:<\/b><\/h3>\n<p>Voorlopig waargenomen door: Secretariat de la Commission Pedagogique, Charbolaan71 \u2013 1030 Brussel<br \/>\nTel: <a href=\"t:+3227365278\">+32.2\/736.52.78<\/a><br \/>\nE-mail: <a href=\"mailto:orthopedacom@gmail.com\">orthopedacom@gmail.com<\/a><\/p>\n<p>&nbsp;<\/p>\n<h1 style=\"text-align: center;\"><strong>LEERKRACHT WORDEN<\/strong><\/h1>\n<p>Heeft u zin in een job in het orthodox onderwijs ?<br \/>\nU kan zich kandidaat stellen door dit formulier, evenals alle gevraagde documenten jaarlijks voor 1 mei, toe te zenden aan de Pedagogische Commissie:<\/p>\n<p>Download hier het <strong><a href=\"https:\/\/orthodoxia.be\/wp-content\/uploads\/2019\/06\/Formulier_Sollicitatie_PC_OKIB.pdf\" target=\"_blank\" rel=\"noopener\"><span style=\"text-decoration: underline;\">formulier in pdf<\/span><\/a>.<\/strong><\/p>\n<h1 style=\"text-align: center;\"><strong>ORTHODOX THEOLOGISCH INSTITUUT<\/strong><br \/>\n<strong>&#8216;APOSTEL PAULUS&#8217;<\/strong><\/h1>\n<p>Het Orthodox Theologisch Instituut werd opgericht op initiatief van de voormalige Zijn Eminentie Metropoliet Panteleimon van Belgi\u00eb, Exarch van het Oecumenisch Patriarchaat van Constantinopel, en toen geplaatst onder diens bescherming in zijn hoedanigheid van hoofd van de Orthodoxe Kerk in Belgi\u00eb. Het Instituut geniet tevens van de offici\u00eble erkenning vanwege dePedagogische Commissie van de Orthodoxe Kerk in Belgi\u00eb.<\/p>\n<p>Het Instituut heeft tot voornaam doel de vorming van toekomstige leerkrachten orthodoxe godsdienst, door hen in te leiden in de leer en het leven van de Orthodoxe Kerk en meer bepaald in de deelvakken van de theologie.<\/p>\n<p><strong>Site<\/strong>: www.orthodoxonderwijs.be<\/p>\n<p><strong>Rector<\/strong>:<br \/>\nZijne Eminentie Metropoliet Athenagoras van Belgi\u00eb<br \/>\nCharbolaan 71<br \/>\n1030 Brussel<\/p>\n<p><strong>Directeur<\/strong>:\u00a0Philippe de Bruyn<br \/>\nTel.:\u00a0<a href=\"tel:+32477518163\">+32.477\/51.81.63<\/a><br \/>\nE-mail: <a href=\"mailto:p.debruyn@hotmail.com\">p.debruyn@hotmail.com<\/a><\/p>\n<p><strong>Secretariaat<\/strong>: Priester Antonios Tarlizos<br \/>\nTel.: +32.485\/97.77.50<br \/>\nE-mail: <a href=\"mailto:orthodoxinstituutpaulus@gmail.com\">orthodoxinstituutpaulus@gmail.com<\/a><\/p>\n<p><strong>Adres van het Instituut<\/strong>:<br \/>\nSophie van Akenstraat 56<br \/>\n9000 Gent<\/p>\n<p>&nbsp;<\/p>\n<h1 style=\"text-align: center;\"><strong>FRANSTALIGE SECTIE &#8211; &#8216;INSTITUT DE THEOLOGIE ORTHODOXE AP\u00d4TRE PAUL&#8217;<\/strong><\/h1>\n<p>De Orthodoxe Kerk in Belgi\u00eb heeft eveneens een Orthodox Theologisch Instituut in het franstalige landsdeel, opgericht in 2013 op initiatief van Mgr Panteleimon, voormalig Metropoliet van Belgi\u00eb, in zijn hoedanigheid van vertegenwoordiger van de Orthodoxe Kerk in Belgi\u00eb en erkend door de Pedagogische Commissie.<\/p>\n<p><strong>Site<\/strong>: www.enseignementorthodoxe.be<\/p>\n<p><strong>Rector<\/strong>:<br \/>\nZijne Eminentie Metropoliet Athenagoras van Belgi\u00eb<br \/>\nCharbolaan 71<br \/>\n1030 Brussel<\/p>\n<p><strong>Directeur<\/strong>:<br \/>\nAartspriester Constantin Kenanidis<br \/>\nE-mail: frconken@gmail.com<br \/>\nTel.: +32.471\/40.47.77<\/p>\n<p><strong>Secretariaat<\/strong>:<br \/>\nCharbolaan 71<br \/>\n1030 Brussel<br \/>\nTel.: +32.2\/736.42.86<br \/>\nE-mail: inorthobxl@gmail.com<\/p>\n<p>Adres van het Instituut:<br \/>\nJoseph Claesstraat 91<br \/>\n1060 Brussel<\/p>\n","protected":false},"excerpt":{"rendered":"<p>Orthodox godsdienstonderwijs Elke ouder heeft de mogelijkheid zijn of haar kind in het officieel onderwijs in te schrijven voor de cursus orthodoxe godsdienst. Deze lessen zorgen voor de verdere opvoeding in ons geloof, doorheen onze waarden en tradities, en worden gegeven door een kwalitatief onderwijscorps, beheerd door de Pedagogische Commissie van de Orthodoxe Kerk. Pedagogische &hellip; <a href=\"https:\/\/orthodoxia.be\/nl\/nuttige-information\/orthodox-godsdienstonderwijs\/\">Continued<\/a><\/p>\n","protected":false},"author":2,"featured_media":6619,"parent":8074,"menu_order":1,"comment_status":"closed","ping_status":"closed","template":"","meta":{"_acf_changed":false,"footnotes":""},"class_list":["post-8076","page","type-page","status-publish","has-post-thumbnail","hentry"],"acf":[],"yoast_head":"<!-- This site is optimized with the Yoast SEO plugin v24.3 - https:\/\/yoast.com\/wordpress\/plugins\/seo\/ -->\n<title>Orthodox godsdienstonderwijs - Orthodox Aartsbisdom van Belgi\u00eb<\/title>\n<meta name=\"robots\" content=\"index, follow, max-snippet:-1, max-image-preview:large, max-video-preview:-1\" \/>\n<link rel=\"canonical\" href=\"https:\/\/orthodoxia.be\/\u03c7\u03c1\u03ae\u03c3\u03b9\u03bc\u03b1\/\u03bf\u03c1\u03b8\u03cc\u03b4\u03bf\u03be\u03bf-\u03b8\u03c1\u03b7\u03c3\u03ba\u03b5\u03c5\u03c4\u03b9\u03ba\u03cc-\u03bc\u03ac\u03b8\u03b7\u03bc\u03b1\/\" \/>\n<meta property=\"og:locale\" content=\"nl_BE\" \/>\n<meta property=\"og:type\" content=\"article\" \/>\n<meta property=\"og:title\" content=\"Orthodox godsdienstonderwijs - Orthodox Aartsbisdom van Belgi\u00eb\" \/>\n<meta property=\"og:description\" content=\"Orthodox godsdienstonderwijs Elke ouder heeft de mogelijkheid zijn of haar kind in het officieel onderwijs in te schrijven voor de cursus orthodoxe godsdienst. Deze lessen zorgen voor de verdere opvoeding in ons geloof, doorheen onze waarden en tradities, en worden gegeven door een kwalitatief onderwijscorps, beheerd door de Pedagogische Commissie van de Orthodoxe Kerk. Pedagogische &hellip; Continued\" \/>\n<meta property=\"og:url\" content=\"https:\/\/orthodoxia.be\/\u03c7\u03c1\u03ae\u03c3\u03b9\u03bc\u03b1\/\u03bf\u03c1\u03b8\u03cc\u03b4\u03bf\u03be\u03bf-\u03b8\u03c1\u03b7\u03c3\u03ba\u03b5\u03c5\u03c4\u03b9\u03ba\u03cc-\u03bc\u03ac\u03b8\u03b7\u03bc\u03b1\/\" \/>\n<meta property=\"og:site_name\" content=\"Orthodox Aartsbisdom van Belgi\u00eb\" \/>\n<meta property=\"article:publisher\" content=\"https:\/\/www.facebook.com\/orthobel\" \/>\n<meta property=\"article:modified_time\" content=\"2024-01-10T13:21:51+00:00\" \/>\n<meta property=\"og:image\" content=\"https:\/\/orthodoxia.be\/wp-content\/uploads\/2018\/03\/oi_3_ierarxes.jpg\" \/>\n\t<meta property=\"og:image:width\" content=\"569\" \/>\n\t<meta property=\"og:image:height\" content=\"406\" \/>\n\t<meta property=\"og:image:type\" content=\"image\/jpeg\" \/>\n<meta name=\"twitter:card\" content=\"summary_large_image\" \/>\n<meta name=\"twitter:site\" content=\"@orthobel\" \/>\n<meta name=\"twitter:label1\" content=\"Geschatte leestijd\" \/>\n\t<meta name=\"twitter:data1\" content=\"2 minuten\" \/>\n<script type=\"application\/ld+json\" class=\"yoast-schema-graph\">{\"@context\":\"https:\/\/schema.org\",\"@graph\":[{\"@type\":\"WebPage\",\"@id\":\"https:\/\/orthodoxia.be\/%cf%87%cf%81%ce%ae%cf%83%ce%b9%ce%bc%ce%b1\/%ce%bf%cf%81%ce%b8%cf%8c%ce%b4%ce%bf%ce%be%ce%bf-%ce%b8%cf%81%ce%b7%cf%83%ce%ba%ce%b5%cf%85%cf%84%ce%b9%ce%ba%cf%8c-%ce%bc%ce%ac%ce%b8%ce%b7%ce%bc%ce%b1\/\",\"url\":\"https:\/\/orthodoxia.be\/%cf%87%cf%81%ce%ae%cf%83%ce%b9%ce%bc%ce%b1\/%ce%bf%cf%81%ce%b8%cf%8c%ce%b4%ce%bf%ce%be%ce%bf-%ce%b8%cf%81%ce%b7%cf%83%ce%ba%ce%b5%cf%85%cf%84%ce%b9%ce%ba%cf%8c-%ce%bc%ce%ac%ce%b8%ce%b7%ce%bc%ce%b1\/\",\"name\":\"Orthodox godsdienstonderwijs - Orthodox Aartsbisdom van Belgi\u00eb\",\"isPartOf\":{\"@id\":\"https:\/\/orthodoxia.be\/#website\"},\"primaryImageOfPage\":{\"@id\":\"https:\/\/orthodoxia.be\/%cf%87%cf%81%ce%ae%cf%83%ce%b9%ce%bc%ce%b1\/%ce%bf%cf%81%ce%b8%cf%8c%ce%b4%ce%bf%ce%be%ce%bf-%ce%b8%cf%81%ce%b7%cf%83%ce%ba%ce%b5%cf%85%cf%84%ce%b9%ce%ba%cf%8c-%ce%bc%ce%ac%ce%b8%ce%b7%ce%bc%ce%b1\/#primaryimage\"},\"image\":{\"@id\":\"https:\/\/orthodoxia.be\/%cf%87%cf%81%ce%ae%cf%83%ce%b9%ce%bc%ce%b1\/%ce%bf%cf%81%ce%b8%cf%8c%ce%b4%ce%bf%ce%be%ce%bf-%ce%b8%cf%81%ce%b7%cf%83%ce%ba%ce%b5%cf%85%cf%84%ce%b9%ce%ba%cf%8c-%ce%bc%ce%ac%ce%b8%ce%b7%ce%bc%ce%b1\/#primaryimage\"},\"thumbnailUrl\":\"https:\/\/orthodoxia.be\/wp-content\/uploads\/2018\/03\/oi_3_ierarxes.jpg\",\"datePublished\":\"2018-03-05T09:52:11+00:00\",\"dateModified\":\"2024-01-10T13:21:51+00:00\",\"breadcrumb\":{\"@id\":\"https:\/\/orthodoxia.be\/%cf%87%cf%81%ce%ae%cf%83%ce%b9%ce%bc%ce%b1\/%ce%bf%cf%81%ce%b8%cf%8c%ce%b4%ce%bf%ce%be%ce%bf-%ce%b8%cf%81%ce%b7%cf%83%ce%ba%ce%b5%cf%85%cf%84%ce%b9%ce%ba%cf%8c-%ce%bc%ce%ac%ce%b8%ce%b7%ce%bc%ce%b1\/#breadcrumb\"},\"inLanguage\":\"nl-BE\",\"potentialAction\":[{\"@type\":\"ReadAction\",\"target\":[\"https:\/\/orthodoxia.be\/%cf%87%cf%81%ce%ae%cf%83%ce%b9%ce%bc%ce%b1\/%ce%bf%cf%81%ce%b8%cf%8c%ce%b4%ce%bf%ce%be%ce%bf-%ce%b8%cf%81%ce%b7%cf%83%ce%ba%ce%b5%cf%85%cf%84%ce%b9%ce%ba%cf%8c-%ce%bc%ce%ac%ce%b8%ce%b7%ce%bc%ce%b1\/\"]}]},{\"@type\":\"ImageObject\",\"inLanguage\":\"nl-BE\",\"@id\":\"https:\/\/orthodoxia.be\/%cf%87%cf%81%ce%ae%cf%83%ce%b9%ce%bc%ce%b1\/%ce%bf%cf%81%ce%b8%cf%8c%ce%b4%ce%bf%ce%be%ce%bf-%ce%b8%cf%81%ce%b7%cf%83%ce%ba%ce%b5%cf%85%cf%84%ce%b9%ce%ba%cf%8c-%ce%bc%ce%ac%ce%b8%ce%b7%ce%bc%ce%b1\/#primaryimage\",\"url\":\"https:\/\/orthodoxia.be\/wp-content\/uploads\/2018\/03\/oi_3_ierarxes.jpg\",\"contentUrl\":\"https:\/\/orthodoxia.be\/wp-content\/uploads\/2018\/03\/oi_3_ierarxes.jpg\",\"width\":569,\"height\":406},{\"@type\":\"BreadcrumbList\",\"@id\":\"https:\/\/orthodoxia.be\/%cf%87%cf%81%ce%ae%cf%83%ce%b9%ce%bc%ce%b1\/%ce%bf%cf%81%ce%b8%cf%8c%ce%b4%ce%bf%ce%be%ce%bf-%ce%b8%cf%81%ce%b7%cf%83%ce%ba%ce%b5%cf%85%cf%84%ce%b9%ce%ba%cf%8c-%ce%bc%ce%ac%ce%b8%ce%b7%ce%bc%ce%b1\/#breadcrumb\",\"itemListElement\":[{\"@type\":\"ListItem\",\"position\":1,\"name\":\"Home\",\"item\":\"https:\/\/orthodoxia.be\/nl\/\"},{\"@type\":\"ListItem\",\"position\":2,\"name\":\"Nuttige informatie\",\"item\":\"https:\/\/orthodoxia.be\/nl\/nuttige-information\/\"},{\"@type\":\"ListItem\",\"position\":3,\"name\":\"Orthodox godsdienstonderwijs\"}]},{\"@type\":\"WebSite\",\"@id\":\"https:\/\/orthodoxia.be\/#website\",\"url\":\"https:\/\/orthodoxia.be\/\",\"name\":\"Orthodox Archdiocese of Belgium (Benelux)\",\"description\":\"Exarch of the Nederland en Luxemburg\",\"publisher\":{\"@id\":\"https:\/\/orthodoxia.be\/#organization\"},\"alternateName\":\"IMB\",\"potentialAction\":[{\"@type\":\"SearchAction\",\"target\":{\"@type\":\"EntryPoint\",\"urlTemplate\":\"https:\/\/orthodoxia.be\/?s={search_term_string}\"},\"query-input\":{\"@type\":\"PropertyValueSpecification\",\"valueRequired\":true,\"valueName\":\"search_term_string\"}}],\"inLanguage\":\"nl-BE\"},{\"@type\":\"Organization\",\"@id\":\"https:\/\/orthodoxia.be\/#organization\",\"name\":\"Orthodox Archdiocese of Belgium (Benelux)\",\"url\":\"https:\/\/orthodoxia.be\/\",\"logo\":{\"@type\":\"ImageObject\",\"inLanguage\":\"nl-BE\",\"@id\":\"https:\/\/orthodoxia.be\/#\/schema\/logo\/image\/\",\"url\":\"https:\/\/orthodoxia.be\/wp-content\/uploads\/2024\/02\/cropped-IMB-logo-512-cl-1.png\",\"contentUrl\":\"https:\/\/orthodoxia.be\/wp-content\/uploads\/2024\/02\/cropped-IMB-logo-512-cl-1.png\",\"width\":512,\"height\":512,\"caption\":\"Orthodox Archdiocese of Belgium (Benelux)\"},\"image\":{\"@id\":\"https:\/\/orthodoxia.be\/#\/schema\/logo\/image\/\"},\"sameAs\":[\"https:\/\/www.facebook.com\/orthobel\",\"https:\/\/x.com\/orthobel\",\"https:\/\/www.youtube.com\/c\/orthobel\",\"https:\/\/www.mixcloud.com\/orthobel\/\",\"https:\/\/www.flickr.com\/photos\/148264890@N07\/albums\",\"https:\/\/www.dailymotion.com\/Orthobel\"]}]}<\/script>\n<!-- \/ Yoast SEO plugin. -->","yoast_head_json":{"title":"Orthodox godsdienstonderwijs - Orthodox Aartsbisdom van Belgi\u00eb","robots":{"index":"index","follow":"follow","max-snippet":"max-snippet:-1","max-image-preview":"max-image-preview:large","max-video-preview":"max-video-preview:-1"},"canonical":"https:\/\/orthodoxia.be\/\u03c7\u03c1\u03ae\u03c3\u03b9\u03bc\u03b1\/\u03bf\u03c1\u03b8\u03cc\u03b4\u03bf\u03be\u03bf-\u03b8\u03c1\u03b7\u03c3\u03ba\u03b5\u03c5\u03c4\u03b9\u03ba\u03cc-\u03bc\u03ac\u03b8\u03b7\u03bc\u03b1\/","og_locale":"nl_BE","og_type":"article","og_title":"Orthodox godsdienstonderwijs - Orthodox Aartsbisdom van Belgi\u00eb","og_description":"Orthodox godsdienstonderwijs Elke ouder heeft de mogelijkheid zijn of haar kind in het officieel onderwijs in te schrijven voor de cursus orthodoxe godsdienst. Deze lessen zorgen voor de verdere opvoeding in ons geloof, doorheen onze waarden en tradities, en worden gegeven door een kwalitatief onderwijscorps, beheerd door de Pedagogische Commissie van de Orthodoxe Kerk. Pedagogische &hellip; Continued","og_url":"https:\/\/orthodoxia.be\/\u03c7\u03c1\u03ae\u03c3\u03b9\u03bc\u03b1\/\u03bf\u03c1\u03b8\u03cc\u03b4\u03bf\u03be\u03bf-\u03b8\u03c1\u03b7\u03c3\u03ba\u03b5\u03c5\u03c4\u03b9\u03ba\u03cc-\u03bc\u03ac\u03b8\u03b7\u03bc\u03b1\/","og_site_name":"Orthodox Aartsbisdom van Belgi\u00eb","article_publisher":"https:\/\/www.facebook.com\/orthobel","article_modified_time":"2024-01-10T13:21:51+00:00","og_image":[{"width":569,"height":406,"url":"https:\/\/orthodoxia.be\/wp-content\/uploads\/2018\/03\/oi_3_ierarxes.jpg","type":"image\/jpeg"}],"twitter_card":"summary_large_image","twitter_site":"@orthobel","twitter_misc":{"Geschatte leestijd":"2 minuten"},"schema":{"@context":"https:\/\/schema.org","@graph":[{"@type":"WebPage","@id":"https:\/\/orthodoxia.be\/%cf%87%cf%81%ce%ae%cf%83%ce%b9%ce%bc%ce%b1\/%ce%bf%cf%81%ce%b8%cf%8c%ce%b4%ce%bf%ce%be%ce%bf-%ce%b8%cf%81%ce%b7%cf%83%ce%ba%ce%b5%cf%85%cf%84%ce%b9%ce%ba%cf%8c-%ce%bc%ce%ac%ce%b8%ce%b7%ce%bc%ce%b1\/","url":"https:\/\/orthodoxia.be\/%cf%87%cf%81%ce%ae%cf%83%ce%b9%ce%bc%ce%b1\/%ce%bf%cf%81%ce%b8%cf%8c%ce%b4%ce%bf%ce%be%ce%bf-%ce%b8%cf%81%ce%b7%cf%83%ce%ba%ce%b5%cf%85%cf%84%ce%b9%ce%ba%cf%8c-%ce%bc%ce%ac%ce%b8%ce%b7%ce%bc%ce%b1\/","name":"Orthodox godsdienstonderwijs - Orthodox Aartsbisdom van Belgi\u00eb","isPartOf":{"@id":"https:\/\/orthodoxia.be\/#website"},"primaryImageOfPage":{"@id":"https:\/\/orthodoxia.be\/%cf%87%cf%81%ce%ae%cf%83%ce%b9%ce%bc%ce%b1\/%ce%bf%cf%81%ce%b8%cf%8c%ce%b4%ce%bf%ce%be%ce%bf-%ce%b8%cf%81%ce%b7%cf%83%ce%ba%ce%b5%cf%85%cf%84%ce%b9%ce%ba%cf%8c-%ce%bc%ce%ac%ce%b8%ce%b7%ce%bc%ce%b1\/#primaryimage"},"image":{"@id":"https:\/\/orthodoxia.be\/%cf%87%cf%81%ce%ae%cf%83%ce%b9%ce%bc%ce%b1\/%ce%bf%cf%81%ce%b8%cf%8c%ce%b4%ce%bf%ce%be%ce%bf-%ce%b8%cf%81%ce%b7%cf%83%ce%ba%ce%b5%cf%85%cf%84%ce%b9%ce%ba%cf%8c-%ce%bc%ce%ac%ce%b8%ce%b7%ce%bc%ce%b1\/#primaryimage"},"thumbnailUrl":"https:\/\/orthodoxia.be\/wp-content\/uploads\/2018\/03\/oi_3_ierarxes.jpg","datePublished":"2018-03-05T09:52:11+00:00","dateModified":"2024-01-10T13:21:51+00:00","breadcrumb":{"@id":"https:\/\/orthodoxia.be\/%cf%87%cf%81%ce%ae%cf%83%ce%b9%ce%bc%ce%b1\/%ce%bf%cf%81%ce%b8%cf%8c%ce%b4%ce%bf%ce%be%ce%bf-%ce%b8%cf%81%ce%b7%cf%83%ce%ba%ce%b5%cf%85%cf%84%ce%b9%ce%ba%cf%8c-%ce%bc%ce%ac%ce%b8%ce%b7%ce%bc%ce%b1\/#breadcrumb"},"inLanguage":"nl-BE","potentialAction":[{"@type":"ReadAction","target":["https:\/\/orthodoxia.be\/%cf%87%cf%81%ce%ae%cf%83%ce%b9%ce%bc%ce%b1\/%ce%bf%cf%81%ce%b8%cf%8c%ce%b4%ce%bf%ce%be%ce%bf-%ce%b8%cf%81%ce%b7%cf%83%ce%ba%ce%b5%cf%85%cf%84%ce%b9%ce%ba%cf%8c-%ce%bc%ce%ac%ce%b8%ce%b7%ce%bc%ce%b1\/"]}]},{"@type":"ImageObject","inLanguage":"nl-BE","@id":"https:\/\/orthodoxia.be\/%cf%87%cf%81%ce%ae%cf%83%ce%b9%ce%bc%ce%b1\/%ce%bf%cf%81%ce%b8%cf%8c%ce%b4%ce%bf%ce%be%ce%bf-%ce%b8%cf%81%ce%b7%cf%83%ce%ba%ce%b5%cf%85%cf%84%ce%b9%ce%ba%cf%8c-%ce%bc%ce%ac%ce%b8%ce%b7%ce%bc%ce%b1\/#primaryimage","url":"https:\/\/orthodoxia.be\/wp-content\/uploads\/2018\/03\/oi_3_ierarxes.jpg","contentUrl":"https:\/\/orthodoxia.be\/wp-content\/uploads\/2018\/03\/oi_3_ierarxes.jpg","width":569,"height":406},{"@type":"BreadcrumbList","@id":"https:\/\/orthodoxia.be\/%cf%87%cf%81%ce%ae%cf%83%ce%b9%ce%bc%ce%b1\/%ce%bf%cf%81%ce%b8%cf%8c%ce%b4%ce%bf%ce%be%ce%bf-%ce%b8%cf%81%ce%b7%cf%83%ce%ba%ce%b5%cf%85%cf%84%ce%b9%ce%ba%cf%8c-%ce%bc%ce%ac%ce%b8%ce%b7%ce%bc%ce%b1\/#breadcrumb","itemListElement":[{"@type":"ListItem","position":1,"name":"Home","item":"https:\/\/orthodoxia.be\/nl\/"},{"@type":"ListItem","position":2,"name":"Nuttige informatie","item":"https:\/\/orthodoxia.be\/nl\/nuttige-information\/"},{"@type":"ListItem","position":3,"name":"Orthodox godsdienstonderwijs"}]},{"@type":"WebSite","@id":"https:\/\/orthodoxia.be\/#website","url":"https:\/\/orthodoxia.be\/","name":"Orthodox Archdiocese of Belgium (Benelux)","description":"Exarch of the Nederland en Luxemburg","publisher":{"@id":"https:\/\/orthodoxia.be\/#organization"},"alternateName":"IMB","potentialAction":[{"@type":"SearchAction","target":{"@type":"EntryPoint","urlTemplate":"https:\/\/orthodoxia.be\/?s={search_term_string}"},"query-input":{"@type":"PropertyValueSpecification","valueRequired":true,"valueName":"search_term_string"}}],"inLanguage":"nl-BE"},{"@type":"Organization","@id":"https:\/\/orthodoxia.be\/#organization","name":"Orthodox Archdiocese of Belgium (Benelux)","url":"https:\/\/orthodoxia.be\/","logo":{"@type":"ImageObject","inLanguage":"nl-BE","@id":"https:\/\/orthodoxia.be\/#\/schema\/logo\/image\/","url":"https:\/\/orthodoxia.be\/wp-content\/uploads\/2024\/02\/cropped-IMB-logo-512-cl-1.png","contentUrl":"https:\/\/orthodoxia.be\/wp-content\/uploads\/2024\/02\/cropped-IMB-logo-512-cl-1.png","width":512,"height":512,"caption":"Orthodox Archdiocese of Belgium (Benelux)"},"image":{"@id":"https:\/\/orthodoxia.be\/#\/schema\/logo\/image\/"},"sameAs":["https:\/\/www.facebook.com\/orthobel","https:\/\/x.com\/orthobel","https:\/\/www.youtube.com\/c\/orthobel","https:\/\/www.mixcloud.com\/orthobel\/","https:\/\/www.flickr.com\/photos\/148264890@N07\/albums","https:\/\/www.dailymotion.com\/Orthobel"]}]}},"_links":{"self":[{"href":"https:\/\/orthodoxia.be\/nl\/wp-json\/wp\/v2\/pages\/8076","targetHints":{"allow":["GET"]}}],"collection":[{"href":"https:\/\/orthodoxia.be\/nl\/wp-json\/wp\/v2\/pages"}],"about":[{"href":"https:\/\/orthodoxia.be\/nl\/wp-json\/wp\/v2\/types\/page"}],"author":[{"embeddable":true,"href":"https:\/\/orthodoxia.be\/nl\/wp-json\/wp\/v2\/users\/2"}],"replies":[{"embeddable":true,"href":"https:\/\/orthodoxia.be\/nl\/wp-json\/wp\/v2\/comments?post=8076"}],"version-history":[{"count":22,"href":"https:\/\/orthodoxia.be\/nl\/wp-json\/wp\/v2\/pages\/8076\/revisions"}],"predecessor-version":[{"id":43931,"href":"https:\/\/orthodoxia.be\/nl\/wp-json\/wp\/v2\/pages\/8076\/revisions\/43931"}],"up":[{"embeddable":true,"href":"https:\/\/orthodoxia.be\/nl\/wp-json\/wp\/v2\/pages\/8074"}],"wp:featuredmedia":[{"embeddable":true,"href":"https:\/\/orthodoxia.be\/nl\/wp-json\/wp\/v2\/media\/6619"}],"wp:attachment":[{"href":"https:\/\/orthodoxia.be\/nl\/wp-json\/wp\/v2\/media?parent=8076"}],"curies":[{"name":"wp","href":"https:\/\/api.w.org\/{rel}","templated":true}]}}