{"id":8105,"date":"2018-02-19T11:01:15","date_gmt":"2018-02-19T10:01:15","guid":{"rendered":"http:\/\/new.orthodoxia.be\/?page_id=8105"},"modified":"2026-02-26T15:58:06","modified_gmt":"2026-02-26T14:58:06","slug":"de-heilige-synode","status":"publish","type":"page","link":"https:\/\/orthodoxia.be\/nl\/oecumenisch-patriarchaat\/de-heilige-synode\/","title":{"rendered":"De Heilige Synode"},"content":{"rendered":"<h2 style=\"text-align: justify;\"><span style=\"color: #000000;\"><strong>Heilige Synode<\/strong><\/span><\/h2>\n<p>De Heilige Synode van het Oecumenisch Patriarchaat wordt voorgezeten door Z.A.H. Oecumenisch Patriarch Bartholomeos en bestaat voor huidige periode uit de volgende Hi\u00ebrarchen:<\/p>\n<p>Emmanuel van Chalcedon<br \/>\nAmbrosios van Karpathos en Kassos<br \/>\nApostolos van Milete<br \/>\nIosif van Proikonnisos<br \/>\nMeliton van Philadelphia<br \/>\nAthanasios van Kolonia<br \/>\nTheoliptos van Ikonium<br \/>\nIosif van Buenos Aires<br \/>\nKleopas van Zweden en geheel Scandinavi\u00eb<br \/>\nKyrillos van Imvros en Tenedos<br \/>\nKonstantinos van Denver<br \/>\nGrigorios van Ankara<\/p>\n<p><strong>Synodaal Kantoor<\/strong><\/p>\n<p>Hoofdsecretariaat: Archimandriet Bosporios Mangafas<br \/>\nOndersecretaris: Diaken Oikoumenios Amanatidis<br \/>\nKopiist: Diaken Evlogios Tsatsas<br \/>\nE-mail:\u00a0<a href=\"mailto:chsecr.ec.patr@gmail.com\" target=\"_blank\" rel=\"noopener\">chsecr.ec.patr@gmail.com<\/a>\u00a0en\u00a0<a href=\"mailto:ecumenical.patriarchate@gmail.com\" target=\"_blank\" rel=\"noopener\">ecumenical.patriarchate@gmail.<wbr \/>com<\/a><br \/>\nTel.: +90.212\/525.54.16 Fax: +90.212\/531.65.33<\/p>\n<p><strong>Persoonlijk Kantoor van de Patriarch<\/strong><\/p>\n<p>Directeur: Groot-Ekklesiarch Aetios<br \/>\nE-mail:\u00a0<a href=\"mailto:patriarchate.office@gmail.com\" target=\"_blank\" rel=\"noopener\">patriarchate.office@gmail.com<\/a><br \/>\nTel.: +90.212\/635.45.01 Fax: +90.212\/525.64.29<\/p>\n<p><strong>Iste Patriarchaal Kantoor<\/strong><\/p>\n<p>Directeur: Professor Konstantinos Delikostantis, Archont Didaskalos tou Genous<br \/>\nSecretarissen: Oikonomos Philotheos Kelepouris, Pavlos Pantelaras, Lora Oulik-Nani, Stavros Rafa\u00eflidis, Chrysovalantis Tzavidis en Efstathia Mania<\/p>\n<p><strong>Groot Vicariaat Generaal<\/strong><\/p>\n<p>Groot Vicaris Generaal Grigorios<br \/>\nE-mail:\u00a0<a href=\"mailto:ecpatr.grandchancellor@gmail.com\" target=\"_blank\" rel=\"noopener\">ecpatr.grandchancellor@gmail.<wbr \/>com<\/a><br \/>\nTel.: +90.212\/525.21.17 Fax: +90.212\/531.90.14<\/p>\n<p><strong>Centrale Kerkelijke Raad van het Patriarchaat<\/strong><\/p>\n<p>Voorzitter: Metropoliet Irineos van Myriofytos en Peristasis<br \/>\nLeden: Theoliptos van Ikonium, Stefanos van Kallioupolis en Madytos, Maximos van Sylivria, Groot Vicaris Generaal Grigorios, Groot Aartsdiaken Alexandros<br \/>\nSecretaris: Derde Diaken Barnabas<\/p>\n<p><strong>Patriarchaal Archief<\/strong><\/p>\n<p>Archivaris: Archimandriet Kaisarios Chronis<br \/>\nSecretarissen: Stylianos Mouchlidis, Nicolaos Papaioannou, Eleni Papoutsi, Panagiotis Nikolaidis en Christos Kyritsis<br \/>\nE-mail:\u00a0<a href=\"mailto:ecpatr.archive@gmail.com\" target=\"_blank\" rel=\"noopener\">ecpatr.archive@gmail.com<\/a><\/p>\n<p><strong>Patriarchale Bibliotheek<\/strong><\/p>\n<p>Bibliothecaris: Groot Aartsdiaken Alexandros<br \/>\nSecretaris: Nikolaos Meintan en Antonios Vratimos<br \/>\nE-mail:\u00a0<a href=\"mailto:ecpatr.library@gmail.com\" target=\"_blank\" rel=\"noopener\">ecpatr.library@gmail.com<\/a><br \/>\nTel. en Fax: +90.212\/531.96.78<\/p>\n<p><strong>Patriarchale Kerk<\/strong><\/p>\n<p>Groot Archimandriet Iakovos, Groot-Syncellus Ieronymos, Groot-Ekklesiarch Aetios, Patriarchaal Diaken van rang Epiphanios Kamianovych en Patriarchaal Diakens Anatolios Doxastakis en Photios Poulopoulos<br \/>\nArchont Protopsalte: Panagiotis Neochoritis<br \/>\nArchont Lampadarios: Stylianos Flikos<br \/>\n1e Domestikos van het rechter koor: Georgios Kioseoglou<br \/>\n1e Domestikos van het linkerkoor: Georgios Bakopoulos<\/p>\n<p><strong>Theologisch Instituut van Halki<\/strong><\/p>\n<p>Adres: AyaTriada Rum Ortodoks Manast\u0131r\u0131 Heybeliada, \u00dcmit Tepesi No 3, 81340 Heybeliada, \u0130stanbul<br \/>\nE-mail:\u00a0<a href=\"mailto:theologicalscholhalki@gmail.com\" target=\"_blank\" rel=\"noopener\">theologicalscholhalki@gmail.<wbr \/>com<\/a><br \/>\nTel.: 0090-216\/351.85.63 Fax: +90.216\/351.17.68<br \/>\nHegumen: Zijn Excellentie Bisschop Kassianos van Aravissos<\/p>\n","protected":false},"excerpt":{"rendered":"<p>Heilige Synode De Heilige Synode van het Oecumenisch Patriarchaat wordt voorgezeten door Z.A.H. Oecumenisch Patriarch Bartholomeos en bestaat voor huidige periode uit de volgende Hi\u00ebrarchen: Emmanuel van Chalcedon Ambrosios van Karpathos en Kassos Apostolos van Milete Iosif van Proikonnisos Meliton van Philadelphia Athanasios van Kolonia Theoliptos van Ikonium Iosif van Buenos Aires Kleopas van Zweden &hellip; <a href=\"https:\/\/orthodoxia.be\/nl\/oecumenisch-patriarchaat\/de-heilige-synode\/\">Continued<\/a><\/p>\n","protected":false},"author":2,"featured_media":47700,"parent":5645,"menu_order":2,"comment_status":"closed","ping_status":"closed","template":"","meta":{"_acf_changed":false,"footnotes":""},"class_list":["post-8105","page","type-page","status-publish","has-post-thumbnail","hentry"],"acf":[],"yoast_head":"<!-- This site is optimized with the Yoast SEO plugin v24.3 - https:\/\/yoast.com\/wordpress\/plugins\/seo\/ -->\n<title>De Heilige Synode - Orthodox Aartsbisdom van Belgi\u00eb<\/title>\n<meta name=\"robots\" content=\"index, follow, max-snippet:-1, max-image-preview:large, max-video-preview:-1\" \/>\n<link rel=\"canonical\" href=\"https:\/\/orthodoxia.be\/nl\/oecumenisch-patriarchaat\/de-heilige-synode\/\" \/>\n<meta property=\"og:locale\" content=\"nl_BE\" \/>\n<meta property=\"og:type\" content=\"article\" \/>\n<meta property=\"og:title\" content=\"De Heilige Synode - Orthodox Aartsbisdom van Belgi\u00eb\" \/>\n<meta property=\"og:description\" content=\"Heilige Synode De Heilige Synode van het Oecumenisch Patriarchaat wordt voorgezeten door Z.A.H. Oecumenisch Patriarch Bartholomeos en bestaat voor huidige periode uit de volgende Hi\u00ebrarchen: Emmanuel van Chalcedon Ambrosios van Karpathos en Kassos Apostolos van Milete Iosif van Proikonnisos Meliton van Philadelphia Athanasios van Kolonia Theoliptos van Ikonium Iosif van Buenos Aires Kleopas van Zweden &hellip; Continued\" \/>\n<meta property=\"og:url\" content=\"https:\/\/orthodoxia.be\/nl\/oecumenisch-patriarchaat\/de-heilige-synode\/\" \/>\n<meta property=\"og:site_name\" content=\"Orthodox Aartsbisdom van Belgi\u00eb\" \/>\n<meta property=\"article:publisher\" content=\"https:\/\/www.facebook.com\/orthobel\" \/>\n<meta property=\"article:modified_time\" content=\"2026-02-26T14:58:06+00:00\" \/>\n<meta property=\"og:image\" content=\"https:\/\/orthodoxia.be\/wp-content\/uploads\/2025\/01\/sinodos-fanari2.jpeg\" \/>\n\t<meta property=\"og:image:width\" content=\"1920\" \/>\n\t<meta property=\"og:image:height\" content=\"1280\" \/>\n\t<meta property=\"og:image:type\" content=\"image\/jpeg\" \/>\n<meta name=\"twitter:card\" content=\"summary_large_image\" \/>\n<meta name=\"twitter:site\" content=\"@orthobel\" \/>\n<meta name=\"twitter:label1\" content=\"Geschatte leestijd\" \/>\n\t<meta name=\"twitter:data1\" content=\"2 minuten\" \/>\n<script type=\"application\/ld+json\" class=\"yoast-schema-graph\">{\"@context\":\"https:\/\/schema.org\",\"@graph\":[{\"@type\":\"WebPage\",\"@id\":\"https:\/\/orthodoxia.be\/nl\/oecumenisch-patriarchaat\/de-heilige-synode\/\",\"url\":\"https:\/\/orthodoxia.be\/nl\/oecumenisch-patriarchaat\/de-heilige-synode\/\",\"name\":\"De Heilige Synode - Orthodox Aartsbisdom van Belgi\u00eb\",\"isPartOf\":{\"@id\":\"https:\/\/orthodoxia.be\/#website\"},\"primaryImageOfPage\":{\"@id\":\"https:\/\/orthodoxia.be\/nl\/oecumenisch-patriarchaat\/de-heilige-synode\/#primaryimage\"},\"image\":{\"@id\":\"https:\/\/orthodoxia.be\/nl\/oecumenisch-patriarchaat\/de-heilige-synode\/#primaryimage\"},\"thumbnailUrl\":\"https:\/\/orthodoxia.be\/wp-content\/uploads\/2025\/01\/sinodos-fanari2.jpeg\",\"datePublished\":\"2018-02-19T10:01:15+00:00\",\"dateModified\":\"2026-02-26T14:58:06+00:00\",\"breadcrumb\":{\"@id\":\"https:\/\/orthodoxia.be\/nl\/oecumenisch-patriarchaat\/de-heilige-synode\/#breadcrumb\"},\"inLanguage\":\"nl-BE\",\"potentialAction\":[{\"@type\":\"ReadAction\",\"target\":[\"https:\/\/orthodoxia.be\/nl\/oecumenisch-patriarchaat\/de-heilige-synode\/\"]}]},{\"@type\":\"ImageObject\",\"inLanguage\":\"nl-BE\",\"@id\":\"https:\/\/orthodoxia.be\/nl\/oecumenisch-patriarchaat\/de-heilige-synode\/#primaryimage\",\"url\":\"https:\/\/orthodoxia.be\/wp-content\/uploads\/2025\/01\/sinodos-fanari2.jpeg\",\"contentUrl\":\"https:\/\/orthodoxia.be\/wp-content\/uploads\/2025\/01\/sinodos-fanari2.jpeg\",\"width\":1920,\"height\":1280},{\"@type\":\"BreadcrumbList\",\"@id\":\"https:\/\/orthodoxia.be\/nl\/oecumenisch-patriarchaat\/de-heilige-synode\/#breadcrumb\",\"itemListElement\":[{\"@type\":\"ListItem\",\"position\":1,\"name\":\"Home\",\"item\":\"https:\/\/orthodoxia.be\/nl\/\"},{\"@type\":\"ListItem\",\"position\":2,\"name\":\"Oecumenisch Patriarchaat\",\"item\":\"https:\/\/orthodoxia.be\/nl\/oecumenisch-patriarchaat\/\"},{\"@type\":\"ListItem\",\"position\":3,\"name\":\"De Heilige Synode\"}]},{\"@type\":\"WebSite\",\"@id\":\"https:\/\/orthodoxia.be\/#website\",\"url\":\"https:\/\/orthodoxia.be\/\",\"name\":\"Orthodox Archdiocese of Belgium (Benelux)\",\"description\":\"Exarch of the Nederland en Luxemburg\",\"publisher\":{\"@id\":\"https:\/\/orthodoxia.be\/#organization\"},\"alternateName\":\"IMB\",\"potentialAction\":[{\"@type\":\"SearchAction\",\"target\":{\"@type\":\"EntryPoint\",\"urlTemplate\":\"https:\/\/orthodoxia.be\/?s={search_term_string}\"},\"query-input\":{\"@type\":\"PropertyValueSpecification\",\"valueRequired\":true,\"valueName\":\"search_term_string\"}}],\"inLanguage\":\"nl-BE\"},{\"@type\":\"Organization\",\"@id\":\"https:\/\/orthodoxia.be\/#organization\",\"name\":\"Orthodox Archdiocese of Belgium (Benelux)\",\"url\":\"https:\/\/orthodoxia.be\/\",\"logo\":{\"@type\":\"ImageObject\",\"inLanguage\":\"nl-BE\",\"@id\":\"https:\/\/orthodoxia.be\/#\/schema\/logo\/image\/\",\"url\":\"https:\/\/orthodoxia.be\/wp-content\/uploads\/2024\/02\/cropped-IMB-logo-512-cl-1.png\",\"contentUrl\":\"https:\/\/orthodoxia.be\/wp-content\/uploads\/2024\/02\/cropped-IMB-logo-512-cl-1.png\",\"width\":512,\"height\":512,\"caption\":\"Orthodox Archdiocese of Belgium (Benelux)\"},\"image\":{\"@id\":\"https:\/\/orthodoxia.be\/#\/schema\/logo\/image\/\"},\"sameAs\":[\"https:\/\/www.facebook.com\/orthobel\",\"https:\/\/x.com\/orthobel\",\"https:\/\/www.youtube.com\/c\/orthobel\",\"https:\/\/www.mixcloud.com\/orthobel\/\",\"https:\/\/www.flickr.com\/photos\/148264890@N07\/albums\",\"https:\/\/www.dailymotion.com\/Orthobel\"]}]}<\/script>\n<!-- \/ Yoast SEO plugin. -->","yoast_head_json":{"title":"De Heilige Synode - Orthodox Aartsbisdom van Belgi\u00eb","robots":{"index":"index","follow":"follow","max-snippet":"max-snippet:-1","max-image-preview":"max-image-preview:large","max-video-preview":"max-video-preview:-1"},"canonical":"https:\/\/orthodoxia.be\/nl\/oecumenisch-patriarchaat\/de-heilige-synode\/","og_locale":"nl_BE","og_type":"article","og_title":"De Heilige Synode - Orthodox Aartsbisdom van Belgi\u00eb","og_description":"Heilige Synode De Heilige Synode van het Oecumenisch Patriarchaat wordt voorgezeten door Z.A.H. Oecumenisch Patriarch Bartholomeos en bestaat voor huidige periode uit de volgende Hi\u00ebrarchen: Emmanuel van Chalcedon Ambrosios van Karpathos en Kassos Apostolos van Milete Iosif van Proikonnisos Meliton van Philadelphia Athanasios van Kolonia Theoliptos van Ikonium Iosif van Buenos Aires Kleopas van Zweden &hellip; Continued","og_url":"https:\/\/orthodoxia.be\/nl\/oecumenisch-patriarchaat\/de-heilige-synode\/","og_site_name":"Orthodox Aartsbisdom van Belgi\u00eb","article_publisher":"https:\/\/www.facebook.com\/orthobel","article_modified_time":"2026-02-26T14:58:06+00:00","og_image":[{"width":1920,"height":1280,"url":"https:\/\/orthodoxia.be\/wp-content\/uploads\/2025\/01\/sinodos-fanari2.jpeg","type":"image\/jpeg"}],"twitter_card":"summary_large_image","twitter_site":"@orthobel","twitter_misc":{"Geschatte leestijd":"2 minuten"},"schema":{"@context":"https:\/\/schema.org","@graph":[{"@type":"WebPage","@id":"https:\/\/orthodoxia.be\/nl\/oecumenisch-patriarchaat\/de-heilige-synode\/","url":"https:\/\/orthodoxia.be\/nl\/oecumenisch-patriarchaat\/de-heilige-synode\/","name":"De Heilige Synode - Orthodox Aartsbisdom van Belgi\u00eb","isPartOf":{"@id":"https:\/\/orthodoxia.be\/#website"},"primaryImageOfPage":{"@id":"https:\/\/orthodoxia.be\/nl\/oecumenisch-patriarchaat\/de-heilige-synode\/#primaryimage"},"image":{"@id":"https:\/\/orthodoxia.be\/nl\/oecumenisch-patriarchaat\/de-heilige-synode\/#primaryimage"},"thumbnailUrl":"https:\/\/orthodoxia.be\/wp-content\/uploads\/2025\/01\/sinodos-fanari2.jpeg","datePublished":"2018-02-19T10:01:15+00:00","dateModified":"2026-02-26T14:58:06+00:00","breadcrumb":{"@id":"https:\/\/orthodoxia.be\/nl\/oecumenisch-patriarchaat\/de-heilige-synode\/#breadcrumb"},"inLanguage":"nl-BE","potentialAction":[{"@type":"ReadAction","target":["https:\/\/orthodoxia.be\/nl\/oecumenisch-patriarchaat\/de-heilige-synode\/"]}]},{"@type":"ImageObject","inLanguage":"nl-BE","@id":"https:\/\/orthodoxia.be\/nl\/oecumenisch-patriarchaat\/de-heilige-synode\/#primaryimage","url":"https:\/\/orthodoxia.be\/wp-content\/uploads\/2025\/01\/sinodos-fanari2.jpeg","contentUrl":"https:\/\/orthodoxia.be\/wp-content\/uploads\/2025\/01\/sinodos-fanari2.jpeg","width":1920,"height":1280},{"@type":"BreadcrumbList","@id":"https:\/\/orthodoxia.be\/nl\/oecumenisch-patriarchaat\/de-heilige-synode\/#breadcrumb","itemListElement":[{"@type":"ListItem","position":1,"name":"Home","item":"https:\/\/orthodoxia.be\/nl\/"},{"@type":"ListItem","position":2,"name":"Oecumenisch Patriarchaat","item":"https:\/\/orthodoxia.be\/nl\/oecumenisch-patriarchaat\/"},{"@type":"ListItem","position":3,"name":"De Heilige Synode"}]},{"@type":"WebSite","@id":"https:\/\/orthodoxia.be\/#website","url":"https:\/\/orthodoxia.be\/","name":"Orthodox Archdiocese of Belgium (Benelux)","description":"Exarch of the Nederland en Luxemburg","publisher":{"@id":"https:\/\/orthodoxia.be\/#organization"},"alternateName":"IMB","potentialAction":[{"@type":"SearchAction","target":{"@type":"EntryPoint","urlTemplate":"https:\/\/orthodoxia.be\/?s={search_term_string}"},"query-input":{"@type":"PropertyValueSpecification","valueRequired":true,"valueName":"search_term_string"}}],"inLanguage":"nl-BE"},{"@type":"Organization","@id":"https:\/\/orthodoxia.be\/#organization","name":"Orthodox Archdiocese of Belgium (Benelux)","url":"https:\/\/orthodoxia.be\/","logo":{"@type":"ImageObject","inLanguage":"nl-BE","@id":"https:\/\/orthodoxia.be\/#\/schema\/logo\/image\/","url":"https:\/\/orthodoxia.be\/wp-content\/uploads\/2024\/02\/cropped-IMB-logo-512-cl-1.png","contentUrl":"https:\/\/orthodoxia.be\/wp-content\/uploads\/2024\/02\/cropped-IMB-logo-512-cl-1.png","width":512,"height":512,"caption":"Orthodox Archdiocese of Belgium (Benelux)"},"image":{"@id":"https:\/\/orthodoxia.be\/#\/schema\/logo\/image\/"},"sameAs":["https:\/\/www.facebook.com\/orthobel","https:\/\/x.com\/orthobel","https:\/\/www.youtube.com\/c\/orthobel","https:\/\/www.mixcloud.com\/orthobel\/","https:\/\/www.flickr.com\/photos\/148264890@N07\/albums","https:\/\/www.dailymotion.com\/Orthobel"]}]}},"_links":{"self":[{"href":"https:\/\/orthodoxia.be\/nl\/wp-json\/wp\/v2\/pages\/8105","targetHints":{"allow":["GET"]}}],"collection":[{"href":"https:\/\/orthodoxia.be\/nl\/wp-json\/wp\/v2\/pages"}],"about":[{"href":"https:\/\/orthodoxia.be\/nl\/wp-json\/wp\/v2\/types\/page"}],"author":[{"embeddable":true,"href":"https:\/\/orthodoxia.be\/nl\/wp-json\/wp\/v2\/users\/2"}],"replies":[{"embeddable":true,"href":"https:\/\/orthodoxia.be\/nl\/wp-json\/wp\/v2\/comments?post=8105"}],"version-history":[{"count":28,"href":"https:\/\/orthodoxia.be\/nl\/wp-json\/wp\/v2\/pages\/8105\/revisions"}],"predecessor-version":[{"id":52888,"href":"https:\/\/orthodoxia.be\/nl\/wp-json\/wp\/v2\/pages\/8105\/revisions\/52888"}],"up":[{"embeddable":true,"href":"https:\/\/orthodoxia.be\/nl\/wp-json\/wp\/v2\/pages\/5645"}],"wp:featuredmedia":[{"embeddable":true,"href":"https:\/\/orthodoxia.be\/nl\/wp-json\/wp\/v2\/media\/47700"}],"wp:attachment":[{"href":"https:\/\/orthodoxia.be\/nl\/wp-json\/wp\/v2\/media?parent=8105"}],"curies":[{"name":"wp","href":"https:\/\/api.w.org\/{rel}","templated":true}]}}