{"id":8109,"date":"2018-01-23T14:55:09","date_gmt":"2018-01-23T13:55:09","guid":{"rendered":"http:\/\/new.orthodoxia.be\/?page_id=8109"},"modified":"2026-02-21T11:06:31","modified_gmt":"2026-02-21T10:06:31","slug":"hierarchie-van-de-troon","status":"publish","type":"page","link":"https:\/\/orthodoxia.be\/nl\/oecumenisch-patriarchaat\/hierarchie-van-de-troon\/","title":{"rendered":"Hi\u00ebrarchie van de Troon"},"content":{"rendered":"<h1 style=\"text-align: center;\"><strong>Hi\u00ebrarchie van de Troon<\/strong><\/h1>\n<h2 style=\"text-align: justify;\"><strong>I. METROPOLIETEN-AARTSBISSCHOPPEN VAN DE TROON<\/strong><\/h2>\n<p style=\"text-align: justify;\">Emmanuel van Chalcedon &#8211; 11.11.1996<br \/>\nApostolos van Derka &#8211; 26.11.1995<br \/>\nDimitrios van de Prinseneilanden &#8211; 04.11.1990<br \/>\nPanteleimon van Bryoula &#8211; 01.01.1971<br \/>\nAugustinos van Duitsland &#8211; 26.03.1972<br \/>\nSotirios van Canada &#8211; 27.01.1974<br \/>\nEzekiel van Derbi &#8211; 20.03.1977<br \/>\nMethodios van Boston &#8211; 18.07.1982<br \/>\nAmbrosios van Karpathos en Kassos &#8211; 24.05.1983<br \/>\nApostolos van Milete &#8211; 03.11.1985<br \/>\nMakarios van Anea &#8211; 03.11.1985<br \/>\nIsaias van Lystra &#8211; 25.05.1986<br \/>\nIosif van Proikonnisos &#8211; 03.12.1989<br \/>\nMeliton van Philadelphia &#8211; 28.10.1990<br \/>\nSerafim van Sevastia &#8211; 31.03.1991<br \/>\nIrineos van Myriofytos en Peristasis &#8211; 21.11.1995<br \/>\nChrysostomos van Myra &#8211; 25.11.1995<br \/>\nNikitas van Thyateira en Groot-Brittanni\u00eb &#8211; 14.12.1996<br \/>\nAthanasios van Kolonia &#8211; 12.04.1997<br \/>\nNikolaos van Detroit &#8211; 03.04.1999<br \/>\nTheodoritos van Laodicea &#8211; 18.03.2000<br \/>\nTheoliptos van Ikonium &#8211; 10.09.2000<br \/>\nMakarios van Gortynis en Arkadia &#8211; 08.10.2000<br \/>\nNikandros van Irinoupolis &#8211; 25.02.2001<br \/>\nTarasios van Rodopolis &#8211; 03.06.2001<br \/>\nAndreas van Arkalochori, Kastelli en Viannos &#8211; 03.11.2001<br \/>\nSavvas van Pittsburg &#8211; 02.02.2002<br \/>\nGerasimos van San Francisco &#8211; 09.02.2002<br \/>\nEvangelos van Sardes &#8211; 10.05.2003<br \/>\nAthenagoras van Belgi\u00eb &#8211; 22.06.2003<br \/>\nKyrillos van Rhodos &#8211; 25.04.2004<br \/>\nHilarion van Winnipeg &#8211; 29.01.2005<br \/>\nPa\u00efsios van Leros, Kalymnos en Astypalaia &#8211; 21.05.2005<br \/>\nEvgenios van Kreta &#8211; 28.05.2005<br \/>\nAmfilochios van Kissamos en Selinos &#8211; 08.10.2005<br \/>\nAmbrosios van \u039aorea &#8211; 05.02.2006<br \/>\nPolykarpos van Itali\u00eb &#8211; 06.05.2007<br \/>\nNektarios van Hongkong Kong &#8211; 20.01.2008<br \/>\nKyrillos van Krini &#8211; 24.02.2008<br \/>\nNathana\u00ebl van Kos en Nisyros &#8211; 08.03.2009<br \/>\nStefanos Kallioupolis en Madytos &#8211; 13.03.2011<br \/>\nElpidoforos van Amerika &#8211; 20.03.2011<br \/>\nKonstantinos van Singapore &#8211; 21.11.2011<br \/>\nArsenios van Oostenrijk &#8211; 30.11.2011<br \/>\nIosif van Buenos Aires &#8211; 19.08.2012<br \/>\nAthenagoras van Kydonia &#8211; 18.11.2012<br \/>\nJob van Pisidia &#8211; 30.11.2013<br \/>\nKleopas van Zweden en geheel Scandinavi\u00eb &#8211; 21.05.2014<br \/>\nMaximos van Sylivria &#8211; 27.07.2014<br \/>\nAmfilochios van Adrianoupolis &#8211; 18.10.2014<br \/>\nApostolos van New Jersey &#8211; 20.12.2014<br \/>\nMakarios van Australi\u00eb &#8211; 16.05.2015<br \/>\nGerasimos van Petra en Chersonissos &#8211; 19.12.2015<br \/>\nBartholomeos van Smyrna &#8211; 11.09.2016<br \/>\nKyrillos van Imvros en Tenedos &#8211; 25.09.2016<br \/>\nKyrillos van Ierapetra en Siteia &#8211; 17.10.2016<br \/>\nChrysostomos van Symi &#8211; 11.02.2018<br \/>\nNathana\u00ebl van Chicago &#8211; 24.03.2018<br \/>\nMyron van Nieuw-Zeeland &#8211; 11.07.2018<br \/>\nMaximos van Zwitserland &#8211; 22.07.2018<br \/>\nProdromos van Rethymnon en Avlopotamon &#8211; 26.10.2019<br \/>\nIakovos van Ierland \u2013 27.07.2020<br \/>\nVissarion van Spanje en Portugal &#8211; 25.01.2021<br \/>\nAndreas van Saranta Ekklisies &#8211; 21.03.2021<br \/>\nIoakim van Prousa &#8211; 25.03.2021<br \/>\nDimitrios van Frankrijk &#8211; 25.07.2021<br \/>\nKonstantinos van Denver &#8211; 15.10.2022<br \/>\nTheodoros van Selevkia &#8211; 25.12.2023<br \/>\nIakovos van Mexico &#8211; 02.02.2024<br \/>\n<span style=\"font-weight: 400;\">Grigorios van Ankara &#8211; 14.12.2025<br \/>\nTitos van Kydonia en Apokoroni &#8211; 08.02.2026<br \/>\nIoakim van Lampis, Syvrita en Sfakia &#8211; 15.02.2026<br \/>\n<\/span><\/p>\n<h2 style=\"text-align: justify;\"><strong>II. METROPOLIETEN VAN DE NIEUWE GEBIEDEN<\/strong><\/h2>\n<p style=\"text-align: justify;\"><em>Het beheer van deze Eparchi\u00ebn van de Oecumenische Troon werd collegiaal toevertrouwd aan de Kerk van Griekenland door de Patriarchale en Synodale Acte van 4 september 1928.<\/em><\/p>\n<p style=\"text-align: justify;\">Chrysostomos van Mithymna &#8211; 06.05.1984<br \/>\nIakovos van Mytilene &#8211; 20.11.1988<br \/>\nDimitrios van Goumenissa, Axioupolis en Polykastron &#8211; 10.15.1989<br \/>\nPanteleimon van Veria, Naoussa en Kampania &#8211; 29.05.1994<br \/>\nDamaskinos van Didymotichos, Orestias en Soufli &#8211; 27.01.1995<br \/>\nPanteleimon van Xanthi &#8211; 01.29.1995<br \/>\nEvsevios van Samos en Ikaria &#8211; 22.07.1995<br \/>\nNikodemos van Cassandria &#8211; 01.13.2001<br \/>\nTheologos van Serres et van Nigrita &#8211; 14.10.2001<br \/>\nMakarios Sidirokastron &#8211; 12.16.2001<br \/>\nJo\u00ebl van Edessa en van Pella &#8211; 10.15.2002<br \/>\nHi\u00ebrotheos van Zichni en Nevrokopion &#8211; 17.05.2003<br \/>\nChrysostomos van Eleftheroupolis &#8211; 28.04.2004<br \/>\nPavlos van Servia en Kozani &#8211; 29.04.2004<br \/>\nAnthimos van Alexandroupolis &#8211; 09.10.2004<br \/>\nBarnabas van Neapolis en Stavroupolis &#8211; 10.10.2004<br \/>\nMarkos van Chios &#8211; 08.10.2011<br \/>\nChrysostomos van Nikopolis en Preveza &#8211; 06.10.2012<br \/>\nTheoklitos van Ierissos, de berg Athos en Ardamerion &#8211; 07.10.2012<br \/>\nPanteleimon van Maronia en Komotini &#8211; 02.24.2013<br \/>\nGeorges van Kitros &#8211; 01.03.2014<br \/>\nMaximos van Ioannina &#8211; 28.06.2014<br \/>\nChariton van Elasson &#8211; 29.06.2014<br \/>\nDavid van Grevena &#8211; 12.10.2014<br \/>\nIoustinos van Nea Krini en Kalamaria &#8211; 26.05.2015<br \/>\nStefanos van Philippi, Neapolis en Thassos &#8211; 08.10.2017<br \/>\nAthanasios van Sissanion en Siatista &#8211; 23.03.2019<br \/>\nFilotheos van Thessaloniki &#8211; 11.10.2019<br \/>\nHi\u00ebrotheos van Limnos en Saint Efstratios &#8211; 14.10.2019<br \/>\nPlaton van Langada, Liti en Rentina &#8211; 09.10.2021<br \/>\nKallinikos van Kastoria &#8211; 10.10.2021<br \/>\nBartholomeos van Polyani en Kilkis &#8211; 16.10.2021<br \/>\nDorotheos van Drama &#8211; 16.10.2022<br \/>\nSerapion van Paramythia, Filiates en Giromerion &#8211; 21.10.2023<br \/>\nIrineos van Florina, Prespa- en Eordaia-meren &#8211; 22.10.2023<br \/>\n<span style=\"font-weight: 400;\">Alexios van Dry\u00efnoupolis, Pogoniani en Konitsa &#8211; 04.11.2025<\/span><\/p>\n<h2 style=\"text-align: justify;\"><strong>III. Titulaire Metropolieten &#8211; Aartsbisschoppen van de Troon<\/strong><\/h2>\n<p style=\"text-align: justify;\">Metropoliet Antony van Hierapolis &#8211; 06.10.1985<br \/>\nAartsbisschop Jeremias van Aspendos &#8211; 19.09.1993<br \/>\nAartsbisschop Daniel van Pamphilon &#8211; 10.05.2008<\/p>\n<h2 style=\"text-align: justify;\"><strong>IV. Diocesane Bisschoppen van de Troon<\/strong><\/h2>\n<p>Evmenios van Levka &#8211; 15.01.1994<br \/>\nBartholomeos van Arianze &#8211; 10.06.2004<\/p>\n<h2 style=\"text-align: justify;\"><strong>V. Hulpbisschoppen van de Troon<\/strong><\/h2>\n<p>Evmenios van Levka &#8211; 15.01.1994<br \/>\nBartholomeos van Arianze &#8211; 10.06.2004<br \/>\nAndreas van Toronto &#8211; 13.12.2005<br \/>\nIakovos van Militoupolis &#8211; 11.01.2011<br \/>\nSebastianos van Zila &#8211; 17.12.2011<br \/>\nGregorios van Nyssa &#8211; 28.09.2012<br \/>\nNikiforos van Amorion &#8211; 2014\/02\/02<br \/>\nIrineos van de Rhegion &#8211; 08.02.2015<br \/>\nAdrianos van Alikarnassos &#8211; 26.07.2015<br \/>\nStefanos van Stratonikia &#8211; 27.12.2016<br \/>\nHierotheos van Evkarpia &#8211; 05.03.2017<br \/>\nKyrillos van Olympus &#8211; 30.08.2017<br \/>\nKassianos van Aravissos &#8211; 21.01.2018<br \/>\nPaisios van Apamia &#8211; 20.10.2018<br \/>\nMaximos van Melitini &#8211; 10.11.2018<br \/>\nAmbrosios van Evdokia &#8211; 21.07.2019<br \/>\nBenjamin van Tralles &#8211; 03.11.2019<br \/>\nIreneos van Evmenia &#8211; 08.12.2019<br \/>\nDamaskinos van Dorileos &#8211; 15.12.2019<br \/>\nIoakim van Amissos &#8211; 22.12.2019<br \/>\nEmilianos van Melois &#8211; 25.12.2019<br \/>\nElpidios van Kyaneon &#8211; 18.01.2020<br \/>\nSilouan van Sinope &#8211; 19.01.2020<br \/>\nIoakim van Apollonia &#8211; 26.01.2020<br \/>\nEmmanuel van Christoupolis \u2013 07.11.2020<br \/>\nSmaragdos van Dafnousia \u2013 19.07.2020<br \/>\nAthenagoras van Patara \u2013 26.07.2020<br \/>\nAthenagoras van Myrini \u2013 25.10.2020<br \/>\nMichael van Komana \u2013 08.11.2020<br \/>\nTimotheos van Assos \u2013 08.11.2020<br \/>\nSpyridon van Amastris \u2013 14.11.2020<br \/>\nTimotheos van Hexamilion \u2013 12.05.2020<br \/>\nHisychios van Markiani \u2013 12.06.2020<br \/>\nIoannis van Fokea \u2013 19.12.2020<br \/>\nRafa\u00ebl van Ilion \u2013 09.03.2021<br \/>\nIakovos van Claudiopolis &#8211; 21.03.2021<br \/>\nAthenagoras van Nazianze &#8211; 05.06.2021<br \/>\nAmbrosios van Argyropolis &#8211; 03.07.2021<br \/>\nKyriakos van Sozopolis &#8211; 13.11.2021<br \/>\nChristodoulos van Magnesia &#8211; 14.11.2021<br \/>\nEvmenios van Kerasounta &#8211; 20.11.2021<br \/>\nBartholomeos van Chariopolis &#8211; 21.11.2021<br \/>\nGregorios van Abydos &#8211; 20.03.2022<br \/>\nPa\u00efsios van Xanthopolis &#8211; 03.07.2022<br \/>\nGeorgios van Krateia &#8211; 04.12.2022<br \/>\nDionysios van Kotyaios &#8211; 06.12.2022<br \/>\nAthenagoras van Thermai &#8211; 08.12.2022<br \/>\nTheofanis van Philomilion &#8211; 25.07.2023<br \/>\nNektarios van Diokleia &#8211; 2024<br \/>\nAntonios van Synada &#8211; 2024<\/p>\n<h2 style=\"text-align: justify;\"><strong>V. HI\u00cbRARCHEN VAN DE TROON OP RUST<\/strong><\/h2>\n<p style=\"text-align: justify;\">Dimitrios, Aartsbisschop emeritus van Amerika (New York) &#8211; 17.09.1967<br \/>\nAthanasios, Metropoliet emeritus van Chalcedon &#8211; 24.09.1972<br \/>\nAnthimos, Metropoliet emeritus van Thessaloniki &#8211; 14.07.1974<br \/>\nTitos, Metropoliet emeritus van Paramythia, Filiates en Giromerion &#8211; 07.17.1974<br \/>\nIrineos, Aartsbisschop emeritus van Kreta (Heraklion) &#8211; 23.02.1975<br \/>\nAgathonikos, Metropoliet emeritus van Kitron (Katerini) &#8211; 24.11.1985<br \/>\nSpyridon, Metropoliet emeritus van Chaldia (Lisbon, USA) &#8211; 24.11.1985<br \/>\nAlexios, Metropoliet emeritus van Atlanta &#8211; 17.05.1987<br \/>\nYouri, Metropoliet emeritus van Winnipeg &#8211; 22.10.1989<br \/>\nIrineos, Metropoliet emeritus van <span style=\"font-weight: 400;\">Lampis, Syvrita en Sfakia<\/span> &#8211; 14.02.1990<br \/>\nTheoklitos, Metropoliet emeritus van Florina, Prespa- en Eordaia-meren &#8211; 01.23.2000<br \/>\nAmfilochios van Ganos en Chora &#8211; 09.07.2005<br \/>\nPaul, Bisschop van Tracheia (Frankrijk) &#8211; 02.06.1991<br \/>\nIoannis, Bisschop van Parnassos (Genk) &#8211; 27.10.1991<br \/>\nAntonios, Bisschop van Fasiani &#8211; 23.02.2002<br \/>\nDimitrios, Bisschop van Mokissos &#8211; 09.12.2006<br \/>\nVsevolod, Bisschop van Skopelos &#8211; 09.09.2012<br \/>\nPetros, Bisschop van Troas (Patras) &#8211; 08.11.2015<br \/>\nBartholomeos, Bisschop van Keramon \u2013 25.07.2020<\/p>\n","protected":false},"excerpt":{"rendered":"<p>Hi\u00ebrarchie van de Troon I. METROPOLIETEN-AARTSBISSCHOPPEN VAN DE TROON Emmanuel van Chalcedon &#8211; 11.11.1996 Apostolos van Derka &#8211; 26.11.1995 Dimitrios van de Prinseneilanden &#8211; 04.11.1990 Panteleimon van Bryoula &#8211; 01.01.1971 Augustinos van Duitsland &#8211; 26.03.1972 Sotirios van Canada &#8211; 27.01.1974 Ezekiel van Derbi &#8211; 20.03.1977 Methodios van Boston &#8211; 18.07.1982 Ambrosios van Karpathos en Kassos &hellip; <a href=\"https:\/\/orthodoxia.be\/nl\/oecumenisch-patriarchaat\/hierarchie-van-de-troon\/\">Continued<\/a><\/p>\n","protected":false},"author":2,"featured_media":46899,"parent":5645,"menu_order":3,"comment_status":"closed","ping_status":"closed","template":"","meta":{"_acf_changed":false,"footnotes":""},"class_list":["post-8109","page","type-page","status-publish","has-post-thumbnail","hentry"],"acf":[],"yoast_head":"<!-- This site is optimized with the Yoast SEO plugin v24.3 - https:\/\/yoast.com\/wordpress\/plugins\/seo\/ -->\n<title>Hi\u00ebrarchie van de Troon - Orthodox Aartsbisdom van Belgi\u00eb<\/title>\n<meta name=\"robots\" content=\"index, follow, max-snippet:-1, max-image-preview:large, max-video-preview:-1\" \/>\n<link rel=\"canonical\" href=\"https:\/\/orthodoxia.be\/nl\/oecumenisch-patriarchaat\/hierarchie-van-de-troon\/\" \/>\n<meta property=\"og:locale\" content=\"nl_BE\" \/>\n<meta property=\"og:type\" content=\"article\" \/>\n<meta property=\"og:title\" content=\"Hi\u00ebrarchie van de Troon - Orthodox Aartsbisdom van Belgi\u00eb\" \/>\n<meta property=\"og:description\" content=\"Hi\u00ebrarchie van de Troon I. METROPOLIETEN-AARTSBISSCHOPPEN VAN DE TROON Emmanuel van Chalcedon &#8211; 11.11.1996 Apostolos van Derka &#8211; 26.11.1995 Dimitrios van de Prinseneilanden &#8211; 04.11.1990 Panteleimon van Bryoula &#8211; 01.01.1971 Augustinos van Duitsland &#8211; 26.03.1972 Sotirios van Canada &#8211; 27.01.1974 Ezekiel van Derbi &#8211; 20.03.1977 Methodios van Boston &#8211; 18.07.1982 Ambrosios van Karpathos en Kassos &hellip; Continued\" \/>\n<meta property=\"og:url\" content=\"https:\/\/orthodoxia.be\/nl\/oecumenisch-patriarchaat\/hierarchie-van-de-troon\/\" \/>\n<meta property=\"og:site_name\" content=\"Orthodox Aartsbisdom van Belgi\u00eb\" \/>\n<meta property=\"article:publisher\" content=\"https:\/\/www.facebook.com\/orthobel\" \/>\n<meta property=\"article:modified_time\" content=\"2026-02-21T10:06:31+00:00\" \/>\n<meta property=\"og:image\" content=\"https:\/\/orthodoxia.be\/wp-content\/uploads\/2024\/11\/457879037_819761643695914_4870846566661077781_n-696x464-1.jpeg\" \/>\n\t<meta property=\"og:image:width\" content=\"696\" \/>\n\t<meta property=\"og:image:height\" content=\"464\" \/>\n\t<meta property=\"og:image:type\" content=\"image\/jpeg\" \/>\n<meta name=\"twitter:card\" content=\"summary_large_image\" \/>\n<meta name=\"twitter:site\" content=\"@orthobel\" \/>\n<meta name=\"twitter:label1\" content=\"Geschatte leestijd\" \/>\n\t<meta name=\"twitter:data1\" content=\"6 minuten\" \/>\n<script type=\"application\/ld+json\" class=\"yoast-schema-graph\">{\"@context\":\"https:\/\/schema.org\",\"@graph\":[{\"@type\":\"WebPage\",\"@id\":\"https:\/\/orthodoxia.be\/nl\/oecumenisch-patriarchaat\/hierarchie-van-de-troon\/\",\"url\":\"https:\/\/orthodoxia.be\/nl\/oecumenisch-patriarchaat\/hierarchie-van-de-troon\/\",\"name\":\"Hi\u00ebrarchie van de Troon - Orthodox Aartsbisdom van Belgi\u00eb\",\"isPartOf\":{\"@id\":\"https:\/\/orthodoxia.be\/#website\"},\"primaryImageOfPage\":{\"@id\":\"https:\/\/orthodoxia.be\/nl\/oecumenisch-patriarchaat\/hierarchie-van-de-troon\/#primaryimage\"},\"image\":{\"@id\":\"https:\/\/orthodoxia.be\/nl\/oecumenisch-patriarchaat\/hierarchie-van-de-troon\/#primaryimage\"},\"thumbnailUrl\":\"https:\/\/orthodoxia.be\/wp-content\/uploads\/2024\/11\/457879037_819761643695914_4870846566661077781_n-696x464-1.jpeg\",\"datePublished\":\"2018-01-23T13:55:09+00:00\",\"dateModified\":\"2026-02-21T10:06:31+00:00\",\"breadcrumb\":{\"@id\":\"https:\/\/orthodoxia.be\/nl\/oecumenisch-patriarchaat\/hierarchie-van-de-troon\/#breadcrumb\"},\"inLanguage\":\"nl-BE\",\"potentialAction\":[{\"@type\":\"ReadAction\",\"target\":[\"https:\/\/orthodoxia.be\/nl\/oecumenisch-patriarchaat\/hierarchie-van-de-troon\/\"]}]},{\"@type\":\"ImageObject\",\"inLanguage\":\"nl-BE\",\"@id\":\"https:\/\/orthodoxia.be\/nl\/oecumenisch-patriarchaat\/hierarchie-van-de-troon\/#primaryimage\",\"url\":\"https:\/\/orthodoxia.be\/wp-content\/uploads\/2024\/11\/457879037_819761643695914_4870846566661077781_n-696x464-1.jpeg\",\"contentUrl\":\"https:\/\/orthodoxia.be\/wp-content\/uploads\/2024\/11\/457879037_819761643695914_4870846566661077781_n-696x464-1.jpeg\",\"width\":696,\"height\":464},{\"@type\":\"BreadcrumbList\",\"@id\":\"https:\/\/orthodoxia.be\/nl\/oecumenisch-patriarchaat\/hierarchie-van-de-troon\/#breadcrumb\",\"itemListElement\":[{\"@type\":\"ListItem\",\"position\":1,\"name\":\"Home\",\"item\":\"https:\/\/orthodoxia.be\/nl\/\"},{\"@type\":\"ListItem\",\"position\":2,\"name\":\"Oecumenisch Patriarchaat\",\"item\":\"https:\/\/orthodoxia.be\/nl\/oecumenisch-patriarchaat\/\"},{\"@type\":\"ListItem\",\"position\":3,\"name\":\"Hi\u00ebrarchie van de Troon\"}]},{\"@type\":\"WebSite\",\"@id\":\"https:\/\/orthodoxia.be\/#website\",\"url\":\"https:\/\/orthodoxia.be\/\",\"name\":\"Orthodox Archdiocese of Belgium (Benelux)\",\"description\":\"Exarch of the Nederland en Luxemburg\",\"publisher\":{\"@id\":\"https:\/\/orthodoxia.be\/#organization\"},\"alternateName\":\"IMB\",\"potentialAction\":[{\"@type\":\"SearchAction\",\"target\":{\"@type\":\"EntryPoint\",\"urlTemplate\":\"https:\/\/orthodoxia.be\/?s={search_term_string}\"},\"query-input\":{\"@type\":\"PropertyValueSpecification\",\"valueRequired\":true,\"valueName\":\"search_term_string\"}}],\"inLanguage\":\"nl-BE\"},{\"@type\":\"Organization\",\"@id\":\"https:\/\/orthodoxia.be\/#organization\",\"name\":\"Orthodox Archdiocese of Belgium (Benelux)\",\"url\":\"https:\/\/orthodoxia.be\/\",\"logo\":{\"@type\":\"ImageObject\",\"inLanguage\":\"nl-BE\",\"@id\":\"https:\/\/orthodoxia.be\/#\/schema\/logo\/image\/\",\"url\":\"https:\/\/orthodoxia.be\/wp-content\/uploads\/2024\/02\/cropped-IMB-logo-512-cl-1.png\",\"contentUrl\":\"https:\/\/orthodoxia.be\/wp-content\/uploads\/2024\/02\/cropped-IMB-logo-512-cl-1.png\",\"width\":512,\"height\":512,\"caption\":\"Orthodox Archdiocese of Belgium (Benelux)\"},\"image\":{\"@id\":\"https:\/\/orthodoxia.be\/#\/schema\/logo\/image\/\"},\"sameAs\":[\"https:\/\/www.facebook.com\/orthobel\",\"https:\/\/x.com\/orthobel\",\"https:\/\/www.youtube.com\/c\/orthobel\",\"https:\/\/www.mixcloud.com\/orthobel\/\",\"https:\/\/www.flickr.com\/photos\/148264890@N07\/albums\",\"https:\/\/www.dailymotion.com\/Orthobel\"]}]}<\/script>\n<!-- \/ Yoast SEO plugin. -->","yoast_head_json":{"title":"Hi\u00ebrarchie van de Troon - Orthodox Aartsbisdom van Belgi\u00eb","robots":{"index":"index","follow":"follow","max-snippet":"max-snippet:-1","max-image-preview":"max-image-preview:large","max-video-preview":"max-video-preview:-1"},"canonical":"https:\/\/orthodoxia.be\/nl\/oecumenisch-patriarchaat\/hierarchie-van-de-troon\/","og_locale":"nl_BE","og_type":"article","og_title":"Hi\u00ebrarchie van de Troon - Orthodox Aartsbisdom van Belgi\u00eb","og_description":"Hi\u00ebrarchie van de Troon I. METROPOLIETEN-AARTSBISSCHOPPEN VAN DE TROON Emmanuel van Chalcedon &#8211; 11.11.1996 Apostolos van Derka &#8211; 26.11.1995 Dimitrios van de Prinseneilanden &#8211; 04.11.1990 Panteleimon van Bryoula &#8211; 01.01.1971 Augustinos van Duitsland &#8211; 26.03.1972 Sotirios van Canada &#8211; 27.01.1974 Ezekiel van Derbi &#8211; 20.03.1977 Methodios van Boston &#8211; 18.07.1982 Ambrosios van Karpathos en Kassos &hellip; Continued","og_url":"https:\/\/orthodoxia.be\/nl\/oecumenisch-patriarchaat\/hierarchie-van-de-troon\/","og_site_name":"Orthodox Aartsbisdom van Belgi\u00eb","article_publisher":"https:\/\/www.facebook.com\/orthobel","article_modified_time":"2026-02-21T10:06:31+00:00","og_image":[{"width":696,"height":464,"url":"https:\/\/orthodoxia.be\/wp-content\/uploads\/2024\/11\/457879037_819761643695914_4870846566661077781_n-696x464-1.jpeg","type":"image\/jpeg"}],"twitter_card":"summary_large_image","twitter_site":"@orthobel","twitter_misc":{"Geschatte leestijd":"6 minuten"},"schema":{"@context":"https:\/\/schema.org","@graph":[{"@type":"WebPage","@id":"https:\/\/orthodoxia.be\/nl\/oecumenisch-patriarchaat\/hierarchie-van-de-troon\/","url":"https:\/\/orthodoxia.be\/nl\/oecumenisch-patriarchaat\/hierarchie-van-de-troon\/","name":"Hi\u00ebrarchie van de Troon - Orthodox Aartsbisdom van Belgi\u00eb","isPartOf":{"@id":"https:\/\/orthodoxia.be\/#website"},"primaryImageOfPage":{"@id":"https:\/\/orthodoxia.be\/nl\/oecumenisch-patriarchaat\/hierarchie-van-de-troon\/#primaryimage"},"image":{"@id":"https:\/\/orthodoxia.be\/nl\/oecumenisch-patriarchaat\/hierarchie-van-de-troon\/#primaryimage"},"thumbnailUrl":"https:\/\/orthodoxia.be\/wp-content\/uploads\/2024\/11\/457879037_819761643695914_4870846566661077781_n-696x464-1.jpeg","datePublished":"2018-01-23T13:55:09+00:00","dateModified":"2026-02-21T10:06:31+00:00","breadcrumb":{"@id":"https:\/\/orthodoxia.be\/nl\/oecumenisch-patriarchaat\/hierarchie-van-de-troon\/#breadcrumb"},"inLanguage":"nl-BE","potentialAction":[{"@type":"ReadAction","target":["https:\/\/orthodoxia.be\/nl\/oecumenisch-patriarchaat\/hierarchie-van-de-troon\/"]}]},{"@type":"ImageObject","inLanguage":"nl-BE","@id":"https:\/\/orthodoxia.be\/nl\/oecumenisch-patriarchaat\/hierarchie-van-de-troon\/#primaryimage","url":"https:\/\/orthodoxia.be\/wp-content\/uploads\/2024\/11\/457879037_819761643695914_4870846566661077781_n-696x464-1.jpeg","contentUrl":"https:\/\/orthodoxia.be\/wp-content\/uploads\/2024\/11\/457879037_819761643695914_4870846566661077781_n-696x464-1.jpeg","width":696,"height":464},{"@type":"BreadcrumbList","@id":"https:\/\/orthodoxia.be\/nl\/oecumenisch-patriarchaat\/hierarchie-van-de-troon\/#breadcrumb","itemListElement":[{"@type":"ListItem","position":1,"name":"Home","item":"https:\/\/orthodoxia.be\/nl\/"},{"@type":"ListItem","position":2,"name":"Oecumenisch Patriarchaat","item":"https:\/\/orthodoxia.be\/nl\/oecumenisch-patriarchaat\/"},{"@type":"ListItem","position":3,"name":"Hi\u00ebrarchie van de Troon"}]},{"@type":"WebSite","@id":"https:\/\/orthodoxia.be\/#website","url":"https:\/\/orthodoxia.be\/","name":"Orthodox Archdiocese of Belgium (Benelux)","description":"Exarch of the Nederland en Luxemburg","publisher":{"@id":"https:\/\/orthodoxia.be\/#organization"},"alternateName":"IMB","potentialAction":[{"@type":"SearchAction","target":{"@type":"EntryPoint","urlTemplate":"https:\/\/orthodoxia.be\/?s={search_term_string}"},"query-input":{"@type":"PropertyValueSpecification","valueRequired":true,"valueName":"search_term_string"}}],"inLanguage":"nl-BE"},{"@type":"Organization","@id":"https:\/\/orthodoxia.be\/#organization","name":"Orthodox Archdiocese of Belgium (Benelux)","url":"https:\/\/orthodoxia.be\/","logo":{"@type":"ImageObject","inLanguage":"nl-BE","@id":"https:\/\/orthodoxia.be\/#\/schema\/logo\/image\/","url":"https:\/\/orthodoxia.be\/wp-content\/uploads\/2024\/02\/cropped-IMB-logo-512-cl-1.png","contentUrl":"https:\/\/orthodoxia.be\/wp-content\/uploads\/2024\/02\/cropped-IMB-logo-512-cl-1.png","width":512,"height":512,"caption":"Orthodox Archdiocese of Belgium (Benelux)"},"image":{"@id":"https:\/\/orthodoxia.be\/#\/schema\/logo\/image\/"},"sameAs":["https:\/\/www.facebook.com\/orthobel","https:\/\/x.com\/orthobel","https:\/\/www.youtube.com\/c\/orthobel","https:\/\/www.mixcloud.com\/orthobel\/","https:\/\/www.flickr.com\/photos\/148264890@N07\/albums","https:\/\/www.dailymotion.com\/Orthobel"]}]}},"_links":{"self":[{"href":"https:\/\/orthodoxia.be\/nl\/wp-json\/wp\/v2\/pages\/8109","targetHints":{"allow":["GET"]}}],"collection":[{"href":"https:\/\/orthodoxia.be\/nl\/wp-json\/wp\/v2\/pages"}],"about":[{"href":"https:\/\/orthodoxia.be\/nl\/wp-json\/wp\/v2\/types\/page"}],"author":[{"embeddable":true,"href":"https:\/\/orthodoxia.be\/nl\/wp-json\/wp\/v2\/users\/2"}],"replies":[{"embeddable":true,"href":"https:\/\/orthodoxia.be\/nl\/wp-json\/wp\/v2\/comments?post=8109"}],"version-history":[{"count":94,"href":"https:\/\/orthodoxia.be\/nl\/wp-json\/wp\/v2\/pages\/8109\/revisions"}],"predecessor-version":[{"id":52863,"href":"https:\/\/orthodoxia.be\/nl\/wp-json\/wp\/v2\/pages\/8109\/revisions\/52863"}],"up":[{"embeddable":true,"href":"https:\/\/orthodoxia.be\/nl\/wp-json\/wp\/v2\/pages\/5645"}],"wp:featuredmedia":[{"embeddable":true,"href":"https:\/\/orthodoxia.be\/nl\/wp-json\/wp\/v2\/media\/46899"}],"wp:attachment":[{"href":"https:\/\/orthodoxia.be\/nl\/wp-json\/wp\/v2\/media?parent=8109"}],"curies":[{"name":"wp","href":"https:\/\/api.w.org\/{rel}","templated":true}]}}